{"id":5391,"date":"2024-12-16T10:41:18","date_gmt":"2024-12-16T09:41:18","guid":{"rendered":"https:\/\/cunext.com\/sostenibilita\/incentivi\/"},"modified":"2026-04-15T15:04:25","modified_gmt":"2026-04-15T14:04:25","slug":"incentivi","status":"publish","type":"page","link":"https:\/\/cunext.com\/it\/sostenibilita\/incentivi\/","title":{"rendered":"Incentivi"},"content":{"rendered":"\r\n<div class=\"wp-block-columns fullWidthRsc is-layout-flex wp-container-core-columns-is-layout-28f84493 wp-block-columns-is-layout-flex\">\r\n<div class=\"wp-block-column fullWidthRsc is-layout-flow wp-block-column-is-layout-flow\" style=\"flex-basis:1100px\">\r\n<h2 class=\"wp-block-heading\">INCENTIVI GOVERNATIVI<\/h2>\r\n\r\n\r\n\r\n<p>Noi di Cunext siamo orgogliosi di avere il sostegno del governo attraverso vari incentivi e sovvenzioni che ci permettono di continuare a crescere e a offrire servizi di qualit\u00e0. Questi aiuti ci aiutano a innovare e a migliorare le nostre infrastrutture, contribuendo cos\u00ec allo sviluppo economico e sociale della nostra comunit\u00e0.  <\/p>\r\n\r\n\r\n\r\n<p>Di seguito potete vedere gli ultimi incentivi ricevuti:<\/p>\r\n<\/div>\r\n<\/div>\r\n\r\n\r\n\r\n<div class=\"wp-block-columns is-layout-flex wp-container-core-columns-is-layout-28f84493 wp-block-columns-is-layout-flex\">\r\n<div class=\"wp-block-column is-layout-flow wp-block-column-is-layout-flow\"><div class=\"wp-block-image is-resized\">\r\n<figure class=\"aligncenter size-full\"><a href=\"https:\/\/cunext.com\/wp-content\/uploads\/2024\/10\/Instalacion-Linea-Tandem.pdf\" target=\"_blank\" rel=\" noreferrer noopener\"><img loading=\"lazy\" decoding=\"async\" width=\"400\" height=\"400\" src=\"https:\/\/cunext.com\/wp-content\/uploads\/2024\/12\/Cunext-Group_Linea-Tandem.png\" alt=\"\" class=\"wp-image-5356\" style=\"width:300px\" title=\"Linea Tandem\" srcset=\"https:\/\/cunext.com\/wp-content\/uploads\/2024\/12\/Cunext-Group_Linea-Tandem.png 400w, https:\/\/cunext.com\/wp-content\/uploads\/2024\/12\/Cunext-Group_Linea-Tandem-300x300.png 300w, https:\/\/cunext.com\/wp-content\/uploads\/2024\/12\/Cunext-Group_Linea-Tandem-150x150.png 150w\" sizes=\"auto, (max-width: 400px) 100vw, 400px\" \/><\/a><\/figure><\/div>\r\n\r\n\r\n<p class=\"has-text-align-center\">Incentivo all&#8217;efficienza energetica<\/p>\r\n<\/div>\r\n\r\n\r\n\r\n<div class=\"wp-block-column is-layout-flow wp-block-column-is-layout-flow\"><div class=\"wp-block-image is-resized\">\r\n<figure class=\"aligncenter size-full\"><a href=\"https:\/\/cunext.com\/wp-content\/uploads\/2024\/12\/Sustitucion-de-cubiertas-e-instalacion-de-placas-solares.pdf\" target=\"_blank\" rel=\" noreferrer noopener\"><img loading=\"lazy\" decoding=\"async\" width=\"400\" height=\"400\" src=\"https:\/\/cunext.com\/wp-content\/uploads\/2024\/12\/Cunext-Group_Placas-Solares-2.png\" alt=\"\" class=\"wp-image-5463\" style=\"width:300px\" title=\"Linea Tandem\" srcset=\"https:\/\/cunext.com\/wp-content\/uploads\/2024\/12\/Cunext-Group_Placas-Solares-2.png 400w, https:\/\/cunext.com\/wp-content\/uploads\/2024\/12\/Cunext-Group_Placas-Solares-2-300x300.png 300w, https:\/\/cunext.com\/wp-content\/uploads\/2024\/12\/Cunext-Group_Placas-Solares-2-150x150.png 150w\" sizes=\"auto, (max-width: 400px) 100vw, 400px\" \/><\/a><\/figure><\/div>\r\n\r\n\r\n<p class=\"has-text-align-center\">Sostituzione di tetti fotovoltaici<\/p>\r\n<\/div>\r\n\r\n\r\n\r\n<div class=\"wp-block-column is-layout-flow wp-block-column-is-layout-flow\"><div class=\"wp-block-image is-resized\">\r\n<figure class=\"aligncenter size-full\"><a href=\"https:\/\/cunext.com\/wp-content\/uploads\/2025\/01\/CARTEL-WIRE4ICE-2023-scaled.jpg\" target=\"_blank\" rel=\" noreferrer noopener\"><img loading=\"lazy\" decoding=\"async\" width=\"400\" height=\"400\" src=\"https:\/\/cunext.com\/wp-content\/uploads\/2025\/01\/Programa-Hazitek.png\" alt=\"\" class=\"wp-image-5488\" style=\"width:300px\" title=\"Linea Tandem\" srcset=\"https:\/\/cunext.com\/wp-content\/uploads\/2025\/01\/Programa-Hazitek.png 400w, https:\/\/cunext.com\/wp-content\/uploads\/2025\/01\/Programa-Hazitek-300x300.png 300w, https:\/\/cunext.com\/wp-content\/uploads\/2025\/01\/Programa-Hazitek-150x150.png 150w\" sizes=\"auto, (max-width: 400px) 100vw, 400px\" \/><\/a><\/figure><\/div>\r\n\r\n\r\n<p class=\"has-text-align-center\">Progetto WIRE4ICE<\/p>\r\n<\/div>\r\n\r\n\r\n\r\n<div class=\"wp-block-column is-layout-flow wp-block-column-is-layout-flow\"><div class=\"wp-block-image is-resized\">\r\n<figure class=\"aligncenter size-full\"><a href=\"https:\/\/cunext.com\/wp-content\/uploads\/2025\/01\/Anexo-III_Cartel_Recuperador-scaled.jpg\" target=\"_blank\" rel=\" noreferrer noopener\"><img loading=\"lazy\" decoding=\"async\" width=\"400\" height=\"400\" src=\"https:\/\/cunext.com\/wp-content\/uploads\/2025\/01\/Incentivos-ECN-Colada.png\" alt=\"\" class=\"wp-image-5509\" style=\"width:300px\" title=\"Linea Tandem\" srcset=\"https:\/\/cunext.com\/wp-content\/uploads\/2025\/01\/Incentivos-ECN-Colada.png 400w, https:\/\/cunext.com\/wp-content\/uploads\/2025\/01\/Incentivos-ECN-Colada-300x300.png 300w, https:\/\/cunext.com\/wp-content\/uploads\/2025\/01\/Incentivos-ECN-Colada-150x150.png 150w\" sizes=\"auto, (max-width: 400px) 100vw, 400px\" \/><\/a><\/figure><\/div>\r\n\r\n\r\n<p class=\"has-text-align-center\">Taglio ACSR M16-5<\/p>\r\n<\/div>\r\n<\/div>\r\n\r\n\r\n\r\n<div class=\"wp-block-columns is-layout-flex wp-container-core-columns-is-layout-28f84493 wp-block-columns-is-layout-flex\">\r\n<div class=\"wp-block-column is-layout-flow wp-block-column-is-layout-flow\"><div class=\"wp-block-image\">\r\n<figure class=\"aligncenter size-full is-resized\"><a href=\"https:\/\/cunext.com\/wp-content\/uploads\/2025\/02\/CARTEL-ALUTREF-2023-scaled.jpg\"><img loading=\"lazy\" decoding=\"async\" width=\"400\" height=\"400\" src=\"https:\/\/cunext.com\/wp-content\/uploads\/2025\/02\/Incentivos-Hazitek.jpg\" alt=\"\" class=\"wp-image-5531\" style=\"width:300px\" srcset=\"https:\/\/cunext.com\/wp-content\/uploads\/2025\/02\/Incentivos-Hazitek.jpg 400w, https:\/\/cunext.com\/wp-content\/uploads\/2025\/02\/Incentivos-Hazitek-300x300.jpg 300w, https:\/\/cunext.com\/wp-content\/uploads\/2025\/02\/Incentivos-Hazitek-150x150.jpg 150w\" sizes=\"auto, (max-width: 400px) 100vw, 400px\" \/><\/a><\/figure><\/div>\r\n\r\n\r\n<p class=\"has-text-align-center has-small-font-size\">Cofinanziamento del progetto da parte del governo basco e del FESR, in relazione al programma Hazitek PROGETTO N\u00ba ZL-2023\/00293-ALUTREF<\/p>\r\n<\/div>\r\n\r\n\r\n\r\n<div class=\"wp-block-column is-layout-flow wp-block-column-is-layout-flow\"><div class=\"wp-block-image\">\r\n<figure class=\"aligncenter size-full is-resized\"><a href=\"https:\/\/cunext.com\/wp-content\/uploads\/2025\/03\/ALUTREF-2024_Hazitek_CARTEL_FEDER-1.pdf\"><img loading=\"lazy\" decoding=\"async\" width=\"400\" height=\"400\" src=\"https:\/\/cunext.com\/wp-content\/uploads\/2025\/03\/Incentivos-Alutref-2024.png\" alt=\"\" class=\"wp-image-5579\" style=\"width:300px\" srcset=\"https:\/\/cunext.com\/wp-content\/uploads\/2025\/03\/Incentivos-Alutref-2024.png 400w, https:\/\/cunext.com\/wp-content\/uploads\/2025\/03\/Incentivos-Alutref-2024-300x300.png 300w, https:\/\/cunext.com\/wp-content\/uploads\/2025\/03\/Incentivos-Alutref-2024-150x150.png 150w\" sizes=\"auto, (max-width: 400px) 100vw, 400px\" \/><\/a><\/figure><\/div>\r\n\r\n\r\n<p class=\"has-text-align-center has-small-font-size\">CO-FINANZIATO DAL GOVERNO BASCO E DALL&#8217;UNIONE EUROPEA ATTRAVERSO IL FONDO EUROPEO DI SVILUPPO REGIONALE 2021-2027 (ERDF)<\/p>\r\n<\/div>\r\n\r\n\r\n\r\n<div class=\"wp-block-column is-layout-flow wp-block-column-is-layout-flow\"><div class=\"wp-block-image\">\r\n<figure class=\"aligncenter size-full is-resized\"><a href=\"https:\/\/cunext.com\/wp-content\/uploads\/2025\/03\/ROAD4E-2024_Hazitek_CARTEL_FEDER-1.pdf\"><img loading=\"lazy\" decoding=\"async\" width=\"400\" height=\"400\" src=\"https:\/\/cunext.com\/wp-content\/uploads\/2025\/03\/Incentivos-ROAD4E-2024.png\" alt=\"\" class=\"wp-image-5574\" style=\"width:300px\" srcset=\"https:\/\/cunext.com\/wp-content\/uploads\/2025\/03\/Incentivos-ROAD4E-2024.png 400w, https:\/\/cunext.com\/wp-content\/uploads\/2025\/03\/Incentivos-ROAD4E-2024-300x300.png 300w, https:\/\/cunext.com\/wp-content\/uploads\/2025\/03\/Incentivos-ROAD4E-2024-150x150.png 150w\" sizes=\"auto, (max-width: 400px) 100vw, 400px\" \/><\/a><\/figure><\/div>\r\n\r\n\r\n<p class=\"has-text-align-center has-small-font-size\">COFINANZIATO DAL GOVERNO BASCO E DALL&#8217;UNIONE EUROPEA ATTRAVERSO IL FONDO EUROPEO DI SVILUPPO REGIONALE 2021-2027 (ERDF)<\/p>\r\n<\/div>\r\n\r\n\r\n\r\n<div class=\"wp-block-column is-layout-flow wp-block-column-is-layout-flow\"><div class=\"wp-block-image\">\r\n<figure class=\"aligncenter size-full is-resized\"><a href=\"https:\/\/cunext.com\/wp-content\/uploads\/2025\/07\/Cunext-Green-Cooper.pdf\" target=\"_blank\" rel=\" noreferrer noopener\"><img loading=\"lazy\" decoding=\"async\" width=\"400\" height=\"400\" src=\"https:\/\/cunext.com\/wp-content\/uploads\/2025\/07\/image-2.png\" alt=\"\" class=\"wp-image-5663\" style=\"width:300px\" srcset=\"https:\/\/cunext.com\/wp-content\/uploads\/2025\/07\/image-2.png 400w, https:\/\/cunext.com\/wp-content\/uploads\/2025\/07\/image-2-300x300.png 300w, https:\/\/cunext.com\/wp-content\/uploads\/2025\/07\/image-2-150x150.png 150w\" sizes=\"auto, (max-width: 400px) 100vw, 400px\" \/><\/a><\/figure><\/div>\r\n\r\n\r\n<p class=\"has-text-align-center has-small-font-size\">RAME VERDE<\/p>\r\n<\/div>\r\n<\/div>\r\n\r\n\r\n\r\n<div class=\"wp-block-columns is-layout-flex wp-container-core-columns-is-layout-28f84493 wp-block-columns-is-layout-flex\">\r\n<div class=\"wp-block-column is-layout-flow wp-block-column-is-layout-flow\">\r\n<p class=\"has-text-align-center\">\u00a0<\/p>\r\n<figure class=\"wp-block-image aligncenter size-full is-resized\"><a href=\"https:\/\/cunext.com\/wp-content\/uploads\/2026\/02\/Cunext_MOVES_III.pdf\" target=\"_blank\" rel=\"noreferrer noopener\"><img decoding=\"async\" class=\"wp-image-5527\" style=\"width: 300px;\" src=\"https:\/\/cunext.com\/wp-content\/uploads\/2026\/02\/card_cunext_Moves.png\" alt=\"\" \/><\/a><\/figure>\r\n\r\n\r\n\r\n<p class=\"has-text-align-center has-small-font-size\">MOVES III ANDALUC\u00cdA \u2013 Punto di ricarica<\/p>\r\n<\/div>\r\n\r\n\r\n\r\n<div class=\"wp-block-column is-layout-flow wp-block-column-is-layout-flow\">\r\n<p class=\"has-text-align-center\">\u00a0<\/p>\r\n<figure class=\"wp-block-image aligncenter size-full is-resized\"><a href=\"https:\/\/cunext.com\/wp-content\/uploads\/2026\/04\/ROAD4E-2025_Hazitek_CARTEL_FEDER.pdf\" target=\"_blank\" rel=\"noreferrer noopener\"><img decoding=\"async\" class=\"wp-image-5527\" style=\"width: 300px;\" src=\"https:\/\/cunext.com\/wp-content\/uploads\/2026\/04\/card-Incentivos-\u2013-ROAD4E-2025.png\" alt=\"\" \/><\/a><\/figure>\r\n\r\n\r\n\r\n<p class=\"has-text-align-center has-small-font-size\">CO-FINANZIATO DAL GOVERNO BASCO E DALL\u2019UNIONE EUROPEA ATTRAVERSO IL FONDO EUROPEO DI SVILUPPO REGIONALE 2021-2027 (ERDF)<\/p>\r\n<\/div>\r\n\r\n\r\n\r\n<div class=\"wp-block-column is-layout-flow wp-block-column-is-layout-flow\"><\/div>\r\n\r\n\r\n\r\n<div class=\"wp-block-column is-layout-flow wp-block-column-is-layout-flow\"><\/div>\r\n<\/div>\r\n\r\n<p>&nbsp;<\/p>","protected":false},"excerpt":{"rendered":"<p>INCENTIVI GOVERNATIVI Noi di Cunext siamo orgogliosi di avere il sostegno del governo attraverso vari incentivi e sovvenzioni che ci permettono di continuare a crescere&#8230;<\/p>\n","protected":false},"author":12,"featured_media":3390,"parent":1444,"menu_order":0,"comment_status":"closed","ping_status":"closed","template":"","meta":{"_acf_changed":false,"footnotes":""},"class_list":["post-5391","page","type-page","status-publish","has-post-thumbnail","hentry"],"acf":[],"yoast_head":"<!-- This site is optimized with the Yoast SEO plugin v27.5 - https:\/\/yoast.com\/product\/yoast-seo-wordpress\/ -->\n<title>Incentivi - Cunext<\/title>\n<meta name=\"description\" content=\"CUNEXT GROUP se especializa en la transformaci\u00f3n de cobre y aluminio de la m\u00e1s alta calidad, siempre centrados en la innovaci\u00f3n continua y el desarrollo.\" \/>\n<meta name=\"robots\" content=\"index, follow, max-snippet:-1, max-image-preview:large, max-video-preview:-1\" \/>\n<link rel=\"canonical\" href=\"https:\/\/cunext.com\/it\/sostenibilita\/incentivi\/\" \/>\n<meta property=\"og:locale\" content=\"it_IT\" \/>\n<meta property=\"og:type\" content=\"article\" \/>\n<meta property=\"og:title\" content=\"Incentivi - Cunext\" \/>\n<meta property=\"og:description\" content=\"CUNEXT GROUP se especializa en la transformaci\u00f3n de cobre y aluminio de la m\u00e1s alta calidad, siempre centrados en la innovaci\u00f3n continua y el desarrollo.\" \/>\n<meta property=\"og:url\" content=\"https:\/\/cunext.com\/it\/sostenibilita\/incentivi\/\" \/>\n<meta property=\"og:site_name\" content=\"Cunext\" \/>\n<meta property=\"article:modified_time\" content=\"2026-04-15T14:04:25+00:00\" \/>\n<meta property=\"og:image\" content=\"https:\/\/cunext.com\/wp-content\/uploads\/2021\/08\/Cunext-Group_Memorias-Sostenibilidad.jpg\" \/>\n\t<meta property=\"og:image:width\" content=\"1920\" \/>\n\t<meta property=\"og:image:height\" content=\"704\" \/>\n\t<meta property=\"og:image:type\" content=\"image\/jpeg\" \/>\n<meta name=\"twitter:card\" content=\"summary_large_image\" \/>\n<meta name=\"twitter:label1\" content=\"Tempo di lettura stimato\" \/>\n\t<meta name=\"twitter:data1\" content=\"3 minuti\" \/>\n<script type=\"application\/ld+json\" class=\"yoast-schema-graph\">{\"@context\":\"https:\\\/\\\/schema.org\",\"@graph\":[{\"@type\":\"WebPage\",\"@id\":\"https:\\\/\\\/cunext.com\\\/it\\\/sostenibilita\\\/incentivi\\\/\",\"url\":\"https:\\\/\\\/cunext.com\\\/it\\\/sostenibilita\\\/incentivi\\\/\",\"name\":\"Incentivi - Cunext\",\"isPartOf\":{\"@id\":\"https:\\\/\\\/cunext.com\\\/it\\\/#website\"},\"primaryImageOfPage\":{\"@id\":\"https:\\\/\\\/cunext.com\\\/it\\\/sostenibilita\\\/incentivi\\\/#primaryimage\"},\"image\":{\"@id\":\"https:\\\/\\\/cunext.com\\\/it\\\/sostenibilita\\\/incentivi\\\/#primaryimage\"},\"thumbnailUrl\":\"https:\\\/\\\/cunext.com\\\/wp-content\\\/uploads\\\/2021\\\/08\\\/Cunext-Group_Memorias-Sostenibilidad.jpg\",\"datePublished\":\"2024-12-16T09:41:18+00:00\",\"dateModified\":\"2026-04-15T14:04:25+00:00\",\"description\":\"CUNEXT GROUP se especializa en la transformaci\u00f3n de cobre y aluminio de la m\u00e1s alta calidad, siempre centrados en la innovaci\u00f3n continua y el desarrollo.\",\"breadcrumb\":{\"@id\":\"https:\\\/\\\/cunext.com\\\/it\\\/sostenibilita\\\/incentivi\\\/#breadcrumb\"},\"inLanguage\":\"it-IT\",\"potentialAction\":[{\"@type\":\"ReadAction\",\"target\":[\"https:\\\/\\\/cunext.com\\\/it\\\/sostenibilita\\\/incentivi\\\/\"]}]},{\"@type\":\"ImageObject\",\"inLanguage\":\"it-IT\",\"@id\":\"https:\\\/\\\/cunext.com\\\/it\\\/sostenibilita\\\/incentivi\\\/#primaryimage\",\"url\":\"https:\\\/\\\/cunext.com\\\/wp-content\\\/uploads\\\/2021\\\/08\\\/Cunext-Group_Memorias-Sostenibilidad.jpg\",\"contentUrl\":\"https:\\\/\\\/cunext.com\\\/wp-content\\\/uploads\\\/2021\\\/08\\\/Cunext-Group_Memorias-Sostenibilidad.jpg\",\"width\":1920,\"height\":704},{\"@type\":\"BreadcrumbList\",\"@id\":\"https:\\\/\\\/cunext.com\\\/it\\\/sostenibilita\\\/incentivi\\\/#breadcrumb\",\"itemListElement\":[{\"@type\":\"ListItem\",\"position\":1,\"name\":\"Portada\",\"item\":\"https:\\\/\\\/cunext.com\\\/it\\\/\"},{\"@type\":\"ListItem\",\"position\":2,\"name\":\"Sostenibilit\u00e0\",\"item\":\"https:\\\/\\\/cunext.com\\\/it\\\/sostenibilita\\\/\"},{\"@type\":\"ListItem\",\"position\":3,\"name\":\"Incentivi\"}]},{\"@type\":\"WebSite\",\"@id\":\"https:\\\/\\\/cunext.com\\\/it\\\/#website\",\"url\":\"https:\\\/\\\/cunext.com\\\/it\\\/\",\"name\":\"Cunext\",\"description\":\"Transformaci\u00f3n de cobre y aluminio\",\"publisher\":{\"@id\":\"https:\\\/\\\/cunext.com\\\/it\\\/#organization\"},\"potentialAction\":[{\"@type\":\"SearchAction\",\"target\":{\"@type\":\"EntryPoint\",\"urlTemplate\":\"https:\\\/\\\/cunext.com\\\/it\\\/?s={search_term_string}\"},\"query-input\":{\"@type\":\"PropertyValueSpecification\",\"valueRequired\":true,\"valueName\":\"search_term_string\"}}],\"inLanguage\":\"it-IT\"},{\"@type\":\"Organization\",\"@id\":\"https:\\\/\\\/cunext.com\\\/it\\\/#organization\",\"name\":\"Cunext Group\",\"url\":\"https:\\\/\\\/cunext.com\\\/it\\\/\",\"logo\":{\"@type\":\"ImageObject\",\"inLanguage\":\"it-IT\",\"@id\":\"https:\\\/\\\/cunext.com\\\/it\\\/#\\\/schema\\\/logo\\\/image\\\/\",\"url\":\"https:\\\/\\\/cunext.com\\\/wp-content\\\/uploads\\\/2020\\\/04\\\/logo-cunext.png\",\"contentUrl\":\"https:\\\/\\\/cunext.com\\\/wp-content\\\/uploads\\\/2020\\\/04\\\/logo-cunext.png\",\"width\":229,\"height\":57,\"caption\":\"Cunext Group\"},\"image\":{\"@id\":\"https:\\\/\\\/cunext.com\\\/it\\\/#\\\/schema\\\/logo\\\/image\\\/\"},\"sameAs\":[\"https:\\\/\\\/www.linkedin.com\\\/company\\\/cunext-copper-industries-sl\\\/\"]}]}<\/script>\n<!-- \/ Yoast SEO plugin. -->","yoast_head_json":{"title":"Incentivi - Cunext","description":"CUNEXT GROUP se especializa en la transformaci\u00f3n de cobre y aluminio de la m\u00e1s alta calidad, siempre centrados en la innovaci\u00f3n continua y el desarrollo.","robots":{"index":"index","follow":"follow","max-snippet":"max-snippet:-1","max-image-preview":"max-image-preview:large","max-video-preview":"max-video-preview:-1"},"canonical":"https:\/\/cunext.com\/it\/sostenibilita\/incentivi\/","og_locale":"it_IT","og_type":"article","og_title":"Incentivi - Cunext","og_description":"CUNEXT GROUP se especializa en la transformaci\u00f3n de cobre y aluminio de la m\u00e1s alta calidad, siempre centrados en la innovaci\u00f3n continua y el desarrollo.","og_url":"https:\/\/cunext.com\/it\/sostenibilita\/incentivi\/","og_site_name":"Cunext","article_modified_time":"2026-04-15T14:04:25+00:00","og_image":[{"width":1920,"height":704,"url":"https:\/\/cunext.com\/wp-content\/uploads\/2021\/08\/Cunext-Group_Memorias-Sostenibilidad.jpg","type":"image\/jpeg"}],"twitter_card":"summary_large_image","twitter_misc":{"Tempo di lettura stimato":"3 minuti"},"schema":{"@context":"https:\/\/schema.org","@graph":[{"@type":"WebPage","@id":"https:\/\/cunext.com\/it\/sostenibilita\/incentivi\/","url":"https:\/\/cunext.com\/it\/sostenibilita\/incentivi\/","name":"Incentivi - Cunext","isPartOf":{"@id":"https:\/\/cunext.com\/it\/#website"},"primaryImageOfPage":{"@id":"https:\/\/cunext.com\/it\/sostenibilita\/incentivi\/#primaryimage"},"image":{"@id":"https:\/\/cunext.com\/it\/sostenibilita\/incentivi\/#primaryimage"},"thumbnailUrl":"https:\/\/cunext.com\/wp-content\/uploads\/2021\/08\/Cunext-Group_Memorias-Sostenibilidad.jpg","datePublished":"2024-12-16T09:41:18+00:00","dateModified":"2026-04-15T14:04:25+00:00","description":"CUNEXT GROUP se especializa en la transformaci\u00f3n de cobre y aluminio de la m\u00e1s alta calidad, siempre centrados en la innovaci\u00f3n continua y el desarrollo.","breadcrumb":{"@id":"https:\/\/cunext.com\/it\/sostenibilita\/incentivi\/#breadcrumb"},"inLanguage":"it-IT","potentialAction":[{"@type":"ReadAction","target":["https:\/\/cunext.com\/it\/sostenibilita\/incentivi\/"]}]},{"@type":"ImageObject","inLanguage":"it-IT","@id":"https:\/\/cunext.com\/it\/sostenibilita\/incentivi\/#primaryimage","url":"https:\/\/cunext.com\/wp-content\/uploads\/2021\/08\/Cunext-Group_Memorias-Sostenibilidad.jpg","contentUrl":"https:\/\/cunext.com\/wp-content\/uploads\/2021\/08\/Cunext-Group_Memorias-Sostenibilidad.jpg","width":1920,"height":704},{"@type":"BreadcrumbList","@id":"https:\/\/cunext.com\/it\/sostenibilita\/incentivi\/#breadcrumb","itemListElement":[{"@type":"ListItem","position":1,"name":"Portada","item":"https:\/\/cunext.com\/it\/"},{"@type":"ListItem","position":2,"name":"Sostenibilit\u00e0","item":"https:\/\/cunext.com\/it\/sostenibilita\/"},{"@type":"ListItem","position":3,"name":"Incentivi"}]},{"@type":"WebSite","@id":"https:\/\/cunext.com\/it\/#website","url":"https:\/\/cunext.com\/it\/","name":"Cunext","description":"Transformaci\u00f3n de cobre y aluminio","publisher":{"@id":"https:\/\/cunext.com\/it\/#organization"},"potentialAction":[{"@type":"SearchAction","target":{"@type":"EntryPoint","urlTemplate":"https:\/\/cunext.com\/it\/?s={search_term_string}"},"query-input":{"@type":"PropertyValueSpecification","valueRequired":true,"valueName":"search_term_string"}}],"inLanguage":"it-IT"},{"@type":"Organization","@id":"https:\/\/cunext.com\/it\/#organization","name":"Cunext Group","url":"https:\/\/cunext.com\/it\/","logo":{"@type":"ImageObject","inLanguage":"it-IT","@id":"https:\/\/cunext.com\/it\/#\/schema\/logo\/image\/","url":"https:\/\/cunext.com\/wp-content\/uploads\/2020\/04\/logo-cunext.png","contentUrl":"https:\/\/cunext.com\/wp-content\/uploads\/2020\/04\/logo-cunext.png","width":229,"height":57,"caption":"Cunext Group"},"image":{"@id":"https:\/\/cunext.com\/it\/#\/schema\/logo\/image\/"},"sameAs":["https:\/\/www.linkedin.com\/company\/cunext-copper-industries-sl\/"]}]}},"_links":{"self":[{"href":"https:\/\/cunext.com\/it\/wp-json\/wp\/v2\/pages\/5391","targetHints":{"allow":["GET"]}}],"collection":[{"href":"https:\/\/cunext.com\/it\/wp-json\/wp\/v2\/pages"}],"about":[{"href":"https:\/\/cunext.com\/it\/wp-json\/wp\/v2\/types\/page"}],"author":[{"embeddable":true,"href":"https:\/\/cunext.com\/it\/wp-json\/wp\/v2\/users\/12"}],"replies":[{"embeddable":true,"href":"https:\/\/cunext.com\/it\/wp-json\/wp\/v2\/comments?post=5391"}],"version-history":[{"count":16,"href":"https:\/\/cunext.com\/it\/wp-json\/wp\/v2\/pages\/5391\/revisions"}],"predecessor-version":[{"id":6166,"href":"https:\/\/cunext.com\/it\/wp-json\/wp\/v2\/pages\/5391\/revisions\/6166"}],"up":[{"embeddable":true,"href":"https:\/\/cunext.com\/it\/wp-json\/wp\/v2\/pages\/1444"}],"wp:featuredmedia":[{"embeddable":true,"href":"https:\/\/cunext.com\/it\/wp-json\/wp\/v2\/media\/3390"}],"wp:attachment":[{"href":"https:\/\/cunext.com\/it\/wp-json\/wp\/v2\/media?parent=5391"}],"curies":[{"name":"wp","href":"https:\/\/api.w.org\/{rel}","templated":true}]}}