{"id":4082,"date":"2023-05-29T13:59:27","date_gmt":"2023-05-29T12:59:27","guid":{"rendered":"https:\/\/cunext.com\/sostenibilita\/policy-reporting-infringements\/"},"modified":"2023-05-30T10:48:40","modified_gmt":"2023-05-30T09:48:40","slug":"politica-segnalazione-violazioni","status":"publish","type":"page","link":"https:\/\/cunext.com\/it\/sostenibilita\/politica-segnalazione-violazioni\/","title":{"rendered":"Politica di segnalazione delle violazioni e consultazione"},"content":{"rendered":"\r\n<h2 class=\"wp-block-heading\">Politica di segnalazione delle violazioni e consultazione.<\/h2>\r\n\r\n\r\n<hr class=\"wp-block-separator has-text-color has-background is-style-default\" style=\"background-color:#a15d42;color:#a15d42\"\/>\r\n\r\n\r\n\r\n<div style=\"height:25px\" aria-hidden=\"true\" class=\"wp-block-spacer\"><\/div>\r\n\r\n\r\n\r\n<p>La presente Politica di Segnalazione delle Violazioni e Consultazione  al fine di regolamentare il funzionamento del Canale Etico di Cunext Group quale meccanismo per la segnalazione, la conoscenza, l&#8217;accertamento, l&#8217;elaborazione e la risoluzione delle violazioni, nonch\u00e9 per la ricezione e la gestione di domande o dubbi sull&#8217;interpretazione del Codice Etico e di Condotta e di altre normative interne.<\/p>\r\n<p>La presente Politica definisce inoltre i principi e le garanzie di azione di Cunext in relazione alla segnalazione delle violazioni e, in particolare, finalizzate a proteggere la persona che segnala la violazione e la persona interessata.<\/p>\r\n\r\n\r\n\r\n<div class=\"wp-block-button aligncenter\"><a class=\"wp-block-button__link has-background no-border-radius\" href=\"https:\/\/cunext.com\/wp-content\/uploads\/2023\/05\/IT_Politica-de-comunicacion-de-infracciones-y-consultas_05_2023.pdf\" style=\"background-color:#a15d42\" target=\"_blank\" rel=\"noopener noreferrer\"> Scaricare la Politica di Comunicazione <\/a><\/div>\r\n\r\n\r\n\r\n<div style=\"height:50px\" aria-hidden=\"true\" class=\"wp-block-spacer\"><\/div>\r\n\r\n","protected":false},"excerpt":{"rendered":"<p>Politica di segnalazione delle violazioni e consultazione. La presente Politica di Segnalazione delle Violazioni e Consultazione al fine di regolamentare il funzionamento del Canale Etico&#8230;<\/p>\n","protected":false},"author":6,"featured_media":4053,"parent":1444,"menu_order":0,"comment_status":"closed","ping_status":"closed","template":"","meta":{"_acf_changed":false,"footnotes":""},"class_list":["post-4082","page","type-page","status-publish","has-post-thumbnail","hentry"],"acf":[],"yoast_head":"<!-- This site is optimized with the Yoast SEO plugin v27.5 - https:\/\/yoast.com\/product\/yoast-seo-wordpress\/ -->\n<title>Politica di segnalazione delle violazioni e consultazione - Cunext<\/title>\n<meta name=\"description\" content=\"CUNEXT GROUP se especializa en la transformaci\u00f3n de cobre y aluminio de la m\u00e1s alta calidad, siempre centrados en la innovaci\u00f3n continua y el desarrollo.\" \/>\n<meta name=\"robots\" content=\"index, follow, max-snippet:-1, max-image-preview:large, max-video-preview:-1\" \/>\n<link rel=\"canonical\" href=\"https:\/\/cunext.com\/it\/sostenibilita\/politica-segnalazione-violazioni\/\" \/>\n<meta property=\"og:locale\" content=\"it_IT\" \/>\n<meta property=\"og:type\" content=\"article\" \/>\n<meta property=\"og:title\" content=\"Politica di segnalazione delle violazioni e consultazione - Cunext\" \/>\n<meta property=\"og:description\" content=\"CUNEXT GROUP se especializa en la transformaci\u00f3n de cobre y aluminio de la m\u00e1s alta calidad, siempre centrados en la innovaci\u00f3n continua y el desarrollo.\" \/>\n<meta property=\"og:url\" content=\"https:\/\/cunext.com\/it\/sostenibilita\/politica-segnalazione-violazioni\/\" \/>\n<meta property=\"og:site_name\" content=\"Cunext\" \/>\n<meta property=\"article:modified_time\" content=\"2023-05-30T09:48:40+00:00\" \/>\n<meta property=\"og:image\" content=\"https:\/\/cunext.com\/wp-content\/uploads\/2023\/05\/banner-Politica-Comunicacion.jpg\" \/>\n\t<meta property=\"og:image:width\" content=\"1905\" \/>\n\t<meta property=\"og:image:height\" content=\"450\" \/>\n\t<meta property=\"og:image:type\" content=\"image\/jpeg\" \/>\n<meta name=\"twitter:card\" content=\"summary_large_image\" \/>\n<meta name=\"twitter:label1\" content=\"Tempo di lettura stimato\" \/>\n\t<meta name=\"twitter:data1\" content=\"1 minuto\" \/>\n<script type=\"application\/ld+json\" class=\"yoast-schema-graph\">{\"@context\":\"https:\\\/\\\/schema.org\",\"@graph\":[{\"@type\":\"WebPage\",\"@id\":\"https:\\\/\\\/cunext.com\\\/it\\\/sostenibilita\\\/politica-segnalazione-violazioni\\\/\",\"url\":\"https:\\\/\\\/cunext.com\\\/it\\\/sostenibilita\\\/politica-segnalazione-violazioni\\\/\",\"name\":\"Politica di segnalazione delle violazioni e consultazione - Cunext\",\"isPartOf\":{\"@id\":\"https:\\\/\\\/cunext.com\\\/it\\\/#website\"},\"primaryImageOfPage\":{\"@id\":\"https:\\\/\\\/cunext.com\\\/it\\\/sostenibilita\\\/politica-segnalazione-violazioni\\\/#primaryimage\"},\"image\":{\"@id\":\"https:\\\/\\\/cunext.com\\\/it\\\/sostenibilita\\\/politica-segnalazione-violazioni\\\/#primaryimage\"},\"thumbnailUrl\":\"https:\\\/\\\/cunext.com\\\/wp-content\\\/uploads\\\/2023\\\/05\\\/banner-Politica-Comunicacion.jpg\",\"datePublished\":\"2023-05-29T12:59:27+00:00\",\"dateModified\":\"2023-05-30T09:48:40+00:00\",\"description\":\"CUNEXT GROUP se especializa en la transformaci\u00f3n de cobre y aluminio de la m\u00e1s alta calidad, siempre centrados en la innovaci\u00f3n continua y el desarrollo.\",\"breadcrumb\":{\"@id\":\"https:\\\/\\\/cunext.com\\\/it\\\/sostenibilita\\\/politica-segnalazione-violazioni\\\/#breadcrumb\"},\"inLanguage\":\"it-IT\",\"potentialAction\":[{\"@type\":\"ReadAction\",\"target\":[\"https:\\\/\\\/cunext.com\\\/it\\\/sostenibilita\\\/politica-segnalazione-violazioni\\\/\"]}]},{\"@type\":\"ImageObject\",\"inLanguage\":\"it-IT\",\"@id\":\"https:\\\/\\\/cunext.com\\\/it\\\/sostenibilita\\\/politica-segnalazione-violazioni\\\/#primaryimage\",\"url\":\"https:\\\/\\\/cunext.com\\\/wp-content\\\/uploads\\\/2023\\\/05\\\/banner-Politica-Comunicacion.jpg\",\"contentUrl\":\"https:\\\/\\\/cunext.com\\\/wp-content\\\/uploads\\\/2023\\\/05\\\/banner-Politica-Comunicacion.jpg\",\"width\":1905,\"height\":450},{\"@type\":\"BreadcrumbList\",\"@id\":\"https:\\\/\\\/cunext.com\\\/it\\\/sostenibilita\\\/politica-segnalazione-violazioni\\\/#breadcrumb\",\"itemListElement\":[{\"@type\":\"ListItem\",\"position\":1,\"name\":\"Portada\",\"item\":\"https:\\\/\\\/cunext.com\\\/it\\\/\"},{\"@type\":\"ListItem\",\"position\":2,\"name\":\"Sostenibilit\u00e0\",\"item\":\"https:\\\/\\\/cunext.com\\\/it\\\/sostenibilita\\\/\"},{\"@type\":\"ListItem\",\"position\":3,\"name\":\"Politica di segnalazione delle violazioni e consultazione\"}]},{\"@type\":\"WebSite\",\"@id\":\"https:\\\/\\\/cunext.com\\\/it\\\/#website\",\"url\":\"https:\\\/\\\/cunext.com\\\/it\\\/\",\"name\":\"Cunext\",\"description\":\"Transformaci\u00f3n de cobre y aluminio\",\"publisher\":{\"@id\":\"https:\\\/\\\/cunext.com\\\/it\\\/#organization\"},\"potentialAction\":[{\"@type\":\"SearchAction\",\"target\":{\"@type\":\"EntryPoint\",\"urlTemplate\":\"https:\\\/\\\/cunext.com\\\/it\\\/?s={search_term_string}\"},\"query-input\":{\"@type\":\"PropertyValueSpecification\",\"valueRequired\":true,\"valueName\":\"search_term_string\"}}],\"inLanguage\":\"it-IT\"},{\"@type\":\"Organization\",\"@id\":\"https:\\\/\\\/cunext.com\\\/it\\\/#organization\",\"name\":\"Cunext Group\",\"url\":\"https:\\\/\\\/cunext.com\\\/it\\\/\",\"logo\":{\"@type\":\"ImageObject\",\"inLanguage\":\"it-IT\",\"@id\":\"https:\\\/\\\/cunext.com\\\/it\\\/#\\\/schema\\\/logo\\\/image\\\/\",\"url\":\"https:\\\/\\\/cunext.com\\\/wp-content\\\/uploads\\\/2020\\\/04\\\/logo-cunext.png\",\"contentUrl\":\"https:\\\/\\\/cunext.com\\\/wp-content\\\/uploads\\\/2020\\\/04\\\/logo-cunext.png\",\"width\":229,\"height\":57,\"caption\":\"Cunext Group\"},\"image\":{\"@id\":\"https:\\\/\\\/cunext.com\\\/it\\\/#\\\/schema\\\/logo\\\/image\\\/\"},\"sameAs\":[\"https:\\\/\\\/www.linkedin.com\\\/company\\\/cunext-copper-industries-sl\\\/\"]}]}<\/script>\n<!-- \/ Yoast SEO plugin. -->","yoast_head_json":{"title":"Politica di segnalazione delle violazioni e consultazione - Cunext","description":"CUNEXT GROUP se especializa en la transformaci\u00f3n de cobre y aluminio de la m\u00e1s alta calidad, siempre centrados en la innovaci\u00f3n continua y el desarrollo.","robots":{"index":"index","follow":"follow","max-snippet":"max-snippet:-1","max-image-preview":"max-image-preview:large","max-video-preview":"max-video-preview:-1"},"canonical":"https:\/\/cunext.com\/it\/sostenibilita\/politica-segnalazione-violazioni\/","og_locale":"it_IT","og_type":"article","og_title":"Politica di segnalazione delle violazioni e consultazione - Cunext","og_description":"CUNEXT GROUP se especializa en la transformaci\u00f3n de cobre y aluminio de la m\u00e1s alta calidad, siempre centrados en la innovaci\u00f3n continua y el desarrollo.","og_url":"https:\/\/cunext.com\/it\/sostenibilita\/politica-segnalazione-violazioni\/","og_site_name":"Cunext","article_modified_time":"2023-05-30T09:48:40+00:00","og_image":[{"width":1905,"height":450,"url":"https:\/\/cunext.com\/wp-content\/uploads\/2023\/05\/banner-Politica-Comunicacion.jpg","type":"image\/jpeg"}],"twitter_card":"summary_large_image","twitter_misc":{"Tempo di lettura stimato":"1 minuto"},"schema":{"@context":"https:\/\/schema.org","@graph":[{"@type":"WebPage","@id":"https:\/\/cunext.com\/it\/sostenibilita\/politica-segnalazione-violazioni\/","url":"https:\/\/cunext.com\/it\/sostenibilita\/politica-segnalazione-violazioni\/","name":"Politica di segnalazione delle violazioni e consultazione - Cunext","isPartOf":{"@id":"https:\/\/cunext.com\/it\/#website"},"primaryImageOfPage":{"@id":"https:\/\/cunext.com\/it\/sostenibilita\/politica-segnalazione-violazioni\/#primaryimage"},"image":{"@id":"https:\/\/cunext.com\/it\/sostenibilita\/politica-segnalazione-violazioni\/#primaryimage"},"thumbnailUrl":"https:\/\/cunext.com\/wp-content\/uploads\/2023\/05\/banner-Politica-Comunicacion.jpg","datePublished":"2023-05-29T12:59:27+00:00","dateModified":"2023-05-30T09:48:40+00:00","description":"CUNEXT GROUP se especializa en la transformaci\u00f3n de cobre y aluminio de la m\u00e1s alta calidad, siempre centrados en la innovaci\u00f3n continua y el desarrollo.","breadcrumb":{"@id":"https:\/\/cunext.com\/it\/sostenibilita\/politica-segnalazione-violazioni\/#breadcrumb"},"inLanguage":"it-IT","potentialAction":[{"@type":"ReadAction","target":["https:\/\/cunext.com\/it\/sostenibilita\/politica-segnalazione-violazioni\/"]}]},{"@type":"ImageObject","inLanguage":"it-IT","@id":"https:\/\/cunext.com\/it\/sostenibilita\/politica-segnalazione-violazioni\/#primaryimage","url":"https:\/\/cunext.com\/wp-content\/uploads\/2023\/05\/banner-Politica-Comunicacion.jpg","contentUrl":"https:\/\/cunext.com\/wp-content\/uploads\/2023\/05\/banner-Politica-Comunicacion.jpg","width":1905,"height":450},{"@type":"BreadcrumbList","@id":"https:\/\/cunext.com\/it\/sostenibilita\/politica-segnalazione-violazioni\/#breadcrumb","itemListElement":[{"@type":"ListItem","position":1,"name":"Portada","item":"https:\/\/cunext.com\/it\/"},{"@type":"ListItem","position":2,"name":"Sostenibilit\u00e0","item":"https:\/\/cunext.com\/it\/sostenibilita\/"},{"@type":"ListItem","position":3,"name":"Politica di segnalazione delle violazioni e consultazione"}]},{"@type":"WebSite","@id":"https:\/\/cunext.com\/it\/#website","url":"https:\/\/cunext.com\/it\/","name":"Cunext","description":"Transformaci\u00f3n de cobre y aluminio","publisher":{"@id":"https:\/\/cunext.com\/it\/#organization"},"potentialAction":[{"@type":"SearchAction","target":{"@type":"EntryPoint","urlTemplate":"https:\/\/cunext.com\/it\/?s={search_term_string}"},"query-input":{"@type":"PropertyValueSpecification","valueRequired":true,"valueName":"search_term_string"}}],"inLanguage":"it-IT"},{"@type":"Organization","@id":"https:\/\/cunext.com\/it\/#organization","name":"Cunext Group","url":"https:\/\/cunext.com\/it\/","logo":{"@type":"ImageObject","inLanguage":"it-IT","@id":"https:\/\/cunext.com\/it\/#\/schema\/logo\/image\/","url":"https:\/\/cunext.com\/wp-content\/uploads\/2020\/04\/logo-cunext.png","contentUrl":"https:\/\/cunext.com\/wp-content\/uploads\/2020\/04\/logo-cunext.png","width":229,"height":57,"caption":"Cunext Group"},"image":{"@id":"https:\/\/cunext.com\/it\/#\/schema\/logo\/image\/"},"sameAs":["https:\/\/www.linkedin.com\/company\/cunext-copper-industries-sl\/"]}]}},"_links":{"self":[{"href":"https:\/\/cunext.com\/it\/wp-json\/wp\/v2\/pages\/4082","targetHints":{"allow":["GET"]}}],"collection":[{"href":"https:\/\/cunext.com\/it\/wp-json\/wp\/v2\/pages"}],"about":[{"href":"https:\/\/cunext.com\/it\/wp-json\/wp\/v2\/types\/page"}],"author":[{"embeddable":true,"href":"https:\/\/cunext.com\/it\/wp-json\/wp\/v2\/users\/6"}],"replies":[{"embeddable":true,"href":"https:\/\/cunext.com\/it\/wp-json\/wp\/v2\/comments?post=4082"}],"version-history":[{"count":3,"href":"https:\/\/cunext.com\/it\/wp-json\/wp\/v2\/pages\/4082\/revisions"}],"predecessor-version":[{"id":4095,"href":"https:\/\/cunext.com\/it\/wp-json\/wp\/v2\/pages\/4082\/revisions\/4095"}],"up":[{"embeddable":true,"href":"https:\/\/cunext.com\/it\/wp-json\/wp\/v2\/pages\/1444"}],"wp:featuredmedia":[{"embeddable":true,"href":"https:\/\/cunext.com\/it\/wp-json\/wp\/v2\/media\/4053"}],"wp:attachment":[{"href":"https:\/\/cunext.com\/it\/wp-json\/wp\/v2\/media?parent=4082"}],"curies":[{"name":"wp","href":"https:\/\/api.w.org\/{rel}","templated":true}]}}