{"id":1461,"date":"2020-04-07T09:47:25","date_gmt":"2020-04-07T08:47:25","guid":{"rendered":"https:\/\/www.cunext.com\/?page_id=1461"},"modified":"2021-01-14T13:33:33","modified_gmt":"2021-01-14T12:33:33","slug":"avviso-legale","status":"publish","type":"page","link":"https:\/\/cunext.com\/it\/avviso-legale\/","title":{"rendered":"Avviso legale"},"content":{"rendered":"\n<p>Di seguito sono riportate tutte le informazioni relative al regolamento e alla legislazione applicabile al presente sito web di GRUPO CUNEXT.<\/p>\n\n\n\n<ol class=\"wp-block-list\"><li> <a href=\"https:\/\/cunext.com\/it\/avviso-legale\/#titularyfinalidades\"><strong>Gestione e finalit\u00e0:<\/strong><\/a> responsabile del sito web e le sue finalit\u00e0.<\/li><li> <a href=\"https:\/\/cunext.com\/it\/avviso-legale\/#condicionesdeuso\"><strong>Condizioni di utilizzo per utenti e clienti<\/strong>:<\/a> utilizzo della nostra pagina web da parte di utenti e clienti.<\/li><li> <a href=\"https:\/\/cunext.com\/it\/avviso-legale\/#exclusiones\"><strong>Esclusioni di responsabilit\u00e0<\/strong>:<\/a> casi in cui non possiamo rispondere per il funzionamento o l&#8217;inattivit\u00e0 della nostra pagina web.<\/li><li> <a href=\"https:\/\/cunext.com\/it\/avviso-legale\/#politicadeenlaces\"><strong>Collegamenti esterni<\/strong>:<\/a> a quali siti si collega il nostro sito web e chi pu\u00f2 collegarsi alla nostra pagina web.<\/li><li> <a href=\"https:\/\/cunext.com\/it\/avviso-legale\/#propiedadintelectual\"><strong>Propriet\u00e0 intellettuale<\/strong>:<\/a> diritti sul contenuto della nostra pagina web.<\/li><li> <a href=\"https:\/\/cunext.com\/it\/politica-riservatezza\"><strong>Politica di riservatezza<\/strong>:<\/a> informazioni sul trattamento dei dati personali, diritti applicabili, principi di trattamento e sicurezza.<\/li><li> <a href=\"https:\/\/cunext.com\/it\/politica-cookies\"><strong>Politica dei cookie<\/strong>:<\/a> strumenti usati per monitorare l&#8217;attivit\u00e0 sul nostro sito web da parte dell&#8217;utente, informazioni sul blocco dei cookie e relative conseguenze.<\/li><li> <a href=\"https:\/\/cunext.com\/it\/avviso-legale\/#legislacion\"><strong>Legislaci\u00f3n aplicable<\/strong>:<\/a> normativa applicabile ai presenti avvisi legali.<\/li><\/ol>\n\n\n\n<p>Per dubbi, suggerimenti o consigli sull&#8217;utilizzo di questa pagina web \u00e8 possibile contattarci attraverso l&#8217;indirizzo di posta elettronica: <a href=\"mailto:infocunext@cunext.com\"><a href=\"mailto:infocunext@cunext.com\">info@cunext.com<\/a><\/a><\/p>\n\n\n\n<div id=\"titularyfinalidades\">\n<h2>1. Gestione e finalit\u00e0<\/h2>\n<p>CUNEXT COPPER INDUSTRIES, SL come societ\u00e0 amministratrice di GRUPO CUNEXT gestisce il presente sito www.cunext.com per:<\/p>\n<ul>\n<li>Fornire informazioni sulla responsabilit\u00e0 sociale d&#8217;impresa (RSI) del gruppo imprenditoriale.<\/li>\n<li>Mostrare informazioni sul nostro gruppo imprenditoriale e sul suo funzionamento elencando le sue garanzie certificate.<\/li>\n<li>Presentare i prodotti da noi creati e servire da canale di comunicazione con i clienti.<\/li>\n<li>Fornire informazioni sulla <a href=\"https:\/\/cunext.com\/it\/politicia-riservatezza\">politica di riservatezza<\/a> applicabile al trattamento dei dati personali da noi effettuato.<\/li>\n<\/ul>\n<\/div>\n\n\n\n<div id=\"condicionesdeuso\">\n<h2>2. Condizioni di utilizzo per utenti e clienti<\/h2>\n<p>L&#8217;accesso a questa pagina web \u00e8 gratuito per tutti gli utenti e per i clienti delle societ\u00e0 che compongono il GRUPO CUNEXT e comporta l&#8217;accettazione delle precedenti condizioni di utilizzo.<\/p>\n<p>I clienti delle societ\u00e0 che compongono il GRUPO CUNEXT possono richiedere le loro credenziali al fine di accedere all&#8217;area riservata della pagina web a loro riservata, impegnandosi a fare un uso diligente e riservato della password fornita. Ci riserviamo il diritto di rifiutare o revocare, senza bisogno di alcun preavviso, l&#8217;accesso a tutti coloro che violino le presenti condizioni di utilizzo.<\/p>\n<p>Tutti gli utenti e i clienti hanno l&#8217;obbligo di fare un uso adeguato e legale della nostra pagina web, astenendosi dal provocare danni e dall&#8217;introdurre o diffondere virus o qualsiasi altro sistema in grado di provocare danni.<\/p>\n<\/div>\n\n\n\n<div id=\"exclusiones\">\n<h2>3. Esclusione di responsabilit\u00e0<\/h2>\n<p>Ci riserviamo il diritto di effettuare tutte le modifiche da noi ritenute opportune all&#8217;intero di questa pagina web, cambiando, eliminando o aggiungendo contenuti o prodotti in essa presenti, cos\u00ec come la loro presentazione o localizzazione.<\/p>\n<p>Non possiamo essere ritenuti responsabili per la mancanza di disponibilit\u00e0 della pagina web dovuta a cause esterne (problemi tecnici dovuti alla rete, ai fornitori di servizi di telecomunicazioni, ai dispositivi in avaria o ad altri incidenti imprevisti come riparazioni, manutenzioni e aggiornamenti del software). Allo stesso modo, non possiamo essere ritenuti responsabili per eventuali errori di connessione o connessioni difettose dovute a un malfunzionamento del browser utilizzato dall&#8217;utente, o dall&#8217;uso di versioni non aggiornate di suddetto browser. Non \u00e8 inoltre possibile garantire la compatibilit\u00e0 del nostro sito web con tutti gli hardware e i software potenzialmente utilizzabili dall&#8217;utente o dal cliente.<\/p>\n<\/div>\n\n\n\n<div id=\"politicadeenlaces\">\n<h2>4. Collegamenti esterni<\/h2>\n<p>Il nostro sito web si collega ai profili social di CUNEXT COPPER INDUSTRIES, SL alla localizzazione in Google Maps di tutte le societ\u00e0 che appartengono al gruppo imprenditoriale.<\/p>\n<p>Per potersi collegare al nostro sito web \u00e8 necessario richiedere espressa autorizzazione a CUNEXT COPPER INDUSTRIES, SL, la quale in ogni caso si riserva il diritto di proibire o limitare tale collegamento.<\/p>\n<\/div>\n\n\n\n<div id=\"propiedadintelectual\">\n<h2>5. Propriet\u00e0 intellettuale<\/h2>\n<p>Il nome del dominio appartiene a CUNEXT COPPER INDUSTRIES, SL e il suo utilizzo esclusivo \u00e8 riservato per il GRUPO CUNEXT. \u00c8 inoltre titolare di tutti i diritti di propriet\u00e0 intellettuale della pagina web, di tutti i suoi contenuti (testi, loghi, segni, marchi, nomi commerciali, progetti industriali grafici e progetti, o tutti gli altri segni utilizzabili a livello industriale o commerciale), del codice sorgente e del progetto grafico della pagina web.<\/p>\n<p>\u00c8 espressamente vietata la riproduzione, la distribuzione e la comunicazione al pubblico dei contenuti totali o parziali della qui presente pagina web, su qualsiasi supporto o attraverso qualsiasi mezzo senza la nostra autorizzazione.<\/p>\n<\/div>\n\n\n\n<div id=\"legislacion\">\n<h2>6. Legislazione applicabile<\/h2>\n<p>La legislazione applicabile in caso di disputa o conflitto di interpretazione dei qui presenti termini sar\u00e0 quella spagnola.<\/p>\n<\/div>\n","protected":false},"excerpt":{"rendered":"<p>Di seguito sono riportate tutte le informazioni relative al regolamento e alla legislazione applicabile al presente sito web di GRUPO CUNEXT. Gestione e finalit\u00e0: responsabile&#8230;<\/p>\n","protected":false},"author":6,"featured_media":1800,"parent":0,"menu_order":0,"comment_status":"closed","ping_status":"closed","template":"","meta":{"_acf_changed":false,"footnotes":""},"class_list":["post-1461","page","type-page","status-publish","has-post-thumbnail","hentry"],"acf":[],"yoast_head":"<!-- This site is optimized with the Yoast SEO plugin v27.5 - https:\/\/yoast.com\/product\/yoast-seo-wordpress\/ -->\n<title>Avviso legale - Cunext<\/title>\n<meta name=\"description\" content=\"CUNEXT GROUP se especializa en la transformaci\u00f3n de cobre y aluminio de la m\u00e1s alta calidad, siempre centrados en la innovaci\u00f3n continua y el desarrollo.\" \/>\n<meta name=\"robots\" content=\"index, follow, max-snippet:-1, max-image-preview:large, max-video-preview:-1\" \/>\n<link rel=\"canonical\" href=\"https:\/\/cunext.com\/it\/avviso-legale\/\" \/>\n<meta property=\"og:locale\" content=\"it_IT\" \/>\n<meta property=\"og:type\" content=\"article\" \/>\n<meta property=\"og:title\" content=\"Avviso legale - Cunext\" \/>\n<meta property=\"og:description\" content=\"CUNEXT GROUP se especializa en la transformaci\u00f3n de cobre y aluminio de la m\u00e1s alta calidad, siempre centrados en la innovaci\u00f3n continua y el desarrollo.\" \/>\n<meta property=\"og:url\" content=\"https:\/\/cunext.com\/it\/avviso-legale\/\" \/>\n<meta property=\"og:site_name\" content=\"Cunext\" \/>\n<meta property=\"article:modified_time\" content=\"2021-01-14T12:33:33+00:00\" \/>\n<meta property=\"og:image\" content=\"https:\/\/cunext.com\/wp-content\/uploads\/2020\/04\/cabecera-aviso-legal.jpg\" \/>\n\t<meta property=\"og:image:width\" content=\"1600\" \/>\n\t<meta property=\"og:image:height\" content=\"378\" \/>\n\t<meta property=\"og:image:type\" content=\"image\/jpeg\" \/>\n<meta name=\"twitter:card\" content=\"summary_large_image\" \/>\n<meta name=\"twitter:label1\" content=\"Tempo di lettura stimato\" \/>\n\t<meta name=\"twitter:data1\" content=\"3 minuti\" \/>\n<script type=\"application\/ld+json\" class=\"yoast-schema-graph\">{\"@context\":\"https:\\\/\\\/schema.org\",\"@graph\":[{\"@type\":\"WebPage\",\"@id\":\"https:\\\/\\\/cunext.com\\\/it\\\/avviso-legale\\\/\",\"url\":\"https:\\\/\\\/cunext.com\\\/it\\\/avviso-legale\\\/\",\"name\":\"Avviso legale - Cunext\",\"isPartOf\":{\"@id\":\"https:\\\/\\\/cunext.com\\\/it\\\/#website\"},\"primaryImageOfPage\":{\"@id\":\"https:\\\/\\\/cunext.com\\\/it\\\/avviso-legale\\\/#primaryimage\"},\"image\":{\"@id\":\"https:\\\/\\\/cunext.com\\\/it\\\/avviso-legale\\\/#primaryimage\"},\"thumbnailUrl\":\"https:\\\/\\\/cunext.com\\\/wp-content\\\/uploads\\\/2020\\\/04\\\/cabecera-aviso-legal.jpg\",\"datePublished\":\"2020-04-07T08:47:25+00:00\",\"dateModified\":\"2021-01-14T12:33:33+00:00\",\"description\":\"CUNEXT GROUP se especializa en la transformaci\u00f3n de cobre y aluminio de la m\u00e1s alta calidad, siempre centrados en la innovaci\u00f3n continua y el desarrollo.\",\"breadcrumb\":{\"@id\":\"https:\\\/\\\/cunext.com\\\/it\\\/avviso-legale\\\/#breadcrumb\"},\"inLanguage\":\"it-IT\",\"potentialAction\":[{\"@type\":\"ReadAction\",\"target\":[\"https:\\\/\\\/cunext.com\\\/it\\\/avviso-legale\\\/\"]}]},{\"@type\":\"ImageObject\",\"inLanguage\":\"it-IT\",\"@id\":\"https:\\\/\\\/cunext.com\\\/it\\\/avviso-legale\\\/#primaryimage\",\"url\":\"https:\\\/\\\/cunext.com\\\/wp-content\\\/uploads\\\/2020\\\/04\\\/cabecera-aviso-legal.jpg\",\"contentUrl\":\"https:\\\/\\\/cunext.com\\\/wp-content\\\/uploads\\\/2020\\\/04\\\/cabecera-aviso-legal.jpg\",\"width\":1600,\"height\":378,\"caption\":\"alambre-cobre\"},{\"@type\":\"BreadcrumbList\",\"@id\":\"https:\\\/\\\/cunext.com\\\/it\\\/avviso-legale\\\/#breadcrumb\",\"itemListElement\":[{\"@type\":\"ListItem\",\"position\":1,\"name\":\"Portada\",\"item\":\"https:\\\/\\\/cunext.com\\\/it\\\/\"},{\"@type\":\"ListItem\",\"position\":2,\"name\":\"Avviso legale\"}]},{\"@type\":\"WebSite\",\"@id\":\"https:\\\/\\\/cunext.com\\\/it\\\/#website\",\"url\":\"https:\\\/\\\/cunext.com\\\/it\\\/\",\"name\":\"Cunext\",\"description\":\"Transformaci\u00f3n de cobre y aluminio\",\"publisher\":{\"@id\":\"https:\\\/\\\/cunext.com\\\/it\\\/#organization\"},\"potentialAction\":[{\"@type\":\"SearchAction\",\"target\":{\"@type\":\"EntryPoint\",\"urlTemplate\":\"https:\\\/\\\/cunext.com\\\/it\\\/?s={search_term_string}\"},\"query-input\":{\"@type\":\"PropertyValueSpecification\",\"valueRequired\":true,\"valueName\":\"search_term_string\"}}],\"inLanguage\":\"it-IT\"},{\"@type\":\"Organization\",\"@id\":\"https:\\\/\\\/cunext.com\\\/it\\\/#organization\",\"name\":\"Cunext Group\",\"url\":\"https:\\\/\\\/cunext.com\\\/it\\\/\",\"logo\":{\"@type\":\"ImageObject\",\"inLanguage\":\"it-IT\",\"@id\":\"https:\\\/\\\/cunext.com\\\/it\\\/#\\\/schema\\\/logo\\\/image\\\/\",\"url\":\"https:\\\/\\\/cunext.com\\\/wp-content\\\/uploads\\\/2020\\\/04\\\/logo-cunext.png\",\"contentUrl\":\"https:\\\/\\\/cunext.com\\\/wp-content\\\/uploads\\\/2020\\\/04\\\/logo-cunext.png\",\"width\":229,\"height\":57,\"caption\":\"Cunext Group\"},\"image\":{\"@id\":\"https:\\\/\\\/cunext.com\\\/it\\\/#\\\/schema\\\/logo\\\/image\\\/\"},\"sameAs\":[\"https:\\\/\\\/www.linkedin.com\\\/company\\\/cunext-copper-industries-sl\\\/\"]}]}<\/script>\n<!-- \/ Yoast SEO plugin. -->","yoast_head_json":{"title":"Avviso legale - Cunext","description":"CUNEXT GROUP se especializa en la transformaci\u00f3n de cobre y aluminio de la m\u00e1s alta calidad, siempre centrados en la innovaci\u00f3n continua y el desarrollo.","robots":{"index":"index","follow":"follow","max-snippet":"max-snippet:-1","max-image-preview":"max-image-preview:large","max-video-preview":"max-video-preview:-1"},"canonical":"https:\/\/cunext.com\/it\/avviso-legale\/","og_locale":"it_IT","og_type":"article","og_title":"Avviso legale - Cunext","og_description":"CUNEXT GROUP se especializa en la transformaci\u00f3n de cobre y aluminio de la m\u00e1s alta calidad, siempre centrados en la innovaci\u00f3n continua y el desarrollo.","og_url":"https:\/\/cunext.com\/it\/avviso-legale\/","og_site_name":"Cunext","article_modified_time":"2021-01-14T12:33:33+00:00","og_image":[{"width":1600,"height":378,"url":"https:\/\/cunext.com\/wp-content\/uploads\/2020\/04\/cabecera-aviso-legal.jpg","type":"image\/jpeg"}],"twitter_card":"summary_large_image","twitter_misc":{"Tempo di lettura stimato":"3 minuti"},"schema":{"@context":"https:\/\/schema.org","@graph":[{"@type":"WebPage","@id":"https:\/\/cunext.com\/it\/avviso-legale\/","url":"https:\/\/cunext.com\/it\/avviso-legale\/","name":"Avviso legale - Cunext","isPartOf":{"@id":"https:\/\/cunext.com\/it\/#website"},"primaryImageOfPage":{"@id":"https:\/\/cunext.com\/it\/avviso-legale\/#primaryimage"},"image":{"@id":"https:\/\/cunext.com\/it\/avviso-legale\/#primaryimage"},"thumbnailUrl":"https:\/\/cunext.com\/wp-content\/uploads\/2020\/04\/cabecera-aviso-legal.jpg","datePublished":"2020-04-07T08:47:25+00:00","dateModified":"2021-01-14T12:33:33+00:00","description":"CUNEXT GROUP se especializa en la transformaci\u00f3n de cobre y aluminio de la m\u00e1s alta calidad, siempre centrados en la innovaci\u00f3n continua y el desarrollo.","breadcrumb":{"@id":"https:\/\/cunext.com\/it\/avviso-legale\/#breadcrumb"},"inLanguage":"it-IT","potentialAction":[{"@type":"ReadAction","target":["https:\/\/cunext.com\/it\/avviso-legale\/"]}]},{"@type":"ImageObject","inLanguage":"it-IT","@id":"https:\/\/cunext.com\/it\/avviso-legale\/#primaryimage","url":"https:\/\/cunext.com\/wp-content\/uploads\/2020\/04\/cabecera-aviso-legal.jpg","contentUrl":"https:\/\/cunext.com\/wp-content\/uploads\/2020\/04\/cabecera-aviso-legal.jpg","width":1600,"height":378,"caption":"alambre-cobre"},{"@type":"BreadcrumbList","@id":"https:\/\/cunext.com\/it\/avviso-legale\/#breadcrumb","itemListElement":[{"@type":"ListItem","position":1,"name":"Portada","item":"https:\/\/cunext.com\/it\/"},{"@type":"ListItem","position":2,"name":"Avviso legale"}]},{"@type":"WebSite","@id":"https:\/\/cunext.com\/it\/#website","url":"https:\/\/cunext.com\/it\/","name":"Cunext","description":"Transformaci\u00f3n de cobre y aluminio","publisher":{"@id":"https:\/\/cunext.com\/it\/#organization"},"potentialAction":[{"@type":"SearchAction","target":{"@type":"EntryPoint","urlTemplate":"https:\/\/cunext.com\/it\/?s={search_term_string}"},"query-input":{"@type":"PropertyValueSpecification","valueRequired":true,"valueName":"search_term_string"}}],"inLanguage":"it-IT"},{"@type":"Organization","@id":"https:\/\/cunext.com\/it\/#organization","name":"Cunext Group","url":"https:\/\/cunext.com\/it\/","logo":{"@type":"ImageObject","inLanguage":"it-IT","@id":"https:\/\/cunext.com\/it\/#\/schema\/logo\/image\/","url":"https:\/\/cunext.com\/wp-content\/uploads\/2020\/04\/logo-cunext.png","contentUrl":"https:\/\/cunext.com\/wp-content\/uploads\/2020\/04\/logo-cunext.png","width":229,"height":57,"caption":"Cunext Group"},"image":{"@id":"https:\/\/cunext.com\/it\/#\/schema\/logo\/image\/"},"sameAs":["https:\/\/www.linkedin.com\/company\/cunext-copper-industries-sl\/"]}]}},"_links":{"self":[{"href":"https:\/\/cunext.com\/it\/wp-json\/wp\/v2\/pages\/1461","targetHints":{"allow":["GET"]}}],"collection":[{"href":"https:\/\/cunext.com\/it\/wp-json\/wp\/v2\/pages"}],"about":[{"href":"https:\/\/cunext.com\/it\/wp-json\/wp\/v2\/types\/page"}],"author":[{"embeddable":true,"href":"https:\/\/cunext.com\/it\/wp-json\/wp\/v2\/users\/6"}],"replies":[{"embeddable":true,"href":"https:\/\/cunext.com\/it\/wp-json\/wp\/v2\/comments?post=1461"}],"version-history":[{"count":8,"href":"https:\/\/cunext.com\/it\/wp-json\/wp\/v2\/pages\/1461\/revisions"}],"predecessor-version":[{"id":2686,"href":"https:\/\/cunext.com\/it\/wp-json\/wp\/v2\/pages\/1461\/revisions\/2686"}],"wp:featuredmedia":[{"embeddable":true,"href":"https:\/\/cunext.com\/it\/wp-json\/wp\/v2\/media\/1800"}],"wp:attachment":[{"href":"https:\/\/cunext.com\/it\/wp-json\/wp\/v2\/media?parent=1461"}],"curies":[{"name":"wp","href":"https:\/\/api.w.org\/{rel}","templated":true}]}}