{"id":1459,"date":"2020-04-07T09:05:37","date_gmt":"2020-04-07T08:05:37","guid":{"rendered":"https:\/\/www.cunext.com\/?page_id=1459"},"modified":"2020-04-08T14:52:38","modified_gmt":"2020-04-08T13:52:38","slug":"lavora-con-noi","status":"publish","type":"page","link":"https:\/\/cunext.com\/it\/lavora-con-noi\/","title":{"rendered":"Lavora con noi"},"content":{"rendered":"\n<h2 class=\"wp-block-heading\"><strong>Anche tu puoi far parte di Cunext Group<\/strong><\/h2>\n\n\n\n<p>La nostra organizzazione \u00e8 composta da oltre 300 dipendenti distribuiti tra le nostre strutture in Spagna e in Italia.<\/p>\n\n\n\n<p>Se sei interessato a far parte di Cunext, utilizza il seguente formulario per inviarci il tuo curriculum.<\/p>\n\n\n\n<div style=\"height:25px\" aria-hidden=\"true\" class=\"wp-block-spacer\"><\/div>\n\n\n\n\t\t\t<form id=\"formTrabajo\">\n\t\t\t\t<div class=\"un_tercio primero\">\n\t\t\t\t\t<input type=\"text\" class=\"requerido\" name=\"nombre\" id=\"nombre\" placeholder=\"Nome *\" value=\"\" \/>\n\t\t\t\t<\/div>\n\t\t\t\t<div class=\"un_tercio\">\n\t\t\t\t\t<input type=\"text\" class=\"requerido\" name=\"email\" id=\"email\" placeholder=\"E-mail *\" value=\"\" \/>\n\t\t\t\t<\/div>\n\t\t\t\t<div class=\"un_tercio ultimo\">\n\t\t\t\t\t<label for=\"archivo\"><span>Allega CV in formato PDF *<\/span><\/label>\n\t\t\t\t\t<span class=\"archivo\"><input type=\"file\" class=\"requerido\" name=\"trabajo\" id=\"archivo\" accept=\".pdf\"><\/span>\n\t\t\t\t<\/div>\n\t\t\t\t<div style=\"clear: both;\"><\/div>\n\t\t\t\t<div>\n\t\t\t\t\t<textarea class=\"requerido\" name=\"mensaje\" id=\"mensaje\" placeholder=\"Messaggio *\"><\/textarea>\n\t\t\t\t<\/div>\n\t\t\t\t<div style=\"clear: both;\"><\/div>\n\t\t\t\t<p class=\"aviso-legal-trabajo\"><input type=\"checkbox\" name=\"aviso-legal\" id=\"aviso-legal\"\/> <label for=\"aviso-legal\">Confermo di aver letto e accettato la <a href=\"https:\/\/cunext.com\/it\/avviso-legale\" target=\"_blank\" rel=\"nofollow\">Note legale<\/a> e <a href=\"https:\/\/cunext.com\/it\/\/aviso-de-privacidad\">l'Informativa sulla privacy<\/a> di Cunext Group.<\/label><\/p>\n\t\t\t\t<p class=\"solicitud-comercial-trabajo\"><input type=\"checkbox\" name=\"solicitud-comercial\" id=\"solicitud-comercial\"\/> <label for=\"solicitud-comercial\">Richiedo informazioni commerciali.<\/label><\/p>\n\t\t\t\t<!-- <p id=\"p-captcha\"><span id=\"captcha\"><\/span><input class=\"requerido\" type=\"text\" name=\"input-captcha\" id=\"input-captcha\"\/><\/p> -->\n\t\n\t\t\t\t<div style=\"clear:both\"><\/div>\n\t\n\t\t\t\t<p class=\"enviar-trabajo\"><input type=\"button\" name=\"enviar\" id=\"enviar\" value=\"Invio\" \/><\/p>\n\n\t\t\t\t<form id=\"comprobacion-captcha-trabajo\" action=\"?\" method=\"POST\">\n\t\t\t\t\t<button id=\"enviar-oculto-trabajo\" class=\"g-recaptcha\" data-sitekey=\"6LcKD9QqAAAAAHF3ZolI86-dwcCmTdM5Ca2dYnlL\"\tdata-callback=\"onSubmitTrabajo\">Enviar<\/button>\n\t\t\t\t<\/form>\n\n\t\t\t\t<div style=\"clear: both;\"><\/div>\n\t\n\t\t\t\t<p id=\"msj\"><\/p>\n\t\t\t<\/form>\n\t\t\t<script>\n\t\t\t\tfunction onSubmitTrabajo(token) {\n\t\t\t\t\tenviar();\n\t\t\t\t}\n\n\t\t\t\tfunction validar(){\n\t\t\t\t\tlimpiarMensajes(); \n\t\t\t\t\tif(!obligatorios()){ $('#msj').html('\u00c8 necessario compilare i campi richiesti.');\t$('#msj').addClass('errores');\t }\n\t\t\t\t\tif(!($('#aviso-legal').is(':checked'))){\n\t\t\t\t\t\tif($('#msj').html()==''){\n\t\t\t\t\t\t\t$('#msj').html('\u00c8 necessario accettare le Note legali e l\u00b4informativa sulla privacy.');\n\t\t\t\t\t\t\t$('#msj').addClass('errores');\n\t\t\t\t\t\t} else {\n\t\t\t\t\t\t\t$('#msj').html($('#msj').html()+'<br\/>\u00c8 necessario accettare le Note legali e l\u00b4informativa sulla privacy.');\n\t\t\t\t\t\t}\n\t\t\t\t\t}\n\t\n\t\t\t\t\t\t\t\t\t\tif($.trim($('#email').val()) != ''){\n\t\t\t\t\t\tif(!isValidEmailAddress($.trim($('#email').val()))){\n\t\t\t\t\t\t\tif($('#msj').html()!='')    $('#msj').html($('#msj').html()+'<br \/>');\n\t\t\t\t\t\t\t$('#msj').html($('#msj').html()+'L\u00b4e-mail inserita non \u00e8 valida.');\n\t\t\t\t\t\t\t$('#email').addClass('errores');\n\t\t\t\t\t\t}\n\t\t\t\t\t}\n\t\n\t\t\t\t\tif($('#msj').html()=='')\t$('#enviar-oculto-trabajo').click();\n\t\t\t\t\telse\t$('#msj').addClass('errores');\n\t\t\t\t}\n\t\t\t\t\n\t\t\t\tfunction obligatorios(){\n\t\t\t\t\tvar ok = true;\n\t\t\t\t\t$('#formTrabajo .requerido').each(function(){\n\t\t\t\t\t\tif($.trim($(this).val())==''){\n\t\t\t\t\t\t\t$(this).addClass('errores');\n\t\t\t\t\t\t\tok = false;\n\t\t\t\t\t\t}\n\t\t\t\t\t});\n\t\t\t\t\treturn ok;\n\t\t\t\t}\n\t\t\t\t\n\t\t\t\tfunction limpiarMensajes(){\n\t\t\t\t\t$('#formTrabajo input[type=text]').each(function(){ $(this).removeClass('errores');  });\n\t\t\t\t\t$('#msj').html(''); $('#msj').removeClass('errores'); $('#msj').removeClass('correcto'); \n\t\t\t\t}\n\t\t\t\t\n\t\t\t\tfunction limpiarDatos(){\n\t\t\t\t\t$('#formTrabajo input[type=text]').each(function(){ $(this).val(''); });\n\t\t\t\t\t$('#formTrabajo textarea').each(function(){ $(this).val('');   });\n\t\t\t\t\t\/\/$('#formCatalogo textarea').each(function(){ $(this).val(''); });\n\t\t\t\t\t$('#formTrabajo #aviso-legal').click();\n\t\t\t\t\tif(($('#formTrabajo #solicitud-comercial').is(':checked'))){\n\t\t\t\t\t\t$('#formTrabajo #solicitud-comercial').click();\n\t\t\t\t\t}\n\t\t\t\t}\n\t\t\t\t\n\t\t\t\tfunction limpiar(){\n\t\t\t\t\tlimpiarMensajes(); limpiarDatos();\n\t\t\t\t}\n\t\t\t\t\n\t\t\t\tfunction enviar(){ \n\t\t\t\t\t$('#msj').html('<span class=\"fa fa-spin fa-spinner\"><\/span> Invio di posta, per favore sii paziente.');\n\t\n\t\t\t\t\tvar formulario = $(\"#formTrabajo\")[0];\n\t\t\t\t\t\/\/Extraemos todos los campos del formulario\n\t\t\t\t\tvar datos_formulario = new FormData(formulario);\n\n\t\t\t\t\tdatos_formulario.append( 'to', \"rafael_danvila@cunext.com\");\n\t\t\t\t\tif(($('#formTrabajo #solicitud-comercial').is(':checked'))){\n\t\t\t\t\t\tdatos_formulario.append( 'solicitud-comercial', \"El cliente acepta recibir informaci\u00f3n comercial\");\n\t\t\t\t\t}\n\n\t\t\t\t\t$.ajax({\n\t\t\t\t\t\ttype: 'POST',\n\t\t\t\t\t\turl: 'https:\/\/cunext.com\/wp-content\/themes\/base\/codigo\/includes\/ajax\/enviar-trabajo.php',\n\t\t\t\t\t\tdata: datos_formulario,\n\t\t\t\t\t\tcontentType: false,\n\t\t\t\t\t\tprocessData: false\n\t\t\t\t\t}).always(function(data){\n\t\t\t\t\t\tif(data=='ok'){\n\t\t\t\t\t\t\t$('#msj').html('Messaggio consegnato con successo.');\n\t\t\t\t\t\t\t$('#msj').addClass('correcto');\n\t\t\t\t\t\t\tsetTimeout('limpiar()',5000);\n\t\t\t\t\t\t}else{\n\t\t\t\t\t\t\t$('#msj').html(data);\n\t\t\t\t\t\t\t$('#msj').addClass('errores');\n\t\t\t\t\t\t}\n\t\t\t\t\t});\t\t\t\t\t\t\n\t\t\t\t}\n\t\n\t\t\t\tfunction isValidEmailAddress(emailAddress) {\n\t\t\t\t\tvar pattern = new RegExp(\/^((\"[\\w-\\s]+\")|([\\w-]+(?:\\.[\\w-]+)*)|(\"[\\w-\\s]+\")([\\w-]+(?:\\.[\\w-]+)*))(@((?:[\\w-]+\\.)*\\w[\\w-]{0,66})\\.([a-z]{2,6}(?:\\.[a-z]{2})?)$)|(@\\[?((25[0-5]\\.|2[0-4][0-9]\\.|1[0-9]{2}\\.|[0-9]{1,2}\\.))((25[0-5]|2[0-4][0-9]|1[0-9]{2}|[0-9]{1,2})\\.){2}(25[0-5]|2[0-4][0-9]|1[0-9]{2}|[0-9]{1,2})\\]?$)\/i);\n\t\t\t\t\treturn pattern.test(emailAddress);\n\t\t\t\t}\n\t\t\t\t\n\t\t\t\t$(document).ready(function(){\n\t\t\t\t\t\t\t\t\t\t$('#enviar').click(function(){ validar(); });\n\t\t\t\t\t$('#comprobacion-captcha-trabajo').submit(function(e){\n\t\t\t\t\t\te.preventDefault();\n\t\t\t\t\t\tgrecaptcha.execute();\n\t\t\t\t\t});\n\t\t\t\t\t$('input[type=text], textarea').focus(function(){ $(this).removeClass('errores'); });\n\t\t\t\t});\n\t\t\t<\/script>\n\t\t\t\n","protected":false},"excerpt":{"rendered":"<p>Anche tu puoi far parte di Cunext Group La nostra organizzazione \u00e8 composta da oltre 300 dipendenti distribuiti tra le nostre strutture in Spagna e&#8230;<\/p>\n","protected":false},"author":6,"featured_media":1891,"parent":0,"menu_order":0,"comment_status":"closed","ping_status":"closed","template":"","meta":{"_acf_changed":false,"footnotes":""},"class_list":["post-1459","page","type-page","status-publish","has-post-thumbnail","hentry"],"acf":[],"yoast_head":"<!-- This site is optimized with the Yoast SEO plugin v27.3 - https:\/\/yoast.com\/product\/yoast-seo-wordpress\/ -->\n<title>Lavora con noi - Cunext<\/title>\n<meta name=\"description\" content=\"CUNEXT GROUP se especializa en la transformaci\u00f3n de cobre y aluminio de la m\u00e1s alta calidad, siempre centrados en la innovaci\u00f3n continua y el desarrollo.\" \/>\n<meta name=\"robots\" content=\"index, follow, max-snippet:-1, max-image-preview:large, max-video-preview:-1\" \/>\n<link rel=\"canonical\" href=\"https:\/\/cunext.com\/it\/lavora-con-noi\/\" \/>\n<meta property=\"og:locale\" content=\"it_IT\" \/>\n<meta property=\"og:type\" content=\"article\" \/>\n<meta property=\"og:title\" content=\"Lavora con noi - Cunext\" \/>\n<meta property=\"og:description\" content=\"CUNEXT GROUP se especializa en la transformaci\u00f3n de cobre y aluminio de la m\u00e1s alta calidad, siempre centrados en la innovaci\u00f3n continua y el desarrollo.\" \/>\n<meta property=\"og:url\" content=\"https:\/\/cunext.com\/it\/lavora-con-noi\/\" \/>\n<meta property=\"og:site_name\" content=\"Cunext\" \/>\n<meta property=\"article:modified_time\" content=\"2020-04-08T13:52:38+00:00\" \/>\n<meta property=\"og:image\" content=\"https:\/\/cunext.com\/wp-content\/uploads\/2020\/04\/cabecera_trabaja_con_nosotros.jpg\" \/>\n\t<meta property=\"og:image:width\" content=\"1600\" \/>\n\t<meta property=\"og:image:height\" content=\"378\" \/>\n\t<meta property=\"og:image:type\" content=\"image\/jpeg\" \/>\n<meta name=\"twitter:card\" content=\"summary_large_image\" \/>\n<script type=\"application\/ld+json\" class=\"yoast-schema-graph\">{\"@context\":\"https:\\\/\\\/schema.org\",\"@graph\":[{\"@type\":\"WebPage\",\"@id\":\"https:\\\/\\\/cunext.com\\\/it\\\/lavora-con-noi\\\/\",\"url\":\"https:\\\/\\\/cunext.com\\\/it\\\/lavora-con-noi\\\/\",\"name\":\"Lavora con noi - Cunext\",\"isPartOf\":{\"@id\":\"https:\\\/\\\/cunext.com\\\/it\\\/#website\"},\"primaryImageOfPage\":{\"@id\":\"https:\\\/\\\/cunext.com\\\/it\\\/lavora-con-noi\\\/#primaryimage\"},\"image\":{\"@id\":\"https:\\\/\\\/cunext.com\\\/it\\\/lavora-con-noi\\\/#primaryimage\"},\"thumbnailUrl\":\"https:\\\/\\\/cunext.com\\\/wp-content\\\/uploads\\\/2020\\\/04\\\/cabecera_trabaja_con_nosotros.jpg\",\"datePublished\":\"2020-04-07T08:05:37+00:00\",\"dateModified\":\"2020-04-08T13:52:38+00:00\",\"description\":\"CUNEXT GROUP se especializa en la transformaci\u00f3n de cobre y aluminio de la m\u00e1s alta calidad, siempre centrados en la innovaci\u00f3n continua y el desarrollo.\",\"breadcrumb\":{\"@id\":\"https:\\\/\\\/cunext.com\\\/it\\\/lavora-con-noi\\\/#breadcrumb\"},\"inLanguage\":\"it-IT\",\"potentialAction\":[{\"@type\":\"ReadAction\",\"target\":[\"https:\\\/\\\/cunext.com\\\/it\\\/lavora-con-noi\\\/\"]}]},{\"@type\":\"ImageObject\",\"inLanguage\":\"it-IT\",\"@id\":\"https:\\\/\\\/cunext.com\\\/it\\\/lavora-con-noi\\\/#primaryimage\",\"url\":\"https:\\\/\\\/cunext.com\\\/wp-content\\\/uploads\\\/2020\\\/04\\\/cabecera_trabaja_con_nosotros.jpg\",\"contentUrl\":\"https:\\\/\\\/cunext.com\\\/wp-content\\\/uploads\\\/2020\\\/04\\\/cabecera_trabaja_con_nosotros.jpg\",\"width\":1600,\"height\":378,\"caption\":\"cables-cobre\"},{\"@type\":\"BreadcrumbList\",\"@id\":\"https:\\\/\\\/cunext.com\\\/it\\\/lavora-con-noi\\\/#breadcrumb\",\"itemListElement\":[{\"@type\":\"ListItem\",\"position\":1,\"name\":\"Portada\",\"item\":\"https:\\\/\\\/cunext.com\\\/it\\\/\"},{\"@type\":\"ListItem\",\"position\":2,\"name\":\"Lavora con noi\"}]},{\"@type\":\"WebSite\",\"@id\":\"https:\\\/\\\/cunext.com\\\/it\\\/#website\",\"url\":\"https:\\\/\\\/cunext.com\\\/it\\\/\",\"name\":\"Cunext\",\"description\":\"Transformaci\u00f3n de cobre y aluminio\",\"publisher\":{\"@id\":\"https:\\\/\\\/cunext.com\\\/it\\\/#organization\"},\"potentialAction\":[{\"@type\":\"SearchAction\",\"target\":{\"@type\":\"EntryPoint\",\"urlTemplate\":\"https:\\\/\\\/cunext.com\\\/it\\\/?s={search_term_string}\"},\"query-input\":{\"@type\":\"PropertyValueSpecification\",\"valueRequired\":true,\"valueName\":\"search_term_string\"}}],\"inLanguage\":\"it-IT\"},{\"@type\":\"Organization\",\"@id\":\"https:\\\/\\\/cunext.com\\\/it\\\/#organization\",\"name\":\"Cunext Group\",\"url\":\"https:\\\/\\\/cunext.com\\\/it\\\/\",\"logo\":{\"@type\":\"ImageObject\",\"inLanguage\":\"it-IT\",\"@id\":\"https:\\\/\\\/cunext.com\\\/it\\\/#\\\/schema\\\/logo\\\/image\\\/\",\"url\":\"https:\\\/\\\/cunext.com\\\/wp-content\\\/uploads\\\/2020\\\/04\\\/logo-cunext.png\",\"contentUrl\":\"https:\\\/\\\/cunext.com\\\/wp-content\\\/uploads\\\/2020\\\/04\\\/logo-cunext.png\",\"width\":229,\"height\":57,\"caption\":\"Cunext Group\"},\"image\":{\"@id\":\"https:\\\/\\\/cunext.com\\\/it\\\/#\\\/schema\\\/logo\\\/image\\\/\"},\"sameAs\":[\"https:\\\/\\\/www.linkedin.com\\\/company\\\/cunext-copper-industries-sl\\\/\"]}]}<\/script>\n<!-- \/ Yoast SEO plugin. -->","yoast_head_json":{"title":"Lavora con noi - Cunext","description":"CUNEXT GROUP se especializa en la transformaci\u00f3n de cobre y aluminio de la m\u00e1s alta calidad, siempre centrados en la innovaci\u00f3n continua y el desarrollo.","robots":{"index":"index","follow":"follow","max-snippet":"max-snippet:-1","max-image-preview":"max-image-preview:large","max-video-preview":"max-video-preview:-1"},"canonical":"https:\/\/cunext.com\/it\/lavora-con-noi\/","og_locale":"it_IT","og_type":"article","og_title":"Lavora con noi - Cunext","og_description":"CUNEXT GROUP se especializa en la transformaci\u00f3n de cobre y aluminio de la m\u00e1s alta calidad, siempre centrados en la innovaci\u00f3n continua y el desarrollo.","og_url":"https:\/\/cunext.com\/it\/lavora-con-noi\/","og_site_name":"Cunext","article_modified_time":"2020-04-08T13:52:38+00:00","og_image":[{"width":1600,"height":378,"url":"https:\/\/cunext.com\/wp-content\/uploads\/2020\/04\/cabecera_trabaja_con_nosotros.jpg","type":"image\/jpeg"}],"twitter_card":"summary_large_image","schema":{"@context":"https:\/\/schema.org","@graph":[{"@type":"WebPage","@id":"https:\/\/cunext.com\/it\/lavora-con-noi\/","url":"https:\/\/cunext.com\/it\/lavora-con-noi\/","name":"Lavora con noi - Cunext","isPartOf":{"@id":"https:\/\/cunext.com\/it\/#website"},"primaryImageOfPage":{"@id":"https:\/\/cunext.com\/it\/lavora-con-noi\/#primaryimage"},"image":{"@id":"https:\/\/cunext.com\/it\/lavora-con-noi\/#primaryimage"},"thumbnailUrl":"https:\/\/cunext.com\/wp-content\/uploads\/2020\/04\/cabecera_trabaja_con_nosotros.jpg","datePublished":"2020-04-07T08:05:37+00:00","dateModified":"2020-04-08T13:52:38+00:00","description":"CUNEXT GROUP se especializa en la transformaci\u00f3n de cobre y aluminio de la m\u00e1s alta calidad, siempre centrados en la innovaci\u00f3n continua y el desarrollo.","breadcrumb":{"@id":"https:\/\/cunext.com\/it\/lavora-con-noi\/#breadcrumb"},"inLanguage":"it-IT","potentialAction":[{"@type":"ReadAction","target":["https:\/\/cunext.com\/it\/lavora-con-noi\/"]}]},{"@type":"ImageObject","inLanguage":"it-IT","@id":"https:\/\/cunext.com\/it\/lavora-con-noi\/#primaryimage","url":"https:\/\/cunext.com\/wp-content\/uploads\/2020\/04\/cabecera_trabaja_con_nosotros.jpg","contentUrl":"https:\/\/cunext.com\/wp-content\/uploads\/2020\/04\/cabecera_trabaja_con_nosotros.jpg","width":1600,"height":378,"caption":"cables-cobre"},{"@type":"BreadcrumbList","@id":"https:\/\/cunext.com\/it\/lavora-con-noi\/#breadcrumb","itemListElement":[{"@type":"ListItem","position":1,"name":"Portada","item":"https:\/\/cunext.com\/it\/"},{"@type":"ListItem","position":2,"name":"Lavora con noi"}]},{"@type":"WebSite","@id":"https:\/\/cunext.com\/it\/#website","url":"https:\/\/cunext.com\/it\/","name":"Cunext","description":"Transformaci\u00f3n de cobre y aluminio","publisher":{"@id":"https:\/\/cunext.com\/it\/#organization"},"potentialAction":[{"@type":"SearchAction","target":{"@type":"EntryPoint","urlTemplate":"https:\/\/cunext.com\/it\/?s={search_term_string}"},"query-input":{"@type":"PropertyValueSpecification","valueRequired":true,"valueName":"search_term_string"}}],"inLanguage":"it-IT"},{"@type":"Organization","@id":"https:\/\/cunext.com\/it\/#organization","name":"Cunext Group","url":"https:\/\/cunext.com\/it\/","logo":{"@type":"ImageObject","inLanguage":"it-IT","@id":"https:\/\/cunext.com\/it\/#\/schema\/logo\/image\/","url":"https:\/\/cunext.com\/wp-content\/uploads\/2020\/04\/logo-cunext.png","contentUrl":"https:\/\/cunext.com\/wp-content\/uploads\/2020\/04\/logo-cunext.png","width":229,"height":57,"caption":"Cunext Group"},"image":{"@id":"https:\/\/cunext.com\/it\/#\/schema\/logo\/image\/"},"sameAs":["https:\/\/www.linkedin.com\/company\/cunext-copper-industries-sl\/"]}]}},"_links":{"self":[{"href":"https:\/\/cunext.com\/it\/wp-json\/wp\/v2\/pages\/1459","targetHints":{"allow":["GET"]}}],"collection":[{"href":"https:\/\/cunext.com\/it\/wp-json\/wp\/v2\/pages"}],"about":[{"href":"https:\/\/cunext.com\/it\/wp-json\/wp\/v2\/types\/page"}],"author":[{"embeddable":true,"href":"https:\/\/cunext.com\/it\/wp-json\/wp\/v2\/users\/6"}],"replies":[{"embeddable":true,"href":"https:\/\/cunext.com\/it\/wp-json\/wp\/v2\/comments?post=1459"}],"version-history":[{"count":2,"href":"https:\/\/cunext.com\/it\/wp-json\/wp\/v2\/pages\/1459\/revisions"}],"predecessor-version":[{"id":1630,"href":"https:\/\/cunext.com\/it\/wp-json\/wp\/v2\/pages\/1459\/revisions\/1630"}],"wp:featuredmedia":[{"embeddable":true,"href":"https:\/\/cunext.com\/it\/wp-json\/wp\/v2\/media\/1891"}],"wp:attachment":[{"href":"https:\/\/cunext.com\/it\/wp-json\/wp\/v2\/media?parent=1459"}],"curies":[{"name":"wp","href":"https:\/\/api.w.org\/{rel}","templated":true}]}}