{"id":1456,"date":"2020-04-07T09:01:56","date_gmt":"2020-04-07T08:01:56","guid":{"rendered":"https:\/\/www.cunext.com\/?page_id=1456"},"modified":"2023-02-03T10:56:24","modified_gmt":"2023-02-03T09:56:24","slug":"politica-gestione","status":"publish","type":"page","link":"https:\/\/cunext.com\/it\/sostenibilita\/politica-gestione\/","title":{"rendered":"Politica di gestione"},"content":{"rendered":"\r\n<h2 class=\"wp-block-heading\"><strong>Principi su cui si basa la nostra politica di gestione<\/strong>.<\/h2>\r\n\r\n\r\n\r\n<hr class=\"wp-block-separator has-text-color has-background is-style-default\" style=\"background-color:#a15d42;color:#a15d42\"\/>\r\n\r\n\r\n\r\n<div style=\"height:20px\" aria-hidden=\"true\" class=\"wp-block-spacer\"><\/div>\r\n\r\n\r\n\r\n<p>La politica di gestione del Gruppo Cunext si basa sui seguenti principi:<\/p>\r\n\r\n\r\n\r\n<ul class=\"wp-block-list\"><li>Tutti i processi dell\u2019organizzazione saranno finalizzati all\u2019adempimento della sua missione e alla realizzazione della sua visione futura. In questo senso, l\u2019attenzione principale sar\u00e0 focalizzata su:<ul><li>Raggiungimento di livelli ottimali di qualit\u00e0 del prodotto, riducendo i ritorni e ottimizzando i costi.<\/li><li>Innovazione della produzione, utilizzando strumenti di analisi e miglioramento, includendo l\u2019adozione di nuove tecniche e materiali.<\/li><li>Riduzione (e se possibile, eliminazione) della produzione di rifiuti pericolosi e riduzione del consumo necessario di risorse naturali con prevenzione della contaminazione nell\u2019esecuzione di tutte le attivit\u00e0.<\/li><li>Raggiungimento dell\u2019obiettivo di zero incidenti sul lavoro e ambientali.<\/li><\/ul><\/li><\/ul>\r\n\r\n\r\n\r\n<p>Consulta la nostra Politica di Gestione completa al seguente link.<\/p>\r\n\r\n\r\n\r\n<div style=\"height:50px\" aria-hidden=\"true\" class=\"wp-block-spacer\"><\/div>\r\n\r\n\r\n\r\n<div class=\"wp-block-button aligncenter btnPolitica\"><a class=\"wp-block-button__link has-background no-border-radius\" style=\"background-color: #a15d42;\" href=\"https:\/\/cunext.com\/wp-content\/uploads\/2022\/06\/Cunext-Group_Politica-de-Gestion-2022.pdf\" target=\"_blank\" rel=\"noreferrer noopener\">Scarica la Politica di Gestione &#8211; Cunext Group<\/a><a class=\"wp-block-button__link has-background no-border-radius\" style=\"background-color: #a15d42;\" href=\"https:\/\/cunext.com\/wp-content\/uploads\/2023\/02\/Politica_Integrada_Transformados_Combisa.pdf\" target=\"_blank\" rel=\"noreferrer noopener\">Scarica la Politica di Gestione &#8211; Transformados Combisa<\/a><\/div>\r\n\r\n\r\n\r\n<p><\/p>\r\n","protected":false},"excerpt":{"rendered":"<p>Principi su cui si basa la nostra politica di gestione. La politica di gestione del Gruppo Cunext si basa sui seguenti principi: Tutti i processi&#8230;<\/p>\n","protected":false},"author":6,"featured_media":1887,"parent":1444,"menu_order":0,"comment_status":"closed","ping_status":"closed","template":"","meta":{"_acf_changed":false,"footnotes":""},"class_list":["post-1456","page","type-page","status-publish","has-post-thumbnail","hentry"],"acf":[],"yoast_head":"<!-- This site is optimized with the Yoast SEO plugin v27.4 - https:\/\/yoast.com\/product\/yoast-seo-wordpress\/ -->\n<title>Politica di gestione - Cunext<\/title>\n<meta name=\"description\" content=\"CUNEXT GROUP se especializa en la transformaci\u00f3n de cobre y aluminio de la m\u00e1s alta calidad, siempre centrados en la innovaci\u00f3n continua y el desarrollo.\" \/>\n<meta name=\"robots\" content=\"index, follow, max-snippet:-1, max-image-preview:large, max-video-preview:-1\" \/>\n<link rel=\"canonical\" href=\"https:\/\/cunext.com\/it\/sostenibilita\/politica-gestione\/\" \/>\n<meta property=\"og:locale\" content=\"it_IT\" \/>\n<meta property=\"og:type\" content=\"article\" \/>\n<meta property=\"og:title\" content=\"Politica di gestione - Cunext\" \/>\n<meta property=\"og:description\" content=\"CUNEXT GROUP se especializa en la transformaci\u00f3n de cobre y aluminio de la m\u00e1s alta calidad, siempre centrados en la innovaci\u00f3n continua y el desarrollo.\" \/>\n<meta property=\"og:url\" content=\"https:\/\/cunext.com\/it\/sostenibilita\/politica-gestione\/\" \/>\n<meta property=\"og:site_name\" content=\"Cunext\" \/>\n<meta property=\"article:modified_time\" content=\"2023-02-03T09:56:24+00:00\" \/>\n<meta property=\"og:image\" content=\"https:\/\/cunext.com\/wp-content\/uploads\/2020\/04\/cabecera-politica-gestion.jpg\" \/>\n\t<meta property=\"og:image:width\" content=\"1600\" \/>\n\t<meta property=\"og:image:height\" content=\"378\" \/>\n\t<meta property=\"og:image:type\" content=\"image\/jpeg\" \/>\n<meta name=\"twitter:card\" content=\"summary_large_image\" \/>\n<meta name=\"twitter:label1\" content=\"Tempo di lettura stimato\" \/>\n\t<meta name=\"twitter:data1\" content=\"1 minuto\" \/>\n<script type=\"application\/ld+json\" class=\"yoast-schema-graph\">{\"@context\":\"https:\\\/\\\/schema.org\",\"@graph\":[{\"@type\":\"WebPage\",\"@id\":\"https:\\\/\\\/cunext.com\\\/it\\\/sostenibilita\\\/politica-gestione\\\/\",\"url\":\"https:\\\/\\\/cunext.com\\\/it\\\/sostenibilita\\\/politica-gestione\\\/\",\"name\":\"Politica di gestione - Cunext\",\"isPartOf\":{\"@id\":\"https:\\\/\\\/cunext.com\\\/it\\\/#website\"},\"primaryImageOfPage\":{\"@id\":\"https:\\\/\\\/cunext.com\\\/it\\\/sostenibilita\\\/politica-gestione\\\/#primaryimage\"},\"image\":{\"@id\":\"https:\\\/\\\/cunext.com\\\/it\\\/sostenibilita\\\/politica-gestione\\\/#primaryimage\"},\"thumbnailUrl\":\"https:\\\/\\\/cunext.com\\\/wp-content\\\/uploads\\\/2020\\\/04\\\/cabecera-politica-gestion.jpg\",\"datePublished\":\"2020-04-07T08:01:56+00:00\",\"dateModified\":\"2023-02-03T09:56:24+00:00\",\"description\":\"CUNEXT GROUP se especializa en la transformaci\u00f3n de cobre y aluminio de la m\u00e1s alta calidad, siempre centrados en la innovaci\u00f3n continua y el desarrollo.\",\"breadcrumb\":{\"@id\":\"https:\\\/\\\/cunext.com\\\/it\\\/sostenibilita\\\/politica-gestione\\\/#breadcrumb\"},\"inLanguage\":\"it-IT\",\"potentialAction\":[{\"@type\":\"ReadAction\",\"target\":[\"https:\\\/\\\/cunext.com\\\/it\\\/sostenibilita\\\/politica-gestione\\\/\"]}]},{\"@type\":\"ImageObject\",\"inLanguage\":\"it-IT\",\"@id\":\"https:\\\/\\\/cunext.com\\\/it\\\/sostenibilita\\\/politica-gestione\\\/#primaryimage\",\"url\":\"https:\\\/\\\/cunext.com\\\/wp-content\\\/uploads\\\/2020\\\/04\\\/cabecera-politica-gestion.jpg\",\"contentUrl\":\"https:\\\/\\\/cunext.com\\\/wp-content\\\/uploads\\\/2020\\\/04\\\/cabecera-politica-gestion.jpg\",\"width\":1600,\"height\":378,\"caption\":\"cunext-group\"},{\"@type\":\"BreadcrumbList\",\"@id\":\"https:\\\/\\\/cunext.com\\\/it\\\/sostenibilita\\\/politica-gestione\\\/#breadcrumb\",\"itemListElement\":[{\"@type\":\"ListItem\",\"position\":1,\"name\":\"Portada\",\"item\":\"https:\\\/\\\/cunext.com\\\/it\\\/\"},{\"@type\":\"ListItem\",\"position\":2,\"name\":\"Sostenibilit\u00e0\",\"item\":\"https:\\\/\\\/cunext.com\\\/it\\\/sostenibilita\\\/\"},{\"@type\":\"ListItem\",\"position\":3,\"name\":\"Politica di gestione\"}]},{\"@type\":\"WebSite\",\"@id\":\"https:\\\/\\\/cunext.com\\\/it\\\/#website\",\"url\":\"https:\\\/\\\/cunext.com\\\/it\\\/\",\"name\":\"Cunext\",\"description\":\"Transformaci\u00f3n de cobre y aluminio\",\"publisher\":{\"@id\":\"https:\\\/\\\/cunext.com\\\/it\\\/#organization\"},\"potentialAction\":[{\"@type\":\"SearchAction\",\"target\":{\"@type\":\"EntryPoint\",\"urlTemplate\":\"https:\\\/\\\/cunext.com\\\/it\\\/?s={search_term_string}\"},\"query-input\":{\"@type\":\"PropertyValueSpecification\",\"valueRequired\":true,\"valueName\":\"search_term_string\"}}],\"inLanguage\":\"it-IT\"},{\"@type\":\"Organization\",\"@id\":\"https:\\\/\\\/cunext.com\\\/it\\\/#organization\",\"name\":\"Cunext Group\",\"url\":\"https:\\\/\\\/cunext.com\\\/it\\\/\",\"logo\":{\"@type\":\"ImageObject\",\"inLanguage\":\"it-IT\",\"@id\":\"https:\\\/\\\/cunext.com\\\/it\\\/#\\\/schema\\\/logo\\\/image\\\/\",\"url\":\"https:\\\/\\\/cunext.com\\\/wp-content\\\/uploads\\\/2020\\\/04\\\/logo-cunext.png\",\"contentUrl\":\"https:\\\/\\\/cunext.com\\\/wp-content\\\/uploads\\\/2020\\\/04\\\/logo-cunext.png\",\"width\":229,\"height\":57,\"caption\":\"Cunext Group\"},\"image\":{\"@id\":\"https:\\\/\\\/cunext.com\\\/it\\\/#\\\/schema\\\/logo\\\/image\\\/\"},\"sameAs\":[\"https:\\\/\\\/www.linkedin.com\\\/company\\\/cunext-copper-industries-sl\\\/\"]}]}<\/script>\n<!-- \/ Yoast SEO plugin. -->","yoast_head_json":{"title":"Politica di gestione - Cunext","description":"CUNEXT GROUP se especializa en la transformaci\u00f3n de cobre y aluminio de la m\u00e1s alta calidad, siempre centrados en la innovaci\u00f3n continua y el desarrollo.","robots":{"index":"index","follow":"follow","max-snippet":"max-snippet:-1","max-image-preview":"max-image-preview:large","max-video-preview":"max-video-preview:-1"},"canonical":"https:\/\/cunext.com\/it\/sostenibilita\/politica-gestione\/","og_locale":"it_IT","og_type":"article","og_title":"Politica di gestione - Cunext","og_description":"CUNEXT GROUP se especializa en la transformaci\u00f3n de cobre y aluminio de la m\u00e1s alta calidad, siempre centrados en la innovaci\u00f3n continua y el desarrollo.","og_url":"https:\/\/cunext.com\/it\/sostenibilita\/politica-gestione\/","og_site_name":"Cunext","article_modified_time":"2023-02-03T09:56:24+00:00","og_image":[{"width":1600,"height":378,"url":"https:\/\/cunext.com\/wp-content\/uploads\/2020\/04\/cabecera-politica-gestion.jpg","type":"image\/jpeg"}],"twitter_card":"summary_large_image","twitter_misc":{"Tempo di lettura stimato":"1 minuto"},"schema":{"@context":"https:\/\/schema.org","@graph":[{"@type":"WebPage","@id":"https:\/\/cunext.com\/it\/sostenibilita\/politica-gestione\/","url":"https:\/\/cunext.com\/it\/sostenibilita\/politica-gestione\/","name":"Politica di gestione - Cunext","isPartOf":{"@id":"https:\/\/cunext.com\/it\/#website"},"primaryImageOfPage":{"@id":"https:\/\/cunext.com\/it\/sostenibilita\/politica-gestione\/#primaryimage"},"image":{"@id":"https:\/\/cunext.com\/it\/sostenibilita\/politica-gestione\/#primaryimage"},"thumbnailUrl":"https:\/\/cunext.com\/wp-content\/uploads\/2020\/04\/cabecera-politica-gestion.jpg","datePublished":"2020-04-07T08:01:56+00:00","dateModified":"2023-02-03T09:56:24+00:00","description":"CUNEXT GROUP se especializa en la transformaci\u00f3n de cobre y aluminio de la m\u00e1s alta calidad, siempre centrados en la innovaci\u00f3n continua y el desarrollo.","breadcrumb":{"@id":"https:\/\/cunext.com\/it\/sostenibilita\/politica-gestione\/#breadcrumb"},"inLanguage":"it-IT","potentialAction":[{"@type":"ReadAction","target":["https:\/\/cunext.com\/it\/sostenibilita\/politica-gestione\/"]}]},{"@type":"ImageObject","inLanguage":"it-IT","@id":"https:\/\/cunext.com\/it\/sostenibilita\/politica-gestione\/#primaryimage","url":"https:\/\/cunext.com\/wp-content\/uploads\/2020\/04\/cabecera-politica-gestion.jpg","contentUrl":"https:\/\/cunext.com\/wp-content\/uploads\/2020\/04\/cabecera-politica-gestion.jpg","width":1600,"height":378,"caption":"cunext-group"},{"@type":"BreadcrumbList","@id":"https:\/\/cunext.com\/it\/sostenibilita\/politica-gestione\/#breadcrumb","itemListElement":[{"@type":"ListItem","position":1,"name":"Portada","item":"https:\/\/cunext.com\/it\/"},{"@type":"ListItem","position":2,"name":"Sostenibilit\u00e0","item":"https:\/\/cunext.com\/it\/sostenibilita\/"},{"@type":"ListItem","position":3,"name":"Politica di gestione"}]},{"@type":"WebSite","@id":"https:\/\/cunext.com\/it\/#website","url":"https:\/\/cunext.com\/it\/","name":"Cunext","description":"Transformaci\u00f3n de cobre y aluminio","publisher":{"@id":"https:\/\/cunext.com\/it\/#organization"},"potentialAction":[{"@type":"SearchAction","target":{"@type":"EntryPoint","urlTemplate":"https:\/\/cunext.com\/it\/?s={search_term_string}"},"query-input":{"@type":"PropertyValueSpecification","valueRequired":true,"valueName":"search_term_string"}}],"inLanguage":"it-IT"},{"@type":"Organization","@id":"https:\/\/cunext.com\/it\/#organization","name":"Cunext Group","url":"https:\/\/cunext.com\/it\/","logo":{"@type":"ImageObject","inLanguage":"it-IT","@id":"https:\/\/cunext.com\/it\/#\/schema\/logo\/image\/","url":"https:\/\/cunext.com\/wp-content\/uploads\/2020\/04\/logo-cunext.png","contentUrl":"https:\/\/cunext.com\/wp-content\/uploads\/2020\/04\/logo-cunext.png","width":229,"height":57,"caption":"Cunext Group"},"image":{"@id":"https:\/\/cunext.com\/it\/#\/schema\/logo\/image\/"},"sameAs":["https:\/\/www.linkedin.com\/company\/cunext-copper-industries-sl\/"]}]}},"_links":{"self":[{"href":"https:\/\/cunext.com\/it\/wp-json\/wp\/v2\/pages\/1456","targetHints":{"allow":["GET"]}}],"collection":[{"href":"https:\/\/cunext.com\/it\/wp-json\/wp\/v2\/pages"}],"about":[{"href":"https:\/\/cunext.com\/it\/wp-json\/wp\/v2\/types\/page"}],"author":[{"embeddable":true,"href":"https:\/\/cunext.com\/it\/wp-json\/wp\/v2\/users\/6"}],"replies":[{"embeddable":true,"href":"https:\/\/cunext.com\/it\/wp-json\/wp\/v2\/comments?post=1456"}],"version-history":[{"count":7,"href":"https:\/\/cunext.com\/it\/wp-json\/wp\/v2\/pages\/1456\/revisions"}],"predecessor-version":[{"id":3995,"href":"https:\/\/cunext.com\/it\/wp-json\/wp\/v2\/pages\/1456\/revisions\/3995"}],"up":[{"embeddable":true,"href":"https:\/\/cunext.com\/it\/wp-json\/wp\/v2\/pages\/1444"}],"wp:featuredmedia":[{"embeddable":true,"href":"https:\/\/cunext.com\/it\/wp-json\/wp\/v2\/media\/1887"}],"wp:attachment":[{"href":"https:\/\/cunext.com\/it\/wp-json\/wp\/v2\/media?parent=1456"}],"curies":[{"name":"wp","href":"https:\/\/api.w.org\/{rel}","templated":true}]}}