{"id":1448,"date":"2020-04-07T08:50:12","date_gmt":"2020-04-07T07:50:12","guid":{"rendered":"https:\/\/www.cunext.com\/?page_id=1448"},"modified":"2023-06-09T07:53:29","modified_gmt":"2023-06-09T06:53:29","slug":"canale-etico","status":"publish","type":"page","link":"https:\/\/cunext.com\/it\/sostenibilita\/canale-etico\/","title":{"rendered":"Canale Etico"},"content":{"rendered":"\r\n<h2 class=\"wp-block-heading\">Canale per la segnalazione di violazioni e consultazioni sul codice etico e di condotta<\/h2>\r\n\r\n\r\n<hr class=\"wp-block-separator has-text-color has-background is-style-default\" style=\"background-color:#a15d42;color:#a15d42\"\/>\r\n\r\n\r\n\r\n<div style=\"height:25px\" aria-hidden=\"true\" class=\"wp-block-spacer\"><\/div>\r\n\r\n\r\n\r\n<ul class=\"wp-block-list\"><li>Il Gruppo Cunext mette a disposizione degli interessati un canale per la segnalazione di violazioni del Codice Etico e di Condotta e di eventuali regolamenti interni, nonch\u00e9 di qualsiasi fatto o comportamento in contravvenzione a questi ultimi. Possono inoltre essere segnalate eventuali violazioni di normative nazionali o europee, nonch\u00e9 azioni od omissioni che possono costituire un reato penale o amministrativo grave o molto grave. <br><br> \u201cSegnalazione delle violazioni\u201d \u00e8 da intendersi in senso lato. Oltre alle violazioni effettivamente verificatesi, possono essere segnalati anche i ragionevoli sospetti e le violazioni che potrebbero verificarsi. <br><br>Le comunicazioni relative a questioni puramente lavorative e di gestione del capitale umano che non comportano una situazione di mobbing devono essere veicolate attraverso i canali ordinari di ciascuna delle societ\u00e0 che compongono il Gruppo Cunext.<\/li><\/ul>\r\n\r\n\r\n<ul class=\"wp-block-list\"><li>Il Gruppo Cunext garantisce la <strong><u>riservatezza<\/u><\/strong> dell&#8217;identit\u00e0 della persona che effettua la comunicazione e della persona o delle persone interessate in tutte le fasi del processo di indagine e risoluzione della violazione. L&#8217;identit\u00e0 della persona che effettua la comunicazione potr\u00e0 essere rivelata solo nel caso in cui dovesse esserci obbligo legale di comunicarla a un&#8217;autorit\u00e0 giudiziaria o amministrativa o quando condividere tali informazioni con consulenti esterni e altri fornitori del Gruppo Cunext dovesse essere strettamente necessario per il funzionamento del Canale Etico stesso, richiedendo a questi ultimi lo stesso livello di riservatezza applicato internamente.<br><br>Sono consentite e gestite allo stesso modo le <strong><u>comunicazioni anonime<\/u><\/strong>, fermo restando che il comunicante non potr\u00e0 essere aggiornato sullo stato della sua comunicazione o sull\u2019esito della risoluzione della stessa.<br><br>Il Gruppo Cunext tratter\u00e0 tutte le comunicazioni con assoluta <strong><u>imparzialit\u00e0<\/u><\/strong> e senza alcun tipo di pregiudizio e <strong><u>non tollerer\u00e0 ritorsioni<\/u><\/strong> di alcun tipo nei confronti di chi si avvale del Canale Etico in buona fede.<\/li><\/ul>\r\n\r\n\r\n\r\n<p>Per effettuare una comunicazione attraverso il Canale Etico di Cunext Group, si prega di accedere al seguente link: <a target=\"_blank\" style=\"text-decoration:underline; color:#A15D42;\" href=\"https:\/\/cunext.integrityline.com\/\" rel=\"noopener\"> cunext.integrityline.com <\/a><\/p>\r\n\r\n\r\n\r\n<div style=\"height:50px\" aria-hidden=\"true\" class=\"wp-block-spacer\"><\/div>\r\n\r\n\r\n\r\n<!--[formulario-denuncia]-->\r\n","protected":false},"excerpt":{"rendered":"<p>Canale per la segnalazione di violazioni e consultazioni sul codice etico e di condotta Il Gruppo Cunext mette a disposizione degli interessati un canale per&#8230;<\/p>\n","protected":false},"author":6,"featured_media":1879,"parent":1444,"menu_order":0,"comment_status":"closed","ping_status":"closed","template":"","meta":{"_acf_changed":false,"footnotes":""},"class_list":["post-1448","page","type-page","status-publish","has-post-thumbnail","hentry"],"acf":[],"yoast_head":"<!-- This site is optimized with the Yoast SEO plugin v27.4 - https:\/\/yoast.com\/product\/yoast-seo-wordpress\/ -->\n<title>Canale Etico - Cunext<\/title>\n<meta name=\"description\" content=\"CUNEXT GROUP se especializa en la transformaci\u00f3n de cobre y aluminio de la m\u00e1s alta calidad, siempre centrados en la innovaci\u00f3n continua y el desarrollo.\" \/>\n<meta name=\"robots\" content=\"index, follow, max-snippet:-1, max-image-preview:large, max-video-preview:-1\" \/>\n<link rel=\"canonical\" href=\"https:\/\/cunext.com\/it\/sostenibilita\/canale-etico\/\" \/>\n<meta property=\"og:locale\" content=\"it_IT\" \/>\n<meta property=\"og:type\" content=\"article\" \/>\n<meta property=\"og:title\" content=\"Canale Etico - Cunext\" \/>\n<meta property=\"og:description\" content=\"CUNEXT GROUP se especializa en la transformaci\u00f3n de cobre y aluminio de la m\u00e1s alta calidad, siempre centrados en la innovaci\u00f3n continua y el desarrollo.\" \/>\n<meta property=\"og:url\" content=\"https:\/\/cunext.com\/it\/sostenibilita\/canale-etico\/\" \/>\n<meta property=\"og:site_name\" content=\"Cunext\" \/>\n<meta property=\"article:modified_time\" content=\"2023-06-09T06:53:29+00:00\" \/>\n<meta property=\"og:image\" content=\"https:\/\/cunext.com\/wp-content\/uploads\/2020\/04\/cabecera-denuncuas.jpg\" \/>\n\t<meta property=\"og:image:width\" content=\"1600\" \/>\n\t<meta property=\"og:image:height\" content=\"378\" \/>\n\t<meta property=\"og:image:type\" content=\"image\/jpeg\" \/>\n<meta name=\"twitter:card\" content=\"summary_large_image\" \/>\n<meta name=\"twitter:label1\" content=\"Tempo di lettura stimato\" \/>\n\t<meta name=\"twitter:data1\" content=\"2 minuti\" \/>\n<script type=\"application\/ld+json\" class=\"yoast-schema-graph\">{\"@context\":\"https:\\\/\\\/schema.org\",\"@graph\":[{\"@type\":\"WebPage\",\"@id\":\"https:\\\/\\\/cunext.com\\\/it\\\/sostenibilita\\\/canale-etico\\\/\",\"url\":\"https:\\\/\\\/cunext.com\\\/it\\\/sostenibilita\\\/canale-etico\\\/\",\"name\":\"Canale Etico - Cunext\",\"isPartOf\":{\"@id\":\"https:\\\/\\\/cunext.com\\\/it\\\/#website\"},\"primaryImageOfPage\":{\"@id\":\"https:\\\/\\\/cunext.com\\\/it\\\/sostenibilita\\\/canale-etico\\\/#primaryimage\"},\"image\":{\"@id\":\"https:\\\/\\\/cunext.com\\\/it\\\/sostenibilita\\\/canale-etico\\\/#primaryimage\"},\"thumbnailUrl\":\"https:\\\/\\\/cunext.com\\\/wp-content\\\/uploads\\\/2020\\\/04\\\/cabecera-denuncuas.jpg\",\"datePublished\":\"2020-04-07T07:50:12+00:00\",\"dateModified\":\"2023-06-09T06:53:29+00:00\",\"description\":\"CUNEXT GROUP se especializa en la transformaci\u00f3n de cobre y aluminio de la m\u00e1s alta calidad, siempre centrados en la innovaci\u00f3n continua y el desarrollo.\",\"breadcrumb\":{\"@id\":\"https:\\\/\\\/cunext.com\\\/it\\\/sostenibilita\\\/canale-etico\\\/#breadcrumb\"},\"inLanguage\":\"it-IT\",\"potentialAction\":[{\"@type\":\"ReadAction\",\"target\":[\"https:\\\/\\\/cunext.com\\\/it\\\/sostenibilita\\\/canale-etico\\\/\"]}]},{\"@type\":\"ImageObject\",\"inLanguage\":\"it-IT\",\"@id\":\"https:\\\/\\\/cunext.com\\\/it\\\/sostenibilita\\\/canale-etico\\\/#primaryimage\",\"url\":\"https:\\\/\\\/cunext.com\\\/wp-content\\\/uploads\\\/2020\\\/04\\\/cabecera-denuncuas.jpg\",\"contentUrl\":\"https:\\\/\\\/cunext.com\\\/wp-content\\\/uploads\\\/2020\\\/04\\\/cabecera-denuncuas.jpg\",\"width\":1600,\"height\":378,\"caption\":\"cobre-construccion\"},{\"@type\":\"BreadcrumbList\",\"@id\":\"https:\\\/\\\/cunext.com\\\/it\\\/sostenibilita\\\/canale-etico\\\/#breadcrumb\",\"itemListElement\":[{\"@type\":\"ListItem\",\"position\":1,\"name\":\"Portada\",\"item\":\"https:\\\/\\\/cunext.com\\\/it\\\/\"},{\"@type\":\"ListItem\",\"position\":2,\"name\":\"Sostenibilit\u00e0\",\"item\":\"https:\\\/\\\/cunext.com\\\/it\\\/sostenibilita\\\/\"},{\"@type\":\"ListItem\",\"position\":3,\"name\":\"Canale Etico\"}]},{\"@type\":\"WebSite\",\"@id\":\"https:\\\/\\\/cunext.com\\\/it\\\/#website\",\"url\":\"https:\\\/\\\/cunext.com\\\/it\\\/\",\"name\":\"Cunext\",\"description\":\"Transformaci\u00f3n de cobre y aluminio\",\"publisher\":{\"@id\":\"https:\\\/\\\/cunext.com\\\/it\\\/#organization\"},\"potentialAction\":[{\"@type\":\"SearchAction\",\"target\":{\"@type\":\"EntryPoint\",\"urlTemplate\":\"https:\\\/\\\/cunext.com\\\/it\\\/?s={search_term_string}\"},\"query-input\":{\"@type\":\"PropertyValueSpecification\",\"valueRequired\":true,\"valueName\":\"search_term_string\"}}],\"inLanguage\":\"it-IT\"},{\"@type\":\"Organization\",\"@id\":\"https:\\\/\\\/cunext.com\\\/it\\\/#organization\",\"name\":\"Cunext Group\",\"url\":\"https:\\\/\\\/cunext.com\\\/it\\\/\",\"logo\":{\"@type\":\"ImageObject\",\"inLanguage\":\"it-IT\",\"@id\":\"https:\\\/\\\/cunext.com\\\/it\\\/#\\\/schema\\\/logo\\\/image\\\/\",\"url\":\"https:\\\/\\\/cunext.com\\\/wp-content\\\/uploads\\\/2020\\\/04\\\/logo-cunext.png\",\"contentUrl\":\"https:\\\/\\\/cunext.com\\\/wp-content\\\/uploads\\\/2020\\\/04\\\/logo-cunext.png\",\"width\":229,\"height\":57,\"caption\":\"Cunext Group\"},\"image\":{\"@id\":\"https:\\\/\\\/cunext.com\\\/it\\\/#\\\/schema\\\/logo\\\/image\\\/\"},\"sameAs\":[\"https:\\\/\\\/www.linkedin.com\\\/company\\\/cunext-copper-industries-sl\\\/\"]}]}<\/script>\n<!-- \/ Yoast SEO plugin. -->","yoast_head_json":{"title":"Canale Etico - Cunext","description":"CUNEXT GROUP se especializa en la transformaci\u00f3n de cobre y aluminio de la m\u00e1s alta calidad, siempre centrados en la innovaci\u00f3n continua y el desarrollo.","robots":{"index":"index","follow":"follow","max-snippet":"max-snippet:-1","max-image-preview":"max-image-preview:large","max-video-preview":"max-video-preview:-1"},"canonical":"https:\/\/cunext.com\/it\/sostenibilita\/canale-etico\/","og_locale":"it_IT","og_type":"article","og_title":"Canale Etico - Cunext","og_description":"CUNEXT GROUP se especializa en la transformaci\u00f3n de cobre y aluminio de la m\u00e1s alta calidad, siempre centrados en la innovaci\u00f3n continua y el desarrollo.","og_url":"https:\/\/cunext.com\/it\/sostenibilita\/canale-etico\/","og_site_name":"Cunext","article_modified_time":"2023-06-09T06:53:29+00:00","og_image":[{"width":1600,"height":378,"url":"https:\/\/cunext.com\/wp-content\/uploads\/2020\/04\/cabecera-denuncuas.jpg","type":"image\/jpeg"}],"twitter_card":"summary_large_image","twitter_misc":{"Tempo di lettura stimato":"2 minuti"},"schema":{"@context":"https:\/\/schema.org","@graph":[{"@type":"WebPage","@id":"https:\/\/cunext.com\/it\/sostenibilita\/canale-etico\/","url":"https:\/\/cunext.com\/it\/sostenibilita\/canale-etico\/","name":"Canale Etico - Cunext","isPartOf":{"@id":"https:\/\/cunext.com\/it\/#website"},"primaryImageOfPage":{"@id":"https:\/\/cunext.com\/it\/sostenibilita\/canale-etico\/#primaryimage"},"image":{"@id":"https:\/\/cunext.com\/it\/sostenibilita\/canale-etico\/#primaryimage"},"thumbnailUrl":"https:\/\/cunext.com\/wp-content\/uploads\/2020\/04\/cabecera-denuncuas.jpg","datePublished":"2020-04-07T07:50:12+00:00","dateModified":"2023-06-09T06:53:29+00:00","description":"CUNEXT GROUP se especializa en la transformaci\u00f3n de cobre y aluminio de la m\u00e1s alta calidad, siempre centrados en la innovaci\u00f3n continua y el desarrollo.","breadcrumb":{"@id":"https:\/\/cunext.com\/it\/sostenibilita\/canale-etico\/#breadcrumb"},"inLanguage":"it-IT","potentialAction":[{"@type":"ReadAction","target":["https:\/\/cunext.com\/it\/sostenibilita\/canale-etico\/"]}]},{"@type":"ImageObject","inLanguage":"it-IT","@id":"https:\/\/cunext.com\/it\/sostenibilita\/canale-etico\/#primaryimage","url":"https:\/\/cunext.com\/wp-content\/uploads\/2020\/04\/cabecera-denuncuas.jpg","contentUrl":"https:\/\/cunext.com\/wp-content\/uploads\/2020\/04\/cabecera-denuncuas.jpg","width":1600,"height":378,"caption":"cobre-construccion"},{"@type":"BreadcrumbList","@id":"https:\/\/cunext.com\/it\/sostenibilita\/canale-etico\/#breadcrumb","itemListElement":[{"@type":"ListItem","position":1,"name":"Portada","item":"https:\/\/cunext.com\/it\/"},{"@type":"ListItem","position":2,"name":"Sostenibilit\u00e0","item":"https:\/\/cunext.com\/it\/sostenibilita\/"},{"@type":"ListItem","position":3,"name":"Canale Etico"}]},{"@type":"WebSite","@id":"https:\/\/cunext.com\/it\/#website","url":"https:\/\/cunext.com\/it\/","name":"Cunext","description":"Transformaci\u00f3n de cobre y aluminio","publisher":{"@id":"https:\/\/cunext.com\/it\/#organization"},"potentialAction":[{"@type":"SearchAction","target":{"@type":"EntryPoint","urlTemplate":"https:\/\/cunext.com\/it\/?s={search_term_string}"},"query-input":{"@type":"PropertyValueSpecification","valueRequired":true,"valueName":"search_term_string"}}],"inLanguage":"it-IT"},{"@type":"Organization","@id":"https:\/\/cunext.com\/it\/#organization","name":"Cunext Group","url":"https:\/\/cunext.com\/it\/","logo":{"@type":"ImageObject","inLanguage":"it-IT","@id":"https:\/\/cunext.com\/it\/#\/schema\/logo\/image\/","url":"https:\/\/cunext.com\/wp-content\/uploads\/2020\/04\/logo-cunext.png","contentUrl":"https:\/\/cunext.com\/wp-content\/uploads\/2020\/04\/logo-cunext.png","width":229,"height":57,"caption":"Cunext Group"},"image":{"@id":"https:\/\/cunext.com\/it\/#\/schema\/logo\/image\/"},"sameAs":["https:\/\/www.linkedin.com\/company\/cunext-copper-industries-sl\/"]}]}},"_links":{"self":[{"href":"https:\/\/cunext.com\/it\/wp-json\/wp\/v2\/pages\/1448","targetHints":{"allow":["GET"]}}],"collection":[{"href":"https:\/\/cunext.com\/it\/wp-json\/wp\/v2\/pages"}],"about":[{"href":"https:\/\/cunext.com\/it\/wp-json\/wp\/v2\/types\/page"}],"author":[{"embeddable":true,"href":"https:\/\/cunext.com\/it\/wp-json\/wp\/v2\/users\/6"}],"replies":[{"embeddable":true,"href":"https:\/\/cunext.com\/it\/wp-json\/wp\/v2\/comments?post=1448"}],"version-history":[{"count":5,"href":"https:\/\/cunext.com\/it\/wp-json\/wp\/v2\/pages\/1448\/revisions"}],"predecessor-version":[{"id":4104,"href":"https:\/\/cunext.com\/it\/wp-json\/wp\/v2\/pages\/1448\/revisions\/4104"}],"up":[{"embeddable":true,"href":"https:\/\/cunext.com\/it\/wp-json\/wp\/v2\/pages\/1444"}],"wp:featuredmedia":[{"embeddable":true,"href":"https:\/\/cunext.com\/it\/wp-json\/wp\/v2\/media\/1879"}],"wp:attachment":[{"href":"https:\/\/cunext.com\/it\/wp-json\/wp\/v2\/media?parent=1448"}],"curies":[{"name":"wp","href":"https:\/\/api.w.org\/{rel}","templated":true}]}}