{"id":1444,"date":"2020-04-07T08:42:24","date_gmt":"2020-04-07T07:42:24","guid":{"rendered":"https:\/\/www.cunext.com\/?page_id=1444"},"modified":"2023-05-30T10:35:59","modified_gmt":"2023-05-30T09:35:59","slug":"sostenibilita","status":"publish","type":"page","link":"https:\/\/cunext.com\/it\/sostenibilita\/","title":{"rendered":"Sostenibilit\u00e0"},"content":{"rendered":"\r\n<h2 class=\"principal ancho-limitado wp-block-heading\"><strong> I NOSTRI OBIETTIVI AZIENDALI UNITI AL NOSTRO IMPEGNO PER L&#8217;AMBIENTE<\/strong><\/h2>\r\n\r\n\r\n\r\n<div class=\"wp-block-columns is-layout-flex wp-container-core-columns-is-layout-28f84493 wp-block-columns-is-layout-flex\">\r\n<div class=\"wp-block-column bloqueTextoSostenibilidad is-layout-flow wp-block-column-is-layout-flow\">\r\n<p><strong>L&#8217;obiettivo principale della Sostenibilit\u00e0 <\/strong>\u00e8 quello<strong> <\/strong>di soddisfare i bisogni del presente <strong>senza compromettere le generazioni future, garantendo l&#8217;equilibrio<\/strong> tra la crescita economica, la cura dell&#8217;ambiente e il benessere sociale.<\/p>\r\n\r\n\r\n\r\n<p><strong>Dal Cunext Group contribuiamo attivamente e in modo volontario al miglioramento delle nostre condizioni <\/strong>sociali, economiche e ambientali. Questo contributo ha come principale obiettivo il miglioramento della situazione competitiva, con un valore aggiunto per la strategia aziendale.&nbsp;<\/p>\r\n\r\n\r\n\r\n<p>CUNEXT, con la sua attivit\u00e0, svolge un ruolo rilevante nel raggiungimento di obiettivi globali di innovazione e sostenibilit\u00e0 in settori come le energie rinnovabili, le auto elettriche, la digitalizzazione o la modernizzazione dell&#8217;attuale rete elettrica.<\/p>\r\n<\/div>\r\n<\/div>\r\n\r\n\r\n<section class=\"iconos-enlazados\">\r\n    <div class=\"ancho-limitado-plus\">\r\n        <p class=\"titulo-iconos\"><\/p>\r\n                    <div class=\"iconos\">\r\n                                    <div class=\"icono\">\r\n                        <div class=\"img-icono\">\r\n                            <img decoding=\"async\" src=\"https:\/\/cunext.com\/wp-content\/uploads\/2020\/01\/empresarios-estrecharme-mano-despues-reunirse-cafe_8087-3398.jpg\" title=\"Codice etico e di condotta\" alt=\"Codice etico e di condotta\"\/>\r\n                        <\/div>\r\n                        <div class=\"info-icono\">\r\n                            <h3>Codice etico e di condotta<\/h3>\r\n                            <p>Guida alla conoscenza dei valori aziendali di Cunext Group e all\u2019adesione a tali valor.<\/p>\r\n                            <p class=\"boton\"><a href=\"https:\/\/cunext.com\/it\/rsi\/codice-etico-e-di-condotta\/\">Visualizza di pi\u00f9<\/a><\/p>\r\n                        <\/div>\r\n                        <div style=\"clear: both;\"><\/div>\r\n                    <\/div>\r\n                                    <div class=\"icono\">\r\n                        <div class=\"img-icono\">\r\n                            <img decoding=\"async\" src=\"https:\/\/cunext.com\/wp-content\/uploads\/2023\/05\/Policy-on-reporting-infringements-and-consultations.jpg\" title=\"Politica di segnalazione delle violazioni e consultazione\" alt=\"Politica di segnalazione delle violazioni e consultazione\"\/>\r\n                        <\/div>\r\n                        <div class=\"info-icono\">\r\n                            <h3>Politica di segnalazione delle violazioni e consultazione<\/h3>\r\n                            <p>Politica che definisce i principi e le garanzie di azione di Cunext in relazione alla segnalazione delle violazioni e, in particolare, finalizzate a proteggere la persona che segnala la violazione e la persona interessata.<\/p>\r\n                            <p class=\"boton\"><a href=\"https:\/\/cunext.com\/it\/sostenibilita\/politica-segnalazione-violazioni\">Visualizza di pi\u00f9<\/a><\/p>\r\n                        <\/div>\r\n                        <div style=\"clear: both;\"><\/div>\r\n                    <\/div>\r\n                                    <div class=\"icono\">\r\n                        <div class=\"img-icono\">\r\n                            <img decoding=\"async\" src=\"https:\/\/cunext.com\/wp-content\/uploads\/2020\/01\/juez-conversando-su-cliente-sala-tribunal_23-2147898404.jpg\" title=\"Canale Etico\" alt=\"Canale Etico\"\/>\r\n                        <\/div>\r\n                        <div class=\"info-icono\">\r\n                            <h3>Canale Etico<\/h3>\r\n                            <p>Canale di comunicazione per la ricezione di denunce relative a violazioni del nostro codice etico.<\/p>\r\n                            <p class=\"boton\"><a href=\"https:\/\/cunext.com\/it\/sostenibilita\/canale-etico\/\">Visualizza di pi\u00f9<\/a><\/p>\r\n                        <\/div>\r\n                        <div style=\"clear: both;\"><\/div>\r\n                    <\/div>\r\n                                    <div class=\"icono\">\r\n                        <div class=\"img-icono\">\r\n                            <img decoding=\"async\" src=\"https:\/\/cunext.com\/wp-content\/uploads\/2020\/01\/ver-cosechado-mujer-rellenar-formulario-solicitud_1262-2110.jpg\" title=\"Politica di gestione\" alt=\"Politica di gestione\"\/>\r\n                        <\/div>\r\n                        <div class=\"info-icono\">\r\n                            <h3>Politica di gestione<\/h3>\r\n                            <p>Principi su cui si basa la nostra politica di gestione.<\/p>\r\n                            <p class=\"boton\"><a href=\"https:\/\/cunext.com\/it\/rsi\/politica-gestione\/\">Visualizza di pi\u00f9<\/a><\/p>\r\n                        <\/div>\r\n                        <div style=\"clear: both;\"><\/div>\r\n                    <\/div>\r\n                                    <div class=\"icono\">\r\n                        <div class=\"img-icono\">\r\n                            <img decoding=\"async\" src=\"https:\/\/cunext.com\/wp-content\/uploads\/2021\/09\/memorias-de-sostenibilidad-1.jpg\" title=\"Rapporto ESG\" alt=\"Rapporto ESG\"\/>\r\n                        <\/div>\r\n                        <div class=\"info-icono\">\r\n                            <h3>Rapporto ESG<\/h3>\r\n                            <p>Pubblicazione annuale del Rapporto ESG di Impresa del Gruppo in cui condividiamo obiettivi, sfide e risultati.<\/p>\r\n                            <p class=\"boton\"><a href=\"https:\/\/cunext.com\/it\/sostenibilita\/rapporto-esg\/\">Visualizza di pi\u00f9<\/a><\/p>\r\n                        <\/div>\r\n                        <div style=\"clear: both;\"><\/div>\r\n                    <\/div>\r\n                            <\/div>\r\n            <\/div>\r\n<\/section>","protected":false},"excerpt":{"rendered":"<p>I NOSTRI OBIETTIVI AZIENDALI UNITI AL NOSTRO IMPEGNO PER L&#8217;AMBIENTE L&#8217;obiettivo principale della Sostenibilit\u00e0 \u00e8 quello di soddisfare i bisogni del presente senza compromettere le&#8230;<\/p>\n","protected":false},"author":6,"featured_media":724,"parent":0,"menu_order":0,"comment_status":"closed","ping_status":"closed","template":"","meta":{"_acf_changed":false,"footnotes":""},"class_list":["post-1444","page","type-page","status-publish","has-post-thumbnail","hentry"],"acf":[],"yoast_head":"<!-- This site is optimized with the Yoast SEO plugin v27.5 - https:\/\/yoast.com\/product\/yoast-seo-wordpress\/ -->\n<title>Sostenibilit\u00e0 - Cunext<\/title>\n<meta name=\"description\" content=\"CUNEXT GROUP se especializa en la transformaci\u00f3n de cobre y aluminio de la m\u00e1s alta calidad, siempre centrados en la innovaci\u00f3n continua y el desarrollo.\" \/>\n<meta name=\"robots\" content=\"index, follow, max-snippet:-1, max-image-preview:large, max-video-preview:-1\" \/>\n<link rel=\"canonical\" href=\"https:\/\/cunext.com\/it\/sostenibilita\/\" \/>\n<meta property=\"og:locale\" content=\"it_IT\" \/>\n<meta property=\"og:type\" content=\"article\" \/>\n<meta property=\"og:title\" content=\"Sostenibilit\u00e0 - Cunext\" \/>\n<meta property=\"og:description\" content=\"CUNEXT GROUP se especializa en la transformaci\u00f3n de cobre y aluminio de la m\u00e1s alta calidad, siempre centrados en la innovaci\u00f3n continua y el desarrollo.\" \/>\n<meta property=\"og:url\" content=\"https:\/\/cunext.com\/it\/sostenibilita\/\" \/>\n<meta property=\"og:site_name\" content=\"Cunext\" \/>\n<meta property=\"article:modified_time\" content=\"2023-05-30T09:35:59+00:00\" \/>\n<meta property=\"og:image\" content=\"https:\/\/cunext.com\/wp-content\/uploads\/2020\/01\/aluminum-audio-close-up-design-373632.jpg\" \/>\n\t<meta property=\"og:image:width\" content=\"1600\" \/>\n\t<meta property=\"og:image:height\" content=\"1067\" \/>\n\t<meta property=\"og:image:type\" content=\"image\/jpeg\" \/>\n<meta name=\"twitter:card\" content=\"summary_large_image\" \/>\n<meta name=\"twitter:label1\" content=\"Tempo di lettura stimato\" \/>\n\t<meta name=\"twitter:data1\" content=\"1 minuto\" \/>\n<script type=\"application\/ld+json\" class=\"yoast-schema-graph\">{\"@context\":\"https:\\\/\\\/schema.org\",\"@graph\":[{\"@type\":\"WebPage\",\"@id\":\"https:\\\/\\\/cunext.com\\\/it\\\/sostenibilita\\\/\",\"url\":\"https:\\\/\\\/cunext.com\\\/it\\\/sostenibilita\\\/\",\"name\":\"Sostenibilit\u00e0 - Cunext\",\"isPartOf\":{\"@id\":\"https:\\\/\\\/cunext.com\\\/it\\\/#website\"},\"primaryImageOfPage\":{\"@id\":\"https:\\\/\\\/cunext.com\\\/it\\\/sostenibilita\\\/#primaryimage\"},\"image\":{\"@id\":\"https:\\\/\\\/cunext.com\\\/it\\\/sostenibilita\\\/#primaryimage\"},\"thumbnailUrl\":\"https:\\\/\\\/cunext.com\\\/wp-content\\\/uploads\\\/2020\\\/01\\\/aluminum-audio-close-up-design-373632.jpg\",\"datePublished\":\"2020-04-07T07:42:24+00:00\",\"dateModified\":\"2023-05-30T09:35:59+00:00\",\"description\":\"CUNEXT GROUP se especializa en la transformaci\u00f3n de cobre y aluminio de la m\u00e1s alta calidad, siempre centrados en la innovaci\u00f3n continua y el desarrollo.\",\"breadcrumb\":{\"@id\":\"https:\\\/\\\/cunext.com\\\/it\\\/sostenibilita\\\/#breadcrumb\"},\"inLanguage\":\"it-IT\",\"potentialAction\":[{\"@type\":\"ReadAction\",\"target\":[\"https:\\\/\\\/cunext.com\\\/it\\\/sostenibilita\\\/\"]}]},{\"@type\":\"ImageObject\",\"inLanguage\":\"it-IT\",\"@id\":\"https:\\\/\\\/cunext.com\\\/it\\\/sostenibilita\\\/#primaryimage\",\"url\":\"https:\\\/\\\/cunext.com\\\/wp-content\\\/uploads\\\/2020\\\/01\\\/aluminum-audio-close-up-design-373632.jpg\",\"contentUrl\":\"https:\\\/\\\/cunext.com\\\/wp-content\\\/uploads\\\/2020\\\/01\\\/aluminum-audio-close-up-design-373632.jpg\",\"width\":1600,\"height\":1067,\"caption\":\"estructura-de-cobre\"},{\"@type\":\"BreadcrumbList\",\"@id\":\"https:\\\/\\\/cunext.com\\\/it\\\/sostenibilita\\\/#breadcrumb\",\"itemListElement\":[{\"@type\":\"ListItem\",\"position\":1,\"name\":\"Portada\",\"item\":\"https:\\\/\\\/cunext.com\\\/it\\\/\"},{\"@type\":\"ListItem\",\"position\":2,\"name\":\"Sostenibilit\u00e0\"}]},{\"@type\":\"WebSite\",\"@id\":\"https:\\\/\\\/cunext.com\\\/it\\\/#website\",\"url\":\"https:\\\/\\\/cunext.com\\\/it\\\/\",\"name\":\"Cunext\",\"description\":\"Transformaci\u00f3n de cobre y aluminio\",\"publisher\":{\"@id\":\"https:\\\/\\\/cunext.com\\\/it\\\/#organization\"},\"potentialAction\":[{\"@type\":\"SearchAction\",\"target\":{\"@type\":\"EntryPoint\",\"urlTemplate\":\"https:\\\/\\\/cunext.com\\\/it\\\/?s={search_term_string}\"},\"query-input\":{\"@type\":\"PropertyValueSpecification\",\"valueRequired\":true,\"valueName\":\"search_term_string\"}}],\"inLanguage\":\"it-IT\"},{\"@type\":\"Organization\",\"@id\":\"https:\\\/\\\/cunext.com\\\/it\\\/#organization\",\"name\":\"Cunext Group\",\"url\":\"https:\\\/\\\/cunext.com\\\/it\\\/\",\"logo\":{\"@type\":\"ImageObject\",\"inLanguage\":\"it-IT\",\"@id\":\"https:\\\/\\\/cunext.com\\\/it\\\/#\\\/schema\\\/logo\\\/image\\\/\",\"url\":\"https:\\\/\\\/cunext.com\\\/wp-content\\\/uploads\\\/2020\\\/04\\\/logo-cunext.png\",\"contentUrl\":\"https:\\\/\\\/cunext.com\\\/wp-content\\\/uploads\\\/2020\\\/04\\\/logo-cunext.png\",\"width\":229,\"height\":57,\"caption\":\"Cunext Group\"},\"image\":{\"@id\":\"https:\\\/\\\/cunext.com\\\/it\\\/#\\\/schema\\\/logo\\\/image\\\/\"},\"sameAs\":[\"https:\\\/\\\/www.linkedin.com\\\/company\\\/cunext-copper-industries-sl\\\/\"]}]}<\/script>\n<!-- \/ Yoast SEO plugin. -->","yoast_head_json":{"title":"Sostenibilit\u00e0 - Cunext","description":"CUNEXT GROUP se especializa en la transformaci\u00f3n de cobre y aluminio de la m\u00e1s alta calidad, siempre centrados en la innovaci\u00f3n continua y el desarrollo.","robots":{"index":"index","follow":"follow","max-snippet":"max-snippet:-1","max-image-preview":"max-image-preview:large","max-video-preview":"max-video-preview:-1"},"canonical":"https:\/\/cunext.com\/it\/sostenibilita\/","og_locale":"it_IT","og_type":"article","og_title":"Sostenibilit\u00e0 - Cunext","og_description":"CUNEXT GROUP se especializa en la transformaci\u00f3n de cobre y aluminio de la m\u00e1s alta calidad, siempre centrados en la innovaci\u00f3n continua y el desarrollo.","og_url":"https:\/\/cunext.com\/it\/sostenibilita\/","og_site_name":"Cunext","article_modified_time":"2023-05-30T09:35:59+00:00","og_image":[{"width":1600,"height":1067,"url":"https:\/\/cunext.com\/wp-content\/uploads\/2020\/01\/aluminum-audio-close-up-design-373632.jpg","type":"image\/jpeg"}],"twitter_card":"summary_large_image","twitter_misc":{"Tempo di lettura stimato":"1 minuto"},"schema":{"@context":"https:\/\/schema.org","@graph":[{"@type":"WebPage","@id":"https:\/\/cunext.com\/it\/sostenibilita\/","url":"https:\/\/cunext.com\/it\/sostenibilita\/","name":"Sostenibilit\u00e0 - Cunext","isPartOf":{"@id":"https:\/\/cunext.com\/it\/#website"},"primaryImageOfPage":{"@id":"https:\/\/cunext.com\/it\/sostenibilita\/#primaryimage"},"image":{"@id":"https:\/\/cunext.com\/it\/sostenibilita\/#primaryimage"},"thumbnailUrl":"https:\/\/cunext.com\/wp-content\/uploads\/2020\/01\/aluminum-audio-close-up-design-373632.jpg","datePublished":"2020-04-07T07:42:24+00:00","dateModified":"2023-05-30T09:35:59+00:00","description":"CUNEXT GROUP se especializa en la transformaci\u00f3n de cobre y aluminio de la m\u00e1s alta calidad, siempre centrados en la innovaci\u00f3n continua y el desarrollo.","breadcrumb":{"@id":"https:\/\/cunext.com\/it\/sostenibilita\/#breadcrumb"},"inLanguage":"it-IT","potentialAction":[{"@type":"ReadAction","target":["https:\/\/cunext.com\/it\/sostenibilita\/"]}]},{"@type":"ImageObject","inLanguage":"it-IT","@id":"https:\/\/cunext.com\/it\/sostenibilita\/#primaryimage","url":"https:\/\/cunext.com\/wp-content\/uploads\/2020\/01\/aluminum-audio-close-up-design-373632.jpg","contentUrl":"https:\/\/cunext.com\/wp-content\/uploads\/2020\/01\/aluminum-audio-close-up-design-373632.jpg","width":1600,"height":1067,"caption":"estructura-de-cobre"},{"@type":"BreadcrumbList","@id":"https:\/\/cunext.com\/it\/sostenibilita\/#breadcrumb","itemListElement":[{"@type":"ListItem","position":1,"name":"Portada","item":"https:\/\/cunext.com\/it\/"},{"@type":"ListItem","position":2,"name":"Sostenibilit\u00e0"}]},{"@type":"WebSite","@id":"https:\/\/cunext.com\/it\/#website","url":"https:\/\/cunext.com\/it\/","name":"Cunext","description":"Transformaci\u00f3n de cobre y aluminio","publisher":{"@id":"https:\/\/cunext.com\/it\/#organization"},"potentialAction":[{"@type":"SearchAction","target":{"@type":"EntryPoint","urlTemplate":"https:\/\/cunext.com\/it\/?s={search_term_string}"},"query-input":{"@type":"PropertyValueSpecification","valueRequired":true,"valueName":"search_term_string"}}],"inLanguage":"it-IT"},{"@type":"Organization","@id":"https:\/\/cunext.com\/it\/#organization","name":"Cunext Group","url":"https:\/\/cunext.com\/it\/","logo":{"@type":"ImageObject","inLanguage":"it-IT","@id":"https:\/\/cunext.com\/it\/#\/schema\/logo\/image\/","url":"https:\/\/cunext.com\/wp-content\/uploads\/2020\/04\/logo-cunext.png","contentUrl":"https:\/\/cunext.com\/wp-content\/uploads\/2020\/04\/logo-cunext.png","width":229,"height":57,"caption":"Cunext Group"},"image":{"@id":"https:\/\/cunext.com\/it\/#\/schema\/logo\/image\/"},"sameAs":["https:\/\/www.linkedin.com\/company\/cunext-copper-industries-sl\/"]}]}},"_links":{"self":[{"href":"https:\/\/cunext.com\/it\/wp-json\/wp\/v2\/pages\/1444","targetHints":{"allow":["GET"]}}],"collection":[{"href":"https:\/\/cunext.com\/it\/wp-json\/wp\/v2\/pages"}],"about":[{"href":"https:\/\/cunext.com\/it\/wp-json\/wp\/v2\/types\/page"}],"author":[{"embeddable":true,"href":"https:\/\/cunext.com\/it\/wp-json\/wp\/v2\/users\/6"}],"replies":[{"embeddable":true,"href":"https:\/\/cunext.com\/it\/wp-json\/wp\/v2\/comments?post=1444"}],"version-history":[{"count":29,"href":"https:\/\/cunext.com\/it\/wp-json\/wp\/v2\/pages\/1444\/revisions"}],"predecessor-version":[{"id":4072,"href":"https:\/\/cunext.com\/it\/wp-json\/wp\/v2\/pages\/1444\/revisions\/4072"}],"wp:featuredmedia":[{"embeddable":true,"href":"https:\/\/cunext.com\/it\/wp-json\/wp\/v2\/media\/724"}],"wp:attachment":[{"href":"https:\/\/cunext.com\/it\/wp-json\/wp\/v2\/media?parent=1444"}],"curies":[{"name":"wp","href":"https:\/\/api.w.org\/{rel}","templated":true}]}}