{"id":1440,"date":"2020-04-07T08:28:31","date_gmt":"2020-04-07T07:28:31","guid":{"rendered":"https:\/\/www.cunext.com\/?page_id=1440"},"modified":"2020-04-20T14:17:43","modified_gmt":"2020-04-20T13:17:43","slug":"catalogo","status":"publish","type":"page","link":"https:\/\/cunext.com\/it\/catalogo\/","title":{"rendered":"Catalogo"},"content":{"rendered":"\n<h2 class=\"wp-block-heading\"><strong>Catalogo completo dei prodotti di Cunext Group<\/strong><\/h2>\n\n\n\n<hr class=\"wp-block-separator has-text-color has-background is-style-default\" style=\"background-color:#a15d42;color:#a15d42\"\/>\n\n\n\n<div style=\"height:25px\" aria-hidden=\"true\" class=\"wp-block-spacer\"><\/div>\n\n\n\n<p>Scopri i nostri prodotti in dettaglio, ognuna delle loro propriet\u00e0 e varianti attraverso il nostro catalogo.<\/p>\n\n\n\n<div style=\"height:35px\" aria-hidden=\"true\" class=\"wp-block-spacer\"><\/div>\n\n\n\n\t\t\t<form id=\"formCatalogo\">\n\t\t\t\t<div class=\"un_tercio primero\">\n\t\t\t\t\t<input type=\"text\" class=\"requerido\" name=\"nombre\" id=\"nombre\" placeholder=\"Nome *\" value=\"\" required \/>\n\t\t\t\t<\/div>\n\t\t\t\t<div class=\"un_tercio\">\n\t\t\t\t\t<input type=\"text\" name=\"empresa\" id=\"empresa\" placeholder=\"Azienda\" value=\"\" required \/>\n\t\t\t\t<\/div>\n\t\t\t\t<div class=\"un_tercio ultimo\">\n\t\t\t\t\t<input type=\"text\" class=\"requerido\" name=\"email\" id=\"email\" placeholder=\"E-mail *\" value=\"\" required \/>\n\t\t\t\t<\/div>\n\t\t\t\t<div style=\"clear: both;\"><\/div>\n\t\t\t\t<p class=\"aviso-legal-catalogo\"><input type=\"checkbox\" name=\"aviso-legal\" id=\"aviso-legal\"\/> <label for=\"aviso-legal\">Confermo di aver letto e accettato la <a href=\"https:\/\/cunext.com\/it\/avviso-legale\" target=\"_blank\" rel=\"nofollow\">Note legale<\/a> e <a href=\"https:\/\/cunext.com\/it\/\/aviso-de-privacidad\">l'Informativa sulla privacy<\/a> di Cunext Group.<\/label><\/p>\n\t\t\t\t<p class=\"solicitud-comercial-catalogo\"><input type=\"checkbox\" name=\"solicitud-comercial\" id=\"solicitud-comercial\"\/> <label for=\"solicitud-comercial\">Richiedo informazioni commerciali.<\/label><\/p>\n\t\t\t\t<!-- <p id=\"p-captcha\"><span id=\"captcha\"><\/span><input class=\"requerido\" type=\"text\" name=\"input-captcha\" id=\"input-captcha\"\/><\/p> -->\n\t\n\t\t\t\t<div style=\"clear:both\"><\/div>\n\t\n\t\t\t\t<!-- <p class=\"enviar-catalogo\"><input type=\"button\" name=\"enviar\" id=\"enviar\" value=\"Scaricare\" \/><\/p>\n<button id=\"enviar\" class=\"g-recaptcha\" data-sitekey=\"6LcKD9QqAAAAAHF3ZolI86-dwcCmTdM5Ca2dYnlL\"\tdata-callback=\"onSubmitCatalogo\">Descargar<\/button>-->\n\n\n<script src=\"https:\/\/www.google.com\/recaptcha\/api.js?render=6LcKD9QqAAAAAHF3ZolI86-dwcCmTdM5Ca2dYnlL\"><\/script>\n\n<form id=\"comprobacion-captcha-catalogo\" action=\"?\" method=\"POST\">\n    <input type=\"hidden\" name=\"recaptcha_token\" id=\"recaptcha_token_catalogo\">\n    <button id=\"enviar\" value=\"Submit\" type=\"submit\">-Scaricare-<\/button>\n<\/form>\n\n<script>\ngrecaptcha.ready(function () {\n    document.getElementById('comprobacion-captcha-catalogo').addEventListener('submit', function (e) {\n        e.preventDefault();\n        grecaptcha.execute('6LcKD9QqAAAAAHF3ZolI86-dwcCmTdM5Ca2dYnlL', { action: 'catalogo' }).then(function (token) {\n            document.getElementById('recaptcha_token_catalogo').value = token;\n            e.target.submit();\n        });\n    });\n});\n<\/script>\n\t\t\t\t<!--<form id=\"comprobacion-captcha-catalogo\" action=\"?\" method=\"POST\">\n\t\t\t\t\t<div class=\"g-recaptcha\" data-sitekey=\"6LcKD9QqAAAAAHF3ZolI86-dwcCmTdM5Ca2dYnlL\"><\/div>\n\t\t\t\t\t<button id=\"enviar\" value=\"Submit\" type=\"submit\">-Scaricare-<\/button>\n\t\t\t\t<\/form>-->\n\n\t\n\t\t\t\t<div style=\"clear: both;\"><\/div>\n\t\n\t\t\t\t<p id=\"msj\"><\/p>\n\t\t\t<\/form>\n\t\t\t<script>\n\t\t\t\tfunction onSubmitCatalogo(token) {\n\t\t\t\t\tenviar();\n\t\t\t\t}\n\n\t\t\t\tfunction validar(){\n\t\t\t\t\tlimpiarMensajes(); \n\t\t\t\t\tif(!obligatorios()){ $('#msj').html('\u00c8 necessario compilare i campi richiesti.');\t$('#msj').addClass('errores');\t }\n\t\t\t\t\tif(!($('#aviso-legal').is(':checked'))){\n\t\t\t\t\t\tif($('#msj').html()==''){\n\t\t\t\t\t\t\t$('#msj').html('\u00c8 necessario accettare le Note legali e l\u00b4informativa sulla privacy.');\n\t\t\t\t\t\t\t$('#msj').addClass('errores');\n\t\t\t\t\t\t} else {\n\t\t\t\t\t\t\t$('#msj').html($('#msj').html()+'<br\/>\u00c8 necessario accettare le Note legali e l\u00b4informativa sulla privacy.');\n\t\t\t\t\t\t}\n\t\t\t\t\t}\n\t\n\t\t\t\t\t\t\t\t\t\tif($.trim($('#email').val()) != ''){\n\t\t\t\t\t\tif(!isValidEmailAddress($.trim($('#email').val()))){\n\t\t\t\t\t\t\tif($('#msj').html()!='')    $('#msj').html($('#msj').html()+'<br \/>');\n\t\t\t\t\t\t\t$('#msj').html($('#msj').html()+'L\u00b4e-mail inserita non \u00e8 valida.');\n\t\t\t\t\t\t\t$('#email').addClass('errores');\n\t\t\t\t\t\t}\n\t\t\t\t\t}\n\t\n\t\t\t\t\tif($('#msj').html()=='')\tenviar();\n\t\t\t\t\telse\t$('#msj').addClass('errores');\n\t\t\t\t}\n\t\t\t\t\n\t\t\t\tfunction obligatorios(){\n\t\t\t\t\tvar ok = true;\n\t\t\t\t\t$('#formCatalogo .requerido').each(function(){\n\t\t\t\t\t\tif($.trim($(this).val())==''){\n\t\t\t\t\t\t\t$(this).addClass('errores');\n\t\t\t\t\t\t\tok = false;\n\t\t\t\t\t\t}\n\t\t\t\t\t});\n\t\t\t\t\treturn ok;\n\t\t\t\t}\n\t\t\t\t\n\t\t\t\tfunction limpiarMensajes(){\n\t\t\t\t\t$('#formCatalogo input[type=text]').each(function(){ $(this).removeClass('errores');  });\n\t\t\t\t\t$('#msj').html(''); $('#msj').removeClass('errores'); $('#msj').removeClass('correcto'); \n\t\t\t\t}\n\t\t\t\t\n\t\t\t\tfunction limpiarDatos(){\n\t\t\t\t\t$('#formCatalogo input[type=text]').each(function(){ $(this).val(''); });\n\t\t\t\t\t\/\/$('#formCatalogo textarea').each(function(){ $(this).val(''); });\n\t\t\t\t\t$('#formCatalogo #aviso-legal').click();\n\t\t\t\t\tif(($('#formCatalogo #solicitud-comercial').is(':checked'))){\n\t\t\t\t\t\t$('#formCatalogo #solicitud-comercial').click();\n\t\t\t\t\t}\n\t\t\t\t}\n\t\t\t\t\n\t\t\t\tfunction limpiar(){\n\t\t\t\t\tlimpiarMensajes(); limpiarDatos();\n\t\t\t\t}\n\n\t\t\t\tfunction triggerDownload(url, filename) {\n\t\t\t\t\tconst a = document.createElement('a');\n\t\t\t\t\ta.href = url;\n\t\t\t\t\ta.download = filename;\n\t\t\t\t\ta.style.display = 'none';\n\t\t\t\t\tdocument.getElementsByTagName('body')[0].appendChild(a);\n\t\t\t\t\ta.click();\n\t\t\t\t\tdocument.getElementsByTagName('body')[0].removeChild(a);\n\t\t\t\t}\n\t\t\t\t\n\t\t\t\tfunction enviar(){\n\n\t\t\t\t\t\/\/ var url = '\/images\/catalogo_cunext.pdf';\n\t\t\t\t\t\/\/ var elemento = '<a id=\"link-catalogo-descarga-pdf\" download>';\n\t\t\t\t\t\/\/ document.body.appendChild(elemento);\n\t\t\t\t\t\/\/ $('#link-catalogo-descarga-pdf').attr('href', url);\n\t\t\t\t\t\/\/ Obtener la respuesta del reCAPTCHA\n\t\t\t\t\t\t\/\/var captchaResponse = grecaptcha.getResponse();\n\n\t\t\t\t\t\t\/\/ Verificar si se ha seleccionado el CAPTCHA\n\t\t\t\t\t\t\/*if (captchaResponse == \"\") {\n\t\t\t\t\t\t\talert(\"Por favor, complete el CAPTCHA.\");\n\t\t\t\t\t\t\treturn false; \/\/ Evitar el env\u00edo del formulario\n\t\t\t\t\t\t}*\/\n\t\t\t\t\t$('#msj').html('<span class=\"fa fa-spin fa-spinner\"><\/span>');\t\n\t\n\t\t\t\t\t\/*$.post('\/codigo\/includes\/ajax\/enviar-conacto.php', { to: \"\", nombre: $('#nombre').val(), empresa: $('#empresa').val(), email: $('#email').val(), asunto: $('#asunto').val(), $('#departamento option:selected').text(), mensaje: $('#mensaje').val()}, function(data) { \n\t\t\t\t\t\tif(data=='ok'){\n\t\t\t\t\t\t\t$('#msj').html('.');\n\t\t\t\t\t\t\t$('#msj').addClass('correcto');\n\t\t\t\t\t\t\tlimpiar();\n\t\t\t\t\t\t\twindow.location.href = \"\/gracias\";\n\t\t\t\t\t\t}else{\n\t\t\t\t\t\t\t$('#msj').html('.<br \/>.');\n\t\t\t\t\t\t\t$('#msj').addClass('errores');\n\t\t\t\t\t\t} \n\t\t\t\t\t});\t*\/\n\t\t\t\t\t\n\t\t\t\tvar formulario = $(\"#formCatalogo\")[0];\n\t\t\t\t\t\/\/Extraemos todos los campos del formulario\n\t\t\t\t\tvar datos_formulario = new FormData(formulario);\n\n\t\t\t\t\tdatos_formulario.append( 'to', \"pilar_marin@cunext.com, infocunext@cunext.com\");\n\t\t\t\t\tif(($('#formCatalogo #solicitud-comercial').is(':checked'))){\n\t\t\t\t\t\tdatos_formulario.append( 'solicitud-comercial', \"El cliente acepta recibir informaci\u00f3n comercial\");\n\t\t\t\t\t}\n\n\t\t\t\t\t$.ajax({\n\t\t\t\t\t\ttype: 'POST',\n\t\t\t\t\t\turl: 'https:\/\/cunext.com\/wp-content\/themes\/base\/codigo\/includes\/ajax\/enviar-catalogo.php',\n\t\t\t\t\t\tdata: datos_formulario,\n\t\t\t\t\t\tcontentType: false,\n\t\t\t\t\t\tprocessData: false\n\t\t\t\t\t}).always(function(data){\n\t\t\t\t\t\tif(data=='ok'){\n\t\t\t\t\t\t\t$('#msj').html('Messaggio consegnato con successo.');\n\t\t\t\t\t\t\t$('#msj').addClass('correcto');\n\t\t\t\t\t\t\tsetTimeout(triggerDownload('https:\/\/cunext.com\/wp-content\/themes\/base\/images\/Catalogo_General_Cunext_2023.pdf', 'Catalogo_General_Cunext_2023.pdf'), 1000);\n\t\t\t\t\t\t\tsetTimeout('limpiar()',5000);\n\t\t\t\t\t\t}else{\n\t\t\t\t\t\t\t$('#msj').html(data);\n\t\t\t\t\t\t\t$('#msj').addClass('errores');\n\t\t\t\t\t\t}\n\t\t\t\t\t});\t\t\n\t\t\t\t\t\t\t\t\n\t\t\t\t}\n\t\n\t\t\t\tfunction isValidEmailAddress(emailAddress) {\n\t\t\t\t\tvar pattern = new RegExp(\/^((\"[\\w-\\s]+\")|([\\w-]+(?:\\.[\\w-]+)*)|(\"[\\w-\\s]+\")([\\w-]+(?:\\.[\\w-]+)*))(@((?:[\\w-]+\\.)*\\w[\\w-]{0,66})\\.([a-z]{2,6}(?:\\.[a-z]{2})?)$)|(@\\[?((25[0-5]\\.|2[0-4][0-9]\\.|1[0-9]{2}\\.|[0-9]{1,2}\\.))((25[0-5]|2[0-4][0-9]|1[0-9]{2}|[0-9]{1,2})\\.){2}(25[0-5]|2[0-4][0-9]|1[0-9]{2}|[0-9]{1,2})\\]?$)\/i);\n\t\t\t\t\treturn pattern.test(emailAddress);\n\t\t\t\t}\n\t\t\t\t\n\t\t\t\t$(document).ready(function(){\n\t\t\t\t\t\t\t\t\t\t$('#enviar').click(function(){ validar(); });\n\n\t\t\t\t\t$('#comprobacion-captcha-catalogo').submit(function(e){\n\t\t\t\t\t\te.preventDefault();\n\t\t\t\t\t\t\/\/grecaptcha.execute();\n\t\t\t\t\t});\n\t\t\t\t\t\n\t\t\t\t\t$('input[type=text], textarea').focus(function(){ $(this).removeClass('errores'); });\n\t\t\t\t});\n\t\t\t<\/script>\n\t\t\t\n","protected":false},"excerpt":{"rendered":"<p>Catalogo completo dei prodotti di Cunext Group Scopri i nostri prodotti in dettaglio, ognuna delle loro propriet\u00e0 e varianti attraverso il nostro catalogo.<\/p>\n","protected":false},"author":6,"featured_media":1804,"parent":0,"menu_order":0,"comment_status":"closed","ping_status":"closed","template":"","meta":{"_acf_changed":false,"footnotes":""},"class_list":["post-1440","page","type-page","status-publish","has-post-thumbnail","hentry"],"acf":[],"yoast_head":"<!-- This site is optimized with the Yoast SEO plugin v27.4 - https:\/\/yoast.com\/product\/yoast-seo-wordpress\/ -->\n<title>Catalogo - Cunext<\/title>\n<meta name=\"description\" content=\"CUNEXT GROUP se especializa en la transformaci\u00f3n de cobre y aluminio de la m\u00e1s alta calidad, siempre centrados en la innovaci\u00f3n continua y el desarrollo.\" \/>\n<meta name=\"robots\" content=\"index, follow, max-snippet:-1, max-image-preview:large, max-video-preview:-1\" \/>\n<link rel=\"canonical\" href=\"https:\/\/cunext.com\/it\/catalogo\/\" \/>\n<meta property=\"og:locale\" content=\"it_IT\" \/>\n<meta property=\"og:type\" content=\"article\" \/>\n<meta property=\"og:title\" content=\"Catalogo - Cunext\" \/>\n<meta property=\"og:description\" content=\"CUNEXT GROUP se especializa en la transformaci\u00f3n de cobre y aluminio de la m\u00e1s alta calidad, siempre centrados en la innovaci\u00f3n continua y el desarrollo.\" \/>\n<meta property=\"og:url\" content=\"https:\/\/cunext.com\/it\/catalogo\/\" \/>\n<meta property=\"og:site_name\" content=\"Cunext\" \/>\n<meta property=\"article:modified_time\" content=\"2020-04-20T13:17:43+00:00\" \/>\n<meta property=\"og:image\" content=\"https:\/\/cunext.com\/wp-content\/uploads\/2020\/04\/cabecera-catalogo.jpg\" \/>\n\t<meta property=\"og:image:width\" content=\"1600\" \/>\n\t<meta property=\"og:image:height\" content=\"378\" \/>\n\t<meta property=\"og:image:type\" content=\"image\/jpeg\" \/>\n<meta name=\"twitter:card\" content=\"summary_large_image\" \/>\n<script type=\"application\/ld+json\" class=\"yoast-schema-graph\">{\"@context\":\"https:\\\/\\\/schema.org\",\"@graph\":[{\"@type\":\"WebPage\",\"@id\":\"https:\\\/\\\/cunext.com\\\/it\\\/catalogo\\\/\",\"url\":\"https:\\\/\\\/cunext.com\\\/it\\\/catalogo\\\/\",\"name\":\"Catalogo - Cunext\",\"isPartOf\":{\"@id\":\"https:\\\/\\\/cunext.com\\\/it\\\/#website\"},\"primaryImageOfPage\":{\"@id\":\"https:\\\/\\\/cunext.com\\\/it\\\/catalogo\\\/#primaryimage\"},\"image\":{\"@id\":\"https:\\\/\\\/cunext.com\\\/it\\\/catalogo\\\/#primaryimage\"},\"thumbnailUrl\":\"https:\\\/\\\/cunext.com\\\/wp-content\\\/uploads\\\/2020\\\/04\\\/cabecera-catalogo.jpg\",\"datePublished\":\"2020-04-07T07:28:31+00:00\",\"dateModified\":\"2020-04-20T13:17:43+00:00\",\"description\":\"CUNEXT GROUP se especializa en la transformaci\u00f3n de cobre y aluminio de la m\u00e1s alta calidad, siempre centrados en la innovaci\u00f3n continua y el desarrollo.\",\"breadcrumb\":{\"@id\":\"https:\\\/\\\/cunext.com\\\/it\\\/catalogo\\\/#breadcrumb\"},\"inLanguage\":\"it-IT\",\"potentialAction\":[{\"@type\":\"ReadAction\",\"target\":[\"https:\\\/\\\/cunext.com\\\/it\\\/catalogo\\\/\"]}]},{\"@type\":\"ImageObject\",\"inLanguage\":\"it-IT\",\"@id\":\"https:\\\/\\\/cunext.com\\\/it\\\/catalogo\\\/#primaryimage\",\"url\":\"https:\\\/\\\/cunext.com\\\/wp-content\\\/uploads\\\/2020\\\/04\\\/cabecera-catalogo.jpg\",\"contentUrl\":\"https:\\\/\\\/cunext.com\\\/wp-content\\\/uploads\\\/2020\\\/04\\\/cabecera-catalogo.jpg\",\"width\":1600,\"height\":378,\"caption\":\"cable-cobre\"},{\"@type\":\"BreadcrumbList\",\"@id\":\"https:\\\/\\\/cunext.com\\\/it\\\/catalogo\\\/#breadcrumb\",\"itemListElement\":[{\"@type\":\"ListItem\",\"position\":1,\"name\":\"Portada\",\"item\":\"https:\\\/\\\/cunext.com\\\/it\\\/\"},{\"@type\":\"ListItem\",\"position\":2,\"name\":\"Catalogo\"}]},{\"@type\":\"WebSite\",\"@id\":\"https:\\\/\\\/cunext.com\\\/it\\\/#website\",\"url\":\"https:\\\/\\\/cunext.com\\\/it\\\/\",\"name\":\"Cunext\",\"description\":\"Transformaci\u00f3n de cobre y aluminio\",\"publisher\":{\"@id\":\"https:\\\/\\\/cunext.com\\\/it\\\/#organization\"},\"potentialAction\":[{\"@type\":\"SearchAction\",\"target\":{\"@type\":\"EntryPoint\",\"urlTemplate\":\"https:\\\/\\\/cunext.com\\\/it\\\/?s={search_term_string}\"},\"query-input\":{\"@type\":\"PropertyValueSpecification\",\"valueRequired\":true,\"valueName\":\"search_term_string\"}}],\"inLanguage\":\"it-IT\"},{\"@type\":\"Organization\",\"@id\":\"https:\\\/\\\/cunext.com\\\/it\\\/#organization\",\"name\":\"Cunext Group\",\"url\":\"https:\\\/\\\/cunext.com\\\/it\\\/\",\"logo\":{\"@type\":\"ImageObject\",\"inLanguage\":\"it-IT\",\"@id\":\"https:\\\/\\\/cunext.com\\\/it\\\/#\\\/schema\\\/logo\\\/image\\\/\",\"url\":\"https:\\\/\\\/cunext.com\\\/wp-content\\\/uploads\\\/2020\\\/04\\\/logo-cunext.png\",\"contentUrl\":\"https:\\\/\\\/cunext.com\\\/wp-content\\\/uploads\\\/2020\\\/04\\\/logo-cunext.png\",\"width\":229,\"height\":57,\"caption\":\"Cunext Group\"},\"image\":{\"@id\":\"https:\\\/\\\/cunext.com\\\/it\\\/#\\\/schema\\\/logo\\\/image\\\/\"},\"sameAs\":[\"https:\\\/\\\/www.linkedin.com\\\/company\\\/cunext-copper-industries-sl\\\/\"]}]}<\/script>\n<!-- \/ Yoast SEO plugin. -->","yoast_head_json":{"title":"Catalogo - Cunext","description":"CUNEXT GROUP se especializa en la transformaci\u00f3n de cobre y aluminio de la m\u00e1s alta calidad, siempre centrados en la innovaci\u00f3n continua y el desarrollo.","robots":{"index":"index","follow":"follow","max-snippet":"max-snippet:-1","max-image-preview":"max-image-preview:large","max-video-preview":"max-video-preview:-1"},"canonical":"https:\/\/cunext.com\/it\/catalogo\/","og_locale":"it_IT","og_type":"article","og_title":"Catalogo - Cunext","og_description":"CUNEXT GROUP se especializa en la transformaci\u00f3n de cobre y aluminio de la m\u00e1s alta calidad, siempre centrados en la innovaci\u00f3n continua y el desarrollo.","og_url":"https:\/\/cunext.com\/it\/catalogo\/","og_site_name":"Cunext","article_modified_time":"2020-04-20T13:17:43+00:00","og_image":[{"width":1600,"height":378,"url":"https:\/\/cunext.com\/wp-content\/uploads\/2020\/04\/cabecera-catalogo.jpg","type":"image\/jpeg"}],"twitter_card":"summary_large_image","schema":{"@context":"https:\/\/schema.org","@graph":[{"@type":"WebPage","@id":"https:\/\/cunext.com\/it\/catalogo\/","url":"https:\/\/cunext.com\/it\/catalogo\/","name":"Catalogo - Cunext","isPartOf":{"@id":"https:\/\/cunext.com\/it\/#website"},"primaryImageOfPage":{"@id":"https:\/\/cunext.com\/it\/catalogo\/#primaryimage"},"image":{"@id":"https:\/\/cunext.com\/it\/catalogo\/#primaryimage"},"thumbnailUrl":"https:\/\/cunext.com\/wp-content\/uploads\/2020\/04\/cabecera-catalogo.jpg","datePublished":"2020-04-07T07:28:31+00:00","dateModified":"2020-04-20T13:17:43+00:00","description":"CUNEXT GROUP se especializa en la transformaci\u00f3n de cobre y aluminio de la m\u00e1s alta calidad, siempre centrados en la innovaci\u00f3n continua y el desarrollo.","breadcrumb":{"@id":"https:\/\/cunext.com\/it\/catalogo\/#breadcrumb"},"inLanguage":"it-IT","potentialAction":[{"@type":"ReadAction","target":["https:\/\/cunext.com\/it\/catalogo\/"]}]},{"@type":"ImageObject","inLanguage":"it-IT","@id":"https:\/\/cunext.com\/it\/catalogo\/#primaryimage","url":"https:\/\/cunext.com\/wp-content\/uploads\/2020\/04\/cabecera-catalogo.jpg","contentUrl":"https:\/\/cunext.com\/wp-content\/uploads\/2020\/04\/cabecera-catalogo.jpg","width":1600,"height":378,"caption":"cable-cobre"},{"@type":"BreadcrumbList","@id":"https:\/\/cunext.com\/it\/catalogo\/#breadcrumb","itemListElement":[{"@type":"ListItem","position":1,"name":"Portada","item":"https:\/\/cunext.com\/it\/"},{"@type":"ListItem","position":2,"name":"Catalogo"}]},{"@type":"WebSite","@id":"https:\/\/cunext.com\/it\/#website","url":"https:\/\/cunext.com\/it\/","name":"Cunext","description":"Transformaci\u00f3n de cobre y aluminio","publisher":{"@id":"https:\/\/cunext.com\/it\/#organization"},"potentialAction":[{"@type":"SearchAction","target":{"@type":"EntryPoint","urlTemplate":"https:\/\/cunext.com\/it\/?s={search_term_string}"},"query-input":{"@type":"PropertyValueSpecification","valueRequired":true,"valueName":"search_term_string"}}],"inLanguage":"it-IT"},{"@type":"Organization","@id":"https:\/\/cunext.com\/it\/#organization","name":"Cunext Group","url":"https:\/\/cunext.com\/it\/","logo":{"@type":"ImageObject","inLanguage":"it-IT","@id":"https:\/\/cunext.com\/it\/#\/schema\/logo\/image\/","url":"https:\/\/cunext.com\/wp-content\/uploads\/2020\/04\/logo-cunext.png","contentUrl":"https:\/\/cunext.com\/wp-content\/uploads\/2020\/04\/logo-cunext.png","width":229,"height":57,"caption":"Cunext Group"},"image":{"@id":"https:\/\/cunext.com\/it\/#\/schema\/logo\/image\/"},"sameAs":["https:\/\/www.linkedin.com\/company\/cunext-copper-industries-sl\/"]}]}},"_links":{"self":[{"href":"https:\/\/cunext.com\/it\/wp-json\/wp\/v2\/pages\/1440","targetHints":{"allow":["GET"]}}],"collection":[{"href":"https:\/\/cunext.com\/it\/wp-json\/wp\/v2\/pages"}],"about":[{"href":"https:\/\/cunext.com\/it\/wp-json\/wp\/v2\/types\/page"}],"author":[{"embeddable":true,"href":"https:\/\/cunext.com\/it\/wp-json\/wp\/v2\/users\/6"}],"replies":[{"embeddable":true,"href":"https:\/\/cunext.com\/it\/wp-json\/wp\/v2\/comments?post=1440"}],"version-history":[{"count":1,"href":"https:\/\/cunext.com\/it\/wp-json\/wp\/v2\/pages\/1440\/revisions"}],"predecessor-version":[{"id":1441,"href":"https:\/\/cunext.com\/it\/wp-json\/wp\/v2\/pages\/1440\/revisions\/1441"}],"wp:featuredmedia":[{"embeddable":true,"href":"https:\/\/cunext.com\/it\/wp-json\/wp\/v2\/media\/1804"}],"wp:attachment":[{"href":"https:\/\/cunext.com\/it\/wp-json\/wp\/v2\/media?parent=1440"}],"curies":[{"name":"wp","href":"https:\/\/api.w.org\/{rel}","templated":true}]}}