{"id":1431,"date":"2020-04-07T08:24:34","date_gmt":"2020-04-07T07:24:34","guid":{"rendered":"https:\/\/www.cunext.com\/?page_id=1431"},"modified":"2026-02-02T14:21:16","modified_gmt":"2026-02-02T13:21:16","slug":"ambiente","status":"publish","type":"page","link":"https:\/\/cunext.com\/it\/certificati\/ambiente\/","title":{"rendered":"Ambiente"},"content":{"rendered":"\r\n<h2 class=\"wp-block-heading\"><strong>Impegno di Cunext Group per l&#8217;ambiente<\/strong><\/h2>\r\n\r\n\r\n\r\n<hr class=\"wp-block-separator has-text-color has-css-opacity has-background is-style-default\" style=\"background-color:#a15d42;color:#a15d42\"\/>\r\n\r\n\r\n\r\n<p>Cunext Group ha un piano ambientale annuale che viene costantemente aggiornato e migliorato, con il quale esprimiamo il nostro impegno per la cura e il rispetto della natura.<\/p>\r\n\r\n\r\n\r\n<p>Il nostro piano include obiettivi e traguardi per proteggere l\u2019ambiente e rispettare tutti gli obblighi legali in tal senso. Questo piano \u00e8 inquadrato in un Sistema di Gestione Integrato con proprio programma di miglioramento, in cui raccogliamo nuove forme di prevenzione e sviluppo del comportamento in materia di ambiente.<\/p>\r\n\r\n\r\n\r\n<div style=\"height:31px\" aria-hidden=\"true\" class=\"wp-block-spacer\"><\/div>\r\n\r\n\r\n\r\n<div class=\"container-listado-certificados\">\r\n\r\n    <div>\r\n        <a href=\"https:\/\/cunext.com\/wp-content\/uploads\/2025\/12\/DADV_CUNEXT-COPPER-INDUSTRIES_2025-12-01.pdf\" target=\"_blank\" rel=\"noreferrer noopener\">\r\n            <img decoding=\"async\" class=\"wp-image-2632\" style=\"width: 160px;\" src=\"https:\/\/cunext.com\/wp-content\/uploads\/2021\/04\/Cunext-Group_Declaracion-Ambiental.png\" alt=\"Cunext Group Dichiarazione Ambientale\">\r\n        <\/a>\r\n        <p style=\"font-size:18px;color:#1A1A1A;text-align:center;\">Dichiarazione Ambientale<\/p>\r\n    <\/div>\r\n\r\n    <div>\r\n        <a href=\"https:\/\/cunext.com\/wp-content\/uploads\/2025\/12\/CertificadoVDM-99-007_ES_2025-12-01.pdf\" target=\"_blank\" rel=\"noreferrer noopener\">\r\n            <img loading=\"lazy\" decoding=\"async\" width=\"108\" height=\"195\" title=\"Certificati EMAS\" class=\"wp-image-1610\" style=\"width: 108px;\" src=\"https:\/\/cunext.com\/wp-content\/uploads\/2020\/04\/emas-new.png\" alt=\"Certificati EMAS\">\r\n        <\/a>\r\n        <p style=\"font-size:18px;color:#1A1A1A;text-align:center;\">Certificati EMAS<\/p>\r\n    <\/div>\r\n\r\n    <div>\r\n        <a href=\"https:\/\/cunext.com\/wp-content\/uploads\/2026\/02\/report_2025-a2633-CERTIFICADO-INSCRIPCION_2024_C.pdf\" target=\"_blank\" rel=\"noreferrer noopener\">\r\n            <img decoding=\"async\" style=\"width: 108px;\" src=\"https:\/\/cunext.com\/wp-content\/uploads\/2026\/02\/2024_C.jpg\" alt=\"Registrazione dell'impronta di carbonio\">\r\n        <\/a>\r\n        <p style=\"font-size:18px;color:#1A1A1A;text-align:center;\">Registrazione dell&#8217;impronta di carbonio<\/p>\r\n    <\/div>\r\n\r\n    <div>\r\n        <a href=\"https:\/\/cunext.com\/wp-content\/uploads\/2025\/11\/AENOR_Certificado_Gestion_Ambiental_ISO_14001_25-28.pdf\" target=\"_blank\" rel=\"noreferrer noopener\">\r\n            <img decoding=\"async\" class=\"wp-image-2635\" style=\"width: 160px;\" src=\"https:\/\/cunext.com\/wp-content\/uploads\/2021\/03\/CunextGroup_Aenor14001_GA19980084-1.jpg\" alt=\"Cunext Group_Gesti\u00f3n Ambiental GA1998008\">\r\n        <\/a>\r\n        <p style=\"font-size:18px;color:#1A1A1A;text-align:center;\">Certificati ISO-14001 Cunext Copper Industries S.L<\/p>\r\n    <\/div>\r\n\r\n    <div>\r\n        <a href=\"https:\/\/cunext.com\/wp-content\/uploads\/2025\/09\/ISO-14001-CertificadoGA-2013-0200_ES.pdf\" target=\"_blank\" rel=\"noreferrer noopener\">\r\n            <img decoding=\"async\" class=\"wp-image-2639\" style=\"width: 160px;\" src=\"https:\/\/cunext.com\/wp-content\/uploads\/2021\/03\/CunextGroup_Aenor14001_GA20130200-1.jpg\" alt=\"Cunext Group. Gesti\u00f3n Ambiental GA20130200\">\r\n        <\/a>\r\n        <p style=\"font-size:18px;color:#1A1A1A;text-align:center;\">Certificati ISO-14001 Transformados Combisa<\/p>\r\n    <\/div>\r\n\r\n    <div>\r\n        <a href=\"https:\/\/cunext.com\/wp-content\/uploads\/2025\/08\/Certificacion-AENOR-huella-de-carbono.pdf\" target=\"_blank\" rel=\"noreferrer noopener\">\r\n            <img decoding=\"async\" class=\"wp-image-2636\" style=\"width: 160px;\" src=\"https:\/\/cunext.com\/wp-content\/uploads\/2025\/08\/AENOR_Huella-de-Carbono-CO2-Calculado-e1754395021368.png\" alt=\"Aenor Huella Carbono\">\r\n        <\/a>\r\n        <p style=\"font-size: 18px; color: #1a1a1a; text-align: center;\">Certificati ISO-14001 Impronta di carbonio CO2 calcolata<\/p>\r\n    <\/div>\r\n\r\n<\/div>\r\n","protected":false},"excerpt":{"rendered":"<p>Impegno di Cunext Group per l&#8217;ambiente Cunext Group ha un piano ambientale annuale che viene costantemente aggiornato e migliorato, con il quale esprimiamo il nostro&#8230;<\/p>\n","protected":false},"author":6,"featured_media":772,"parent":1425,"menu_order":0,"comment_status":"closed","ping_status":"closed","template":"","meta":{"_acf_changed":false,"footnotes":""},"class_list":["post-1431","page","type-page","status-publish","has-post-thumbnail","hentry"],"acf":[],"yoast_head":"<!-- This site is optimized with the Yoast SEO plugin v27.5 - https:\/\/yoast.com\/product\/yoast-seo-wordpress\/ -->\n<title>Ambiente - Cunext<\/title>\n<meta name=\"description\" content=\"CUNEXT GROUP se especializa en la transformaci\u00f3n de cobre y aluminio de la m\u00e1s alta calidad, siempre centrados en la innovaci\u00f3n continua y el desarrollo.\" \/>\n<meta name=\"robots\" content=\"index, follow, max-snippet:-1, max-image-preview:large, max-video-preview:-1\" \/>\n<link rel=\"canonical\" href=\"https:\/\/cunext.com\/it\/certificati\/ambiente\/\" \/>\n<meta property=\"og:locale\" content=\"it_IT\" \/>\n<meta property=\"og:type\" content=\"article\" \/>\n<meta property=\"og:title\" content=\"Ambiente - Cunext\" \/>\n<meta property=\"og:description\" content=\"CUNEXT GROUP se especializa en la transformaci\u00f3n de cobre y aluminio de la m\u00e1s alta calidad, siempre centrados en la innovaci\u00f3n continua y el desarrollo.\" \/>\n<meta property=\"og:url\" content=\"https:\/\/cunext.com\/it\/certificati\/ambiente\/\" \/>\n<meta property=\"og:site_name\" content=\"Cunext\" \/>\n<meta property=\"article:modified_time\" content=\"2026-02-02T13:21:16+00:00\" \/>\n<meta property=\"og:image\" content=\"https:\/\/cunext.com\/wp-content\/uploads\/2020\/01\/paul-silvan-1GEDlbjJEIQ-unsplash.jpg\" \/>\n\t<meta property=\"og:image:width\" content=\"1600\" \/>\n\t<meta property=\"og:image:height\" content=\"900\" \/>\n\t<meta property=\"og:image:type\" content=\"image\/jpeg\" \/>\n<meta name=\"twitter:card\" content=\"summary_large_image\" \/>\n<meta name=\"twitter:label1\" content=\"Tempo di lettura stimato\" \/>\n\t<meta name=\"twitter:data1\" content=\"2 minuti\" \/>\n<script type=\"application\/ld+json\" class=\"yoast-schema-graph\">{\"@context\":\"https:\\\/\\\/schema.org\",\"@graph\":[{\"@type\":\"WebPage\",\"@id\":\"https:\\\/\\\/cunext.com\\\/it\\\/certificati\\\/ambiente\\\/\",\"url\":\"https:\\\/\\\/cunext.com\\\/it\\\/certificati\\\/ambiente\\\/\",\"name\":\"Ambiente - Cunext\",\"isPartOf\":{\"@id\":\"https:\\\/\\\/cunext.com\\\/it\\\/#website\"},\"primaryImageOfPage\":{\"@id\":\"https:\\\/\\\/cunext.com\\\/it\\\/certificati\\\/ambiente\\\/#primaryimage\"},\"image\":{\"@id\":\"https:\\\/\\\/cunext.com\\\/it\\\/certificati\\\/ambiente\\\/#primaryimage\"},\"thumbnailUrl\":\"https:\\\/\\\/cunext.com\\\/wp-content\\\/uploads\\\/2020\\\/01\\\/paul-silvan-1GEDlbjJEIQ-unsplash.jpg\",\"datePublished\":\"2020-04-07T07:24:34+00:00\",\"dateModified\":\"2026-02-02T13:21:16+00:00\",\"description\":\"CUNEXT GROUP se especializa en la transformaci\u00f3n de cobre y aluminio de la m\u00e1s alta calidad, siempre centrados en la innovaci\u00f3n continua y el desarrollo.\",\"breadcrumb\":{\"@id\":\"https:\\\/\\\/cunext.com\\\/it\\\/certificati\\\/ambiente\\\/#breadcrumb\"},\"inLanguage\":\"it-IT\",\"potentialAction\":[{\"@type\":\"ReadAction\",\"target\":[\"https:\\\/\\\/cunext.com\\\/it\\\/certificati\\\/ambiente\\\/\"]}]},{\"@type\":\"ImageObject\",\"inLanguage\":\"it-IT\",\"@id\":\"https:\\\/\\\/cunext.com\\\/it\\\/certificati\\\/ambiente\\\/#primaryimage\",\"url\":\"https:\\\/\\\/cunext.com\\\/wp-content\\\/uploads\\\/2020\\\/01\\\/paul-silvan-1GEDlbjJEIQ-unsplash.jpg\",\"contentUrl\":\"https:\\\/\\\/cunext.com\\\/wp-content\\\/uploads\\\/2020\\\/01\\\/paul-silvan-1GEDlbjJEIQ-unsplash.jpg\",\"width\":1600,\"height\":900,\"caption\":\"tendido-electrico\"},{\"@type\":\"BreadcrumbList\",\"@id\":\"https:\\\/\\\/cunext.com\\\/it\\\/certificati\\\/ambiente\\\/#breadcrumb\",\"itemListElement\":[{\"@type\":\"ListItem\",\"position\":1,\"name\":\"Portada\",\"item\":\"https:\\\/\\\/cunext.com\\\/it\\\/\"},{\"@type\":\"ListItem\",\"position\":2,\"name\":\"Certificati\",\"item\":\"https:\\\/\\\/cunext.com\\\/it\\\/certificati\\\/\"},{\"@type\":\"ListItem\",\"position\":3,\"name\":\"Ambiente\"}]},{\"@type\":\"WebSite\",\"@id\":\"https:\\\/\\\/cunext.com\\\/it\\\/#website\",\"url\":\"https:\\\/\\\/cunext.com\\\/it\\\/\",\"name\":\"Cunext\",\"description\":\"Transformaci\u00f3n de cobre y aluminio\",\"publisher\":{\"@id\":\"https:\\\/\\\/cunext.com\\\/it\\\/#organization\"},\"potentialAction\":[{\"@type\":\"SearchAction\",\"target\":{\"@type\":\"EntryPoint\",\"urlTemplate\":\"https:\\\/\\\/cunext.com\\\/it\\\/?s={search_term_string}\"},\"query-input\":{\"@type\":\"PropertyValueSpecification\",\"valueRequired\":true,\"valueName\":\"search_term_string\"}}],\"inLanguage\":\"it-IT\"},{\"@type\":\"Organization\",\"@id\":\"https:\\\/\\\/cunext.com\\\/it\\\/#organization\",\"name\":\"Cunext Group\",\"url\":\"https:\\\/\\\/cunext.com\\\/it\\\/\",\"logo\":{\"@type\":\"ImageObject\",\"inLanguage\":\"it-IT\",\"@id\":\"https:\\\/\\\/cunext.com\\\/it\\\/#\\\/schema\\\/logo\\\/image\\\/\",\"url\":\"https:\\\/\\\/cunext.com\\\/wp-content\\\/uploads\\\/2020\\\/04\\\/logo-cunext.png\",\"contentUrl\":\"https:\\\/\\\/cunext.com\\\/wp-content\\\/uploads\\\/2020\\\/04\\\/logo-cunext.png\",\"width\":229,\"height\":57,\"caption\":\"Cunext Group\"},\"image\":{\"@id\":\"https:\\\/\\\/cunext.com\\\/it\\\/#\\\/schema\\\/logo\\\/image\\\/\"},\"sameAs\":[\"https:\\\/\\\/www.linkedin.com\\\/company\\\/cunext-copper-industries-sl\\\/\"]}]}<\/script>\n<!-- \/ Yoast SEO plugin. -->","yoast_head_json":{"title":"Ambiente - Cunext","description":"CUNEXT GROUP se especializa en la transformaci\u00f3n de cobre y aluminio de la m\u00e1s alta calidad, siempre centrados en la innovaci\u00f3n continua y el desarrollo.","robots":{"index":"index","follow":"follow","max-snippet":"max-snippet:-1","max-image-preview":"max-image-preview:large","max-video-preview":"max-video-preview:-1"},"canonical":"https:\/\/cunext.com\/it\/certificati\/ambiente\/","og_locale":"it_IT","og_type":"article","og_title":"Ambiente - Cunext","og_description":"CUNEXT GROUP se especializa en la transformaci\u00f3n de cobre y aluminio de la m\u00e1s alta calidad, siempre centrados en la innovaci\u00f3n continua y el desarrollo.","og_url":"https:\/\/cunext.com\/it\/certificati\/ambiente\/","og_site_name":"Cunext","article_modified_time":"2026-02-02T13:21:16+00:00","og_image":[{"width":1600,"height":900,"url":"https:\/\/cunext.com\/wp-content\/uploads\/2020\/01\/paul-silvan-1GEDlbjJEIQ-unsplash.jpg","type":"image\/jpeg"}],"twitter_card":"summary_large_image","twitter_misc":{"Tempo di lettura stimato":"2 minuti"},"schema":{"@context":"https:\/\/schema.org","@graph":[{"@type":"WebPage","@id":"https:\/\/cunext.com\/it\/certificati\/ambiente\/","url":"https:\/\/cunext.com\/it\/certificati\/ambiente\/","name":"Ambiente - Cunext","isPartOf":{"@id":"https:\/\/cunext.com\/it\/#website"},"primaryImageOfPage":{"@id":"https:\/\/cunext.com\/it\/certificati\/ambiente\/#primaryimage"},"image":{"@id":"https:\/\/cunext.com\/it\/certificati\/ambiente\/#primaryimage"},"thumbnailUrl":"https:\/\/cunext.com\/wp-content\/uploads\/2020\/01\/paul-silvan-1GEDlbjJEIQ-unsplash.jpg","datePublished":"2020-04-07T07:24:34+00:00","dateModified":"2026-02-02T13:21:16+00:00","description":"CUNEXT GROUP se especializa en la transformaci\u00f3n de cobre y aluminio de la m\u00e1s alta calidad, siempre centrados en la innovaci\u00f3n continua y el desarrollo.","breadcrumb":{"@id":"https:\/\/cunext.com\/it\/certificati\/ambiente\/#breadcrumb"},"inLanguage":"it-IT","potentialAction":[{"@type":"ReadAction","target":["https:\/\/cunext.com\/it\/certificati\/ambiente\/"]}]},{"@type":"ImageObject","inLanguage":"it-IT","@id":"https:\/\/cunext.com\/it\/certificati\/ambiente\/#primaryimage","url":"https:\/\/cunext.com\/wp-content\/uploads\/2020\/01\/paul-silvan-1GEDlbjJEIQ-unsplash.jpg","contentUrl":"https:\/\/cunext.com\/wp-content\/uploads\/2020\/01\/paul-silvan-1GEDlbjJEIQ-unsplash.jpg","width":1600,"height":900,"caption":"tendido-electrico"},{"@type":"BreadcrumbList","@id":"https:\/\/cunext.com\/it\/certificati\/ambiente\/#breadcrumb","itemListElement":[{"@type":"ListItem","position":1,"name":"Portada","item":"https:\/\/cunext.com\/it\/"},{"@type":"ListItem","position":2,"name":"Certificati","item":"https:\/\/cunext.com\/it\/certificati\/"},{"@type":"ListItem","position":3,"name":"Ambiente"}]},{"@type":"WebSite","@id":"https:\/\/cunext.com\/it\/#website","url":"https:\/\/cunext.com\/it\/","name":"Cunext","description":"Transformaci\u00f3n de cobre y aluminio","publisher":{"@id":"https:\/\/cunext.com\/it\/#organization"},"potentialAction":[{"@type":"SearchAction","target":{"@type":"EntryPoint","urlTemplate":"https:\/\/cunext.com\/it\/?s={search_term_string}"},"query-input":{"@type":"PropertyValueSpecification","valueRequired":true,"valueName":"search_term_string"}}],"inLanguage":"it-IT"},{"@type":"Organization","@id":"https:\/\/cunext.com\/it\/#organization","name":"Cunext Group","url":"https:\/\/cunext.com\/it\/","logo":{"@type":"ImageObject","inLanguage":"it-IT","@id":"https:\/\/cunext.com\/it\/#\/schema\/logo\/image\/","url":"https:\/\/cunext.com\/wp-content\/uploads\/2020\/04\/logo-cunext.png","contentUrl":"https:\/\/cunext.com\/wp-content\/uploads\/2020\/04\/logo-cunext.png","width":229,"height":57,"caption":"Cunext Group"},"image":{"@id":"https:\/\/cunext.com\/it\/#\/schema\/logo\/image\/"},"sameAs":["https:\/\/www.linkedin.com\/company\/cunext-copper-industries-sl\/"]}]}},"_links":{"self":[{"href":"https:\/\/cunext.com\/it\/wp-json\/wp\/v2\/pages\/1431","targetHints":{"allow":["GET"]}}],"collection":[{"href":"https:\/\/cunext.com\/it\/wp-json\/wp\/v2\/pages"}],"about":[{"href":"https:\/\/cunext.com\/it\/wp-json\/wp\/v2\/types\/page"}],"author":[{"embeddable":true,"href":"https:\/\/cunext.com\/it\/wp-json\/wp\/v2\/users\/6"}],"replies":[{"embeddable":true,"href":"https:\/\/cunext.com\/it\/wp-json\/wp\/v2\/comments?post=1431"}],"version-history":[{"count":33,"href":"https:\/\/cunext.com\/it\/wp-json\/wp\/v2\/pages\/1431\/revisions"}],"predecessor-version":[{"id":6113,"href":"https:\/\/cunext.com\/it\/wp-json\/wp\/v2\/pages\/1431\/revisions\/6113"}],"up":[{"embeddable":true,"href":"https:\/\/cunext.com\/it\/wp-json\/wp\/v2\/pages\/1425"}],"wp:featuredmedia":[{"embeddable":true,"href":"https:\/\/cunext.com\/it\/wp-json\/wp\/v2\/media\/772"}],"wp:attachment":[{"href":"https:\/\/cunext.com\/it\/wp-json\/wp\/v2\/media?parent=1431"}],"curies":[{"name":"wp","href":"https:\/\/api.w.org\/{rel}","templated":true}]}}