{"id":1417,"date":"2020-04-07T08:15:29","date_gmt":"2020-04-07T07:15:29","guid":{"rendered":"https:\/\/www.cunext.com\/?page_id=1417"},"modified":"2020-04-16T14:58:25","modified_gmt":"2020-04-16T13:58:25","slug":"prodotti","status":"publish","type":"page","link":"https:\/\/cunext.com\/it\/prodotti\/","title":{"rendered":"Prodotti"},"content":{"rendered":"\n<p class=\"encabezado ancho-limitado\">Applicazioni<\/p>\n\n\n\n<h2 class=\"ancho-limitado wp-block-heading\">Questi sono i principali usi dei nostri prodotti.<\/h2>\n\n\n\n<div style=\"height:50px\" aria-hidden=\"true\" class=\"wp-block-spacer\"><\/div>\n\n\n<section class=\"servicios-iconos-home\" style=\"background-color: \">\n    <div class=\"ancho-limitado\">\n                            <div class=\"servicios\">\n                                    <div class=\"servicio-icono-home\">\n                        <div class=\"icono-home\">\n                            <img decoding=\"async\" src=\"https:\/\/cunext.com\/wp-content\/uploads\/2020\/02\/transporte.png\" title=\"Trasporto\" alt=\"Trasporto\"\/>\n                        <\/div>\n                        <div class=\"info-servicio\">\n                            <h3>Trasporto<\/h3>\n                            <p>Il rame viene utilizzato in vari componenti di automobili e camion, principalmente radiatori, freni e cuscinetti, nonch\u00e9, naturalmente, in cavi e motori elettrici. Il suo uso \u00e8 intensivo nel settore automobilistico e ferroviario.<\/p>\n                        <\/div>\n                    <\/div>\n                                    <div class=\"servicio-icono-home\">\n                        <div class=\"icono-home\">\n                            <img decoding=\"async\" src=\"https:\/\/cunext.com\/wp-content\/uploads\/2020\/02\/electricas.png\" title=\"Elettriche\" alt=\"Elettriche\"\/>\n                        <\/div>\n                        <div class=\"info-servicio\">\n                            <h3>Elettriche<\/h3>\n                            <p>Rame e alluminio sono metalli di conduttivit\u00e0 elettrica, motivo per cui \u00e8 diventato il pi\u00f9 utilizzato per la produzione di cavi elettrici, sia per uso industriale che residenziale, in settori come imprese elettriche ed energetiche, telecomunicazioni ed energie rinnovabili.<\/p>\n                        <\/div>\n                    <\/div>\n                                    <div class=\"servicio-icono-home\">\n                        <div class=\"icono-home\">\n                            <img decoding=\"async\" src=\"https:\/\/cunext.com\/wp-content\/uploads\/2020\/02\/construccion.png\" title=\"Edilizia\" alt=\"Edilizia\"\/>\n                        <\/div>\n                        <div class=\"info-servicio\">\n                            <h3>Edilizia<\/h3>\n                            <p>L\u2019uso del rame \u00e8 comune nelle imprese che si dedicano alla costruzione, dal momento che gran parte delle reti di trasporto dell\u2019acqua sono realizzate in rame o ottone, a causa della loro resistenza alla corrosione e delle loro propriet\u00e0 antimicrobiche.<\/p>\n                        <\/div>\n                    <\/div>\n                                    <div class=\"servicio-icono-home\">\n                        <div class=\"icono-home\">\n                            <img decoding=\"async\" src=\"https:\/\/cunext.com\/wp-content\/uploads\/2020\/02\/monedas.png\" title=\"Monete\" alt=\"Monete\"\/>\n                        <\/div>\n                        <div class=\"info-servicio\">\n                            <h3>Monete<\/h3>\n                            <p>La trasformazione pi\u00f9 comune che conosciamo del rame. Fin dagli inizi del conio delle monete nell\u2019Antichit\u00e0, il rame \u00e8 stato utilizzato come materia prima, a volte puro e pi\u00f9 spesso in leghe.<\/p>\n                        <\/div>\n                    <\/div>\n                            <\/div>\n                    <\/div>\n<\/section>\n\n\n<div style=\"height:120px\" aria-hidden=\"true\" class=\"wp-block-spacer\"><\/div>\n\n\n\n<div class=\"wp-block-cover productos-destacados\" style=\"background-image:url(https:\/\/cunext.com\/wp-content\/uploads\/2020\/01\/wire-rod-aluminium.png);min-height:555px;aspect-ratio:unset;\"><div class=\"wp-block-cover__inner-container is-layout-flow wp-block-cover-is-layout-flow\">\n<div class=\"wp-block-group cuadro-info-destacado\"><div class=\"wp-block-group__inner-container is-layout-flow wp-block-group-is-layout-flow\">\n<h2 class=\"cat-padre wp-block-heading\">Cunext<\/h2>\n\n\n\n<h3 class=\"nomb-producto wp-block-heading\">Scarica il nostro catalogo<\/h3>\n\n\n\n<p>Scopri i nostri prodotti in dettaglio, ognuna delle loro propriet\u00e0 e varianti attraverso il nostro catalogo.<\/p>\n\n\n\n<p class=\"enlace-producto\"><a href=\"https:\/\/cunext.com\/it\/catalogo\/\">Scarica il catalogo <i class=\"fa fa-long-arrow-right\" aria-hidden=\"true\"><\/i><\/a><\/p>\n<\/div><\/div>\n<\/div><\/div>\n\n\n\n<div style=\"height:50px\" aria-hidden=\"true\" class=\"wp-block-spacer\"><\/div>\n\n\n<section class=\"nuestros-productos\" style=\"background-color: #ffffff\">\n    <div class=\"ancho-limitado-full\">\n        <div class=\"zona-texto ancho-limitado-plus\">\n            <h2>Prodotti<\/h2>\n            <p class=\"titulo-nuestros-productos\">Queste sono le nostre<br \/>\nlinee di prodotto.<\/p>\n        <\/div>\n        <div class=\"zona-productos\">\n                    <div class=\"productos\">\n                                                                    <div class=\"producto\">\n                        <img decoding=\"async\" src=\"https:\/\/cunext.com\/wp-content\/uploads\/2020\/03\/cobre-756x376.jpg\" title=\"Rame\" alt=\"Rame\"\/>\n                        <a href=\"https:\/\/cunext.com\/it\/catalogo\/rame\/\"><div class=\"oscurecedor\"><\/div>\n                            <div class=\"info-producto\">\n                                <p class=\"titulo-producto\">Rame<\/p>\n                                <p class=\"texto-producto\">Prodotti di rame<\/p>\n                            <\/div>\n                        <\/a>\n                    <\/div>\n                                                                    <div class=\"producto\">\n                        <img decoding=\"async\" src=\"https:\/\/cunext.com\/wp-content\/uploads\/2020\/03\/aluminio-756x376.jpg\" title=\"Alluminio\" alt=\"Alluminio\"\/>\n                        <a href=\"https:\/\/cunext.com\/it\/catalogo\/alluminio\/\"><div class=\"oscurecedor\"><\/div>\n                            <div class=\"info-producto\">\n                                <p class=\"titulo-producto\">Alluminio<\/p>\n                                <p class=\"texto-producto\">Prodotti di alluminio<\/p>\n                            <\/div>\n                        <\/a>\n                    <\/div>\n                                                                    <div class=\"producto\">\n                        <img decoding=\"async\" src=\"https:\/\/cunext.com\/wp-content\/uploads\/2020\/03\/piezas-y-subconjuntos-756x376.jpg\" title=\"Parti e sottoinsiemi\" alt=\"Parti e sottoinsiemi\"\/>\n                        <a href=\"https:\/\/cunext.com\/it\/catalogo\/parti-e-sottoinsiemi\/\"><div class=\"oscurecedor\"><\/div>\n                            <div class=\"info-producto\">\n                                <p class=\"titulo-producto\">Parti e sottoinsiemi<\/p>\n                                <p class=\"texto-producto\">Parti e sottoinsiemi<\/p>\n                            <\/div>\n                        <\/a>\n                    <\/div>\n                                                                    <div class=\"producto\">\n                        <img decoding=\"async\" src=\"\" title=\"\" alt=\"\"\/>\n                        <a href=\"\"><div class=\"oscurecedor\"><\/div>\n                            <div class=\"info-producto\">\n                                <p class=\"titulo-producto\"><\/p>\n                                <p class=\"texto-producto\"><\/p>\n                            <\/div>\n                        <\/a>\n                    <\/div>\n                            <\/div>\n                <\/div>\n            <\/div>\n<\/section>","protected":false},"excerpt":{"rendered":"<p>Applicazioni Questi sono i principali usi dei nostri prodotti.<\/p>\n","protected":false},"author":6,"featured_media":1875,"parent":0,"menu_order":0,"comment_status":"closed","ping_status":"closed","template":"","meta":{"_acf_changed":false,"footnotes":""},"class_list":["post-1417","page","type-page","status-publish","has-post-thumbnail","hentry"],"acf":[],"yoast_head":"<!-- This site is optimized with the Yoast SEO plugin v27.4 - https:\/\/yoast.com\/product\/yoast-seo-wordpress\/ -->\n<title>Prodotti - Cunext<\/title>\n<meta name=\"description\" content=\"CUNEXT GROUP se especializa en la transformaci\u00f3n de cobre y aluminio de la m\u00e1s alta calidad, siempre centrados en la innovaci\u00f3n continua y el desarrollo.\" \/>\n<meta name=\"robots\" content=\"index, follow, max-snippet:-1, max-image-preview:large, max-video-preview:-1\" \/>\n<link rel=\"canonical\" href=\"https:\/\/cunext.com\/it\/prodotti\/\" \/>\n<meta property=\"og:locale\" content=\"it_IT\" \/>\n<meta property=\"og:type\" content=\"article\" \/>\n<meta property=\"og:title\" content=\"Prodotti - Cunext\" \/>\n<meta property=\"og:description\" content=\"CUNEXT GROUP se especializa en la transformaci\u00f3n de cobre y aluminio de la m\u00e1s alta calidad, siempre centrados en la innovaci\u00f3n continua y el desarrollo.\" \/>\n<meta property=\"og:url\" content=\"https:\/\/cunext.com\/it\/prodotti\/\" \/>\n<meta property=\"og:site_name\" content=\"Cunext\" \/>\n<meta property=\"article:modified_time\" content=\"2020-04-16T13:58:25+00:00\" \/>\n<meta property=\"og:image\" content=\"https:\/\/cunext.com\/wp-content\/uploads\/2020\/04\/cabecera-productos.jpg\" \/>\n\t<meta property=\"og:image:width\" content=\"1600\" \/>\n\t<meta property=\"og:image:height\" content=\"378\" \/>\n\t<meta property=\"og:image:type\" content=\"image\/jpeg\" \/>\n<meta name=\"twitter:card\" content=\"summary_large_image\" \/>\n<script type=\"application\/ld+json\" class=\"yoast-schema-graph\">{\"@context\":\"https:\\\/\\\/schema.org\",\"@graph\":[{\"@type\":\"WebPage\",\"@id\":\"https:\\\/\\\/cunext.com\\\/it\\\/prodotti\\\/\",\"url\":\"https:\\\/\\\/cunext.com\\\/it\\\/prodotti\\\/\",\"name\":\"Prodotti - Cunext\",\"isPartOf\":{\"@id\":\"https:\\\/\\\/cunext.com\\\/it\\\/#website\"},\"primaryImageOfPage\":{\"@id\":\"https:\\\/\\\/cunext.com\\\/it\\\/prodotti\\\/#primaryimage\"},\"image\":{\"@id\":\"https:\\\/\\\/cunext.com\\\/it\\\/prodotti\\\/#primaryimage\"},\"thumbnailUrl\":\"https:\\\/\\\/cunext.com\\\/wp-content\\\/uploads\\\/2020\\\/04\\\/cabecera-productos.jpg\",\"datePublished\":\"2020-04-07T07:15:29+00:00\",\"dateModified\":\"2020-04-16T13:58:25+00:00\",\"description\":\"CUNEXT GROUP se especializa en la transformaci\u00f3n de cobre y aluminio de la m\u00e1s alta calidad, siempre centrados en la innovaci\u00f3n continua y el desarrollo.\",\"breadcrumb\":{\"@id\":\"https:\\\/\\\/cunext.com\\\/it\\\/prodotti\\\/#breadcrumb\"},\"inLanguage\":\"it-IT\",\"potentialAction\":[{\"@type\":\"ReadAction\",\"target\":[\"https:\\\/\\\/cunext.com\\\/it\\\/prodotti\\\/\"]}]},{\"@type\":\"ImageObject\",\"inLanguage\":\"it-IT\",\"@id\":\"https:\\\/\\\/cunext.com\\\/it\\\/prodotti\\\/#primaryimage\",\"url\":\"https:\\\/\\\/cunext.com\\\/wp-content\\\/uploads\\\/2020\\\/04\\\/cabecera-productos.jpg\",\"contentUrl\":\"https:\\\/\\\/cunext.com\\\/wp-content\\\/uploads\\\/2020\\\/04\\\/cabecera-productos.jpg\",\"width\":1600,\"height\":378,\"caption\":\"alambres-metalicos\"},{\"@type\":\"BreadcrumbList\",\"@id\":\"https:\\\/\\\/cunext.com\\\/it\\\/prodotti\\\/#breadcrumb\",\"itemListElement\":[{\"@type\":\"ListItem\",\"position\":1,\"name\":\"Portada\",\"item\":\"https:\\\/\\\/cunext.com\\\/it\\\/\"},{\"@type\":\"ListItem\",\"position\":2,\"name\":\"Prodotti\"}]},{\"@type\":\"WebSite\",\"@id\":\"https:\\\/\\\/cunext.com\\\/it\\\/#website\",\"url\":\"https:\\\/\\\/cunext.com\\\/it\\\/\",\"name\":\"Cunext\",\"description\":\"Transformaci\u00f3n de cobre y aluminio\",\"publisher\":{\"@id\":\"https:\\\/\\\/cunext.com\\\/it\\\/#organization\"},\"potentialAction\":[{\"@type\":\"SearchAction\",\"target\":{\"@type\":\"EntryPoint\",\"urlTemplate\":\"https:\\\/\\\/cunext.com\\\/it\\\/?s={search_term_string}\"},\"query-input\":{\"@type\":\"PropertyValueSpecification\",\"valueRequired\":true,\"valueName\":\"search_term_string\"}}],\"inLanguage\":\"it-IT\"},{\"@type\":\"Organization\",\"@id\":\"https:\\\/\\\/cunext.com\\\/it\\\/#organization\",\"name\":\"Cunext Group\",\"url\":\"https:\\\/\\\/cunext.com\\\/it\\\/\",\"logo\":{\"@type\":\"ImageObject\",\"inLanguage\":\"it-IT\",\"@id\":\"https:\\\/\\\/cunext.com\\\/it\\\/#\\\/schema\\\/logo\\\/image\\\/\",\"url\":\"https:\\\/\\\/cunext.com\\\/wp-content\\\/uploads\\\/2020\\\/04\\\/logo-cunext.png\",\"contentUrl\":\"https:\\\/\\\/cunext.com\\\/wp-content\\\/uploads\\\/2020\\\/04\\\/logo-cunext.png\",\"width\":229,\"height\":57,\"caption\":\"Cunext Group\"},\"image\":{\"@id\":\"https:\\\/\\\/cunext.com\\\/it\\\/#\\\/schema\\\/logo\\\/image\\\/\"},\"sameAs\":[\"https:\\\/\\\/www.linkedin.com\\\/company\\\/cunext-copper-industries-sl\\\/\"]}]}<\/script>\n<!-- \/ Yoast SEO plugin. -->","yoast_head_json":{"title":"Prodotti - Cunext","description":"CUNEXT GROUP se especializa en la transformaci\u00f3n de cobre y aluminio de la m\u00e1s alta calidad, siempre centrados en la innovaci\u00f3n continua y el desarrollo.","robots":{"index":"index","follow":"follow","max-snippet":"max-snippet:-1","max-image-preview":"max-image-preview:large","max-video-preview":"max-video-preview:-1"},"canonical":"https:\/\/cunext.com\/it\/prodotti\/","og_locale":"it_IT","og_type":"article","og_title":"Prodotti - Cunext","og_description":"CUNEXT GROUP se especializa en la transformaci\u00f3n de cobre y aluminio de la m\u00e1s alta calidad, siempre centrados en la innovaci\u00f3n continua y el desarrollo.","og_url":"https:\/\/cunext.com\/it\/prodotti\/","og_site_name":"Cunext","article_modified_time":"2020-04-16T13:58:25+00:00","og_image":[{"width":1600,"height":378,"url":"https:\/\/cunext.com\/wp-content\/uploads\/2020\/04\/cabecera-productos.jpg","type":"image\/jpeg"}],"twitter_card":"summary_large_image","schema":{"@context":"https:\/\/schema.org","@graph":[{"@type":"WebPage","@id":"https:\/\/cunext.com\/it\/prodotti\/","url":"https:\/\/cunext.com\/it\/prodotti\/","name":"Prodotti - Cunext","isPartOf":{"@id":"https:\/\/cunext.com\/it\/#website"},"primaryImageOfPage":{"@id":"https:\/\/cunext.com\/it\/prodotti\/#primaryimage"},"image":{"@id":"https:\/\/cunext.com\/it\/prodotti\/#primaryimage"},"thumbnailUrl":"https:\/\/cunext.com\/wp-content\/uploads\/2020\/04\/cabecera-productos.jpg","datePublished":"2020-04-07T07:15:29+00:00","dateModified":"2020-04-16T13:58:25+00:00","description":"CUNEXT GROUP se especializa en la transformaci\u00f3n de cobre y aluminio de la m\u00e1s alta calidad, siempre centrados en la innovaci\u00f3n continua y el desarrollo.","breadcrumb":{"@id":"https:\/\/cunext.com\/it\/prodotti\/#breadcrumb"},"inLanguage":"it-IT","potentialAction":[{"@type":"ReadAction","target":["https:\/\/cunext.com\/it\/prodotti\/"]}]},{"@type":"ImageObject","inLanguage":"it-IT","@id":"https:\/\/cunext.com\/it\/prodotti\/#primaryimage","url":"https:\/\/cunext.com\/wp-content\/uploads\/2020\/04\/cabecera-productos.jpg","contentUrl":"https:\/\/cunext.com\/wp-content\/uploads\/2020\/04\/cabecera-productos.jpg","width":1600,"height":378,"caption":"alambres-metalicos"},{"@type":"BreadcrumbList","@id":"https:\/\/cunext.com\/it\/prodotti\/#breadcrumb","itemListElement":[{"@type":"ListItem","position":1,"name":"Portada","item":"https:\/\/cunext.com\/it\/"},{"@type":"ListItem","position":2,"name":"Prodotti"}]},{"@type":"WebSite","@id":"https:\/\/cunext.com\/it\/#website","url":"https:\/\/cunext.com\/it\/","name":"Cunext","description":"Transformaci\u00f3n de cobre y aluminio","publisher":{"@id":"https:\/\/cunext.com\/it\/#organization"},"potentialAction":[{"@type":"SearchAction","target":{"@type":"EntryPoint","urlTemplate":"https:\/\/cunext.com\/it\/?s={search_term_string}"},"query-input":{"@type":"PropertyValueSpecification","valueRequired":true,"valueName":"search_term_string"}}],"inLanguage":"it-IT"},{"@type":"Organization","@id":"https:\/\/cunext.com\/it\/#organization","name":"Cunext Group","url":"https:\/\/cunext.com\/it\/","logo":{"@type":"ImageObject","inLanguage":"it-IT","@id":"https:\/\/cunext.com\/it\/#\/schema\/logo\/image\/","url":"https:\/\/cunext.com\/wp-content\/uploads\/2020\/04\/logo-cunext.png","contentUrl":"https:\/\/cunext.com\/wp-content\/uploads\/2020\/04\/logo-cunext.png","width":229,"height":57,"caption":"Cunext Group"},"image":{"@id":"https:\/\/cunext.com\/it\/#\/schema\/logo\/image\/"},"sameAs":["https:\/\/www.linkedin.com\/company\/cunext-copper-industries-sl\/"]}]}},"_links":{"self":[{"href":"https:\/\/cunext.com\/it\/wp-json\/wp\/v2\/pages\/1417","targetHints":{"allow":["GET"]}}],"collection":[{"href":"https:\/\/cunext.com\/it\/wp-json\/wp\/v2\/pages"}],"about":[{"href":"https:\/\/cunext.com\/it\/wp-json\/wp\/v2\/types\/page"}],"author":[{"embeddable":true,"href":"https:\/\/cunext.com\/it\/wp-json\/wp\/v2\/users\/6"}],"replies":[{"embeddable":true,"href":"https:\/\/cunext.com\/it\/wp-json\/wp\/v2\/comments?post=1417"}],"version-history":[{"count":11,"href":"https:\/\/cunext.com\/it\/wp-json\/wp\/v2\/pages\/1417\/revisions"}],"predecessor-version":[{"id":1746,"href":"https:\/\/cunext.com\/it\/wp-json\/wp\/v2\/pages\/1417\/revisions\/1746"}],"wp:featuredmedia":[{"embeddable":true,"href":"https:\/\/cunext.com\/it\/wp-json\/wp\/v2\/media\/1875"}],"wp:attachment":[{"href":"https:\/\/cunext.com\/it\/wp-json\/wp\/v2\/media?parent=1417"}],"curies":[{"name":"wp","href":"https:\/\/api.w.org\/{rel}","templated":true}]}}