{"id":1403,"date":"2020-04-07T07:46:09","date_gmt":"2020-04-07T06:46:09","guid":{"rendered":"https:\/\/www.cunext.com\/?page_id=1403"},"modified":"2020-04-20T14:26:08","modified_gmt":"2020-04-20T13:26:08","slug":"cunext-group","status":"publish","type":"page","link":"https:\/\/cunext.com\/it\/cunext-group\/","title":{"rendered":"Cunext Group"},"content":{"rendered":"<section class=\"seccion-imagen-texto-home\">\r\n    <div class=\"ancho-limitado-plus\">\r\n        <div class=\"seccion-conocenos-home wow fadeInLeft\" data-wow-duration=\"0.75s\" data-wow-delay=\"0\">\r\n            <div class=\"bloque-imagen-left\">\r\n                <img decoding=\"async\" src=\"https:\/\/cunext.com\/wp-content\/uploads\/2020\/04\/img-empresas-grupo-1.jpg\" title=\"Aziende del gruppo\" alt=\"Aziende del gruppo\"\/>\r\n            <\/div>\r\n            <div class=\"info-servicio-left\">\r\n                <h1>Aziende del gruppo<\/h1>\r\n                <p>Conosce la posizione e i recapiti dei nostri uffici in Spagna e in Italia. La rete di societ\u00e0 che compongono il Cunext Group ci rende il fornitore di riferimento di prodotti trasformati in rame e alluminio nell&#8217;Europa meridionale e nell&#8217;Africa nordoccidentale.<\/p>\n                <p class=\"boton\"><a style=\"color: #a15d42;\" href=\"https:\/\/cunext.com\/it\/cunext-group\/aziende-del-gruppo\/\">Conosce le nostre imprese<\/a><\/p>            <\/div>\r\n        <\/div>\r\n    <\/div>\r\n<\/section>\n\n<section class=\"seccion-imagen-texto-home\">\r\n    <div class=\"ancho-limitado-plus\">\r\n        <div class=\"seccion-conocenos-home wow fadeInRight\" data-wow-duration=\"0.75s\" data-wow-delay=\"0\">\r\n            <div class=\"bloque-imagen-right\">\r\n                <img decoding=\"async\" src=\"https:\/\/cunext.com\/wp-content\/uploads\/2020\/04\/2_Historia.jpg\" title=\"Storia\" alt=\"Storia\"\/>\r\n            <\/div>\r\n            <div class=\"info-servicio-right\">\r\n                <h1>Storia<\/h1>\r\n                <p>Cunext \u00e8 un grande gruppo imprenditoriale che da decenni si dedica alla lavorazione del rame. Nel 2015 l&#8217;alluminio viene aggiunto al nostro portafoglio di prodotti, permettendoci di mantenere la nostra leadership nella produzione di materiali per la trasmissione di energia elettrica e dati.<\/p>\n                <p class=\"boton\"><a style=\"color: #a15d42;\" href=\"https:\/\/cunext.com\/it\/cunext-group\/storia\/\">Conosce la nostra storia<\/a><\/p>            <\/div>\r\n        <\/div>\r\n    <\/div>\r\n<\/section>\n\n<section class=\"seccion-imagen-texto-home\">\r\n    <div class=\"ancho-limitado-plus\">\r\n        <div class=\"seccion-conocenos-home wow fadeInLeft\" data-wow-duration=\"0.75s\" data-wow-delay=\"0\">\r\n            <div class=\"bloque-imagen-left\">\r\n                <img decoding=\"async\" src=\"https:\/\/cunext.com\/wp-content\/uploads\/2019\/12\/imagen_primera_seccion-1.png\" title=\"Cunext Lean System\" alt=\"Cunext Lean System\"\/>\r\n            <\/div>\r\n            <div class=\"info-servicio-left\">\r\n                <h1>Cunext Lean System<\/h1>\r\n                <p>La especializaci\u00f3n adquirida por la transformaci\u00f3n de materiales como el cobre y el aluminio, nos han permitido desarrollar nuestro propio sistema de producci\u00f3n, as\u00ed como aplicarlo con \u00e9xito en otras industrias.<\/p>\n                <p class=\"boton\"><a style=\"color: #a15d42;\" href=\"https:\/\/cunext.com\/it\/cunext-group\/cunext-lean-system\/\">Conoce Cunext Lean System<\/a><\/p>            <\/div>\r\n        <\/div>\r\n    <\/div>\r\n<\/section>","protected":false},"excerpt":{"rendered":"","protected":false},"author":6,"featured_media":1812,"parent":0,"menu_order":0,"comment_status":"closed","ping_status":"closed","template":"","meta":{"_acf_changed":false,"footnotes":""},"class_list":["post-1403","page","type-page","status-publish","has-post-thumbnail","hentry"],"acf":[],"yoast_head":"<!-- This site is optimized with the Yoast SEO plugin v27.5 - https:\/\/yoast.com\/product\/yoast-seo-wordpress\/ -->\n<title>Cunext Group - Cunext<\/title>\n<meta name=\"description\" content=\"CUNEXT GROUP se especializa en la transformaci\u00f3n de cobre y aluminio de la m\u00e1s alta calidad, siempre centrados en la innovaci\u00f3n continua y el desarrollo.\" \/>\n<meta name=\"robots\" content=\"index, follow, max-snippet:-1, max-image-preview:large, max-video-preview:-1\" \/>\n<link rel=\"canonical\" href=\"https:\/\/cunext.com\/it\/cunext-group\/\" \/>\n<meta property=\"og:locale\" content=\"it_IT\" \/>\n<meta property=\"og:type\" content=\"article\" \/>\n<meta property=\"og:title\" content=\"Cunext Group - Cunext\" \/>\n<meta property=\"og:description\" content=\"CUNEXT GROUP se especializa en la transformaci\u00f3n de cobre y aluminio de la m\u00e1s alta calidad, siempre centrados en la innovaci\u00f3n continua y el desarrollo.\" \/>\n<meta property=\"og:url\" content=\"https:\/\/cunext.com\/it\/cunext-group\/\" \/>\n<meta property=\"og:site_name\" content=\"Cunext\" \/>\n<meta property=\"article:modified_time\" content=\"2020-04-20T13:26:08+00:00\" \/>\n<meta property=\"og:image\" content=\"https:\/\/cunext.com\/wp-content\/uploads\/2020\/04\/cabecera_calidad.jpg\" \/>\n\t<meta property=\"og:image:width\" content=\"1600\" \/>\n\t<meta property=\"og:image:height\" content=\"378\" \/>\n\t<meta property=\"og:image:type\" content=\"image\/jpeg\" \/>\n<meta name=\"twitter:card\" content=\"summary_large_image\" \/>\n<script type=\"application\/ld+json\" class=\"yoast-schema-graph\">{\"@context\":\"https:\\\/\\\/schema.org\",\"@graph\":[{\"@type\":\"WebPage\",\"@id\":\"https:\\\/\\\/cunext.com\\\/it\\\/cunext-group\\\/\",\"url\":\"https:\\\/\\\/cunext.com\\\/it\\\/cunext-group\\\/\",\"name\":\"Cunext Group - Cunext\",\"isPartOf\":{\"@id\":\"https:\\\/\\\/cunext.com\\\/it\\\/#website\"},\"primaryImageOfPage\":{\"@id\":\"https:\\\/\\\/cunext.com\\\/it\\\/cunext-group\\\/#primaryimage\"},\"image\":{\"@id\":\"https:\\\/\\\/cunext.com\\\/it\\\/cunext-group\\\/#primaryimage\"},\"thumbnailUrl\":\"https:\\\/\\\/cunext.com\\\/wp-content\\\/uploads\\\/2020\\\/04\\\/cabecera_calidad.jpg\",\"datePublished\":\"2020-04-07T06:46:09+00:00\",\"dateModified\":\"2020-04-20T13:26:08+00:00\",\"description\":\"CUNEXT GROUP se especializa en la transformaci\u00f3n de cobre y aluminio de la m\u00e1s alta calidad, siempre centrados en la innovaci\u00f3n continua y el desarrollo.\",\"breadcrumb\":{\"@id\":\"https:\\\/\\\/cunext.com\\\/it\\\/cunext-group\\\/#breadcrumb\"},\"inLanguage\":\"it-IT\",\"potentialAction\":[{\"@type\":\"ReadAction\",\"target\":[\"https:\\\/\\\/cunext.com\\\/it\\\/cunext-group\\\/\"]}]},{\"@type\":\"ImageObject\",\"inLanguage\":\"it-IT\",\"@id\":\"https:\\\/\\\/cunext.com\\\/it\\\/cunext-group\\\/#primaryimage\",\"url\":\"https:\\\/\\\/cunext.com\\\/wp-content\\\/uploads\\\/2020\\\/04\\\/cabecera_calidad.jpg\",\"contentUrl\":\"https:\\\/\\\/cunext.com\\\/wp-content\\\/uploads\\\/2020\\\/04\\\/cabecera_calidad.jpg\",\"width\":1600,\"height\":378,\"caption\":\"cable-cobre\"},{\"@type\":\"BreadcrumbList\",\"@id\":\"https:\\\/\\\/cunext.com\\\/it\\\/cunext-group\\\/#breadcrumb\",\"itemListElement\":[{\"@type\":\"ListItem\",\"position\":1,\"name\":\"Portada\",\"item\":\"https:\\\/\\\/cunext.com\\\/it\\\/\"},{\"@type\":\"ListItem\",\"position\":2,\"name\":\"Cunext Group\"}]},{\"@type\":\"WebSite\",\"@id\":\"https:\\\/\\\/cunext.com\\\/it\\\/#website\",\"url\":\"https:\\\/\\\/cunext.com\\\/it\\\/\",\"name\":\"Cunext\",\"description\":\"Transformaci\u00f3n de cobre y aluminio\",\"publisher\":{\"@id\":\"https:\\\/\\\/cunext.com\\\/it\\\/#organization\"},\"potentialAction\":[{\"@type\":\"SearchAction\",\"target\":{\"@type\":\"EntryPoint\",\"urlTemplate\":\"https:\\\/\\\/cunext.com\\\/it\\\/?s={search_term_string}\"},\"query-input\":{\"@type\":\"PropertyValueSpecification\",\"valueRequired\":true,\"valueName\":\"search_term_string\"}}],\"inLanguage\":\"it-IT\"},{\"@type\":\"Organization\",\"@id\":\"https:\\\/\\\/cunext.com\\\/it\\\/#organization\",\"name\":\"Cunext Group\",\"url\":\"https:\\\/\\\/cunext.com\\\/it\\\/\",\"logo\":{\"@type\":\"ImageObject\",\"inLanguage\":\"it-IT\",\"@id\":\"https:\\\/\\\/cunext.com\\\/it\\\/#\\\/schema\\\/logo\\\/image\\\/\",\"url\":\"https:\\\/\\\/cunext.com\\\/wp-content\\\/uploads\\\/2020\\\/04\\\/logo-cunext.png\",\"contentUrl\":\"https:\\\/\\\/cunext.com\\\/wp-content\\\/uploads\\\/2020\\\/04\\\/logo-cunext.png\",\"width\":229,\"height\":57,\"caption\":\"Cunext Group\"},\"image\":{\"@id\":\"https:\\\/\\\/cunext.com\\\/it\\\/#\\\/schema\\\/logo\\\/image\\\/\"},\"sameAs\":[\"https:\\\/\\\/www.linkedin.com\\\/company\\\/cunext-copper-industries-sl\\\/\"]}]}<\/script>\n<!-- \/ Yoast SEO plugin. -->","yoast_head_json":{"title":"Cunext Group - Cunext","description":"CUNEXT GROUP se especializa en la transformaci\u00f3n de cobre y aluminio de la m\u00e1s alta calidad, siempre centrados en la innovaci\u00f3n continua y el desarrollo.","robots":{"index":"index","follow":"follow","max-snippet":"max-snippet:-1","max-image-preview":"max-image-preview:large","max-video-preview":"max-video-preview:-1"},"canonical":"https:\/\/cunext.com\/it\/cunext-group\/","og_locale":"it_IT","og_type":"article","og_title":"Cunext Group - Cunext","og_description":"CUNEXT GROUP se especializa en la transformaci\u00f3n de cobre y aluminio de la m\u00e1s alta calidad, siempre centrados en la innovaci\u00f3n continua y el desarrollo.","og_url":"https:\/\/cunext.com\/it\/cunext-group\/","og_site_name":"Cunext","article_modified_time":"2020-04-20T13:26:08+00:00","og_image":[{"width":1600,"height":378,"url":"https:\/\/cunext.com\/wp-content\/uploads\/2020\/04\/cabecera_calidad.jpg","type":"image\/jpeg"}],"twitter_card":"summary_large_image","schema":{"@context":"https:\/\/schema.org","@graph":[{"@type":"WebPage","@id":"https:\/\/cunext.com\/it\/cunext-group\/","url":"https:\/\/cunext.com\/it\/cunext-group\/","name":"Cunext Group - Cunext","isPartOf":{"@id":"https:\/\/cunext.com\/it\/#website"},"primaryImageOfPage":{"@id":"https:\/\/cunext.com\/it\/cunext-group\/#primaryimage"},"image":{"@id":"https:\/\/cunext.com\/it\/cunext-group\/#primaryimage"},"thumbnailUrl":"https:\/\/cunext.com\/wp-content\/uploads\/2020\/04\/cabecera_calidad.jpg","datePublished":"2020-04-07T06:46:09+00:00","dateModified":"2020-04-20T13:26:08+00:00","description":"CUNEXT GROUP se especializa en la transformaci\u00f3n de cobre y aluminio de la m\u00e1s alta calidad, siempre centrados en la innovaci\u00f3n continua y el desarrollo.","breadcrumb":{"@id":"https:\/\/cunext.com\/it\/cunext-group\/#breadcrumb"},"inLanguage":"it-IT","potentialAction":[{"@type":"ReadAction","target":["https:\/\/cunext.com\/it\/cunext-group\/"]}]},{"@type":"ImageObject","inLanguage":"it-IT","@id":"https:\/\/cunext.com\/it\/cunext-group\/#primaryimage","url":"https:\/\/cunext.com\/wp-content\/uploads\/2020\/04\/cabecera_calidad.jpg","contentUrl":"https:\/\/cunext.com\/wp-content\/uploads\/2020\/04\/cabecera_calidad.jpg","width":1600,"height":378,"caption":"cable-cobre"},{"@type":"BreadcrumbList","@id":"https:\/\/cunext.com\/it\/cunext-group\/#breadcrumb","itemListElement":[{"@type":"ListItem","position":1,"name":"Portada","item":"https:\/\/cunext.com\/it\/"},{"@type":"ListItem","position":2,"name":"Cunext Group"}]},{"@type":"WebSite","@id":"https:\/\/cunext.com\/it\/#website","url":"https:\/\/cunext.com\/it\/","name":"Cunext","description":"Transformaci\u00f3n de cobre y aluminio","publisher":{"@id":"https:\/\/cunext.com\/it\/#organization"},"potentialAction":[{"@type":"SearchAction","target":{"@type":"EntryPoint","urlTemplate":"https:\/\/cunext.com\/it\/?s={search_term_string}"},"query-input":{"@type":"PropertyValueSpecification","valueRequired":true,"valueName":"search_term_string"}}],"inLanguage":"it-IT"},{"@type":"Organization","@id":"https:\/\/cunext.com\/it\/#organization","name":"Cunext Group","url":"https:\/\/cunext.com\/it\/","logo":{"@type":"ImageObject","inLanguage":"it-IT","@id":"https:\/\/cunext.com\/it\/#\/schema\/logo\/image\/","url":"https:\/\/cunext.com\/wp-content\/uploads\/2020\/04\/logo-cunext.png","contentUrl":"https:\/\/cunext.com\/wp-content\/uploads\/2020\/04\/logo-cunext.png","width":229,"height":57,"caption":"Cunext Group"},"image":{"@id":"https:\/\/cunext.com\/it\/#\/schema\/logo\/image\/"},"sameAs":["https:\/\/www.linkedin.com\/company\/cunext-copper-industries-sl\/"]}]}},"_links":{"self":[{"href":"https:\/\/cunext.com\/it\/wp-json\/wp\/v2\/pages\/1403","targetHints":{"allow":["GET"]}}],"collection":[{"href":"https:\/\/cunext.com\/it\/wp-json\/wp\/v2\/pages"}],"about":[{"href":"https:\/\/cunext.com\/it\/wp-json\/wp\/v2\/types\/page"}],"author":[{"embeddable":true,"href":"https:\/\/cunext.com\/it\/wp-json\/wp\/v2\/users\/6"}],"replies":[{"embeddable":true,"href":"https:\/\/cunext.com\/it\/wp-json\/wp\/v2\/comments?post=1403"}],"version-history":[{"count":11,"href":"https:\/\/cunext.com\/it\/wp-json\/wp\/v2\/pages\/1403\/revisions"}],"predecessor-version":[{"id":1850,"href":"https:\/\/cunext.com\/it\/wp-json\/wp\/v2\/pages\/1403\/revisions\/1850"}],"wp:featuredmedia":[{"embeddable":true,"href":"https:\/\/cunext.com\/it\/wp-json\/wp\/v2\/media\/1812"}],"wp:attachment":[{"href":"https:\/\/cunext.com\/it\/wp-json\/wp\/v2\/media?parent=1403"}],"curies":[{"name":"wp","href":"https:\/\/api.w.org\/{rel}","templated":true}]}}