{"id":3968,"date":"2023-02-01T18:21:29","date_gmt":"2023-02-01T17:21:29","guid":{"rendered":"https:\/\/cunext.com\/certificats\/energy-management\/"},"modified":"2025-11-24T16:35:30","modified_gmt":"2025-11-24T15:35:30","slug":"gestion-de-lenergie","status":"publish","type":"page","link":"https:\/\/cunext.com\/fr\/certificats\/gestion-de-lenergie\/","title":{"rendered":"Gestion de l&rsquo;energie"},"content":{"rendered":"\n<h2 class=\"wp-block-heading\">ENGAGEMENT POUR UNE UTILISATION EFFICACE ET DURABLE DE L&rsquo;ENERGIE<\/h2>\n\n\n\n<hr class=\"wp-block-separator has-text-color has-css-opacity has-background is-style-default\" style=\"background-color:#a15d42;color:#a15d42\"\/>\n\n\n\n<p>Cunext Group a con\u00e7u et mis en place son syst\u00e8me de gestion de l&rsquo;\u00e9nergie (SGE) bas\u00e9 sur la norme ISO 50001 dans ses installations de C\u00f3rdoba, un outil qui facilite la r\u00e9duction de la consommation d&rsquo;\u00e9nergie, des co\u00fbts d\u00e9riv\u00e9s et, par cons\u00e9quent, des \u00e9missions de gaz \u00e0 effet de serre.<\/p>\n\n\n\n<p>Avec ce SGE bas\u00e9 sur la norme ISO 50001, Cunext Group sp\u00e9cifie les exigences des pratiques de gestion qui sont importantes pour une meilleure performance \u00e9nerg\u00e9tique et assure ainsi \u00e0 ses clients, employ\u00e9s et parties prenantes que l&rsquo;utilisation efficace de l&rsquo;\u00e9nergie est une priorit\u00e9 dans son organisation et que l&rsquo;\u00e9nergie est g\u00e9r\u00e9e de fa\u00e7on syst\u00e9matique.<\/p>\n\n\n\n<p>Cunext Group garantit son engagement dans le d\u00e9veloppement \u00e9nerg\u00e9tique durable et sa contribution \u00e0 la lutte contre le changement climatique.<\/p>\n\n\n\n<div style=\"height:28px\" aria-hidden=\"true\" class=\"wp-block-spacer\"><\/div>\n\n\n\n<ul class=\"wp-block-list listado-certificados\">\n<li><figure><figure><a href=\"https:\/\/cunext.com\/wp-content\/uploads\/2025\/11\/AENOR_Certificado_Gestion_Energetica_ISO_50001_25-28.pdf\" target=\"_blank\" rel=\"noreferrer noopener\"><img decoding=\"async\" class=\"wp-image-2613\" style=\"width: 140px;\" src=\"https:\/\/cunext.com\/wp-content\/uploads\/2023\/02\/GestionEnergeticaGe20220064.jpg\" alt=\"Certificat ISO 50001 \u2013 Cunext Copper Industries S.L.\"><\/a><\/figure><\/figure><\/li>\n<\/ul>\n","protected":false},"excerpt":{"rendered":"<p>ENGAGEMENT POUR UNE UTILISATION EFFICACE ET DURABLE DE L&rsquo;ENERGIE Cunext Group a con\u00e7u et mis en place son syst\u00e8me de gestion de l&rsquo;\u00e9nergie (SGE) bas\u00e9&#8230;<\/p>\n","protected":false},"author":6,"featured_media":1811,"parent":1349,"menu_order":0,"comment_status":"closed","ping_status":"closed","template":"","meta":{"_acf_changed":false,"footnotes":""},"class_list":["post-3968","page","type-page","status-publish","has-post-thumbnail","hentry"],"acf":[],"yoast_head":"<!-- This site is optimized with the Yoast SEO plugin v27.4 - https:\/\/yoast.com\/product\/yoast-seo-wordpress\/ -->\n<title>Gestion de l&#039;energie - Cunext<\/title>\n<meta name=\"description\" content=\"CUNEXT GROUP se especializa en la transformaci\u00f3n de cobre y aluminio de la m\u00e1s alta calidad, siempre centrados en la innovaci\u00f3n continua y el desarrollo.\" \/>\n<meta name=\"robots\" content=\"index, follow, max-snippet:-1, max-image-preview:large, max-video-preview:-1\" \/>\n<link rel=\"canonical\" href=\"https:\/\/cunext.com\/fr\/certificats\/gestion-de-lenergie\/\" \/>\n<meta property=\"og:locale\" content=\"fr_FR\" \/>\n<meta property=\"og:type\" content=\"article\" \/>\n<meta property=\"og:title\" content=\"Gestion de l&#039;energie - Cunext\" \/>\n<meta property=\"og:description\" content=\"CUNEXT GROUP se especializa en la transformaci\u00f3n de cobre y aluminio de la m\u00e1s alta calidad, siempre centrados en la innovaci\u00f3n continua y el desarrollo.\" \/>\n<meta property=\"og:url\" content=\"https:\/\/cunext.com\/fr\/certificats\/gestion-de-lenergie\/\" \/>\n<meta property=\"og:site_name\" content=\"Cunext\" \/>\n<meta property=\"article:modified_time\" content=\"2025-11-24T15:35:30+00:00\" \/>\n<meta property=\"og:image\" content=\"https:\/\/cunext.com\/wp-content\/uploads\/2020\/04\/cabecera_calidad.jpg\" \/>\n\t<meta property=\"og:image:width\" content=\"1600\" \/>\n\t<meta property=\"og:image:height\" content=\"378\" \/>\n\t<meta property=\"og:image:type\" content=\"image\/jpeg\" \/>\n<meta name=\"twitter:card\" content=\"summary_large_image\" \/>\n<meta name=\"twitter:label1\" content=\"Dur\u00e9e de lecture estim\u00e9e\" \/>\n\t<meta name=\"twitter:data1\" content=\"2 minutes\" \/>\n<script type=\"application\/ld+json\" class=\"yoast-schema-graph\">{\"@context\":\"https:\\\/\\\/schema.org\",\"@graph\":[{\"@type\":\"WebPage\",\"@id\":\"https:\\\/\\\/cunext.com\\\/fr\\\/certificats\\\/gestion-de-lenergie\\\/\",\"url\":\"https:\\\/\\\/cunext.com\\\/fr\\\/certificats\\\/gestion-de-lenergie\\\/\",\"name\":\"Gestion de l'energie - Cunext\",\"isPartOf\":{\"@id\":\"https:\\\/\\\/cunext.com\\\/fr\\\/#website\"},\"primaryImageOfPage\":{\"@id\":\"https:\\\/\\\/cunext.com\\\/fr\\\/certificats\\\/gestion-de-lenergie\\\/#primaryimage\"},\"image\":{\"@id\":\"https:\\\/\\\/cunext.com\\\/fr\\\/certificats\\\/gestion-de-lenergie\\\/#primaryimage\"},\"thumbnailUrl\":\"https:\\\/\\\/cunext.com\\\/wp-content\\\/uploads\\\/2020\\\/04\\\/cabecera_calidad.jpg\",\"datePublished\":\"2023-02-01T17:21:29+00:00\",\"dateModified\":\"2025-11-24T15:35:30+00:00\",\"description\":\"CUNEXT GROUP se especializa en la transformaci\u00f3n de cobre y aluminio de la m\u00e1s alta calidad, siempre centrados en la innovaci\u00f3n continua y el desarrollo.\",\"breadcrumb\":{\"@id\":\"https:\\\/\\\/cunext.com\\\/fr\\\/certificats\\\/gestion-de-lenergie\\\/#breadcrumb\"},\"inLanguage\":\"fr-FR\",\"potentialAction\":[{\"@type\":\"ReadAction\",\"target\":[\"https:\\\/\\\/cunext.com\\\/fr\\\/certificats\\\/gestion-de-lenergie\\\/\"]}]},{\"@type\":\"ImageObject\",\"inLanguage\":\"fr-FR\",\"@id\":\"https:\\\/\\\/cunext.com\\\/fr\\\/certificats\\\/gestion-de-lenergie\\\/#primaryimage\",\"url\":\"https:\\\/\\\/cunext.com\\\/wp-content\\\/uploads\\\/2020\\\/04\\\/cabecera_calidad.jpg\",\"contentUrl\":\"https:\\\/\\\/cunext.com\\\/wp-content\\\/uploads\\\/2020\\\/04\\\/cabecera_calidad.jpg\",\"width\":1600,\"height\":378,\"caption\":\"cable-cobre\"},{\"@type\":\"BreadcrumbList\",\"@id\":\"https:\\\/\\\/cunext.com\\\/fr\\\/certificats\\\/gestion-de-lenergie\\\/#breadcrumb\",\"itemListElement\":[{\"@type\":\"ListItem\",\"position\":1,\"name\":\"Portada\",\"item\":\"https:\\\/\\\/cunext.com\\\/fr\\\/\"},{\"@type\":\"ListItem\",\"position\":2,\"name\":\"Certificats\",\"item\":\"https:\\\/\\\/cunext.com\\\/fr\\\/certificats\\\/\"},{\"@type\":\"ListItem\",\"position\":3,\"name\":\"Gestion de l&#8217;energie\"}]},{\"@type\":\"WebSite\",\"@id\":\"https:\\\/\\\/cunext.com\\\/fr\\\/#website\",\"url\":\"https:\\\/\\\/cunext.com\\\/fr\\\/\",\"name\":\"Cunext\",\"description\":\"Transformaci\u00f3n de cobre y aluminio\",\"publisher\":{\"@id\":\"https:\\\/\\\/cunext.com\\\/fr\\\/#organization\"},\"potentialAction\":[{\"@type\":\"SearchAction\",\"target\":{\"@type\":\"EntryPoint\",\"urlTemplate\":\"https:\\\/\\\/cunext.com\\\/fr\\\/?s={search_term_string}\"},\"query-input\":{\"@type\":\"PropertyValueSpecification\",\"valueRequired\":true,\"valueName\":\"search_term_string\"}}],\"inLanguage\":\"fr-FR\"},{\"@type\":\"Organization\",\"@id\":\"https:\\\/\\\/cunext.com\\\/fr\\\/#organization\",\"name\":\"Cunext Group\",\"url\":\"https:\\\/\\\/cunext.com\\\/fr\\\/\",\"logo\":{\"@type\":\"ImageObject\",\"inLanguage\":\"fr-FR\",\"@id\":\"https:\\\/\\\/cunext.com\\\/fr\\\/#\\\/schema\\\/logo\\\/image\\\/\",\"url\":\"https:\\\/\\\/cunext.com\\\/wp-content\\\/uploads\\\/2020\\\/04\\\/logo-cunext.png\",\"contentUrl\":\"https:\\\/\\\/cunext.com\\\/wp-content\\\/uploads\\\/2020\\\/04\\\/logo-cunext.png\",\"width\":229,\"height\":57,\"caption\":\"Cunext Group\"},\"image\":{\"@id\":\"https:\\\/\\\/cunext.com\\\/fr\\\/#\\\/schema\\\/logo\\\/image\\\/\"},\"sameAs\":[\"https:\\\/\\\/www.linkedin.com\\\/company\\\/cunext-copper-industries-sl\\\/\"]}]}<\/script>\n<!-- \/ Yoast SEO plugin. -->","yoast_head_json":{"title":"Gestion de l'energie - Cunext","description":"CUNEXT GROUP se especializa en la transformaci\u00f3n de cobre y aluminio de la m\u00e1s alta calidad, siempre centrados en la innovaci\u00f3n continua y el desarrollo.","robots":{"index":"index","follow":"follow","max-snippet":"max-snippet:-1","max-image-preview":"max-image-preview:large","max-video-preview":"max-video-preview:-1"},"canonical":"https:\/\/cunext.com\/fr\/certificats\/gestion-de-lenergie\/","og_locale":"fr_FR","og_type":"article","og_title":"Gestion de l'energie - Cunext","og_description":"CUNEXT GROUP se especializa en la transformaci\u00f3n de cobre y aluminio de la m\u00e1s alta calidad, siempre centrados en la innovaci\u00f3n continua y el desarrollo.","og_url":"https:\/\/cunext.com\/fr\/certificats\/gestion-de-lenergie\/","og_site_name":"Cunext","article_modified_time":"2025-11-24T15:35:30+00:00","og_image":[{"width":1600,"height":378,"url":"https:\/\/cunext.com\/wp-content\/uploads\/2020\/04\/cabecera_calidad.jpg","type":"image\/jpeg"}],"twitter_card":"summary_large_image","twitter_misc":{"Dur\u00e9e de lecture estim\u00e9e":"2 minutes"},"schema":{"@context":"https:\/\/schema.org","@graph":[{"@type":"WebPage","@id":"https:\/\/cunext.com\/fr\/certificats\/gestion-de-lenergie\/","url":"https:\/\/cunext.com\/fr\/certificats\/gestion-de-lenergie\/","name":"Gestion de l'energie - Cunext","isPartOf":{"@id":"https:\/\/cunext.com\/fr\/#website"},"primaryImageOfPage":{"@id":"https:\/\/cunext.com\/fr\/certificats\/gestion-de-lenergie\/#primaryimage"},"image":{"@id":"https:\/\/cunext.com\/fr\/certificats\/gestion-de-lenergie\/#primaryimage"},"thumbnailUrl":"https:\/\/cunext.com\/wp-content\/uploads\/2020\/04\/cabecera_calidad.jpg","datePublished":"2023-02-01T17:21:29+00:00","dateModified":"2025-11-24T15:35:30+00:00","description":"CUNEXT GROUP se especializa en la transformaci\u00f3n de cobre y aluminio de la m\u00e1s alta calidad, siempre centrados en la innovaci\u00f3n continua y el desarrollo.","breadcrumb":{"@id":"https:\/\/cunext.com\/fr\/certificats\/gestion-de-lenergie\/#breadcrumb"},"inLanguage":"fr-FR","potentialAction":[{"@type":"ReadAction","target":["https:\/\/cunext.com\/fr\/certificats\/gestion-de-lenergie\/"]}]},{"@type":"ImageObject","inLanguage":"fr-FR","@id":"https:\/\/cunext.com\/fr\/certificats\/gestion-de-lenergie\/#primaryimage","url":"https:\/\/cunext.com\/wp-content\/uploads\/2020\/04\/cabecera_calidad.jpg","contentUrl":"https:\/\/cunext.com\/wp-content\/uploads\/2020\/04\/cabecera_calidad.jpg","width":1600,"height":378,"caption":"cable-cobre"},{"@type":"BreadcrumbList","@id":"https:\/\/cunext.com\/fr\/certificats\/gestion-de-lenergie\/#breadcrumb","itemListElement":[{"@type":"ListItem","position":1,"name":"Portada","item":"https:\/\/cunext.com\/fr\/"},{"@type":"ListItem","position":2,"name":"Certificats","item":"https:\/\/cunext.com\/fr\/certificats\/"},{"@type":"ListItem","position":3,"name":"Gestion de l&#8217;energie"}]},{"@type":"WebSite","@id":"https:\/\/cunext.com\/fr\/#website","url":"https:\/\/cunext.com\/fr\/","name":"Cunext","description":"Transformaci\u00f3n de cobre y aluminio","publisher":{"@id":"https:\/\/cunext.com\/fr\/#organization"},"potentialAction":[{"@type":"SearchAction","target":{"@type":"EntryPoint","urlTemplate":"https:\/\/cunext.com\/fr\/?s={search_term_string}"},"query-input":{"@type":"PropertyValueSpecification","valueRequired":true,"valueName":"search_term_string"}}],"inLanguage":"fr-FR"},{"@type":"Organization","@id":"https:\/\/cunext.com\/fr\/#organization","name":"Cunext Group","url":"https:\/\/cunext.com\/fr\/","logo":{"@type":"ImageObject","inLanguage":"fr-FR","@id":"https:\/\/cunext.com\/fr\/#\/schema\/logo\/image\/","url":"https:\/\/cunext.com\/wp-content\/uploads\/2020\/04\/logo-cunext.png","contentUrl":"https:\/\/cunext.com\/wp-content\/uploads\/2020\/04\/logo-cunext.png","width":229,"height":57,"caption":"Cunext Group"},"image":{"@id":"https:\/\/cunext.com\/fr\/#\/schema\/logo\/image\/"},"sameAs":["https:\/\/www.linkedin.com\/company\/cunext-copper-industries-sl\/"]}]}},"_links":{"self":[{"href":"https:\/\/cunext.com\/fr\/wp-json\/wp\/v2\/pages\/3968","targetHints":{"allow":["GET"]}}],"collection":[{"href":"https:\/\/cunext.com\/fr\/wp-json\/wp\/v2\/pages"}],"about":[{"href":"https:\/\/cunext.com\/fr\/wp-json\/wp\/v2\/types\/page"}],"author":[{"embeddable":true,"href":"https:\/\/cunext.com\/fr\/wp-json\/wp\/v2\/users\/6"}],"replies":[{"embeddable":true,"href":"https:\/\/cunext.com\/fr\/wp-json\/wp\/v2\/comments?post=3968"}],"version-history":[{"count":2,"href":"https:\/\/cunext.com\/fr\/wp-json\/wp\/v2\/pages\/3968\/revisions"}],"predecessor-version":[{"id":5921,"href":"https:\/\/cunext.com\/fr\/wp-json\/wp\/v2\/pages\/3968\/revisions\/5921"}],"up":[{"embeddable":true,"href":"https:\/\/cunext.com\/fr\/wp-json\/wp\/v2\/pages\/1349"}],"wp:featuredmedia":[{"embeddable":true,"href":"https:\/\/cunext.com\/fr\/wp-json\/wp\/v2\/media\/1811"}],"wp:attachment":[{"href":"https:\/\/cunext.com\/fr\/wp-json\/wp\/v2\/media?parent=3968"}],"curies":[{"name":"wp","href":"https:\/\/api.w.org\/{rel}","templated":true}]}}