{"id":3419,"date":"2021-09-24T11:59:35","date_gmt":"2021-09-24T10:59:35","guid":{"rendered":"https:\/\/www.cunext.com\/?page_id=3419"},"modified":"2025-09-29T08:35:09","modified_gmt":"2025-09-29T07:35:09","slug":"memoires-de-esg","status":"publish","type":"page","link":"https:\/\/cunext.com\/fr\/durabilite\/memoires-de-esg\/","title":{"rendered":"M\u00e9mories de ESG"},"content":{"rendered":"\n<div class=\"wp-block-columns fullWidthRsc is-layout-flex wp-container-core-columns-is-layout-28f84493 wp-block-columns-is-layout-flex\">\n<div class=\"wp-block-column fullWidthRsc is-layout-flow wp-block-column-is-layout-flow\" style=\"flex-basis:1100px\">\n<h2 class=\"wp-block-heading\">  <strong>Engagement \u00e9thique de Responsabilit\u00e9 Sociale d&rsquo;Entreprise de Cunext Group<\/strong><\/h2>\n\n\n\n<p><strong>A travers les M\u00e9mories de ESG, nous montrons notre engagement envers la Durabilit\u00e9<\/strong>, en offrant \u00e0 toutes les parties int\u00e9ress\u00e9es des informations claires et standardis\u00e9es sur nos activit\u00e9s en tant qu&rsquo;organisation dans diff\u00e9rents domaines : gouvernance d&rsquo;entreprise, \u00e9conomique, social et environnemental.<\/p>\n\n\n\n<p>Vous pouvez consulter ci-apr\u00e8s les derniers m\u00e9moires de durabilit\u00e9 publi\u00e9s:<\/p>\n<\/div>\n\n\n\n<div class=\"wp-block-column hideColumn is-layout-flow wp-block-column-is-layout-flow\"><\/div>\n<\/div>\n\n\n\n<div class=\"wp-block-columns is-layout-flex wp-container-core-columns-is-layout-28f84493 wp-block-columns-is-layout-flex\">\n<div class=\"wp-block-column is-layout-flow wp-block-column-is-layout-flow\" style=\"flex-basis:20%\"><div class=\"wp-block-image\">\n<figure class=\"aligncenter size-full is-resized\"><a href=\"https:\/\/cunext.com\/wp-content\/uploads\/2025\/07\/CUNEXT_EINF_2024.pdf\" target=\"_blank\" rel=\" noreferrer noopener\"><img loading=\"lazy\" decoding=\"async\" width=\"400\" height=\"400\" src=\"https:\/\/cunext.com\/wp-content\/uploads\/2025\/07\/Cunext-Group_Memoria-Sostenibilidad-2024-FR.png\" alt=\"\" class=\"wp-image-5738\" style=\"width:300px\" srcset=\"https:\/\/cunext.com\/wp-content\/uploads\/2025\/07\/Cunext-Group_Memoria-Sostenibilidad-2024-FR.png 400w, https:\/\/cunext.com\/wp-content\/uploads\/2025\/07\/Cunext-Group_Memoria-Sostenibilidad-2024-FR-300x300.png 300w, https:\/\/cunext.com\/wp-content\/uploads\/2025\/07\/Cunext-Group_Memoria-Sostenibilidad-2024-FR-150x150.png 150w\" sizes=\"auto, (max-width: 400px) 100vw, 400px\" \/><\/a><\/figure><\/div>\n\n\n<p class=\"has-text-align-center\">M\u00e9mories 2024<\/p>\n<\/div>\n\n\n\n<div class=\"wp-block-column is-layout-flow wp-block-column-is-layout-flow\" style=\"flex-basis:20%\"><div class=\"wp-block-image\">\n<figure class=\"aligncenter size-large is-resized\"><a href=\"https:\/\/cunext.com\/wp-content\/uploads\/2024\/09\/CUNEXT_EINF_en-GB.pdf\" target=\"_blank\" rel=\" noreferrer noopener\"><img decoding=\"async\" src=\"https:\/\/cunext.com\/wp-content\/uploads\/2024\/09\/Cunext-Group_Memoria-Sostenibilidad-2023-FR.jpg\" alt=\"\" style=\"width:300px\"\/><\/a><\/figure><\/div>\n\n\n<p class=\"has-text-align-center\">M\u00e9mories 2023<\/p>\n<\/div>\n\n\n\n<div class=\"wp-block-column is-layout-flow wp-block-column-is-layout-flow\" style=\"flex-basis:20%\">\n<div class=\"wp-block-column is-layout-flow wp-block-column-is-layout-flow\"><div class=\"wp-block-image is-resized\">\n<figure class=\"aligncenter size-full\"><a href=\"https:\/\/cunext.com\/wp-content\/uploads\/2025\/07\/EINF-2022-English.pdf\" target=\"_blank\" rel=\"noopener\"><img decoding=\"async\" src=\"https:\/\/cunext.com\/wp-content\/uploads\/2023\/07\/Cunext-Group_Memoria-Sostenibilidad-2022-FR.jpg\" alt=\"\" class=\"wp-image-3606\" style=\"width:300px\"\/><\/a><\/figure><\/div>\n\n\n<p class=\"has-text-align-center\">M\u00e9mories 2022<\/p>\n<\/div>\n<\/div>\n\n\n\n<div class=\"wp-block-column is-layout-flow wp-block-column-is-layout-flow\"><div class=\"wp-block-image is-resized\">\n<figure class=\"aligncenter size-full\"><a href=\"https:\/\/cunext.com\/wp-content\/uploads\/2022\/07\/Cunext-Group-Memoria-Sostenibilidad-EINF-2021-1.pdf\" target=\"_blank\" rel=\"noopener\"><img decoding=\"async\" src=\"https:\/\/cunext.com\/wp-content\/uploads\/2022\/07\/Cunext-Group_Memoria-Sostenibilidad-2021-FR-1.jpg\" alt=\"\" class=\"wp-image-3606\" style=\"width:300px\"\/><\/a><\/figure><\/div>\n\n\n<p class=\"has-text-align-center\">M\u00e9mories 2021<\/p>\n<\/div>\n\n\n\n<div class=\"wp-block-column is-layout-flow wp-block-column-is-layout-flow\"><div class=\"wp-block-image is-resized\">\n<figure class=\"aligncenter size-full\"><a href=\"https:\/\/cunext.com\/wp-content\/uploads\/2022\/02\/Cunext-Group-Memoria-Sostenibilidad-2019-2020-1.pdf\" target=\"_blank\" rel=\"noopener\"><img loading=\"lazy\" decoding=\"async\" width=\"400\" height=\"400\" src=\"https:\/\/cunext.com\/wp-content\/uploads\/2022\/02\/Cunext-Group_Memoria-RSC-2019-2020_FR.png\" alt=\"\" class=\"wp-image-3606\" style=\"width:300px\" srcset=\"https:\/\/cunext.com\/wp-content\/uploads\/2022\/02\/Cunext-Group_Memoria-RSC-2019-2020_FR.png 400w, https:\/\/cunext.com\/wp-content\/uploads\/2022\/02\/Cunext-Group_Memoria-RSC-2019-2020_FR-300x300.png 300w, https:\/\/cunext.com\/wp-content\/uploads\/2022\/02\/Cunext-Group_Memoria-RSC-2019-2020_FR-150x150.png 150w\" sizes=\"auto, (max-width: 400px) 100vw, 400px\" \/><\/a><\/figure><\/div>\n\n\n<p class=\"has-text-align-center\">M\u00e9mories 2019 -2020 <\/p>\n<\/div>\n<\/div>\n\n\n\n<div class=\"wp-block-columns is-layout-flex wp-container-core-columns-is-layout-28f84493 wp-block-columns-is-layout-flex\">\n<div class=\"wp-block-column is-layout-flow wp-block-column-is-layout-flow\"><div class=\"wp-block-image is-resized\">\n<figure class=\"aligncenter size-full\"><a href=\"https:\/\/cunext.com\/wp-content\/uploads\/2021\/10\/Cunext-Group_MemoriaRSC2017_2018.pdf\" target=\"_blank\" rel=\"noopener\"><img loading=\"lazy\" decoding=\"async\" width=\"400\" height=\"400\" src=\"https:\/\/cunext.com\/wp-content\/uploads\/2022\/02\/Cunext-Group_Memoria-RSC-2018_FR.png\" alt=\"\" class=\"wp-image-3622\" style=\"width:300px\" srcset=\"https:\/\/cunext.com\/wp-content\/uploads\/2022\/02\/Cunext-Group_Memoria-RSC-2018_FR.png 400w, https:\/\/cunext.com\/wp-content\/uploads\/2022\/02\/Cunext-Group_Memoria-RSC-2018_FR-300x300.png 300w, https:\/\/cunext.com\/wp-content\/uploads\/2022\/02\/Cunext-Group_Memoria-RSC-2018_FR-150x150.png 150w\" sizes=\"auto, (max-width: 400px) 100vw, 400px\" \/><\/a><\/figure><\/div>\n\n\n<p class=\"has-text-align-center\">M\u00e9moires 2017 &#8211; 2018<\/p>\n<\/div>\n\n\n\n<div class=\"wp-block-column is-layout-flow wp-block-column-is-layout-flow\"><div class=\"wp-block-image is-resized\">\n<figure class=\"aligncenter size-full\"><a href=\"https:\/\/cunext.com\/wp-content\/uploads\/2021\/08\/Cunext-Group_MemoriaRSC2016.pdf\" target=\"_blank\" rel=\"noopener\"><img loading=\"lazy\" decoding=\"async\" width=\"400\" height=\"400\" src=\"https:\/\/cunext.com\/wp-content\/uploads\/2022\/02\/Cunext-Group_Memoria-RSC-2016_FR.png\" alt=\"\" class=\"wp-image-3638\" style=\"width:300px\" srcset=\"https:\/\/cunext.com\/wp-content\/uploads\/2022\/02\/Cunext-Group_Memoria-RSC-2016_FR.png 400w, https:\/\/cunext.com\/wp-content\/uploads\/2022\/02\/Cunext-Group_Memoria-RSC-2016_FR-300x300.png 300w, https:\/\/cunext.com\/wp-content\/uploads\/2022\/02\/Cunext-Group_Memoria-RSC-2016_FR-150x150.png 150w\" sizes=\"auto, (max-width: 400px) 100vw, 400px\" \/><\/a><\/figure><\/div>\n\n\n<p class=\"has-text-align-center\">M\u00e9moires 2016<\/p>\n<\/div>\n\n\n\n<div class=\"wp-block-column is-layout-flow wp-block-column-is-layout-flow\"><div class=\"wp-block-image is-resized\">\n<figure class=\"aligncenter size-full\"><a href=\"https:\/\/cunext.com\/wp-content\/uploads\/2021\/08\/Cunext-Group_MemoriaRSC2015.pdf\" target=\"_blank\" rel=\"noopener\"><img loading=\"lazy\" decoding=\"async\" width=\"400\" height=\"400\" src=\"https:\/\/cunext.com\/wp-content\/uploads\/2022\/02\/Cunext-Group_Memoria-RSC-2015_FR.png\" alt=\"\" class=\"wp-image-3590\" style=\"width:300px\" srcset=\"https:\/\/cunext.com\/wp-content\/uploads\/2022\/02\/Cunext-Group_Memoria-RSC-2015_FR.png 400w, https:\/\/cunext.com\/wp-content\/uploads\/2022\/02\/Cunext-Group_Memoria-RSC-2015_FR-300x300.png 300w, https:\/\/cunext.com\/wp-content\/uploads\/2022\/02\/Cunext-Group_Memoria-RSC-2015_FR-150x150.png 150w\" sizes=\"auto, (max-width: 400px) 100vw, 400px\" \/><\/a><\/figure><\/div>\n\n\n<p class=\"has-text-align-center\">M\u00e9moires 2015<\/p>\n<\/div>\n\n\n\n<div class=\"wp-block-column is-layout-flow wp-block-column-is-layout-flow\" style=\"flex-basis:20%\"><\/div>\n\n\n\n<div class=\"wp-block-column is-layout-flow wp-block-column-is-layout-flow\" style=\"flex-basis:20%\"><\/div>\n<\/div>\n\n\n<\/div>\n<p><!-- \/wp:post-content --><\/p>","protected":false},"excerpt":{"rendered":"<p>Engagement \u00e9thique de Responsabilit\u00e9 Sociale d&rsquo;Entreprise de Cunext Group A travers les M\u00e9mories de ESG, nous montrons notre engagement envers la Durabilit\u00e9, en offrant \u00e0&#8230;<\/p>\n","protected":false},"author":6,"featured_media":3389,"parent":1364,"menu_order":0,"comment_status":"closed","ping_status":"closed","template":"","meta":{"_acf_changed":false,"footnotes":""},"class_list":["post-3419","page","type-page","status-publish","has-post-thumbnail","hentry"],"acf":[],"yoast_head":"<!-- This site is optimized with the Yoast SEO plugin v27.5 - https:\/\/yoast.com\/product\/yoast-seo-wordpress\/ -->\n<title>M\u00e9mories de ESG - Cunext<\/title>\n<meta name=\"description\" content=\"CUNEXT GROUP se especializa en la transformaci\u00f3n de cobre y aluminio de la m\u00e1s alta calidad, siempre centrados en la innovaci\u00f3n continua y el desarrollo.\" \/>\n<meta name=\"robots\" content=\"index, follow, max-snippet:-1, max-image-preview:large, max-video-preview:-1\" \/>\n<link rel=\"canonical\" href=\"https:\/\/cunext.com\/fr\/durabilite\/memoires-de-esg\/\" \/>\n<meta property=\"og:locale\" content=\"fr_FR\" \/>\n<meta property=\"og:type\" content=\"article\" \/>\n<meta property=\"og:title\" content=\"M\u00e9mories de ESG - Cunext\" \/>\n<meta property=\"og:description\" content=\"CUNEXT GROUP se especializa en la transformaci\u00f3n de cobre y aluminio de la m\u00e1s alta calidad, siempre centrados en la innovaci\u00f3n continua y el desarrollo.\" \/>\n<meta property=\"og:url\" content=\"https:\/\/cunext.com\/fr\/durabilite\/memoires-de-esg\/\" \/>\n<meta property=\"og:site_name\" content=\"Cunext\" \/>\n<meta property=\"article:modified_time\" content=\"2025-09-29T07:35:09+00:00\" \/>\n<meta property=\"og:image\" content=\"https:\/\/cunext.com\/wp-content\/uploads\/2021\/08\/Cunext-Group_Memorias-Sostenibilidad.jpg\" \/>\n\t<meta property=\"og:image:width\" content=\"1920\" \/>\n\t<meta property=\"og:image:height\" content=\"704\" \/>\n\t<meta property=\"og:image:type\" content=\"image\/jpeg\" \/>\n<meta name=\"twitter:card\" content=\"summary_large_image\" \/>\n<meta name=\"twitter:label1\" content=\"Dur\u00e9e de lecture estim\u00e9e\" \/>\n\t<meta name=\"twitter:data1\" content=\"3 minutes\" \/>\n<script type=\"application\/ld+json\" class=\"yoast-schema-graph\">{\"@context\":\"https:\\\/\\\/schema.org\",\"@graph\":[{\"@type\":\"WebPage\",\"@id\":\"https:\\\/\\\/cunext.com\\\/fr\\\/durabilite\\\/memoires-de-esg\\\/\",\"url\":\"https:\\\/\\\/cunext.com\\\/fr\\\/durabilite\\\/memoires-de-esg\\\/\",\"name\":\"M\u00e9mories de ESG - Cunext\",\"isPartOf\":{\"@id\":\"https:\\\/\\\/cunext.com\\\/fr\\\/#website\"},\"primaryImageOfPage\":{\"@id\":\"https:\\\/\\\/cunext.com\\\/fr\\\/durabilite\\\/memoires-de-esg\\\/#primaryimage\"},\"image\":{\"@id\":\"https:\\\/\\\/cunext.com\\\/fr\\\/durabilite\\\/memoires-de-esg\\\/#primaryimage\"},\"thumbnailUrl\":\"https:\\\/\\\/cunext.com\\\/wp-content\\\/uploads\\\/2021\\\/08\\\/Cunext-Group_Memorias-Sostenibilidad.jpg\",\"datePublished\":\"2021-09-24T10:59:35+00:00\",\"dateModified\":\"2025-09-29T07:35:09+00:00\",\"description\":\"CUNEXT GROUP se especializa en la transformaci\u00f3n de cobre y aluminio de la m\u00e1s alta calidad, siempre centrados en la innovaci\u00f3n continua y el desarrollo.\",\"breadcrumb\":{\"@id\":\"https:\\\/\\\/cunext.com\\\/fr\\\/durabilite\\\/memoires-de-esg\\\/#breadcrumb\"},\"inLanguage\":\"fr-FR\",\"potentialAction\":[{\"@type\":\"ReadAction\",\"target\":[\"https:\\\/\\\/cunext.com\\\/fr\\\/durabilite\\\/memoires-de-esg\\\/\"]}]},{\"@type\":\"ImageObject\",\"inLanguage\":\"fr-FR\",\"@id\":\"https:\\\/\\\/cunext.com\\\/fr\\\/durabilite\\\/memoires-de-esg\\\/#primaryimage\",\"url\":\"https:\\\/\\\/cunext.com\\\/wp-content\\\/uploads\\\/2021\\\/08\\\/Cunext-Group_Memorias-Sostenibilidad.jpg\",\"contentUrl\":\"https:\\\/\\\/cunext.com\\\/wp-content\\\/uploads\\\/2021\\\/08\\\/Cunext-Group_Memorias-Sostenibilidad.jpg\",\"width\":1920,\"height\":704},{\"@type\":\"BreadcrumbList\",\"@id\":\"https:\\\/\\\/cunext.com\\\/fr\\\/durabilite\\\/memoires-de-esg\\\/#breadcrumb\",\"itemListElement\":[{\"@type\":\"ListItem\",\"position\":1,\"name\":\"Portada\",\"item\":\"https:\\\/\\\/cunext.com\\\/fr\\\/\"},{\"@type\":\"ListItem\",\"position\":2,\"name\":\"Durabilit\u00e9\",\"item\":\"https:\\\/\\\/cunext.com\\\/fr\\\/durabilite\\\/\"},{\"@type\":\"ListItem\",\"position\":3,\"name\":\"M\u00e9mories de ESG\"}]},{\"@type\":\"WebSite\",\"@id\":\"https:\\\/\\\/cunext.com\\\/fr\\\/#website\",\"url\":\"https:\\\/\\\/cunext.com\\\/fr\\\/\",\"name\":\"Cunext\",\"description\":\"Transformaci\u00f3n de cobre y aluminio\",\"publisher\":{\"@id\":\"https:\\\/\\\/cunext.com\\\/fr\\\/#organization\"},\"potentialAction\":[{\"@type\":\"SearchAction\",\"target\":{\"@type\":\"EntryPoint\",\"urlTemplate\":\"https:\\\/\\\/cunext.com\\\/fr\\\/?s={search_term_string}\"},\"query-input\":{\"@type\":\"PropertyValueSpecification\",\"valueRequired\":true,\"valueName\":\"search_term_string\"}}],\"inLanguage\":\"fr-FR\"},{\"@type\":\"Organization\",\"@id\":\"https:\\\/\\\/cunext.com\\\/fr\\\/#organization\",\"name\":\"Cunext Group\",\"url\":\"https:\\\/\\\/cunext.com\\\/fr\\\/\",\"logo\":{\"@type\":\"ImageObject\",\"inLanguage\":\"fr-FR\",\"@id\":\"https:\\\/\\\/cunext.com\\\/fr\\\/#\\\/schema\\\/logo\\\/image\\\/\",\"url\":\"https:\\\/\\\/cunext.com\\\/wp-content\\\/uploads\\\/2020\\\/04\\\/logo-cunext.png\",\"contentUrl\":\"https:\\\/\\\/cunext.com\\\/wp-content\\\/uploads\\\/2020\\\/04\\\/logo-cunext.png\",\"width\":229,\"height\":57,\"caption\":\"Cunext Group\"},\"image\":{\"@id\":\"https:\\\/\\\/cunext.com\\\/fr\\\/#\\\/schema\\\/logo\\\/image\\\/\"},\"sameAs\":[\"https:\\\/\\\/www.linkedin.com\\\/company\\\/cunext-copper-industries-sl\\\/\"]}]}<\/script>\n<!-- \/ Yoast SEO plugin. -->","yoast_head_json":{"title":"M\u00e9mories de ESG - Cunext","description":"CUNEXT GROUP se especializa en la transformaci\u00f3n de cobre y aluminio de la m\u00e1s alta calidad, siempre centrados en la innovaci\u00f3n continua y el desarrollo.","robots":{"index":"index","follow":"follow","max-snippet":"max-snippet:-1","max-image-preview":"max-image-preview:large","max-video-preview":"max-video-preview:-1"},"canonical":"https:\/\/cunext.com\/fr\/durabilite\/memoires-de-esg\/","og_locale":"fr_FR","og_type":"article","og_title":"M\u00e9mories de ESG - Cunext","og_description":"CUNEXT GROUP se especializa en la transformaci\u00f3n de cobre y aluminio de la m\u00e1s alta calidad, siempre centrados en la innovaci\u00f3n continua y el desarrollo.","og_url":"https:\/\/cunext.com\/fr\/durabilite\/memoires-de-esg\/","og_site_name":"Cunext","article_modified_time":"2025-09-29T07:35:09+00:00","og_image":[{"width":1920,"height":704,"url":"https:\/\/cunext.com\/wp-content\/uploads\/2021\/08\/Cunext-Group_Memorias-Sostenibilidad.jpg","type":"image\/jpeg"}],"twitter_card":"summary_large_image","twitter_misc":{"Dur\u00e9e de lecture estim\u00e9e":"3 minutes"},"schema":{"@context":"https:\/\/schema.org","@graph":[{"@type":"WebPage","@id":"https:\/\/cunext.com\/fr\/durabilite\/memoires-de-esg\/","url":"https:\/\/cunext.com\/fr\/durabilite\/memoires-de-esg\/","name":"M\u00e9mories de ESG - Cunext","isPartOf":{"@id":"https:\/\/cunext.com\/fr\/#website"},"primaryImageOfPage":{"@id":"https:\/\/cunext.com\/fr\/durabilite\/memoires-de-esg\/#primaryimage"},"image":{"@id":"https:\/\/cunext.com\/fr\/durabilite\/memoires-de-esg\/#primaryimage"},"thumbnailUrl":"https:\/\/cunext.com\/wp-content\/uploads\/2021\/08\/Cunext-Group_Memorias-Sostenibilidad.jpg","datePublished":"2021-09-24T10:59:35+00:00","dateModified":"2025-09-29T07:35:09+00:00","description":"CUNEXT GROUP se especializa en la transformaci\u00f3n de cobre y aluminio de la m\u00e1s alta calidad, siempre centrados en la innovaci\u00f3n continua y el desarrollo.","breadcrumb":{"@id":"https:\/\/cunext.com\/fr\/durabilite\/memoires-de-esg\/#breadcrumb"},"inLanguage":"fr-FR","potentialAction":[{"@type":"ReadAction","target":["https:\/\/cunext.com\/fr\/durabilite\/memoires-de-esg\/"]}]},{"@type":"ImageObject","inLanguage":"fr-FR","@id":"https:\/\/cunext.com\/fr\/durabilite\/memoires-de-esg\/#primaryimage","url":"https:\/\/cunext.com\/wp-content\/uploads\/2021\/08\/Cunext-Group_Memorias-Sostenibilidad.jpg","contentUrl":"https:\/\/cunext.com\/wp-content\/uploads\/2021\/08\/Cunext-Group_Memorias-Sostenibilidad.jpg","width":1920,"height":704},{"@type":"BreadcrumbList","@id":"https:\/\/cunext.com\/fr\/durabilite\/memoires-de-esg\/#breadcrumb","itemListElement":[{"@type":"ListItem","position":1,"name":"Portada","item":"https:\/\/cunext.com\/fr\/"},{"@type":"ListItem","position":2,"name":"Durabilit\u00e9","item":"https:\/\/cunext.com\/fr\/durabilite\/"},{"@type":"ListItem","position":3,"name":"M\u00e9mories de ESG"}]},{"@type":"WebSite","@id":"https:\/\/cunext.com\/fr\/#website","url":"https:\/\/cunext.com\/fr\/","name":"Cunext","description":"Transformaci\u00f3n de cobre y aluminio","publisher":{"@id":"https:\/\/cunext.com\/fr\/#organization"},"potentialAction":[{"@type":"SearchAction","target":{"@type":"EntryPoint","urlTemplate":"https:\/\/cunext.com\/fr\/?s={search_term_string}"},"query-input":{"@type":"PropertyValueSpecification","valueRequired":true,"valueName":"search_term_string"}}],"inLanguage":"fr-FR"},{"@type":"Organization","@id":"https:\/\/cunext.com\/fr\/#organization","name":"Cunext Group","url":"https:\/\/cunext.com\/fr\/","logo":{"@type":"ImageObject","inLanguage":"fr-FR","@id":"https:\/\/cunext.com\/fr\/#\/schema\/logo\/image\/","url":"https:\/\/cunext.com\/wp-content\/uploads\/2020\/04\/logo-cunext.png","contentUrl":"https:\/\/cunext.com\/wp-content\/uploads\/2020\/04\/logo-cunext.png","width":229,"height":57,"caption":"Cunext Group"},"image":{"@id":"https:\/\/cunext.com\/fr\/#\/schema\/logo\/image\/"},"sameAs":["https:\/\/www.linkedin.com\/company\/cunext-copper-industries-sl\/"]}]}},"_links":{"self":[{"href":"https:\/\/cunext.com\/fr\/wp-json\/wp\/v2\/pages\/3419","targetHints":{"allow":["GET"]}}],"collection":[{"href":"https:\/\/cunext.com\/fr\/wp-json\/wp\/v2\/pages"}],"about":[{"href":"https:\/\/cunext.com\/fr\/wp-json\/wp\/v2\/types\/page"}],"author":[{"embeddable":true,"href":"https:\/\/cunext.com\/fr\/wp-json\/wp\/v2\/users\/6"}],"replies":[{"embeddable":true,"href":"https:\/\/cunext.com\/fr\/wp-json\/wp\/v2\/comments?post=3419"}],"version-history":[{"count":28,"href":"https:\/\/cunext.com\/fr\/wp-json\/wp\/v2\/pages\/3419\/revisions"}],"predecessor-version":[{"id":5865,"href":"https:\/\/cunext.com\/fr\/wp-json\/wp\/v2\/pages\/3419\/revisions\/5865"}],"up":[{"embeddable":true,"href":"https:\/\/cunext.com\/fr\/wp-json\/wp\/v2\/pages\/1364"}],"wp:featuredmedia":[{"embeddable":true,"href":"https:\/\/cunext.com\/fr\/wp-json\/wp\/v2\/media\/3389"}],"wp:attachment":[{"href":"https:\/\/cunext.com\/fr\/wp-json\/wp\/v2\/media?parent=3419"}],"curies":[{"name":"wp","href":"https:\/\/api.w.org\/{rel}","templated":true}]}}