{"id":1371,"date":"2020-04-06T17:48:09","date_gmt":"2020-04-06T16:48:09","guid":{"rendered":"https:\/\/www.cunext.com\/?page_id=1371"},"modified":"2023-06-09T07:54:35","modified_gmt":"2023-06-09T06:54:35","slug":"canal-ethiqhe","status":"publish","type":"page","link":"https:\/\/cunext.com\/fr\/durabilite\/canal-ethiqhe\/","title":{"rendered":"Canal \u00e9thiqhe"},"content":{"rendered":"\r\n<h2 class=\"wp-block-heading\">Un canal pour signaler les infractions et les questions relatives au code \u00c9thique et de conduite<\/h2>\r\n\r\n\r\n<hr class=\"wp-block-separator has-text-color has-background is-style-default\" style=\"background-color:#a15d42;color:#a15d42\"\/>\r\n\r\n\r\n\r\n<div style=\"height:25px\" aria-hidden=\"true\" class=\"wp-block-spacer\"><\/div>\r\n\r\n\r\n\r\n<ul class=\"wp-block-list\"><li>Grupo Cunext met \u00e0 la disposition des parties int\u00e9ress\u00e9es un canal pour signaler les infractions au Code \u00c9thique et de Conduite et \u00e0 tout r\u00e8glement interne, ainsi que tout fait ou comportement contraire \u00e0 ceux-ci. En outre, toute infraction aux r\u00e9glementations nationales ou europ\u00e9ennes peut \u00eatre signal\u00e9e, ainsi que les actions ou omissions susceptibles de constituer une infraction p\u00e9nale ou administrative grave ou tr\u00e8s grave.<br><br>Le signalement des infractions doit \u00eatre compris au sens large, c&rsquo;est-\u00e0-dire qu&rsquo;outre les infractions r\u00e9elles qui ont \u00e9t\u00e9 commises, les soup\u00e7ons raisonnables et les infractions potentielles qui sont susceptibles de se produire peuvent \u00e9galement \u00eatre signal\u00e9s.<br><br>Les communications relatives \u00e0 des questions purement li\u00e9es au travail et \u00e0 la gestion du capital humain, qui n&rsquo;impliquent pas de harc\u00e8lement au travail, doivent \u00eatre achemin\u00e9es par les canaux ordinaires de chacune des entreprises qui composent Grupo Cunext.<\/li><\/ul>\r\n\r\n\r\n<ul class=\"wp-block-list\"><li>Grupo Cunext garantit la <strong><u>confidentialit\u00e9<\/u><\/strong> de l&rsquo;identit\u00e9 de l&rsquo;auteur de la communication et de la ou des personnes affect\u00e9es par celle-ci \u00e0 tous les stades du processus d&rsquo;enqu\u00eate et de r\u00e9solution de l&rsquo;infraction. L&rsquo;identit\u00e9 de l&rsquo;auteur de la communication ne peut \u00eatre divulgu\u00e9e que lorsqu&rsquo;il existe une obligation l\u00e9gale de la communiquer \u00e0 une autorit\u00e9 judiciaire ou administrative ou lorsqu&rsquo;il est strictement n\u00e9cessaire de partager ces informations avec des conseillers externes et d&rsquo;autres fournisseurs de Grupo Cunext pour le fonctionnement du Canal \u00c9thique lui-m\u00eame, en exigeant de ces derniers le m\u00eame niveau de confidentialit\u00e9 que celui qui est appliqu\u00e9 en interne.<br><br>Les <strong><u>communications anonymes <\/u><\/strong> sont \u00e9galement autoris\u00e9es et sont trait\u00e9es de la m\u00eame mani\u00e8re, \u00e9tant entendu que l&rsquo;informateur ne peut \u00eatre inform\u00e9 de l&rsquo;\u00e9tat de sa communication ou de l&rsquo;orientation de la r\u00e9solution de la communication.<br><br>Grupo Cunext traitera toutes les communications avec une <strong><u>impartialit\u00e9<\/u><\/strong> absolue et sans aucun type de pr\u00e9judice et <strong><u>ne tol\u00e9rera aucune forme de repr\u00e9sailles<\/u><\/strong> \u00e0 l&rsquo;encontre de ceux qui utilisent le Canal \u00c9thique en toute bonne foi.<\/li><\/ul>\r\n\r\n\r\n\r\n<p>Si vous souhaitez communiquer par l&rsquo;interm\u00e9diaire du canal \u00e9thique du groupe Cunext, veuillez acc\u00e9der au lien suivant : <a target=\"_blank\" style=\"text-decoration:underline; color:#A15D42;\" href=\"https:\/\/cunext.integrityline.com\/\" rel=\"noopener\"> cunext.integrityline.com <\/a><\/p>\r\n\r\n\r\n\r\n<div style=\"height:50px\" aria-hidden=\"true\" class=\"wp-block-spacer\"><\/div>\r\n\r\n\r\n\r\n<!--[formulario-denuncia]-->\r\n","protected":false},"excerpt":{"rendered":"<p>Un canal pour signaler les infractions et les questions relatives au code \u00c9thique et de conduite Grupo Cunext met \u00e0 la disposition des parties int\u00e9ress\u00e9es&#8230;<\/p>\n","protected":false},"author":6,"featured_media":1878,"parent":1364,"menu_order":0,"comment_status":"closed","ping_status":"closed","template":"","meta":{"_acf_changed":false,"footnotes":""},"class_list":["post-1371","page","type-page","status-publish","has-post-thumbnail","hentry"],"acf":[],"yoast_head":"<!-- This site is optimized with the Yoast SEO plugin v27.4 - https:\/\/yoast.com\/product\/yoast-seo-wordpress\/ -->\n<title>Canal \u00e9thiqhe - Cunext<\/title>\n<meta name=\"description\" content=\"CUNEXT GROUP se especializa en la transformaci\u00f3n de cobre y aluminio de la m\u00e1s alta calidad, siempre centrados en la innovaci\u00f3n continua y el desarrollo.\" \/>\n<meta name=\"robots\" content=\"index, follow, max-snippet:-1, max-image-preview:large, max-video-preview:-1\" \/>\n<link rel=\"canonical\" href=\"https:\/\/cunext.com\/fr\/durabilite\/canal-ethiqhe\/\" \/>\n<meta property=\"og:locale\" content=\"fr_FR\" \/>\n<meta property=\"og:type\" content=\"article\" \/>\n<meta property=\"og:title\" content=\"Canal \u00e9thiqhe - Cunext\" \/>\n<meta property=\"og:description\" content=\"CUNEXT GROUP se especializa en la transformaci\u00f3n de cobre y aluminio de la m\u00e1s alta calidad, siempre centrados en la innovaci\u00f3n continua y el desarrollo.\" \/>\n<meta property=\"og:url\" content=\"https:\/\/cunext.com\/fr\/durabilite\/canal-ethiqhe\/\" \/>\n<meta property=\"og:site_name\" content=\"Cunext\" \/>\n<meta property=\"article:modified_time\" content=\"2023-06-09T06:54:35+00:00\" \/>\n<meta property=\"og:image\" content=\"https:\/\/cunext.com\/wp-content\/uploads\/2020\/04\/cabecera-denuncuas.jpg\" \/>\n\t<meta property=\"og:image:width\" content=\"1600\" \/>\n\t<meta property=\"og:image:height\" content=\"378\" \/>\n\t<meta property=\"og:image:type\" content=\"image\/jpeg\" \/>\n<meta name=\"twitter:card\" content=\"summary_large_image\" \/>\n<meta name=\"twitter:label1\" content=\"Dur\u00e9e de lecture estim\u00e9e\" \/>\n\t<meta name=\"twitter:data1\" content=\"2 minutes\" \/>\n<script type=\"application\/ld+json\" class=\"yoast-schema-graph\">{\"@context\":\"https:\\\/\\\/schema.org\",\"@graph\":[{\"@type\":\"WebPage\",\"@id\":\"https:\\\/\\\/cunext.com\\\/fr\\\/durabilite\\\/canal-ethiqhe\\\/\",\"url\":\"https:\\\/\\\/cunext.com\\\/fr\\\/durabilite\\\/canal-ethiqhe\\\/\",\"name\":\"Canal \u00e9thiqhe - Cunext\",\"isPartOf\":{\"@id\":\"https:\\\/\\\/cunext.com\\\/fr\\\/#website\"},\"primaryImageOfPage\":{\"@id\":\"https:\\\/\\\/cunext.com\\\/fr\\\/durabilite\\\/canal-ethiqhe\\\/#primaryimage\"},\"image\":{\"@id\":\"https:\\\/\\\/cunext.com\\\/fr\\\/durabilite\\\/canal-ethiqhe\\\/#primaryimage\"},\"thumbnailUrl\":\"https:\\\/\\\/cunext.com\\\/wp-content\\\/uploads\\\/2020\\\/04\\\/cabecera-denuncuas.jpg\",\"datePublished\":\"2020-04-06T16:48:09+00:00\",\"dateModified\":\"2023-06-09T06:54:35+00:00\",\"description\":\"CUNEXT GROUP se especializa en la transformaci\u00f3n de cobre y aluminio de la m\u00e1s alta calidad, siempre centrados en la innovaci\u00f3n continua y el desarrollo.\",\"breadcrumb\":{\"@id\":\"https:\\\/\\\/cunext.com\\\/fr\\\/durabilite\\\/canal-ethiqhe\\\/#breadcrumb\"},\"inLanguage\":\"fr-FR\",\"potentialAction\":[{\"@type\":\"ReadAction\",\"target\":[\"https:\\\/\\\/cunext.com\\\/fr\\\/durabilite\\\/canal-ethiqhe\\\/\"]}]},{\"@type\":\"ImageObject\",\"inLanguage\":\"fr-FR\",\"@id\":\"https:\\\/\\\/cunext.com\\\/fr\\\/durabilite\\\/canal-ethiqhe\\\/#primaryimage\",\"url\":\"https:\\\/\\\/cunext.com\\\/wp-content\\\/uploads\\\/2020\\\/04\\\/cabecera-denuncuas.jpg\",\"contentUrl\":\"https:\\\/\\\/cunext.com\\\/wp-content\\\/uploads\\\/2020\\\/04\\\/cabecera-denuncuas.jpg\",\"width\":1600,\"height\":378,\"caption\":\"cobre-construccion\"},{\"@type\":\"BreadcrumbList\",\"@id\":\"https:\\\/\\\/cunext.com\\\/fr\\\/durabilite\\\/canal-ethiqhe\\\/#breadcrumb\",\"itemListElement\":[{\"@type\":\"ListItem\",\"position\":1,\"name\":\"Portada\",\"item\":\"https:\\\/\\\/cunext.com\\\/fr\\\/\"},{\"@type\":\"ListItem\",\"position\":2,\"name\":\"Durabilit\u00e9\",\"item\":\"https:\\\/\\\/cunext.com\\\/fr\\\/durabilite\\\/\"},{\"@type\":\"ListItem\",\"position\":3,\"name\":\"Canal \u00e9thiqhe\"}]},{\"@type\":\"WebSite\",\"@id\":\"https:\\\/\\\/cunext.com\\\/fr\\\/#website\",\"url\":\"https:\\\/\\\/cunext.com\\\/fr\\\/\",\"name\":\"Cunext\",\"description\":\"Transformaci\u00f3n de cobre y aluminio\",\"publisher\":{\"@id\":\"https:\\\/\\\/cunext.com\\\/fr\\\/#organization\"},\"potentialAction\":[{\"@type\":\"SearchAction\",\"target\":{\"@type\":\"EntryPoint\",\"urlTemplate\":\"https:\\\/\\\/cunext.com\\\/fr\\\/?s={search_term_string}\"},\"query-input\":{\"@type\":\"PropertyValueSpecification\",\"valueRequired\":true,\"valueName\":\"search_term_string\"}}],\"inLanguage\":\"fr-FR\"},{\"@type\":\"Organization\",\"@id\":\"https:\\\/\\\/cunext.com\\\/fr\\\/#organization\",\"name\":\"Cunext Group\",\"url\":\"https:\\\/\\\/cunext.com\\\/fr\\\/\",\"logo\":{\"@type\":\"ImageObject\",\"inLanguage\":\"fr-FR\",\"@id\":\"https:\\\/\\\/cunext.com\\\/fr\\\/#\\\/schema\\\/logo\\\/image\\\/\",\"url\":\"https:\\\/\\\/cunext.com\\\/wp-content\\\/uploads\\\/2020\\\/04\\\/logo-cunext.png\",\"contentUrl\":\"https:\\\/\\\/cunext.com\\\/wp-content\\\/uploads\\\/2020\\\/04\\\/logo-cunext.png\",\"width\":229,\"height\":57,\"caption\":\"Cunext Group\"},\"image\":{\"@id\":\"https:\\\/\\\/cunext.com\\\/fr\\\/#\\\/schema\\\/logo\\\/image\\\/\"},\"sameAs\":[\"https:\\\/\\\/www.linkedin.com\\\/company\\\/cunext-copper-industries-sl\\\/\"]}]}<\/script>\n<!-- \/ Yoast SEO plugin. -->","yoast_head_json":{"title":"Canal \u00e9thiqhe - Cunext","description":"CUNEXT GROUP se especializa en la transformaci\u00f3n de cobre y aluminio de la m\u00e1s alta calidad, siempre centrados en la innovaci\u00f3n continua y el desarrollo.","robots":{"index":"index","follow":"follow","max-snippet":"max-snippet:-1","max-image-preview":"max-image-preview:large","max-video-preview":"max-video-preview:-1"},"canonical":"https:\/\/cunext.com\/fr\/durabilite\/canal-ethiqhe\/","og_locale":"fr_FR","og_type":"article","og_title":"Canal \u00e9thiqhe - Cunext","og_description":"CUNEXT GROUP se especializa en la transformaci\u00f3n de cobre y aluminio de la m\u00e1s alta calidad, siempre centrados en la innovaci\u00f3n continua y el desarrollo.","og_url":"https:\/\/cunext.com\/fr\/durabilite\/canal-ethiqhe\/","og_site_name":"Cunext","article_modified_time":"2023-06-09T06:54:35+00:00","og_image":[{"width":1600,"height":378,"url":"https:\/\/cunext.com\/wp-content\/uploads\/2020\/04\/cabecera-denuncuas.jpg","type":"image\/jpeg"}],"twitter_card":"summary_large_image","twitter_misc":{"Dur\u00e9e de lecture estim\u00e9e":"2 minutes"},"schema":{"@context":"https:\/\/schema.org","@graph":[{"@type":"WebPage","@id":"https:\/\/cunext.com\/fr\/durabilite\/canal-ethiqhe\/","url":"https:\/\/cunext.com\/fr\/durabilite\/canal-ethiqhe\/","name":"Canal \u00e9thiqhe - Cunext","isPartOf":{"@id":"https:\/\/cunext.com\/fr\/#website"},"primaryImageOfPage":{"@id":"https:\/\/cunext.com\/fr\/durabilite\/canal-ethiqhe\/#primaryimage"},"image":{"@id":"https:\/\/cunext.com\/fr\/durabilite\/canal-ethiqhe\/#primaryimage"},"thumbnailUrl":"https:\/\/cunext.com\/wp-content\/uploads\/2020\/04\/cabecera-denuncuas.jpg","datePublished":"2020-04-06T16:48:09+00:00","dateModified":"2023-06-09T06:54:35+00:00","description":"CUNEXT GROUP se especializa en la transformaci\u00f3n de cobre y aluminio de la m\u00e1s alta calidad, siempre centrados en la innovaci\u00f3n continua y el desarrollo.","breadcrumb":{"@id":"https:\/\/cunext.com\/fr\/durabilite\/canal-ethiqhe\/#breadcrumb"},"inLanguage":"fr-FR","potentialAction":[{"@type":"ReadAction","target":["https:\/\/cunext.com\/fr\/durabilite\/canal-ethiqhe\/"]}]},{"@type":"ImageObject","inLanguage":"fr-FR","@id":"https:\/\/cunext.com\/fr\/durabilite\/canal-ethiqhe\/#primaryimage","url":"https:\/\/cunext.com\/wp-content\/uploads\/2020\/04\/cabecera-denuncuas.jpg","contentUrl":"https:\/\/cunext.com\/wp-content\/uploads\/2020\/04\/cabecera-denuncuas.jpg","width":1600,"height":378,"caption":"cobre-construccion"},{"@type":"BreadcrumbList","@id":"https:\/\/cunext.com\/fr\/durabilite\/canal-ethiqhe\/#breadcrumb","itemListElement":[{"@type":"ListItem","position":1,"name":"Portada","item":"https:\/\/cunext.com\/fr\/"},{"@type":"ListItem","position":2,"name":"Durabilit\u00e9","item":"https:\/\/cunext.com\/fr\/durabilite\/"},{"@type":"ListItem","position":3,"name":"Canal \u00e9thiqhe"}]},{"@type":"WebSite","@id":"https:\/\/cunext.com\/fr\/#website","url":"https:\/\/cunext.com\/fr\/","name":"Cunext","description":"Transformaci\u00f3n de cobre y aluminio","publisher":{"@id":"https:\/\/cunext.com\/fr\/#organization"},"potentialAction":[{"@type":"SearchAction","target":{"@type":"EntryPoint","urlTemplate":"https:\/\/cunext.com\/fr\/?s={search_term_string}"},"query-input":{"@type":"PropertyValueSpecification","valueRequired":true,"valueName":"search_term_string"}}],"inLanguage":"fr-FR"},{"@type":"Organization","@id":"https:\/\/cunext.com\/fr\/#organization","name":"Cunext Group","url":"https:\/\/cunext.com\/fr\/","logo":{"@type":"ImageObject","inLanguage":"fr-FR","@id":"https:\/\/cunext.com\/fr\/#\/schema\/logo\/image\/","url":"https:\/\/cunext.com\/wp-content\/uploads\/2020\/04\/logo-cunext.png","contentUrl":"https:\/\/cunext.com\/wp-content\/uploads\/2020\/04\/logo-cunext.png","width":229,"height":57,"caption":"Cunext Group"},"image":{"@id":"https:\/\/cunext.com\/fr\/#\/schema\/logo\/image\/"},"sameAs":["https:\/\/www.linkedin.com\/company\/cunext-copper-industries-sl\/"]}]}},"_links":{"self":[{"href":"https:\/\/cunext.com\/fr\/wp-json\/wp\/v2\/pages\/1371","targetHints":{"allow":["GET"]}}],"collection":[{"href":"https:\/\/cunext.com\/fr\/wp-json\/wp\/v2\/pages"}],"about":[{"href":"https:\/\/cunext.com\/fr\/wp-json\/wp\/v2\/types\/page"}],"author":[{"embeddable":true,"href":"https:\/\/cunext.com\/fr\/wp-json\/wp\/v2\/users\/6"}],"replies":[{"embeddable":true,"href":"https:\/\/cunext.com\/fr\/wp-json\/wp\/v2\/comments?post=1371"}],"version-history":[{"count":6,"href":"https:\/\/cunext.com\/fr\/wp-json\/wp\/v2\/pages\/1371\/revisions"}],"predecessor-version":[{"id":4105,"href":"https:\/\/cunext.com\/fr\/wp-json\/wp\/v2\/pages\/1371\/revisions\/4105"}],"up":[{"embeddable":true,"href":"https:\/\/cunext.com\/fr\/wp-json\/wp\/v2\/pages\/1364"}],"wp:featuredmedia":[{"embeddable":true,"href":"https:\/\/cunext.com\/fr\/wp-json\/wp\/v2\/media\/1878"}],"wp:attachment":[{"href":"https:\/\/cunext.com\/fr\/wp-json\/wp\/v2\/media?parent=1371"}],"curies":[{"name":"wp","href":"https:\/\/api.w.org\/{rel}","templated":true}]}}