{"id":1364,"date":"2020-04-06T17:45:54","date_gmt":"2020-04-06T16:45:54","guid":{"rendered":"https:\/\/www.cunext.com\/?page_id=1364"},"modified":"2023-05-30T10:30:08","modified_gmt":"2023-05-30T09:30:08","slug":"durabilite","status":"publish","type":"page","link":"https:\/\/cunext.com\/fr\/durabilite\/","title":{"rendered":"Durabilit\u00e9"},"content":{"rendered":"\r\n<h2 class=\"principal ancho-limitado wp-block-heading\"><strong> NOS OBJECTIFS COMMERCIAUX LI\u00c9S A NOTRE ENGAGEMENT ENVERS L&rsquo;ENVIRONNEMENT <\/strong><\/h2>\r\n\r\n\r\n\r\n<div class=\"wp-block-columns is-layout-flex wp-container-core-columns-is-layout-28f84493 wp-block-columns-is-layout-flex\">\r\n<div class=\"wp-block-column bloqueTextoSostenibilidad is-layout-flow wp-block-column-is-layout-flow\">\r\n<p><strong>La durabilit\u00e9 a pour principal objectif de r\u00e9pondre <\/strong>aux besoins du pr\u00e9sent <strong>sans compromettre les g\u00e9n\u00e9rations futures, en garantissant l&rsquo;\u00e9quilibre<\/strong> entre la croissance \u00e9conomique, la protection de l&rsquo;environnement et le bien-\u00eatre social.<\/p>\r\n\r\n\r\n\r\n<p><strong>Chez&nbsp; Cunext Group, nous contribuons de mani\u00e8re active et volontaire \u00e0 l&rsquo;am\u00e9lioration de notre environnement<\/strong> social, \u00e9conomique et environnemental. Cette contribution a pour principal objectif d&rsquo;am\u00e9liorer la position concurrentielle et d&rsquo;adjoindre de la valeur ajout\u00e9e \u00e0 la strat\u00e9gie de l&rsquo;entreprise.&nbsp;<\/p>\r\n\r\n\r\n\r\n<p>A travers son activit\u00e9, CUNEXT joue un r\u00f4le important dans la r\u00e9alisation des objectifs mondiaux d&rsquo;innovation et de durabilit\u00e9 dans des secteurs comme les \u00e9nergies renouvelables, la voiture \u00e9lectrique, la num\u00e9risation ou la modernisation du r\u00e9seau \u00e9lectrique actuel.<\/p>\r\n<\/div>\r\n<\/div>\r\n\r\n\r\n<section class=\"iconos-enlazados\">\r\n    <div class=\"ancho-limitado-plus\">\r\n        <p class=\"titulo-iconos\"><\/p>\r\n                    <div class=\"iconos\">\r\n                                    <div class=\"icono\">\r\n                        <div class=\"img-icono\">\r\n                            <img decoding=\"async\" src=\"https:\/\/cunext.com\/wp-content\/uploads\/2020\/01\/empresarios-estrecharme-mano-despues-reunirse-cafe_8087-3398.jpg\" title=\"Code \u00c9thique et de Conduite\" alt=\"Code \u00c9thique et de Conduite\"\/>\r\n                        <\/div>\r\n                        <div class=\"info-icono\">\r\n                            <h3>Code \u00c9thique et de Conduite<\/h3>\r\n                            <p>Guide pour la connaissance et l&rsquo;adh\u00e9sion aux valeurs d&rsquo;entreprise de Cunext Group.<\/p>\r\n                            <p class=\"boton\"><a href=\"https:\/\/cunext.com\/fr\/csr\/code-ethique-conduite\/\">Voir plus<\/a><\/p>\r\n                        <\/div>\r\n                        <div style=\"clear: both;\"><\/div>\r\n                    <\/div>\r\n                                    <div class=\"icono\">\r\n                        <div class=\"img-icono\">\r\n                            <img decoding=\"async\" src=\"https:\/\/cunext.com\/wp-content\/uploads\/2023\/05\/Policy-on-reporting-infringements-and-consultations.jpg\" title=\"Politique de signalement des infractions et de consultation\" alt=\"Politique de signalement des infractions et de consultation\"\/>\r\n                        <\/div>\r\n                        <div class=\"info-icono\">\r\n                            <h3>Politique de signalement des infractions et de consultation<\/h3>\r\n                            <p>Politique qui \u00e9nonce les principes et les garanties de Cunext en mati\u00e8re de signalement des infractions, et notamment, afin de prot\u00e9ger la personne signalant l&rsquo;infraction et la personne affect\u00e9e.<\/p>\r\n                            <p class=\"boton\"><a href=\"https:\/\/cunext.com\/fr\/durabilite\/politique-signalement-infractions\">Voir plus<\/a><\/p>\r\n                        <\/div>\r\n                        <div style=\"clear: both;\"><\/div>\r\n                    <\/div>\r\n                                    <div class=\"icono\">\r\n                        <div class=\"img-icono\">\r\n                            <img decoding=\"async\" src=\"https:\/\/cunext.com\/wp-content\/uploads\/2020\/01\/juez-conversando-su-cliente-sala-tribunal_23-2147898404.jpg\" title=\"Canal \u00e9thiqhe\" alt=\"Canal \u00e9thiqhe\"\/>\r\n                        <\/div>\r\n                        <div class=\"info-icono\">\r\n                            <h3>Canal \u00e9thiqhe<\/h3>\r\n                            <p>Canal de communication pour la r\u00e9ception des r\u00e9clamations li\u00e9es \u00e0 des manquements \u00e0 notre code \u00e9thique.<\/p>\r\n                            <p class=\"boton\"><a href=\"https:\/\/cunext.com\/fr\/durabilite\/canal-ethiqhe\/\">Voir plus<\/a><\/p>\r\n                        <\/div>\r\n                        <div style=\"clear: both;\"><\/div>\r\n                    <\/div>\r\n                                    <div class=\"icono\">\r\n                        <div class=\"img-icono\">\r\n                            <img decoding=\"async\" src=\"https:\/\/cunext.com\/wp-content\/uploads\/2020\/01\/ver-cosechado-mujer-rellenar-formulario-solicitud_1262-2110.jpg\" title=\"Politique de gestion\" alt=\"Politique de gestion\"\/>\r\n                        <\/div>\r\n                        <div class=\"info-icono\">\r\n                            <h3>Politique de gestion<\/h3>\r\n                            <p>Principes sur lesquels se base notre Politique de Gestion.<\/p>\r\n                            <p class=\"boton\"><a href=\"https:\/\/cunext.com\/fr\/csr\/politique-gestion\/\">Voir plus<\/a><\/p>\r\n                        <\/div>\r\n                        <div style=\"clear: both;\"><\/div>\r\n                    <\/div>\r\n                                    <div class=\"icono\">\r\n                        <div class=\"img-icono\">\r\n                            <img decoding=\"async\" src=\"https:\/\/cunext.com\/wp-content\/uploads\/2021\/09\/memorias-de-sostenibilidad-1.jpg\" title=\"M\u00e9mories de ESG\" alt=\"M\u00e9mories de ESG\"\/>\r\n                        <\/div>\r\n                        <div class=\"info-icono\">\r\n                            <h3>M\u00e9mories de ESG<\/h3>\r\n                            <p>Publication annuelle du M\u00e9mories de ESG du groupe dans lequel nous partageons nos objectifs, d\u00e9fis et r\u00e9sultats.<\/p>\r\n                            <p class=\"boton\"><a href=\"https:\/\/cunext.com\/fr\/durabilite\/memoires-de-esg\/\">Voir plus<\/a><\/p>\r\n                        <\/div>\r\n                        <div style=\"clear: both;\"><\/div>\r\n                    <\/div>\r\n                            <\/div>\r\n            <\/div>\r\n<\/section>","protected":false},"excerpt":{"rendered":"<p>NOS OBJECTIFS COMMERCIAUX LI\u00c9S A NOTRE ENGAGEMENT ENVERS L&rsquo;ENVIRONNEMENT La durabilit\u00e9 a pour principal objectif de r\u00e9pondre aux besoins du pr\u00e9sent sans compromettre les g\u00e9n\u00e9rations&#8230;<\/p>\n","protected":false},"author":6,"featured_media":723,"parent":0,"menu_order":0,"comment_status":"closed","ping_status":"closed","template":"","meta":{"_acf_changed":false,"footnotes":""},"class_list":["post-1364","page","type-page","status-publish","has-post-thumbnail","hentry"],"acf":[],"yoast_head":"<!-- This site is optimized with the Yoast SEO plugin v27.5 - https:\/\/yoast.com\/product\/yoast-seo-wordpress\/ -->\n<title>Durabilit\u00e9 - Cunext<\/title>\n<meta name=\"description\" content=\"CUNEXT GROUP se especializa en la transformaci\u00f3n de cobre y aluminio de la m\u00e1s alta calidad, siempre centrados en la innovaci\u00f3n continua y el desarrollo.\" \/>\n<meta name=\"robots\" content=\"index, follow, max-snippet:-1, max-image-preview:large, max-video-preview:-1\" \/>\n<link rel=\"canonical\" href=\"https:\/\/cunext.com\/fr\/durabilite\/\" \/>\n<meta property=\"og:locale\" content=\"fr_FR\" \/>\n<meta property=\"og:type\" content=\"article\" \/>\n<meta property=\"og:title\" content=\"Durabilit\u00e9 - Cunext\" \/>\n<meta property=\"og:description\" content=\"CUNEXT GROUP se especializa en la transformaci\u00f3n de cobre y aluminio de la m\u00e1s alta calidad, siempre centrados en la innovaci\u00f3n continua y el desarrollo.\" \/>\n<meta property=\"og:url\" content=\"https:\/\/cunext.com\/fr\/durabilite\/\" \/>\n<meta property=\"og:site_name\" content=\"Cunext\" \/>\n<meta property=\"article:modified_time\" content=\"2023-05-30T09:30:08+00:00\" \/>\n<meta property=\"og:image\" content=\"https:\/\/cunext.com\/wp-content\/uploads\/2020\/01\/aluminum-audio-close-up-design-373632.jpg\" \/>\n\t<meta property=\"og:image:width\" content=\"1600\" \/>\n\t<meta property=\"og:image:height\" content=\"1067\" \/>\n\t<meta property=\"og:image:type\" content=\"image\/jpeg\" \/>\n<meta name=\"twitter:card\" content=\"summary_large_image\" \/>\n<meta name=\"twitter:label1\" content=\"Dur\u00e9e de lecture estim\u00e9e\" \/>\n\t<meta name=\"twitter:data1\" content=\"1 minute\" \/>\n<script type=\"application\/ld+json\" class=\"yoast-schema-graph\">{\"@context\":\"https:\\\/\\\/schema.org\",\"@graph\":[{\"@type\":\"WebPage\",\"@id\":\"https:\\\/\\\/cunext.com\\\/fr\\\/durabilite\\\/\",\"url\":\"https:\\\/\\\/cunext.com\\\/fr\\\/durabilite\\\/\",\"name\":\"Durabilit\u00e9 - Cunext\",\"isPartOf\":{\"@id\":\"https:\\\/\\\/cunext.com\\\/fr\\\/#website\"},\"primaryImageOfPage\":{\"@id\":\"https:\\\/\\\/cunext.com\\\/fr\\\/durabilite\\\/#primaryimage\"},\"image\":{\"@id\":\"https:\\\/\\\/cunext.com\\\/fr\\\/durabilite\\\/#primaryimage\"},\"thumbnailUrl\":\"https:\\\/\\\/cunext.com\\\/wp-content\\\/uploads\\\/2020\\\/01\\\/aluminum-audio-close-up-design-373632.jpg\",\"datePublished\":\"2020-04-06T16:45:54+00:00\",\"dateModified\":\"2023-05-30T09:30:08+00:00\",\"description\":\"CUNEXT GROUP se especializa en la transformaci\u00f3n de cobre y aluminio de la m\u00e1s alta calidad, siempre centrados en la innovaci\u00f3n continua y el desarrollo.\",\"breadcrumb\":{\"@id\":\"https:\\\/\\\/cunext.com\\\/fr\\\/durabilite\\\/#breadcrumb\"},\"inLanguage\":\"fr-FR\",\"potentialAction\":[{\"@type\":\"ReadAction\",\"target\":[\"https:\\\/\\\/cunext.com\\\/fr\\\/durabilite\\\/\"]}]},{\"@type\":\"ImageObject\",\"inLanguage\":\"fr-FR\",\"@id\":\"https:\\\/\\\/cunext.com\\\/fr\\\/durabilite\\\/#primaryimage\",\"url\":\"https:\\\/\\\/cunext.com\\\/wp-content\\\/uploads\\\/2020\\\/01\\\/aluminum-audio-close-up-design-373632.jpg\",\"contentUrl\":\"https:\\\/\\\/cunext.com\\\/wp-content\\\/uploads\\\/2020\\\/01\\\/aluminum-audio-close-up-design-373632.jpg\",\"width\":1600,\"height\":1067,\"caption\":\"estructura-de-cobre\"},{\"@type\":\"BreadcrumbList\",\"@id\":\"https:\\\/\\\/cunext.com\\\/fr\\\/durabilite\\\/#breadcrumb\",\"itemListElement\":[{\"@type\":\"ListItem\",\"position\":1,\"name\":\"Portada\",\"item\":\"https:\\\/\\\/cunext.com\\\/fr\\\/\"},{\"@type\":\"ListItem\",\"position\":2,\"name\":\"Durabilit\u00e9\"}]},{\"@type\":\"WebSite\",\"@id\":\"https:\\\/\\\/cunext.com\\\/fr\\\/#website\",\"url\":\"https:\\\/\\\/cunext.com\\\/fr\\\/\",\"name\":\"Cunext\",\"description\":\"Transformaci\u00f3n de cobre y aluminio\",\"publisher\":{\"@id\":\"https:\\\/\\\/cunext.com\\\/fr\\\/#organization\"},\"potentialAction\":[{\"@type\":\"SearchAction\",\"target\":{\"@type\":\"EntryPoint\",\"urlTemplate\":\"https:\\\/\\\/cunext.com\\\/fr\\\/?s={search_term_string}\"},\"query-input\":{\"@type\":\"PropertyValueSpecification\",\"valueRequired\":true,\"valueName\":\"search_term_string\"}}],\"inLanguage\":\"fr-FR\"},{\"@type\":\"Organization\",\"@id\":\"https:\\\/\\\/cunext.com\\\/fr\\\/#organization\",\"name\":\"Cunext Group\",\"url\":\"https:\\\/\\\/cunext.com\\\/fr\\\/\",\"logo\":{\"@type\":\"ImageObject\",\"inLanguage\":\"fr-FR\",\"@id\":\"https:\\\/\\\/cunext.com\\\/fr\\\/#\\\/schema\\\/logo\\\/image\\\/\",\"url\":\"https:\\\/\\\/cunext.com\\\/wp-content\\\/uploads\\\/2020\\\/04\\\/logo-cunext.png\",\"contentUrl\":\"https:\\\/\\\/cunext.com\\\/wp-content\\\/uploads\\\/2020\\\/04\\\/logo-cunext.png\",\"width\":229,\"height\":57,\"caption\":\"Cunext Group\"},\"image\":{\"@id\":\"https:\\\/\\\/cunext.com\\\/fr\\\/#\\\/schema\\\/logo\\\/image\\\/\"},\"sameAs\":[\"https:\\\/\\\/www.linkedin.com\\\/company\\\/cunext-copper-industries-sl\\\/\"]}]}<\/script>\n<!-- \/ Yoast SEO plugin. -->","yoast_head_json":{"title":"Durabilit\u00e9 - Cunext","description":"CUNEXT GROUP se especializa en la transformaci\u00f3n de cobre y aluminio de la m\u00e1s alta calidad, siempre centrados en la innovaci\u00f3n continua y el desarrollo.","robots":{"index":"index","follow":"follow","max-snippet":"max-snippet:-1","max-image-preview":"max-image-preview:large","max-video-preview":"max-video-preview:-1"},"canonical":"https:\/\/cunext.com\/fr\/durabilite\/","og_locale":"fr_FR","og_type":"article","og_title":"Durabilit\u00e9 - Cunext","og_description":"CUNEXT GROUP se especializa en la transformaci\u00f3n de cobre y aluminio de la m\u00e1s alta calidad, siempre centrados en la innovaci\u00f3n continua y el desarrollo.","og_url":"https:\/\/cunext.com\/fr\/durabilite\/","og_site_name":"Cunext","article_modified_time":"2023-05-30T09:30:08+00:00","og_image":[{"width":1600,"height":1067,"url":"https:\/\/cunext.com\/wp-content\/uploads\/2020\/01\/aluminum-audio-close-up-design-373632.jpg","type":"image\/jpeg"}],"twitter_card":"summary_large_image","twitter_misc":{"Dur\u00e9e de lecture estim\u00e9e":"1 minute"},"schema":{"@context":"https:\/\/schema.org","@graph":[{"@type":"WebPage","@id":"https:\/\/cunext.com\/fr\/durabilite\/","url":"https:\/\/cunext.com\/fr\/durabilite\/","name":"Durabilit\u00e9 - Cunext","isPartOf":{"@id":"https:\/\/cunext.com\/fr\/#website"},"primaryImageOfPage":{"@id":"https:\/\/cunext.com\/fr\/durabilite\/#primaryimage"},"image":{"@id":"https:\/\/cunext.com\/fr\/durabilite\/#primaryimage"},"thumbnailUrl":"https:\/\/cunext.com\/wp-content\/uploads\/2020\/01\/aluminum-audio-close-up-design-373632.jpg","datePublished":"2020-04-06T16:45:54+00:00","dateModified":"2023-05-30T09:30:08+00:00","description":"CUNEXT GROUP se especializa en la transformaci\u00f3n de cobre y aluminio de la m\u00e1s alta calidad, siempre centrados en la innovaci\u00f3n continua y el desarrollo.","breadcrumb":{"@id":"https:\/\/cunext.com\/fr\/durabilite\/#breadcrumb"},"inLanguage":"fr-FR","potentialAction":[{"@type":"ReadAction","target":["https:\/\/cunext.com\/fr\/durabilite\/"]}]},{"@type":"ImageObject","inLanguage":"fr-FR","@id":"https:\/\/cunext.com\/fr\/durabilite\/#primaryimage","url":"https:\/\/cunext.com\/wp-content\/uploads\/2020\/01\/aluminum-audio-close-up-design-373632.jpg","contentUrl":"https:\/\/cunext.com\/wp-content\/uploads\/2020\/01\/aluminum-audio-close-up-design-373632.jpg","width":1600,"height":1067,"caption":"estructura-de-cobre"},{"@type":"BreadcrumbList","@id":"https:\/\/cunext.com\/fr\/durabilite\/#breadcrumb","itemListElement":[{"@type":"ListItem","position":1,"name":"Portada","item":"https:\/\/cunext.com\/fr\/"},{"@type":"ListItem","position":2,"name":"Durabilit\u00e9"}]},{"@type":"WebSite","@id":"https:\/\/cunext.com\/fr\/#website","url":"https:\/\/cunext.com\/fr\/","name":"Cunext","description":"Transformaci\u00f3n de cobre y aluminio","publisher":{"@id":"https:\/\/cunext.com\/fr\/#organization"},"potentialAction":[{"@type":"SearchAction","target":{"@type":"EntryPoint","urlTemplate":"https:\/\/cunext.com\/fr\/?s={search_term_string}"},"query-input":{"@type":"PropertyValueSpecification","valueRequired":true,"valueName":"search_term_string"}}],"inLanguage":"fr-FR"},{"@type":"Organization","@id":"https:\/\/cunext.com\/fr\/#organization","name":"Cunext Group","url":"https:\/\/cunext.com\/fr\/","logo":{"@type":"ImageObject","inLanguage":"fr-FR","@id":"https:\/\/cunext.com\/fr\/#\/schema\/logo\/image\/","url":"https:\/\/cunext.com\/wp-content\/uploads\/2020\/04\/logo-cunext.png","contentUrl":"https:\/\/cunext.com\/wp-content\/uploads\/2020\/04\/logo-cunext.png","width":229,"height":57,"caption":"Cunext Group"},"image":{"@id":"https:\/\/cunext.com\/fr\/#\/schema\/logo\/image\/"},"sameAs":["https:\/\/www.linkedin.com\/company\/cunext-copper-industries-sl\/"]}]}},"_links":{"self":[{"href":"https:\/\/cunext.com\/fr\/wp-json\/wp\/v2\/pages\/1364","targetHints":{"allow":["GET"]}}],"collection":[{"href":"https:\/\/cunext.com\/fr\/wp-json\/wp\/v2\/pages"}],"about":[{"href":"https:\/\/cunext.com\/fr\/wp-json\/wp\/v2\/types\/page"}],"author":[{"embeddable":true,"href":"https:\/\/cunext.com\/fr\/wp-json\/wp\/v2\/users\/6"}],"replies":[{"embeddable":true,"href":"https:\/\/cunext.com\/fr\/wp-json\/wp\/v2\/comments?post=1364"}],"version-history":[{"count":28,"href":"https:\/\/cunext.com\/fr\/wp-json\/wp\/v2\/pages\/1364\/revisions"}],"predecessor-version":[{"id":4068,"href":"https:\/\/cunext.com\/fr\/wp-json\/wp\/v2\/pages\/1364\/revisions\/4068"}],"wp:featuredmedia":[{"embeddable":true,"href":"https:\/\/cunext.com\/fr\/wp-json\/wp\/v2\/media\/723"}],"wp:attachment":[{"href":"https:\/\/cunext.com\/fr\/wp-json\/wp\/v2\/media?parent=1364"}],"curies":[{"name":"wp","href":"https:\/\/api.w.org\/{rel}","templated":true}]}}