{"id":1341,"date":"2020-04-06T17:21:07","date_gmt":"2020-04-06T16:21:07","guid":{"rendered":"https:\/\/www.cunext.com\/?page_id=1341"},"modified":"2020-04-16T15:01:22","modified_gmt":"2020-04-16T14:01:22","slug":"produits","status":"publish","type":"page","link":"https:\/\/cunext.com\/fr\/produits\/","title":{"rendered":"Produits"},"content":{"rendered":"\n<p class=\"encabezado ancho-limitado\">Applications<\/p>\n\n\n\n<h2 class=\"ancho-limitado wp-block-heading\">Tels sont les principaux usages de nos produits.<\/h2>\n\n\n\n<div style=\"height:50px\" aria-hidden=\"true\" class=\"wp-block-spacer\"><\/div>\n\n\n<section class=\"servicios-iconos-home\" style=\"background-color: \">\n    <div class=\"ancho-limitado\">\n                            <div class=\"servicios\">\n                                    <div class=\"servicio-icono-home\">\n                        <div class=\"icono-home\">\n                            <img decoding=\"async\" src=\"https:\/\/cunext.com\/wp-content\/uploads\/2020\/02\/transporte.png\" title=\"Transport\" alt=\"Transport\"\/>\n                        <\/div>\n                        <div class=\"info-servicio\">\n                            <h3>Transport<\/h3>\n                            <p>Le cuivre est utilis\u00e9 dans divers composants des voitures et camions, principalement les radiateurs, freins et paliers, en plus naturellement des c\u00e2bles et moteurs \u00e9lectriques. On l&rsquo;utilise de mani\u00e8re intensive dans l&rsquo;automobile et le secteur ferroviaire.<\/p>\n                        <\/div>\n                    <\/div>\n                                    <div class=\"servicio-icono-home\">\n                        <div class=\"icono-home\">\n                            <img decoding=\"async\" src=\"https:\/\/cunext.com\/wp-content\/uploads\/2020\/02\/electricas.png\" title=\"Electrique\" alt=\"Electrique\"\/>\n                        <\/div>\n                        <div class=\"info-servicio\">\n                            <h3>Electrique<\/h3>\n                            <p>Le cuivre et l\u2019aluminium sont des m\u00e9taux \u00e0 conductivit\u00e9 \u00e9lectrique, les sont ainsi devenu les m\u00e9taux les plus employ\u00e9 dans la fabrication des c\u00e2bles \u00e9lectriques, tant \u00e0 usage industriel que r\u00e9sidentiel, dans des secteurs comme les entreprises d&rsquo;\u00e9lectricit\u00e9 et d&rsquo;\u00e9nergie, de t\u00e9l\u00e9communications et d&rsquo;\u00e9nergies renouvelables.<\/p>\n                        <\/div>\n                    <\/div>\n                                    <div class=\"servicio-icono-home\">\n                        <div class=\"icono-home\">\n                            <img decoding=\"async\" src=\"https:\/\/cunext.com\/wp-content\/uploads\/2020\/02\/construccion.png\" title=\"Construction\" alt=\"Construction\"\/>\n                        <\/div>\n                        <div class=\"info-servicio\">\n                            <h3>Construction<\/h3>\n                            <p>L&rsquo;utilisation du cuivre est habituelle dans les entreprises sp\u00e9cialis\u00e9es dans la construction et la d\u00e9coration car une grande partie des r\u00e9seaux de transport d&rsquo;eau est fabriqu\u00e9e en cuivre ou en laiton en raison de sa r\u00e9sistance \u00e0 la corrosion et de ses propri\u00e9t\u00e9s antimicrobiennes.<\/p>\n                        <\/div>\n                    <\/div>\n                                    <div class=\"servicio-icono-home\">\n                        <div class=\"icono-home\">\n                            <img decoding=\"async\" src=\"https:\/\/cunext.com\/wp-content\/uploads\/2020\/02\/monedas.png\" title=\"Monnaies\" alt=\"Monnaies\"\/>\n                        <\/div>\n                        <div class=\"info-servicio\">\n                            <h3>Monnaies<\/h3>\n                            <p>C&rsquo;est la transformation la plus commune que nous connaissons du cuivre. Le cuivre est utilis\u00e9 comme mati\u00e8re premi\u00e8re depuis le d\u00e9but de la frappe des monnaies dans l&rsquo;Antiquit\u00e9, parfois pur et le plus souvent dans des alliages.<\/p>\n                        <\/div>\n                    <\/div>\n                            <\/div>\n                    <\/div>\n<\/section>\n\n\n<div style=\"height:120px\" aria-hidden=\"true\" class=\"wp-block-spacer\"><\/div>\n\n\n\n<div class=\"wp-block-cover productos-destacados\" style=\"background-image:url(https:\/\/cunext.com\/wp-content\/uploads\/2020\/01\/wire-rod-aluminium.png);min-height:555px;aspect-ratio:unset;\"><div class=\"wp-block-cover__inner-container is-layout-flow wp-block-cover-is-layout-flow\">\n<div class=\"wp-block-group cuadro-info-destacado\"><div class=\"wp-block-group__inner-container is-layout-flow wp-block-group-is-layout-flow\">\n<h2 class=\"cat-padre wp-block-heading\">Cunext<\/h2>\n\n\n\n<h3 class=\"nomb-producto wp-block-heading\">T\u00e9l\u00e9charger notre catalogue<\/h3>\n\n\n\n<p>D\u00e9couvrez nos produits en d\u00e9tail, chacune de leurs propri\u00e9t\u00e9s et variantes \u00e0 travers notre catalogue.<\/p>\n\n\n\n<p class=\"enlace-producto\"><a href=\"https:\/\/cunext.com\/fr\/catalogue\/\">T\u00e9l\u00e9charger catalogue <i class=\"fa fa-long-arrow-right\" aria-hidden=\"true\"><\/i><\/a><\/p>\n<\/div><\/div>\n<\/div><\/div>\n\n\n\n<div style=\"height:50px\" aria-hidden=\"true\" class=\"wp-block-spacer\"><\/div>\n\n\n<section class=\"nuestros-productos\" style=\"background-color: #ffffff\">\n    <div class=\"ancho-limitado-full\">\n        <div class=\"zona-texto ancho-limitado-plus\">\n            <h2>Productos<\/h2>\n            <p class=\"titulo-nuestros-productos\">Estas son nuestras<br \/>\nl\u00edneas de producto.<\/p>\n        <\/div>\n        <div class=\"zona-productos\">\n                    <div class=\"productos\">\n                                                                    <div class=\"producto\">\n                        <img decoding=\"async\" src=\"https:\/\/cunext.com\/wp-content\/uploads\/2020\/03\/cobre-756x376.jpg\" title=\"Cobre\" alt=\"Cobre\"\/>\n                        <a href=\"https:\/\/cunext.com\/catalogo\/cobre\/\"><div class=\"oscurecedor\"><\/div>\n                            <div class=\"info-producto\">\n                                <p class=\"titulo-producto\">Cobre<\/p>\n                                <p class=\"texto-producto\">Productos de cobre<\/p>\n                            <\/div>\n                        <\/a>\n                    <\/div>\n                                                                    <div class=\"producto\">\n                        <img decoding=\"async\" src=\"https:\/\/cunext.com\/wp-content\/uploads\/2020\/03\/aluminio-756x376.jpg\" title=\"Aluminio\" alt=\"Aluminio\"\/>\n                        <a href=\"https:\/\/cunext.com\/catalogo\/aluminio\/\"><div class=\"oscurecedor\"><\/div>\n                            <div class=\"info-producto\">\n                                <p class=\"titulo-producto\">Aluminio<\/p>\n                                <p class=\"texto-producto\">Productos de aluminio<\/p>\n                            <\/div>\n                        <\/a>\n                    <\/div>\n                                                                    <div class=\"producto\">\n                        <img decoding=\"async\" src=\"https:\/\/cunext.com\/wp-content\/uploads\/2020\/03\/piezas-y-subconjuntos-756x376.jpg\" title=\"Piezas y subconjuntos\" alt=\"Piezas y subconjuntos\"\/>\n                        <a href=\"https:\/\/cunext.com\/catalogo\/piezas-subconjuntos\/\"><div class=\"oscurecedor\"><\/div>\n                            <div class=\"info-producto\">\n                                <p class=\"titulo-producto\">Piezas y subconjuntos<\/p>\n                                <p class=\"texto-producto\">Piezas y subconjuntos<\/p>\n                            <\/div>\n                        <\/a>\n                    <\/div>\n                            <\/div>\n                <\/div>\n            <\/div>\n<\/section>","protected":false},"excerpt":{"rendered":"<p>Applications Tels sont les principaux usages de nos produits.<\/p>\n","protected":false},"author":6,"featured_media":1874,"parent":0,"menu_order":0,"comment_status":"closed","ping_status":"closed","template":"","meta":{"_acf_changed":false,"footnotes":""},"class_list":["post-1341","page","type-page","status-publish","has-post-thumbnail","hentry"],"acf":[],"yoast_head":"<!-- This site is optimized with the Yoast SEO plugin v27.4 - https:\/\/yoast.com\/product\/yoast-seo-wordpress\/ -->\n<title>Produits - Cunext<\/title>\n<meta name=\"description\" content=\"CUNEXT GROUP se especializa en la transformaci\u00f3n de cobre y aluminio de la m\u00e1s alta calidad, siempre centrados en la innovaci\u00f3n continua y el desarrollo.\" \/>\n<meta name=\"robots\" content=\"index, follow, max-snippet:-1, max-image-preview:large, max-video-preview:-1\" \/>\n<link rel=\"canonical\" href=\"https:\/\/cunext.com\/fr\/produits\/\" \/>\n<meta property=\"og:locale\" content=\"fr_FR\" \/>\n<meta property=\"og:type\" content=\"article\" \/>\n<meta property=\"og:title\" content=\"Produits - Cunext\" \/>\n<meta property=\"og:description\" content=\"CUNEXT GROUP se especializa en la transformaci\u00f3n de cobre y aluminio de la m\u00e1s alta calidad, siempre centrados en la innovaci\u00f3n continua y el desarrollo.\" \/>\n<meta property=\"og:url\" content=\"https:\/\/cunext.com\/fr\/produits\/\" \/>\n<meta property=\"og:site_name\" content=\"Cunext\" \/>\n<meta property=\"article:modified_time\" content=\"2020-04-16T14:01:22+00:00\" \/>\n<meta property=\"og:image\" content=\"https:\/\/cunext.com\/wp-content\/uploads\/2020\/04\/cabecera-productos.jpg\" \/>\n\t<meta property=\"og:image:width\" content=\"1600\" \/>\n\t<meta property=\"og:image:height\" content=\"378\" \/>\n\t<meta property=\"og:image:type\" content=\"image\/jpeg\" \/>\n<meta name=\"twitter:card\" content=\"summary_large_image\" \/>\n<script type=\"application\/ld+json\" class=\"yoast-schema-graph\">{\"@context\":\"https:\\\/\\\/schema.org\",\"@graph\":[{\"@type\":\"WebPage\",\"@id\":\"https:\\\/\\\/cunext.com\\\/fr\\\/produits\\\/\",\"url\":\"https:\\\/\\\/cunext.com\\\/fr\\\/produits\\\/\",\"name\":\"Produits - Cunext\",\"isPartOf\":{\"@id\":\"https:\\\/\\\/cunext.com\\\/fr\\\/#website\"},\"primaryImageOfPage\":{\"@id\":\"https:\\\/\\\/cunext.com\\\/fr\\\/produits\\\/#primaryimage\"},\"image\":{\"@id\":\"https:\\\/\\\/cunext.com\\\/fr\\\/produits\\\/#primaryimage\"},\"thumbnailUrl\":\"https:\\\/\\\/cunext.com\\\/wp-content\\\/uploads\\\/2020\\\/04\\\/cabecera-productos.jpg\",\"datePublished\":\"2020-04-06T16:21:07+00:00\",\"dateModified\":\"2020-04-16T14:01:22+00:00\",\"description\":\"CUNEXT GROUP se especializa en la transformaci\u00f3n de cobre y aluminio de la m\u00e1s alta calidad, siempre centrados en la innovaci\u00f3n continua y el desarrollo.\",\"breadcrumb\":{\"@id\":\"https:\\\/\\\/cunext.com\\\/fr\\\/produits\\\/#breadcrumb\"},\"inLanguage\":\"fr-FR\",\"potentialAction\":[{\"@type\":\"ReadAction\",\"target\":[\"https:\\\/\\\/cunext.com\\\/fr\\\/produits\\\/\"]}]},{\"@type\":\"ImageObject\",\"inLanguage\":\"fr-FR\",\"@id\":\"https:\\\/\\\/cunext.com\\\/fr\\\/produits\\\/#primaryimage\",\"url\":\"https:\\\/\\\/cunext.com\\\/wp-content\\\/uploads\\\/2020\\\/04\\\/cabecera-productos.jpg\",\"contentUrl\":\"https:\\\/\\\/cunext.com\\\/wp-content\\\/uploads\\\/2020\\\/04\\\/cabecera-productos.jpg\",\"width\":1600,\"height\":378,\"caption\":\"alambres-metalicos\"},{\"@type\":\"BreadcrumbList\",\"@id\":\"https:\\\/\\\/cunext.com\\\/fr\\\/produits\\\/#breadcrumb\",\"itemListElement\":[{\"@type\":\"ListItem\",\"position\":1,\"name\":\"Portada\",\"item\":\"https:\\\/\\\/cunext.com\\\/fr\\\/\"},{\"@type\":\"ListItem\",\"position\":2,\"name\":\"Produits\"}]},{\"@type\":\"WebSite\",\"@id\":\"https:\\\/\\\/cunext.com\\\/fr\\\/#website\",\"url\":\"https:\\\/\\\/cunext.com\\\/fr\\\/\",\"name\":\"Cunext\",\"description\":\"Transformaci\u00f3n de cobre y aluminio\",\"publisher\":{\"@id\":\"https:\\\/\\\/cunext.com\\\/fr\\\/#organization\"},\"potentialAction\":[{\"@type\":\"SearchAction\",\"target\":{\"@type\":\"EntryPoint\",\"urlTemplate\":\"https:\\\/\\\/cunext.com\\\/fr\\\/?s={search_term_string}\"},\"query-input\":{\"@type\":\"PropertyValueSpecification\",\"valueRequired\":true,\"valueName\":\"search_term_string\"}}],\"inLanguage\":\"fr-FR\"},{\"@type\":\"Organization\",\"@id\":\"https:\\\/\\\/cunext.com\\\/fr\\\/#organization\",\"name\":\"Cunext Group\",\"url\":\"https:\\\/\\\/cunext.com\\\/fr\\\/\",\"logo\":{\"@type\":\"ImageObject\",\"inLanguage\":\"fr-FR\",\"@id\":\"https:\\\/\\\/cunext.com\\\/fr\\\/#\\\/schema\\\/logo\\\/image\\\/\",\"url\":\"https:\\\/\\\/cunext.com\\\/wp-content\\\/uploads\\\/2020\\\/04\\\/logo-cunext.png\",\"contentUrl\":\"https:\\\/\\\/cunext.com\\\/wp-content\\\/uploads\\\/2020\\\/04\\\/logo-cunext.png\",\"width\":229,\"height\":57,\"caption\":\"Cunext Group\"},\"image\":{\"@id\":\"https:\\\/\\\/cunext.com\\\/fr\\\/#\\\/schema\\\/logo\\\/image\\\/\"},\"sameAs\":[\"https:\\\/\\\/www.linkedin.com\\\/company\\\/cunext-copper-industries-sl\\\/\"]}]}<\/script>\n<!-- \/ Yoast SEO plugin. -->","yoast_head_json":{"title":"Produits - Cunext","description":"CUNEXT GROUP se especializa en la transformaci\u00f3n de cobre y aluminio de la m\u00e1s alta calidad, siempre centrados en la innovaci\u00f3n continua y el desarrollo.","robots":{"index":"index","follow":"follow","max-snippet":"max-snippet:-1","max-image-preview":"max-image-preview:large","max-video-preview":"max-video-preview:-1"},"canonical":"https:\/\/cunext.com\/fr\/produits\/","og_locale":"fr_FR","og_type":"article","og_title":"Produits - Cunext","og_description":"CUNEXT GROUP se especializa en la transformaci\u00f3n de cobre y aluminio de la m\u00e1s alta calidad, siempre centrados en la innovaci\u00f3n continua y el desarrollo.","og_url":"https:\/\/cunext.com\/fr\/produits\/","og_site_name":"Cunext","article_modified_time":"2020-04-16T14:01:22+00:00","og_image":[{"width":1600,"height":378,"url":"https:\/\/cunext.com\/wp-content\/uploads\/2020\/04\/cabecera-productos.jpg","type":"image\/jpeg"}],"twitter_card":"summary_large_image","schema":{"@context":"https:\/\/schema.org","@graph":[{"@type":"WebPage","@id":"https:\/\/cunext.com\/fr\/produits\/","url":"https:\/\/cunext.com\/fr\/produits\/","name":"Produits - Cunext","isPartOf":{"@id":"https:\/\/cunext.com\/fr\/#website"},"primaryImageOfPage":{"@id":"https:\/\/cunext.com\/fr\/produits\/#primaryimage"},"image":{"@id":"https:\/\/cunext.com\/fr\/produits\/#primaryimage"},"thumbnailUrl":"https:\/\/cunext.com\/wp-content\/uploads\/2020\/04\/cabecera-productos.jpg","datePublished":"2020-04-06T16:21:07+00:00","dateModified":"2020-04-16T14:01:22+00:00","description":"CUNEXT GROUP se especializa en la transformaci\u00f3n de cobre y aluminio de la m\u00e1s alta calidad, siempre centrados en la innovaci\u00f3n continua y el desarrollo.","breadcrumb":{"@id":"https:\/\/cunext.com\/fr\/produits\/#breadcrumb"},"inLanguage":"fr-FR","potentialAction":[{"@type":"ReadAction","target":["https:\/\/cunext.com\/fr\/produits\/"]}]},{"@type":"ImageObject","inLanguage":"fr-FR","@id":"https:\/\/cunext.com\/fr\/produits\/#primaryimage","url":"https:\/\/cunext.com\/wp-content\/uploads\/2020\/04\/cabecera-productos.jpg","contentUrl":"https:\/\/cunext.com\/wp-content\/uploads\/2020\/04\/cabecera-productos.jpg","width":1600,"height":378,"caption":"alambres-metalicos"},{"@type":"BreadcrumbList","@id":"https:\/\/cunext.com\/fr\/produits\/#breadcrumb","itemListElement":[{"@type":"ListItem","position":1,"name":"Portada","item":"https:\/\/cunext.com\/fr\/"},{"@type":"ListItem","position":2,"name":"Produits"}]},{"@type":"WebSite","@id":"https:\/\/cunext.com\/fr\/#website","url":"https:\/\/cunext.com\/fr\/","name":"Cunext","description":"Transformaci\u00f3n de cobre y aluminio","publisher":{"@id":"https:\/\/cunext.com\/fr\/#organization"},"potentialAction":[{"@type":"SearchAction","target":{"@type":"EntryPoint","urlTemplate":"https:\/\/cunext.com\/fr\/?s={search_term_string}"},"query-input":{"@type":"PropertyValueSpecification","valueRequired":true,"valueName":"search_term_string"}}],"inLanguage":"fr-FR"},{"@type":"Organization","@id":"https:\/\/cunext.com\/fr\/#organization","name":"Cunext Group","url":"https:\/\/cunext.com\/fr\/","logo":{"@type":"ImageObject","inLanguage":"fr-FR","@id":"https:\/\/cunext.com\/fr\/#\/schema\/logo\/image\/","url":"https:\/\/cunext.com\/wp-content\/uploads\/2020\/04\/logo-cunext.png","contentUrl":"https:\/\/cunext.com\/wp-content\/uploads\/2020\/04\/logo-cunext.png","width":229,"height":57,"caption":"Cunext Group"},"image":{"@id":"https:\/\/cunext.com\/fr\/#\/schema\/logo\/image\/"},"sameAs":["https:\/\/www.linkedin.com\/company\/cunext-copper-industries-sl\/"]}]}},"_links":{"self":[{"href":"https:\/\/cunext.com\/fr\/wp-json\/wp\/v2\/pages\/1341","targetHints":{"allow":["GET"]}}],"collection":[{"href":"https:\/\/cunext.com\/fr\/wp-json\/wp\/v2\/pages"}],"about":[{"href":"https:\/\/cunext.com\/fr\/wp-json\/wp\/v2\/types\/page"}],"author":[{"embeddable":true,"href":"https:\/\/cunext.com\/fr\/wp-json\/wp\/v2\/users\/6"}],"replies":[{"embeddable":true,"href":"https:\/\/cunext.com\/fr\/wp-json\/wp\/v2\/comments?post=1341"}],"version-history":[{"count":25,"href":"https:\/\/cunext.com\/fr\/wp-json\/wp\/v2\/pages\/1341\/revisions"}],"predecessor-version":[{"id":1759,"href":"https:\/\/cunext.com\/fr\/wp-json\/wp\/v2\/pages\/1341\/revisions\/1759"}],"wp:featuredmedia":[{"embeddable":true,"href":"https:\/\/cunext.com\/fr\/wp-json\/wp\/v2\/media\/1874"}],"wp:attachment":[{"href":"https:\/\/cunext.com\/fr\/wp-json\/wp\/v2\/media?parent=1341"}],"curies":[{"name":"wp","href":"https:\/\/api.w.org\/{rel}","templated":true}]}}