{"id":1326,"date":"2020-04-06T16:45:27","date_gmt":"2020-04-06T15:45:27","guid":{"rendered":"https:\/\/www.cunext.com\/?page_id=1326"},"modified":"2020-04-20T14:26:14","modified_gmt":"2020-04-20T13:26:14","slug":"cunext-group","status":"publish","type":"page","link":"https:\/\/cunext.com\/fr\/cunext-group\/","title":{"rendered":"Cunext Group"},"content":{"rendered":"<section class=\"seccion-imagen-texto-home\">\r\n    <div class=\"ancho-limitado-plus\">\r\n        <div class=\"seccion-conocenos-home wow fadeInLeft\" data-wow-duration=\"0.75s\" data-wow-delay=\"0\">\r\n            <div class=\"bloque-imagen-left\">\r\n                <img decoding=\"async\" src=\"https:\/\/cunext.com\/wp-content\/uploads\/2020\/04\/img-empresas-grupo-1.jpg\" title=\"Entreprises du groupe\" alt=\"Entreprises du groupe\"\/>\r\n            <\/div>\r\n            <div class=\"info-servicio-left\">\r\n                <h1>Entreprises du groupe<\/h1>\r\n                <p>Vous connaissez la localisation et les coordonn\u00e9es de nos bureaux en Espagne et en Italie. Le r\u00e9seau Cunext Group fait de nous le fournisseur de r\u00e9f\u00e9rence pour les produits transform\u00e9s en cuivre et en aluminium en Europe du Sud et en Afrique du Nord-Ouest.<\/p>\n                <p class=\"boton\"><a style=\"color: #a15d42;\" href=\"https:\/\/cunext.com\/fr\/cunext-group\/entreprises-du-groupe\/\">Connaissance des entreprises du groupe<\/a><\/p>            <\/div>\r\n        <\/div>\r\n    <\/div>\r\n<\/section>\n\n<section class=\"seccion-imagen-texto-home\">\r\n    <div class=\"ancho-limitado-plus\">\r\n        <div class=\"seccion-conocenos-home wow fadeInRight\" data-wow-duration=\"0.75s\" data-wow-delay=\"0\">\r\n            <div class=\"bloque-imagen-right\">\r\n                <img decoding=\"async\" src=\"https:\/\/cunext.com\/wp-content\/uploads\/2020\/04\/2_Historia.jpg\" title=\"Histoire\" alt=\"Histoire\"\/>\r\n            <\/div>\r\n            <div class=\"info-servicio-right\">\r\n                <h1>Histoire<\/h1>\r\n                <p>Cunext est un grand groupe d\u2019entreprises qui se consacre depuis des d\u00e9cennies \u00e0 la transformation du cuivre. En 2015, l\u2019aluminium est ajout\u00e9 \u00e0 notre portefeuille de produits, ce qui nous permet de maintenir notre leadership dans la fabrication de mat\u00e9riaux de transmission d\u2019\u00e9nergie \u00e9lectrique et de donn\u00e9es.<\/p>\n                <p class=\"boton\"><a style=\"color: #a15d42;\" href=\"https:\/\/cunext.com\/fr\/cunext-group\/histoire\/\">Il conna\u00eet notre histoire<\/a><\/p>            <\/div>\r\n        <\/div>\r\n    <\/div>\r\n<\/section>\n\n<section class=\"seccion-imagen-texto-home\">\r\n    <div class=\"ancho-limitado-plus\">\r\n        <div class=\"seccion-conocenos-home wow fadeInLeft\" data-wow-duration=\"0.75s\" data-wow-delay=\"0\">\r\n            <div class=\"bloque-imagen-left\">\r\n                <img decoding=\"async\" src=\"https:\/\/cunext.com\/wp-content\/uploads\/2020\/04\/rev-cls-3.jpg\" title=\"Cunext Lean System\" alt=\"Cunext Lean System\"\/>\r\n            <\/div>\r\n            <div class=\"info-servicio-left\">\r\n                <h1>Cunext Lean System<\/h1>\r\n                <p>La sp\u00e9cialisation acquise par la transformation de mat\u00e9riaux tels que le cuivre et l\u2019aluminium nous a permis de d\u00e9velopper notre propre syst\u00e8me de production et de l\u2019appliquer avec succ\u00e8s dans d\u2019autres industries.<\/p>\n                <p class=\"boton\"><a style=\"color: #a15d42;\" href=\"https:\/\/cunext.com\/fr\/cunext-group\/cunext-lean-system\/\">Connaissez Cunext Lean System<\/a><\/p>            <\/div>\r\n        <\/div>\r\n    <\/div>\r\n<\/section>","protected":false},"excerpt":{"rendered":"","protected":false},"author":6,"featured_media":1811,"parent":0,"menu_order":0,"comment_status":"closed","ping_status":"closed","template":"","meta":{"_acf_changed":false,"footnotes":""},"class_list":["post-1326","page","type-page","status-publish","has-post-thumbnail","hentry"],"acf":[],"yoast_head":"<!-- This site is optimized with the Yoast SEO plugin v27.4 - https:\/\/yoast.com\/product\/yoast-seo-wordpress\/ -->\n<title>Cunext Group - Cunext<\/title>\n<meta name=\"description\" content=\"CUNEXT GROUP se especializa en la transformaci\u00f3n de cobre y aluminio de la m\u00e1s alta calidad, siempre centrados en la innovaci\u00f3n continua y el desarrollo.\" \/>\n<meta name=\"robots\" content=\"index, follow, max-snippet:-1, max-image-preview:large, max-video-preview:-1\" \/>\n<link rel=\"canonical\" href=\"https:\/\/cunext.com\/fr\/cunext-group\/\" \/>\n<meta property=\"og:locale\" content=\"fr_FR\" \/>\n<meta property=\"og:type\" content=\"article\" \/>\n<meta property=\"og:title\" content=\"Cunext Group - Cunext\" \/>\n<meta property=\"og:description\" content=\"CUNEXT GROUP se especializa en la transformaci\u00f3n de cobre y aluminio de la m\u00e1s alta calidad, siempre centrados en la innovaci\u00f3n continua y el desarrollo.\" \/>\n<meta property=\"og:url\" content=\"https:\/\/cunext.com\/fr\/cunext-group\/\" \/>\n<meta property=\"og:site_name\" content=\"Cunext\" \/>\n<meta property=\"article:modified_time\" content=\"2020-04-20T13:26:14+00:00\" \/>\n<meta property=\"og:image\" content=\"https:\/\/cunext.com\/wp-content\/uploads\/2020\/04\/cabecera_calidad.jpg\" \/>\n\t<meta property=\"og:image:width\" content=\"1600\" \/>\n\t<meta property=\"og:image:height\" content=\"378\" \/>\n\t<meta property=\"og:image:type\" content=\"image\/jpeg\" \/>\n<meta name=\"twitter:card\" content=\"summary_large_image\" \/>\n<script type=\"application\/ld+json\" class=\"yoast-schema-graph\">{\"@context\":\"https:\\\/\\\/schema.org\",\"@graph\":[{\"@type\":\"WebPage\",\"@id\":\"https:\\\/\\\/cunext.com\\\/fr\\\/cunext-group\\\/\",\"url\":\"https:\\\/\\\/cunext.com\\\/fr\\\/cunext-group\\\/\",\"name\":\"Cunext Group - Cunext\",\"isPartOf\":{\"@id\":\"https:\\\/\\\/cunext.com\\\/fr\\\/#website\"},\"primaryImageOfPage\":{\"@id\":\"https:\\\/\\\/cunext.com\\\/fr\\\/cunext-group\\\/#primaryimage\"},\"image\":{\"@id\":\"https:\\\/\\\/cunext.com\\\/fr\\\/cunext-group\\\/#primaryimage\"},\"thumbnailUrl\":\"https:\\\/\\\/cunext.com\\\/wp-content\\\/uploads\\\/2020\\\/04\\\/cabecera_calidad.jpg\",\"datePublished\":\"2020-04-06T15:45:27+00:00\",\"dateModified\":\"2020-04-20T13:26:14+00:00\",\"description\":\"CUNEXT GROUP se especializa en la transformaci\u00f3n de cobre y aluminio de la m\u00e1s alta calidad, siempre centrados en la innovaci\u00f3n continua y el desarrollo.\",\"breadcrumb\":{\"@id\":\"https:\\\/\\\/cunext.com\\\/fr\\\/cunext-group\\\/#breadcrumb\"},\"inLanguage\":\"fr-FR\",\"potentialAction\":[{\"@type\":\"ReadAction\",\"target\":[\"https:\\\/\\\/cunext.com\\\/fr\\\/cunext-group\\\/\"]}]},{\"@type\":\"ImageObject\",\"inLanguage\":\"fr-FR\",\"@id\":\"https:\\\/\\\/cunext.com\\\/fr\\\/cunext-group\\\/#primaryimage\",\"url\":\"https:\\\/\\\/cunext.com\\\/wp-content\\\/uploads\\\/2020\\\/04\\\/cabecera_calidad.jpg\",\"contentUrl\":\"https:\\\/\\\/cunext.com\\\/wp-content\\\/uploads\\\/2020\\\/04\\\/cabecera_calidad.jpg\",\"width\":1600,\"height\":378,\"caption\":\"cable-cobre\"},{\"@type\":\"BreadcrumbList\",\"@id\":\"https:\\\/\\\/cunext.com\\\/fr\\\/cunext-group\\\/#breadcrumb\",\"itemListElement\":[{\"@type\":\"ListItem\",\"position\":1,\"name\":\"Portada\",\"item\":\"https:\\\/\\\/cunext.com\\\/fr\\\/\"},{\"@type\":\"ListItem\",\"position\":2,\"name\":\"Cunext Group\"}]},{\"@type\":\"WebSite\",\"@id\":\"https:\\\/\\\/cunext.com\\\/fr\\\/#website\",\"url\":\"https:\\\/\\\/cunext.com\\\/fr\\\/\",\"name\":\"Cunext\",\"description\":\"Transformaci\u00f3n de cobre y aluminio\",\"publisher\":{\"@id\":\"https:\\\/\\\/cunext.com\\\/fr\\\/#organization\"},\"potentialAction\":[{\"@type\":\"SearchAction\",\"target\":{\"@type\":\"EntryPoint\",\"urlTemplate\":\"https:\\\/\\\/cunext.com\\\/fr\\\/?s={search_term_string}\"},\"query-input\":{\"@type\":\"PropertyValueSpecification\",\"valueRequired\":true,\"valueName\":\"search_term_string\"}}],\"inLanguage\":\"fr-FR\"},{\"@type\":\"Organization\",\"@id\":\"https:\\\/\\\/cunext.com\\\/fr\\\/#organization\",\"name\":\"Cunext Group\",\"url\":\"https:\\\/\\\/cunext.com\\\/fr\\\/\",\"logo\":{\"@type\":\"ImageObject\",\"inLanguage\":\"fr-FR\",\"@id\":\"https:\\\/\\\/cunext.com\\\/fr\\\/#\\\/schema\\\/logo\\\/image\\\/\",\"url\":\"https:\\\/\\\/cunext.com\\\/wp-content\\\/uploads\\\/2020\\\/04\\\/logo-cunext.png\",\"contentUrl\":\"https:\\\/\\\/cunext.com\\\/wp-content\\\/uploads\\\/2020\\\/04\\\/logo-cunext.png\",\"width\":229,\"height\":57,\"caption\":\"Cunext Group\"},\"image\":{\"@id\":\"https:\\\/\\\/cunext.com\\\/fr\\\/#\\\/schema\\\/logo\\\/image\\\/\"},\"sameAs\":[\"https:\\\/\\\/www.linkedin.com\\\/company\\\/cunext-copper-industries-sl\\\/\"]}]}<\/script>\n<!-- \/ Yoast SEO plugin. -->","yoast_head_json":{"title":"Cunext Group - Cunext","description":"CUNEXT GROUP se especializa en la transformaci\u00f3n de cobre y aluminio de la m\u00e1s alta calidad, siempre centrados en la innovaci\u00f3n continua y el desarrollo.","robots":{"index":"index","follow":"follow","max-snippet":"max-snippet:-1","max-image-preview":"max-image-preview:large","max-video-preview":"max-video-preview:-1"},"canonical":"https:\/\/cunext.com\/fr\/cunext-group\/","og_locale":"fr_FR","og_type":"article","og_title":"Cunext Group - Cunext","og_description":"CUNEXT GROUP se especializa en la transformaci\u00f3n de cobre y aluminio de la m\u00e1s alta calidad, siempre centrados en la innovaci\u00f3n continua y el desarrollo.","og_url":"https:\/\/cunext.com\/fr\/cunext-group\/","og_site_name":"Cunext","article_modified_time":"2020-04-20T13:26:14+00:00","og_image":[{"width":1600,"height":378,"url":"https:\/\/cunext.com\/wp-content\/uploads\/2020\/04\/cabecera_calidad.jpg","type":"image\/jpeg"}],"twitter_card":"summary_large_image","schema":{"@context":"https:\/\/schema.org","@graph":[{"@type":"WebPage","@id":"https:\/\/cunext.com\/fr\/cunext-group\/","url":"https:\/\/cunext.com\/fr\/cunext-group\/","name":"Cunext Group - Cunext","isPartOf":{"@id":"https:\/\/cunext.com\/fr\/#website"},"primaryImageOfPage":{"@id":"https:\/\/cunext.com\/fr\/cunext-group\/#primaryimage"},"image":{"@id":"https:\/\/cunext.com\/fr\/cunext-group\/#primaryimage"},"thumbnailUrl":"https:\/\/cunext.com\/wp-content\/uploads\/2020\/04\/cabecera_calidad.jpg","datePublished":"2020-04-06T15:45:27+00:00","dateModified":"2020-04-20T13:26:14+00:00","description":"CUNEXT GROUP se especializa en la transformaci\u00f3n de cobre y aluminio de la m\u00e1s alta calidad, siempre centrados en la innovaci\u00f3n continua y el desarrollo.","breadcrumb":{"@id":"https:\/\/cunext.com\/fr\/cunext-group\/#breadcrumb"},"inLanguage":"fr-FR","potentialAction":[{"@type":"ReadAction","target":["https:\/\/cunext.com\/fr\/cunext-group\/"]}]},{"@type":"ImageObject","inLanguage":"fr-FR","@id":"https:\/\/cunext.com\/fr\/cunext-group\/#primaryimage","url":"https:\/\/cunext.com\/wp-content\/uploads\/2020\/04\/cabecera_calidad.jpg","contentUrl":"https:\/\/cunext.com\/wp-content\/uploads\/2020\/04\/cabecera_calidad.jpg","width":1600,"height":378,"caption":"cable-cobre"},{"@type":"BreadcrumbList","@id":"https:\/\/cunext.com\/fr\/cunext-group\/#breadcrumb","itemListElement":[{"@type":"ListItem","position":1,"name":"Portada","item":"https:\/\/cunext.com\/fr\/"},{"@type":"ListItem","position":2,"name":"Cunext Group"}]},{"@type":"WebSite","@id":"https:\/\/cunext.com\/fr\/#website","url":"https:\/\/cunext.com\/fr\/","name":"Cunext","description":"Transformaci\u00f3n de cobre y aluminio","publisher":{"@id":"https:\/\/cunext.com\/fr\/#organization"},"potentialAction":[{"@type":"SearchAction","target":{"@type":"EntryPoint","urlTemplate":"https:\/\/cunext.com\/fr\/?s={search_term_string}"},"query-input":{"@type":"PropertyValueSpecification","valueRequired":true,"valueName":"search_term_string"}}],"inLanguage":"fr-FR"},{"@type":"Organization","@id":"https:\/\/cunext.com\/fr\/#organization","name":"Cunext Group","url":"https:\/\/cunext.com\/fr\/","logo":{"@type":"ImageObject","inLanguage":"fr-FR","@id":"https:\/\/cunext.com\/fr\/#\/schema\/logo\/image\/","url":"https:\/\/cunext.com\/wp-content\/uploads\/2020\/04\/logo-cunext.png","contentUrl":"https:\/\/cunext.com\/wp-content\/uploads\/2020\/04\/logo-cunext.png","width":229,"height":57,"caption":"Cunext Group"},"image":{"@id":"https:\/\/cunext.com\/fr\/#\/schema\/logo\/image\/"},"sameAs":["https:\/\/www.linkedin.com\/company\/cunext-copper-industries-sl\/"]}]}},"_links":{"self":[{"href":"https:\/\/cunext.com\/fr\/wp-json\/wp\/v2\/pages\/1326","targetHints":{"allow":["GET"]}}],"collection":[{"href":"https:\/\/cunext.com\/fr\/wp-json\/wp\/v2\/pages"}],"about":[{"href":"https:\/\/cunext.com\/fr\/wp-json\/wp\/v2\/types\/page"}],"author":[{"embeddable":true,"href":"https:\/\/cunext.com\/fr\/wp-json\/wp\/v2\/users\/6"}],"replies":[{"embeddable":true,"href":"https:\/\/cunext.com\/fr\/wp-json\/wp\/v2\/comments?post=1326"}],"version-history":[{"count":11,"href":"https:\/\/cunext.com\/fr\/wp-json\/wp\/v2\/pages\/1326\/revisions"}],"predecessor-version":[{"id":1851,"href":"https:\/\/cunext.com\/fr\/wp-json\/wp\/v2\/pages\/1326\/revisions\/1851"}],"wp:featuredmedia":[{"embeddable":true,"href":"https:\/\/cunext.com\/fr\/wp-json\/wp\/v2\/media\/1811"}],"wp:attachment":[{"href":"https:\/\/cunext.com\/fr\/wp-json\/wp\/v2\/media?parent=1326"}],"curies":[{"name":"wp","href":"https:\/\/api.w.org\/{rel}","templated":true}]}}