{"id":1312,"date":"2020-04-06T16:22:02","date_gmt":"2020-04-06T15:22:02","guid":{"rendered":"https:\/\/www.cunext.com\/?page_id=1312"},"modified":"2023-06-16T10:53:56","modified_gmt":"2023-06-16T09:53:56","slug":"avis-de-confidentialite","status":"publish","type":"page","link":"https:\/\/cunext.com\/fr\/avis-de-confidentialite\/","title":{"rendered":"Avis de Confidentialit\u00e9"},"content":{"rendered":"\r\n<p>Votre vie priv\u00e9e est importante pour Grupo Cunext, c&rsquo;est pourquoi nous nous engageons \u00e0 traiter vos donn\u00e9es personnelles de mani\u00e8re appropri\u00e9e et responsable, en respectant \u00e0 tout moment les principes de protection des donn\u00e9es et en pleine conformit\u00e9 avec la l\u00e9gislation en vigueur (R\u00e8glement UE 2016\/679 du Parlement europ\u00e9en et du Conseil, du 27 avril 2016, relatif \u00e0 la protection des personnes physiques \u00e0 l&rsquo;\u00e9gard du traitement des donn\u00e9es \u00e0 caract\u00e8re personnel et \u00e0 la libre circulation de ces donn\u00e9es -RGPD- et loi organique 3\/2018, du 5 d\u00e9cembre, relative \u00e0 la protection des donn\u00e9es \u00e0 caract\u00e8re personnel et \u00e0 la garantie des droits num\u00e9riques -LOPD ).<\/p>\r\n<p><br \/>Dans le pr\u00e9sent avis de confidentialit\u00e9, nous vous indiquons en d\u00e9tail qui est responsable du traitement de vos donn\u00e9es \u00e0 caract\u00e8re personnel, dans quel but et pourquoi elles sont utilis\u00e9es, pendant combien de temps elles seront stock\u00e9es et si elles seront transf\u00e9r\u00e9es ou divulgu\u00e9es.<\/p>\r\n<p><br \/>Afin que vous puissiez exercer un contr\u00f4le total sur vos donn\u00e9es personnelles, nous vous indiquons \u00e0 qui et comment vous pouvez exercer vos droits<\/p>\r\n<h2>RESPONSABLE DU TRAITEMENT<\/h2>\r\n<p>La soci\u00e9t\u00e9 appartenant \u00e0 Grupo Cunext avec laquelle elle a exerc\u00e9 l&rsquo;une des activit\u00e9s faisant l&rsquo;objet du traitement d\u00e9fini dans le pr\u00e9sent avis de confidentialit\u00e9, dont les informations d\u00e9taill\u00e9es figurent ci-dessous, a le statut de responsable du traitement :<\/p>\r\n<p><a href=\"https:\/\/cunext.com\/wp-content\/uploads\/2023\/06\/Anexo-AVISO-DE-PRIVACIDAD_fr-FR.pdf\">Voir d\u00e9tail<\/a><\/p>\r\n<p>&nbsp;<\/p>\r\n\r\n\r\n\r\n<h2 class=\"wp-block-heading\">ACTIVIT\u00c9S DE TRAITEMENT<\/h2>\r\n<h2 style=\"font-family: 'Open Sans'; font-weight: bold; font-size: 43px; color: #37333c; line-height: 1.5;\">1. Contact commerciaux<\/h2>\r\n<ul>\r\n<li><strong>Finalit\u00e9. <\/strong>\u00c9change de communications \u00e0 l&rsquo;occasion de l&rsquo;activit\u00e9 commerciale entre les diff\u00e9rentes soci\u00e9t\u00e9s de Grupo Cunext avec leurs clients ou fournisseurs.<\/li>\r\n<li><strong>L\u00e9gitimation.\u00a0<\/strong>Int\u00e9r\u00eat l\u00e9gitime (article 6.1, paragraphe f) du RGPD et article 19 de la LOPD).<\/li>\r\n<li><strong>Temps de conservation.<\/strong>D\u00e9lai de prescription pour les obligations relatives aux services fournis dans le cadre de relations commerciales et\/ou mercantiles.<\/li>\r\n<li><strong>Destinataires. <\/strong>Aucun transfert ou communication n&rsquo;est pr\u00e9vu.<\/li>\r\n<\/ul>\r\n<h2 style=\"font-family: 'Open Sans'; font-weight: bold; font-size: 43px; color: #37333c; line-height: 1.5;\">2. Communications effectu\u00e9es par l&rsquo;interm\u00e9diaire du Canal \u00c9thique<\/h2>\r\n<ul>\r\n<li><strong>Finalit\u00e9. <\/strong>La gestion, le traitement et l&rsquo;examen des communications envoy\u00e9es par l&rsquo;interm\u00e9diaire du Canal \u00c9thique, ainsi que, le cas \u00e9ch\u00e9ant, l&rsquo;adoption de mesures disciplinaires ou le traitement des proc\u00e9dures judiciaires qui en d\u00e9coulent.<\/li>\r\n<li><strong>L\u00e9gitimation.\u00a0<\/strong>N\u00e9cessit\u00e9 du traitement pour le respect d&rsquo;obligations l\u00e9gales applicables au responsable du traitement (article 6, paragraphe 1, point c), du RGPD, en liaison avec l&rsquo;obligation l\u00e9gale d&rsquo;\u00e9tablir un canal d&rsquo;alerte conform\u00e9ment \u00e0 l&rsquo;article 10 de la loi 2\/2023). Dans le cas o\u00f9 le traitement de cat\u00e9gories particuli\u00e8res de donn\u00e9es sp\u00e9ciales est n\u00e9cessaire, la base de l\u00e9gitimit\u00e9 est la n\u00e9cessit\u00e9 du traitement pour des raisons d&rsquo;int\u00e9r\u00eat public essentiel (article 9.2, paragraphe g) du RGPD).<\/li>\r\n<li><strong>Temps de conservation.\u00a0 <\/strong>Le temps n\u00e9cessaire pour d\u00e9cider de l&rsquo;opportunit\u00e9 d&rsquo;ouvrir une enqu\u00eate sur les faits rapport\u00e9s et, en tout \u00e9tat de cause, dans un d\u00e9lai de trois (3) mois \u00e0 compter de la r\u00e9ception de la communication sans qu&rsquo;aucune enqu\u00eate n&rsquo;ait \u00e9t\u00e9 ouverte. En cas d&rsquo;ouverture d&rsquo;une enqu\u00eate pouvant impliquer l&rsquo;exercice d&rsquo;une action en justice, le d\u00e9lai de prescription pr\u00e9vu par la loi pour l&rsquo;exercice de cette action est le d\u00e9lai de prescription pr\u00e9vu pour l&rsquo;exercice de cette action.<\/li>\r\n<li>Le cas \u00e9ch\u00e9ant, elles sont communiqu\u00e9es \u00e0 l&rsquo;autorit\u00e9 judiciaire, au minist\u00e8re public ou \u00e0 l&rsquo;autorit\u00e9 administrative comp\u00e9tente dans le cadre d&rsquo;une enqu\u00eate p\u00e9nale, disciplinaire ou d&rsquo;instruction.<\/li>\r\n<\/ul>\r\n<h2 style=\"font-family: 'Open Sans'; font-weight: bold; font-size: 43px; color: #37333c; line-height: 1.5;\">3. Contr\u00f4le d&rsquo;acc\u00e8s aux installations<\/h2>\r\n<ul>\r\n<li><strong>Finalit\u00e9.<\/strong>Identifier les personnes acc\u00e9dant aux installations et effectuer des contr\u00f4les pendant leur s\u00e9jour dans les locaux.<\/li>\r\n<li><strong>L\u00e9gitimation.<\/strong>Int\u00e9r\u00eat l\u00e9gitime (article 6.1, paragraphe f), du RGPD).<\/li>\r\n<li><strong>Temps de conservation.<\/strong>D\u00e9lai de prescription pour d&rsquo;\u00e9ventuelles infractions mineures ou graves.<\/li>\r\n<li><strong>Destinataires. <\/strong>Ils ne sont pas pr\u00e9vus, sauf en cas d&rsquo;\u00e9ventuels incidents de s\u00e9curit\u00e9, qui seraient signal\u00e9s aux forces de l&rsquo;ordre.<\/li>\r\n<\/ul>\r\n<h2 style=\"font-family: 'Open Sans'; font-weight: bold; font-size: 43px; color: #37333c; line-height: 1.5;\">4. Vid\u00e9osurveillance<\/h2>\r\n<ul>\r\n<li><strong>Finalit\u00e9.\u00a0<\/strong>S\u00e9curit\u00e9 des personnes, des biens et des installations.<\/li>\r\n<li><strong>L\u00e9gitimation.\u00a0<\/strong>Int\u00e9r\u00eat public (article 6.1, paragraphe e), du RGPD et article 22 de la LOPD).<\/li>\r\n<li><strong>Temps de conservation.<\/strong>Un (1) mois.<\/li>\r\n<li><strong>Destinataires. <\/strong>Ils ne sont pas pr\u00e9vus, sauf en cas d&rsquo;\u00e9ventuels incidents de s\u00e9curit\u00e9, qui seraient signal\u00e9s aux forces de l&rsquo;ordre.<\/li>\r\n<\/ul>\r\n<p>Nous ne prenons aucune d\u00e9cision automatis\u00e9e sur la base des donn\u00e9es fournies et nous ne cr\u00e9ons aucun profil \u00e0 partir de celles-ci.<\/p>\r\n<p>DROITS<\/p>\r\n<p>Vous avez le droit d&rsquo;obtenir la confirmation que nous traitons ou non des donn\u00e9es personnelles vous concernant. Les personnes concern\u00e9es ont le droit <strong>d&rsquo;acc\u00e9der<\/strong> \u00e0 leurs donn\u00e9es personnelles, ainsi que le droit de demander la <strong>rectification<\/strong> de donn\u00e9es inexactes ou, le cas \u00e9ch\u00e9ant, de demander leur <strong>suppression<\/strong> lorsque, entre autres raisons, les donn\u00e9es ne sont plus n\u00e9cessaires aux fins pour lesquelles elles ont \u00e9t\u00e9 collect\u00e9es. Dans certaines circonstances (en cas de demande de rectification, d&rsquo;effacement, d&rsquo;opposition et d&rsquo;effacement pr\u00e9alable), les personnes concern\u00e9es ont le droit \u00e0 la\u00a0<strong>limitation<\/strong> du\u00a0traitement. Vous avez \u00e9galement le droit \u00e0 <strong>la\u00a0portabilit\u00e9 <\/strong>de\u00a0ces donn\u00e9es.<\/p>\r\n<p>&nbsp;<\/p>\r\n<p>Dans tous les cas, vous pouvez d\u00e9poser une plainte aupr\u00e8s de l&rsquo;Agence espagnole de protection des donn\u00e9es (<a href=\"http:\/\/www.aepd.es\">www.aepd.es<\/a>).<\/p>\r\n<p>&nbsp;<\/p>\r\n<p>Les personnes concern\u00e9es peuvent exercer leurs droits ou soumettre leurs demandes \u00e0 notre d\u00e9l\u00e9gu\u00e9 \u00e0 la protection des donn\u00e9es \u00e0 l&rsquo;adresse \u00e9lectronique suivante <a href=\"mailto:dpd@cunext.com\">dpd@cunext.com<\/a><\/p>\r\n","protected":false},"excerpt":{"rendered":"<p>Votre vie priv\u00e9e est importante pour Grupo Cunext, c&rsquo;est pourquoi nous nous engageons \u00e0 traiter vos donn\u00e9es personnelles de mani\u00e8re appropri\u00e9e et responsable, en respectant&#8230;<\/p>\n","protected":false},"author":6,"featured_media":1866,"parent":0,"menu_order":0,"comment_status":"closed","ping_status":"closed","template":"","meta":{"_acf_changed":false,"footnotes":""},"class_list":["post-1312","page","type-page","status-publish","has-post-thumbnail","hentry"],"acf":[],"yoast_head":"<!-- This site is optimized with the Yoast SEO plugin v27.5 - https:\/\/yoast.com\/product\/yoast-seo-wordpress\/ -->\n<title>Avis de Confidentialit\u00e9 - Cunext<\/title>\n<meta name=\"description\" content=\"CUNEXT GROUP se especializa en la transformaci\u00f3n de cobre y aluminio de la m\u00e1s alta calidad, siempre centrados en la innovaci\u00f3n continua y el desarrollo.\" \/>\n<meta name=\"robots\" content=\"index, follow, max-snippet:-1, max-image-preview:large, max-video-preview:-1\" \/>\n<link rel=\"canonical\" href=\"https:\/\/cunext.com\/fr\/avis-de-confidentialite\/\" \/>\n<meta property=\"og:locale\" content=\"fr_FR\" \/>\n<meta property=\"og:type\" content=\"article\" \/>\n<meta property=\"og:title\" content=\"Avis de Confidentialit\u00e9 - Cunext\" \/>\n<meta property=\"og:description\" content=\"CUNEXT GROUP se especializa en la transformaci\u00f3n de cobre y aluminio de la m\u00e1s alta calidad, siempre centrados en la innovaci\u00f3n continua y el desarrollo.\" \/>\n<meta property=\"og:url\" content=\"https:\/\/cunext.com\/fr\/avis-de-confidentialite\/\" \/>\n<meta property=\"og:site_name\" content=\"Cunext\" \/>\n<meta property=\"article:modified_time\" content=\"2023-06-16T09:53:56+00:00\" \/>\n<meta property=\"og:image\" content=\"https:\/\/cunext.com\/wp-content\/uploads\/2020\/04\/cabecera_politica-privacidad-1.jpg\" \/>\n\t<meta property=\"og:image:width\" content=\"1600\" \/>\n\t<meta property=\"og:image:height\" content=\"378\" \/>\n\t<meta property=\"og:image:type\" content=\"image\/jpeg\" \/>\n<meta name=\"twitter:card\" content=\"summary_large_image\" \/>\n<meta name=\"twitter:label1\" content=\"Dur\u00e9e de lecture estim\u00e9e\" \/>\n\t<meta name=\"twitter:data1\" content=\"4 minutes\" \/>\n<script type=\"application\/ld+json\" class=\"yoast-schema-graph\">{\"@context\":\"https:\\\/\\\/schema.org\",\"@graph\":[{\"@type\":\"WebPage\",\"@id\":\"https:\\\/\\\/cunext.com\\\/fr\\\/avis-de-confidentialite\\\/\",\"url\":\"https:\\\/\\\/cunext.com\\\/fr\\\/avis-de-confidentialite\\\/\",\"name\":\"Avis de Confidentialit\u00e9 - Cunext\",\"isPartOf\":{\"@id\":\"https:\\\/\\\/cunext.com\\\/fr\\\/#website\"},\"primaryImageOfPage\":{\"@id\":\"https:\\\/\\\/cunext.com\\\/fr\\\/avis-de-confidentialite\\\/#primaryimage\"},\"image\":{\"@id\":\"https:\\\/\\\/cunext.com\\\/fr\\\/avis-de-confidentialite\\\/#primaryimage\"},\"thumbnailUrl\":\"https:\\\/\\\/cunext.com\\\/wp-content\\\/uploads\\\/2020\\\/04\\\/cabecera_politica-privacidad-1.jpg\",\"datePublished\":\"2020-04-06T15:22:02+00:00\",\"dateModified\":\"2023-06-16T09:53:56+00:00\",\"description\":\"CUNEXT GROUP se especializa en la transformaci\u00f3n de cobre y aluminio de la m\u00e1s alta calidad, siempre centrados en la innovaci\u00f3n continua y el desarrollo.\",\"breadcrumb\":{\"@id\":\"https:\\\/\\\/cunext.com\\\/fr\\\/avis-de-confidentialite\\\/#breadcrumb\"},\"inLanguage\":\"fr-FR\",\"potentialAction\":[{\"@type\":\"ReadAction\",\"target\":[\"https:\\\/\\\/cunext.com\\\/fr\\\/avis-de-confidentialite\\\/\"]}]},{\"@type\":\"ImageObject\",\"inLanguage\":\"fr-FR\",\"@id\":\"https:\\\/\\\/cunext.com\\\/fr\\\/avis-de-confidentialite\\\/#primaryimage\",\"url\":\"https:\\\/\\\/cunext.com\\\/wp-content\\\/uploads\\\/2020\\\/04\\\/cabecera_politica-privacidad-1.jpg\",\"contentUrl\":\"https:\\\/\\\/cunext.com\\\/wp-content\\\/uploads\\\/2020\\\/04\\\/cabecera_politica-privacidad-1.jpg\",\"width\":1600,\"height\":378,\"caption\":\"cable-cobre\"},{\"@type\":\"BreadcrumbList\",\"@id\":\"https:\\\/\\\/cunext.com\\\/fr\\\/avis-de-confidentialite\\\/#breadcrumb\",\"itemListElement\":[{\"@type\":\"ListItem\",\"position\":1,\"name\":\"Portada\",\"item\":\"https:\\\/\\\/cunext.com\\\/fr\\\/\"},{\"@type\":\"ListItem\",\"position\":2,\"name\":\"Avis de Confidentialit\u00e9\"}]},{\"@type\":\"WebSite\",\"@id\":\"https:\\\/\\\/cunext.com\\\/fr\\\/#website\",\"url\":\"https:\\\/\\\/cunext.com\\\/fr\\\/\",\"name\":\"Cunext\",\"description\":\"Transformaci\u00f3n de cobre y aluminio\",\"publisher\":{\"@id\":\"https:\\\/\\\/cunext.com\\\/fr\\\/#organization\"},\"potentialAction\":[{\"@type\":\"SearchAction\",\"target\":{\"@type\":\"EntryPoint\",\"urlTemplate\":\"https:\\\/\\\/cunext.com\\\/fr\\\/?s={search_term_string}\"},\"query-input\":{\"@type\":\"PropertyValueSpecification\",\"valueRequired\":true,\"valueName\":\"search_term_string\"}}],\"inLanguage\":\"fr-FR\"},{\"@type\":\"Organization\",\"@id\":\"https:\\\/\\\/cunext.com\\\/fr\\\/#organization\",\"name\":\"Cunext Group\",\"url\":\"https:\\\/\\\/cunext.com\\\/fr\\\/\",\"logo\":{\"@type\":\"ImageObject\",\"inLanguage\":\"fr-FR\",\"@id\":\"https:\\\/\\\/cunext.com\\\/fr\\\/#\\\/schema\\\/logo\\\/image\\\/\",\"url\":\"https:\\\/\\\/cunext.com\\\/wp-content\\\/uploads\\\/2020\\\/04\\\/logo-cunext.png\",\"contentUrl\":\"https:\\\/\\\/cunext.com\\\/wp-content\\\/uploads\\\/2020\\\/04\\\/logo-cunext.png\",\"width\":229,\"height\":57,\"caption\":\"Cunext Group\"},\"image\":{\"@id\":\"https:\\\/\\\/cunext.com\\\/fr\\\/#\\\/schema\\\/logo\\\/image\\\/\"},\"sameAs\":[\"https:\\\/\\\/www.linkedin.com\\\/company\\\/cunext-copper-industries-sl\\\/\"]}]}<\/script>\n<!-- \/ Yoast SEO plugin. -->","yoast_head_json":{"title":"Avis de Confidentialit\u00e9 - Cunext","description":"CUNEXT GROUP se especializa en la transformaci\u00f3n de cobre y aluminio de la m\u00e1s alta calidad, siempre centrados en la innovaci\u00f3n continua y el desarrollo.","robots":{"index":"index","follow":"follow","max-snippet":"max-snippet:-1","max-image-preview":"max-image-preview:large","max-video-preview":"max-video-preview:-1"},"canonical":"https:\/\/cunext.com\/fr\/avis-de-confidentialite\/","og_locale":"fr_FR","og_type":"article","og_title":"Avis de Confidentialit\u00e9 - Cunext","og_description":"CUNEXT GROUP se especializa en la transformaci\u00f3n de cobre y aluminio de la m\u00e1s alta calidad, siempre centrados en la innovaci\u00f3n continua y el desarrollo.","og_url":"https:\/\/cunext.com\/fr\/avis-de-confidentialite\/","og_site_name":"Cunext","article_modified_time":"2023-06-16T09:53:56+00:00","og_image":[{"width":1600,"height":378,"url":"https:\/\/cunext.com\/wp-content\/uploads\/2020\/04\/cabecera_politica-privacidad-1.jpg","type":"image\/jpeg"}],"twitter_card":"summary_large_image","twitter_misc":{"Dur\u00e9e de lecture estim\u00e9e":"4 minutes"},"schema":{"@context":"https:\/\/schema.org","@graph":[{"@type":"WebPage","@id":"https:\/\/cunext.com\/fr\/avis-de-confidentialite\/","url":"https:\/\/cunext.com\/fr\/avis-de-confidentialite\/","name":"Avis de Confidentialit\u00e9 - Cunext","isPartOf":{"@id":"https:\/\/cunext.com\/fr\/#website"},"primaryImageOfPage":{"@id":"https:\/\/cunext.com\/fr\/avis-de-confidentialite\/#primaryimage"},"image":{"@id":"https:\/\/cunext.com\/fr\/avis-de-confidentialite\/#primaryimage"},"thumbnailUrl":"https:\/\/cunext.com\/wp-content\/uploads\/2020\/04\/cabecera_politica-privacidad-1.jpg","datePublished":"2020-04-06T15:22:02+00:00","dateModified":"2023-06-16T09:53:56+00:00","description":"CUNEXT GROUP se especializa en la transformaci\u00f3n de cobre y aluminio de la m\u00e1s alta calidad, siempre centrados en la innovaci\u00f3n continua y el desarrollo.","breadcrumb":{"@id":"https:\/\/cunext.com\/fr\/avis-de-confidentialite\/#breadcrumb"},"inLanguage":"fr-FR","potentialAction":[{"@type":"ReadAction","target":["https:\/\/cunext.com\/fr\/avis-de-confidentialite\/"]}]},{"@type":"ImageObject","inLanguage":"fr-FR","@id":"https:\/\/cunext.com\/fr\/avis-de-confidentialite\/#primaryimage","url":"https:\/\/cunext.com\/wp-content\/uploads\/2020\/04\/cabecera_politica-privacidad-1.jpg","contentUrl":"https:\/\/cunext.com\/wp-content\/uploads\/2020\/04\/cabecera_politica-privacidad-1.jpg","width":1600,"height":378,"caption":"cable-cobre"},{"@type":"BreadcrumbList","@id":"https:\/\/cunext.com\/fr\/avis-de-confidentialite\/#breadcrumb","itemListElement":[{"@type":"ListItem","position":1,"name":"Portada","item":"https:\/\/cunext.com\/fr\/"},{"@type":"ListItem","position":2,"name":"Avis de Confidentialit\u00e9"}]},{"@type":"WebSite","@id":"https:\/\/cunext.com\/fr\/#website","url":"https:\/\/cunext.com\/fr\/","name":"Cunext","description":"Transformaci\u00f3n de cobre y aluminio","publisher":{"@id":"https:\/\/cunext.com\/fr\/#organization"},"potentialAction":[{"@type":"SearchAction","target":{"@type":"EntryPoint","urlTemplate":"https:\/\/cunext.com\/fr\/?s={search_term_string}"},"query-input":{"@type":"PropertyValueSpecification","valueRequired":true,"valueName":"search_term_string"}}],"inLanguage":"fr-FR"},{"@type":"Organization","@id":"https:\/\/cunext.com\/fr\/#organization","name":"Cunext Group","url":"https:\/\/cunext.com\/fr\/","logo":{"@type":"ImageObject","inLanguage":"fr-FR","@id":"https:\/\/cunext.com\/fr\/#\/schema\/logo\/image\/","url":"https:\/\/cunext.com\/wp-content\/uploads\/2020\/04\/logo-cunext.png","contentUrl":"https:\/\/cunext.com\/wp-content\/uploads\/2020\/04\/logo-cunext.png","width":229,"height":57,"caption":"Cunext Group"},"image":{"@id":"https:\/\/cunext.com\/fr\/#\/schema\/logo\/image\/"},"sameAs":["https:\/\/www.linkedin.com\/company\/cunext-copper-industries-sl\/"]}]}},"_links":{"self":[{"href":"https:\/\/cunext.com\/fr\/wp-json\/wp\/v2\/pages\/1312","targetHints":{"allow":["GET"]}}],"collection":[{"href":"https:\/\/cunext.com\/fr\/wp-json\/wp\/v2\/pages"}],"about":[{"href":"https:\/\/cunext.com\/fr\/wp-json\/wp\/v2\/types\/page"}],"author":[{"embeddable":true,"href":"https:\/\/cunext.com\/fr\/wp-json\/wp\/v2\/users\/6"}],"replies":[{"embeddable":true,"href":"https:\/\/cunext.com\/fr\/wp-json\/wp\/v2\/comments?post=1312"}],"version-history":[{"count":5,"href":"https:\/\/cunext.com\/fr\/wp-json\/wp\/v2\/pages\/1312\/revisions"}],"predecessor-version":[{"id":4157,"href":"https:\/\/cunext.com\/fr\/wp-json\/wp\/v2\/pages\/1312\/revisions\/4157"}],"wp:featuredmedia":[{"embeddable":true,"href":"https:\/\/cunext.com\/fr\/wp-json\/wp\/v2\/media\/1866"}],"wp:attachment":[{"href":"https:\/\/cunext.com\/fr\/wp-json\/wp\/v2\/media?parent=1312"}],"curies":[{"name":"wp","href":"https:\/\/api.w.org\/{rel}","templated":true}]}}