{"id":1306,"date":"2020-04-06T16:09:36","date_gmt":"2020-04-06T15:09:36","guid":{"rendered":"https:\/\/www.cunext.com\/?page_id=1306"},"modified":"2021-01-14T13:32:37","modified_gmt":"2021-01-14T12:32:37","slug":"mentions-legales","status":"publish","type":"page","link":"https:\/\/cunext.com\/fr\/mentions-legales\/","title":{"rendered":"Mentions Legales"},"content":{"rendered":"\n<p> Nous vous proposons ci-apr\u00e8s toutes les informations relatives aux normes et \u00e0 la l\u00e9gislation applicables \u00e0 ce site Web du GRUPO CUNEXT.<\/p>\n\n\n\n<ol class=\"wp-block-list\"><li> <a href=\"https:\/\/cunext.com\/fr\/mentions-legales\/#titularyfinalidades\"><strong>Titulaire et finalit\u00e9s:<\/strong><\/a> responsable du site Web et ses finalit\u00e9s.<\/li><li> <a href=\"https:\/\/cunext.com\/fr\/mentions-legales\/#condicionesdeuso\"><strong>Conditions d&rsquo;utilisation pour les utilisateurs et les clients<\/strong>:<\/a> comment les utilisateurs et les clients doivent utiliser notre site Web.<\/li><li> <a href=\"https:\/\/cunext.com\/fr\/mentions-legales\/#exclusiones\"><strong>Exclusions de responsabilit\u00e9<\/strong>:<\/a> cas dans lesquels nous ne pouvons pas r\u00e9pondre du fonctionnement ou de l&rsquo;inactivit\u00e9 de notre site Web.<\/li><li> <a href=\"https:\/\/cunext.com\/fr\/mentions-legales\/#politicadeenlaces\"><strong>Politique de liens<\/strong>:<\/a> vers quels sites notre site renvoie et qui peut mettre notre site Web en lien.<\/li><li> <a href=\"https:\/\/cunext.com\/fr\/mentions-legales\/#propiedadintelectual\"><strong>Propri\u00e9t\u00e9 intellectuelle<\/strong>:<\/a> droits sur le contenu de notre site Web.<\/li><li> <a href=\"https:\/\/cunext.com\/fr\/politique-confidentialite\"><strong>Politique de confidentialit\u00e9<\/strong>:<\/a> informations sur le traitement des donn\u00e9es personnelles, les droits applicables, ainsi que les principes de traitement et de s\u00e9curit\u00e9.<\/li><li> <a href=\"https:\/\/cunext.com\/fr\/directive-cookies\"><strong>Directive des cookies<\/strong>:<\/a> instruments de suivi lors de la visite de notre site web, mais aussi informations et d\u00e9cision concernant leur blocage et ses cons\u00e9quences.<\/li><li> <a href=\"https:\/\/cunext.com\/fr\/mentions-legales\/#legislacion\"><strong>L\u00e9gislation applicable<\/strong>:<\/a> r\u00e9glementation applicable \u00e0 ces mentions l\u00e9gales. <\/li><\/ol>\n\n\n\n<p>N&rsquo;importe quel doute et n&rsquo;importe quelle suggestion ou consultation sur l&rsquo;utilisation de ce site web seront trait\u00e9s \u00e0 l&rsquo;e-mail <a href=\"mailto:infocunext@cunext.com\"><a href=\"mailto:infocunext@cunext.com\">info@cunext.com<\/a><\/a><\/p>\n\n\n\n<div id=\"titularyfinalidades\">\n<h2>1. Titulaire et finalit\u00e9s<\/h2>\n<p>CUNEXT COPPER INDUSTRIES, SL, en tant que soci\u00e9t\u00e9 administratrice du GRUPO CUNEXT, g\u00e8re ce site web www.cunext.com pour:<\/p>\n<ul>\n<li>Fournir des informations sur la responsabilit\u00e9 sociale corporative (CSR) du groupe d&rsquo;entreprises.<\/li>\n<li>Pr\u00e9senter des informations sur notre groupe d&rsquo;entreprises et son fonctionnement, en \u00e9num\u00e9rant ses garanties certifi\u00e9es.<\/li>\n<li>Pr\u00e9senter les produits que nous \u00e9laborons et servir de canal de communication avec les clients.<\/li>\n<li>Informer sur la <a href=\"https:\/\/cunext.com\/fr\/politique-confidentialit\u00e9\">politique de confidentialit\u00e9<\/a> applicable aux traitements des donn\u00e9es personnelles que nous r\u00e9alisons.<\/li>\n<\/ul>\n<\/div>\n\n\n\n<div id=\"condicionesdeuso\">\n<h2>2. Conditions d&rsquo;utilisation pour les utilisateurs et les clients<\/h2>\n<p>L&rsquo;acc\u00e8s \u00e0 ce site Web est gratuit pour tout utilisateur et pour les clients des soci\u00e9t\u00e9s composant le GRUPO CUNEXT et entra\u00eene l&rsquo;acceptation des pr\u00e9sentes conditions d&rsquo;utilisation.<\/p>\n<p>Les clients des soci\u00e9t\u00e9s composant le GRUPO CUNEXT peuvent demander leurs identifiants pour acc\u00e9der \u00e0 la zone \u00e0 acc\u00e8s restreint du site Web qui leur est r\u00e9serv\u00e9 et ils s&rsquo;engagent \u00e0 utiliser le mot de passe fourni d&rsquo;une forme consciencieuse et confidentielle. Nous nous r\u00e9servons le droit de refuser ou retirer sans pr\u00e9avis l&rsquo;acc\u00e8s \u00e0 ceux qui ne respectent pas les pr\u00e9sentes conditions d&rsquo;utilisation.<\/p>\n<p>Tous les utilisateurs et clients sont oblig\u00e9s d&rsquo;utiliser de forme appropri\u00e9e et licite notre site Web, en s&rsquo;abstenant de provoquer des dommages ou d&rsquo;introduire ou diffuser des virus ou n&rsquo;importe quel syst\u00e8me susceptible de provoquer des dommages.<\/p>\n<\/div>\n\n\n\n<div id=\"exclusiones\">\n<h2>3. Exclusions de responsabilit\u00e9<\/h2>\n<p>Nous nous r\u00e9servons le droit d&rsquo;effectuer les modifications que nous consid\u00e9rons comme opportunes sur notre site Web et nous pouvons changer, supprimer ou ajouter des contenus ou produits qui y sont pr\u00e9sent\u00e9s, ainsi que la forme de leur pr\u00e9sentation ou de leur localisation.<\/p>\n<p>Nous ne pouvons pas \u00eatre tenus pour responsables du manque de disponibilit\u00e9 du site Web pour des causes qui nous sont ind\u00e9pendantes (probl\u00e8mes techniques sur le r\u00e9seau, chez les fournisseurs de services de communication, pannes d&rsquo;\u00e9quipements et autres incidents impr\u00e9visibles comme les r\u00e9parations, la maintenance et la mise \u00e0 jour de logiciel). De la m\u00eame forme, nous ne pouvons pas \u00eatre \u00e9galement tenus responsables de connexions incorrectes ou d\u00e9fectueuses en raison d&rsquo;un mauvais fonctionnement du navigateur que l&rsquo;utilisateur emploie ou de l&rsquo;utilisation de versions non mises \u00e0 jour de ces derniers. Nous ne pouvons pas non plus garantir que notre site Web sera compatible avec n&rsquo;importe quel \u00e9quipement ou logiciel que l&rsquo;utilisateur ou client peut employer.<\/p>\n<\/div>\n\n\n\n<div id=\"politicadeenlaces\">\n<h2>4. Politique de liens<\/h2>\n<p>Notre site web met en relation avec les profils de r\u00e9seaux sociaux de CUNEXT COPPER INDUSTRIES, SL et la localisation sur Google Maps de chacune des soci\u00e9t\u00e9s du groupe d&rsquo;entreprises.<\/p>\n<p>Pour pouvoir mettre notre site Web en lien, il est n\u00e9cessaire de demander une autorisation explicite de CUNEXT COPPER INDUSTRIES, SL, qui se r\u00e9serve en tout \u00e9tat de cause le droit de l&rsquo;interdire ou de la limiter.<\/p>\n<\/div>\n\n\n\n<div id=\"propiedadintelectual\">\n<h2>5. Propri\u00e9t\u00e9 intellectuelle<\/h2>\n<p>CUNEXT COPPER INDUSTRIES, SL est la propri\u00e9taire du nom du domaine et son utilisation est r\u00e9serv\u00e9e exclusivement \u00e0 GRUPO CUNEXT. Elle est donc titulaire de tous les droits de propri\u00e9t\u00e9 intellectuelle du site Web, de tous ses contenus (textes, logos, signes, marques, noms commerciaux, dessins industriels, graphiques et dessins, ou tout autre signe susceptible d&rsquo;\u00eatre utilis\u00e9 au niveau industriel et commercial) et du code source, ainsi que du design graphique du site Web.<\/p>\n<p>La reproduction, la distribution et la communication publique de la totalit\u00e9 ou d&rsquo;une partie des contenus de ce site Web sur tout support et par quelque moyen que ce soit sont express\u00e9ment interdites sans notre autorisation.<\/p>\n<\/div>\n\n\n\n<div id=\"legislacion\">\n<h2>6. L\u00e9gislation applicable<\/h2>\n<p>La loi applicable en cas de litige ou conflit relatif aux termes constituant ces mentions l\u00e9gales sera la loi espagnole.<\/p>\n<\/div>\n","protected":false},"excerpt":{"rendered":"<p>Nous vous proposons ci-apr\u00e8s toutes les informations relatives aux normes et \u00e0 la l\u00e9gislation applicables \u00e0 ce site Web du GRUPO CUNEXT. Titulaire et finalit\u00e9s:&#8230;<\/p>\n","protected":false},"author":6,"featured_media":1799,"parent":0,"menu_order":0,"comment_status":"closed","ping_status":"closed","template":"","meta":{"_acf_changed":false,"footnotes":""},"class_list":["post-1306","page","type-page","status-publish","has-post-thumbnail","hentry"],"acf":[],"yoast_head":"<!-- This site is optimized with the Yoast SEO plugin v27.4 - https:\/\/yoast.com\/product\/yoast-seo-wordpress\/ -->\n<title>Mentions Legales - Cunext<\/title>\n<meta name=\"description\" content=\"CUNEXT GROUP se especializa en la transformaci\u00f3n de cobre y aluminio de la m\u00e1s alta calidad, siempre centrados en la innovaci\u00f3n continua y el desarrollo.\" \/>\n<meta name=\"robots\" content=\"index, follow, max-snippet:-1, max-image-preview:large, max-video-preview:-1\" \/>\n<link rel=\"canonical\" href=\"https:\/\/cunext.com\/fr\/mentions-legales\/\" \/>\n<meta property=\"og:locale\" content=\"fr_FR\" \/>\n<meta property=\"og:type\" content=\"article\" \/>\n<meta property=\"og:title\" content=\"Mentions Legales - Cunext\" \/>\n<meta property=\"og:description\" content=\"CUNEXT GROUP se especializa en la transformaci\u00f3n de cobre y aluminio de la m\u00e1s alta calidad, siempre centrados en la innovaci\u00f3n continua y el desarrollo.\" \/>\n<meta property=\"og:url\" content=\"https:\/\/cunext.com\/fr\/mentions-legales\/\" \/>\n<meta property=\"og:site_name\" content=\"Cunext\" \/>\n<meta property=\"article:modified_time\" content=\"2021-01-14T12:32:37+00:00\" \/>\n<meta property=\"og:image\" content=\"https:\/\/cunext.com\/wp-content\/uploads\/2020\/04\/cabecera-aviso-legal.jpg\" \/>\n\t<meta property=\"og:image:width\" content=\"1600\" \/>\n\t<meta property=\"og:image:height\" content=\"378\" \/>\n\t<meta property=\"og:image:type\" content=\"image\/jpeg\" \/>\n<meta name=\"twitter:card\" content=\"summary_large_image\" \/>\n<meta name=\"twitter:label1\" content=\"Dur\u00e9e de lecture estim\u00e9e\" \/>\n\t<meta name=\"twitter:data1\" content=\"4 minutes\" \/>\n<script type=\"application\/ld+json\" class=\"yoast-schema-graph\">{\"@context\":\"https:\\\/\\\/schema.org\",\"@graph\":[{\"@type\":\"WebPage\",\"@id\":\"https:\\\/\\\/cunext.com\\\/fr\\\/mentions-legales\\\/\",\"url\":\"https:\\\/\\\/cunext.com\\\/fr\\\/mentions-legales\\\/\",\"name\":\"Mentions Legales - Cunext\",\"isPartOf\":{\"@id\":\"https:\\\/\\\/cunext.com\\\/fr\\\/#website\"},\"primaryImageOfPage\":{\"@id\":\"https:\\\/\\\/cunext.com\\\/fr\\\/mentions-legales\\\/#primaryimage\"},\"image\":{\"@id\":\"https:\\\/\\\/cunext.com\\\/fr\\\/mentions-legales\\\/#primaryimage\"},\"thumbnailUrl\":\"https:\\\/\\\/cunext.com\\\/wp-content\\\/uploads\\\/2020\\\/04\\\/cabecera-aviso-legal.jpg\",\"datePublished\":\"2020-04-06T15:09:36+00:00\",\"dateModified\":\"2021-01-14T12:32:37+00:00\",\"description\":\"CUNEXT GROUP se especializa en la transformaci\u00f3n de cobre y aluminio de la m\u00e1s alta calidad, siempre centrados en la innovaci\u00f3n continua y el desarrollo.\",\"breadcrumb\":{\"@id\":\"https:\\\/\\\/cunext.com\\\/fr\\\/mentions-legales\\\/#breadcrumb\"},\"inLanguage\":\"fr-FR\",\"potentialAction\":[{\"@type\":\"ReadAction\",\"target\":[\"https:\\\/\\\/cunext.com\\\/fr\\\/mentions-legales\\\/\"]}]},{\"@type\":\"ImageObject\",\"inLanguage\":\"fr-FR\",\"@id\":\"https:\\\/\\\/cunext.com\\\/fr\\\/mentions-legales\\\/#primaryimage\",\"url\":\"https:\\\/\\\/cunext.com\\\/wp-content\\\/uploads\\\/2020\\\/04\\\/cabecera-aviso-legal.jpg\",\"contentUrl\":\"https:\\\/\\\/cunext.com\\\/wp-content\\\/uploads\\\/2020\\\/04\\\/cabecera-aviso-legal.jpg\",\"width\":1600,\"height\":378,\"caption\":\"alambre-cobre\"},{\"@type\":\"BreadcrumbList\",\"@id\":\"https:\\\/\\\/cunext.com\\\/fr\\\/mentions-legales\\\/#breadcrumb\",\"itemListElement\":[{\"@type\":\"ListItem\",\"position\":1,\"name\":\"Portada\",\"item\":\"https:\\\/\\\/cunext.com\\\/fr\\\/\"},{\"@type\":\"ListItem\",\"position\":2,\"name\":\"Mentions Legales\"}]},{\"@type\":\"WebSite\",\"@id\":\"https:\\\/\\\/cunext.com\\\/fr\\\/#website\",\"url\":\"https:\\\/\\\/cunext.com\\\/fr\\\/\",\"name\":\"Cunext\",\"description\":\"Transformaci\u00f3n de cobre y aluminio\",\"publisher\":{\"@id\":\"https:\\\/\\\/cunext.com\\\/fr\\\/#organization\"},\"potentialAction\":[{\"@type\":\"SearchAction\",\"target\":{\"@type\":\"EntryPoint\",\"urlTemplate\":\"https:\\\/\\\/cunext.com\\\/fr\\\/?s={search_term_string}\"},\"query-input\":{\"@type\":\"PropertyValueSpecification\",\"valueRequired\":true,\"valueName\":\"search_term_string\"}}],\"inLanguage\":\"fr-FR\"},{\"@type\":\"Organization\",\"@id\":\"https:\\\/\\\/cunext.com\\\/fr\\\/#organization\",\"name\":\"Cunext Group\",\"url\":\"https:\\\/\\\/cunext.com\\\/fr\\\/\",\"logo\":{\"@type\":\"ImageObject\",\"inLanguage\":\"fr-FR\",\"@id\":\"https:\\\/\\\/cunext.com\\\/fr\\\/#\\\/schema\\\/logo\\\/image\\\/\",\"url\":\"https:\\\/\\\/cunext.com\\\/wp-content\\\/uploads\\\/2020\\\/04\\\/logo-cunext.png\",\"contentUrl\":\"https:\\\/\\\/cunext.com\\\/wp-content\\\/uploads\\\/2020\\\/04\\\/logo-cunext.png\",\"width\":229,\"height\":57,\"caption\":\"Cunext Group\"},\"image\":{\"@id\":\"https:\\\/\\\/cunext.com\\\/fr\\\/#\\\/schema\\\/logo\\\/image\\\/\"},\"sameAs\":[\"https:\\\/\\\/www.linkedin.com\\\/company\\\/cunext-copper-industries-sl\\\/\"]}]}<\/script>\n<!-- \/ Yoast SEO plugin. -->","yoast_head_json":{"title":"Mentions Legales - Cunext","description":"CUNEXT GROUP se especializa en la transformaci\u00f3n de cobre y aluminio de la m\u00e1s alta calidad, siempre centrados en la innovaci\u00f3n continua y el desarrollo.","robots":{"index":"index","follow":"follow","max-snippet":"max-snippet:-1","max-image-preview":"max-image-preview:large","max-video-preview":"max-video-preview:-1"},"canonical":"https:\/\/cunext.com\/fr\/mentions-legales\/","og_locale":"fr_FR","og_type":"article","og_title":"Mentions Legales - Cunext","og_description":"CUNEXT GROUP se especializa en la transformaci\u00f3n de cobre y aluminio de la m\u00e1s alta calidad, siempre centrados en la innovaci\u00f3n continua y el desarrollo.","og_url":"https:\/\/cunext.com\/fr\/mentions-legales\/","og_site_name":"Cunext","article_modified_time":"2021-01-14T12:32:37+00:00","og_image":[{"width":1600,"height":378,"url":"https:\/\/cunext.com\/wp-content\/uploads\/2020\/04\/cabecera-aviso-legal.jpg","type":"image\/jpeg"}],"twitter_card":"summary_large_image","twitter_misc":{"Dur\u00e9e de lecture estim\u00e9e":"4 minutes"},"schema":{"@context":"https:\/\/schema.org","@graph":[{"@type":"WebPage","@id":"https:\/\/cunext.com\/fr\/mentions-legales\/","url":"https:\/\/cunext.com\/fr\/mentions-legales\/","name":"Mentions Legales - Cunext","isPartOf":{"@id":"https:\/\/cunext.com\/fr\/#website"},"primaryImageOfPage":{"@id":"https:\/\/cunext.com\/fr\/mentions-legales\/#primaryimage"},"image":{"@id":"https:\/\/cunext.com\/fr\/mentions-legales\/#primaryimage"},"thumbnailUrl":"https:\/\/cunext.com\/wp-content\/uploads\/2020\/04\/cabecera-aviso-legal.jpg","datePublished":"2020-04-06T15:09:36+00:00","dateModified":"2021-01-14T12:32:37+00:00","description":"CUNEXT GROUP se especializa en la transformaci\u00f3n de cobre y aluminio de la m\u00e1s alta calidad, siempre centrados en la innovaci\u00f3n continua y el desarrollo.","breadcrumb":{"@id":"https:\/\/cunext.com\/fr\/mentions-legales\/#breadcrumb"},"inLanguage":"fr-FR","potentialAction":[{"@type":"ReadAction","target":["https:\/\/cunext.com\/fr\/mentions-legales\/"]}]},{"@type":"ImageObject","inLanguage":"fr-FR","@id":"https:\/\/cunext.com\/fr\/mentions-legales\/#primaryimage","url":"https:\/\/cunext.com\/wp-content\/uploads\/2020\/04\/cabecera-aviso-legal.jpg","contentUrl":"https:\/\/cunext.com\/wp-content\/uploads\/2020\/04\/cabecera-aviso-legal.jpg","width":1600,"height":378,"caption":"alambre-cobre"},{"@type":"BreadcrumbList","@id":"https:\/\/cunext.com\/fr\/mentions-legales\/#breadcrumb","itemListElement":[{"@type":"ListItem","position":1,"name":"Portada","item":"https:\/\/cunext.com\/fr\/"},{"@type":"ListItem","position":2,"name":"Mentions Legales"}]},{"@type":"WebSite","@id":"https:\/\/cunext.com\/fr\/#website","url":"https:\/\/cunext.com\/fr\/","name":"Cunext","description":"Transformaci\u00f3n de cobre y aluminio","publisher":{"@id":"https:\/\/cunext.com\/fr\/#organization"},"potentialAction":[{"@type":"SearchAction","target":{"@type":"EntryPoint","urlTemplate":"https:\/\/cunext.com\/fr\/?s={search_term_string}"},"query-input":{"@type":"PropertyValueSpecification","valueRequired":true,"valueName":"search_term_string"}}],"inLanguage":"fr-FR"},{"@type":"Organization","@id":"https:\/\/cunext.com\/fr\/#organization","name":"Cunext Group","url":"https:\/\/cunext.com\/fr\/","logo":{"@type":"ImageObject","inLanguage":"fr-FR","@id":"https:\/\/cunext.com\/fr\/#\/schema\/logo\/image\/","url":"https:\/\/cunext.com\/wp-content\/uploads\/2020\/04\/logo-cunext.png","contentUrl":"https:\/\/cunext.com\/wp-content\/uploads\/2020\/04\/logo-cunext.png","width":229,"height":57,"caption":"Cunext Group"},"image":{"@id":"https:\/\/cunext.com\/fr\/#\/schema\/logo\/image\/"},"sameAs":["https:\/\/www.linkedin.com\/company\/cunext-copper-industries-sl\/"]}]}},"_links":{"self":[{"href":"https:\/\/cunext.com\/fr\/wp-json\/wp\/v2\/pages\/1306","targetHints":{"allow":["GET"]}}],"collection":[{"href":"https:\/\/cunext.com\/fr\/wp-json\/wp\/v2\/pages"}],"about":[{"href":"https:\/\/cunext.com\/fr\/wp-json\/wp\/v2\/types\/page"}],"author":[{"embeddable":true,"href":"https:\/\/cunext.com\/fr\/wp-json\/wp\/v2\/users\/6"}],"replies":[{"embeddable":true,"href":"https:\/\/cunext.com\/fr\/wp-json\/wp\/v2\/comments?post=1306"}],"version-history":[{"count":7,"href":"https:\/\/cunext.com\/fr\/wp-json\/wp\/v2\/pages\/1306\/revisions"}],"predecessor-version":[{"id":2685,"href":"https:\/\/cunext.com\/fr\/wp-json\/wp\/v2\/pages\/1306\/revisions\/2685"}],"wp:featuredmedia":[{"embeddable":true,"href":"https:\/\/cunext.com\/fr\/wp-json\/wp\/v2\/media\/1799"}],"wp:attachment":[{"href":"https:\/\/cunext.com\/fr\/wp-json\/wp\/v2\/media?parent=1306"}],"curies":[{"name":"wp","href":"https:\/\/api.w.org\/{rel}","templated":true}]}}