{"id":5385,"date":"2024-12-16T10:36:07","date_gmt":"2024-12-16T09:36:07","guid":{"rendered":"https:\/\/cunext.com\/sustainability\/incentives\/"},"modified":"2026-02-03T16:51:14","modified_gmt":"2026-02-03T15:51:14","slug":"incentives","status":"publish","type":"page","link":"https:\/\/cunext.com\/en\/sustainability\/incentives\/","title":{"rendered":"Incentives"},"content":{"rendered":"\r\n<div class=\"wp-block-columns fullWidthRsc is-layout-flex wp-container-core-columns-is-layout-28f84493 wp-block-columns-is-layout-flex\">\r\n<div class=\"wp-block-column fullWidthRsc is-layout-flow wp-block-column-is-layout-flow\" style=\"flex-basis:1100px\">\r\n<h2 class=\"wp-block-heading\">GOVERNMENT INCENTIVES<\/h2>\r\n\r\n\r\n\r\n<p>At Cunext, we are proud to have the support of the government through various incentives and grants that allow us to continue growing and offering quality services. These aids help us to innovate, improve our infrastructures, thus contributing to the economic and social development of our community.  <\/p>\r\n\r\n\r\n\r\n<p>You can check the latest incentives received below:<\/p>\r\n<\/div>\r\n<\/div>\r\n\r\n\r\n\r\n<div class=\"wp-block-columns is-layout-flex wp-container-core-columns-is-layout-28f84493 wp-block-columns-is-layout-flex\">\r\n<div class=\"wp-block-column is-layout-flow wp-block-column-is-layout-flow\"><div class=\"wp-block-image is-resized\">\r\n<figure class=\"aligncenter size-full\"><a href=\"https:\/\/cunext.com\/wp-content\/uploads\/2024\/10\/Instalacion-Linea-Tandem.pdf\" target=\"_blank\" rel=\" noreferrer noopener\"><img loading=\"lazy\" decoding=\"async\" width=\"400\" height=\"400\" src=\"https:\/\/cunext.com\/wp-content\/uploads\/2024\/12\/Cunext-Group_Linea-Tandem.png\" alt=\"\" class=\"wp-image-5356\" style=\"width:300px\" title=\"Tandem Line\" srcset=\"https:\/\/cunext.com\/wp-content\/uploads\/2024\/12\/Cunext-Group_Linea-Tandem.png 400w, https:\/\/cunext.com\/wp-content\/uploads\/2024\/12\/Cunext-Group_Linea-Tandem-300x300.png 300w, https:\/\/cunext.com\/wp-content\/uploads\/2024\/12\/Cunext-Group_Linea-Tandem-150x150.png 150w\" sizes=\"auto, (max-width: 400px) 100vw, 400px\" \/><\/a><\/figure><\/div>\r\n\r\n\r\n<p class=\"has-text-align-center\">Below you can consult the latest incentives received:<\/p>\r\n<\/div>\r\n\r\n\r\n\r\n<div class=\"wp-block-column is-layout-flow wp-block-column-is-layout-flow\"><div class=\"wp-block-image is-resized\">\r\n<figure class=\"aligncenter size-full\"><a href=\"https:\/\/cunext.com\/wp-content\/uploads\/2024\/12\/Sustitucion-de-cubiertas-e-instalacion-de-placas-solares.pdf\" target=\"_blank\" rel=\" noreferrer noopener\"><img loading=\"lazy\" decoding=\"async\" width=\"400\" height=\"400\" src=\"https:\/\/cunext.com\/wp-content\/uploads\/2024\/12\/Cunext-Group_Placas-Solares-2.png\" alt=\"\" class=\"wp-image-5463\" style=\"width:300px\" title=\"Tandem Line\" srcset=\"https:\/\/cunext.com\/wp-content\/uploads\/2024\/12\/Cunext-Group_Placas-Solares-2.png 400w, https:\/\/cunext.com\/wp-content\/uploads\/2024\/12\/Cunext-Group_Placas-Solares-2-300x300.png 300w, https:\/\/cunext.com\/wp-content\/uploads\/2024\/12\/Cunext-Group_Placas-Solares-2-150x150.png 150w\" sizes=\"auto, (max-width: 400px) 100vw, 400px\" \/><\/a><\/figure><\/div>\r\n\r\n\r\n<p class=\"has-text-align-center\">Replacement of photovoltaic roofs<\/p>\r\n<\/div>\r\n\r\n\r\n\r\n<div class=\"wp-block-column is-layout-flow wp-block-column-is-layout-flow\"><div class=\"wp-block-image is-resized\">\r\n<figure class=\"aligncenter size-full\"><a href=\"https:\/\/cunext.com\/wp-content\/uploads\/2025\/01\/CARTEL-WIRE4ICE-2023-scaled.jpg\" target=\"_blank\" rel=\" noreferrer noopener\"><img loading=\"lazy\" decoding=\"async\" width=\"400\" height=\"400\" src=\"https:\/\/cunext.com\/wp-content\/uploads\/2025\/01\/Programa-Hazitek.png\" alt=\"\" class=\"wp-image-5485\" style=\"width:300px\" title=\"Tandem Line\" srcset=\"https:\/\/cunext.com\/wp-content\/uploads\/2025\/01\/Programa-Hazitek.png 400w, https:\/\/cunext.com\/wp-content\/uploads\/2025\/01\/Programa-Hazitek-300x300.png 300w, https:\/\/cunext.com\/wp-content\/uploads\/2025\/01\/Programa-Hazitek-150x150.png 150w\" sizes=\"auto, (max-width: 400px) 100vw, 400px\" \/><\/a><\/figure><\/div>\r\n\r\n\r\n<p class=\"has-text-align-center\">WIRE4ICE Project<\/p>\r\n<\/div>\r\n\r\n\r\n\r\n<div class=\"wp-block-column is-layout-flow wp-block-column-is-layout-flow\"><div class=\"wp-block-image is-resized\">\r\n<figure class=\"aligncenter size-full\"><a href=\"https:\/\/cunext.com\/wp-content\/uploads\/2025\/01\/Anexo-III_Cartel_Recuperador-scaled.jpg\" target=\"_blank\" rel=\" noreferrer noopener\"><img loading=\"lazy\" decoding=\"async\" width=\"400\" height=\"400\" src=\"https:\/\/cunext.com\/wp-content\/uploads\/2025\/01\/Incentivos-ECN-Colada.png\" alt=\"\" class=\"wp-image-5506\" style=\"width:300px\" title=\"Tandem Line\" srcset=\"https:\/\/cunext.com\/wp-content\/uploads\/2025\/01\/Incentivos-ECN-Colada.png 400w, https:\/\/cunext.com\/wp-content\/uploads\/2025\/01\/Incentivos-ECN-Colada-300x300.png 300w, https:\/\/cunext.com\/wp-content\/uploads\/2025\/01\/Incentivos-ECN-Colada-150x150.png 150w\" sizes=\"auto, (max-width: 400px) 100vw, 400px\" \/><\/a><\/figure><\/div>\r\n\r\n\r\n<p class=\"has-text-align-center\">ACSR M16-5 Shear<\/p>\r\n<\/div>\r\n<\/div>\r\n\r\n\r\n\r\n<div class=\"wp-block-columns is-layout-flex wp-container-core-columns-is-layout-28f84493 wp-block-columns-is-layout-flex\">\r\n<div class=\"wp-block-column is-vertically-aligned-center is-layout-flow wp-block-column-is-layout-flow\" style=\"flex-basis:25%\"><div class=\"wp-block-image\">\r\n<figure class=\"aligncenter size-full is-resized\"><a href=\"https:\/\/cunext.com\/wp-content\/uploads\/2025\/02\/CARTEL-ALUTREF-2023-scaled.jpg\"><img loading=\"lazy\" decoding=\"async\" width=\"400\" height=\"400\" src=\"https:\/\/cunext.com\/wp-content\/uploads\/2025\/02\/Incentivos-Hazitek.jpg\" alt=\"\" class=\"wp-image-5528\" style=\"width:300px;height:auto\" srcset=\"https:\/\/cunext.com\/wp-content\/uploads\/2025\/02\/Incentivos-Hazitek.jpg 400w, https:\/\/cunext.com\/wp-content\/uploads\/2025\/02\/Incentivos-Hazitek-300x300.jpg 300w, https:\/\/cunext.com\/wp-content\/uploads\/2025\/02\/Incentivos-Hazitek-150x150.jpg 150w\" sizes=\"auto, (max-width: 400px) 100vw, 400px\" \/><\/a><\/figure><\/div>\r\n\r\n\r\n<p class=\"has-text-align-center has-small-font-size\">Co-financing of the project by the Basque Government and ERDF, in relation to the Hazitek programme PROJECT N\u00ba ZL-2023\/00293-ALUTREF<\/p>\r\n<\/div>\r\n\r\n\r\n\r\n<div class=\"wp-block-column is-vertically-aligned-center is-layout-flow wp-block-column-is-layout-flow\" style=\"flex-basis:25%\"><div class=\"wp-block-image\">\r\n<figure class=\"aligncenter size-full is-resized\"><a href=\"https:\/\/cunext.com\/wp-content\/uploads\/2025\/03\/ALUTREF-2024_Hazitek_CARTEL_FEDER-1.pdf\"><img loading=\"lazy\" decoding=\"async\" width=\"400\" height=\"400\" src=\"https:\/\/cunext.com\/wp-content\/uploads\/2025\/03\/Incentivos-Alutref-2024.png\" alt=\"\" class=\"wp-image-5576\" style=\"width:300px;height:auto\" srcset=\"https:\/\/cunext.com\/wp-content\/uploads\/2025\/03\/Incentivos-Alutref-2024.png 400w, https:\/\/cunext.com\/wp-content\/uploads\/2025\/03\/Incentivos-Alutref-2024-300x300.png 300w, https:\/\/cunext.com\/wp-content\/uploads\/2025\/03\/Incentivos-Alutref-2024-150x150.png 150w\" sizes=\"auto, (max-width: 400px) 100vw, 400px\" \/><\/a><\/figure><\/div>\r\n\r\n\r\n<p class=\"has-text-align-center has-small-font-size\">CO-FINANCED BY THE BASQUE GOVERNMENT AND THE<br>THE EUROPEAN UNION THROUGH THE EUROPEAN REGIONAL DEVELOPMENT FUND 2021-2027 (FEDER)<\/p>\r\n<\/div>\r\n\r\n\r\n\r\n<div class=\"wp-block-column is-vertically-aligned-center is-layout-flow wp-block-column-is-layout-flow\" style=\"flex-basis:25%\"><div class=\"wp-block-image\">\r\n<figure class=\"aligncenter size-full is-resized\"><a href=\"https:\/\/cunext.com\/wp-content\/uploads\/2025\/03\/ROAD4E-2024_Hazitek_CARTEL_FEDER-1.pdf\"><img loading=\"lazy\" decoding=\"async\" width=\"400\" height=\"400\" src=\"https:\/\/cunext.com\/wp-content\/uploads\/2025\/03\/Incentivos-ROAD4E-2024.png\" alt=\"\" class=\"wp-image-5571\" style=\"width:300px;height:auto\" srcset=\"https:\/\/cunext.com\/wp-content\/uploads\/2025\/03\/Incentivos-ROAD4E-2024.png 400w, https:\/\/cunext.com\/wp-content\/uploads\/2025\/03\/Incentivos-ROAD4E-2024-300x300.png 300w, https:\/\/cunext.com\/wp-content\/uploads\/2025\/03\/Incentivos-ROAD4E-2024-150x150.png 150w\" sizes=\"auto, (max-width: 400px) 100vw, 400px\" \/><\/a><\/figure><\/div>\r\n\r\n\r\n<p class=\"has-text-align-center has-small-font-size\">CO-FINANCED BY THE BASQUE GOVERNMENT AND THE THE EUROPEAN UNION THROUGH THE EUROPEAN REGIONAL DEVELOPMENT FUND 2021-2027 (FEDER)<\/p>\r\n<\/div>\r\n\r\n\r\n\r\n<div class=\"wp-block-column is-vertically-aligned-top is-layout-flow wp-block-column-is-layout-flow\" style=\"flex-basis:25%\"><div class=\"wp-block-image\">\r\n<figure class=\"aligncenter size-full is-resized\"><a href=\"https:\/\/cunext.com\/wp-content\/uploads\/2025\/07\/Cunext-Green-Cooper.pdf\" target=\"_blank\" rel=\" noreferrer noopener\"><img loading=\"lazy\" decoding=\"async\" width=\"400\" height=\"400\" src=\"https:\/\/cunext.com\/wp-content\/uploads\/2025\/07\/image-2.png\" alt=\"\" class=\"wp-image-5660\" style=\"width:300px;height:auto\" srcset=\"https:\/\/cunext.com\/wp-content\/uploads\/2025\/07\/image-2.png 400w, https:\/\/cunext.com\/wp-content\/uploads\/2025\/07\/image-2-300x300.png 300w, https:\/\/cunext.com\/wp-content\/uploads\/2025\/07\/image-2-150x150.png 150w\" sizes=\"auto, (max-width: 400px) 100vw, 400px\" \/><\/a><\/figure><\/div>\r\n\r\n\r\n<p class=\"has-text-align-center has-small-font-size\">GREEN COOPER<\/p>\r\n<\/div>\r\n<\/div>\r\n\r\n\r\n\r\n<p><\/p>\r\n\r\n\r\n\r\n<div class=\"wp-block-columns is-layout-flex wp-container-core-columns-is-layout-28f84493 wp-block-columns-is-layout-flex\">\r\n<div class=\"wp-block-column is-layout-flow wp-block-column-is-layout-flow\"><div class=\"wp-block-image is-resized\">\r\n<figure class=\"aligncenter size-full\"><a href=\"https:\/\/cunext.com\/wp-content\/uploads\/2026\/02\/Cunext_MOVES_III.pdf\" target=\"_blank\" rel=\"noreferrer noopener\"><img decoding=\"async\" class=\"wp-image-5527\" style=\"width: 300px;\" src=\"https:\/\/cunext.com\/wp-content\/uploads\/2026\/02\/card_cunext_Moves.png\" alt=\"\" \/><\/a><\/figure><\/div>\r\n\r\n\r\n<p class=\"has-text-align-center has-small-font-size\">MOVES III ANDALUC\u00cdA \u2013 Charging station<\/p>\r\n<\/div>\r\n\r\n\r\n\r\n<div class=\"wp-block-column is-layout-flow wp-block-column-is-layout-flow\"><\/div>\r\n\r\n\r\n\r\n<div class=\"wp-block-column is-layout-flow wp-block-column-is-layout-flow\"><\/div>\r\n\r\n\r\n\r\n<div class=\"wp-block-column is-layout-flow wp-block-column-is-layout-flow\"><\/div>\r\n<\/div>\r\n\r\n<p>&nbsp;<\/p>","protected":false},"excerpt":{"rendered":"<p>GOVERNMENT INCENTIVES At Cunext, we are proud to have the support of the government through various incentives and grants that allow us to continue growing&#8230;<\/p>\n","protected":false},"author":12,"featured_media":3388,"parent":1284,"menu_order":0,"comment_status":"closed","ping_status":"closed","template":"","meta":{"_acf_changed":false,"footnotes":""},"class_list":["post-5385","page","type-page","status-publish","has-post-thumbnail","hentry"],"acf":[],"yoast_head":"<!-- This site is optimized with the Yoast SEO plugin v27.3 - https:\/\/yoast.com\/product\/yoast-seo-wordpress\/ -->\n<title>Incentives - Cunext<\/title>\n<meta name=\"description\" content=\"CUNEXT GROUP se especializa en la transformaci\u00f3n de cobre y aluminio de la m\u00e1s alta calidad, siempre centrados en la innovaci\u00f3n continua y el desarrollo.\" \/>\n<meta name=\"robots\" content=\"index, follow, max-snippet:-1, max-image-preview:large, max-video-preview:-1\" \/>\n<link rel=\"canonical\" href=\"https:\/\/cunext.com\/en\/sustainability\/incentives\/\" \/>\n<meta property=\"og:locale\" content=\"en_US\" \/>\n<meta property=\"og:type\" content=\"article\" \/>\n<meta property=\"og:title\" content=\"Incentives - Cunext\" \/>\n<meta property=\"og:description\" content=\"CUNEXT GROUP se especializa en la transformaci\u00f3n de cobre y aluminio de la m\u00e1s alta calidad, siempre centrados en la innovaci\u00f3n continua y el desarrollo.\" \/>\n<meta property=\"og:url\" content=\"https:\/\/cunext.com\/en\/sustainability\/incentives\/\" \/>\n<meta property=\"og:site_name\" content=\"Cunext\" \/>\n<meta property=\"article:modified_time\" content=\"2026-02-03T15:51:14+00:00\" \/>\n<meta property=\"og:image\" content=\"https:\/\/cunext.com\/wp-content\/uploads\/2021\/08\/Cunext-Group_Memorias-Sostenibilidad.jpg\" \/>\n\t<meta property=\"og:image:width\" content=\"1920\" \/>\n\t<meta property=\"og:image:height\" content=\"704\" \/>\n\t<meta property=\"og:image:type\" content=\"image\/jpeg\" \/>\n<meta name=\"twitter:card\" content=\"summary_large_image\" \/>\n<meta name=\"twitter:label1\" content=\"Est. reading time\" \/>\n\t<meta name=\"twitter:data1\" content=\"3 minutes\" \/>\n<script type=\"application\/ld+json\" class=\"yoast-schema-graph\">{\"@context\":\"https:\\\/\\\/schema.org\",\"@graph\":[{\"@type\":\"WebPage\",\"@id\":\"https:\\\/\\\/cunext.com\\\/en\\\/sustainability\\\/incentives\\\/\",\"url\":\"https:\\\/\\\/cunext.com\\\/en\\\/sustainability\\\/incentives\\\/\",\"name\":\"Incentives - Cunext\",\"isPartOf\":{\"@id\":\"https:\\\/\\\/cunext.com\\\/en\\\/#website\"},\"primaryImageOfPage\":{\"@id\":\"https:\\\/\\\/cunext.com\\\/en\\\/sustainability\\\/incentives\\\/#primaryimage\"},\"image\":{\"@id\":\"https:\\\/\\\/cunext.com\\\/en\\\/sustainability\\\/incentives\\\/#primaryimage\"},\"thumbnailUrl\":\"https:\\\/\\\/cunext.com\\\/wp-content\\\/uploads\\\/2021\\\/08\\\/Cunext-Group_Memorias-Sostenibilidad.jpg\",\"datePublished\":\"2024-12-16T09:36:07+00:00\",\"dateModified\":\"2026-02-03T15:51:14+00:00\",\"description\":\"CUNEXT GROUP se especializa en la transformaci\u00f3n de cobre y aluminio de la m\u00e1s alta calidad, siempre centrados en la innovaci\u00f3n continua y el desarrollo.\",\"breadcrumb\":{\"@id\":\"https:\\\/\\\/cunext.com\\\/en\\\/sustainability\\\/incentives\\\/#breadcrumb\"},\"inLanguage\":\"en-US\",\"potentialAction\":[{\"@type\":\"ReadAction\",\"target\":[\"https:\\\/\\\/cunext.com\\\/en\\\/sustainability\\\/incentives\\\/\"]}]},{\"@type\":\"ImageObject\",\"inLanguage\":\"en-US\",\"@id\":\"https:\\\/\\\/cunext.com\\\/en\\\/sustainability\\\/incentives\\\/#primaryimage\",\"url\":\"https:\\\/\\\/cunext.com\\\/wp-content\\\/uploads\\\/2021\\\/08\\\/Cunext-Group_Memorias-Sostenibilidad.jpg\",\"contentUrl\":\"https:\\\/\\\/cunext.com\\\/wp-content\\\/uploads\\\/2021\\\/08\\\/Cunext-Group_Memorias-Sostenibilidad.jpg\",\"width\":1920,\"height\":704},{\"@type\":\"BreadcrumbList\",\"@id\":\"https:\\\/\\\/cunext.com\\\/en\\\/sustainability\\\/incentives\\\/#breadcrumb\",\"itemListElement\":[{\"@type\":\"ListItem\",\"position\":1,\"name\":\"Portada\",\"item\":\"https:\\\/\\\/cunext.com\\\/en\\\/\"},{\"@type\":\"ListItem\",\"position\":2,\"name\":\"Sustainability\",\"item\":\"https:\\\/\\\/cunext.com\\\/en\\\/sustainability\\\/\"},{\"@type\":\"ListItem\",\"position\":3,\"name\":\"Incentives\"}]},{\"@type\":\"WebSite\",\"@id\":\"https:\\\/\\\/cunext.com\\\/en\\\/#website\",\"url\":\"https:\\\/\\\/cunext.com\\\/en\\\/\",\"name\":\"Cunext\",\"description\":\"Transformaci\u00f3n de cobre y aluminio\",\"publisher\":{\"@id\":\"https:\\\/\\\/cunext.com\\\/en\\\/#organization\"},\"potentialAction\":[{\"@type\":\"SearchAction\",\"target\":{\"@type\":\"EntryPoint\",\"urlTemplate\":\"https:\\\/\\\/cunext.com\\\/en\\\/?s={search_term_string}\"},\"query-input\":{\"@type\":\"PropertyValueSpecification\",\"valueRequired\":true,\"valueName\":\"search_term_string\"}}],\"inLanguage\":\"en-US\"},{\"@type\":\"Organization\",\"@id\":\"https:\\\/\\\/cunext.com\\\/en\\\/#organization\",\"name\":\"Cunext Group\",\"url\":\"https:\\\/\\\/cunext.com\\\/en\\\/\",\"logo\":{\"@type\":\"ImageObject\",\"inLanguage\":\"en-US\",\"@id\":\"https:\\\/\\\/cunext.com\\\/en\\\/#\\\/schema\\\/logo\\\/image\\\/\",\"url\":\"https:\\\/\\\/cunext.com\\\/wp-content\\\/uploads\\\/2020\\\/04\\\/logo-cunext.png\",\"contentUrl\":\"https:\\\/\\\/cunext.com\\\/wp-content\\\/uploads\\\/2020\\\/04\\\/logo-cunext.png\",\"width\":229,\"height\":57,\"caption\":\"Cunext Group\"},\"image\":{\"@id\":\"https:\\\/\\\/cunext.com\\\/en\\\/#\\\/schema\\\/logo\\\/image\\\/\"},\"sameAs\":[\"https:\\\/\\\/www.linkedin.com\\\/company\\\/cunext-copper-industries-sl\\\/\"]}]}<\/script>\n<!-- \/ Yoast SEO plugin. -->","yoast_head_json":{"title":"Incentives - Cunext","description":"CUNEXT GROUP se especializa en la transformaci\u00f3n de cobre y aluminio de la m\u00e1s alta calidad, siempre centrados en la innovaci\u00f3n continua y el desarrollo.","robots":{"index":"index","follow":"follow","max-snippet":"max-snippet:-1","max-image-preview":"max-image-preview:large","max-video-preview":"max-video-preview:-1"},"canonical":"https:\/\/cunext.com\/en\/sustainability\/incentives\/","og_locale":"en_US","og_type":"article","og_title":"Incentives - Cunext","og_description":"CUNEXT GROUP se especializa en la transformaci\u00f3n de cobre y aluminio de la m\u00e1s alta calidad, siempre centrados en la innovaci\u00f3n continua y el desarrollo.","og_url":"https:\/\/cunext.com\/en\/sustainability\/incentives\/","og_site_name":"Cunext","article_modified_time":"2026-02-03T15:51:14+00:00","og_image":[{"width":1920,"height":704,"url":"https:\/\/cunext.com\/wp-content\/uploads\/2021\/08\/Cunext-Group_Memorias-Sostenibilidad.jpg","type":"image\/jpeg"}],"twitter_card":"summary_large_image","twitter_misc":{"Est. reading time":"3 minutes"},"schema":{"@context":"https:\/\/schema.org","@graph":[{"@type":"WebPage","@id":"https:\/\/cunext.com\/en\/sustainability\/incentives\/","url":"https:\/\/cunext.com\/en\/sustainability\/incentives\/","name":"Incentives - Cunext","isPartOf":{"@id":"https:\/\/cunext.com\/en\/#website"},"primaryImageOfPage":{"@id":"https:\/\/cunext.com\/en\/sustainability\/incentives\/#primaryimage"},"image":{"@id":"https:\/\/cunext.com\/en\/sustainability\/incentives\/#primaryimage"},"thumbnailUrl":"https:\/\/cunext.com\/wp-content\/uploads\/2021\/08\/Cunext-Group_Memorias-Sostenibilidad.jpg","datePublished":"2024-12-16T09:36:07+00:00","dateModified":"2026-02-03T15:51:14+00:00","description":"CUNEXT GROUP se especializa en la transformaci\u00f3n de cobre y aluminio de la m\u00e1s alta calidad, siempre centrados en la innovaci\u00f3n continua y el desarrollo.","breadcrumb":{"@id":"https:\/\/cunext.com\/en\/sustainability\/incentives\/#breadcrumb"},"inLanguage":"en-US","potentialAction":[{"@type":"ReadAction","target":["https:\/\/cunext.com\/en\/sustainability\/incentives\/"]}]},{"@type":"ImageObject","inLanguage":"en-US","@id":"https:\/\/cunext.com\/en\/sustainability\/incentives\/#primaryimage","url":"https:\/\/cunext.com\/wp-content\/uploads\/2021\/08\/Cunext-Group_Memorias-Sostenibilidad.jpg","contentUrl":"https:\/\/cunext.com\/wp-content\/uploads\/2021\/08\/Cunext-Group_Memorias-Sostenibilidad.jpg","width":1920,"height":704},{"@type":"BreadcrumbList","@id":"https:\/\/cunext.com\/en\/sustainability\/incentives\/#breadcrumb","itemListElement":[{"@type":"ListItem","position":1,"name":"Portada","item":"https:\/\/cunext.com\/en\/"},{"@type":"ListItem","position":2,"name":"Sustainability","item":"https:\/\/cunext.com\/en\/sustainability\/"},{"@type":"ListItem","position":3,"name":"Incentives"}]},{"@type":"WebSite","@id":"https:\/\/cunext.com\/en\/#website","url":"https:\/\/cunext.com\/en\/","name":"Cunext","description":"Transformaci\u00f3n de cobre y aluminio","publisher":{"@id":"https:\/\/cunext.com\/en\/#organization"},"potentialAction":[{"@type":"SearchAction","target":{"@type":"EntryPoint","urlTemplate":"https:\/\/cunext.com\/en\/?s={search_term_string}"},"query-input":{"@type":"PropertyValueSpecification","valueRequired":true,"valueName":"search_term_string"}}],"inLanguage":"en-US"},{"@type":"Organization","@id":"https:\/\/cunext.com\/en\/#organization","name":"Cunext Group","url":"https:\/\/cunext.com\/en\/","logo":{"@type":"ImageObject","inLanguage":"en-US","@id":"https:\/\/cunext.com\/en\/#\/schema\/logo\/image\/","url":"https:\/\/cunext.com\/wp-content\/uploads\/2020\/04\/logo-cunext.png","contentUrl":"https:\/\/cunext.com\/wp-content\/uploads\/2020\/04\/logo-cunext.png","width":229,"height":57,"caption":"Cunext Group"},"image":{"@id":"https:\/\/cunext.com\/en\/#\/schema\/logo\/image\/"},"sameAs":["https:\/\/www.linkedin.com\/company\/cunext-copper-industries-sl\/"]}]}},"_links":{"self":[{"href":"https:\/\/cunext.com\/en\/wp-json\/wp\/v2\/pages\/5385","targetHints":{"allow":["GET"]}}],"collection":[{"href":"https:\/\/cunext.com\/en\/wp-json\/wp\/v2\/pages"}],"about":[{"href":"https:\/\/cunext.com\/en\/wp-json\/wp\/v2\/types\/page"}],"author":[{"embeddable":true,"href":"https:\/\/cunext.com\/en\/wp-json\/wp\/v2\/users\/12"}],"replies":[{"embeddable":true,"href":"https:\/\/cunext.com\/en\/wp-json\/wp\/v2\/comments?post=5385"}],"version-history":[{"count":20,"href":"https:\/\/cunext.com\/en\/wp-json\/wp\/v2\/pages\/5385\/revisions"}],"predecessor-version":[{"id":6132,"href":"https:\/\/cunext.com\/en\/wp-json\/wp\/v2\/pages\/5385\/revisions\/6132"}],"up":[{"embeddable":true,"href":"https:\/\/cunext.com\/en\/wp-json\/wp\/v2\/pages\/1284"}],"wp:featuredmedia":[{"embeddable":true,"href":"https:\/\/cunext.com\/en\/wp-json\/wp\/v2\/media\/3388"}],"wp:attachment":[{"href":"https:\/\/cunext.com\/en\/wp-json\/wp\/v2\/media?parent=5385"}],"curies":[{"name":"wp","href":"https:\/\/api.w.org\/{rel}","templated":true}]}}