{"id":1303,"date":"2020-04-03T13:24:07","date_gmt":"2020-04-03T12:24:07","guid":{"rendered":"https:\/\/www.cunext.com\/?page_id=1303"},"modified":"2023-06-16T10:55:04","modified_gmt":"2023-06-16T09:55:04","slug":"privacy-notice","status":"publish","type":"page","link":"https:\/\/cunext.com\/en\/privacy-notice\/","title":{"rendered":"Privacy Notice"},"content":{"rendered":"\r\n<p>Your privacy is important to Cunext Group, so we are committed to processing your personal data in an appropriate and responsible manner, observing at all times the principles of data protection and in full compliance with current legislation (EU Regulation 2016\/679 of the European Parliament and of the Council, of 27 April 2016, on the protection of natural persons with regard to the processing of personal data and the free movement of such data -GDPR- and Organic Law 3\/2018, of 5 December, on the Protection of Personal Data and guarantee of digital rights -LOPD\u2011).<\/p>\r\n<p>In this privacy notice we inform you in detail who is responsible for the processing of your personal data, for what and why it is used, for how long it is stored and whether it will be transferred or disclosed.<\/p>\r\n<p>In order for you to have full control over your personal data, we indicate to whom and how you can exercise your rights.<\/p>\r\n<h2>DATA CONTROLLER<\/h2>\r\n<p>The company belonging to the Cunext Group with which you have carried out any of the activities subject to processing defined in this privacy notice, whose detailed information is contained below, shall have the status of data controller<\/p>\r\n<p><a href=\"https:\/\/cunext.com\/wp-content\/uploads\/2023\/06\/Anexo-AVISO-DE-PRIVACIDAD_en-GB-1.pdf\">See detail<\/a><\/p>\r\n\r\n\r\n\r\n<h2 class=\"wp-block-heading\">PROCESSING ACTIVITIES<\/h2>\r\n<h2 style=\"font-family: 'Open Sans'; font-weight: bold; font-size: 43px; color: #37333c; line-height: 1.5;\">1.Commercial contacts<\/h2>\r\n<ul>\r\n<li><strong>Purpose<\/strong>Exchange of communications on the occasion of business activity maintained between different companies of the Cunext Group with their customers or suppliers.<\/li>\r\n<li><strong>Legal basis.\u00a0<\/strong>Legitimate interest (Article 6.1, paragraph f) of the GDPR and Article 19 of the LOPD).<\/li>\r\n<li><strong>Retention period.<\/strong>Limitation period for obligations relating to services arising from the commercial and\/or mercantile relations maintained.<\/li>\r\n<li><strong>Recipients<\/strong>No cession or communication is foreseen.<\/li>\r\n<\/ul>\r\n<h2 style=\"font-family: 'Open Sans'; font-weight: bold; font-size: 43px; color: #37333c; line-height: 1.5;\"><strong>2. Communications made through the Ethics Channel<\/strong><\/h2>\r\n<ul>\r\n<li><strong>Purpose<\/strong>Management, processing and investigation of communications sent through the Ethics Channel, as well as, where appropriate, the adoption of disciplinary measures or the processing of any legal proceedings arising therefrom.<\/li>\r\n<li><strong>Legal basis.\u00a0<\/strong>Necessity of the processing to comply with legal obligations applicable to the controller (Article 6.1 paragraph c) pertaining to the GDPR, in conjunction with the legal obligation to establish a whistle blowing channel pursuant to Article 10 of Law 2\/2023). In the case where the processing of special categories of special data is necessary, the basis of legitimacy is the necessity of the processing for reasons of essential public interest (Article 9.2 paragraph g) of the GDPR).<\/li>\r\n<li><strong>Retention period.\u00a0 <\/strong>The time required to decide on the appropriateness of initiating an investigation into the reported facts and, in any case, within three (3) months from the receipt of the communication without any investigation having been initiated. In the event of the initiation of investigative actions that may involve the exercise of legal action, the statute of limitations period established by law for the exercise of such action shall be the statute of limitations period established for the exercise of such action.<\/li>\r\n<li><strong>Recipients<\/strong>Where appropriate, they shall be communicated to the judicial authority, the Public Prosecutor&#8217;s Office or the competent administrative authority in the context of a criminal, disciplinary or sanctioning investigation.<\/li>\r\n<\/ul>\r\n<h2 style=\"font-family: 'Open Sans'; font-weight: bold; font-size: 43px; color: #37333c; line-height: 1.5;\"><strong>Control of access to facilities<\/strong><\/h2>\r\n<ul>\r\n<li><strong>Purpose<\/strong>To identify the people who access the facilities and to monitor them during their stay in them.<\/li>\r\n<li><strong>Legal basis.<\/strong>Legitimate interest (Article 6.1, paragraph f) of the GDPR).<\/li>\r\n<li><strong>Retention period.<\/strong>Limitation period for possible minor or serious offences that may be incurred.<\/li>\r\n<li><strong>Recipients<\/strong>Recipients are not foreseen, except in cases of possible security incidents, which would be communicated, if necessary, to the forces of law and order.<\/li>\r\n<\/ul>\r\n<h2 style=\"font-family: 'Open Sans'; font-weight: bold; font-size: 43px; color: #37333c; line-height: 1.5;\"><strong>4. Video Surveillance<\/strong><\/h2>\r\n<ul>\r\n<li><strong>Purpose<\/strong>Security of persons, goods and facilities.<\/li>\r\n<li><strong>Legal basis.\u00a0<\/strong>Public interest (Article 6.1, paragraph e) of the GDPR and Article 22 of the LOPD).<\/li>\r\n<li><strong>Retention period.<\/strong>One (1) month.<\/li>\r\n<li><strong>Recipients<\/strong>Recipients are not foreseen, except in cases of possible security incidents, which would be communicated, if necessary, to the forces of law and order.<\/li>\r\n<\/ul>\r\n<p>We do not make any automated decisions on the basis of the data provided, nor do we create any profiles with such data.<\/p>\r\n<h2>RIGHTS<\/h2>\r\n<p>Anyone has the right to obtain confirmation as to whether or not we are processing personal data that concerns them. Data subjects have the right to <strong>access<\/strong> their personal data, as well as the right to request the <strong>rectification<\/strong> of inaccurate data or, where appropriate, to request its <strong>erasure<\/strong> when, among other reasons, the data is no longer necessary for the purposes for which it was collected. In certain circumstances (in the case of requests for rectification, erasure, opposition and cancellation prior to erasure) data subjects have the right to <strong>limitation<\/strong> of its processing. Data subjects also have the right to <strong>portability<\/strong> of such data.<\/p>\r\n<p>&nbsp;<\/p>\r\n<p>In any case, data subjects can submit a claim to the Spanish Data Protection Agency (<a href=\"http:\/\/www.aepd.es\">www.aepd.es<\/a>).<\/p>\r\n<p>&nbsp;<\/p>\r\n<p>Data subjects may exercise their rights or submit their requests to our Data Protection Officer using the following e-mail address <a href=\"mailto:dpd@cunext.com\">dpd@cunext.com<\/a>.<\/p>\r\n","protected":false},"excerpt":{"rendered":"<p>Your privacy is important to Cunext Group, so we are committed to processing your personal data in an appropriate and responsible manner, observing at all&#8230;<\/p>\n","protected":false},"author":6,"featured_media":1865,"parent":0,"menu_order":0,"comment_status":"closed","ping_status":"closed","template":"","meta":{"_acf_changed":false,"footnotes":""},"class_list":["post-1303","page","type-page","status-publish","has-post-thumbnail","hentry"],"acf":[],"yoast_head":"<!-- This site is optimized with the Yoast SEO plugin v27.3 - https:\/\/yoast.com\/product\/yoast-seo-wordpress\/ -->\n<title>Privacy Notice - Cunext<\/title>\n<meta name=\"description\" content=\"CUNEXT GROUP se especializa en la transformaci\u00f3n de cobre y aluminio de la m\u00e1s alta calidad, siempre centrados en la innovaci\u00f3n continua y el desarrollo.\" \/>\n<meta name=\"robots\" content=\"index, follow, max-snippet:-1, max-image-preview:large, max-video-preview:-1\" \/>\n<link rel=\"canonical\" href=\"https:\/\/cunext.com\/en\/privacy-notice\/\" \/>\n<meta property=\"og:locale\" content=\"en_US\" \/>\n<meta property=\"og:type\" content=\"article\" \/>\n<meta property=\"og:title\" content=\"Privacy Notice - Cunext\" \/>\n<meta property=\"og:description\" content=\"CUNEXT GROUP se especializa en la transformaci\u00f3n de cobre y aluminio de la m\u00e1s alta calidad, siempre centrados en la innovaci\u00f3n continua y el desarrollo.\" \/>\n<meta property=\"og:url\" content=\"https:\/\/cunext.com\/en\/privacy-notice\/\" \/>\n<meta property=\"og:site_name\" content=\"Cunext\" \/>\n<meta property=\"article:modified_time\" content=\"2023-06-16T09:55:04+00:00\" \/>\n<meta property=\"og:image\" content=\"https:\/\/cunext.com\/wp-content\/uploads\/2020\/04\/cabecera_politica-privacidad-1.jpg\" \/>\n\t<meta property=\"og:image:width\" content=\"1600\" \/>\n\t<meta property=\"og:image:height\" content=\"378\" \/>\n\t<meta property=\"og:image:type\" content=\"image\/jpeg\" \/>\n<meta name=\"twitter:card\" content=\"summary_large_image\" \/>\n<meta name=\"twitter:label1\" content=\"Est. reading time\" \/>\n\t<meta name=\"twitter:data1\" content=\"4 minutes\" \/>\n<script type=\"application\/ld+json\" class=\"yoast-schema-graph\">{\"@context\":\"https:\\\/\\\/schema.org\",\"@graph\":[{\"@type\":\"WebPage\",\"@id\":\"https:\\\/\\\/cunext.com\\\/en\\\/privacy-notice\\\/\",\"url\":\"https:\\\/\\\/cunext.com\\\/en\\\/privacy-notice\\\/\",\"name\":\"Privacy Notice - Cunext\",\"isPartOf\":{\"@id\":\"https:\\\/\\\/cunext.com\\\/en\\\/#website\"},\"primaryImageOfPage\":{\"@id\":\"https:\\\/\\\/cunext.com\\\/en\\\/privacy-notice\\\/#primaryimage\"},\"image\":{\"@id\":\"https:\\\/\\\/cunext.com\\\/en\\\/privacy-notice\\\/#primaryimage\"},\"thumbnailUrl\":\"https:\\\/\\\/cunext.com\\\/wp-content\\\/uploads\\\/2020\\\/04\\\/cabecera_politica-privacidad-1.jpg\",\"datePublished\":\"2020-04-03T12:24:07+00:00\",\"dateModified\":\"2023-06-16T09:55:04+00:00\",\"description\":\"CUNEXT GROUP se especializa en la transformaci\u00f3n de cobre y aluminio de la m\u00e1s alta calidad, siempre centrados en la innovaci\u00f3n continua y el desarrollo.\",\"breadcrumb\":{\"@id\":\"https:\\\/\\\/cunext.com\\\/en\\\/privacy-notice\\\/#breadcrumb\"},\"inLanguage\":\"en-US\",\"potentialAction\":[{\"@type\":\"ReadAction\",\"target\":[\"https:\\\/\\\/cunext.com\\\/en\\\/privacy-notice\\\/\"]}]},{\"@type\":\"ImageObject\",\"inLanguage\":\"en-US\",\"@id\":\"https:\\\/\\\/cunext.com\\\/en\\\/privacy-notice\\\/#primaryimage\",\"url\":\"https:\\\/\\\/cunext.com\\\/wp-content\\\/uploads\\\/2020\\\/04\\\/cabecera_politica-privacidad-1.jpg\",\"contentUrl\":\"https:\\\/\\\/cunext.com\\\/wp-content\\\/uploads\\\/2020\\\/04\\\/cabecera_politica-privacidad-1.jpg\",\"width\":1600,\"height\":378,\"caption\":\"cable-cobre\"},{\"@type\":\"BreadcrumbList\",\"@id\":\"https:\\\/\\\/cunext.com\\\/en\\\/privacy-notice\\\/#breadcrumb\",\"itemListElement\":[{\"@type\":\"ListItem\",\"position\":1,\"name\":\"Portada\",\"item\":\"https:\\\/\\\/cunext.com\\\/en\\\/\"},{\"@type\":\"ListItem\",\"position\":2,\"name\":\"Privacy Notice\"}]},{\"@type\":\"WebSite\",\"@id\":\"https:\\\/\\\/cunext.com\\\/en\\\/#website\",\"url\":\"https:\\\/\\\/cunext.com\\\/en\\\/\",\"name\":\"Cunext\",\"description\":\"Transformaci\u00f3n de cobre y aluminio\",\"publisher\":{\"@id\":\"https:\\\/\\\/cunext.com\\\/en\\\/#organization\"},\"potentialAction\":[{\"@type\":\"SearchAction\",\"target\":{\"@type\":\"EntryPoint\",\"urlTemplate\":\"https:\\\/\\\/cunext.com\\\/en\\\/?s={search_term_string}\"},\"query-input\":{\"@type\":\"PropertyValueSpecification\",\"valueRequired\":true,\"valueName\":\"search_term_string\"}}],\"inLanguage\":\"en-US\"},{\"@type\":\"Organization\",\"@id\":\"https:\\\/\\\/cunext.com\\\/en\\\/#organization\",\"name\":\"Cunext Group\",\"url\":\"https:\\\/\\\/cunext.com\\\/en\\\/\",\"logo\":{\"@type\":\"ImageObject\",\"inLanguage\":\"en-US\",\"@id\":\"https:\\\/\\\/cunext.com\\\/en\\\/#\\\/schema\\\/logo\\\/image\\\/\",\"url\":\"https:\\\/\\\/cunext.com\\\/wp-content\\\/uploads\\\/2020\\\/04\\\/logo-cunext.png\",\"contentUrl\":\"https:\\\/\\\/cunext.com\\\/wp-content\\\/uploads\\\/2020\\\/04\\\/logo-cunext.png\",\"width\":229,\"height\":57,\"caption\":\"Cunext Group\"},\"image\":{\"@id\":\"https:\\\/\\\/cunext.com\\\/en\\\/#\\\/schema\\\/logo\\\/image\\\/\"},\"sameAs\":[\"https:\\\/\\\/www.linkedin.com\\\/company\\\/cunext-copper-industries-sl\\\/\"]}]}<\/script>\n<!-- \/ Yoast SEO plugin. -->","yoast_head_json":{"title":"Privacy Notice - Cunext","description":"CUNEXT GROUP se especializa en la transformaci\u00f3n de cobre y aluminio de la m\u00e1s alta calidad, siempre centrados en la innovaci\u00f3n continua y el desarrollo.","robots":{"index":"index","follow":"follow","max-snippet":"max-snippet:-1","max-image-preview":"max-image-preview:large","max-video-preview":"max-video-preview:-1"},"canonical":"https:\/\/cunext.com\/en\/privacy-notice\/","og_locale":"en_US","og_type":"article","og_title":"Privacy Notice - Cunext","og_description":"CUNEXT GROUP se especializa en la transformaci\u00f3n de cobre y aluminio de la m\u00e1s alta calidad, siempre centrados en la innovaci\u00f3n continua y el desarrollo.","og_url":"https:\/\/cunext.com\/en\/privacy-notice\/","og_site_name":"Cunext","article_modified_time":"2023-06-16T09:55:04+00:00","og_image":[{"width":1600,"height":378,"url":"https:\/\/cunext.com\/wp-content\/uploads\/2020\/04\/cabecera_politica-privacidad-1.jpg","type":"image\/jpeg"}],"twitter_card":"summary_large_image","twitter_misc":{"Est. reading time":"4 minutes"},"schema":{"@context":"https:\/\/schema.org","@graph":[{"@type":"WebPage","@id":"https:\/\/cunext.com\/en\/privacy-notice\/","url":"https:\/\/cunext.com\/en\/privacy-notice\/","name":"Privacy Notice - Cunext","isPartOf":{"@id":"https:\/\/cunext.com\/en\/#website"},"primaryImageOfPage":{"@id":"https:\/\/cunext.com\/en\/privacy-notice\/#primaryimage"},"image":{"@id":"https:\/\/cunext.com\/en\/privacy-notice\/#primaryimage"},"thumbnailUrl":"https:\/\/cunext.com\/wp-content\/uploads\/2020\/04\/cabecera_politica-privacidad-1.jpg","datePublished":"2020-04-03T12:24:07+00:00","dateModified":"2023-06-16T09:55:04+00:00","description":"CUNEXT GROUP se especializa en la transformaci\u00f3n de cobre y aluminio de la m\u00e1s alta calidad, siempre centrados en la innovaci\u00f3n continua y el desarrollo.","breadcrumb":{"@id":"https:\/\/cunext.com\/en\/privacy-notice\/#breadcrumb"},"inLanguage":"en-US","potentialAction":[{"@type":"ReadAction","target":["https:\/\/cunext.com\/en\/privacy-notice\/"]}]},{"@type":"ImageObject","inLanguage":"en-US","@id":"https:\/\/cunext.com\/en\/privacy-notice\/#primaryimage","url":"https:\/\/cunext.com\/wp-content\/uploads\/2020\/04\/cabecera_politica-privacidad-1.jpg","contentUrl":"https:\/\/cunext.com\/wp-content\/uploads\/2020\/04\/cabecera_politica-privacidad-1.jpg","width":1600,"height":378,"caption":"cable-cobre"},{"@type":"BreadcrumbList","@id":"https:\/\/cunext.com\/en\/privacy-notice\/#breadcrumb","itemListElement":[{"@type":"ListItem","position":1,"name":"Portada","item":"https:\/\/cunext.com\/en\/"},{"@type":"ListItem","position":2,"name":"Privacy Notice"}]},{"@type":"WebSite","@id":"https:\/\/cunext.com\/en\/#website","url":"https:\/\/cunext.com\/en\/","name":"Cunext","description":"Transformaci\u00f3n de cobre y aluminio","publisher":{"@id":"https:\/\/cunext.com\/en\/#organization"},"potentialAction":[{"@type":"SearchAction","target":{"@type":"EntryPoint","urlTemplate":"https:\/\/cunext.com\/en\/?s={search_term_string}"},"query-input":{"@type":"PropertyValueSpecification","valueRequired":true,"valueName":"search_term_string"}}],"inLanguage":"en-US"},{"@type":"Organization","@id":"https:\/\/cunext.com\/en\/#organization","name":"Cunext Group","url":"https:\/\/cunext.com\/en\/","logo":{"@type":"ImageObject","inLanguage":"en-US","@id":"https:\/\/cunext.com\/en\/#\/schema\/logo\/image\/","url":"https:\/\/cunext.com\/wp-content\/uploads\/2020\/04\/logo-cunext.png","contentUrl":"https:\/\/cunext.com\/wp-content\/uploads\/2020\/04\/logo-cunext.png","width":229,"height":57,"caption":"Cunext Group"},"image":{"@id":"https:\/\/cunext.com\/en\/#\/schema\/logo\/image\/"},"sameAs":["https:\/\/www.linkedin.com\/company\/cunext-copper-industries-sl\/"]}]}},"_links":{"self":[{"href":"https:\/\/cunext.com\/en\/wp-json\/wp\/v2\/pages\/1303","targetHints":{"allow":["GET"]}}],"collection":[{"href":"https:\/\/cunext.com\/en\/wp-json\/wp\/v2\/pages"}],"about":[{"href":"https:\/\/cunext.com\/en\/wp-json\/wp\/v2\/types\/page"}],"author":[{"embeddable":true,"href":"https:\/\/cunext.com\/en\/wp-json\/wp\/v2\/users\/6"}],"replies":[{"embeddable":true,"href":"https:\/\/cunext.com\/en\/wp-json\/wp\/v2\/comments?post=1303"}],"version-history":[{"count":13,"href":"https:\/\/cunext.com\/en\/wp-json\/wp\/v2\/pages\/1303\/revisions"}],"predecessor-version":[{"id":4158,"href":"https:\/\/cunext.com\/en\/wp-json\/wp\/v2\/pages\/1303\/revisions\/4158"}],"wp:featuredmedia":[{"embeddable":true,"href":"https:\/\/cunext.com\/en\/wp-json\/wp\/v2\/media\/1865"}],"wp:attachment":[{"href":"https:\/\/cunext.com\/en\/wp-json\/wp\/v2\/media?parent=1303"}],"curies":[{"name":"wp","href":"https:\/\/api.w.org\/{rel}","templated":true}]}}