{"id":1297,"date":"2020-04-03T12:13:21","date_gmt":"2020-04-03T11:13:21","guid":{"rendered":"https:\/\/www.cunext.com\/?page_id=1297"},"modified":"2020-04-20T14:17:33","modified_gmt":"2020-04-20T13:17:33","slug":"catalogue","status":"publish","type":"page","link":"https:\/\/cunext.com\/en\/catalogue\/","title":{"rendered":"Catalogue"},"content":{"rendered":"\n<h2 class=\"wp-block-heading\"><strong>Complete catalogue of Cunext Group products<\/strong><\/h2>\n\n\n\n<hr class=\"wp-block-separator has-text-color has-background is-style-default\" style=\"background-color:#a15d42;color:#a15d42\"\/>\n\n\n\n<div style=\"height:25px\" aria-hidden=\"true\" class=\"wp-block-spacer\"><\/div>\n\n\n\n<p>Get to know our products in detail, each and every one of their properties and variants through our catalogue.<\/p>\n\n\n\n<div style=\"height:35px\" aria-hidden=\"true\" class=\"wp-block-spacer\"><\/div>\n\n\n\n\t\t\t<form id=\"formCatalogo\">\n\t\t\t\t<div class=\"un_tercio primero\">\n\t\t\t\t\t<input type=\"text\" class=\"requerido\" name=\"nombre\" id=\"nombre\" placeholder=\"Name *\" value=\"\" required \/>\n\t\t\t\t<\/div>\n\t\t\t\t<div class=\"un_tercio\">\n\t\t\t\t\t<input type=\"text\" name=\"empresa\" id=\"empresa\" placeholder=\"Company\" value=\"\" required \/>\n\t\t\t\t<\/div>\n\t\t\t\t<div class=\"un_tercio ultimo\">\n\t\t\t\t\t<input type=\"text\" class=\"requerido\" name=\"email\" id=\"email\" placeholder=\"E-mail *\" value=\"\" required \/>\n\t\t\t\t<\/div>\n\t\t\t\t<div style=\"clear: both;\"><\/div>\n\t\t\t\t<p class=\"aviso-legal-catalogo\"><input type=\"checkbox\" name=\"aviso-legal\" id=\"aviso-legal\"\/> <label for=\"aviso-legal\">I confirm that I have read and accept the Cunext <a href=\"https:\/\/cunext.com\/en\/disclaimer\" target=\"_blank\" rel=\"nofollow\">Disclaimer<\/a> and <a href=\"https:\/\/cunext.com\/en\/\/aviso-de-privacidad\">Privacy policy<\/a>  .<\/label><\/p>\n\t\t\t\t<p class=\"solicitud-comercial-catalogo\"><input type=\"checkbox\" name=\"solicitud-comercial\" id=\"solicitud-comercial\"\/> <label for=\"solicitud-comercial\">I request sales information.<\/label><\/p>\n\t\t\t\t<!-- <p id=\"p-captcha\"><span id=\"captcha\"><\/span><input class=\"requerido\" type=\"text\" name=\"input-captcha\" id=\"input-captcha\"\/><\/p> -->\n\t\n\t\t\t\t<div style=\"clear:both\"><\/div>\n\t\n\t\t\t\t<!-- <p class=\"enviar-catalogo\"><input type=\"button\" name=\"enviar\" id=\"enviar\" value=\"Download\" \/><\/p>\n<button id=\"enviar\" class=\"g-recaptcha\" data-sitekey=\"6LcKD9QqAAAAAHF3ZolI86-dwcCmTdM5Ca2dYnlL\"\tdata-callback=\"onSubmitCatalogo\">Descargar<\/button>-->\n\n\n<script src=\"https:\/\/www.google.com\/recaptcha\/api.js?render=6LcKD9QqAAAAAHF3ZolI86-dwcCmTdM5Ca2dYnlL\"><\/script>\n\n<form id=\"comprobacion-captcha-catalogo\" action=\"?\" method=\"POST\">\n    <input type=\"hidden\" name=\"recaptcha_token\" id=\"recaptcha_token_catalogo\">\n    <button id=\"enviar\" value=\"Submit\" type=\"submit\">-Download-<\/button>\n<\/form>\n\n<script>\ngrecaptcha.ready(function () {\n    document.getElementById('comprobacion-captcha-catalogo').addEventListener('submit', function (e) {\n        e.preventDefault();\n        grecaptcha.execute('6LcKD9QqAAAAAHF3ZolI86-dwcCmTdM5Ca2dYnlL', { action: 'catalogo' }).then(function (token) {\n            document.getElementById('recaptcha_token_catalogo').value = token;\n            e.target.submit();\n        });\n    });\n});\n<\/script>\n\t\t\t\t<!--<form id=\"comprobacion-captcha-catalogo\" action=\"?\" method=\"POST\">\n\t\t\t\t\t<div class=\"g-recaptcha\" data-sitekey=\"6LcKD9QqAAAAAHF3ZolI86-dwcCmTdM5Ca2dYnlL\"><\/div>\n\t\t\t\t\t<button id=\"enviar\" value=\"Submit\" type=\"submit\">-Download-<\/button>\n\t\t\t\t<\/form>-->\n\n\t\n\t\t\t\t<div style=\"clear: both;\"><\/div>\n\t\n\t\t\t\t<p id=\"msj\"><\/p>\n\t\t\t<\/form>\n\t\t\t<script>\n\t\t\t\tfunction onSubmitCatalogo(token) {\n\t\t\t\t\tenviar();\n\t\t\t\t}\n\n\t\t\t\tfunction validar(){\n\t\t\t\t\tlimpiarMensajes(); \n\t\t\t\t\tif(!obligatorios()){ $('#msj').html('You must fill in the required fields.');\t$('#msj').addClass('errores');\t }\n\t\t\t\t\tif(!($('#aviso-legal').is(':checked'))){\n\t\t\t\t\t\tif($('#msj').html()==''){\n\t\t\t\t\t\t\t$('#msj').html('You must accept the Legal Notice and the Privacy policy.');\n\t\t\t\t\t\t\t$('#msj').addClass('errores');\n\t\t\t\t\t\t} else {\n\t\t\t\t\t\t\t$('#msj').html($('#msj').html()+'<br\/>You must accept the Legal Notice and the Privacy policy.');\n\t\t\t\t\t\t}\n\t\t\t\t\t}\n\t\n\t\t\t\t\t\t\t\t\t\tif($.trim($('#email').val()) != ''){\n\t\t\t\t\t\tif(!isValidEmailAddress($.trim($('#email').val()))){\n\t\t\t\t\t\t\tif($('#msj').html()!='')    $('#msj').html($('#msj').html()+'<br \/>');\n\t\t\t\t\t\t\t$('#msj').html($('#msj').html()+'The email entered is not valid.');\n\t\t\t\t\t\t\t$('#email').addClass('errores');\n\t\t\t\t\t\t}\n\t\t\t\t\t}\n\t\n\t\t\t\t\tif($('#msj').html()=='')\tenviar();\n\t\t\t\t\telse\t$('#msj').addClass('errores');\n\t\t\t\t}\n\t\t\t\t\n\t\t\t\tfunction obligatorios(){\n\t\t\t\t\tvar ok = true;\n\t\t\t\t\t$('#formCatalogo .requerido').each(function(){\n\t\t\t\t\t\tif($.trim($(this).val())==''){\n\t\t\t\t\t\t\t$(this).addClass('errores');\n\t\t\t\t\t\t\tok = false;\n\t\t\t\t\t\t}\n\t\t\t\t\t});\n\t\t\t\t\treturn ok;\n\t\t\t\t}\n\t\t\t\t\n\t\t\t\tfunction limpiarMensajes(){\n\t\t\t\t\t$('#formCatalogo input[type=text]').each(function(){ $(this).removeClass('errores');  });\n\t\t\t\t\t$('#msj').html(''); $('#msj').removeClass('errores'); $('#msj').removeClass('correcto'); \n\t\t\t\t}\n\t\t\t\t\n\t\t\t\tfunction limpiarDatos(){\n\t\t\t\t\t$('#formCatalogo input[type=text]').each(function(){ $(this).val(''); });\n\t\t\t\t\t\/\/$('#formCatalogo textarea').each(function(){ $(this).val(''); });\n\t\t\t\t\t$('#formCatalogo #aviso-legal').click();\n\t\t\t\t\tif(($('#formCatalogo #solicitud-comercial').is(':checked'))){\n\t\t\t\t\t\t$('#formCatalogo #solicitud-comercial').click();\n\t\t\t\t\t}\n\t\t\t\t}\n\t\t\t\t\n\t\t\t\tfunction limpiar(){\n\t\t\t\t\tlimpiarMensajes(); limpiarDatos();\n\t\t\t\t}\n\n\t\t\t\tfunction triggerDownload(url, filename) {\n\t\t\t\t\tconst a = document.createElement('a');\n\t\t\t\t\ta.href = url;\n\t\t\t\t\ta.download = filename;\n\t\t\t\t\ta.style.display = 'none';\n\t\t\t\t\tdocument.getElementsByTagName('body')[0].appendChild(a);\n\t\t\t\t\ta.click();\n\t\t\t\t\tdocument.getElementsByTagName('body')[0].removeChild(a);\n\t\t\t\t}\n\t\t\t\t\n\t\t\t\tfunction enviar(){\n\n\t\t\t\t\t\/\/ var url = '\/images\/catalogo_cunext.pdf';\n\t\t\t\t\t\/\/ var elemento = '<a id=\"link-catalogo-descarga-pdf\" download>';\n\t\t\t\t\t\/\/ document.body.appendChild(elemento);\n\t\t\t\t\t\/\/ $('#link-catalogo-descarga-pdf').attr('href', url);\n\t\t\t\t\t\/\/ Obtener la respuesta del reCAPTCHA\n\t\t\t\t\t\t\/\/var captchaResponse = grecaptcha.getResponse();\n\n\t\t\t\t\t\t\/\/ Verificar si se ha seleccionado el CAPTCHA\n\t\t\t\t\t\t\/*if (captchaResponse == \"\") {\n\t\t\t\t\t\t\talert(\"Por favor, complete el CAPTCHA.\");\n\t\t\t\t\t\t\treturn false; \/\/ Evitar el env\u00edo del formulario\n\t\t\t\t\t\t}*\/\n\t\t\t\t\t$('#msj').html('<span class=\"fa fa-spin fa-spinner\"><\/span>');\t\n\t\n\t\t\t\t\t\/*$.post('\/codigo\/includes\/ajax\/enviar-conacto.php', { to: \"\", nombre: $('#nombre').val(), empresa: $('#empresa').val(), email: $('#email').val(), asunto: $('#asunto').val(), $('#departamento option:selected').text(), mensaje: $('#mensaje').val()}, function(data) { \n\t\t\t\t\t\tif(data=='ok'){\n\t\t\t\t\t\t\t$('#msj').html('.');\n\t\t\t\t\t\t\t$('#msj').addClass('correcto');\n\t\t\t\t\t\t\tlimpiar();\n\t\t\t\t\t\t\twindow.location.href = \"\/gracias\";\n\t\t\t\t\t\t}else{\n\t\t\t\t\t\t\t$('#msj').html('.<br \/>.');\n\t\t\t\t\t\t\t$('#msj').addClass('errores');\n\t\t\t\t\t\t} \n\t\t\t\t\t});\t*\/\n\t\t\t\t\t\n\t\t\t\tvar formulario = $(\"#formCatalogo\")[0];\n\t\t\t\t\t\/\/Extraemos todos los campos del formulario\n\t\t\t\t\tvar datos_formulario = new FormData(formulario);\n\n\t\t\t\t\tdatos_formulario.append( 'to', \"pilar_marin@cunext.com, infocunext@cunext.com\");\n\t\t\t\t\tif(($('#formCatalogo #solicitud-comercial').is(':checked'))){\n\t\t\t\t\t\tdatos_formulario.append( 'solicitud-comercial', \"El cliente acepta recibir informaci\u00f3n comercial\");\n\t\t\t\t\t}\n\n\t\t\t\t\t$.ajax({\n\t\t\t\t\t\ttype: 'POST',\n\t\t\t\t\t\turl: 'https:\/\/cunext.com\/wp-content\/themes\/base\/codigo\/includes\/ajax\/enviar-catalogo.php',\n\t\t\t\t\t\tdata: datos_formulario,\n\t\t\t\t\t\tcontentType: false,\n\t\t\t\t\t\tprocessData: false\n\t\t\t\t\t}).always(function(data){\n\t\t\t\t\t\tif(data=='ok'){\n\t\t\t\t\t\t\t$('#msj').html('Message successfully delivered.');\n\t\t\t\t\t\t\t$('#msj').addClass('correcto');\n\t\t\t\t\t\t\tsetTimeout(triggerDownload('https:\/\/cunext.com\/wp-content\/themes\/base\/images\/Catalogo_General_Cunext_2023.pdf', 'Catalogo_General_Cunext_2023.pdf'), 1000);\n\t\t\t\t\t\t\tsetTimeout('limpiar()',5000);\n\t\t\t\t\t\t}else{\n\t\t\t\t\t\t\t$('#msj').html(data);\n\t\t\t\t\t\t\t$('#msj').addClass('errores');\n\t\t\t\t\t\t}\n\t\t\t\t\t});\t\t\n\t\t\t\t\t\t\t\t\n\t\t\t\t}\n\t\n\t\t\t\tfunction isValidEmailAddress(emailAddress) {\n\t\t\t\t\tvar pattern = new RegExp(\/^((\"[\\w-\\s]+\")|([\\w-]+(?:\\.[\\w-]+)*)|(\"[\\w-\\s]+\")([\\w-]+(?:\\.[\\w-]+)*))(@((?:[\\w-]+\\.)*\\w[\\w-]{0,66})\\.([a-z]{2,6}(?:\\.[a-z]{2})?)$)|(@\\[?((25[0-5]\\.|2[0-4][0-9]\\.|1[0-9]{2}\\.|[0-9]{1,2}\\.))((25[0-5]|2[0-4][0-9]|1[0-9]{2}|[0-9]{1,2})\\.){2}(25[0-5]|2[0-4][0-9]|1[0-9]{2}|[0-9]{1,2})\\]?$)\/i);\n\t\t\t\t\treturn pattern.test(emailAddress);\n\t\t\t\t}\n\t\t\t\t\n\t\t\t\t$(document).ready(function(){\n\t\t\t\t\t\t\t\t\t\t$('#enviar').click(function(){ validar(); });\n\n\t\t\t\t\t$('#comprobacion-captcha-catalogo').submit(function(e){\n\t\t\t\t\t\te.preventDefault();\n\t\t\t\t\t\t\/\/grecaptcha.execute();\n\t\t\t\t\t});\n\t\t\t\t\t\n\t\t\t\t\t$('input[type=text], textarea').focus(function(){ $(this).removeClass('errores'); });\n\t\t\t\t});\n\t\t\t<\/script>\n\t\t\t\n","protected":false},"excerpt":{"rendered":"<p>Complete catalogue of Cunext Group products Get to know our products in detail, each and every one of their properties and variants through our catalogue.<\/p>\n","protected":false},"author":6,"featured_media":1802,"parent":0,"menu_order":0,"comment_status":"closed","ping_status":"closed","template":"","meta":{"_acf_changed":false,"footnotes":""},"class_list":["post-1297","page","type-page","status-publish","has-post-thumbnail","hentry"],"acf":[],"yoast_head":"<!-- This site is optimized with the Yoast SEO plugin v27.4 - https:\/\/yoast.com\/product\/yoast-seo-wordpress\/ -->\n<title>Catalogue - Cunext<\/title>\n<meta name=\"description\" content=\"CUNEXT GROUP se especializa en la transformaci\u00f3n de cobre y aluminio de la m\u00e1s alta calidad, siempre centrados en la innovaci\u00f3n continua y el desarrollo.\" \/>\n<meta name=\"robots\" content=\"index, follow, max-snippet:-1, max-image-preview:large, max-video-preview:-1\" \/>\n<link rel=\"canonical\" href=\"https:\/\/cunext.com\/en\/catalogue\/\" \/>\n<meta property=\"og:locale\" content=\"en_US\" \/>\n<meta property=\"og:type\" content=\"article\" \/>\n<meta property=\"og:title\" content=\"Catalogue - Cunext\" \/>\n<meta property=\"og:description\" content=\"CUNEXT GROUP se especializa en la transformaci\u00f3n de cobre y aluminio de la m\u00e1s alta calidad, siempre centrados en la innovaci\u00f3n continua y el desarrollo.\" \/>\n<meta property=\"og:url\" content=\"https:\/\/cunext.com\/en\/catalogue\/\" \/>\n<meta property=\"og:site_name\" content=\"Cunext\" \/>\n<meta property=\"article:modified_time\" content=\"2020-04-20T13:17:33+00:00\" \/>\n<meta property=\"og:image\" content=\"https:\/\/cunext.com\/wp-content\/uploads\/2020\/04\/cabecera-catalogo.jpg\" \/>\n\t<meta property=\"og:image:width\" content=\"1600\" \/>\n\t<meta property=\"og:image:height\" content=\"378\" \/>\n\t<meta property=\"og:image:type\" content=\"image\/jpeg\" \/>\n<meta name=\"twitter:card\" content=\"summary_large_image\" \/>\n<script type=\"application\/ld+json\" class=\"yoast-schema-graph\">{\"@context\":\"https:\\\/\\\/schema.org\",\"@graph\":[{\"@type\":\"WebPage\",\"@id\":\"https:\\\/\\\/cunext.com\\\/en\\\/catalogue\\\/\",\"url\":\"https:\\\/\\\/cunext.com\\\/en\\\/catalogue\\\/\",\"name\":\"Catalogue - Cunext\",\"isPartOf\":{\"@id\":\"https:\\\/\\\/cunext.com\\\/en\\\/#website\"},\"primaryImageOfPage\":{\"@id\":\"https:\\\/\\\/cunext.com\\\/en\\\/catalogue\\\/#primaryimage\"},\"image\":{\"@id\":\"https:\\\/\\\/cunext.com\\\/en\\\/catalogue\\\/#primaryimage\"},\"thumbnailUrl\":\"https:\\\/\\\/cunext.com\\\/wp-content\\\/uploads\\\/2020\\\/04\\\/cabecera-catalogo.jpg\",\"datePublished\":\"2020-04-03T11:13:21+00:00\",\"dateModified\":\"2020-04-20T13:17:33+00:00\",\"description\":\"CUNEXT GROUP se especializa en la transformaci\u00f3n de cobre y aluminio de la m\u00e1s alta calidad, siempre centrados en la innovaci\u00f3n continua y el desarrollo.\",\"breadcrumb\":{\"@id\":\"https:\\\/\\\/cunext.com\\\/en\\\/catalogue\\\/#breadcrumb\"},\"inLanguage\":\"en-US\",\"potentialAction\":[{\"@type\":\"ReadAction\",\"target\":[\"https:\\\/\\\/cunext.com\\\/en\\\/catalogue\\\/\"]}]},{\"@type\":\"ImageObject\",\"inLanguage\":\"en-US\",\"@id\":\"https:\\\/\\\/cunext.com\\\/en\\\/catalogue\\\/#primaryimage\",\"url\":\"https:\\\/\\\/cunext.com\\\/wp-content\\\/uploads\\\/2020\\\/04\\\/cabecera-catalogo.jpg\",\"contentUrl\":\"https:\\\/\\\/cunext.com\\\/wp-content\\\/uploads\\\/2020\\\/04\\\/cabecera-catalogo.jpg\",\"width\":1600,\"height\":378,\"caption\":\"cable-cobre\"},{\"@type\":\"BreadcrumbList\",\"@id\":\"https:\\\/\\\/cunext.com\\\/en\\\/catalogue\\\/#breadcrumb\",\"itemListElement\":[{\"@type\":\"ListItem\",\"position\":1,\"name\":\"Portada\",\"item\":\"https:\\\/\\\/cunext.com\\\/en\\\/\"},{\"@type\":\"ListItem\",\"position\":2,\"name\":\"Catalogue\"}]},{\"@type\":\"WebSite\",\"@id\":\"https:\\\/\\\/cunext.com\\\/en\\\/#website\",\"url\":\"https:\\\/\\\/cunext.com\\\/en\\\/\",\"name\":\"Cunext\",\"description\":\"Transformaci\u00f3n de cobre y aluminio\",\"publisher\":{\"@id\":\"https:\\\/\\\/cunext.com\\\/en\\\/#organization\"},\"potentialAction\":[{\"@type\":\"SearchAction\",\"target\":{\"@type\":\"EntryPoint\",\"urlTemplate\":\"https:\\\/\\\/cunext.com\\\/en\\\/?s={search_term_string}\"},\"query-input\":{\"@type\":\"PropertyValueSpecification\",\"valueRequired\":true,\"valueName\":\"search_term_string\"}}],\"inLanguage\":\"en-US\"},{\"@type\":\"Organization\",\"@id\":\"https:\\\/\\\/cunext.com\\\/en\\\/#organization\",\"name\":\"Cunext Group\",\"url\":\"https:\\\/\\\/cunext.com\\\/en\\\/\",\"logo\":{\"@type\":\"ImageObject\",\"inLanguage\":\"en-US\",\"@id\":\"https:\\\/\\\/cunext.com\\\/en\\\/#\\\/schema\\\/logo\\\/image\\\/\",\"url\":\"https:\\\/\\\/cunext.com\\\/wp-content\\\/uploads\\\/2020\\\/04\\\/logo-cunext.png\",\"contentUrl\":\"https:\\\/\\\/cunext.com\\\/wp-content\\\/uploads\\\/2020\\\/04\\\/logo-cunext.png\",\"width\":229,\"height\":57,\"caption\":\"Cunext Group\"},\"image\":{\"@id\":\"https:\\\/\\\/cunext.com\\\/en\\\/#\\\/schema\\\/logo\\\/image\\\/\"},\"sameAs\":[\"https:\\\/\\\/www.linkedin.com\\\/company\\\/cunext-copper-industries-sl\\\/\"]}]}<\/script>\n<!-- \/ Yoast SEO plugin. -->","yoast_head_json":{"title":"Catalogue - Cunext","description":"CUNEXT GROUP se especializa en la transformaci\u00f3n de cobre y aluminio de la m\u00e1s alta calidad, siempre centrados en la innovaci\u00f3n continua y el desarrollo.","robots":{"index":"index","follow":"follow","max-snippet":"max-snippet:-1","max-image-preview":"max-image-preview:large","max-video-preview":"max-video-preview:-1"},"canonical":"https:\/\/cunext.com\/en\/catalogue\/","og_locale":"en_US","og_type":"article","og_title":"Catalogue - Cunext","og_description":"CUNEXT GROUP se especializa en la transformaci\u00f3n de cobre y aluminio de la m\u00e1s alta calidad, siempre centrados en la innovaci\u00f3n continua y el desarrollo.","og_url":"https:\/\/cunext.com\/en\/catalogue\/","og_site_name":"Cunext","article_modified_time":"2020-04-20T13:17:33+00:00","og_image":[{"width":1600,"height":378,"url":"https:\/\/cunext.com\/wp-content\/uploads\/2020\/04\/cabecera-catalogo.jpg","type":"image\/jpeg"}],"twitter_card":"summary_large_image","schema":{"@context":"https:\/\/schema.org","@graph":[{"@type":"WebPage","@id":"https:\/\/cunext.com\/en\/catalogue\/","url":"https:\/\/cunext.com\/en\/catalogue\/","name":"Catalogue - Cunext","isPartOf":{"@id":"https:\/\/cunext.com\/en\/#website"},"primaryImageOfPage":{"@id":"https:\/\/cunext.com\/en\/catalogue\/#primaryimage"},"image":{"@id":"https:\/\/cunext.com\/en\/catalogue\/#primaryimage"},"thumbnailUrl":"https:\/\/cunext.com\/wp-content\/uploads\/2020\/04\/cabecera-catalogo.jpg","datePublished":"2020-04-03T11:13:21+00:00","dateModified":"2020-04-20T13:17:33+00:00","description":"CUNEXT GROUP se especializa en la transformaci\u00f3n de cobre y aluminio de la m\u00e1s alta calidad, siempre centrados en la innovaci\u00f3n continua y el desarrollo.","breadcrumb":{"@id":"https:\/\/cunext.com\/en\/catalogue\/#breadcrumb"},"inLanguage":"en-US","potentialAction":[{"@type":"ReadAction","target":["https:\/\/cunext.com\/en\/catalogue\/"]}]},{"@type":"ImageObject","inLanguage":"en-US","@id":"https:\/\/cunext.com\/en\/catalogue\/#primaryimage","url":"https:\/\/cunext.com\/wp-content\/uploads\/2020\/04\/cabecera-catalogo.jpg","contentUrl":"https:\/\/cunext.com\/wp-content\/uploads\/2020\/04\/cabecera-catalogo.jpg","width":1600,"height":378,"caption":"cable-cobre"},{"@type":"BreadcrumbList","@id":"https:\/\/cunext.com\/en\/catalogue\/#breadcrumb","itemListElement":[{"@type":"ListItem","position":1,"name":"Portada","item":"https:\/\/cunext.com\/en\/"},{"@type":"ListItem","position":2,"name":"Catalogue"}]},{"@type":"WebSite","@id":"https:\/\/cunext.com\/en\/#website","url":"https:\/\/cunext.com\/en\/","name":"Cunext","description":"Transformaci\u00f3n de cobre y aluminio","publisher":{"@id":"https:\/\/cunext.com\/en\/#organization"},"potentialAction":[{"@type":"SearchAction","target":{"@type":"EntryPoint","urlTemplate":"https:\/\/cunext.com\/en\/?s={search_term_string}"},"query-input":{"@type":"PropertyValueSpecification","valueRequired":true,"valueName":"search_term_string"}}],"inLanguage":"en-US"},{"@type":"Organization","@id":"https:\/\/cunext.com\/en\/#organization","name":"Cunext Group","url":"https:\/\/cunext.com\/en\/","logo":{"@type":"ImageObject","inLanguage":"en-US","@id":"https:\/\/cunext.com\/en\/#\/schema\/logo\/image\/","url":"https:\/\/cunext.com\/wp-content\/uploads\/2020\/04\/logo-cunext.png","contentUrl":"https:\/\/cunext.com\/wp-content\/uploads\/2020\/04\/logo-cunext.png","width":229,"height":57,"caption":"Cunext Group"},"image":{"@id":"https:\/\/cunext.com\/en\/#\/schema\/logo\/image\/"},"sameAs":["https:\/\/www.linkedin.com\/company\/cunext-copper-industries-sl\/"]}]}},"_links":{"self":[{"href":"https:\/\/cunext.com\/en\/wp-json\/wp\/v2\/pages\/1297","targetHints":{"allow":["GET"]}}],"collection":[{"href":"https:\/\/cunext.com\/en\/wp-json\/wp\/v2\/pages"}],"about":[{"href":"https:\/\/cunext.com\/en\/wp-json\/wp\/v2\/types\/page"}],"author":[{"embeddable":true,"href":"https:\/\/cunext.com\/en\/wp-json\/wp\/v2\/users\/6"}],"replies":[{"embeddable":true,"href":"https:\/\/cunext.com\/en\/wp-json\/wp\/v2\/comments?post=1297"}],"version-history":[{"count":1,"href":"https:\/\/cunext.com\/en\/wp-json\/wp\/v2\/pages\/1297\/revisions"}],"predecessor-version":[{"id":1298,"href":"https:\/\/cunext.com\/en\/wp-json\/wp\/v2\/pages\/1297\/revisions\/1298"}],"wp:featuredmedia":[{"embeddable":true,"href":"https:\/\/cunext.com\/en\/wp-json\/wp\/v2\/media\/1802"}],"wp:attachment":[{"href":"https:\/\/cunext.com\/en\/wp-json\/wp\/v2\/media?parent=1297"}],"curies":[{"name":"wp","href":"https:\/\/api.w.org\/{rel}","templated":true}]}}