{"id":1289,"date":"2020-04-03T12:00:59","date_gmt":"2020-04-03T11:00:59","guid":{"rendered":"https:\/\/www.cunext.com\/?page_id=1289"},"modified":"2023-06-09T08:00:02","modified_gmt":"2023-06-09T07:00:02","slug":"code-of-ethics-and-conduct","status":"publish","type":"page","link":"https:\/\/cunext.com\/en\/sustainability\/code-of-ethics-and-conduct\/","title":{"rendered":"Code of Ethics and Conduct"},"content":{"rendered":"\r\n<h2 class=\"wp-block-heading\"><strong>Cunext Group\u00b4s corporate values<\/strong><\/h2>\r\n\r\n\r\n\r\n<hr class=\"wp-block-separator has-text-color has-background is-style-default\" style=\"background-color:#a15d42;color:#a15d42\"\/>\r\n\r\n\r\n\r\n<div style=\"height:20px\" aria-hidden=\"true\" class=\"wp-block-spacer\"><\/div>\r\n\r\n\r\n\r\n<p>The CUNEXT Code of Conduct is a document designed to govern the activity and working relationships of employees, managers and directors with clients, colleagues, competitors, administrative bodies and the media, in addition to other persons or institutions with which CUNEXT GROUP interacts.<\/p>\r\n\r\n\r\n\r\n<p>We are of the opinion that honesty, integrity and good judgment is essential to the reputation and success of our organisation.<\/p>\r\n\r\n\r\n\r\n<div style=\"height:55px\" aria-hidden=\"true\" class=\"wp-block-spacer\"><\/div>\r\n\r\n\r\n\r\n<div class=\"wp-block-button aligncenter\"><a class=\"wp-block-button__link has-background no-border-radius\" href=\"https:\/\/cunext.com\/wp-content\/uploads\/2023\/06\/2022.12.05-Cunext-Group-Code-of-Ethics-and-Conduct_en-GB.pdf\" style=\"background-color:#a15d42\" target=\"_blank\" rel=\"noopener noreferrer\"> Download the Code of Ethics <\/a><\/div>\r\n","protected":false},"excerpt":{"rendered":"<p>Cunext Group\u00b4s corporate values The CUNEXT Code of Conduct is a document designed to govern the activity and working relationships of employees, managers and directors&#8230;<\/p>\n","protected":false},"author":6,"featured_media":1881,"parent":1284,"menu_order":0,"comment_status":"closed","ping_status":"closed","template":"","meta":{"_acf_changed":false,"footnotes":""},"class_list":["post-1289","page","type-page","status-publish","has-post-thumbnail","hentry"],"acf":[],"yoast_head":"<!-- This site is optimized with the Yoast SEO plugin v27.3 - https:\/\/yoast.com\/product\/yoast-seo-wordpress\/ -->\n<title>Code of Ethics and Conduct - Cunext<\/title>\n<meta name=\"description\" content=\"CUNEXT GROUP se especializa en la transformaci\u00f3n de cobre y aluminio de la m\u00e1s alta calidad, siempre centrados en la innovaci\u00f3n continua y el desarrollo.\" \/>\n<meta name=\"robots\" content=\"index, follow, max-snippet:-1, max-image-preview:large, max-video-preview:-1\" \/>\n<link rel=\"canonical\" href=\"https:\/\/cunext.com\/en\/sustainability\/code-of-ethics-and-conduct\/\" \/>\n<meta property=\"og:locale\" content=\"en_US\" \/>\n<meta property=\"og:type\" content=\"article\" \/>\n<meta property=\"og:title\" content=\"Code of Ethics and Conduct - Cunext\" \/>\n<meta property=\"og:description\" content=\"CUNEXT GROUP se especializa en la transformaci\u00f3n de cobre y aluminio de la m\u00e1s alta calidad, siempre centrados en la innovaci\u00f3n continua y el desarrollo.\" \/>\n<meta property=\"og:url\" content=\"https:\/\/cunext.com\/en\/sustainability\/code-of-ethics-and-conduct\/\" \/>\n<meta property=\"og:site_name\" content=\"Cunext\" \/>\n<meta property=\"article:modified_time\" content=\"2023-06-09T07:00:02+00:00\" \/>\n<meta property=\"og:image\" content=\"https:\/\/cunext.com\/wp-content\/uploads\/2020\/04\/cabecera-codigo-etico.jpg\" \/>\n\t<meta property=\"og:image:width\" content=\"1600\" \/>\n\t<meta property=\"og:image:height\" content=\"378\" \/>\n\t<meta property=\"og:image:type\" content=\"image\/jpeg\" \/>\n<meta name=\"twitter:card\" content=\"summary_large_image\" \/>\n<meta name=\"twitter:label1\" content=\"Est. reading time\" \/>\n\t<meta name=\"twitter:data1\" content=\"1 minute\" \/>\n<script type=\"application\/ld+json\" class=\"yoast-schema-graph\">{\"@context\":\"https:\\\/\\\/schema.org\",\"@graph\":[{\"@type\":\"WebPage\",\"@id\":\"https:\\\/\\\/cunext.com\\\/en\\\/sustainability\\\/code-of-ethics-and-conduct\\\/\",\"url\":\"https:\\\/\\\/cunext.com\\\/en\\\/sustainability\\\/code-of-ethics-and-conduct\\\/\",\"name\":\"Code of Ethics and Conduct - Cunext\",\"isPartOf\":{\"@id\":\"https:\\\/\\\/cunext.com\\\/en\\\/#website\"},\"primaryImageOfPage\":{\"@id\":\"https:\\\/\\\/cunext.com\\\/en\\\/sustainability\\\/code-of-ethics-and-conduct\\\/#primaryimage\"},\"image\":{\"@id\":\"https:\\\/\\\/cunext.com\\\/en\\\/sustainability\\\/code-of-ethics-and-conduct\\\/#primaryimage\"},\"thumbnailUrl\":\"https:\\\/\\\/cunext.com\\\/wp-content\\\/uploads\\\/2020\\\/04\\\/cabecera-codigo-etico.jpg\",\"datePublished\":\"2020-04-03T11:00:59+00:00\",\"dateModified\":\"2023-06-09T07:00:02+00:00\",\"description\":\"CUNEXT GROUP se especializa en la transformaci\u00f3n de cobre y aluminio de la m\u00e1s alta calidad, siempre centrados en la innovaci\u00f3n continua y el desarrollo.\",\"breadcrumb\":{\"@id\":\"https:\\\/\\\/cunext.com\\\/en\\\/sustainability\\\/code-of-ethics-and-conduct\\\/#breadcrumb\"},\"inLanguage\":\"en-US\",\"potentialAction\":[{\"@type\":\"ReadAction\",\"target\":[\"https:\\\/\\\/cunext.com\\\/en\\\/sustainability\\\/code-of-ethics-and-conduct\\\/\"]}]},{\"@type\":\"ImageObject\",\"inLanguage\":\"en-US\",\"@id\":\"https:\\\/\\\/cunext.com\\\/en\\\/sustainability\\\/code-of-ethics-and-conduct\\\/#primaryimage\",\"url\":\"https:\\\/\\\/cunext.com\\\/wp-content\\\/uploads\\\/2020\\\/04\\\/cabecera-codigo-etico.jpg\",\"contentUrl\":\"https:\\\/\\\/cunext.com\\\/wp-content\\\/uploads\\\/2020\\\/04\\\/cabecera-codigo-etico.jpg\",\"width\":1600,\"height\":378,\"caption\":\"alambron-aluminio\"},{\"@type\":\"BreadcrumbList\",\"@id\":\"https:\\\/\\\/cunext.com\\\/en\\\/sustainability\\\/code-of-ethics-and-conduct\\\/#breadcrumb\",\"itemListElement\":[{\"@type\":\"ListItem\",\"position\":1,\"name\":\"Portada\",\"item\":\"https:\\\/\\\/cunext.com\\\/en\\\/\"},{\"@type\":\"ListItem\",\"position\":2,\"name\":\"Sustainability\",\"item\":\"https:\\\/\\\/cunext.com\\\/en\\\/sustainability\\\/\"},{\"@type\":\"ListItem\",\"position\":3,\"name\":\"Code of Ethics and Conduct\"}]},{\"@type\":\"WebSite\",\"@id\":\"https:\\\/\\\/cunext.com\\\/en\\\/#website\",\"url\":\"https:\\\/\\\/cunext.com\\\/en\\\/\",\"name\":\"Cunext\",\"description\":\"Transformaci\u00f3n de cobre y aluminio\",\"publisher\":{\"@id\":\"https:\\\/\\\/cunext.com\\\/en\\\/#organization\"},\"potentialAction\":[{\"@type\":\"SearchAction\",\"target\":{\"@type\":\"EntryPoint\",\"urlTemplate\":\"https:\\\/\\\/cunext.com\\\/en\\\/?s={search_term_string}\"},\"query-input\":{\"@type\":\"PropertyValueSpecification\",\"valueRequired\":true,\"valueName\":\"search_term_string\"}}],\"inLanguage\":\"en-US\"},{\"@type\":\"Organization\",\"@id\":\"https:\\\/\\\/cunext.com\\\/en\\\/#organization\",\"name\":\"Cunext Group\",\"url\":\"https:\\\/\\\/cunext.com\\\/en\\\/\",\"logo\":{\"@type\":\"ImageObject\",\"inLanguage\":\"en-US\",\"@id\":\"https:\\\/\\\/cunext.com\\\/en\\\/#\\\/schema\\\/logo\\\/image\\\/\",\"url\":\"https:\\\/\\\/cunext.com\\\/wp-content\\\/uploads\\\/2020\\\/04\\\/logo-cunext.png\",\"contentUrl\":\"https:\\\/\\\/cunext.com\\\/wp-content\\\/uploads\\\/2020\\\/04\\\/logo-cunext.png\",\"width\":229,\"height\":57,\"caption\":\"Cunext Group\"},\"image\":{\"@id\":\"https:\\\/\\\/cunext.com\\\/en\\\/#\\\/schema\\\/logo\\\/image\\\/\"},\"sameAs\":[\"https:\\\/\\\/www.linkedin.com\\\/company\\\/cunext-copper-industries-sl\\\/\"]}]}<\/script>\n<!-- \/ Yoast SEO plugin. -->","yoast_head_json":{"title":"Code of Ethics and Conduct - Cunext","description":"CUNEXT GROUP se especializa en la transformaci\u00f3n de cobre y aluminio de la m\u00e1s alta calidad, siempre centrados en la innovaci\u00f3n continua y el desarrollo.","robots":{"index":"index","follow":"follow","max-snippet":"max-snippet:-1","max-image-preview":"max-image-preview:large","max-video-preview":"max-video-preview:-1"},"canonical":"https:\/\/cunext.com\/en\/sustainability\/code-of-ethics-and-conduct\/","og_locale":"en_US","og_type":"article","og_title":"Code of Ethics and Conduct - Cunext","og_description":"CUNEXT GROUP se especializa en la transformaci\u00f3n de cobre y aluminio de la m\u00e1s alta calidad, siempre centrados en la innovaci\u00f3n continua y el desarrollo.","og_url":"https:\/\/cunext.com\/en\/sustainability\/code-of-ethics-and-conduct\/","og_site_name":"Cunext","article_modified_time":"2023-06-09T07:00:02+00:00","og_image":[{"width":1600,"height":378,"url":"https:\/\/cunext.com\/wp-content\/uploads\/2020\/04\/cabecera-codigo-etico.jpg","type":"image\/jpeg"}],"twitter_card":"summary_large_image","twitter_misc":{"Est. reading time":"1 minute"},"schema":{"@context":"https:\/\/schema.org","@graph":[{"@type":"WebPage","@id":"https:\/\/cunext.com\/en\/sustainability\/code-of-ethics-and-conduct\/","url":"https:\/\/cunext.com\/en\/sustainability\/code-of-ethics-and-conduct\/","name":"Code of Ethics and Conduct - Cunext","isPartOf":{"@id":"https:\/\/cunext.com\/en\/#website"},"primaryImageOfPage":{"@id":"https:\/\/cunext.com\/en\/sustainability\/code-of-ethics-and-conduct\/#primaryimage"},"image":{"@id":"https:\/\/cunext.com\/en\/sustainability\/code-of-ethics-and-conduct\/#primaryimage"},"thumbnailUrl":"https:\/\/cunext.com\/wp-content\/uploads\/2020\/04\/cabecera-codigo-etico.jpg","datePublished":"2020-04-03T11:00:59+00:00","dateModified":"2023-06-09T07:00:02+00:00","description":"CUNEXT GROUP se especializa en la transformaci\u00f3n de cobre y aluminio de la m\u00e1s alta calidad, siempre centrados en la innovaci\u00f3n continua y el desarrollo.","breadcrumb":{"@id":"https:\/\/cunext.com\/en\/sustainability\/code-of-ethics-and-conduct\/#breadcrumb"},"inLanguage":"en-US","potentialAction":[{"@type":"ReadAction","target":["https:\/\/cunext.com\/en\/sustainability\/code-of-ethics-and-conduct\/"]}]},{"@type":"ImageObject","inLanguage":"en-US","@id":"https:\/\/cunext.com\/en\/sustainability\/code-of-ethics-and-conduct\/#primaryimage","url":"https:\/\/cunext.com\/wp-content\/uploads\/2020\/04\/cabecera-codigo-etico.jpg","contentUrl":"https:\/\/cunext.com\/wp-content\/uploads\/2020\/04\/cabecera-codigo-etico.jpg","width":1600,"height":378,"caption":"alambron-aluminio"},{"@type":"BreadcrumbList","@id":"https:\/\/cunext.com\/en\/sustainability\/code-of-ethics-and-conduct\/#breadcrumb","itemListElement":[{"@type":"ListItem","position":1,"name":"Portada","item":"https:\/\/cunext.com\/en\/"},{"@type":"ListItem","position":2,"name":"Sustainability","item":"https:\/\/cunext.com\/en\/sustainability\/"},{"@type":"ListItem","position":3,"name":"Code of Ethics and Conduct"}]},{"@type":"WebSite","@id":"https:\/\/cunext.com\/en\/#website","url":"https:\/\/cunext.com\/en\/","name":"Cunext","description":"Transformaci\u00f3n de cobre y aluminio","publisher":{"@id":"https:\/\/cunext.com\/en\/#organization"},"potentialAction":[{"@type":"SearchAction","target":{"@type":"EntryPoint","urlTemplate":"https:\/\/cunext.com\/en\/?s={search_term_string}"},"query-input":{"@type":"PropertyValueSpecification","valueRequired":true,"valueName":"search_term_string"}}],"inLanguage":"en-US"},{"@type":"Organization","@id":"https:\/\/cunext.com\/en\/#organization","name":"Cunext Group","url":"https:\/\/cunext.com\/en\/","logo":{"@type":"ImageObject","inLanguage":"en-US","@id":"https:\/\/cunext.com\/en\/#\/schema\/logo\/image\/","url":"https:\/\/cunext.com\/wp-content\/uploads\/2020\/04\/logo-cunext.png","contentUrl":"https:\/\/cunext.com\/wp-content\/uploads\/2020\/04\/logo-cunext.png","width":229,"height":57,"caption":"Cunext Group"},"image":{"@id":"https:\/\/cunext.com\/en\/#\/schema\/logo\/image\/"},"sameAs":["https:\/\/www.linkedin.com\/company\/cunext-copper-industries-sl\/"]}]}},"_links":{"self":[{"href":"https:\/\/cunext.com\/en\/wp-json\/wp\/v2\/pages\/1289","targetHints":{"allow":["GET"]}}],"collection":[{"href":"https:\/\/cunext.com\/en\/wp-json\/wp\/v2\/pages"}],"about":[{"href":"https:\/\/cunext.com\/en\/wp-json\/wp\/v2\/types\/page"}],"author":[{"embeddable":true,"href":"https:\/\/cunext.com\/en\/wp-json\/wp\/v2\/users\/6"}],"replies":[{"embeddable":true,"href":"https:\/\/cunext.com\/en\/wp-json\/wp\/v2\/comments?post=1289"}],"version-history":[{"count":7,"href":"https:\/\/cunext.com\/en\/wp-json\/wp\/v2\/pages\/1289\/revisions"}],"predecessor-version":[{"id":4118,"href":"https:\/\/cunext.com\/en\/wp-json\/wp\/v2\/pages\/1289\/revisions\/4118"}],"up":[{"embeddable":true,"href":"https:\/\/cunext.com\/en\/wp-json\/wp\/v2\/pages\/1284"}],"wp:featuredmedia":[{"embeddable":true,"href":"https:\/\/cunext.com\/en\/wp-json\/wp\/v2\/media\/1881"}],"wp:attachment":[{"href":"https:\/\/cunext.com\/en\/wp-json\/wp\/v2\/media?parent=1289"}],"curies":[{"name":"wp","href":"https:\/\/api.w.org\/{rel}","templated":true}]}}