{"id":1284,"date":"2020-04-03T11:48:49","date_gmt":"2020-04-03T10:48:49","guid":{"rendered":"https:\/\/www.cunext.com\/?page_id=1284"},"modified":"2023-05-30T10:40:44","modified_gmt":"2023-05-30T09:40:44","slug":"sustainability","status":"publish","type":"page","link":"https:\/\/cunext.com\/en\/sustainability\/","title":{"rendered":"Sustainability"},"content":{"rendered":"\r\n<h2 class=\"principal ancho-limitado wp-block-heading\"><strong> <strong>OUR BUSINESS AIMS COMBINED WITH OUR COMMITMENT TO THE ENVIRONMENT<\/strong><\/strong><\/h2>\r\n\r\n\r\n\r\n<div class=\"wp-block-columns is-layout-flex wp-container-core-columns-is-layout-28f84493 wp-block-columns-is-layout-flex\">\r\n<div class=\"wp-block-column bloqueTextoSostenibilidad is-layout-flow wp-block-column-is-layout-flow\">\r\n<p><strong>The primary aim of sustainability is to meet <\/strong>present needs <strong>without compromising future generations, thus guaranteeing the balance <\/strong>between economic growth, caring for the environment and social well-being.&nbsp;<\/p>\r\n\r\n\r\n\r\n<p><strong>Here at Cunext Group, we actively and willingly contribute to improving our social, economic and natural environment.<\/strong> The primary aim of this contribution is to improve our competitive position and add extra value to the business strategy.&nbsp;<\/p>\r\n\r\n\r\n\r\n<p>Through our business activities, CUNEXT plays an important role in achieving global innovation and sustainability targets in sectors such as renewable energy, electric cars, digitalisation and the modernisation of current electrical networks.&nbsp;<\/p>\r\n<\/div>\r\n<\/div>\r\n\r\n\r\n<section class=\"iconos-enlazados\">\r\n    <div class=\"ancho-limitado-plus\">\r\n        <p class=\"titulo-iconos\"><\/p>\r\n                    <div class=\"iconos\">\r\n                                    <div class=\"icono\">\r\n                        <div class=\"img-icono\">\r\n                            <img decoding=\"async\" src=\"https:\/\/cunext.com\/wp-content\/uploads\/2020\/01\/empresarios-estrecharme-mano-despues-reunirse-cafe_8087-3398.jpg\" title=\"Code of Ethics and Conduct\" alt=\"Code of Ethics and Conduct\"\/>\r\n                        <\/div>\r\n                        <div class=\"info-icono\">\r\n                            <h3>Code of Ethics and Conduct<\/h3>\r\n                            <p>A guide to understanding and complying with CUNEXT GROUP&#8217;s corporate values.<\/p>\r\n                            <p class=\"boton\"><a href=\"https:\/\/cunext.com\/en\/csr\/code-of-ethics-and-conduct\/\">See more<\/a><\/p>\r\n                        <\/div>\r\n                        <div style=\"clear: both;\"><\/div>\r\n                    <\/div>\r\n                                    <div class=\"icono\">\r\n                        <div class=\"img-icono\">\r\n                            <img decoding=\"async\" src=\"https:\/\/cunext.com\/wp-content\/uploads\/2023\/05\/Policy-on-reporting-infringements-and-consultations.jpg\" title=\"Policy on reporting infringements and consultations\" alt=\"Policy on reporting infringements and consultations\"\/>\r\n                        <\/div>\r\n                        <div class=\"info-icono\">\r\n                            <h3>Policy on reporting infringements and consultations<\/h3>\r\n                            <p>Policy that sets out Cunext&#8217;s principles and guarantees in relation to the reporting of breaches and, in particular, with a view to protecting the person reporting the breach and the person affected.<\/p>\r\n                            <p class=\"boton\"><a href=\"https:\/\/cunext.com\/en\/sustainability\/policy-reporting-infringements\">See more<\/a><\/p>\r\n                        <\/div>\r\n                        <div style=\"clear: both;\"><\/div>\r\n                    <\/div>\r\n                                    <div class=\"icono\">\r\n                        <div class=\"img-icono\">\r\n                            <img decoding=\"async\" src=\"https:\/\/cunext.com\/wp-content\/uploads\/2020\/01\/juez-conversando-su-cliente-sala-tribunal_23-2147898404.jpg\" title=\"Ethical channel\" alt=\"Ethical channel\"\/>\r\n                        <\/div>\r\n                        <div class=\"info-icono\">\r\n                            <h3>Ethical channel<\/h3>\r\n                            <p>A communication channel through which to submit complaints in relation to failure to comply with our code of ethics.<\/p>\r\n                            <p class=\"boton\"><a href=\"https:\/\/cunext.com\/en\/sustainability\/ethical-channel\/\">See more<\/a><\/p>\r\n                        <\/div>\r\n                        <div style=\"clear: both;\"><\/div>\r\n                    <\/div>\r\n                                    <div class=\"icono\">\r\n                        <div class=\"img-icono\">\r\n                            <img decoding=\"async\" src=\"https:\/\/cunext.com\/wp-content\/uploads\/2020\/01\/ver-cosechado-mujer-rellenar-formulario-solicitud_1262-2110.jpg\" title=\"Management policy\" alt=\"Management policy\"\/>\r\n                        <\/div>\r\n                        <div class=\"info-icono\">\r\n                            <h3>Management policy<\/h3>\r\n                            <p>The principles on which our Management Policy is based.<\/p>\r\n                            <p class=\"boton\"><a href=\"https:\/\/cunext.com\/en\/csr\/management-policy\/\">See more<\/a><\/p>\r\n                        <\/div>\r\n                        <div style=\"clear: both;\"><\/div>\r\n                    <\/div>\r\n                                    <div class=\"icono\">\r\n                        <div class=\"img-icono\">\r\n                            <img decoding=\"async\" src=\"https:\/\/cunext.com\/wp-content\/uploads\/2021\/09\/memorias-de-sostenibilidad-1.jpg\" title=\"ESG Reports\" alt=\"ESG Reports\"\/>\r\n                        <\/div>\r\n                        <div class=\"info-icono\">\r\n                            <h3>ESG Reports<\/h3>\r\n                            <p>Annual publication of the group\u2019s ESG reports in which we share our aims, challenges and results.<\/p>\r\n                            <p class=\"boton\"><a href=\"https:\/\/cunext.com\/en\/sustainability\/esg-reports\/\">See more<\/a><\/p>\r\n                        <\/div>\r\n                        <div style=\"clear: both;\"><\/div>\r\n                    <\/div>\r\n                            <\/div>\r\n            <\/div>\r\n<\/section>","protected":false},"excerpt":{"rendered":"<p>OUR BUSINESS AIMS COMBINED WITH OUR COMMITMENT TO THE ENVIRONMENT The primary aim of sustainability is to meet present needs without compromising future generations, thus&#8230;<\/p>\n","protected":false},"author":6,"featured_media":722,"parent":0,"menu_order":0,"comment_status":"closed","ping_status":"closed","template":"","meta":{"_acf_changed":false,"footnotes":""},"class_list":["post-1284","page","type-page","status-publish","has-post-thumbnail","hentry"],"acf":[],"yoast_head":"<!-- This site is optimized with the Yoast SEO plugin v27.5 - https:\/\/yoast.com\/product\/yoast-seo-wordpress\/ -->\n<title>Sustainability - Cunext<\/title>\n<meta name=\"description\" content=\"CUNEXT GROUP se especializa en la transformaci\u00f3n de cobre y aluminio de la m\u00e1s alta calidad, siempre centrados en la innovaci\u00f3n continua y el desarrollo.\" \/>\n<meta name=\"robots\" content=\"index, follow, max-snippet:-1, max-image-preview:large, max-video-preview:-1\" \/>\n<link rel=\"canonical\" href=\"https:\/\/cunext.com\/en\/sustainability\/\" \/>\n<meta property=\"og:locale\" content=\"en_US\" \/>\n<meta property=\"og:type\" content=\"article\" \/>\n<meta property=\"og:title\" content=\"Sustainability - Cunext\" \/>\n<meta property=\"og:description\" content=\"CUNEXT GROUP se especializa en la transformaci\u00f3n de cobre y aluminio de la m\u00e1s alta calidad, siempre centrados en la innovaci\u00f3n continua y el desarrollo.\" \/>\n<meta property=\"og:url\" content=\"https:\/\/cunext.com\/en\/sustainability\/\" \/>\n<meta property=\"og:site_name\" content=\"Cunext\" \/>\n<meta property=\"article:modified_time\" content=\"2023-05-30T09:40:44+00:00\" \/>\n<meta property=\"og:image\" content=\"https:\/\/cunext.com\/wp-content\/uploads\/2020\/01\/aluminum-audio-close-up-design-373632.jpg\" \/>\n\t<meta property=\"og:image:width\" content=\"1600\" \/>\n\t<meta property=\"og:image:height\" content=\"1067\" \/>\n\t<meta property=\"og:image:type\" content=\"image\/jpeg\" \/>\n<meta name=\"twitter:card\" content=\"summary_large_image\" \/>\n<meta name=\"twitter:label1\" content=\"Est. reading time\" \/>\n\t<meta name=\"twitter:data1\" content=\"1 minute\" \/>\n<script type=\"application\/ld+json\" class=\"yoast-schema-graph\">{\"@context\":\"https:\\\/\\\/schema.org\",\"@graph\":[{\"@type\":\"WebPage\",\"@id\":\"https:\\\/\\\/cunext.com\\\/en\\\/sustainability\\\/\",\"url\":\"https:\\\/\\\/cunext.com\\\/en\\\/sustainability\\\/\",\"name\":\"Sustainability - Cunext\",\"isPartOf\":{\"@id\":\"https:\\\/\\\/cunext.com\\\/en\\\/#website\"},\"primaryImageOfPage\":{\"@id\":\"https:\\\/\\\/cunext.com\\\/en\\\/sustainability\\\/#primaryimage\"},\"image\":{\"@id\":\"https:\\\/\\\/cunext.com\\\/en\\\/sustainability\\\/#primaryimage\"},\"thumbnailUrl\":\"https:\\\/\\\/cunext.com\\\/wp-content\\\/uploads\\\/2020\\\/01\\\/aluminum-audio-close-up-design-373632.jpg\",\"datePublished\":\"2020-04-03T10:48:49+00:00\",\"dateModified\":\"2023-05-30T09:40:44+00:00\",\"description\":\"CUNEXT GROUP se especializa en la transformaci\u00f3n de cobre y aluminio de la m\u00e1s alta calidad, siempre centrados en la innovaci\u00f3n continua y el desarrollo.\",\"breadcrumb\":{\"@id\":\"https:\\\/\\\/cunext.com\\\/en\\\/sustainability\\\/#breadcrumb\"},\"inLanguage\":\"en-US\",\"potentialAction\":[{\"@type\":\"ReadAction\",\"target\":[\"https:\\\/\\\/cunext.com\\\/en\\\/sustainability\\\/\"]}]},{\"@type\":\"ImageObject\",\"inLanguage\":\"en-US\",\"@id\":\"https:\\\/\\\/cunext.com\\\/en\\\/sustainability\\\/#primaryimage\",\"url\":\"https:\\\/\\\/cunext.com\\\/wp-content\\\/uploads\\\/2020\\\/01\\\/aluminum-audio-close-up-design-373632.jpg\",\"contentUrl\":\"https:\\\/\\\/cunext.com\\\/wp-content\\\/uploads\\\/2020\\\/01\\\/aluminum-audio-close-up-design-373632.jpg\",\"width\":1600,\"height\":1067,\"caption\":\"estructura-de-cobre\"},{\"@type\":\"BreadcrumbList\",\"@id\":\"https:\\\/\\\/cunext.com\\\/en\\\/sustainability\\\/#breadcrumb\",\"itemListElement\":[{\"@type\":\"ListItem\",\"position\":1,\"name\":\"Portada\",\"item\":\"https:\\\/\\\/cunext.com\\\/en\\\/\"},{\"@type\":\"ListItem\",\"position\":2,\"name\":\"Sustainability\"}]},{\"@type\":\"WebSite\",\"@id\":\"https:\\\/\\\/cunext.com\\\/en\\\/#website\",\"url\":\"https:\\\/\\\/cunext.com\\\/en\\\/\",\"name\":\"Cunext\",\"description\":\"Transformaci\u00f3n de cobre y aluminio\",\"publisher\":{\"@id\":\"https:\\\/\\\/cunext.com\\\/en\\\/#organization\"},\"potentialAction\":[{\"@type\":\"SearchAction\",\"target\":{\"@type\":\"EntryPoint\",\"urlTemplate\":\"https:\\\/\\\/cunext.com\\\/en\\\/?s={search_term_string}\"},\"query-input\":{\"@type\":\"PropertyValueSpecification\",\"valueRequired\":true,\"valueName\":\"search_term_string\"}}],\"inLanguage\":\"en-US\"},{\"@type\":\"Organization\",\"@id\":\"https:\\\/\\\/cunext.com\\\/en\\\/#organization\",\"name\":\"Cunext Group\",\"url\":\"https:\\\/\\\/cunext.com\\\/en\\\/\",\"logo\":{\"@type\":\"ImageObject\",\"inLanguage\":\"en-US\",\"@id\":\"https:\\\/\\\/cunext.com\\\/en\\\/#\\\/schema\\\/logo\\\/image\\\/\",\"url\":\"https:\\\/\\\/cunext.com\\\/wp-content\\\/uploads\\\/2020\\\/04\\\/logo-cunext.png\",\"contentUrl\":\"https:\\\/\\\/cunext.com\\\/wp-content\\\/uploads\\\/2020\\\/04\\\/logo-cunext.png\",\"width\":229,\"height\":57,\"caption\":\"Cunext Group\"},\"image\":{\"@id\":\"https:\\\/\\\/cunext.com\\\/en\\\/#\\\/schema\\\/logo\\\/image\\\/\"},\"sameAs\":[\"https:\\\/\\\/www.linkedin.com\\\/company\\\/cunext-copper-industries-sl\\\/\"]}]}<\/script>\n<!-- \/ Yoast SEO plugin. -->","yoast_head_json":{"title":"Sustainability - Cunext","description":"CUNEXT GROUP se especializa en la transformaci\u00f3n de cobre y aluminio de la m\u00e1s alta calidad, siempre centrados en la innovaci\u00f3n continua y el desarrollo.","robots":{"index":"index","follow":"follow","max-snippet":"max-snippet:-1","max-image-preview":"max-image-preview:large","max-video-preview":"max-video-preview:-1"},"canonical":"https:\/\/cunext.com\/en\/sustainability\/","og_locale":"en_US","og_type":"article","og_title":"Sustainability - Cunext","og_description":"CUNEXT GROUP se especializa en la transformaci\u00f3n de cobre y aluminio de la m\u00e1s alta calidad, siempre centrados en la innovaci\u00f3n continua y el desarrollo.","og_url":"https:\/\/cunext.com\/en\/sustainability\/","og_site_name":"Cunext","article_modified_time":"2023-05-30T09:40:44+00:00","og_image":[{"width":1600,"height":1067,"url":"https:\/\/cunext.com\/wp-content\/uploads\/2020\/01\/aluminum-audio-close-up-design-373632.jpg","type":"image\/jpeg"}],"twitter_card":"summary_large_image","twitter_misc":{"Est. reading time":"1 minute"},"schema":{"@context":"https:\/\/schema.org","@graph":[{"@type":"WebPage","@id":"https:\/\/cunext.com\/en\/sustainability\/","url":"https:\/\/cunext.com\/en\/sustainability\/","name":"Sustainability - Cunext","isPartOf":{"@id":"https:\/\/cunext.com\/en\/#website"},"primaryImageOfPage":{"@id":"https:\/\/cunext.com\/en\/sustainability\/#primaryimage"},"image":{"@id":"https:\/\/cunext.com\/en\/sustainability\/#primaryimage"},"thumbnailUrl":"https:\/\/cunext.com\/wp-content\/uploads\/2020\/01\/aluminum-audio-close-up-design-373632.jpg","datePublished":"2020-04-03T10:48:49+00:00","dateModified":"2023-05-30T09:40:44+00:00","description":"CUNEXT GROUP se especializa en la transformaci\u00f3n de cobre y aluminio de la m\u00e1s alta calidad, siempre centrados en la innovaci\u00f3n continua y el desarrollo.","breadcrumb":{"@id":"https:\/\/cunext.com\/en\/sustainability\/#breadcrumb"},"inLanguage":"en-US","potentialAction":[{"@type":"ReadAction","target":["https:\/\/cunext.com\/en\/sustainability\/"]}]},{"@type":"ImageObject","inLanguage":"en-US","@id":"https:\/\/cunext.com\/en\/sustainability\/#primaryimage","url":"https:\/\/cunext.com\/wp-content\/uploads\/2020\/01\/aluminum-audio-close-up-design-373632.jpg","contentUrl":"https:\/\/cunext.com\/wp-content\/uploads\/2020\/01\/aluminum-audio-close-up-design-373632.jpg","width":1600,"height":1067,"caption":"estructura-de-cobre"},{"@type":"BreadcrumbList","@id":"https:\/\/cunext.com\/en\/sustainability\/#breadcrumb","itemListElement":[{"@type":"ListItem","position":1,"name":"Portada","item":"https:\/\/cunext.com\/en\/"},{"@type":"ListItem","position":2,"name":"Sustainability"}]},{"@type":"WebSite","@id":"https:\/\/cunext.com\/en\/#website","url":"https:\/\/cunext.com\/en\/","name":"Cunext","description":"Transformaci\u00f3n de cobre y aluminio","publisher":{"@id":"https:\/\/cunext.com\/en\/#organization"},"potentialAction":[{"@type":"SearchAction","target":{"@type":"EntryPoint","urlTemplate":"https:\/\/cunext.com\/en\/?s={search_term_string}"},"query-input":{"@type":"PropertyValueSpecification","valueRequired":true,"valueName":"search_term_string"}}],"inLanguage":"en-US"},{"@type":"Organization","@id":"https:\/\/cunext.com\/en\/#organization","name":"Cunext Group","url":"https:\/\/cunext.com\/en\/","logo":{"@type":"ImageObject","inLanguage":"en-US","@id":"https:\/\/cunext.com\/en\/#\/schema\/logo\/image\/","url":"https:\/\/cunext.com\/wp-content\/uploads\/2020\/04\/logo-cunext.png","contentUrl":"https:\/\/cunext.com\/wp-content\/uploads\/2020\/04\/logo-cunext.png","width":229,"height":57,"caption":"Cunext Group"},"image":{"@id":"https:\/\/cunext.com\/en\/#\/schema\/logo\/image\/"},"sameAs":["https:\/\/www.linkedin.com\/company\/cunext-copper-industries-sl\/"]}]}},"_links":{"self":[{"href":"https:\/\/cunext.com\/en\/wp-json\/wp\/v2\/pages\/1284","targetHints":{"allow":["GET"]}}],"collection":[{"href":"https:\/\/cunext.com\/en\/wp-json\/wp\/v2\/pages"}],"about":[{"href":"https:\/\/cunext.com\/en\/wp-json\/wp\/v2\/types\/page"}],"author":[{"embeddable":true,"href":"https:\/\/cunext.com\/en\/wp-json\/wp\/v2\/users\/6"}],"replies":[{"embeddable":true,"href":"https:\/\/cunext.com\/en\/wp-json\/wp\/v2\/comments?post=1284"}],"version-history":[{"count":25,"href":"https:\/\/cunext.com\/en\/wp-json\/wp\/v2\/pages\/1284\/revisions"}],"predecessor-version":[{"id":4080,"href":"https:\/\/cunext.com\/en\/wp-json\/wp\/v2\/pages\/1284\/revisions\/4080"}],"wp:featuredmedia":[{"embeddable":true,"href":"https:\/\/cunext.com\/en\/wp-json\/wp\/v2\/media\/722"}],"wp:attachment":[{"href":"https:\/\/cunext.com\/en\/wp-json\/wp\/v2\/media?parent=1284"}],"curies":[{"name":"wp","href":"https:\/\/api.w.org\/{rel}","templated":true}]}}