{"id":1276,"date":"2020-04-03T10:58:02","date_gmt":"2020-04-03T09:58:02","guid":{"rendered":"https:\/\/www.cunext.com\/?page_id=1276"},"modified":"2025-12-03T13:57:36","modified_gmt":"2025-12-03T12:57:36","slug":"aenor-iso-quality","status":"publish","type":"page","link":"https:\/\/cunext.com\/en\/certificates\/aenor-iso-quality\/","title":{"rendered":"AENOR \/ ISO quality"},"content":{"rendered":"\r\n<h2 class=\"wp-block-heading\"><strong>Each Cunext part is unique<\/strong><\/h2>\r\n\r\n\r\n<hr class=\"wp-block-separator has-text-color has-background is-style-default\" style=\"background-color: #a15d42; color: #a15d42;\" \/>\r\n\r\n\r\n<p>The quality of our products is the greatest commitment we can offer our clients. We demand discipline, intuition and hard work, in addition to selection, as we are aware that working with the best copper means working with the best quality. Based on an efficient production system, every part we create is treated in a unique manner.<\/p>\r\n\r\n\r\n\r\n<p>A process in which obtaining the maximum performance from the copper used in different applications on a daily basis contributes to the advancement of new technologies, communication and energy transmission, all of which is synonymous with progress. Hence, the work carried out by CUNEXT GROUP also contributes to the creation of everyone&#8217;s future.<\/p>\r\n\r\n\r\n\r\n<p>Our processes and products have been awarded the following certificates:<\/p>\r\n\r\n\r\n\r\n<div class=\"wp-block-spacer\" style=\"height: 28px;\" aria-hidden=\"true\">\u00a0<\/div>\r\n\r\n\r\n\r\n<ul class=\"listado-certificados wp-block-list\">\r\n<li>\r\n<figure><a href=\"https:\/\/cunext.com\/wp-content\/uploads\/2025\/12\/ISO-9001.pdf\" target=\"_blank\" rel=\"noreferrer noopener\"><img loading=\"lazy\" decoding=\"async\" class=\"alignnone wp-image-2613\" style=\"width: 140px;\" src=\"https:\/\/cunext.com\/wp-content\/uploads\/2021\/03\/CunextGroup_Aenor9001_ER01281994.jpg\" alt=\"Cunext Group. Certificado Aenor ER01281994\" width=\"631\" height=\"662\" \/><\/a><\/figure>\r\n<\/li>\r\n<li>\r\n<figure><a href=\"https:\/\/cunext.com\/wp-content\/uploads\/2023\/06\/CE042MARCAN000971_IN_2023-06-27-CUNEXT.pdf\" target=\"_blank\" rel=\"noopener noreferrer\"><img decoding=\"async\" class=\"wp-image-1179\" style=\"width: 140px;\" title=\"Certificado AENOR cables el\u00e9ctricos\" src=\"https:\/\/cunext.com\/wp-content\/uploads\/2021\/03\/CunextGroup_AenorProducto_042000971-1.jpg\" alt=\"Certificado AENOR cables el\u00e9ctricos\" data-id=\"516\" data-full-url=\"https:\/\/cunext.com\/wp-content\/uploads\/2020\/03\/Cunext_Calidad_042000971.png\" data-link=\"https:\/\/cunext.com\/?attachment_id=1179\" \/><\/a><\/figure>\r\n<\/li>\r\n<li>\r\n<figure><a href=\"https:\/\/cunext.com\/wp-content\/uploads\/2022\/12\/CunextGroup_CEA30MARCAN000033_ES_IN_2022-12-12.pdf\" target=\"_blank\" rel=\"noopener noreferrer\"><img decoding=\"async\" class=\"wp-image-1199\" style=\"width: 140px;\" title=\"Certificado AENOR cables el\u00e9ctricos\" src=\"https:\/\/cunext.com\/wp-content\/uploads\/2021\/03\/CunextGroup_AenorProducto_A30000033.jpg\" alt=\"Certificado AENOR cables el\u00e9ctricos\" data-id=\"516\" data-full-url=\"https:\/\/cunext.com\/wp-content\/uploads\/2020\/03\/Cunext_Calidad_A30000033.png\" data-link=\"https:\/\/cunext.com\/?attachment_id=1199\" \/><\/a><\/figure>\r\n<\/li>\r\n<li>\r\n<figure><a href=\"https:\/\/cunext.com\/wp-content\/uploads\/2021\/07\/Cunext-Group_075000003_2021-07-21-ECN-CABLE.pdf\" target=\"_blank\" rel=\"noreferrer noopener\"><img decoding=\"async\" class=\"wp-image-1183\" style=\"width: 140px;\" title=\"Certificado AENOR conductores desnudos\" src=\"https:\/\/cunext.com\/wp-content\/uploads\/2021\/03\/CunextGroup_AenorProducto_075000003.jpg\" alt=\"Certificado AENOR conductores desnudos\" data-id=\"516\" data-full-url=\"https:\/\/cunext.com\/wp-content\/uploads\/2020\/03\/Cunext_Calidad_075000003.png\" data-link=\"https:\/\/cunext.com\/?attachment_id=1183\" \/><\/a><\/figure>\r\n<\/li>\r\n<\/ul>\r\n<ul class=\"listado-certificados\">\r\n<li>\r\n<figure><a href=\"https:\/\/cunext.com\/wp-content\/uploads\/2021\/07\/Cunext-Group_075000004_2021-07-21-ECN-CABLE.pdf\" target=\"_blank\" rel=\"noreferrer noopener\"><img decoding=\"async\" class=\"wp-image-1187\" style=\"width: 140px;\" title=\"Certificado AENOR conductores desnudos\" src=\"https:\/\/cunext.com\/wp-content\/uploads\/2021\/03\/CunextGroup_AenorProducto_075000004.jpg\" alt=\"Certificado AENOR conductores desnudos\" data-id=\"516\" data-full-url=\"hhttps:\/\/cunext.com\/wp-content\/uploads\/2020\/03\/Cunext_Calidad_075000004.png\" data-link=\"https:\/\/cunext.com\/?attachment_id=1187\" \/><\/a><\/figure>\r\n<\/li>\r\n<li>\r\n<figure><a href=\"https:\/\/cunext.com\/wp-content\/uploads\/2023\/11\/CE075MARCAN000210_IN_2023-11-22-ECN.pdf\" target=\"_blank\" rel=\"noopener noreferrer\"><img loading=\"lazy\" decoding=\"async\" class=\"alignnone wp-image-1191\" style=\"width: 140px;\" title=\"Certificado AENOR conductores desnudos\" src=\"https:\/\/cunext.com\/wp-content\/uploads\/2021\/03\/CunextGroup_AenorProducto_075000210.jpg\" alt=\"Certificado AENOR conductores desnudos\" width=\"905\" height=\"1283\" data-id=\"516\" data-full-url=\"https:\/\/cunext.com\/wp-content\/uploads\/2020\/03\/Cunext_Calidad_075000210.png\" data-link=\"https:\/\/cunext.com\/?attachment_id=1191\" \/><\/a><\/figure>\r\n<\/li>\r\n<li>\r\n<figure><a href=\"https:\/\/cunext.com\/wp-content\/uploads\/2023\/11\/CE075MARCAN000211_IN_2023-11-22-ECN.pdf\" target=\"_blank\" rel=\"noopener noreferrer\"><img loading=\"lazy\" decoding=\"async\" class=\"alignnone wp-image-1195\" style=\"width: 140px;\" title=\"Certificado AENOR conductores desnudos\" src=\"https:\/\/cunext.com\/wp-content\/uploads\/2021\/03\/CunextGroup_AenorProducto_075000211.jpg\" alt=\"Certificado AENOR conductores desnudos\" width=\"905\" height=\"1283\" data-id=\"516\" data-full-url=\"https:\/\/cunext.com\/wp-content\/uploads\/2020\/03\/Cunext_Calidad_075000211.png\" data-link=\"https:\/\/cunext.com\/?attachment_id=1195\" \/><\/a><\/figure>\r\n<\/li>\r\n<li>\r\n<figure><a href=\"https:\/\/cunext.com\/wp-content\/uploads\/2025\/09\/ISO-9001-Certificado-ER-0878-2003_ES.pdf\" target=\"_blank\" rel=\"noreferrer noopener\"><img decoding=\"async\" class=\"wp-image-2616\" style=\"width: 140px;\" src=\"https:\/\/cunext.com\/wp-content\/uploads\/2021\/03\/CunextGroup_Aenor9001_ER08782003.jpg\" alt=\"Cunext Group. Certificado Aenor\" \/><\/a><\/figure>\r\n<\/li>\r\n<\/ul>\r\n\r\n\r\n\r\n<ul class=\"listado-certificados wp-block-list\">\r\n<li>\r\n<figure><a href=\"https:\/\/cunext.com\/wp-content\/uploads\/2020\/01\/ECN-Cables-AL-028-2017-CETREN_es.pdf\" target=\"_blank\" rel=\"noopener noreferrer\"><img decoding=\"async\" class=\"wp-image-504\" title=\"Cetren Certificate - Aluminum Cables\" src=\"https:\/\/cunext.com\/wp-content\/uploads\/2020\/07\/Cunext_CETREN_0282017.png\" alt=\"Cetren Certificate - Aluminum Cables\" data-id=\"504\" data-full-url=\"https:\/\/cunext.com\/wp-content\/uploads\/2020\/06\/Cunext_Centren_0282017.png\" data-link=\"https:\/\/cunext.com\/?attachment_id=504\" \/><\/a><\/figure>\r\n<\/li>\r\n<li>\r\n<figure><a href=\"https:\/\/cunext.com\/wp-content\/uploads\/2020\/06\/Cunext_Certificado_Cetren_017-2019.pdf\" target=\"_blank\" rel=\"noopener noreferrer\"><img decoding=\"async\" class=\"wp-image-504\" title=\"Cetren Certificate - Aluminum Cables\" src=\"https:\/\/cunext.com\/wp-content\/uploads\/2020\/07\/Cunext_CETREN_0172019.png\" alt=\"Cetren Certificate - Aluminum Cables\" data-id=\"504\" data-full-url=\"https:\/\/cunext.com\/wp-content\/uploads\/2020\/06\/Cunext_Centren_0172019.png\" data-link=\"https:\/\/cunext.com\/?attachment_id=504\" \/><\/a><\/figure>\r\n<\/li>\r\n<\/ul>\r\n","protected":false},"excerpt":{"rendered":"<p>Each Cunext part is unique The quality of our products is the greatest commitment we can offer our clients. We demand discipline, intuition and hard&#8230;<\/p>\n","protected":false},"author":6,"featured_media":1810,"parent":1273,"menu_order":0,"comment_status":"closed","ping_status":"closed","template":"","meta":{"_acf_changed":false,"footnotes":""},"class_list":["post-1276","page","type-page","status-publish","has-post-thumbnail","hentry"],"acf":[],"yoast_head":"<!-- This site is optimized with the Yoast SEO plugin v27.4 - https:\/\/yoast.com\/product\/yoast-seo-wordpress\/ -->\n<title>AENOR \/ ISO quality - Cunext<\/title>\n<meta name=\"description\" content=\"CUNEXT GROUP se especializa en la transformaci\u00f3n de cobre y aluminio de la m\u00e1s alta calidad, siempre centrados en la innovaci\u00f3n continua y el desarrollo.\" \/>\n<meta name=\"robots\" content=\"index, follow, max-snippet:-1, max-image-preview:large, max-video-preview:-1\" \/>\n<link rel=\"canonical\" href=\"https:\/\/cunext.com\/en\/certificates\/aenor-iso-quality\/\" \/>\n<meta property=\"og:locale\" content=\"en_US\" \/>\n<meta property=\"og:type\" content=\"article\" \/>\n<meta property=\"og:title\" content=\"AENOR \/ ISO quality - Cunext\" \/>\n<meta property=\"og:description\" content=\"CUNEXT GROUP se especializa en la transformaci\u00f3n de cobre y aluminio de la m\u00e1s alta calidad, siempre centrados en la innovaci\u00f3n continua y el desarrollo.\" \/>\n<meta property=\"og:url\" content=\"https:\/\/cunext.com\/en\/certificates\/aenor-iso-quality\/\" \/>\n<meta property=\"og:site_name\" content=\"Cunext\" \/>\n<meta property=\"article:modified_time\" content=\"2025-12-03T12:57:36+00:00\" \/>\n<meta property=\"og:image\" content=\"https:\/\/cunext.com\/wp-content\/uploads\/2020\/04\/cabecera_calidad.jpg\" \/>\n\t<meta property=\"og:image:width\" content=\"1600\" \/>\n\t<meta property=\"og:image:height\" content=\"378\" \/>\n\t<meta property=\"og:image:type\" content=\"image\/jpeg\" \/>\n<meta name=\"twitter:card\" content=\"summary_large_image\" \/>\n<meta name=\"twitter:label1\" content=\"Est. reading time\" \/>\n\t<meta name=\"twitter:data1\" content=\"3 minutes\" \/>\n<script type=\"application\/ld+json\" class=\"yoast-schema-graph\">{\"@context\":\"https:\\\/\\\/schema.org\",\"@graph\":[{\"@type\":\"WebPage\",\"@id\":\"https:\\\/\\\/cunext.com\\\/en\\\/certificates\\\/aenor-iso-quality\\\/\",\"url\":\"https:\\\/\\\/cunext.com\\\/en\\\/certificates\\\/aenor-iso-quality\\\/\",\"name\":\"AENOR \\\/ ISO quality - Cunext\",\"isPartOf\":{\"@id\":\"https:\\\/\\\/cunext.com\\\/en\\\/#website\"},\"primaryImageOfPage\":{\"@id\":\"https:\\\/\\\/cunext.com\\\/en\\\/certificates\\\/aenor-iso-quality\\\/#primaryimage\"},\"image\":{\"@id\":\"https:\\\/\\\/cunext.com\\\/en\\\/certificates\\\/aenor-iso-quality\\\/#primaryimage\"},\"thumbnailUrl\":\"https:\\\/\\\/cunext.com\\\/wp-content\\\/uploads\\\/2020\\\/04\\\/cabecera_calidad.jpg\",\"datePublished\":\"2020-04-03T09:58:02+00:00\",\"dateModified\":\"2025-12-03T12:57:36+00:00\",\"description\":\"CUNEXT GROUP se especializa en la transformaci\u00f3n de cobre y aluminio de la m\u00e1s alta calidad, siempre centrados en la innovaci\u00f3n continua y el desarrollo.\",\"breadcrumb\":{\"@id\":\"https:\\\/\\\/cunext.com\\\/en\\\/certificates\\\/aenor-iso-quality\\\/#breadcrumb\"},\"inLanguage\":\"en-US\",\"potentialAction\":[{\"@type\":\"ReadAction\",\"target\":[\"https:\\\/\\\/cunext.com\\\/en\\\/certificates\\\/aenor-iso-quality\\\/\"]}]},{\"@type\":\"ImageObject\",\"inLanguage\":\"en-US\",\"@id\":\"https:\\\/\\\/cunext.com\\\/en\\\/certificates\\\/aenor-iso-quality\\\/#primaryimage\",\"url\":\"https:\\\/\\\/cunext.com\\\/wp-content\\\/uploads\\\/2020\\\/04\\\/cabecera_calidad.jpg\",\"contentUrl\":\"https:\\\/\\\/cunext.com\\\/wp-content\\\/uploads\\\/2020\\\/04\\\/cabecera_calidad.jpg\",\"width\":1600,\"height\":378,\"caption\":\"cable-cobre\"},{\"@type\":\"BreadcrumbList\",\"@id\":\"https:\\\/\\\/cunext.com\\\/en\\\/certificates\\\/aenor-iso-quality\\\/#breadcrumb\",\"itemListElement\":[{\"@type\":\"ListItem\",\"position\":1,\"name\":\"Portada\",\"item\":\"https:\\\/\\\/cunext.com\\\/en\\\/\"},{\"@type\":\"ListItem\",\"position\":2,\"name\":\"Certificates\",\"item\":\"https:\\\/\\\/cunext.com\\\/en\\\/certificates\\\/\"},{\"@type\":\"ListItem\",\"position\":3,\"name\":\"AENOR \\\/ ISO quality\"}]},{\"@type\":\"WebSite\",\"@id\":\"https:\\\/\\\/cunext.com\\\/en\\\/#website\",\"url\":\"https:\\\/\\\/cunext.com\\\/en\\\/\",\"name\":\"Cunext\",\"description\":\"Transformaci\u00f3n de cobre y aluminio\",\"publisher\":{\"@id\":\"https:\\\/\\\/cunext.com\\\/en\\\/#organization\"},\"potentialAction\":[{\"@type\":\"SearchAction\",\"target\":{\"@type\":\"EntryPoint\",\"urlTemplate\":\"https:\\\/\\\/cunext.com\\\/en\\\/?s={search_term_string}\"},\"query-input\":{\"@type\":\"PropertyValueSpecification\",\"valueRequired\":true,\"valueName\":\"search_term_string\"}}],\"inLanguage\":\"en-US\"},{\"@type\":\"Organization\",\"@id\":\"https:\\\/\\\/cunext.com\\\/en\\\/#organization\",\"name\":\"Cunext Group\",\"url\":\"https:\\\/\\\/cunext.com\\\/en\\\/\",\"logo\":{\"@type\":\"ImageObject\",\"inLanguage\":\"en-US\",\"@id\":\"https:\\\/\\\/cunext.com\\\/en\\\/#\\\/schema\\\/logo\\\/image\\\/\",\"url\":\"https:\\\/\\\/cunext.com\\\/wp-content\\\/uploads\\\/2020\\\/04\\\/logo-cunext.png\",\"contentUrl\":\"https:\\\/\\\/cunext.com\\\/wp-content\\\/uploads\\\/2020\\\/04\\\/logo-cunext.png\",\"width\":229,\"height\":57,\"caption\":\"Cunext Group\"},\"image\":{\"@id\":\"https:\\\/\\\/cunext.com\\\/en\\\/#\\\/schema\\\/logo\\\/image\\\/\"},\"sameAs\":[\"https:\\\/\\\/www.linkedin.com\\\/company\\\/cunext-copper-industries-sl\\\/\"]}]}<\/script>\n<!-- \/ Yoast SEO plugin. -->","yoast_head_json":{"title":"AENOR \/ ISO quality - Cunext","description":"CUNEXT GROUP se especializa en la transformaci\u00f3n de cobre y aluminio de la m\u00e1s alta calidad, siempre centrados en la innovaci\u00f3n continua y el desarrollo.","robots":{"index":"index","follow":"follow","max-snippet":"max-snippet:-1","max-image-preview":"max-image-preview:large","max-video-preview":"max-video-preview:-1"},"canonical":"https:\/\/cunext.com\/en\/certificates\/aenor-iso-quality\/","og_locale":"en_US","og_type":"article","og_title":"AENOR \/ ISO quality - Cunext","og_description":"CUNEXT GROUP se especializa en la transformaci\u00f3n de cobre y aluminio de la m\u00e1s alta calidad, siempre centrados en la innovaci\u00f3n continua y el desarrollo.","og_url":"https:\/\/cunext.com\/en\/certificates\/aenor-iso-quality\/","og_site_name":"Cunext","article_modified_time":"2025-12-03T12:57:36+00:00","og_image":[{"width":1600,"height":378,"url":"https:\/\/cunext.com\/wp-content\/uploads\/2020\/04\/cabecera_calidad.jpg","type":"image\/jpeg"}],"twitter_card":"summary_large_image","twitter_misc":{"Est. reading time":"3 minutes"},"schema":{"@context":"https:\/\/schema.org","@graph":[{"@type":"WebPage","@id":"https:\/\/cunext.com\/en\/certificates\/aenor-iso-quality\/","url":"https:\/\/cunext.com\/en\/certificates\/aenor-iso-quality\/","name":"AENOR \/ ISO quality - Cunext","isPartOf":{"@id":"https:\/\/cunext.com\/en\/#website"},"primaryImageOfPage":{"@id":"https:\/\/cunext.com\/en\/certificates\/aenor-iso-quality\/#primaryimage"},"image":{"@id":"https:\/\/cunext.com\/en\/certificates\/aenor-iso-quality\/#primaryimage"},"thumbnailUrl":"https:\/\/cunext.com\/wp-content\/uploads\/2020\/04\/cabecera_calidad.jpg","datePublished":"2020-04-03T09:58:02+00:00","dateModified":"2025-12-03T12:57:36+00:00","description":"CUNEXT GROUP se especializa en la transformaci\u00f3n de cobre y aluminio de la m\u00e1s alta calidad, siempre centrados en la innovaci\u00f3n continua y el desarrollo.","breadcrumb":{"@id":"https:\/\/cunext.com\/en\/certificates\/aenor-iso-quality\/#breadcrumb"},"inLanguage":"en-US","potentialAction":[{"@type":"ReadAction","target":["https:\/\/cunext.com\/en\/certificates\/aenor-iso-quality\/"]}]},{"@type":"ImageObject","inLanguage":"en-US","@id":"https:\/\/cunext.com\/en\/certificates\/aenor-iso-quality\/#primaryimage","url":"https:\/\/cunext.com\/wp-content\/uploads\/2020\/04\/cabecera_calidad.jpg","contentUrl":"https:\/\/cunext.com\/wp-content\/uploads\/2020\/04\/cabecera_calidad.jpg","width":1600,"height":378,"caption":"cable-cobre"},{"@type":"BreadcrumbList","@id":"https:\/\/cunext.com\/en\/certificates\/aenor-iso-quality\/#breadcrumb","itemListElement":[{"@type":"ListItem","position":1,"name":"Portada","item":"https:\/\/cunext.com\/en\/"},{"@type":"ListItem","position":2,"name":"Certificates","item":"https:\/\/cunext.com\/en\/certificates\/"},{"@type":"ListItem","position":3,"name":"AENOR \/ ISO quality"}]},{"@type":"WebSite","@id":"https:\/\/cunext.com\/en\/#website","url":"https:\/\/cunext.com\/en\/","name":"Cunext","description":"Transformaci\u00f3n de cobre y aluminio","publisher":{"@id":"https:\/\/cunext.com\/en\/#organization"},"potentialAction":[{"@type":"SearchAction","target":{"@type":"EntryPoint","urlTemplate":"https:\/\/cunext.com\/en\/?s={search_term_string}"},"query-input":{"@type":"PropertyValueSpecification","valueRequired":true,"valueName":"search_term_string"}}],"inLanguage":"en-US"},{"@type":"Organization","@id":"https:\/\/cunext.com\/en\/#organization","name":"Cunext Group","url":"https:\/\/cunext.com\/en\/","logo":{"@type":"ImageObject","inLanguage":"en-US","@id":"https:\/\/cunext.com\/en\/#\/schema\/logo\/image\/","url":"https:\/\/cunext.com\/wp-content\/uploads\/2020\/04\/logo-cunext.png","contentUrl":"https:\/\/cunext.com\/wp-content\/uploads\/2020\/04\/logo-cunext.png","width":229,"height":57,"caption":"Cunext Group"},"image":{"@id":"https:\/\/cunext.com\/en\/#\/schema\/logo\/image\/"},"sameAs":["https:\/\/www.linkedin.com\/company\/cunext-copper-industries-sl\/"]}]}},"_links":{"self":[{"href":"https:\/\/cunext.com\/en\/wp-json\/wp\/v2\/pages\/1276","targetHints":{"allow":["GET"]}}],"collection":[{"href":"https:\/\/cunext.com\/en\/wp-json\/wp\/v2\/pages"}],"about":[{"href":"https:\/\/cunext.com\/en\/wp-json\/wp\/v2\/types\/page"}],"author":[{"embeddable":true,"href":"https:\/\/cunext.com\/en\/wp-json\/wp\/v2\/users\/6"}],"replies":[{"embeddable":true,"href":"https:\/\/cunext.com\/en\/wp-json\/wp\/v2\/comments?post=1276"}],"version-history":[{"count":22,"href":"https:\/\/cunext.com\/en\/wp-json\/wp\/v2\/pages\/1276\/revisions"}],"predecessor-version":[{"id":6043,"href":"https:\/\/cunext.com\/en\/wp-json\/wp\/v2\/pages\/1276\/revisions\/6043"}],"up":[{"embeddable":true,"href":"https:\/\/cunext.com\/en\/wp-json\/wp\/v2\/pages\/1273"}],"wp:featuredmedia":[{"embeddable":true,"href":"https:\/\/cunext.com\/en\/wp-json\/wp\/v2\/media\/1810"}],"wp:attachment":[{"href":"https:\/\/cunext.com\/en\/wp-json\/wp\/v2\/media?parent=1276"}],"curies":[{"name":"wp","href":"https:\/\/api.w.org\/{rel}","templated":true}]}}