{"id":1273,"date":"2020-04-03T10:48:29","date_gmt":"2020-04-03T09:48:29","guid":{"rendered":"https:\/\/www.cunext.com\/?page_id=1273"},"modified":"2025-08-06T07:14:00","modified_gmt":"2025-08-06T06:14:00","slug":"certificates","status":"publish","type":"page","link":"https:\/\/cunext.com\/en\/certificates\/","title":{"rendered":"Certificates"},"content":{"rendered":"\n<h2 class=\"wp-block-heading principal ancho-limitado\"><strong>Cunext Group product and process certifications<\/strong><\/h2>\n\n\n<section class=\"iconos-enlazados\">\r\n    <div class=\"ancho-limitado-plus\">\r\n        <p class=\"titulo-iconos\"><\/p>\r\n                    <div class=\"iconos\">\r\n                                    <div class=\"icono\">\r\n                        <div class=\"img-icono\">\r\n                            <img decoding=\"async\" src=\"https:\/\/cunext.com\/wp-content\/uploads\/2023\/02\/GestionEnergetica.jpg\" title=\"Energy Management Certificate\" alt=\"Energy Management Certificate\"\/>\r\n                        <\/div>\r\n                        <div class=\"info-icono\">\r\n                            <h3>Energy Management Certificate<\/h3>\r\n                            <p>Energy Management System based on the ISO 50001 standard.<\/p>\r\n                            <p class=\"boton\"><a href=\"https:\/\/cunext.com\/en\/certificates\/energy-management\/\">See more <\/a><\/p>\r\n                        <\/div>\r\n                        <div style=\"clear: both;\"><\/div>\r\n                    <\/div>\r\n                                    <div class=\"icono\">\r\n                        <div class=\"img-icono\">\r\n                            <img decoding=\"async\" src=\"https:\/\/cunext.com\/wp-content\/uploads\/2021\/03\/CunextGroup_SelloAenor9001_gris-e1620811305593.jpg\" title=\"AENOR \/ ISO quality\" alt=\"AENOR \/ ISO quality\"\/>\r\n                        <\/div>\r\n                        <div class=\"info-icono\">\r\n                            <h3>AENOR \/ ISO quality<\/h3>\r\n                            <p>Certifications associated with the quality of our products and processes<\/p>\r\n                            <p class=\"boton\"><a href=\"https:\/\/cunext.com\/en\/certificates\/aenor-iso-quality\/\">See more <\/a><\/p>\r\n                        <\/div>\r\n                        <div style=\"clear: both;\"><\/div>\r\n                    <\/div>\r\n                                    <div class=\"icono\">\r\n                        <div class=\"img-icono\">\r\n                            <img decoding=\"async\" src=\"https:\/\/cunext.com\/wp-content\/uploads\/2020\/01\/icono-icono.png\" title=\"Authorised Economic Operator (AEO)\" alt=\"Authorised Economic Operator (AEO)\"\/>\r\n                        <\/div>\r\n                        <div class=\"info-icono\">\r\n                            <h3>Authorised Economic Operator (AEO)<\/h3>\r\n                            <p>Accreditation of international supply chain safety and good practices.<\/p>\r\n                            <p class=\"boton\"><a href=\"https:\/\/cunext.com\/en\/certificates\/authorised-economic-operator\/\">See more <\/a><\/p>\r\n                        <\/div>\r\n                        <div style=\"clear: both;\"><\/div>\r\n                    <\/div>\r\n                                    <div class=\"icono\">\r\n                        <div class=\"img-icono\">\r\n                            <img decoding=\"async\" src=\"https:\/\/cunext.com\/wp-content\/uploads\/2025\/08\/iso_14001-Aenor_Gestion_Ambiental-1.png\" title=\"The environment\" alt=\"The environment\"\/>\r\n                        <\/div>\r\n                        <div class=\"info-icono\">\r\n                            <h3>The environment<\/h3>\r\n                            <p>Certifications and accreditations on our commitment to the environment.<\/p>\r\n                            <p class=\"boton\"><a href=\"https:\/\/cunext.com\/en\/certificates\/the-environment\/\">See more<\/a><\/p>\r\n                        <\/div>\r\n                        <div style=\"clear: both;\"><\/div>\r\n                    <\/div>\r\n                                    <div class=\"icono\">\r\n                        <div class=\"img-icono\">\r\n                            <img decoding=\"async\" src=\"https:\/\/cunext.com\/wp-content\/uploads\/2021\/03\/CunextGroup_SelloAenor45001_gris-e1620811357842.jpg\" title=\"Occupational safety\" alt=\"Occupational safety\"\/>\r\n                        <\/div>\r\n                        <div class=\"info-icono\">\r\n                            <h3>Occupational safety<\/h3>\r\n                            <p>Our commitment to the occupational health and safety of our employees.<\/p>\r\n                            <p class=\"boton\"><a href=\"https:\/\/cunext.com\/en\/certificates\/occupational-safety\/\">See more<\/a><\/p>\r\n                        <\/div>\r\n                        <div style=\"clear: both;\"><\/div>\r\n                    <\/div>\r\n                            <\/div>\r\n            <\/div>\r\n<\/section>","protected":false},"excerpt":{"rendered":"<p>Cunext Group product and process certifications<\/p>\n","protected":false},"author":6,"featured_media":1806,"parent":0,"menu_order":0,"comment_status":"closed","ping_status":"closed","template":"","meta":{"_acf_changed":false,"footnotes":""},"class_list":["post-1273","page","type-page","status-publish","has-post-thumbnail","hentry"],"acf":[],"yoast_head":"<!-- This site is optimized with the Yoast SEO plugin v27.4 - https:\/\/yoast.com\/product\/yoast-seo-wordpress\/ -->\n<title>Certificates - Cunext<\/title>\n<meta name=\"description\" content=\"CUNEXT GROUP se especializa en la transformaci\u00f3n de cobre y aluminio de la m\u00e1s alta calidad, siempre centrados en la innovaci\u00f3n continua y el desarrollo.\" \/>\n<meta name=\"robots\" content=\"index, follow, max-snippet:-1, max-image-preview:large, max-video-preview:-1\" \/>\n<link rel=\"canonical\" href=\"https:\/\/cunext.com\/en\/certificates\/\" \/>\n<meta property=\"og:locale\" content=\"en_US\" \/>\n<meta property=\"og:type\" content=\"article\" \/>\n<meta property=\"og:title\" content=\"Certificates - Cunext\" \/>\n<meta property=\"og:description\" content=\"CUNEXT GROUP se especializa en la transformaci\u00f3n de cobre y aluminio de la m\u00e1s alta calidad, siempre centrados en la innovaci\u00f3n continua y el desarrollo.\" \/>\n<meta property=\"og:url\" content=\"https:\/\/cunext.com\/en\/certificates\/\" \/>\n<meta property=\"og:site_name\" content=\"Cunext\" \/>\n<meta property=\"article:modified_time\" content=\"2025-08-06T06:14:00+00:00\" \/>\n<meta property=\"og:image\" content=\"https:\/\/cunext.com\/wp-content\/uploads\/2020\/04\/cabecera-certificados.jpg\" \/>\n\t<meta property=\"og:image:width\" content=\"1600\" \/>\n\t<meta property=\"og:image:height\" content=\"378\" \/>\n\t<meta property=\"og:image:type\" content=\"image\/jpeg\" \/>\n<meta name=\"twitter:card\" content=\"summary_large_image\" \/>\n<meta name=\"twitter:label1\" content=\"Est. reading time\" \/>\n\t<meta name=\"twitter:data1\" content=\"1 minute\" \/>\n<script type=\"application\/ld+json\" class=\"yoast-schema-graph\">{\"@context\":\"https:\\\/\\\/schema.org\",\"@graph\":[{\"@type\":\"WebPage\",\"@id\":\"https:\\\/\\\/cunext.com\\\/en\\\/certificates\\\/\",\"url\":\"https:\\\/\\\/cunext.com\\\/en\\\/certificates\\\/\",\"name\":\"Certificates - Cunext\",\"isPartOf\":{\"@id\":\"https:\\\/\\\/cunext.com\\\/en\\\/#website\"},\"primaryImageOfPage\":{\"@id\":\"https:\\\/\\\/cunext.com\\\/en\\\/certificates\\\/#primaryimage\"},\"image\":{\"@id\":\"https:\\\/\\\/cunext.com\\\/en\\\/certificates\\\/#primaryimage\"},\"thumbnailUrl\":\"https:\\\/\\\/cunext.com\\\/wp-content\\\/uploads\\\/2020\\\/04\\\/cabecera-certificados.jpg\",\"datePublished\":\"2020-04-03T09:48:29+00:00\",\"dateModified\":\"2025-08-06T06:14:00+00:00\",\"description\":\"CUNEXT GROUP se especializa en la transformaci\u00f3n de cobre y aluminio de la m\u00e1s alta calidad, siempre centrados en la innovaci\u00f3n continua y el desarrollo.\",\"breadcrumb\":{\"@id\":\"https:\\\/\\\/cunext.com\\\/en\\\/certificates\\\/#breadcrumb\"},\"inLanguage\":\"en-US\",\"potentialAction\":[{\"@type\":\"ReadAction\",\"target\":[\"https:\\\/\\\/cunext.com\\\/en\\\/certificates\\\/\"]}]},{\"@type\":\"ImageObject\",\"inLanguage\":\"en-US\",\"@id\":\"https:\\\/\\\/cunext.com\\\/en\\\/certificates\\\/#primaryimage\",\"url\":\"https:\\\/\\\/cunext.com\\\/wp-content\\\/uploads\\\/2020\\\/04\\\/cabecera-certificados.jpg\",\"contentUrl\":\"https:\\\/\\\/cunext.com\\\/wp-content\\\/uploads\\\/2020\\\/04\\\/cabecera-certificados.jpg\",\"width\":1600,\"height\":378,\"caption\":\"alambron-cobre\"},{\"@type\":\"BreadcrumbList\",\"@id\":\"https:\\\/\\\/cunext.com\\\/en\\\/certificates\\\/#breadcrumb\",\"itemListElement\":[{\"@type\":\"ListItem\",\"position\":1,\"name\":\"Portada\",\"item\":\"https:\\\/\\\/cunext.com\\\/en\\\/\"},{\"@type\":\"ListItem\",\"position\":2,\"name\":\"Certificates\"}]},{\"@type\":\"WebSite\",\"@id\":\"https:\\\/\\\/cunext.com\\\/en\\\/#website\",\"url\":\"https:\\\/\\\/cunext.com\\\/en\\\/\",\"name\":\"Cunext\",\"description\":\"Transformaci\u00f3n de cobre y aluminio\",\"publisher\":{\"@id\":\"https:\\\/\\\/cunext.com\\\/en\\\/#organization\"},\"potentialAction\":[{\"@type\":\"SearchAction\",\"target\":{\"@type\":\"EntryPoint\",\"urlTemplate\":\"https:\\\/\\\/cunext.com\\\/en\\\/?s={search_term_string}\"},\"query-input\":{\"@type\":\"PropertyValueSpecification\",\"valueRequired\":true,\"valueName\":\"search_term_string\"}}],\"inLanguage\":\"en-US\"},{\"@type\":\"Organization\",\"@id\":\"https:\\\/\\\/cunext.com\\\/en\\\/#organization\",\"name\":\"Cunext Group\",\"url\":\"https:\\\/\\\/cunext.com\\\/en\\\/\",\"logo\":{\"@type\":\"ImageObject\",\"inLanguage\":\"en-US\",\"@id\":\"https:\\\/\\\/cunext.com\\\/en\\\/#\\\/schema\\\/logo\\\/image\\\/\",\"url\":\"https:\\\/\\\/cunext.com\\\/wp-content\\\/uploads\\\/2020\\\/04\\\/logo-cunext.png\",\"contentUrl\":\"https:\\\/\\\/cunext.com\\\/wp-content\\\/uploads\\\/2020\\\/04\\\/logo-cunext.png\",\"width\":229,\"height\":57,\"caption\":\"Cunext Group\"},\"image\":{\"@id\":\"https:\\\/\\\/cunext.com\\\/en\\\/#\\\/schema\\\/logo\\\/image\\\/\"},\"sameAs\":[\"https:\\\/\\\/www.linkedin.com\\\/company\\\/cunext-copper-industries-sl\\\/\"]}]}<\/script>\n<!-- \/ Yoast SEO plugin. -->","yoast_head_json":{"title":"Certificates - Cunext","description":"CUNEXT GROUP se especializa en la transformaci\u00f3n de cobre y aluminio de la m\u00e1s alta calidad, siempre centrados en la innovaci\u00f3n continua y el desarrollo.","robots":{"index":"index","follow":"follow","max-snippet":"max-snippet:-1","max-image-preview":"max-image-preview:large","max-video-preview":"max-video-preview:-1"},"canonical":"https:\/\/cunext.com\/en\/certificates\/","og_locale":"en_US","og_type":"article","og_title":"Certificates - Cunext","og_description":"CUNEXT GROUP se especializa en la transformaci\u00f3n de cobre y aluminio de la m\u00e1s alta calidad, siempre centrados en la innovaci\u00f3n continua y el desarrollo.","og_url":"https:\/\/cunext.com\/en\/certificates\/","og_site_name":"Cunext","article_modified_time":"2025-08-06T06:14:00+00:00","og_image":[{"width":1600,"height":378,"url":"https:\/\/cunext.com\/wp-content\/uploads\/2020\/04\/cabecera-certificados.jpg","type":"image\/jpeg"}],"twitter_card":"summary_large_image","twitter_misc":{"Est. reading time":"1 minute"},"schema":{"@context":"https:\/\/schema.org","@graph":[{"@type":"WebPage","@id":"https:\/\/cunext.com\/en\/certificates\/","url":"https:\/\/cunext.com\/en\/certificates\/","name":"Certificates - Cunext","isPartOf":{"@id":"https:\/\/cunext.com\/en\/#website"},"primaryImageOfPage":{"@id":"https:\/\/cunext.com\/en\/certificates\/#primaryimage"},"image":{"@id":"https:\/\/cunext.com\/en\/certificates\/#primaryimage"},"thumbnailUrl":"https:\/\/cunext.com\/wp-content\/uploads\/2020\/04\/cabecera-certificados.jpg","datePublished":"2020-04-03T09:48:29+00:00","dateModified":"2025-08-06T06:14:00+00:00","description":"CUNEXT GROUP se especializa en la transformaci\u00f3n de cobre y aluminio de la m\u00e1s alta calidad, siempre centrados en la innovaci\u00f3n continua y el desarrollo.","breadcrumb":{"@id":"https:\/\/cunext.com\/en\/certificates\/#breadcrumb"},"inLanguage":"en-US","potentialAction":[{"@type":"ReadAction","target":["https:\/\/cunext.com\/en\/certificates\/"]}]},{"@type":"ImageObject","inLanguage":"en-US","@id":"https:\/\/cunext.com\/en\/certificates\/#primaryimage","url":"https:\/\/cunext.com\/wp-content\/uploads\/2020\/04\/cabecera-certificados.jpg","contentUrl":"https:\/\/cunext.com\/wp-content\/uploads\/2020\/04\/cabecera-certificados.jpg","width":1600,"height":378,"caption":"alambron-cobre"},{"@type":"BreadcrumbList","@id":"https:\/\/cunext.com\/en\/certificates\/#breadcrumb","itemListElement":[{"@type":"ListItem","position":1,"name":"Portada","item":"https:\/\/cunext.com\/en\/"},{"@type":"ListItem","position":2,"name":"Certificates"}]},{"@type":"WebSite","@id":"https:\/\/cunext.com\/en\/#website","url":"https:\/\/cunext.com\/en\/","name":"Cunext","description":"Transformaci\u00f3n de cobre y aluminio","publisher":{"@id":"https:\/\/cunext.com\/en\/#organization"},"potentialAction":[{"@type":"SearchAction","target":{"@type":"EntryPoint","urlTemplate":"https:\/\/cunext.com\/en\/?s={search_term_string}"},"query-input":{"@type":"PropertyValueSpecification","valueRequired":true,"valueName":"search_term_string"}}],"inLanguage":"en-US"},{"@type":"Organization","@id":"https:\/\/cunext.com\/en\/#organization","name":"Cunext Group","url":"https:\/\/cunext.com\/en\/","logo":{"@type":"ImageObject","inLanguage":"en-US","@id":"https:\/\/cunext.com\/en\/#\/schema\/logo\/image\/","url":"https:\/\/cunext.com\/wp-content\/uploads\/2020\/04\/logo-cunext.png","contentUrl":"https:\/\/cunext.com\/wp-content\/uploads\/2020\/04\/logo-cunext.png","width":229,"height":57,"caption":"Cunext Group"},"image":{"@id":"https:\/\/cunext.com\/en\/#\/schema\/logo\/image\/"},"sameAs":["https:\/\/www.linkedin.com\/company\/cunext-copper-industries-sl\/"]}]}},"_links":{"self":[{"href":"https:\/\/cunext.com\/en\/wp-json\/wp\/v2\/pages\/1273","targetHints":{"allow":["GET"]}}],"collection":[{"href":"https:\/\/cunext.com\/en\/wp-json\/wp\/v2\/pages"}],"about":[{"href":"https:\/\/cunext.com\/en\/wp-json\/wp\/v2\/types\/page"}],"author":[{"embeddable":true,"href":"https:\/\/cunext.com\/en\/wp-json\/wp\/v2\/users\/6"}],"replies":[{"embeddable":true,"href":"https:\/\/cunext.com\/en\/wp-json\/wp\/v2\/comments?post=1273"}],"version-history":[{"count":14,"href":"https:\/\/cunext.com\/en\/wp-json\/wp\/v2\/pages\/1273\/revisions"}],"predecessor-version":[{"id":5805,"href":"https:\/\/cunext.com\/en\/wp-json\/wp\/v2\/pages\/1273\/revisions\/5805"}],"wp:featuredmedia":[{"embeddable":true,"href":"https:\/\/cunext.com\/en\/wp-json\/wp\/v2\/media\/1806"}],"wp:attachment":[{"href":"https:\/\/cunext.com\/en\/wp-json\/wp\/v2\/media?parent=1273"}],"curies":[{"name":"wp","href":"https:\/\/api.w.org\/{rel}","templated":true}]}}