{"id":1265,"date":"2020-04-03T10:32:55","date_gmt":"2020-04-03T09:32:55","guid":{"rendered":"https:\/\/www.cunext.com\/?page_id=1265"},"modified":"2020-04-16T15:02:04","modified_gmt":"2020-04-16T14:02:04","slug":"products","status":"publish","type":"page","link":"https:\/\/cunext.com\/en\/products\/","title":{"rendered":"Products"},"content":{"rendered":"\n<p class=\"encabezado ancho-limitado\">Applications<\/p>\n\n\n\n<h2 class=\"ancho-limitado wp-block-heading\"> These are the main uses<br>of our products <\/h2>\n\n\n\n<div style=\"height:50px\" aria-hidden=\"true\" class=\"wp-block-spacer\"><\/div>\n\n\n<section class=\"servicios-iconos-home\" style=\"background-color: \">\n    <div class=\"ancho-limitado\">\n                            <div class=\"servicios\">\n                                    <div class=\"servicio-icono-home\">\n                        <div class=\"icono-home\">\n                            <img decoding=\"async\" src=\"https:\/\/cunext.com\/wp-content\/uploads\/2020\/02\/transporte.png\" title=\"Transport\" alt=\"Transport\"\/>\n                        <\/div>\n                        <div class=\"info-servicio\">\n                            <h3>Transport<\/h3>\n                            <p>Copper is used in a number of car and truck components, mainly radiators, brakes and bearings, in addition to, of course, cabling and electric engines. It is used intensively in the automotive and railway sectors.<\/p>\n                        <\/div>\n                    <\/div>\n                                    <div class=\"servicio-icono-home\">\n                        <div class=\"icono-home\">\n                            <img decoding=\"async\" src=\"https:\/\/cunext.com\/wp-content\/uploads\/2020\/02\/electricas.png\" title=\"Electrical\" alt=\"Electrical\"\/>\n                        <\/div>\n                        <div class=\"info-servicio\">\n                            <h3>Electrical<\/h3>\n                            <p>Copper and aluminum are electrically conductive metals, reason for which it has become the most widely used metal in the manufacture of electrical cabling for both industrial and residential use, in the electricity and energy, telecommunications and renewable energy sectors, among others.<\/p>\n                        <\/div>\n                    <\/div>\n                                    <div class=\"servicio-icono-home\">\n                        <div class=\"icono-home\">\n                            <img decoding=\"async\" src=\"https:\/\/cunext.com\/wp-content\/uploads\/2020\/02\/construccion.png\" title=\"Construction\" alt=\"Construction\"\/>\n                        <\/div>\n                        <div class=\"info-servicio\">\n                            <h3>Construction<\/h3>\n                            <p>The use of copper by companies dedicated to construction and ornamentation is widespread, due to the fact a large part of water supply networks is made of copper or brass due to their resistance to corrosion and anti-microbial properties.<\/p>\n                        <\/div>\n                    <\/div>\n                                    <div class=\"servicio-icono-home\">\n                        <div class=\"icono-home\">\n                            <img decoding=\"async\" src=\"https:\/\/cunext.com\/wp-content\/uploads\/2020\/02\/monedas.png\" title=\"Coins\" alt=\"Coins\"\/>\n                        <\/div>\n                        <div class=\"info-servicio\">\n                            <h3>Coins<\/h3>\n                            <p>The most common known use of processed copper. Ever since coins began to be minted in ancient times, copper has been used as the raw material, sometimes pure, but more often in alloy form.<\/p>\n                        <\/div>\n                    <\/div>\n                            <\/div>\n                    <\/div>\n<\/section>\n\n\n<div style=\"height:120px\" aria-hidden=\"true\" class=\"wp-block-spacer\"><\/div>\n\n\n\n<div class=\"wp-block-cover productos-destacados\" style=\"background-image:url(https:\/\/cunext.com\/wp-content\/uploads\/2020\/01\/wire-rod-aluminium.png);min-height:555px;aspect-ratio:unset;\"><div class=\"wp-block-cover__inner-container is-layout-flow wp-block-cover-is-layout-flow\">\n<div class=\"wp-block-group cuadro-info-destacado\"><div class=\"wp-block-group__inner-container is-layout-flow wp-block-group-is-layout-flow\">\n<h2 class=\"cat-padre wp-block-heading\"><strong>Cunext<\/strong><\/h2>\n\n\n\n<h3 class=\"nomb-producto wp-block-heading\">Download our catalogue<\/h3>\n\n\n\n<p>Get to know our products in detail, each and every one of their properties and variants through our catalogue.<\/p>\n\n\n\n<p class=\"enlace-producto\"><a href=\"https:\/\/cunext.com\/#\">Download the catalogue <i class=\"fa fa-long-arrow-right\" aria-hidden=\"true\"><\/i><\/a><\/p>\n<\/div><\/div>\n<\/div><\/div>\n\n\n\n<div style=\"height:50px\" aria-hidden=\"true\" class=\"wp-block-spacer\"><\/div>\n\n\n<section class=\"nuestros-productos\" style=\"background-color: #ffffff\">\n    <div class=\"ancho-limitado-full\">\n        <div class=\"zona-texto ancho-limitado-plus\">\n            <h2>Products<\/h2>\n            <p class=\"titulo-nuestros-productos\">These are our<br \/>\nproduct lines.<\/p>\n        <\/div>\n        <div class=\"zona-productos\">\n                    <div class=\"productos\">\n                                                                    <div class=\"producto\">\n                        <img decoding=\"async\" src=\"https:\/\/cunext.com\/wp-content\/uploads\/2020\/03\/cobre-756x376.jpg\" title=\"Copper\" alt=\"Copper\"\/>\n                        <a href=\"https:\/\/cunext.com\/en\/catalogo\/copper\/\"><div class=\"oscurecedor\"><\/div>\n                            <div class=\"info-producto\">\n                                <p class=\"titulo-producto\">Copper<\/p>\n                                <p class=\"texto-producto\">Copper products<\/p>\n                            <\/div>\n                        <\/a>\n                    <\/div>\n                                                                    <div class=\"producto\">\n                        <img decoding=\"async\" src=\"https:\/\/cunext.com\/wp-content\/uploads\/2020\/03\/aluminio-756x376.jpg\" title=\"Aluminium\" alt=\"Aluminium\"\/>\n                        <a href=\"https:\/\/cunext.com\/en\/catalogo\/aluminium-en\/\"><div class=\"oscurecedor\"><\/div>\n                            <div class=\"info-producto\">\n                                <p class=\"titulo-producto\">Aluminium<\/p>\n                                <p class=\"texto-producto\">Aliminium products<\/p>\n                            <\/div>\n                        <\/a>\n                    <\/div>\n                                                                    <div class=\"producto\">\n                        <img decoding=\"async\" src=\"https:\/\/cunext.com\/wp-content\/uploads\/2020\/03\/piezas-y-subconjuntos-756x376.jpg\" title=\"Parts and sub-assemblies\" alt=\"Parts and sub-assemblies\"\/>\n                        <a href=\"https:\/\/cunext.com\/en\/catalogo\/parts-and-sub-assemblies\/\"><div class=\"oscurecedor\"><\/div>\n                            <div class=\"info-producto\">\n                                <p class=\"titulo-producto\">Parts and sub-assemblies<\/p>\n                                <p class=\"texto-producto\">Parts and sub-assemblies<\/p>\n                            <\/div>\n                        <\/a>\n                    <\/div>\n                            <\/div>\n                <\/div>\n            <\/div>\n<\/section>","protected":false},"excerpt":{"rendered":"<p>Applications These are the main usesof our products<\/p>\n","protected":false},"author":6,"featured_media":1873,"parent":0,"menu_order":0,"comment_status":"closed","ping_status":"closed","template":"","meta":{"_acf_changed":false,"footnotes":""},"class_list":["post-1265","page","type-page","status-publish","has-post-thumbnail","hentry"],"acf":[],"yoast_head":"<!-- This site is optimized with the Yoast SEO plugin v27.3 - https:\/\/yoast.com\/product\/yoast-seo-wordpress\/ -->\n<title>Products - Cunext<\/title>\n<meta name=\"description\" content=\"CUNEXT GROUP se especializa en la transformaci\u00f3n de cobre y aluminio de la m\u00e1s alta calidad, siempre centrados en la innovaci\u00f3n continua y el desarrollo.\" \/>\n<meta name=\"robots\" content=\"index, follow, max-snippet:-1, max-image-preview:large, max-video-preview:-1\" \/>\n<link rel=\"canonical\" href=\"https:\/\/cunext.com\/en\/products\/\" \/>\n<meta property=\"og:locale\" content=\"en_US\" \/>\n<meta property=\"og:type\" content=\"article\" \/>\n<meta property=\"og:title\" content=\"Products - Cunext\" \/>\n<meta property=\"og:description\" content=\"CUNEXT GROUP se especializa en la transformaci\u00f3n de cobre y aluminio de la m\u00e1s alta calidad, siempre centrados en la innovaci\u00f3n continua y el desarrollo.\" \/>\n<meta property=\"og:url\" content=\"https:\/\/cunext.com\/en\/products\/\" \/>\n<meta property=\"og:site_name\" content=\"Cunext\" \/>\n<meta property=\"article:modified_time\" content=\"2020-04-16T14:02:04+00:00\" \/>\n<meta property=\"og:image\" content=\"https:\/\/cunext.com\/wp-content\/uploads\/2020\/04\/cabecera-productos.jpg\" \/>\n\t<meta property=\"og:image:width\" content=\"1600\" \/>\n\t<meta property=\"og:image:height\" content=\"378\" \/>\n\t<meta property=\"og:image:type\" content=\"image\/jpeg\" \/>\n<meta name=\"twitter:card\" content=\"summary_large_image\" \/>\n<script type=\"application\/ld+json\" class=\"yoast-schema-graph\">{\"@context\":\"https:\\\/\\\/schema.org\",\"@graph\":[{\"@type\":\"WebPage\",\"@id\":\"https:\\\/\\\/cunext.com\\\/en\\\/products\\\/\",\"url\":\"https:\\\/\\\/cunext.com\\\/en\\\/products\\\/\",\"name\":\"Products - Cunext\",\"isPartOf\":{\"@id\":\"https:\\\/\\\/cunext.com\\\/en\\\/#website\"},\"primaryImageOfPage\":{\"@id\":\"https:\\\/\\\/cunext.com\\\/en\\\/products\\\/#primaryimage\"},\"image\":{\"@id\":\"https:\\\/\\\/cunext.com\\\/en\\\/products\\\/#primaryimage\"},\"thumbnailUrl\":\"https:\\\/\\\/cunext.com\\\/wp-content\\\/uploads\\\/2020\\\/04\\\/cabecera-productos.jpg\",\"datePublished\":\"2020-04-03T09:32:55+00:00\",\"dateModified\":\"2020-04-16T14:02:04+00:00\",\"description\":\"CUNEXT GROUP se especializa en la transformaci\u00f3n de cobre y aluminio de la m\u00e1s alta calidad, siempre centrados en la innovaci\u00f3n continua y el desarrollo.\",\"breadcrumb\":{\"@id\":\"https:\\\/\\\/cunext.com\\\/en\\\/products\\\/#breadcrumb\"},\"inLanguage\":\"en-US\",\"potentialAction\":[{\"@type\":\"ReadAction\",\"target\":[\"https:\\\/\\\/cunext.com\\\/en\\\/products\\\/\"]}]},{\"@type\":\"ImageObject\",\"inLanguage\":\"en-US\",\"@id\":\"https:\\\/\\\/cunext.com\\\/en\\\/products\\\/#primaryimage\",\"url\":\"https:\\\/\\\/cunext.com\\\/wp-content\\\/uploads\\\/2020\\\/04\\\/cabecera-productos.jpg\",\"contentUrl\":\"https:\\\/\\\/cunext.com\\\/wp-content\\\/uploads\\\/2020\\\/04\\\/cabecera-productos.jpg\",\"width\":1600,\"height\":378,\"caption\":\"alambres-metalicos\"},{\"@type\":\"BreadcrumbList\",\"@id\":\"https:\\\/\\\/cunext.com\\\/en\\\/products\\\/#breadcrumb\",\"itemListElement\":[{\"@type\":\"ListItem\",\"position\":1,\"name\":\"Portada\",\"item\":\"https:\\\/\\\/cunext.com\\\/en\\\/\"},{\"@type\":\"ListItem\",\"position\":2,\"name\":\"Products\"}]},{\"@type\":\"WebSite\",\"@id\":\"https:\\\/\\\/cunext.com\\\/en\\\/#website\",\"url\":\"https:\\\/\\\/cunext.com\\\/en\\\/\",\"name\":\"Cunext\",\"description\":\"Transformaci\u00f3n de cobre y aluminio\",\"publisher\":{\"@id\":\"https:\\\/\\\/cunext.com\\\/en\\\/#organization\"},\"potentialAction\":[{\"@type\":\"SearchAction\",\"target\":{\"@type\":\"EntryPoint\",\"urlTemplate\":\"https:\\\/\\\/cunext.com\\\/en\\\/?s={search_term_string}\"},\"query-input\":{\"@type\":\"PropertyValueSpecification\",\"valueRequired\":true,\"valueName\":\"search_term_string\"}}],\"inLanguage\":\"en-US\"},{\"@type\":\"Organization\",\"@id\":\"https:\\\/\\\/cunext.com\\\/en\\\/#organization\",\"name\":\"Cunext Group\",\"url\":\"https:\\\/\\\/cunext.com\\\/en\\\/\",\"logo\":{\"@type\":\"ImageObject\",\"inLanguage\":\"en-US\",\"@id\":\"https:\\\/\\\/cunext.com\\\/en\\\/#\\\/schema\\\/logo\\\/image\\\/\",\"url\":\"https:\\\/\\\/cunext.com\\\/wp-content\\\/uploads\\\/2020\\\/04\\\/logo-cunext.png\",\"contentUrl\":\"https:\\\/\\\/cunext.com\\\/wp-content\\\/uploads\\\/2020\\\/04\\\/logo-cunext.png\",\"width\":229,\"height\":57,\"caption\":\"Cunext Group\"},\"image\":{\"@id\":\"https:\\\/\\\/cunext.com\\\/en\\\/#\\\/schema\\\/logo\\\/image\\\/\"},\"sameAs\":[\"https:\\\/\\\/www.linkedin.com\\\/company\\\/cunext-copper-industries-sl\\\/\"]}]}<\/script>\n<!-- \/ Yoast SEO plugin. -->","yoast_head_json":{"title":"Products - Cunext","description":"CUNEXT GROUP se especializa en la transformaci\u00f3n de cobre y aluminio de la m\u00e1s alta calidad, siempre centrados en la innovaci\u00f3n continua y el desarrollo.","robots":{"index":"index","follow":"follow","max-snippet":"max-snippet:-1","max-image-preview":"max-image-preview:large","max-video-preview":"max-video-preview:-1"},"canonical":"https:\/\/cunext.com\/en\/products\/","og_locale":"en_US","og_type":"article","og_title":"Products - Cunext","og_description":"CUNEXT GROUP se especializa en la transformaci\u00f3n de cobre y aluminio de la m\u00e1s alta calidad, siempre centrados en la innovaci\u00f3n continua y el desarrollo.","og_url":"https:\/\/cunext.com\/en\/products\/","og_site_name":"Cunext","article_modified_time":"2020-04-16T14:02:04+00:00","og_image":[{"width":1600,"height":378,"url":"https:\/\/cunext.com\/wp-content\/uploads\/2020\/04\/cabecera-productos.jpg","type":"image\/jpeg"}],"twitter_card":"summary_large_image","schema":{"@context":"https:\/\/schema.org","@graph":[{"@type":"WebPage","@id":"https:\/\/cunext.com\/en\/products\/","url":"https:\/\/cunext.com\/en\/products\/","name":"Products - Cunext","isPartOf":{"@id":"https:\/\/cunext.com\/en\/#website"},"primaryImageOfPage":{"@id":"https:\/\/cunext.com\/en\/products\/#primaryimage"},"image":{"@id":"https:\/\/cunext.com\/en\/products\/#primaryimage"},"thumbnailUrl":"https:\/\/cunext.com\/wp-content\/uploads\/2020\/04\/cabecera-productos.jpg","datePublished":"2020-04-03T09:32:55+00:00","dateModified":"2020-04-16T14:02:04+00:00","description":"CUNEXT GROUP se especializa en la transformaci\u00f3n de cobre y aluminio de la m\u00e1s alta calidad, siempre centrados en la innovaci\u00f3n continua y el desarrollo.","breadcrumb":{"@id":"https:\/\/cunext.com\/en\/products\/#breadcrumb"},"inLanguage":"en-US","potentialAction":[{"@type":"ReadAction","target":["https:\/\/cunext.com\/en\/products\/"]}]},{"@type":"ImageObject","inLanguage":"en-US","@id":"https:\/\/cunext.com\/en\/products\/#primaryimage","url":"https:\/\/cunext.com\/wp-content\/uploads\/2020\/04\/cabecera-productos.jpg","contentUrl":"https:\/\/cunext.com\/wp-content\/uploads\/2020\/04\/cabecera-productos.jpg","width":1600,"height":378,"caption":"alambres-metalicos"},{"@type":"BreadcrumbList","@id":"https:\/\/cunext.com\/en\/products\/#breadcrumb","itemListElement":[{"@type":"ListItem","position":1,"name":"Portada","item":"https:\/\/cunext.com\/en\/"},{"@type":"ListItem","position":2,"name":"Products"}]},{"@type":"WebSite","@id":"https:\/\/cunext.com\/en\/#website","url":"https:\/\/cunext.com\/en\/","name":"Cunext","description":"Transformaci\u00f3n de cobre y aluminio","publisher":{"@id":"https:\/\/cunext.com\/en\/#organization"},"potentialAction":[{"@type":"SearchAction","target":{"@type":"EntryPoint","urlTemplate":"https:\/\/cunext.com\/en\/?s={search_term_string}"},"query-input":{"@type":"PropertyValueSpecification","valueRequired":true,"valueName":"search_term_string"}}],"inLanguage":"en-US"},{"@type":"Organization","@id":"https:\/\/cunext.com\/en\/#organization","name":"Cunext Group","url":"https:\/\/cunext.com\/en\/","logo":{"@type":"ImageObject","inLanguage":"en-US","@id":"https:\/\/cunext.com\/en\/#\/schema\/logo\/image\/","url":"https:\/\/cunext.com\/wp-content\/uploads\/2020\/04\/logo-cunext.png","contentUrl":"https:\/\/cunext.com\/wp-content\/uploads\/2020\/04\/logo-cunext.png","width":229,"height":57,"caption":"Cunext Group"},"image":{"@id":"https:\/\/cunext.com\/en\/#\/schema\/logo\/image\/"},"sameAs":["https:\/\/www.linkedin.com\/company\/cunext-copper-industries-sl\/"]}]}},"_links":{"self":[{"href":"https:\/\/cunext.com\/en\/wp-json\/wp\/v2\/pages\/1265","targetHints":{"allow":["GET"]}}],"collection":[{"href":"https:\/\/cunext.com\/en\/wp-json\/wp\/v2\/pages"}],"about":[{"href":"https:\/\/cunext.com\/en\/wp-json\/wp\/v2\/types\/page"}],"author":[{"embeddable":true,"href":"https:\/\/cunext.com\/en\/wp-json\/wp\/v2\/users\/6"}],"replies":[{"embeddable":true,"href":"https:\/\/cunext.com\/en\/wp-json\/wp\/v2\/comments?post=1265"}],"version-history":[{"count":12,"href":"https:\/\/cunext.com\/en\/wp-json\/wp\/v2\/pages\/1265\/revisions"}],"predecessor-version":[{"id":1765,"href":"https:\/\/cunext.com\/en\/wp-json\/wp\/v2\/pages\/1265\/revisions\/1765"}],"wp:featuredmedia":[{"embeddable":true,"href":"https:\/\/cunext.com\/en\/wp-json\/wp\/v2\/media\/1873"}],"wp:attachment":[{"href":"https:\/\/cunext.com\/en\/wp-json\/wp\/v2\/media?parent=1265"}],"curies":[{"name":"wp","href":"https:\/\/api.w.org\/{rel}","templated":true}]}}