{"id":1261,"date":"2020-04-03T10:21:02","date_gmt":"2020-04-03T09:21:02","guid":{"rendered":"https:\/\/www.cunext.com\/?page_id=1261"},"modified":"2020-04-16T12:59:22","modified_gmt":"2020-04-16T11:59:22","slug":"history","status":"publish","type":"page","link":"https:\/\/cunext.com\/en\/cunext-group\/history\/","title":{"rendered":"History"},"content":{"rendered":"\n<h2 class=\"wp-block-heading\">Over 100 years at the forefront of the copper and aluminum industry.<\/h2>\n\n\n\n<hr class=\"wp-block-separator has-text-color has-background ancho-limitado-plus\" style=\"background-color:#a15d42;color:#a15d42\"\/>\n\n\n\n<div style=\"height:30px\" aria-hidden=\"true\" class=\"wp-block-spacer\"><\/div>\n\n\n\n<p class=\"ancho-limitado-plus\">Ever since the founding of the Spanish Society of Electromechanical Constructions (SECEM) in 1917, Cunext has been focusing its efforts on the transformation of copper, with the inclusion of aluminum in 2015, geared to ensuring continuous growth and consolidation in the provision of solutions related to the transmission of energy, data and signals.<\/p>\n\n\n\n<p class=\"ancho-limitado-plus\">As such, the Cunext Group provides its products to the automotive, telecommunications, energy, railway and construction industries, among others.<\/p>\n\n\n\n<div style=\"height:50px\" aria-hidden=\"true\" class=\"wp-block-spacer\"><\/div>\n\n\n<section class=\"timeline\">\n    <div class=\"historia\">\n            <span id=\"fecha-prev\" class=\"fa fa-angle-up\"><\/span>\n\t\t<span id=\"fecha-next\" class=\"fa fa-angle-down\"><\/span>\n        <div class=\"navegacion-fechas\">\n                            <div class=\"pagination-fecha\" valor=\"0\"><span class=\"punto-fecha\"><\/span>1917<\/div>\n                            <div class=\"pagination-fecha\" valor=\"1\"><span class=\"punto-fecha\"><\/span>1978<\/div>\n                            <div class=\"pagination-fecha\" valor=\"2\"><span class=\"punto-fecha\"><\/span>1990<\/div>\n                            <div class=\"pagination-fecha\" valor=\"3\"><span class=\"punto-fecha\"><\/span>1993<\/div>\n                            <div class=\"pagination-fecha\" valor=\"4\"><span class=\"punto-fecha\"><\/span>2005<\/div>\n                            <div class=\"pagination-fecha\" valor=\"5\"><span class=\"punto-fecha\"><\/span>2009<\/div>\n                            <div class=\"pagination-fecha\" valor=\"6\"><span class=\"punto-fecha\"><\/span>2013<\/div>\n                            <div class=\"pagination-fecha\" valor=\"7\"><span class=\"punto-fecha\"><\/span>2015<\/div>\n                            <div class=\"pagination-fecha\" valor=\"8\"><span class=\"punto-fecha\"><\/span>2017<\/div>\n                            <div class=\"pagination-fecha\" valor=\"9\"><span class=\"punto-fecha\"><\/span>2018<\/div>\n                    <\/div>\n                <div class=\"conjunto-fechas\">\n            <div class=\"fechas owl-carousel owl-theme\">\n                                    <div class=\"fecha\" style=\"background-image: url(https:\/\/cunext.com\/wp-content\/uploads\/2020\/02\/1917_InicioHistoriaCunext.jpg);\">\n                        <div class=\"informacion-historia\">\n                            <span class=\"timeline-fecha\">1917<\/span>\n                            <h4 class=\"timeline-title\">The beginning of our history<\/h4>\n                            <p class=\"timeline-texto\">Founding of the Spanish Society of Electromechanical Constructions.<\/p>                        <\/div>\n                    <\/div>\n                                    <div class=\"fecha\" style=\"background-image: url(https:\/\/cunext.com\/wp-content\/uploads\/2020\/02\/1978_Constituci\u00f3nIbercobre.jpg);\">\n                        <div class=\"informacion-historia\">\n                            <span class=\"timeline-fecha\">1978<\/span>\n                            <h4 class=\"timeline-title\">The founding of Ibercobre<\/h4>\n                            <p class=\"timeline-texto\">The merger of Pradera Hermanos, Sociedad Industrial Asturiana, S.A. and Earle to form Ib\u00e9rica del Cobre.<\/p>                        <\/div>\n                    <\/div>\n                                    <div class=\"fecha\" style=\"background-image: url(https:\/\/cunext.com\/wp-content\/uploads\/2020\/02\/1990_Metalcable.jpg);\">\n                        <div class=\"informacion-historia\">\n                            <span class=\"timeline-fecha\">1990<\/span>\n                            <h4 class=\"timeline-title\">Metalcable<\/h4>\n                                                    <\/div>\n                    <\/div>\n                                    <div class=\"fecha\" style=\"background-image: url(https:\/\/cunext.com\/wp-content\/uploads\/2020\/02\/1993_FreeportMCMoran.jpg);\">\n                        <div class=\"informacion-historia\">\n                            <span class=\"timeline-fecha\">1993<\/span>\n                            <h4 class=\"timeline-title\">Freeport McMoran Copper &amp; Gold\/Atlantic Copper<\/h4>\n                                                    <\/div>\n                    <\/div>\n                                    <div class=\"fecha\" style=\"background-image: url(https:\/\/cunext.com\/wp-content\/uploads\/2020\/02\/2005_NaceCunextCopperIndustries.jpg);\">\n                        <div class=\"informacion-historia\">\n                            <span class=\"timeline-fecha\">2005<\/span>\n                            <h4 class=\"timeline-title\">The founding of Cunext Copper Industries<\/h4>\n                            <p class=\"timeline-texto\">The modernisation of the company\u00b4s processes.<\/p>                        <\/div>\n                    <\/div>\n                                    <div class=\"fecha\" style=\"background-image: url(https:\/\/cunext.com\/wp-content\/uploads\/2020\/02\/2009_CunextGroup.jpg);\">\n                        <div class=\"informacion-historia\">\n                            <span class=\"timeline-fecha\">2009<\/span>\n                            <h4 class=\"timeline-title\">Organisation under the name Cunext Group<\/h4>\n                            <p class=\"timeline-texto\">Inclusion of Estacor and the founding of Cablexur. Tinning is added to the production process.<\/p>                        <\/div>\n                    <\/div>\n                                    <div class=\"fecha\" style=\"background-image: url(https:\/\/cunext.com\/wp-content\/uploads\/2020\/02\/2013_NaceAsturcopper.jpg);\">\n                        <div class=\"informacion-historia\">\n                            <span class=\"timeline-fecha\">2013<\/span>\n                            <h4 class=\"timeline-title\">Asturcopper joins the group<\/h4>\n                            <p class=\"timeline-texto\">An increase in the production of drawn wire.<\/p>                        <\/div>\n                    <\/div>\n                                    <div class=\"fecha\" style=\"background-image: url(https:\/\/cunext.com\/wp-content\/uploads\/2020\/02\/2015_AluminioencarteraCunext.jpg);\">\n                        <div class=\"informacion-historia\">\n                            <span class=\"timeline-fecha\">2015<\/span>\n                            <h4 class=\"timeline-title\">Aluminum is added to Cunext&#8217;s product portfolio<\/h4>\n                            <p class=\"timeline-texto\">Transformados Cunext Copper, ECN Trefiler\u00eda, ECN Colada de Aluminio and ECN are founded.<\/p>                        <\/div>\n                    <\/div>\n                                    <div class=\"fecha\" style=\"background-image: url(https:\/\/cunext.com\/wp-content\/uploads\/2020\/02\/2017_NaceCombisa.jpg);\">\n                        <div class=\"informacion-historia\">\n                            <span class=\"timeline-fecha\">2017<\/span>\n                            <h4 class=\"timeline-title\">Transformados Combisa joins the group<\/h4>\n                                                    <\/div>\n                    <\/div>\n                                    <div class=\"fecha\" style=\"background-image: url(https:\/\/cunext.com\/wp-content\/uploads\/2020\/02\/2018_Incorporaci\u00f3nGrupoTravactec.jpg);\">\n                        <div class=\"informacion-historia\">\n                            <span class=\"timeline-fecha\">2018<\/span>\n                            <h4 class=\"timeline-title\">Travartec joins the group<\/h4>\n                            <p class=\"timeline-texto\">The group expands to the Italian market<\/p>                        <\/div>\n                    <\/div>\n                            <\/div>\n        <\/div>\n        <\/div>\n<\/section>","protected":false},"excerpt":{"rendered":"<p>Over 100 years at the forefront of the copper and aluminum industry. Ever since the founding of the Spanish Society of Electromechanical Constructions (SECEM) in&#8230;<\/p>\n","protected":false},"author":6,"featured_media":1861,"parent":1240,"menu_order":0,"comment_status":"closed","ping_status":"closed","template":"","meta":{"_acf_changed":false,"footnotes":""},"class_list":["post-1261","page","type-page","status-publish","has-post-thumbnail","hentry"],"acf":[],"yoast_head":"<!-- This site is optimized with the Yoast SEO plugin v27.3 - https:\/\/yoast.com\/product\/yoast-seo-wordpress\/ -->\n<title>History - Cunext<\/title>\n<meta name=\"description\" content=\"CUNEXT GROUP se especializa en la transformaci\u00f3n de cobre y aluminio de la m\u00e1s alta calidad, siempre centrados en la innovaci\u00f3n continua y el desarrollo.\" \/>\n<meta name=\"robots\" content=\"index, follow, max-snippet:-1, max-image-preview:large, max-video-preview:-1\" \/>\n<link rel=\"canonical\" href=\"https:\/\/cunext.com\/en\/cunext-group\/history\/\" \/>\n<meta property=\"og:locale\" content=\"en_US\" \/>\n<meta property=\"og:type\" content=\"article\" \/>\n<meta property=\"og:title\" content=\"History - Cunext\" \/>\n<meta property=\"og:description\" content=\"CUNEXT GROUP se especializa en la transformaci\u00f3n de cobre y aluminio de la m\u00e1s alta calidad, siempre centrados en la innovaci\u00f3n continua y el desarrollo.\" \/>\n<meta property=\"og:url\" content=\"https:\/\/cunext.com\/en\/cunext-group\/history\/\" \/>\n<meta property=\"og:site_name\" content=\"Cunext\" \/>\n<meta property=\"article:modified_time\" content=\"2020-04-16T11:59:22+00:00\" \/>\n<meta property=\"og:image\" content=\"https:\/\/cunext.com\/wp-content\/uploads\/2020\/04\/cabecera-historia.jpg\" \/>\n\t<meta property=\"og:image:width\" content=\"1600\" \/>\n\t<meta property=\"og:image:height\" content=\"378\" \/>\n\t<meta property=\"og:image:type\" content=\"image\/jpeg\" \/>\n<meta name=\"twitter:card\" content=\"summary_large_image\" \/>\n<script type=\"application\/ld+json\" class=\"yoast-schema-graph\">{\"@context\":\"https:\\\/\\\/schema.org\",\"@graph\":[{\"@type\":\"WebPage\",\"@id\":\"https:\\\/\\\/cunext.com\\\/en\\\/cunext-group\\\/history\\\/\",\"url\":\"https:\\\/\\\/cunext.com\\\/en\\\/cunext-group\\\/history\\\/\",\"name\":\"History - Cunext\",\"isPartOf\":{\"@id\":\"https:\\\/\\\/cunext.com\\\/en\\\/#website\"},\"primaryImageOfPage\":{\"@id\":\"https:\\\/\\\/cunext.com\\\/en\\\/cunext-group\\\/history\\\/#primaryimage\"},\"image\":{\"@id\":\"https:\\\/\\\/cunext.com\\\/en\\\/cunext-group\\\/history\\\/#primaryimage\"},\"thumbnailUrl\":\"https:\\\/\\\/cunext.com\\\/wp-content\\\/uploads\\\/2020\\\/04\\\/cabecera-historia.jpg\",\"datePublished\":\"2020-04-03T09:21:02+00:00\",\"dateModified\":\"2020-04-16T11:59:22+00:00\",\"description\":\"CUNEXT GROUP se especializa en la transformaci\u00f3n de cobre y aluminio de la m\u00e1s alta calidad, siempre centrados en la innovaci\u00f3n continua y el desarrollo.\",\"breadcrumb\":{\"@id\":\"https:\\\/\\\/cunext.com\\\/en\\\/cunext-group\\\/history\\\/#breadcrumb\"},\"inLanguage\":\"en-US\",\"potentialAction\":[{\"@type\":\"ReadAction\",\"target\":[\"https:\\\/\\\/cunext.com\\\/en\\\/cunext-group\\\/history\\\/\"]}]},{\"@type\":\"ImageObject\",\"inLanguage\":\"en-US\",\"@id\":\"https:\\\/\\\/cunext.com\\\/en\\\/cunext-group\\\/history\\\/#primaryimage\",\"url\":\"https:\\\/\\\/cunext.com\\\/wp-content\\\/uploads\\\/2020\\\/04\\\/cabecera-historia.jpg\",\"contentUrl\":\"https:\\\/\\\/cunext.com\\\/wp-content\\\/uploads\\\/2020\\\/04\\\/cabecera-historia.jpg\",\"width\":1600,\"height\":378,\"caption\":\"construcciones-electro-mecanicas\"},{\"@type\":\"BreadcrumbList\",\"@id\":\"https:\\\/\\\/cunext.com\\\/en\\\/cunext-group\\\/history\\\/#breadcrumb\",\"itemListElement\":[{\"@type\":\"ListItem\",\"position\":1,\"name\":\"Portada\",\"item\":\"https:\\\/\\\/cunext.com\\\/en\\\/\"},{\"@type\":\"ListItem\",\"position\":2,\"name\":\"Cunext Group\",\"item\":\"https:\\\/\\\/cunext.com\\\/en\\\/cunext-group\\\/\"},{\"@type\":\"ListItem\",\"position\":3,\"name\":\"History\"}]},{\"@type\":\"WebSite\",\"@id\":\"https:\\\/\\\/cunext.com\\\/en\\\/#website\",\"url\":\"https:\\\/\\\/cunext.com\\\/en\\\/\",\"name\":\"Cunext\",\"description\":\"Transformaci\u00f3n de cobre y aluminio\",\"publisher\":{\"@id\":\"https:\\\/\\\/cunext.com\\\/en\\\/#organization\"},\"potentialAction\":[{\"@type\":\"SearchAction\",\"target\":{\"@type\":\"EntryPoint\",\"urlTemplate\":\"https:\\\/\\\/cunext.com\\\/en\\\/?s={search_term_string}\"},\"query-input\":{\"@type\":\"PropertyValueSpecification\",\"valueRequired\":true,\"valueName\":\"search_term_string\"}}],\"inLanguage\":\"en-US\"},{\"@type\":\"Organization\",\"@id\":\"https:\\\/\\\/cunext.com\\\/en\\\/#organization\",\"name\":\"Cunext Group\",\"url\":\"https:\\\/\\\/cunext.com\\\/en\\\/\",\"logo\":{\"@type\":\"ImageObject\",\"inLanguage\":\"en-US\",\"@id\":\"https:\\\/\\\/cunext.com\\\/en\\\/#\\\/schema\\\/logo\\\/image\\\/\",\"url\":\"https:\\\/\\\/cunext.com\\\/wp-content\\\/uploads\\\/2020\\\/04\\\/logo-cunext.png\",\"contentUrl\":\"https:\\\/\\\/cunext.com\\\/wp-content\\\/uploads\\\/2020\\\/04\\\/logo-cunext.png\",\"width\":229,\"height\":57,\"caption\":\"Cunext Group\"},\"image\":{\"@id\":\"https:\\\/\\\/cunext.com\\\/en\\\/#\\\/schema\\\/logo\\\/image\\\/\"},\"sameAs\":[\"https:\\\/\\\/www.linkedin.com\\\/company\\\/cunext-copper-industries-sl\\\/\"]}]}<\/script>\n<!-- \/ Yoast SEO plugin. -->","yoast_head_json":{"title":"History - Cunext","description":"CUNEXT GROUP se especializa en la transformaci\u00f3n de cobre y aluminio de la m\u00e1s alta calidad, siempre centrados en la innovaci\u00f3n continua y el desarrollo.","robots":{"index":"index","follow":"follow","max-snippet":"max-snippet:-1","max-image-preview":"max-image-preview:large","max-video-preview":"max-video-preview:-1"},"canonical":"https:\/\/cunext.com\/en\/cunext-group\/history\/","og_locale":"en_US","og_type":"article","og_title":"History - Cunext","og_description":"CUNEXT GROUP se especializa en la transformaci\u00f3n de cobre y aluminio de la m\u00e1s alta calidad, siempre centrados en la innovaci\u00f3n continua y el desarrollo.","og_url":"https:\/\/cunext.com\/en\/cunext-group\/history\/","og_site_name":"Cunext","article_modified_time":"2020-04-16T11:59:22+00:00","og_image":[{"width":1600,"height":378,"url":"https:\/\/cunext.com\/wp-content\/uploads\/2020\/04\/cabecera-historia.jpg","type":"image\/jpeg"}],"twitter_card":"summary_large_image","schema":{"@context":"https:\/\/schema.org","@graph":[{"@type":"WebPage","@id":"https:\/\/cunext.com\/en\/cunext-group\/history\/","url":"https:\/\/cunext.com\/en\/cunext-group\/history\/","name":"History - Cunext","isPartOf":{"@id":"https:\/\/cunext.com\/en\/#website"},"primaryImageOfPage":{"@id":"https:\/\/cunext.com\/en\/cunext-group\/history\/#primaryimage"},"image":{"@id":"https:\/\/cunext.com\/en\/cunext-group\/history\/#primaryimage"},"thumbnailUrl":"https:\/\/cunext.com\/wp-content\/uploads\/2020\/04\/cabecera-historia.jpg","datePublished":"2020-04-03T09:21:02+00:00","dateModified":"2020-04-16T11:59:22+00:00","description":"CUNEXT GROUP se especializa en la transformaci\u00f3n de cobre y aluminio de la m\u00e1s alta calidad, siempre centrados en la innovaci\u00f3n continua y el desarrollo.","breadcrumb":{"@id":"https:\/\/cunext.com\/en\/cunext-group\/history\/#breadcrumb"},"inLanguage":"en-US","potentialAction":[{"@type":"ReadAction","target":["https:\/\/cunext.com\/en\/cunext-group\/history\/"]}]},{"@type":"ImageObject","inLanguage":"en-US","@id":"https:\/\/cunext.com\/en\/cunext-group\/history\/#primaryimage","url":"https:\/\/cunext.com\/wp-content\/uploads\/2020\/04\/cabecera-historia.jpg","contentUrl":"https:\/\/cunext.com\/wp-content\/uploads\/2020\/04\/cabecera-historia.jpg","width":1600,"height":378,"caption":"construcciones-electro-mecanicas"},{"@type":"BreadcrumbList","@id":"https:\/\/cunext.com\/en\/cunext-group\/history\/#breadcrumb","itemListElement":[{"@type":"ListItem","position":1,"name":"Portada","item":"https:\/\/cunext.com\/en\/"},{"@type":"ListItem","position":2,"name":"Cunext Group","item":"https:\/\/cunext.com\/en\/cunext-group\/"},{"@type":"ListItem","position":3,"name":"History"}]},{"@type":"WebSite","@id":"https:\/\/cunext.com\/en\/#website","url":"https:\/\/cunext.com\/en\/","name":"Cunext","description":"Transformaci\u00f3n de cobre y aluminio","publisher":{"@id":"https:\/\/cunext.com\/en\/#organization"},"potentialAction":[{"@type":"SearchAction","target":{"@type":"EntryPoint","urlTemplate":"https:\/\/cunext.com\/en\/?s={search_term_string}"},"query-input":{"@type":"PropertyValueSpecification","valueRequired":true,"valueName":"search_term_string"}}],"inLanguage":"en-US"},{"@type":"Organization","@id":"https:\/\/cunext.com\/en\/#organization","name":"Cunext Group","url":"https:\/\/cunext.com\/en\/","logo":{"@type":"ImageObject","inLanguage":"en-US","@id":"https:\/\/cunext.com\/en\/#\/schema\/logo\/image\/","url":"https:\/\/cunext.com\/wp-content\/uploads\/2020\/04\/logo-cunext.png","contentUrl":"https:\/\/cunext.com\/wp-content\/uploads\/2020\/04\/logo-cunext.png","width":229,"height":57,"caption":"Cunext Group"},"image":{"@id":"https:\/\/cunext.com\/en\/#\/schema\/logo\/image\/"},"sameAs":["https:\/\/www.linkedin.com\/company\/cunext-copper-industries-sl\/"]}]}},"_links":{"self":[{"href":"https:\/\/cunext.com\/en\/wp-json\/wp\/v2\/pages\/1261","targetHints":{"allow":["GET"]}}],"collection":[{"href":"https:\/\/cunext.com\/en\/wp-json\/wp\/v2\/pages"}],"about":[{"href":"https:\/\/cunext.com\/en\/wp-json\/wp\/v2\/types\/page"}],"author":[{"embeddable":true,"href":"https:\/\/cunext.com\/en\/wp-json\/wp\/v2\/users\/6"}],"replies":[{"embeddable":true,"href":"https:\/\/cunext.com\/en\/wp-json\/wp\/v2\/comments?post=1261"}],"version-history":[{"count":6,"href":"https:\/\/cunext.com\/en\/wp-json\/wp\/v2\/pages\/1261\/revisions"}],"predecessor-version":[{"id":1711,"href":"https:\/\/cunext.com\/en\/wp-json\/wp\/v2\/pages\/1261\/revisions\/1711"}],"up":[{"embeddable":true,"href":"https:\/\/cunext.com\/en\/wp-json\/wp\/v2\/pages\/1240"}],"wp:featuredmedia":[{"embeddable":true,"href":"https:\/\/cunext.com\/en\/wp-json\/wp\/v2\/media\/1861"}],"wp:attachment":[{"href":"https:\/\/cunext.com\/en\/wp-json\/wp\/v2\/media?parent=1261"}],"curies":[{"name":"wp","href":"https:\/\/api.w.org\/{rel}","templated":true}]}}