{"id":1240,"date":"2020-04-03T08:56:34","date_gmt":"2020-04-03T07:56:34","guid":{"rendered":"https:\/\/www.cunext.com\/?page_id=1240"},"modified":"2020-04-20T14:24:50","modified_gmt":"2020-04-20T13:24:50","slug":"cunext-group","status":"publish","type":"page","link":"https:\/\/cunext.com\/en\/cunext-group\/","title":{"rendered":"Cunext Group"},"content":{"rendered":"<section class=\"seccion-imagen-texto-home\">\r\n    <div class=\"ancho-limitado-plus\">\r\n        <div class=\"seccion-conocenos-home wow fadeInLeft\" data-wow-duration=\"0.75s\" data-wow-delay=\"0\">\r\n            <div class=\"bloque-imagen-left\">\r\n                <img decoding=\"async\" src=\"https:\/\/cunext.com\/wp-content\/uploads\/2020\/04\/img-empresas-grupo-1.jpg\" title=\"The Group\u00b4s companies\" alt=\"The Group\u00b4s companies\"\/>\r\n            <\/div>\r\n            <div class=\"info-servicio-left\">\r\n                <h1>The Group\u00b4s companies<\/h1>\r\n                <p>Know the location and contact details of our offices in Spain and Italy. The network of companies that make up Cunext Group, makes us the reference supplier of processed copper and aluminum products in Southern Europe and Northwest Africa.<\/p>\n                <p class=\"boton\"><a style=\"color: #a15d42;\" href=\"https:\/\/cunext.com\/en\/cunext-group\/the-groups-companies\/\">Know Group\u00b4s companies<\/a><\/p>            <\/div>\r\n        <\/div>\r\n    <\/div>\r\n<\/section>\n\n<section class=\"seccion-imagen-texto-home\">\r\n    <div class=\"ancho-limitado-plus\">\r\n        <div class=\"seccion-conocenos-home wow fadeInRight\" data-wow-duration=\"0.75s\" data-wow-delay=\"0\">\r\n            <div class=\"bloque-imagen-right\">\r\n                <img decoding=\"async\" src=\"https:\/\/cunext.com\/wp-content\/uploads\/2020\/04\/2_Historia.jpg\" title=\"History\" alt=\"History\"\/>\r\n            <\/div>\r\n            <div class=\"info-servicio-right\">\r\n                <h1>History<\/h1>\r\n                <p>Cunext is a large corporate group dedicated for decades to the transformation of copper. In 2015, aluminium is added to our product portfolio, allowing us to maintain our leadership in the manufacture of electrical power transmission materials and data.<\/p>\n                <p class=\"boton\"><a style=\"color: #a15d42;\" href=\"https:\/\/cunext.com\/en\/cunext-group\/history\/\">Know our history<\/a><\/p>            <\/div>\r\n        <\/div>\r\n    <\/div>\r\n<\/section>\n\n<section class=\"seccion-imagen-texto-home\">\r\n    <div class=\"ancho-limitado-plus\">\r\n        <div class=\"seccion-conocenos-home wow fadeInLeft\" data-wow-duration=\"0.75s\" data-wow-delay=\"0\">\r\n            <div class=\"bloque-imagen-left\">\r\n                <img decoding=\"async\" src=\"https:\/\/cunext.com\/wp-content\/uploads\/2020\/04\/rev-cls-3.jpg\" title=\"Cunext Lean System\" alt=\"Cunext Lean System\"\/>\r\n            <\/div>\r\n            <div class=\"info-servicio-left\">\r\n                <h1>Cunext Lean System<\/h1>\r\n                <p>The specialization acquired by the transformation of materials such as copper and aluminium, have allowed us to develop our own production system, as well as apply it successfully in other industries.<\/p>\n                <p class=\"boton\"><a style=\"color: #a15d42;\" href=\"https:\/\/cunext.com\/en\/cunext-group\/cunext-lean-system\/\">Know Cunext Lean System<\/a><\/p>            <\/div>\r\n        <\/div>\r\n    <\/div>\r\n<\/section>","protected":false},"excerpt":{"rendered":"","protected":false},"author":6,"featured_media":1810,"parent":0,"menu_order":0,"comment_status":"closed","ping_status":"closed","template":"","meta":{"_acf_changed":false,"footnotes":""},"class_list":["post-1240","page","type-page","status-publish","has-post-thumbnail","hentry"],"acf":[],"yoast_head":"<!-- This site is optimized with the Yoast SEO plugin v27.3 - https:\/\/yoast.com\/product\/yoast-seo-wordpress\/ -->\n<title>Cunext Group - Cunext<\/title>\n<meta name=\"description\" content=\"CUNEXT GROUP se especializa en la transformaci\u00f3n de cobre y aluminio de la m\u00e1s alta calidad, siempre centrados en la innovaci\u00f3n continua y el desarrollo.\" \/>\n<meta name=\"robots\" content=\"index, follow, max-snippet:-1, max-image-preview:large, max-video-preview:-1\" \/>\n<link rel=\"canonical\" href=\"https:\/\/cunext.com\/en\/cunext-group\/\" \/>\n<meta property=\"og:locale\" content=\"en_US\" \/>\n<meta property=\"og:type\" content=\"article\" \/>\n<meta property=\"og:title\" content=\"Cunext Group - Cunext\" \/>\n<meta property=\"og:description\" content=\"CUNEXT GROUP se especializa en la transformaci\u00f3n de cobre y aluminio de la m\u00e1s alta calidad, siempre centrados en la innovaci\u00f3n continua y el desarrollo.\" \/>\n<meta property=\"og:url\" content=\"https:\/\/cunext.com\/en\/cunext-group\/\" \/>\n<meta property=\"og:site_name\" content=\"Cunext\" \/>\n<meta property=\"article:modified_time\" content=\"2020-04-20T13:24:50+00:00\" \/>\n<meta property=\"og:image\" content=\"https:\/\/cunext.com\/wp-content\/uploads\/2020\/04\/cabecera_calidad.jpg\" \/>\n\t<meta property=\"og:image:width\" content=\"1600\" \/>\n\t<meta property=\"og:image:height\" content=\"378\" \/>\n\t<meta property=\"og:image:type\" content=\"image\/jpeg\" \/>\n<meta name=\"twitter:card\" content=\"summary_large_image\" \/>\n<script type=\"application\/ld+json\" class=\"yoast-schema-graph\">{\"@context\":\"https:\\\/\\\/schema.org\",\"@graph\":[{\"@type\":\"WebPage\",\"@id\":\"https:\\\/\\\/cunext.com\\\/en\\\/cunext-group\\\/\",\"url\":\"https:\\\/\\\/cunext.com\\\/en\\\/cunext-group\\\/\",\"name\":\"Cunext Group - Cunext\",\"isPartOf\":{\"@id\":\"https:\\\/\\\/cunext.com\\\/en\\\/#website\"},\"primaryImageOfPage\":{\"@id\":\"https:\\\/\\\/cunext.com\\\/en\\\/cunext-group\\\/#primaryimage\"},\"image\":{\"@id\":\"https:\\\/\\\/cunext.com\\\/en\\\/cunext-group\\\/#primaryimage\"},\"thumbnailUrl\":\"https:\\\/\\\/cunext.com\\\/wp-content\\\/uploads\\\/2020\\\/04\\\/cabecera_calidad.jpg\",\"datePublished\":\"2020-04-03T07:56:34+00:00\",\"dateModified\":\"2020-04-20T13:24:50+00:00\",\"description\":\"CUNEXT GROUP se especializa en la transformaci\u00f3n de cobre y aluminio de la m\u00e1s alta calidad, siempre centrados en la innovaci\u00f3n continua y el desarrollo.\",\"breadcrumb\":{\"@id\":\"https:\\\/\\\/cunext.com\\\/en\\\/cunext-group\\\/#breadcrumb\"},\"inLanguage\":\"en-US\",\"potentialAction\":[{\"@type\":\"ReadAction\",\"target\":[\"https:\\\/\\\/cunext.com\\\/en\\\/cunext-group\\\/\"]}]},{\"@type\":\"ImageObject\",\"inLanguage\":\"en-US\",\"@id\":\"https:\\\/\\\/cunext.com\\\/en\\\/cunext-group\\\/#primaryimage\",\"url\":\"https:\\\/\\\/cunext.com\\\/wp-content\\\/uploads\\\/2020\\\/04\\\/cabecera_calidad.jpg\",\"contentUrl\":\"https:\\\/\\\/cunext.com\\\/wp-content\\\/uploads\\\/2020\\\/04\\\/cabecera_calidad.jpg\",\"width\":1600,\"height\":378,\"caption\":\"cable-cobre\"},{\"@type\":\"BreadcrumbList\",\"@id\":\"https:\\\/\\\/cunext.com\\\/en\\\/cunext-group\\\/#breadcrumb\",\"itemListElement\":[{\"@type\":\"ListItem\",\"position\":1,\"name\":\"Portada\",\"item\":\"https:\\\/\\\/cunext.com\\\/en\\\/\"},{\"@type\":\"ListItem\",\"position\":2,\"name\":\"Cunext Group\"}]},{\"@type\":\"WebSite\",\"@id\":\"https:\\\/\\\/cunext.com\\\/en\\\/#website\",\"url\":\"https:\\\/\\\/cunext.com\\\/en\\\/\",\"name\":\"Cunext\",\"description\":\"Transformaci\u00f3n de cobre y aluminio\",\"publisher\":{\"@id\":\"https:\\\/\\\/cunext.com\\\/en\\\/#organization\"},\"potentialAction\":[{\"@type\":\"SearchAction\",\"target\":{\"@type\":\"EntryPoint\",\"urlTemplate\":\"https:\\\/\\\/cunext.com\\\/en\\\/?s={search_term_string}\"},\"query-input\":{\"@type\":\"PropertyValueSpecification\",\"valueRequired\":true,\"valueName\":\"search_term_string\"}}],\"inLanguage\":\"en-US\"},{\"@type\":\"Organization\",\"@id\":\"https:\\\/\\\/cunext.com\\\/en\\\/#organization\",\"name\":\"Cunext Group\",\"url\":\"https:\\\/\\\/cunext.com\\\/en\\\/\",\"logo\":{\"@type\":\"ImageObject\",\"inLanguage\":\"en-US\",\"@id\":\"https:\\\/\\\/cunext.com\\\/en\\\/#\\\/schema\\\/logo\\\/image\\\/\",\"url\":\"https:\\\/\\\/cunext.com\\\/wp-content\\\/uploads\\\/2020\\\/04\\\/logo-cunext.png\",\"contentUrl\":\"https:\\\/\\\/cunext.com\\\/wp-content\\\/uploads\\\/2020\\\/04\\\/logo-cunext.png\",\"width\":229,\"height\":57,\"caption\":\"Cunext Group\"},\"image\":{\"@id\":\"https:\\\/\\\/cunext.com\\\/en\\\/#\\\/schema\\\/logo\\\/image\\\/\"},\"sameAs\":[\"https:\\\/\\\/www.linkedin.com\\\/company\\\/cunext-copper-industries-sl\\\/\"]}]}<\/script>\n<!-- \/ Yoast SEO plugin. -->","yoast_head_json":{"title":"Cunext Group - Cunext","description":"CUNEXT GROUP se especializa en la transformaci\u00f3n de cobre y aluminio de la m\u00e1s alta calidad, siempre centrados en la innovaci\u00f3n continua y el desarrollo.","robots":{"index":"index","follow":"follow","max-snippet":"max-snippet:-1","max-image-preview":"max-image-preview:large","max-video-preview":"max-video-preview:-1"},"canonical":"https:\/\/cunext.com\/en\/cunext-group\/","og_locale":"en_US","og_type":"article","og_title":"Cunext Group - Cunext","og_description":"CUNEXT GROUP se especializa en la transformaci\u00f3n de cobre y aluminio de la m\u00e1s alta calidad, siempre centrados en la innovaci\u00f3n continua y el desarrollo.","og_url":"https:\/\/cunext.com\/en\/cunext-group\/","og_site_name":"Cunext","article_modified_time":"2020-04-20T13:24:50+00:00","og_image":[{"width":1600,"height":378,"url":"https:\/\/cunext.com\/wp-content\/uploads\/2020\/04\/cabecera_calidad.jpg","type":"image\/jpeg"}],"twitter_card":"summary_large_image","schema":{"@context":"https:\/\/schema.org","@graph":[{"@type":"WebPage","@id":"https:\/\/cunext.com\/en\/cunext-group\/","url":"https:\/\/cunext.com\/en\/cunext-group\/","name":"Cunext Group - Cunext","isPartOf":{"@id":"https:\/\/cunext.com\/en\/#website"},"primaryImageOfPage":{"@id":"https:\/\/cunext.com\/en\/cunext-group\/#primaryimage"},"image":{"@id":"https:\/\/cunext.com\/en\/cunext-group\/#primaryimage"},"thumbnailUrl":"https:\/\/cunext.com\/wp-content\/uploads\/2020\/04\/cabecera_calidad.jpg","datePublished":"2020-04-03T07:56:34+00:00","dateModified":"2020-04-20T13:24:50+00:00","description":"CUNEXT GROUP se especializa en la transformaci\u00f3n de cobre y aluminio de la m\u00e1s alta calidad, siempre centrados en la innovaci\u00f3n continua y el desarrollo.","breadcrumb":{"@id":"https:\/\/cunext.com\/en\/cunext-group\/#breadcrumb"},"inLanguage":"en-US","potentialAction":[{"@type":"ReadAction","target":["https:\/\/cunext.com\/en\/cunext-group\/"]}]},{"@type":"ImageObject","inLanguage":"en-US","@id":"https:\/\/cunext.com\/en\/cunext-group\/#primaryimage","url":"https:\/\/cunext.com\/wp-content\/uploads\/2020\/04\/cabecera_calidad.jpg","contentUrl":"https:\/\/cunext.com\/wp-content\/uploads\/2020\/04\/cabecera_calidad.jpg","width":1600,"height":378,"caption":"cable-cobre"},{"@type":"BreadcrumbList","@id":"https:\/\/cunext.com\/en\/cunext-group\/#breadcrumb","itemListElement":[{"@type":"ListItem","position":1,"name":"Portada","item":"https:\/\/cunext.com\/en\/"},{"@type":"ListItem","position":2,"name":"Cunext Group"}]},{"@type":"WebSite","@id":"https:\/\/cunext.com\/en\/#website","url":"https:\/\/cunext.com\/en\/","name":"Cunext","description":"Transformaci\u00f3n de cobre y aluminio","publisher":{"@id":"https:\/\/cunext.com\/en\/#organization"},"potentialAction":[{"@type":"SearchAction","target":{"@type":"EntryPoint","urlTemplate":"https:\/\/cunext.com\/en\/?s={search_term_string}"},"query-input":{"@type":"PropertyValueSpecification","valueRequired":true,"valueName":"search_term_string"}}],"inLanguage":"en-US"},{"@type":"Organization","@id":"https:\/\/cunext.com\/en\/#organization","name":"Cunext Group","url":"https:\/\/cunext.com\/en\/","logo":{"@type":"ImageObject","inLanguage":"en-US","@id":"https:\/\/cunext.com\/en\/#\/schema\/logo\/image\/","url":"https:\/\/cunext.com\/wp-content\/uploads\/2020\/04\/logo-cunext.png","contentUrl":"https:\/\/cunext.com\/wp-content\/uploads\/2020\/04\/logo-cunext.png","width":229,"height":57,"caption":"Cunext Group"},"image":{"@id":"https:\/\/cunext.com\/en\/#\/schema\/logo\/image\/"},"sameAs":["https:\/\/www.linkedin.com\/company\/cunext-copper-industries-sl\/"]}]}},"_links":{"self":[{"href":"https:\/\/cunext.com\/en\/wp-json\/wp\/v2\/pages\/1240","targetHints":{"allow":["GET"]}}],"collection":[{"href":"https:\/\/cunext.com\/en\/wp-json\/wp\/v2\/pages"}],"about":[{"href":"https:\/\/cunext.com\/en\/wp-json\/wp\/v2\/types\/page"}],"author":[{"embeddable":true,"href":"https:\/\/cunext.com\/en\/wp-json\/wp\/v2\/users\/6"}],"replies":[{"embeddable":true,"href":"https:\/\/cunext.com\/en\/wp-json\/wp\/v2\/comments?post=1240"}],"version-history":[{"count":8,"href":"https:\/\/cunext.com\/en\/wp-json\/wp\/v2\/pages\/1240\/revisions"}],"predecessor-version":[{"id":1846,"href":"https:\/\/cunext.com\/en\/wp-json\/wp\/v2\/pages\/1240\/revisions\/1846"}],"wp:featuredmedia":[{"embeddable":true,"href":"https:\/\/cunext.com\/en\/wp-json\/wp\/v2\/media\/1810"}],"wp:attachment":[{"href":"https:\/\/cunext.com\/en\/wp-json\/wp\/v2\/media?parent=1240"}],"curies":[{"name":"wp","href":"https:\/\/api.w.org\/{rel}","templated":true}]}}