{"id":5389,"date":"2024-12-16T10:39:36","date_gmt":"2024-12-16T09:39:36","guid":{"rendered":"https:\/\/cunext.com\/nachhaltigkeit\/anreize\/"},"modified":"2026-04-15T15:06:02","modified_gmt":"2026-04-15T14:06:02","slug":"anreize","status":"publish","type":"page","link":"https:\/\/cunext.com\/de\/nachhaltigkeit\/anreize\/","title":{"rendered":"Anreize"},"content":{"rendered":"\r\n<div class=\"wp-block-columns fullWidthRsc is-layout-flex wp-container-core-columns-is-layout-28f84493 wp-block-columns-is-layout-flex\">\r\n<div class=\"wp-block-column fullWidthRsc is-layout-flow wp-block-column-is-layout-flow\" style=\"flex-basis:1100px\">\r\n<h2 class=\"wp-block-heading\">STAATLICHE ANREIZE<\/h2>\r\n\r\n\r\n\r\n<p>Wir bei Cunext sind stolz darauf, von der Regierung durch verschiedene Anreize und Zusch\u00fcsse unterst\u00fctzt zu werden, die es uns erm\u00f6glichen, weiter zu wachsen und hochwertige Dienstleistungen anzubieten. Diese Hilfen helfen uns, innovativ zu sein, unsere Infrastrukturen zu verbessern und so zur wirtschaftlichen und sozialen Entwicklung unserer Gemeinschaft beizutragen.  <\/p>\r\n\r\n\r\n\r\n<p>Nachstehend finden Sie die zuletzt erhaltenen Anreize:<\/p>\r\n<\/div>\r\n<\/div>\r\n\r\n\r\n\r\n<div class=\"wp-block-columns is-layout-flex wp-container-core-columns-is-layout-28f84493 wp-block-columns-is-layout-flex\">\r\n<div class=\"wp-block-column is-layout-flow wp-block-column-is-layout-flow\"><div class=\"wp-block-image is-resized\">\r\n<figure class=\"aligncenter size-full\"><a href=\"https:\/\/cunext.com\/wp-content\/uploads\/2024\/10\/Instalacion-Linea-Tandem.pdf\" target=\"_blank\" rel=\" noreferrer noopener\"><img loading=\"lazy\" decoding=\"async\" width=\"400\" height=\"400\" src=\"https:\/\/cunext.com\/wp-content\/uploads\/2024\/12\/Cunext-Group_Linea-Tandem.png\" alt=\"\" class=\"wp-image-5356\" style=\"width:300px\" title=\"Tandem-Linie\" srcset=\"https:\/\/cunext.com\/wp-content\/uploads\/2024\/12\/Cunext-Group_Linea-Tandem.png 400w, https:\/\/cunext.com\/wp-content\/uploads\/2024\/12\/Cunext-Group_Linea-Tandem-300x300.png 300w, https:\/\/cunext.com\/wp-content\/uploads\/2024\/12\/Cunext-Group_Linea-Tandem-150x150.png 150w\" sizes=\"auto, (max-width: 400px) 100vw, 400px\" \/><\/a><\/figure><\/div>\r\n\r\n\r\n<p class=\"has-text-align-center\">Anreiz zur Energieeffizienz<\/p>\r\n<\/div>\r\n\r\n\r\n\r\n<div class=\"wp-block-column is-layout-flow wp-block-column-is-layout-flow\"><div class=\"wp-block-image is-resized\">\r\n<figure class=\"aligncenter size-full\"><a href=\"https:\/\/cunext.com\/wp-content\/uploads\/2024\/12\/Sustitucion-de-cubiertas-e-instalacion-de-placas-solares.pdf\" target=\"_blank\" rel=\" noreferrer noopener\"><img loading=\"lazy\" decoding=\"async\" width=\"400\" height=\"400\" src=\"https:\/\/cunext.com\/wp-content\/uploads\/2024\/12\/Cunext-Group_Placas-Solares-2.png\" alt=\"\" class=\"wp-image-5463\" style=\"width:300px\" title=\"Tandem-Linie\" srcset=\"https:\/\/cunext.com\/wp-content\/uploads\/2024\/12\/Cunext-Group_Placas-Solares-2.png 400w, https:\/\/cunext.com\/wp-content\/uploads\/2024\/12\/Cunext-Group_Placas-Solares-2-300x300.png 300w, https:\/\/cunext.com\/wp-content\/uploads\/2024\/12\/Cunext-Group_Placas-Solares-2-150x150.png 150w\" sizes=\"auto, (max-width: 400px) 100vw, 400px\" \/><\/a><\/figure><\/div>\r\n\r\n\r\n<p class=\"has-text-align-center\">Erneuerung von Photovoltaikd\u00e4chern<\/p>\r\n<\/div>\r\n\r\n\r\n\r\n<div class=\"wp-block-column is-layout-flow wp-block-column-is-layout-flow\"><div class=\"wp-block-image is-resized\">\r\n<figure class=\"aligncenter size-full\"><a href=\"https:\/\/cunext.com\/wp-content\/uploads\/2025\/01\/CARTEL-WIRE4ICE-2023-scaled.jpg\" target=\"_blank\" rel=\" noreferrer noopener\"><img loading=\"lazy\" decoding=\"async\" width=\"400\" height=\"400\" src=\"https:\/\/cunext.com\/wp-content\/uploads\/2025\/01\/Programa-Hazitek.png\" alt=\"\" class=\"wp-image-5487\" style=\"width:300px\" title=\"Tandem-Linie\" srcset=\"https:\/\/cunext.com\/wp-content\/uploads\/2025\/01\/Programa-Hazitek.png 400w, https:\/\/cunext.com\/wp-content\/uploads\/2025\/01\/Programa-Hazitek-300x300.png 300w, https:\/\/cunext.com\/wp-content\/uploads\/2025\/01\/Programa-Hazitek-150x150.png 150w\" sizes=\"auto, (max-width: 400px) 100vw, 400px\" \/><\/a><\/figure><\/div>\r\n\r\n\r\n<p class=\"has-text-align-center\">WIRE4ICE-Projekt<\/p>\r\n<\/div>\r\n\r\n\r\n\r\n<div class=\"wp-block-column is-layout-flow wp-block-column-is-layout-flow\"><div class=\"wp-block-image is-resized\">\r\n<figure class=\"aligncenter size-full\"><a href=\"https:\/\/cunext.com\/wp-content\/uploads\/2025\/01\/Anexo-III_Cartel_Recuperador-scaled.jpg\" target=\"_blank\" rel=\" noreferrer noopener\"><img loading=\"lazy\" decoding=\"async\" width=\"400\" height=\"400\" src=\"https:\/\/cunext.com\/wp-content\/uploads\/2025\/01\/Incentivos-ECN-Colada.png\" alt=\"\" class=\"wp-image-5508\" style=\"width:300px\" title=\"Tandem-Linie\" srcset=\"https:\/\/cunext.com\/wp-content\/uploads\/2025\/01\/Incentivos-ECN-Colada.png 400w, https:\/\/cunext.com\/wp-content\/uploads\/2025\/01\/Incentivos-ECN-Colada-300x300.png 300w, https:\/\/cunext.com\/wp-content\/uploads\/2025\/01\/Incentivos-ECN-Colada-150x150.png 150w\" sizes=\"auto, (max-width: 400px) 100vw, 400px\" \/><\/a><\/figure><\/div>\r\n\r\n\r\n<p class=\"has-text-align-center\">Schere ACSR M16-5<\/p>\r\n<\/div>\r\n<\/div>\r\n\r\n\r\n\r\n<div class=\"wp-block-columns is-layout-flex wp-container-core-columns-is-layout-28f84493 wp-block-columns-is-layout-flex\">\r\n<div class=\"wp-block-column is-layout-flow wp-block-column-is-layout-flow\"><div class=\"wp-block-image\">\r\n<figure class=\"aligncenter size-full is-resized\"><a href=\"https:\/\/cunext.com\/wp-content\/uploads\/2025\/02\/CARTEL-ALUTREF-2023-scaled.jpg\"><img loading=\"lazy\" decoding=\"async\" width=\"400\" height=\"400\" src=\"https:\/\/cunext.com\/wp-content\/uploads\/2025\/02\/Incentivos-Hazitek.jpg\" alt=\"\" class=\"wp-image-5530\" style=\"width:300px\" srcset=\"https:\/\/cunext.com\/wp-content\/uploads\/2025\/02\/Incentivos-Hazitek.jpg 400w, https:\/\/cunext.com\/wp-content\/uploads\/2025\/02\/Incentivos-Hazitek-300x300.jpg 300w, https:\/\/cunext.com\/wp-content\/uploads\/2025\/02\/Incentivos-Hazitek-150x150.jpg 150w\" sizes=\"auto, (max-width: 400px) 100vw, 400px\" \/><\/a><\/figure><\/div>\r\n\r\n\r\n<p class=\"has-text-align-center has-small-font-size\">Kofinanzierung des Projekts durch die baskische Regierung und den EFRE im Rahmen des Hazitek-Programms PROJEKT N\u00ba ZL-2023\/00293-ALUTREF<\/p>\r\n<\/div>\r\n\r\n\r\n\r\n<div class=\"wp-block-column is-layout-flow wp-block-column-is-layout-flow\"><div class=\"wp-block-image\">\r\n<figure class=\"aligncenter size-full is-resized\"><a href=\"https:\/\/cunext.com\/wp-content\/uploads\/2025\/03\/ALUTREF-2024_Hazitek_CARTEL_FEDER-1.pdf\"><img loading=\"lazy\" decoding=\"async\" width=\"400\" height=\"400\" src=\"https:\/\/cunext.com\/wp-content\/uploads\/2025\/03\/Incentivos-Alutref-2024.png\" alt=\"\" class=\"wp-image-5578\" style=\"width:300px\" srcset=\"https:\/\/cunext.com\/wp-content\/uploads\/2025\/03\/Incentivos-Alutref-2024.png 400w, https:\/\/cunext.com\/wp-content\/uploads\/2025\/03\/Incentivos-Alutref-2024-300x300.png 300w, https:\/\/cunext.com\/wp-content\/uploads\/2025\/03\/Incentivos-Alutref-2024-150x150.png 150w\" sizes=\"auto, (max-width: 400px) 100vw, 400px\" \/><\/a><\/figure><\/div>\r\n\r\n\r\n<p class=\"has-text-align-center has-small-font-size\">KOFINANZIERT VON DER BASKISCHEN REGIERUNG UND DER EUROP\u00c4ISCHEN UNION \u00dcBER DEN EUROP\u00c4ISCHEN FONDS F\u00dcR REGIONALE ENTWICKLUNG 2021-2027 (ERDF)<\/p>\r\n<\/div>\r\n\r\n\r\n\r\n<div class=\"wp-block-column is-layout-flow wp-block-column-is-layout-flow\"><div class=\"wp-block-image\">\r\n<figure class=\"aligncenter size-full is-resized\"><a href=\"https:\/\/cunext.com\/wp-content\/uploads\/2025\/03\/ROAD4E-2024_Hazitek_CARTEL_FEDER-1.pdf\"><img loading=\"lazy\" decoding=\"async\" width=\"400\" height=\"400\" src=\"https:\/\/cunext.com\/wp-content\/uploads\/2025\/03\/Incentivos-ROAD4E-2024.png\" alt=\"\" class=\"wp-image-5573\" style=\"width:300px\" srcset=\"https:\/\/cunext.com\/wp-content\/uploads\/2025\/03\/Incentivos-ROAD4E-2024.png 400w, https:\/\/cunext.com\/wp-content\/uploads\/2025\/03\/Incentivos-ROAD4E-2024-300x300.png 300w, https:\/\/cunext.com\/wp-content\/uploads\/2025\/03\/Incentivos-ROAD4E-2024-150x150.png 150w\" sizes=\"auto, (max-width: 400px) 100vw, 400px\" \/><\/a><\/figure><\/div>\r\n\r\n\r\n<p class=\"has-text-align-center has-small-font-size\">KOFINANZIERT VON DER BASKISCHEN REGIERUNG UND DER EUROP\u00c4ISCHEN UNION DURCH DEN EUROP\u00c4ISCHEN FONDS F\u00dcR REGIONALE ENTWICKLUNG 2021-2027 (ERDF)<\/p>\r\n<\/div>\r\n\r\n\r\n\r\n<div class=\"wp-block-column is-layout-flow wp-block-column-is-layout-flow\"><div class=\"wp-block-image\">\r\n<figure class=\"aligncenter size-full is-resized\"><a href=\"https:\/\/cunext.com\/wp-content\/uploads\/2025\/07\/Cunext-Green-Cooper.pdf\" target=\"_blank\" rel=\" noreferrer noopener\"><img loading=\"lazy\" decoding=\"async\" width=\"400\" height=\"400\" src=\"https:\/\/cunext.com\/wp-content\/uploads\/2025\/07\/image-2.png\" alt=\"\" class=\"wp-image-5662\" style=\"width:300px\" srcset=\"https:\/\/cunext.com\/wp-content\/uploads\/2025\/07\/image-2.png 400w, https:\/\/cunext.com\/wp-content\/uploads\/2025\/07\/image-2-300x300.png 300w, https:\/\/cunext.com\/wp-content\/uploads\/2025\/07\/image-2-150x150.png 150w\" sizes=\"auto, (max-width: 400px) 100vw, 400px\" \/><\/a><\/figure><\/div>\r\n\r\n\r\n<p class=\"has-text-align-center has-small-font-size\">GR\u00dcNES KUPFER<\/p>\r\n<\/div>\r\n<\/div>\r\n\r\n\r\n\r\n<div class=\"wp-block-columns is-layout-flex wp-container-core-columns-is-layout-28f84493 wp-block-columns-is-layout-flex\">\r\n<div class=\"wp-block-column is-layout-flow wp-block-column-is-layout-flow\">\r\n<p class=\"has-text-align-center\">\u00a0<\/p>\r\n<figure class=\"wp-block-image aligncenter size-full is-resized\"><a href=\"https:\/\/cunext.com\/wp-content\/uploads\/2026\/02\/Cunext_MOVES_III.pdf\" target=\"_blank\" rel=\"noreferrer noopener\"><img decoding=\"async\" class=\"wp-image-5527\" style=\"width: 300px;\" src=\"https:\/\/cunext.com\/wp-content\/uploads\/2026\/02\/card_cunext_Moves.png\" alt=\"\" \/><\/a><\/figure>\r\n\r\n\r\n\r\n<p class=\"has-text-align-center has-small-font-size\">MOVES III ANDALUC\u00cdA \u2013 Ladestation<\/p>\r\n<\/div>\r\n\r\n\r\n\r\n<div class=\"wp-block-column is-layout-flow wp-block-column-is-layout-flow\">\r\n<p class=\"has-text-align-center\">\u00a0<\/p>\r\n<figure class=\"wp-block-image aligncenter size-full is-resized\"><a href=\"https:\/\/cunext.com\/wp-content\/uploads\/2026\/04\/ROAD4E-2025_Hazitek_CARTEL_FEDER.pdf\" target=\"_blank\" rel=\"noreferrer noopener\"><img decoding=\"async\" class=\"wp-image-5527\" style=\"width: 300px;\" src=\"https:\/\/cunext.com\/wp-content\/uploads\/2026\/04\/card-Incentivos-\u2013-ROAD4E-2025.png\" alt=\"\" \/><\/a><\/figure>\r\n\r\n\r\n\r\n<p class=\"has-text-align-center has-small-font-size\">KOFINANZIERT VON DER BASKISCHEN REGIERUNG UND DER EUROP\u00c4ISCHEN UNION \u00dcBER DEN EUROP\u00c4ISCHEN FONDS F\u00dcR REGIONALE ENTWICKLUNG 2021-2027 (ERDF)<\/p>\r\n<\/div>\r\n\r\n\r\n\r\n<div class=\"wp-block-column is-layout-flow wp-block-column-is-layout-flow\"><\/div>\r\n\r\n\r\n\r\n<div class=\"wp-block-column is-layout-flow wp-block-column-is-layout-flow\"><\/div>\r\n<\/div>\r\n\r\n<p>&nbsp;<\/p>","protected":false},"excerpt":{"rendered":"<p>STAATLICHE ANREIZE Wir bei Cunext sind stolz darauf, von der Regierung durch verschiedene Anreize und Zusch\u00fcsse unterst\u00fctzt zu werden, die es uns erm\u00f6glichen, weiter zu&#8230;<\/p>\n","protected":false},"author":12,"featured_media":4545,"parent":4613,"menu_order":0,"comment_status":"closed","ping_status":"closed","template":"","meta":{"_acf_changed":false,"footnotes":""},"class_list":["post-5389","page","type-page","status-publish","has-post-thumbnail","hentry"],"acf":[],"yoast_head":"<!-- This site is optimized with the Yoast SEO plugin v27.4 - https:\/\/yoast.com\/product\/yoast-seo-wordpress\/ -->\n<title>Anreize - Cunext<\/title>\n<meta name=\"description\" content=\"Die CUNEXT GROUP hat sich auf die Verarbeitung von Kupfer und Aluminium in h\u00f6chster Qualit\u00e4t spezialisiert und setzt dabei auf kontinuierliche Innovation und Entwicklung.\" \/>\n<meta name=\"robots\" content=\"index, follow, max-snippet:-1, max-image-preview:large, max-video-preview:-1\" \/>\n<link rel=\"canonical\" href=\"https:\/\/cunext.com\/de\/nachhaltigkeit\/anreize\/\" \/>\n<meta property=\"og:locale\" content=\"de_DE\" \/>\n<meta property=\"og:type\" content=\"article\" \/>\n<meta property=\"og:title\" content=\"Anreize - Cunext\" \/>\n<meta property=\"og:description\" content=\"Die CUNEXT GROUP hat sich auf die Verarbeitung von Kupfer und Aluminium in h\u00f6chster Qualit\u00e4t spezialisiert und setzt dabei auf kontinuierliche Innovation und Entwicklung.\" \/>\n<meta property=\"og:url\" content=\"https:\/\/cunext.com\/de\/nachhaltigkeit\/anreize\/\" \/>\n<meta property=\"og:site_name\" content=\"Cunext\" \/>\n<meta property=\"article:modified_time\" content=\"2026-04-15T14:06:02+00:00\" \/>\n<meta property=\"og:image\" content=\"https:\/\/cunext.com\/wp-content\/uploads\/2021\/08\/Cunext-Group_Memorias-Sostenibilidad.jpg\" \/>\n\t<meta property=\"og:image:width\" content=\"1920\" \/>\n\t<meta property=\"og:image:height\" content=\"704\" \/>\n\t<meta property=\"og:image:type\" content=\"image\/jpeg\" \/>\n<meta name=\"twitter:card\" content=\"summary_large_image\" \/>\n<meta name=\"twitter:label1\" content=\"Gesch\u00e4tzte Lesezeit\" \/>\n\t<meta name=\"twitter:data1\" content=\"3\u00a0Minuten\" \/>\n<script type=\"application\/ld+json\" class=\"yoast-schema-graph\">{\"@context\":\"https:\\\/\\\/schema.org\",\"@graph\":[{\"@type\":\"WebPage\",\"@id\":\"https:\\\/\\\/cunext.com\\\/de\\\/nachhaltigkeit\\\/anreize\\\/\",\"url\":\"https:\\\/\\\/cunext.com\\\/de\\\/nachhaltigkeit\\\/anreize\\\/\",\"name\":\"Anreize - Cunext\",\"isPartOf\":{\"@id\":\"https:\\\/\\\/cunext.com\\\/de\\\/#website\"},\"primaryImageOfPage\":{\"@id\":\"https:\\\/\\\/cunext.com\\\/de\\\/nachhaltigkeit\\\/anreize\\\/#primaryimage\"},\"image\":{\"@id\":\"https:\\\/\\\/cunext.com\\\/de\\\/nachhaltigkeit\\\/anreize\\\/#primaryimage\"},\"thumbnailUrl\":\"https:\\\/\\\/cunext.com\\\/wp-content\\\/uploads\\\/2021\\\/08\\\/Cunext-Group_Memorias-Sostenibilidad.jpg\",\"datePublished\":\"2024-12-16T09:39:36+00:00\",\"dateModified\":\"2026-04-15T14:06:02+00:00\",\"description\":\"Die CUNEXT GROUP hat sich auf die Verarbeitung von Kupfer und Aluminium in h\u00f6chster Qualit\u00e4t spezialisiert und setzt dabei auf kontinuierliche Innovation und Entwicklung.\",\"breadcrumb\":{\"@id\":\"https:\\\/\\\/cunext.com\\\/de\\\/nachhaltigkeit\\\/anreize\\\/#breadcrumb\"},\"inLanguage\":\"de\",\"potentialAction\":[{\"@type\":\"ReadAction\",\"target\":[\"https:\\\/\\\/cunext.com\\\/de\\\/nachhaltigkeit\\\/anreize\\\/\"]}]},{\"@type\":\"ImageObject\",\"inLanguage\":\"de\",\"@id\":\"https:\\\/\\\/cunext.com\\\/de\\\/nachhaltigkeit\\\/anreize\\\/#primaryimage\",\"url\":\"https:\\\/\\\/cunext.com\\\/wp-content\\\/uploads\\\/2021\\\/08\\\/Cunext-Group_Memorias-Sostenibilidad.jpg\",\"contentUrl\":\"https:\\\/\\\/cunext.com\\\/wp-content\\\/uploads\\\/2021\\\/08\\\/Cunext-Group_Memorias-Sostenibilidad.jpg\",\"width\":1920,\"height\":704},{\"@type\":\"BreadcrumbList\",\"@id\":\"https:\\\/\\\/cunext.com\\\/de\\\/nachhaltigkeit\\\/anreize\\\/#breadcrumb\",\"itemListElement\":[{\"@type\":\"ListItem\",\"position\":1,\"name\":\"Portada\",\"item\":\"https:\\\/\\\/cunext.com\\\/de\\\/\"},{\"@type\":\"ListItem\",\"position\":2,\"name\":\"Nachhaltigkeit\",\"item\":\"https:\\\/\\\/cunext.com\\\/de\\\/nachhaltigkeit\\\/\"},{\"@type\":\"ListItem\",\"position\":3,\"name\":\"Anreize\"}]},{\"@type\":\"WebSite\",\"@id\":\"https:\\\/\\\/cunext.com\\\/de\\\/#website\",\"url\":\"https:\\\/\\\/cunext.com\\\/de\\\/\",\"name\":\"Cunext\",\"description\":\"Transformaci\u00f3n de cobre y aluminio\",\"publisher\":{\"@id\":\"https:\\\/\\\/cunext.com\\\/de\\\/#organization\"},\"potentialAction\":[{\"@type\":\"SearchAction\",\"target\":{\"@type\":\"EntryPoint\",\"urlTemplate\":\"https:\\\/\\\/cunext.com\\\/de\\\/?s={search_term_string}\"},\"query-input\":{\"@type\":\"PropertyValueSpecification\",\"valueRequired\":true,\"valueName\":\"search_term_string\"}}],\"inLanguage\":\"de\"},{\"@type\":\"Organization\",\"@id\":\"https:\\\/\\\/cunext.com\\\/de\\\/#organization\",\"name\":\"Cunext Group\",\"url\":\"https:\\\/\\\/cunext.com\\\/de\\\/\",\"logo\":{\"@type\":\"ImageObject\",\"inLanguage\":\"de\",\"@id\":\"https:\\\/\\\/cunext.com\\\/de\\\/#\\\/schema\\\/logo\\\/image\\\/\",\"url\":\"https:\\\/\\\/cunext.com\\\/wp-content\\\/uploads\\\/2020\\\/04\\\/logo-cunext.png\",\"contentUrl\":\"https:\\\/\\\/cunext.com\\\/wp-content\\\/uploads\\\/2020\\\/04\\\/logo-cunext.png\",\"width\":229,\"height\":57,\"caption\":\"Cunext Group\"},\"image\":{\"@id\":\"https:\\\/\\\/cunext.com\\\/de\\\/#\\\/schema\\\/logo\\\/image\\\/\"},\"sameAs\":[\"https:\\\/\\\/www.linkedin.com\\\/company\\\/cunext-copper-industries-sl\\\/\"]}]}<\/script>\n<!-- \/ Yoast SEO plugin. -->","yoast_head_json":{"title":"Anreize - Cunext","description":"Die CUNEXT GROUP hat sich auf die Verarbeitung von Kupfer und Aluminium in h\u00f6chster Qualit\u00e4t spezialisiert und setzt dabei auf kontinuierliche Innovation und Entwicklung.","robots":{"index":"index","follow":"follow","max-snippet":"max-snippet:-1","max-image-preview":"max-image-preview:large","max-video-preview":"max-video-preview:-1"},"canonical":"https:\/\/cunext.com\/de\/nachhaltigkeit\/anreize\/","og_locale":"de_DE","og_type":"article","og_title":"Anreize - Cunext","og_description":"Die CUNEXT GROUP hat sich auf die Verarbeitung von Kupfer und Aluminium in h\u00f6chster Qualit\u00e4t spezialisiert und setzt dabei auf kontinuierliche Innovation und Entwicklung.","og_url":"https:\/\/cunext.com\/de\/nachhaltigkeit\/anreize\/","og_site_name":"Cunext","article_modified_time":"2026-04-15T14:06:02+00:00","og_image":[{"width":1920,"height":704,"url":"https:\/\/cunext.com\/wp-content\/uploads\/2021\/08\/Cunext-Group_Memorias-Sostenibilidad.jpg","type":"image\/jpeg"}],"twitter_card":"summary_large_image","twitter_misc":{"Gesch\u00e4tzte Lesezeit":"3\u00a0Minuten"},"schema":{"@context":"https:\/\/schema.org","@graph":[{"@type":"WebPage","@id":"https:\/\/cunext.com\/de\/nachhaltigkeit\/anreize\/","url":"https:\/\/cunext.com\/de\/nachhaltigkeit\/anreize\/","name":"Anreize - Cunext","isPartOf":{"@id":"https:\/\/cunext.com\/de\/#website"},"primaryImageOfPage":{"@id":"https:\/\/cunext.com\/de\/nachhaltigkeit\/anreize\/#primaryimage"},"image":{"@id":"https:\/\/cunext.com\/de\/nachhaltigkeit\/anreize\/#primaryimage"},"thumbnailUrl":"https:\/\/cunext.com\/wp-content\/uploads\/2021\/08\/Cunext-Group_Memorias-Sostenibilidad.jpg","datePublished":"2024-12-16T09:39:36+00:00","dateModified":"2026-04-15T14:06:02+00:00","description":"Die CUNEXT GROUP hat sich auf die Verarbeitung von Kupfer und Aluminium in h\u00f6chster Qualit\u00e4t spezialisiert und setzt dabei auf kontinuierliche Innovation und Entwicklung.","breadcrumb":{"@id":"https:\/\/cunext.com\/de\/nachhaltigkeit\/anreize\/#breadcrumb"},"inLanguage":"de","potentialAction":[{"@type":"ReadAction","target":["https:\/\/cunext.com\/de\/nachhaltigkeit\/anreize\/"]}]},{"@type":"ImageObject","inLanguage":"de","@id":"https:\/\/cunext.com\/de\/nachhaltigkeit\/anreize\/#primaryimage","url":"https:\/\/cunext.com\/wp-content\/uploads\/2021\/08\/Cunext-Group_Memorias-Sostenibilidad.jpg","contentUrl":"https:\/\/cunext.com\/wp-content\/uploads\/2021\/08\/Cunext-Group_Memorias-Sostenibilidad.jpg","width":1920,"height":704},{"@type":"BreadcrumbList","@id":"https:\/\/cunext.com\/de\/nachhaltigkeit\/anreize\/#breadcrumb","itemListElement":[{"@type":"ListItem","position":1,"name":"Portada","item":"https:\/\/cunext.com\/de\/"},{"@type":"ListItem","position":2,"name":"Nachhaltigkeit","item":"https:\/\/cunext.com\/de\/nachhaltigkeit\/"},{"@type":"ListItem","position":3,"name":"Anreize"}]},{"@type":"WebSite","@id":"https:\/\/cunext.com\/de\/#website","url":"https:\/\/cunext.com\/de\/","name":"Cunext","description":"Transformaci\u00f3n de cobre y aluminio","publisher":{"@id":"https:\/\/cunext.com\/de\/#organization"},"potentialAction":[{"@type":"SearchAction","target":{"@type":"EntryPoint","urlTemplate":"https:\/\/cunext.com\/de\/?s={search_term_string}"},"query-input":{"@type":"PropertyValueSpecification","valueRequired":true,"valueName":"search_term_string"}}],"inLanguage":"de"},{"@type":"Organization","@id":"https:\/\/cunext.com\/de\/#organization","name":"Cunext Group","url":"https:\/\/cunext.com\/de\/","logo":{"@type":"ImageObject","inLanguage":"de","@id":"https:\/\/cunext.com\/de\/#\/schema\/logo\/image\/","url":"https:\/\/cunext.com\/wp-content\/uploads\/2020\/04\/logo-cunext.png","contentUrl":"https:\/\/cunext.com\/wp-content\/uploads\/2020\/04\/logo-cunext.png","width":229,"height":57,"caption":"Cunext Group"},"image":{"@id":"https:\/\/cunext.com\/de\/#\/schema\/logo\/image\/"},"sameAs":["https:\/\/www.linkedin.com\/company\/cunext-copper-industries-sl\/"]}]}},"_links":{"self":[{"href":"https:\/\/cunext.com\/de\/wp-json\/wp\/v2\/pages\/5389","targetHints":{"allow":["GET"]}}],"collection":[{"href":"https:\/\/cunext.com\/de\/wp-json\/wp\/v2\/pages"}],"about":[{"href":"https:\/\/cunext.com\/de\/wp-json\/wp\/v2\/types\/page"}],"author":[{"embeddable":true,"href":"https:\/\/cunext.com\/de\/wp-json\/wp\/v2\/users\/12"}],"replies":[{"embeddable":true,"href":"https:\/\/cunext.com\/de\/wp-json\/wp\/v2\/comments?post=5389"}],"version-history":[{"count":15,"href":"https:\/\/cunext.com\/de\/wp-json\/wp\/v2\/pages\/5389\/revisions"}],"predecessor-version":[{"id":6169,"href":"https:\/\/cunext.com\/de\/wp-json\/wp\/v2\/pages\/5389\/revisions\/6169"}],"up":[{"embeddable":true,"href":"https:\/\/cunext.com\/de\/wp-json\/wp\/v2\/pages\/4613"}],"wp:featuredmedia":[{"embeddable":true,"href":"https:\/\/cunext.com\/de\/wp-json\/wp\/v2\/media\/4545"}],"wp:attachment":[{"href":"https:\/\/cunext.com\/de\/wp-json\/wp\/v2\/media?parent=5389"}],"curies":[{"name":"wp","href":"https:\/\/api.w.org\/{rel}","templated":true}]}}