{"id":4653,"date":"2024-04-08T14:01:29","date_gmt":"2024-04-08T13:01:29","guid":{"rendered":"https:\/\/cunext.com\/productos\/"},"modified":"2024-04-10T11:23:06","modified_gmt":"2024-04-10T10:23:06","slug":"produkte","status":"publish","type":"page","link":"https:\/\/cunext.com\/de\/produkte\/","title":{"rendered":"Produkte"},"content":{"rendered":"\n<p class=\"encabezado ancho-limitado\">ANWENDUNGEN<\/p>\n\n\n\n<h2 class=\"wp-block-heading ancho-limitado\">Dies sind die wichtigsten<br>Verwendung unserer Produkte.<\/h2>\n\n\n\n<div style=\"height:50px\" aria-hidden=\"true\" class=\"wp-block-spacer\"><\/div>\n\n\n<section class=\"servicios-iconos-home\" style=\"background-color: \">\n    <div class=\"ancho-limitado\">\n                            <div class=\"servicios\">\n                                    <div class=\"servicio-icono-home\">\n                        <div class=\"icono-home\">\n                            <img decoding=\"async\" src=\"https:\/\/cunext.com\/wp-content\/uploads\/2020\/02\/transporte.png\" title=\"Verkehr\" alt=\"Verkehr\"\/>\n                        <\/div>\n                        <div class=\"info-servicio\">\n                            <h3>Verkehr<\/h3>\n                            <p><span style=\"font-weight: 400\">Kupfer wird in verschiedenen Komponenten von Autos und Lastwagen verwendet, vor allem in Heizk\u00f6rpern, Bremsen und Lagern, aber nat\u00fcrlich auch in Kabeln und Elektromotoren. Sie werden in der Automobil- und Eisenbahnindustrie intensiv genutzt.<\/span><\/p>\n                        <\/div>\n                    <\/div>\n                                    <div class=\"servicio-icono-home\">\n                        <div class=\"icono-home\">\n                            <img decoding=\"async\" src=\"https:\/\/cunext.com\/wp-content\/uploads\/2020\/02\/electricas.png\" title=\"Elektrische\" alt=\"Elektrische\"\/>\n                        <\/div>\n                        <div class=\"info-servicio\">\n                            <h3>Elektrische<\/h3>\n                            <p><span style=\"font-weight: 400\">Kupfer und Aluminium sind Metalle mit elektrischer Leitf\u00e4higkeit, weshalb sie zu den am h\u00e4ufigsten verwendeten Metallen f\u00fcr die Herstellung von Elektrokabeln sowohl f\u00fcr den industriellen als auch f\u00fcr den privaten Gebrauch in Sektoren wie der Elektrizit\u00e4ts- und Energiewirtschaft, der Telekommunikation und der erneuerbaren Energien geworden sind.<\/span><\/p>\n                        <\/div>\n                    <\/div>\n                                    <div class=\"servicio-icono-home\">\n                        <div class=\"icono-home\">\n                            <img decoding=\"async\" src=\"https:\/\/cunext.com\/wp-content\/uploads\/2020\/02\/construccion.png\" title=\"Baugewerbe\" alt=\"Baugewerbe\"\/>\n                        <\/div>\n                        <div class=\"info-servicio\">\n                            <h3>Baugewerbe<\/h3>\n                            <p><span style=\"font-weight: 400\">Kupfer wird aufgrund seiner Korrosionsbest\u00e4ndigkeit und antimikrobiellen Eigenschaften h\u00e4ufig in Bau- und Dekorationsbetrieben verwendet.<\/span><\/p>\n                        <\/div>\n                    <\/div>\n                                    <div class=\"servicio-icono-home\">\n                        <div class=\"icono-home\">\n                            <img decoding=\"async\" src=\"https:\/\/cunext.com\/wp-content\/uploads\/2020\/02\/monedas.png\" title=\"M\u00fcnzen\" alt=\"M\u00fcnzen\"\/>\n                        <\/div>\n                        <div class=\"info-servicio\">\n                            <h3>M\u00fcnzen<\/h3>\n                            <p><span style=\"font-weight: 400\">Die h\u00e4ufigste Kupfer-Transformation, die wir kennen. Seit Beginn der M\u00fcnzpr\u00e4gung in der Antike wird Kupfer als Rohstoff f\u00fcr M\u00fcnzen verwendet, manchmal reines Kupfer und h\u00e4ufiger f\u00fcr Legierungen.<\/span><\/p>\n                        <\/div>\n                    <\/div>\n                            <\/div>\n                    <\/div>\n<\/section>\n\n\n<div style=\"height:120px\" aria-hidden=\"true\" class=\"wp-block-spacer\"><\/div>\n\n\n\n<div class=\"wp-block-cover is-light productos-destacados\" style=\"min-height:555px;aspect-ratio:unset;\"><span aria-hidden=\"true\" class=\"wp-block-cover__background has-background-dim-0 has-background-dim\"><\/span><img loading=\"lazy\" decoding=\"async\" width=\"1600\" height=\"467\" class=\"wp-block-cover__image-background wp-image-1091\" alt=\"\" src=\"https:\/\/cunext.com\/wp-content\/uploads\/2020\/01\/wire-rod-aluminium.png\" data-object-fit=\"cover\" srcset=\"https:\/\/cunext.com\/wp-content\/uploads\/2020\/01\/wire-rod-aluminium.png 1600w, https:\/\/cunext.com\/wp-content\/uploads\/2020\/01\/wire-rod-aluminium-300x88.png 300w, https:\/\/cunext.com\/wp-content\/uploads\/2020\/01\/wire-rod-aluminium-1024x299.png 1024w, https:\/\/cunext.com\/wp-content\/uploads\/2020\/01\/wire-rod-aluminium-768x224.png 768w, https:\/\/cunext.com\/wp-content\/uploads\/2020\/01\/wire-rod-aluminium-1536x448.png 1536w\" sizes=\"auto, (max-width: 1600px) 100vw, 1600px\" \/><div class=\"wp-block-cover__inner-container is-layout-flow wp-block-cover-is-layout-flow\">\n<div class=\"wp-block-group cuadro-info-destacado\"><div class=\"wp-block-group__inner-container is-layout-flow wp-block-group-is-layout-flow\">\n<h2 class=\"wp-block-heading cat-padre\">Cunext<\/h2>\n\n\n\n<h3 class=\"wp-block-heading nomb-producto\">Laden Sie unseren Katalog herunter<\/h3>\n\n\n\n<p>Erfahren Sie mehr \u00fcber unsere Kupfer- und Aluminiumprodukte, jede ihrer Eigenschaften und Varianten in unserem Katalog.<\/p>\n\n\n\n<p class=\"enlace-producto\"><a href=\"https:\/\/cunext.com\/de\/katalog\/\">Katalog herunterladen<i class=\"fa fa-long-arrow-right\" aria-hidden=\"true\"><\/i><\/a><\/p>\n<\/div><\/div>\n<\/div><\/div>\n\n\n\n<div style=\"height:50px\" aria-hidden=\"true\" class=\"wp-block-spacer\"><\/div>\n\n\n<section class=\"nuestros-productos\" style=\"background-color: #ffffff\">\n    <div class=\"ancho-limitado-full\">\n        <div class=\"zona-texto ancho-limitado-plus\">\n            <h2>Produkte<\/h2>\n            <p class=\"titulo-nuestros-productos\">Dies sind unsere<\/p>\n<p class=\"titulo-nuestros-productos\">Produkt Produktlinien.<\/p>\n        <\/div>\n        <div class=\"zona-productos\">\n                    <div class=\"productos\">\n                                                                    <div class=\"producto\">\n                        <img decoding=\"async\" src=\"https:\/\/cunext.com\/wp-content\/uploads\/2020\/03\/cobre-scaled-756x376.jpg\" title=\"Kupfer\" alt=\"Kupfer\"\/>\n                        <a href=\"https:\/\/cunext.com\/de\/catalogo\/kupfer-de\/\"><div class=\"oscurecedor\"><\/div>\n                            <div class=\"info-producto\">\n                                <p class=\"titulo-producto\">Kupfer<\/p>\n                                <p class=\"texto-producto\">Kupferprodukte<\/p>\n                            <\/div>\n                        <\/a>\n                    <\/div>\n                                                                    <div class=\"producto\">\n                        <img decoding=\"async\" src=\"https:\/\/cunext.com\/wp-content\/uploads\/2020\/03\/aluminio-scaled-756x376.jpg\" title=\"Aluminium\" alt=\"Aluminium\"\/>\n                        <a href=\"https:\/\/cunext.com\/de\/catalogo\/aluminium-de\/\"><div class=\"oscurecedor\"><\/div>\n                            <div class=\"info-producto\">\n                                <p class=\"titulo-producto\">Aluminium<\/p>\n                                <p class=\"texto-producto\">Aluminiumerzeugnisse<\/p>\n                            <\/div>\n                        <\/a>\n                    <\/div>\n                                                                    <div class=\"producto\">\n                        <img decoding=\"async\" src=\"https:\/\/cunext.com\/wp-content\/uploads\/2020\/03\/piezas-y-subconjuntos-756x376.jpg\" title=\"Teile und Unterbaugruppen\" alt=\"Teile und Unterbaugruppen\"\/>\n                        <a href=\"https:\/\/cunext.com\/de\/catalogo\/teile-und-teilmengen\/\"><div class=\"oscurecedor\"><\/div>\n                            <div class=\"info-producto\">\n                                <p class=\"titulo-producto\">Teile und Unterbaugruppen<\/p>\n                                <p class=\"texto-producto\">Teile und Unterbaugruppen<\/p>\n                            <\/div>\n                        <\/a>\n                    <\/div>\n                            <\/div>\n                <\/div>\n            <\/div>\n<\/section>","protected":false},"excerpt":{"rendered":"<p>ANWENDUNGEN Dies sind die wichtigstenVerwendung unserer Produkte.<\/p>\n","protected":false},"author":6,"featured_media":4658,"parent":0,"menu_order":0,"comment_status":"closed","ping_status":"closed","template":"","meta":{"_acf_changed":false,"footnotes":""},"class_list":["post-4653","page","type-page","status-publish","has-post-thumbnail","hentry"],"acf":[],"yoast_head":"<!-- This site is optimized with the Yoast SEO plugin v27.5 - https:\/\/yoast.com\/product\/yoast-seo-wordpress\/ -->\n<title>Produkte - Cunext<\/title>\n<meta name=\"description\" content=\"Lernen Sie die Kupfer- und Aluminiumprodukte der CUNEXT GROUP, ihre Eigenschaften und Varianten im Detail in unserem Katalog kennen.\" \/>\n<meta name=\"robots\" content=\"index, follow, max-snippet:-1, max-image-preview:large, max-video-preview:-1\" \/>\n<link rel=\"canonical\" href=\"https:\/\/cunext.com\/de\/produkte\/\" \/>\n<meta property=\"og:locale\" content=\"de_DE\" \/>\n<meta property=\"og:type\" content=\"article\" \/>\n<meta property=\"og:title\" content=\"Produkte - Cunext\" \/>\n<meta property=\"og:description\" content=\"Lernen Sie die Kupfer- und Aluminiumprodukte der CUNEXT GROUP, ihre Eigenschaften und Varianten im Detail in unserem Katalog kennen.\" \/>\n<meta property=\"og:url\" content=\"https:\/\/cunext.com\/de\/produkte\/\" \/>\n<meta property=\"og:site_name\" content=\"Cunext\" \/>\n<meta property=\"article:modified_time\" content=\"2024-04-10T10:23:06+00:00\" \/>\n<meta property=\"og:image\" content=\"https:\/\/cunext.com\/wp-content\/uploads\/2020\/04\/cabecera-productos.jpg\" \/>\n\t<meta property=\"og:image:width\" content=\"1600\" \/>\n\t<meta property=\"og:image:height\" content=\"378\" \/>\n\t<meta property=\"og:image:type\" content=\"image\/jpeg\" \/>\n<meta name=\"twitter:card\" content=\"summary_large_image\" \/>\n<meta name=\"twitter:label1\" content=\"Gesch\u00e4tzte Lesezeit\" \/>\n\t<meta name=\"twitter:data1\" content=\"1\u00a0Minute\" \/>\n<script type=\"application\/ld+json\" class=\"yoast-schema-graph\">{\"@context\":\"https:\\\/\\\/schema.org\",\"@graph\":[{\"@type\":\"WebPage\",\"@id\":\"https:\\\/\\\/cunext.com\\\/de\\\/produkte\\\/\",\"url\":\"https:\\\/\\\/cunext.com\\\/de\\\/produkte\\\/\",\"name\":\"Produkte - Cunext\",\"isPartOf\":{\"@id\":\"https:\\\/\\\/cunext.com\\\/de\\\/#website\"},\"primaryImageOfPage\":{\"@id\":\"https:\\\/\\\/cunext.com\\\/de\\\/produkte\\\/#primaryimage\"},\"image\":{\"@id\":\"https:\\\/\\\/cunext.com\\\/de\\\/produkte\\\/#primaryimage\"},\"thumbnailUrl\":\"https:\\\/\\\/cunext.com\\\/wp-content\\\/uploads\\\/2020\\\/04\\\/cabecera-productos.jpg\",\"datePublished\":\"2024-04-08T13:01:29+00:00\",\"dateModified\":\"2024-04-10T10:23:06+00:00\",\"description\":\"Lernen Sie die Kupfer- und Aluminiumprodukte der CUNEXT GROUP, ihre Eigenschaften und Varianten im Detail in unserem Katalog kennen.\",\"breadcrumb\":{\"@id\":\"https:\\\/\\\/cunext.com\\\/de\\\/produkte\\\/#breadcrumb\"},\"inLanguage\":\"de\",\"potentialAction\":[{\"@type\":\"ReadAction\",\"target\":[\"https:\\\/\\\/cunext.com\\\/de\\\/produkte\\\/\"]}]},{\"@type\":\"ImageObject\",\"inLanguage\":\"de\",\"@id\":\"https:\\\/\\\/cunext.com\\\/de\\\/produkte\\\/#primaryimage\",\"url\":\"https:\\\/\\\/cunext.com\\\/wp-content\\\/uploads\\\/2020\\\/04\\\/cabecera-productos.jpg\",\"contentUrl\":\"https:\\\/\\\/cunext.com\\\/wp-content\\\/uploads\\\/2020\\\/04\\\/cabecera-productos.jpg\",\"width\":1600,\"height\":378},{\"@type\":\"BreadcrumbList\",\"@id\":\"https:\\\/\\\/cunext.com\\\/de\\\/produkte\\\/#breadcrumb\",\"itemListElement\":[{\"@type\":\"ListItem\",\"position\":1,\"name\":\"Portada\",\"item\":\"https:\\\/\\\/cunext.com\\\/de\\\/\"},{\"@type\":\"ListItem\",\"position\":2,\"name\":\"Produkte\"}]},{\"@type\":\"WebSite\",\"@id\":\"https:\\\/\\\/cunext.com\\\/de\\\/#website\",\"url\":\"https:\\\/\\\/cunext.com\\\/de\\\/\",\"name\":\"Cunext\",\"description\":\"Transformaci\u00f3n de cobre y aluminio\",\"publisher\":{\"@id\":\"https:\\\/\\\/cunext.com\\\/de\\\/#organization\"},\"potentialAction\":[{\"@type\":\"SearchAction\",\"target\":{\"@type\":\"EntryPoint\",\"urlTemplate\":\"https:\\\/\\\/cunext.com\\\/de\\\/?s={search_term_string}\"},\"query-input\":{\"@type\":\"PropertyValueSpecification\",\"valueRequired\":true,\"valueName\":\"search_term_string\"}}],\"inLanguage\":\"de\"},{\"@type\":\"Organization\",\"@id\":\"https:\\\/\\\/cunext.com\\\/de\\\/#organization\",\"name\":\"Cunext Group\",\"url\":\"https:\\\/\\\/cunext.com\\\/de\\\/\",\"logo\":{\"@type\":\"ImageObject\",\"inLanguage\":\"de\",\"@id\":\"https:\\\/\\\/cunext.com\\\/de\\\/#\\\/schema\\\/logo\\\/image\\\/\",\"url\":\"https:\\\/\\\/cunext.com\\\/wp-content\\\/uploads\\\/2020\\\/04\\\/logo-cunext.png\",\"contentUrl\":\"https:\\\/\\\/cunext.com\\\/wp-content\\\/uploads\\\/2020\\\/04\\\/logo-cunext.png\",\"width\":229,\"height\":57,\"caption\":\"Cunext Group\"},\"image\":{\"@id\":\"https:\\\/\\\/cunext.com\\\/de\\\/#\\\/schema\\\/logo\\\/image\\\/\"},\"sameAs\":[\"https:\\\/\\\/www.linkedin.com\\\/company\\\/cunext-copper-industries-sl\\\/\"]}]}<\/script>\n<!-- \/ Yoast SEO plugin. -->","yoast_head_json":{"title":"Produkte - Cunext","description":"Lernen Sie die Kupfer- und Aluminiumprodukte der CUNEXT GROUP, ihre Eigenschaften und Varianten im Detail in unserem Katalog kennen.","robots":{"index":"index","follow":"follow","max-snippet":"max-snippet:-1","max-image-preview":"max-image-preview:large","max-video-preview":"max-video-preview:-1"},"canonical":"https:\/\/cunext.com\/de\/produkte\/","og_locale":"de_DE","og_type":"article","og_title":"Produkte - Cunext","og_description":"Lernen Sie die Kupfer- und Aluminiumprodukte der CUNEXT GROUP, ihre Eigenschaften und Varianten im Detail in unserem Katalog kennen.","og_url":"https:\/\/cunext.com\/de\/produkte\/","og_site_name":"Cunext","article_modified_time":"2024-04-10T10:23:06+00:00","og_image":[{"width":1600,"height":378,"url":"https:\/\/cunext.com\/wp-content\/uploads\/2020\/04\/cabecera-productos.jpg","type":"image\/jpeg"}],"twitter_card":"summary_large_image","twitter_misc":{"Gesch\u00e4tzte Lesezeit":"1\u00a0Minute"},"schema":{"@context":"https:\/\/schema.org","@graph":[{"@type":"WebPage","@id":"https:\/\/cunext.com\/de\/produkte\/","url":"https:\/\/cunext.com\/de\/produkte\/","name":"Produkte - Cunext","isPartOf":{"@id":"https:\/\/cunext.com\/de\/#website"},"primaryImageOfPage":{"@id":"https:\/\/cunext.com\/de\/produkte\/#primaryimage"},"image":{"@id":"https:\/\/cunext.com\/de\/produkte\/#primaryimage"},"thumbnailUrl":"https:\/\/cunext.com\/wp-content\/uploads\/2020\/04\/cabecera-productos.jpg","datePublished":"2024-04-08T13:01:29+00:00","dateModified":"2024-04-10T10:23:06+00:00","description":"Lernen Sie die Kupfer- und Aluminiumprodukte der CUNEXT GROUP, ihre Eigenschaften und Varianten im Detail in unserem Katalog kennen.","breadcrumb":{"@id":"https:\/\/cunext.com\/de\/produkte\/#breadcrumb"},"inLanguage":"de","potentialAction":[{"@type":"ReadAction","target":["https:\/\/cunext.com\/de\/produkte\/"]}]},{"@type":"ImageObject","inLanguage":"de","@id":"https:\/\/cunext.com\/de\/produkte\/#primaryimage","url":"https:\/\/cunext.com\/wp-content\/uploads\/2020\/04\/cabecera-productos.jpg","contentUrl":"https:\/\/cunext.com\/wp-content\/uploads\/2020\/04\/cabecera-productos.jpg","width":1600,"height":378},{"@type":"BreadcrumbList","@id":"https:\/\/cunext.com\/de\/produkte\/#breadcrumb","itemListElement":[{"@type":"ListItem","position":1,"name":"Portada","item":"https:\/\/cunext.com\/de\/"},{"@type":"ListItem","position":2,"name":"Produkte"}]},{"@type":"WebSite","@id":"https:\/\/cunext.com\/de\/#website","url":"https:\/\/cunext.com\/de\/","name":"Cunext","description":"Transformaci\u00f3n de cobre y aluminio","publisher":{"@id":"https:\/\/cunext.com\/de\/#organization"},"potentialAction":[{"@type":"SearchAction","target":{"@type":"EntryPoint","urlTemplate":"https:\/\/cunext.com\/de\/?s={search_term_string}"},"query-input":{"@type":"PropertyValueSpecification","valueRequired":true,"valueName":"search_term_string"}}],"inLanguage":"de"},{"@type":"Organization","@id":"https:\/\/cunext.com\/de\/#organization","name":"Cunext Group","url":"https:\/\/cunext.com\/de\/","logo":{"@type":"ImageObject","inLanguage":"de","@id":"https:\/\/cunext.com\/de\/#\/schema\/logo\/image\/","url":"https:\/\/cunext.com\/wp-content\/uploads\/2020\/04\/logo-cunext.png","contentUrl":"https:\/\/cunext.com\/wp-content\/uploads\/2020\/04\/logo-cunext.png","width":229,"height":57,"caption":"Cunext Group"},"image":{"@id":"https:\/\/cunext.com\/de\/#\/schema\/logo\/image\/"},"sameAs":["https:\/\/www.linkedin.com\/company\/cunext-copper-industries-sl\/"]}]}},"_links":{"self":[{"href":"https:\/\/cunext.com\/de\/wp-json\/wp\/v2\/pages\/4653","targetHints":{"allow":["GET"]}}],"collection":[{"href":"https:\/\/cunext.com\/de\/wp-json\/wp\/v2\/pages"}],"about":[{"href":"https:\/\/cunext.com\/de\/wp-json\/wp\/v2\/types\/page"}],"author":[{"embeddable":true,"href":"https:\/\/cunext.com\/de\/wp-json\/wp\/v2\/users\/6"}],"replies":[{"embeddable":true,"href":"https:\/\/cunext.com\/de\/wp-json\/wp\/v2\/comments?post=4653"}],"version-history":[{"count":8,"href":"https:\/\/cunext.com\/de\/wp-json\/wp\/v2\/pages\/4653\/revisions"}],"predecessor-version":[{"id":4745,"href":"https:\/\/cunext.com\/de\/wp-json\/wp\/v2\/pages\/4653\/revisions\/4745"}],"wp:featuredmedia":[{"embeddable":true,"href":"https:\/\/cunext.com\/de\/wp-json\/wp\/v2\/media\/4658"}],"wp:attachment":[{"href":"https:\/\/cunext.com\/de\/wp-json\/wp\/v2\/media?parent=4653"}],"curies":[{"name":"wp","href":"https:\/\/api.w.org\/{rel}","templated":true}]}}