{"id":4635,"date":"2024-04-08T13:16:26","date_gmt":"2024-04-08T12:16:26","guid":{"rendered":"https:\/\/cunext.com\/cunext-group\/"},"modified":"2024-04-10T09:19:39","modified_gmt":"2024-04-10T08:19:39","slug":"cunext-group","status":"publish","type":"page","link":"https:\/\/cunext.com\/de\/cunext-group\/","title":{"rendered":"Cunext Group"},"content":{"rendered":"<section class=\"seccion-imagen-texto-home\">\r\n    <div class=\"ancho-limitado-plus\">\r\n        <div class=\"seccion-conocenos-home wow fadeInLeft\" data-wow-duration=\"0.75s\" data-wow-delay=\"0\">\r\n            <div class=\"bloque-imagen-left\">\r\n                <img decoding=\"async\" src=\"https:\/\/cunext.com\/wp-content\/uploads\/2020\/04\/img-empresas-grupo-1.jpg\" title=\"Unternehmen des konzerns\" alt=\"Unternehmen des konzerns\"\/>\r\n            <\/div>\r\n            <div class=\"info-servicio-left\">\r\n                <h1>Unternehmen des konzerns<\/h1>\r\n                <p><span style=\"font-weight: 400\">Informieren Sie sich \u00fcber den Standort und die Kontaktdaten unserer B\u00fcros in Spanien und Italien. Das Unternehmensnetzwerk der Cunext Group macht uns zum f\u00fchrenden Anbieter von Kupfer- und Aluminiumverarbeitungsprodukten in S\u00fcdeuropa und Nordwestafrika.<\/span><\/p>\n                <p class=\"boton\"><a style=\"color: #a15d42;\" href=\"https:\/\/cunext.com\/de\/cunext-group\/unternehmen\/\">Lernen Sie unsere Unternehmen kennen<\/a><\/p>            <\/div>\r\n        <\/div>\r\n    <\/div>\r\n<\/section>\n\n<section class=\"seccion-imagen-texto-home\">\r\n    <div class=\"ancho-limitado-plus\">\r\n        <div class=\"seccion-conocenos-home wow fadeInRight\" data-wow-duration=\"0.75s\" data-wow-delay=\"0\">\r\n            <div class=\"bloque-imagen-right\">\r\n                <img decoding=\"async\" src=\"https:\/\/cunext.com\/wp-content\/uploads\/2020\/04\/2_Historia.jpg\" title=\"Geschichte\" alt=\"Geschichte\"\/>\r\n            <\/div>\r\n            <div class=\"info-servicio-right\">\r\n                <h1>Geschichte<\/h1>\r\n                <p><span style=\"font-weight: 400\">Cunext ist eine gro\u00dfe Unternehmensgruppe, die sich seit Jahrzehnten der Kupferverarbeitung widmet. Im Jahr 2015 wird Aluminium in unser Produktportfolio aufgenommen, wodurch wir unsere f\u00fchrende Position bei der Herstellung von Strom- und Daten\u00fcbertragungsmaterialien behaupten k\u00f6nnen.<\/span><\/p>\n                <p class=\"boton\"><a style=\"color: #a15d42;\" href=\"https:\/\/cunext.com\/de\/cunext-group\/geschichte\/\">Lernen Sie unsere Geschichte kennen<\/a><\/p>            <\/div>\r\n        <\/div>\r\n    <\/div>\r\n<\/section>\n\n<section class=\"seccion-imagen-texto-home\">\r\n    <div class=\"ancho-limitado-plus\">\r\n        <div class=\"seccion-conocenos-home wow fadeInLeft\" data-wow-duration=\"0.75s\" data-wow-delay=\"0\">\r\n            <div class=\"bloque-imagen-left\">\r\n                <img decoding=\"async\" src=\"https:\/\/cunext.com\/wp-content\/uploads\/2020\/04\/rev-cls-3.jpg\" title=\"Cunext Lean System\" alt=\"Cunext Lean System\"\/>\r\n            <\/div>\r\n            <div class=\"info-servicio-left\">\r\n                <h1>Cunext Lean System<\/h1>\r\n                <p><span style=\"font-weight: 400\">Die Spezialisierung, die wir durch die Verarbeitung von Materialien wie Kupfer und Aluminium erworben haben, hat es uns erm\u00f6glicht, unser eigenes Produktionssystem zu entwickeln und es erfolgreich in anderen Industrien anzuwenden.<\/span><\/p>\n                <p class=\"boton\"><a style=\"color: #a15d42;\" href=\"https:\/\/cunext.com\/de\/cunext-group\/cunext-lean-system\/\">Lernen Sie das Cunext Lean System kennen<\/a><\/p>            <\/div>\r\n        <\/div>\r\n    <\/div>\r\n<\/section>","protected":false},"excerpt":{"rendered":"","protected":false},"author":6,"featured_media":4606,"parent":0,"menu_order":0,"comment_status":"closed","ping_status":"closed","template":"","meta":{"_acf_changed":false,"footnotes":""},"class_list":["post-4635","page","type-page","status-publish","has-post-thumbnail","hentry"],"acf":[],"yoast_head":"<!-- This site is optimized with the Yoast SEO plugin v27.5 - https:\/\/yoast.com\/product\/yoast-seo-wordpress\/ -->\n<title>Cunext Group - Cunext<\/title>\n<meta name=\"description\" content=\"Die CUNEXT GROUP hat sich auf die Verarbeitung von Kupfer und Aluminium in h\u00f6chster Qualit\u00e4t spezialisiert und setzt dabei auf kontinuierliche Innovation und Entwicklung.\" \/>\n<meta name=\"robots\" content=\"index, follow, max-snippet:-1, max-image-preview:large, max-video-preview:-1\" \/>\n<link rel=\"canonical\" href=\"https:\/\/cunext.com\/de\/cunext-group\/\" \/>\n<meta property=\"og:locale\" content=\"de_DE\" \/>\n<meta property=\"og:type\" content=\"article\" \/>\n<meta property=\"og:title\" content=\"Cunext Group - Cunext\" \/>\n<meta property=\"og:description\" content=\"Die CUNEXT GROUP hat sich auf die Verarbeitung von Kupfer und Aluminium in h\u00f6chster Qualit\u00e4t spezialisiert und setzt dabei auf kontinuierliche Innovation und Entwicklung.\" \/>\n<meta property=\"og:url\" content=\"https:\/\/cunext.com\/de\/cunext-group\/\" \/>\n<meta property=\"og:site_name\" content=\"Cunext\" \/>\n<meta property=\"article:modified_time\" content=\"2024-04-10T08:19:39+00:00\" \/>\n<meta property=\"og:image\" content=\"https:\/\/cunext.com\/wp-content\/uploads\/2020\/04\/cabecera_calidad.jpg\" \/>\n\t<meta property=\"og:image:width\" content=\"1600\" \/>\n\t<meta property=\"og:image:height\" content=\"378\" \/>\n\t<meta property=\"og:image:type\" content=\"image\/jpeg\" \/>\n<meta name=\"twitter:card\" content=\"summary_large_image\" \/>\n<meta name=\"twitter:label1\" content=\"Gesch\u00e4tzte Lesezeit\" \/>\n\t<meta name=\"twitter:data1\" content=\"1\u00a0Minute\" \/>\n<script type=\"application\/ld+json\" class=\"yoast-schema-graph\">{\"@context\":\"https:\\\/\\\/schema.org\",\"@graph\":[{\"@type\":\"WebPage\",\"@id\":\"https:\\\/\\\/cunext.com\\\/de\\\/cunext-group\\\/\",\"url\":\"https:\\\/\\\/cunext.com\\\/de\\\/cunext-group\\\/\",\"name\":\"Cunext Group - Cunext\",\"isPartOf\":{\"@id\":\"https:\\\/\\\/cunext.com\\\/de\\\/#website\"},\"primaryImageOfPage\":{\"@id\":\"https:\\\/\\\/cunext.com\\\/de\\\/cunext-group\\\/#primaryimage\"},\"image\":{\"@id\":\"https:\\\/\\\/cunext.com\\\/de\\\/cunext-group\\\/#primaryimage\"},\"thumbnailUrl\":\"https:\\\/\\\/cunext.com\\\/wp-content\\\/uploads\\\/2020\\\/04\\\/cabecera_calidad.jpg\",\"datePublished\":\"2024-04-08T12:16:26+00:00\",\"dateModified\":\"2024-04-10T08:19:39+00:00\",\"description\":\"Die CUNEXT GROUP hat sich auf die Verarbeitung von Kupfer und Aluminium in h\u00f6chster Qualit\u00e4t spezialisiert und setzt dabei auf kontinuierliche Innovation und Entwicklung.\",\"breadcrumb\":{\"@id\":\"https:\\\/\\\/cunext.com\\\/de\\\/cunext-group\\\/#breadcrumb\"},\"inLanguage\":\"de\",\"potentialAction\":[{\"@type\":\"ReadAction\",\"target\":[\"https:\\\/\\\/cunext.com\\\/de\\\/cunext-group\\\/\"]}]},{\"@type\":\"ImageObject\",\"inLanguage\":\"de\",\"@id\":\"https:\\\/\\\/cunext.com\\\/de\\\/cunext-group\\\/#primaryimage\",\"url\":\"https:\\\/\\\/cunext.com\\\/wp-content\\\/uploads\\\/2020\\\/04\\\/cabecera_calidad.jpg\",\"contentUrl\":\"https:\\\/\\\/cunext.com\\\/wp-content\\\/uploads\\\/2020\\\/04\\\/cabecera_calidad.jpg\",\"width\":1600,\"height\":378},{\"@type\":\"BreadcrumbList\",\"@id\":\"https:\\\/\\\/cunext.com\\\/de\\\/cunext-group\\\/#breadcrumb\",\"itemListElement\":[{\"@type\":\"ListItem\",\"position\":1,\"name\":\"Portada\",\"item\":\"https:\\\/\\\/cunext.com\\\/de\\\/\"},{\"@type\":\"ListItem\",\"position\":2,\"name\":\"Cunext Group\"}]},{\"@type\":\"WebSite\",\"@id\":\"https:\\\/\\\/cunext.com\\\/de\\\/#website\",\"url\":\"https:\\\/\\\/cunext.com\\\/de\\\/\",\"name\":\"Cunext\",\"description\":\"Transformaci\u00f3n de cobre y aluminio\",\"publisher\":{\"@id\":\"https:\\\/\\\/cunext.com\\\/de\\\/#organization\"},\"potentialAction\":[{\"@type\":\"SearchAction\",\"target\":{\"@type\":\"EntryPoint\",\"urlTemplate\":\"https:\\\/\\\/cunext.com\\\/de\\\/?s={search_term_string}\"},\"query-input\":{\"@type\":\"PropertyValueSpecification\",\"valueRequired\":true,\"valueName\":\"search_term_string\"}}],\"inLanguage\":\"de\"},{\"@type\":\"Organization\",\"@id\":\"https:\\\/\\\/cunext.com\\\/de\\\/#organization\",\"name\":\"Cunext Group\",\"url\":\"https:\\\/\\\/cunext.com\\\/de\\\/\",\"logo\":{\"@type\":\"ImageObject\",\"inLanguage\":\"de\",\"@id\":\"https:\\\/\\\/cunext.com\\\/de\\\/#\\\/schema\\\/logo\\\/image\\\/\",\"url\":\"https:\\\/\\\/cunext.com\\\/wp-content\\\/uploads\\\/2020\\\/04\\\/logo-cunext.png\",\"contentUrl\":\"https:\\\/\\\/cunext.com\\\/wp-content\\\/uploads\\\/2020\\\/04\\\/logo-cunext.png\",\"width\":229,\"height\":57,\"caption\":\"Cunext Group\"},\"image\":{\"@id\":\"https:\\\/\\\/cunext.com\\\/de\\\/#\\\/schema\\\/logo\\\/image\\\/\"},\"sameAs\":[\"https:\\\/\\\/www.linkedin.com\\\/company\\\/cunext-copper-industries-sl\\\/\"]}]}<\/script>\n<!-- \/ Yoast SEO plugin. -->","yoast_head_json":{"title":"Cunext Group - Cunext","description":"Die CUNEXT GROUP hat sich auf die Verarbeitung von Kupfer und Aluminium in h\u00f6chster Qualit\u00e4t spezialisiert und setzt dabei auf kontinuierliche Innovation und Entwicklung.","robots":{"index":"index","follow":"follow","max-snippet":"max-snippet:-1","max-image-preview":"max-image-preview:large","max-video-preview":"max-video-preview:-1"},"canonical":"https:\/\/cunext.com\/de\/cunext-group\/","og_locale":"de_DE","og_type":"article","og_title":"Cunext Group - Cunext","og_description":"Die CUNEXT GROUP hat sich auf die Verarbeitung von Kupfer und Aluminium in h\u00f6chster Qualit\u00e4t spezialisiert und setzt dabei auf kontinuierliche Innovation und Entwicklung.","og_url":"https:\/\/cunext.com\/de\/cunext-group\/","og_site_name":"Cunext","article_modified_time":"2024-04-10T08:19:39+00:00","og_image":[{"width":1600,"height":378,"url":"https:\/\/cunext.com\/wp-content\/uploads\/2020\/04\/cabecera_calidad.jpg","type":"image\/jpeg"}],"twitter_card":"summary_large_image","twitter_misc":{"Gesch\u00e4tzte Lesezeit":"1\u00a0Minute"},"schema":{"@context":"https:\/\/schema.org","@graph":[{"@type":"WebPage","@id":"https:\/\/cunext.com\/de\/cunext-group\/","url":"https:\/\/cunext.com\/de\/cunext-group\/","name":"Cunext Group - Cunext","isPartOf":{"@id":"https:\/\/cunext.com\/de\/#website"},"primaryImageOfPage":{"@id":"https:\/\/cunext.com\/de\/cunext-group\/#primaryimage"},"image":{"@id":"https:\/\/cunext.com\/de\/cunext-group\/#primaryimage"},"thumbnailUrl":"https:\/\/cunext.com\/wp-content\/uploads\/2020\/04\/cabecera_calidad.jpg","datePublished":"2024-04-08T12:16:26+00:00","dateModified":"2024-04-10T08:19:39+00:00","description":"Die CUNEXT GROUP hat sich auf die Verarbeitung von Kupfer und Aluminium in h\u00f6chster Qualit\u00e4t spezialisiert und setzt dabei auf kontinuierliche Innovation und Entwicklung.","breadcrumb":{"@id":"https:\/\/cunext.com\/de\/cunext-group\/#breadcrumb"},"inLanguage":"de","potentialAction":[{"@type":"ReadAction","target":["https:\/\/cunext.com\/de\/cunext-group\/"]}]},{"@type":"ImageObject","inLanguage":"de","@id":"https:\/\/cunext.com\/de\/cunext-group\/#primaryimage","url":"https:\/\/cunext.com\/wp-content\/uploads\/2020\/04\/cabecera_calidad.jpg","contentUrl":"https:\/\/cunext.com\/wp-content\/uploads\/2020\/04\/cabecera_calidad.jpg","width":1600,"height":378},{"@type":"BreadcrumbList","@id":"https:\/\/cunext.com\/de\/cunext-group\/#breadcrumb","itemListElement":[{"@type":"ListItem","position":1,"name":"Portada","item":"https:\/\/cunext.com\/de\/"},{"@type":"ListItem","position":2,"name":"Cunext Group"}]},{"@type":"WebSite","@id":"https:\/\/cunext.com\/de\/#website","url":"https:\/\/cunext.com\/de\/","name":"Cunext","description":"Transformaci\u00f3n de cobre y aluminio","publisher":{"@id":"https:\/\/cunext.com\/de\/#organization"},"potentialAction":[{"@type":"SearchAction","target":{"@type":"EntryPoint","urlTemplate":"https:\/\/cunext.com\/de\/?s={search_term_string}"},"query-input":{"@type":"PropertyValueSpecification","valueRequired":true,"valueName":"search_term_string"}}],"inLanguage":"de"},{"@type":"Organization","@id":"https:\/\/cunext.com\/de\/#organization","name":"Cunext Group","url":"https:\/\/cunext.com\/de\/","logo":{"@type":"ImageObject","inLanguage":"de","@id":"https:\/\/cunext.com\/de\/#\/schema\/logo\/image\/","url":"https:\/\/cunext.com\/wp-content\/uploads\/2020\/04\/logo-cunext.png","contentUrl":"https:\/\/cunext.com\/wp-content\/uploads\/2020\/04\/logo-cunext.png","width":229,"height":57,"caption":"Cunext Group"},"image":{"@id":"https:\/\/cunext.com\/de\/#\/schema\/logo\/image\/"},"sameAs":["https:\/\/www.linkedin.com\/company\/cunext-copper-industries-sl\/"]}]}},"_links":{"self":[{"href":"https:\/\/cunext.com\/de\/wp-json\/wp\/v2\/pages\/4635","targetHints":{"allow":["GET"]}}],"collection":[{"href":"https:\/\/cunext.com\/de\/wp-json\/wp\/v2\/pages"}],"about":[{"href":"https:\/\/cunext.com\/de\/wp-json\/wp\/v2\/types\/page"}],"author":[{"embeddable":true,"href":"https:\/\/cunext.com\/de\/wp-json\/wp\/v2\/users\/6"}],"replies":[{"embeddable":true,"href":"https:\/\/cunext.com\/de\/wp-json\/wp\/v2\/comments?post=4635"}],"version-history":[{"count":5,"href":"https:\/\/cunext.com\/de\/wp-json\/wp\/v2\/pages\/4635\/revisions"}],"predecessor-version":[{"id":4845,"href":"https:\/\/cunext.com\/de\/wp-json\/wp\/v2\/pages\/4635\/revisions\/4845"}],"wp:featuredmedia":[{"embeddable":true,"href":"https:\/\/cunext.com\/de\/wp-json\/wp\/v2\/media\/4606"}],"wp:attachment":[{"href":"https:\/\/cunext.com\/de\/wp-json\/wp\/v2\/media?parent=4635"}],"curies":[{"name":"wp","href":"https:\/\/api.w.org\/{rel}","templated":true}]}}