{"id":4624,"date":"2024-04-08T12:34:49","date_gmt":"2024-04-08T11:34:49","guid":{"rendered":"https:\/\/cunext.com\/rechtlicher-hinweis\/"},"modified":"2024-04-09T16:26:04","modified_gmt":"2024-04-09T15:26:04","slug":"rechtlicher-hinweis","status":"publish","type":"page","link":"https:\/\/cunext.com\/de\/rechtlicher-hinweis\/","title":{"rendered":"Rechtlicher Hinweis"},"content":{"rendered":"\r\n<p>Nachfolgend finden Sie alle Informationen \u00fcber die f\u00fcr diese Website der CUNEXT GROUP geltenden Vorschriften und Gesetze.<\/p>\r\n\r\n\r\n\r\n<ol class=\"wp-block-list\">\r\n<li>\r\n<a href=\"https:\/\/cunext.com\/aviso-legal\/#titularyfinalidades\"><strong>Inhaber und Zwecke:<\/strong><\/a> Verantwortlich f\u00fcr die Website und ihre Zwecke.\r\n<\/li>\r\n<li>\r\n<a href=\"https:\/\/cunext.com\/aviso-legal\/#condicionesdeuso\"><strong>Nutzungsbedingungen f\u00fcr Nutzer und Kunden: <\/strong>:<\/a> Wie unsere Website von Nutzern und Kunden genutzt werden soll.\r\n<\/li>\r\n<li>\r\n<a href=\"https:\/\/cunext.com\/aviso-legal\/#exclusiones\"><strong>Haftungsausschluss<\/strong>:<\/a> F\u00e4lle, in denen wir nicht f\u00fcr den Betrieb oder die Unt\u00e4tigkeit unserer Website verantwortlich sind.\r\n<\/li>\r\n<li> <a href=\"https:\/\/cunext.com\/aviso-legal\/#politicadeenlaces\"><strong>Link-Richtlinie<\/strong>:<\/a> Auf welche Seiten unsere Website verlinkt und wer unsere Website verlinken darf.<\/li>\r\n<li>\r\n<a href=\"https:\/\/cunext.com\/aviso-legal\/#propiedadintelectual\"><strong>Geistiges Eigentum:<\/strong>:<\/a> Rechte an den Inhalten unserer Website.<\/li>\r\n<li>\r\n<a href=\"https:\/\/cunext.com\/politica-de-privacidad\"><strong>Datenschutzerkl\u00e4rung<\/strong>:<\/a> Informationen \u00fcber die Verarbeitung personenbezogener Daten, geltende Rechte, Grunds\u00e4tze der Verarbeitung und Sicherheit.<\/li>\r\n<li>\r\n<a href=\"https:\/\/cunext.com\/politica-de-cookies\"><strong>Cookie-Richtlinie<\/strong>:<\/a> Tracking-Tools beim Besuch unserer Website und Informationen und Entscheidung \u00fcber deren Sperrung und Folgen.\r\n<\/li>\r\n<li> <a href=\"https:\/\/cunext.com\/aviso-legal\/#legislacion\"><strong>Anwendbares Recht<\/strong>:<\/a> Anwendbares Recht f\u00fcr diese rechtlichen Hinweise\r\n<\/li>\r\n<\/ol>\r\n\r\n\r\n\r\n<p>Alle Fragen, Anregungen oder Fragen zur Nutzung dieser Website werden per E-Mail beantwortet <a href=\"mailto:infocunext@cunext.com\"><a href=\"mailto:infocunext@cunext.com\">info@cunext.com<\/a><\/a><\/p>\r\n\r\n\r\n\r\n<div id=\"titularyfinalidades\">\r\n<h2>1. INHABER UND ZWECKE<\/h2>\r\n<p>CUNEXT COPPER INDUSTRIES, SL als Verwaltungsgesellschaft der CUNEXT GRUPPE verwaltet diese Website www. cunext. com f\u00fcr:<\/p>\r\n<ul>\r\n<li>Bereitstellung von Informationen zur sozialen Verantwortung der Unternehmen (Corporate Social Responsibility, CSR) der Unternehmensgruppe.<\/li>\r\n<li>Informieren Sie sich \u00fcber unsere Unternehmensgruppe und deren Funktionsweise in Verbindung mit ihren zertifizierten Garantien.<\/li>\r\n<li>Zeigen Sie die Produkte, die wir herstellen und dienen als Kommunikationskanal mit den Kunden.<\/li>\r\n<li>Informieren Sie \u00fcber die Datenschutzrichtlinie, die f\u00fcr die von uns durchgef\u00fchrte Verarbeitung personenbezogener Daten gilt.<\/li>\r\n<\/ul>\r\n<\/div>\r\n\r\n\r\n\r\n<div id=\"condicionesdeuso\">\r\n<h2>2. NUTZUNGSBEDINGUNGEN F\u00dcR ANWENDER UND KUNDEN<\/h2>\r\n<p>Der Zugang zu dieser Website ist f\u00fcr alle Benutzer und Kunden der Gesellschaften der CUNEXT GRUPPE kostenlos und setzt die Annahme dieser Nutzungsbedingungen voraus.<\/p>\r\n<p>Die Kunden der Gesellschaften der CUNEXT GRUPPE k\u00f6nnen ihre Zugangsdaten anfordern, um Zugang zu dem f\u00fcr sie reservierten Bereich der Website zu erhalten, wobei sie sich verpflichten, das bereitgestellte Passwort sorgf\u00e4ltig und vertraulich zu verwenden. Wir behalten uns das Recht vor, Personen, die gegen diese Nutzungsbedingungen versto\u00dfen, den Zugang ohne vorherige Ank\u00fcndigung zu verweigern oder zu widerrufen.\r\n<\/p>\r\n<p>Alle Nutzer und Kunden sind verpflichtet, unsere Website ordnungsgem\u00e4\u00df und rechtm\u00e4\u00dfig zu nutzen und keine Sch\u00e4den anzurichten oder Viren oder Systeme einzuf\u00fchren oder zu verbreiten, die Sch\u00e4den verursachen k\u00f6nnen.\r\n<\/p>\r\n<\/div>\r\n\r\n\r\n\r\n<div id=\"exclusiones\">\r\n<h2>3. HAFTUNGSAUSSCHLUSS<\/h2>\r\n<p>Wir behalten uns das Recht vor, \u00c4nderungen an dieser Website vorzunehmen, die wir f\u00fcr angemessen halten, indem wir Inhalte oder Produkte, die auf dieser Website angezeigt werden, \u00e4ndern, entfernen oder hinzuf\u00fcgen, sowie die Art und Weise, wie sie angezeigt oder gefunden werden.<\/p>\r\n<p>Wir haften nicht f\u00fcr die Nichtverf\u00fcgbarkeit der Website aus externen Gr\u00fcnden (technische Probleme im Netzwerk, bei Telekommunikationsdienstleistern, Ger\u00e4teausf\u00e4lle und andere unvorhersehbare Ereignisse wie Reparaturen, Wartung und Software-Updates). Ebenso wenig k\u00f6nnen wir f\u00fcr fehlerhafte oder fehlerhafte Verbindungen aufgrund einer Fehlfunktion des von Ihnen verwendeten Browsers oder der Verwendung veralteter Browserversionen haftbar gemacht werden. Wir k\u00f6nnen auch nicht garantieren, dass unsere Website mit jeglicher Hardware oder Software kompatibel ist, die Sie oder Kunde m\u00f6glicherweise verwenden.<\/p>\r\n<\/div>\r\n\r\n\r\n\r\n<div id=\"politicadeenlaces\">\r\n<h2>4. VERNETZUNGSPOLITIK\r\n<\/h2>\r\n<p>Unsere Website verlinkt auf die Social-Media-Profile von CUNEXT COPPER INDUSTRIES, SL und die Standorte der einzelnen Unternehmen der Unternehmensgruppe auf Google Maps.<\/p>\r\n<p>F\u00fcr die Verlinkung auf unsere Website ist die ausdr\u00fcckliche Genehmigung von CUNEXT COPPER INDUSTRIES, SL einzuholen, die sich in jedem Fall das Recht vorbeh\u00e4lt, die Verlinkung zu untersagen oder einzuschr\u00e4nken.<\/p>\r\n<\/div>\r\n\r\n\r\n\r\n<div id=\"propiedadintelectual\">\r\n<h2>5. GEISTIGES EIGENTUM<\/h2>\r\n<p>Der Domainname ist Eigentum von CUNEXT COPPER INDUSTRIES, SL und seine ausschlie\u00dfliche Nutzung ist der CUNEXT GROUP vorbehalten. Dar\u00fcber hinaus ist er Inhaber aller geistigen Eigentumsrechte an der Website, an allen Inhalten (Texte, Logos, Zeichen, Marken, Handelsnamen, Industrie-Grafiken und -Designs oder alle anderen Zeichen, die gewerblich und kommerziell verwendet werden k\u00f6nnen) sowie am Quellcode und der grafischen Gestaltung der Website.\r\n<\/p>\r\n<p>Die Vervielf\u00e4ltigung, Verbreitung und \u00f6ffentliche Wiedergabe des gesamten oder eines Teils der Inhalte dieser Website auf jeglichem Medium und mit jeglichem Medium ohne unsere Genehmigung ist ausdr\u00fccklich untersagt.<\/p>\r\n<\/div>\r\n\r\n\r\n\r\n<div id=\"legislacion\">\r\n<h2>6. ANWENDBARES RECHT<\/h2>\r\n<p>Das anwendbare Recht im Falle von Streitigkeiten oder Konflikten bei der Auslegung der Bedingungen, die diese rechtlichen Hinweise bilden, ist spanisches Recht.<\/p>\r\n<\/div>\r\n","protected":false},"excerpt":{"rendered":"<p>Nachfolgend finden Sie alle Informationen \u00fcber die f\u00fcr diese Website der CUNEXT GROUP geltenden Vorschriften und Gesetze. Inhaber und Zwecke: Verantwortlich f\u00fcr die Website und&#8230;<\/p>\n","protected":false},"author":6,"featured_media":4625,"parent":0,"menu_order":0,"comment_status":"closed","ping_status":"closed","template":"","meta":{"_acf_changed":false,"footnotes":""},"class_list":["post-4624","page","type-page","status-publish","has-post-thumbnail","hentry"],"acf":[],"yoast_head":"<!-- This site is optimized with the Yoast SEO plugin v27.5 - https:\/\/yoast.com\/product\/yoast-seo-wordpress\/ -->\n<title>Rechtlicher Hinweis - Cunext<\/title>\n<meta name=\"description\" content=\"Die CUNEXT GROUP hat sich auf die Verarbeitung von Kupfer und Aluminium in h\u00f6chster Qualit\u00e4t spezialisiert und setzt dabei auf kontinuierliche Innovation und Entwicklung.\" \/>\n<meta name=\"robots\" content=\"index, follow, max-snippet:-1, max-image-preview:large, max-video-preview:-1\" \/>\n<link rel=\"canonical\" href=\"https:\/\/cunext.com\/de\/rechtlicher-hinweis\/\" \/>\n<meta property=\"og:locale\" content=\"de_DE\" \/>\n<meta property=\"og:type\" content=\"article\" \/>\n<meta property=\"og:title\" content=\"Rechtlicher Hinweis - Cunext\" \/>\n<meta property=\"og:description\" content=\"Die CUNEXT GROUP hat sich auf die Verarbeitung von Kupfer und Aluminium in h\u00f6chster Qualit\u00e4t spezialisiert und setzt dabei auf kontinuierliche Innovation und Entwicklung.\" \/>\n<meta property=\"og:url\" content=\"https:\/\/cunext.com\/de\/rechtlicher-hinweis\/\" \/>\n<meta property=\"og:site_name\" content=\"Cunext\" \/>\n<meta property=\"article:modified_time\" content=\"2024-04-09T15:26:04+00:00\" \/>\n<meta property=\"og:image\" content=\"https:\/\/cunext.com\/wp-content\/uploads\/2020\/04\/cabecera-aviso-legal.jpg\" \/>\n\t<meta property=\"og:image:width\" content=\"1600\" \/>\n\t<meta property=\"og:image:height\" content=\"378\" \/>\n\t<meta property=\"og:image:type\" content=\"image\/jpeg\" \/>\n<meta name=\"twitter:card\" content=\"summary_large_image\" \/>\n<meta name=\"twitter:label1\" content=\"Gesch\u00e4tzte Lesezeit\" \/>\n\t<meta name=\"twitter:data1\" content=\"3\u00a0Minuten\" \/>\n<script type=\"application\/ld+json\" class=\"yoast-schema-graph\">{\"@context\":\"https:\\\/\\\/schema.org\",\"@graph\":[{\"@type\":\"WebPage\",\"@id\":\"https:\\\/\\\/cunext.com\\\/de\\\/rechtlicher-hinweis\\\/\",\"url\":\"https:\\\/\\\/cunext.com\\\/de\\\/rechtlicher-hinweis\\\/\",\"name\":\"Rechtlicher Hinweis - Cunext\",\"isPartOf\":{\"@id\":\"https:\\\/\\\/cunext.com\\\/de\\\/#website\"},\"primaryImageOfPage\":{\"@id\":\"https:\\\/\\\/cunext.com\\\/de\\\/rechtlicher-hinweis\\\/#primaryimage\"},\"image\":{\"@id\":\"https:\\\/\\\/cunext.com\\\/de\\\/rechtlicher-hinweis\\\/#primaryimage\"},\"thumbnailUrl\":\"https:\\\/\\\/cunext.com\\\/wp-content\\\/uploads\\\/2020\\\/04\\\/cabecera-aviso-legal.jpg\",\"datePublished\":\"2024-04-08T11:34:49+00:00\",\"dateModified\":\"2024-04-09T15:26:04+00:00\",\"description\":\"Die CUNEXT GROUP hat sich auf die Verarbeitung von Kupfer und Aluminium in h\u00f6chster Qualit\u00e4t spezialisiert und setzt dabei auf kontinuierliche Innovation und Entwicklung.\",\"breadcrumb\":{\"@id\":\"https:\\\/\\\/cunext.com\\\/de\\\/rechtlicher-hinweis\\\/#breadcrumb\"},\"inLanguage\":\"de\",\"potentialAction\":[{\"@type\":\"ReadAction\",\"target\":[\"https:\\\/\\\/cunext.com\\\/de\\\/rechtlicher-hinweis\\\/\"]}]},{\"@type\":\"ImageObject\",\"inLanguage\":\"de\",\"@id\":\"https:\\\/\\\/cunext.com\\\/de\\\/rechtlicher-hinweis\\\/#primaryimage\",\"url\":\"https:\\\/\\\/cunext.com\\\/wp-content\\\/uploads\\\/2020\\\/04\\\/cabecera-aviso-legal.jpg\",\"contentUrl\":\"https:\\\/\\\/cunext.com\\\/wp-content\\\/uploads\\\/2020\\\/04\\\/cabecera-aviso-legal.jpg\",\"width\":1600,\"height\":378},{\"@type\":\"BreadcrumbList\",\"@id\":\"https:\\\/\\\/cunext.com\\\/de\\\/rechtlicher-hinweis\\\/#breadcrumb\",\"itemListElement\":[{\"@type\":\"ListItem\",\"position\":1,\"name\":\"Portada\",\"item\":\"https:\\\/\\\/cunext.com\\\/de\\\/\"},{\"@type\":\"ListItem\",\"position\":2,\"name\":\"Rechtlicher Hinweis\"}]},{\"@type\":\"WebSite\",\"@id\":\"https:\\\/\\\/cunext.com\\\/de\\\/#website\",\"url\":\"https:\\\/\\\/cunext.com\\\/de\\\/\",\"name\":\"Cunext\",\"description\":\"Transformaci\u00f3n de cobre y aluminio\",\"publisher\":{\"@id\":\"https:\\\/\\\/cunext.com\\\/de\\\/#organization\"},\"potentialAction\":[{\"@type\":\"SearchAction\",\"target\":{\"@type\":\"EntryPoint\",\"urlTemplate\":\"https:\\\/\\\/cunext.com\\\/de\\\/?s={search_term_string}\"},\"query-input\":{\"@type\":\"PropertyValueSpecification\",\"valueRequired\":true,\"valueName\":\"search_term_string\"}}],\"inLanguage\":\"de\"},{\"@type\":\"Organization\",\"@id\":\"https:\\\/\\\/cunext.com\\\/de\\\/#organization\",\"name\":\"Cunext Group\",\"url\":\"https:\\\/\\\/cunext.com\\\/de\\\/\",\"logo\":{\"@type\":\"ImageObject\",\"inLanguage\":\"de\",\"@id\":\"https:\\\/\\\/cunext.com\\\/de\\\/#\\\/schema\\\/logo\\\/image\\\/\",\"url\":\"https:\\\/\\\/cunext.com\\\/wp-content\\\/uploads\\\/2020\\\/04\\\/logo-cunext.png\",\"contentUrl\":\"https:\\\/\\\/cunext.com\\\/wp-content\\\/uploads\\\/2020\\\/04\\\/logo-cunext.png\",\"width\":229,\"height\":57,\"caption\":\"Cunext Group\"},\"image\":{\"@id\":\"https:\\\/\\\/cunext.com\\\/de\\\/#\\\/schema\\\/logo\\\/image\\\/\"},\"sameAs\":[\"https:\\\/\\\/www.linkedin.com\\\/company\\\/cunext-copper-industries-sl\\\/\"]}]}<\/script>\n<!-- \/ Yoast SEO plugin. -->","yoast_head_json":{"title":"Rechtlicher Hinweis - Cunext","description":"Die CUNEXT GROUP hat sich auf die Verarbeitung von Kupfer und Aluminium in h\u00f6chster Qualit\u00e4t spezialisiert und setzt dabei auf kontinuierliche Innovation und Entwicklung.","robots":{"index":"index","follow":"follow","max-snippet":"max-snippet:-1","max-image-preview":"max-image-preview:large","max-video-preview":"max-video-preview:-1"},"canonical":"https:\/\/cunext.com\/de\/rechtlicher-hinweis\/","og_locale":"de_DE","og_type":"article","og_title":"Rechtlicher Hinweis - Cunext","og_description":"Die CUNEXT GROUP hat sich auf die Verarbeitung von Kupfer und Aluminium in h\u00f6chster Qualit\u00e4t spezialisiert und setzt dabei auf kontinuierliche Innovation und Entwicklung.","og_url":"https:\/\/cunext.com\/de\/rechtlicher-hinweis\/","og_site_name":"Cunext","article_modified_time":"2024-04-09T15:26:04+00:00","og_image":[{"width":1600,"height":378,"url":"https:\/\/cunext.com\/wp-content\/uploads\/2020\/04\/cabecera-aviso-legal.jpg","type":"image\/jpeg"}],"twitter_card":"summary_large_image","twitter_misc":{"Gesch\u00e4tzte Lesezeit":"3\u00a0Minuten"},"schema":{"@context":"https:\/\/schema.org","@graph":[{"@type":"WebPage","@id":"https:\/\/cunext.com\/de\/rechtlicher-hinweis\/","url":"https:\/\/cunext.com\/de\/rechtlicher-hinweis\/","name":"Rechtlicher Hinweis - Cunext","isPartOf":{"@id":"https:\/\/cunext.com\/de\/#website"},"primaryImageOfPage":{"@id":"https:\/\/cunext.com\/de\/rechtlicher-hinweis\/#primaryimage"},"image":{"@id":"https:\/\/cunext.com\/de\/rechtlicher-hinweis\/#primaryimage"},"thumbnailUrl":"https:\/\/cunext.com\/wp-content\/uploads\/2020\/04\/cabecera-aviso-legal.jpg","datePublished":"2024-04-08T11:34:49+00:00","dateModified":"2024-04-09T15:26:04+00:00","description":"Die CUNEXT GROUP hat sich auf die Verarbeitung von Kupfer und Aluminium in h\u00f6chster Qualit\u00e4t spezialisiert und setzt dabei auf kontinuierliche Innovation und Entwicklung.","breadcrumb":{"@id":"https:\/\/cunext.com\/de\/rechtlicher-hinweis\/#breadcrumb"},"inLanguage":"de","potentialAction":[{"@type":"ReadAction","target":["https:\/\/cunext.com\/de\/rechtlicher-hinweis\/"]}]},{"@type":"ImageObject","inLanguage":"de","@id":"https:\/\/cunext.com\/de\/rechtlicher-hinweis\/#primaryimage","url":"https:\/\/cunext.com\/wp-content\/uploads\/2020\/04\/cabecera-aviso-legal.jpg","contentUrl":"https:\/\/cunext.com\/wp-content\/uploads\/2020\/04\/cabecera-aviso-legal.jpg","width":1600,"height":378},{"@type":"BreadcrumbList","@id":"https:\/\/cunext.com\/de\/rechtlicher-hinweis\/#breadcrumb","itemListElement":[{"@type":"ListItem","position":1,"name":"Portada","item":"https:\/\/cunext.com\/de\/"},{"@type":"ListItem","position":2,"name":"Rechtlicher Hinweis"}]},{"@type":"WebSite","@id":"https:\/\/cunext.com\/de\/#website","url":"https:\/\/cunext.com\/de\/","name":"Cunext","description":"Transformaci\u00f3n de cobre y aluminio","publisher":{"@id":"https:\/\/cunext.com\/de\/#organization"},"potentialAction":[{"@type":"SearchAction","target":{"@type":"EntryPoint","urlTemplate":"https:\/\/cunext.com\/de\/?s={search_term_string}"},"query-input":{"@type":"PropertyValueSpecification","valueRequired":true,"valueName":"search_term_string"}}],"inLanguage":"de"},{"@type":"Organization","@id":"https:\/\/cunext.com\/de\/#organization","name":"Cunext Group","url":"https:\/\/cunext.com\/de\/","logo":{"@type":"ImageObject","inLanguage":"de","@id":"https:\/\/cunext.com\/de\/#\/schema\/logo\/image\/","url":"https:\/\/cunext.com\/wp-content\/uploads\/2020\/04\/logo-cunext.png","contentUrl":"https:\/\/cunext.com\/wp-content\/uploads\/2020\/04\/logo-cunext.png","width":229,"height":57,"caption":"Cunext Group"},"image":{"@id":"https:\/\/cunext.com\/de\/#\/schema\/logo\/image\/"},"sameAs":["https:\/\/www.linkedin.com\/company\/cunext-copper-industries-sl\/"]}]}},"_links":{"self":[{"href":"https:\/\/cunext.com\/de\/wp-json\/wp\/v2\/pages\/4624","targetHints":{"allow":["GET"]}}],"collection":[{"href":"https:\/\/cunext.com\/de\/wp-json\/wp\/v2\/pages"}],"about":[{"href":"https:\/\/cunext.com\/de\/wp-json\/wp\/v2\/types\/page"}],"author":[{"embeddable":true,"href":"https:\/\/cunext.com\/de\/wp-json\/wp\/v2\/users\/6"}],"replies":[{"embeddable":true,"href":"https:\/\/cunext.com\/de\/wp-json\/wp\/v2\/comments?post=4624"}],"version-history":[{"count":1,"href":"https:\/\/cunext.com\/de\/wp-json\/wp\/v2\/pages\/4624\/revisions"}],"predecessor-version":[{"id":4728,"href":"https:\/\/cunext.com\/de\/wp-json\/wp\/v2\/pages\/4624\/revisions\/4728"}],"wp:featuredmedia":[{"embeddable":true,"href":"https:\/\/cunext.com\/de\/wp-json\/wp\/v2\/media\/4625"}],"wp:attachment":[{"href":"https:\/\/cunext.com\/de\/wp-json\/wp\/v2\/media?parent=4624"}],"curies":[{"name":"wp","href":"https:\/\/api.w.org\/{rel}","templated":true}]}}