{"id":4613,"date":"2024-04-08T12:13:55","date_gmt":"2024-04-08T11:13:55","guid":{"rendered":"https:\/\/cunext.com\/nachhaltigkeit\/"},"modified":"2024-04-10T08:12:06","modified_gmt":"2024-04-10T07:12:06","slug":"nachhaltigkeit","status":"publish","type":"page","link":"https:\/\/cunext.com\/de\/nachhaltigkeit\/","title":{"rendered":"Nachhaltigkeit"},"content":{"rendered":"\n<h2 class=\"wp-block-heading principal ancho-limitado\">UNSERE GESCH\u00c4FTSZIELE IN VERBINDUNG MIT UNSEREM ENGAGEMENT F\u00dcR DIE UMWELT<\/h2>\n\n\n\n<div class=\"wp-block-columns is-layout-flex wp-container-core-columns-is-layout-28f84493 wp-block-columns-is-layout-flex\">\n<div class=\"wp-block-column bloqueTextoSostenibilidad is-layout-flow wp-block-column-is-layout-flow\">\n<p><strong><strong>Das Hauptziel der Nachhaltigkeit besteht darin<\/strong>, die Bed\u00fcrfnisse der Gegenwart zu befriedigen, ohne k\u00fcnftige Generationen zu gef\u00e4hrden, indem ein Gleichgewicht zwischen Wirtschaftswachstum, Umweltschutz und sozialem Wohlergehen gew\u00e4hrleistet wird.<\/p>\n\n\n\n<p><strong>Als Cunext-Gruppe tragen wir aktiv und ehrenamtlich zur Verbesserung unseres sozialen, wirtschaftlichen und \u00f6kologischen Umfelds bei. Das Hauptziel dieses Beitrags besteht darin, die Wettbewerbssituation zu verbessern und einen Mehrwert f\u00fcr die Unternehmensstrategie zu schaffen.<\/p>\n\n\n\n<p>CUNEXT spielt durch seine T\u00e4tigkeit eine wichtige Rolle bei der Erreichung globaler Innovations- und Nachhaltigkeitsziele in Bereichen wie erneuerbare Energien, Elektroautos, Digitalisierung oder Modernisierung des bestehenden Stromnetzes.\n<\/p>\n<\/div>\n<\/div>\n\n\n<section class=\"iconos-enlazados\">\r\n    <div class=\"ancho-limitado-plus\">\r\n        <p class=\"titulo-iconos\"><\/p>\r\n            <\/div>\r\n<\/section>\n\n<section class=\"iconos-enlazados\">\r\n    <div class=\"ancho-limitado-plus\">\r\n        <p class=\"titulo-iconos\"><\/p>\r\n                    <div class=\"iconos\">\r\n                                    <div class=\"icono\">\r\n                        <div class=\"img-icono\">\r\n                            <img decoding=\"async\" src=\"https:\/\/cunext.com\/wp-content\/uploads\/2020\/01\/empresarios-estrecharme-mano-despues-reunirse-cafe_8087-3398.jpg\" title=\"Ethischer Verhaltenskodex und Verhaltenskodex\" alt=\"Ethischer Verhaltenskodex und Verhaltenskodex\"\/>\r\n                        <\/div>\r\n                        <div class=\"info-icono\">\r\n                            <h3>Ethischer Verhaltenskodex und Verhaltenskodex<\/h3>\r\n                            <p>Leitfaden zum Verst\u00e4ndnis und zur Einhaltung der Unternehmenswerte der Cunext-Gruppe.<\/p>\r\n                            <p class=\"boton\"><a href=\"https:\/\/cunext.com\/de\/nachhaltigkeit\/ethischer-verhaltenskodex-und-verhaltenskodex\/\">mehr sehen<\/a><\/p>\r\n                        <\/div>\r\n                        <div style=\"clear: both;\"><\/div>\r\n                    <\/div>\r\n                                    <div class=\"icono\">\r\n                        <div class=\"img-icono\">\r\n                            <img decoding=\"async\" src=\"https:\/\/cunext.com\/wp-content\/uploads\/2023\/05\/banner-Politica-Comunicacion.jpg\" title=\"Richtlinie f\u00fcr die Kommunikation von Verst\u00f6\u00dfen und Anfragen\" alt=\"Richtlinie f\u00fcr die Kommunikation von Verst\u00f6\u00dfen und Anfragen\"\/>\r\n                        <\/div>\r\n                        <div class=\"info-icono\">\r\n                            <h3>Richtlinie f\u00fcr die Kommunikation von Verst\u00f6\u00dfen und Anfragen<\/h3>\r\n                            <p>Politik, die die Grunds\u00e4tze und Handlungsgarantien von Cunext in Bezug auf die Meldung von Verst\u00f6\u00dfen und insbesondere zum Schutz des Melders des Versto\u00dfes und der betroffenen Person festlegt.<\/p>\r\n                            <p class=\"boton\"><a href=\"https:\/\/cunext.com\/de\/nachhaltigkeit\/richtlinie-fur-die-kommunikation-von-verstosen-und-anfragen\/\">mehr sehen<\/a><\/p>\r\n                        <\/div>\r\n                        <div style=\"clear: both;\"><\/div>\r\n                    <\/div>\r\n                                    <div class=\"icono\">\r\n                        <div class=\"img-icono\">\r\n                            <img decoding=\"async\" src=\"https:\/\/cunext.com\/wp-content\/uploads\/2020\/01\/juez-conversando-su-cliente-sala-tribunal_23-2147898404.jpg\" title=\"Ethikkontaktstelle\" alt=\"Ethikkontaktstelle\"\/>\r\n                        <\/div>\r\n                        <div class=\"info-icono\">\r\n                            <h3>Ethikkontaktstelle<\/h3>\r\n                            <p>Kommunikationskanal f\u00fcr die Entgegennahme von Beschwerden \u00fcber Verst\u00f6\u00dfe gegen unseren Verhaltenskodex.<\/p>\r\n                            <p class=\"boton\"><a href=\"https:\/\/cunext.com\/de\/nachhaltigkeit\/ethikkontaktstelle\/\">mehr sehen<\/a><\/p>\r\n                        <\/div>\r\n                        <div style=\"clear: both;\"><\/div>\r\n                    <\/div>\r\n                                    <div class=\"icono\">\r\n                        <div class=\"img-icono\">\r\n                            <img decoding=\"async\" src=\"https:\/\/cunext.com\/wp-content\/uploads\/2020\/01\/ver-cosechado-mujer-rellenar-formulario-solicitud_1262-2110.jpg\" title=\"Managementpolitik\" alt=\"Managementpolitik\"\/>\r\n                        <\/div>\r\n                        <div class=\"info-icono\">\r\n                            <h3>Managementpolitik<\/h3>\r\n                            <p>Grunds\u00e4tze, auf die sich unsere Managementpolitik st\u00fctzt.<\/p>\r\n                            <p class=\"boton\"><a href=\"https:\/\/cunext.com\/de\/nachhaltigkeit\/managementpolitik\/\">mehr sehen<\/a><\/p>\r\n                        <\/div>\r\n                        <div style=\"clear: both;\"><\/div>\r\n                    <\/div>\r\n                                    <div class=\"icono\">\r\n                        <div class=\"img-icono\">\r\n                            <img decoding=\"async\" src=\"https:\/\/cunext.com\/wp-content\/uploads\/2021\/09\/memorias-de-sostenibilidad-1.jpg\" title=\"ESG-Berichte\" alt=\"ESG-Berichte\"\/>\r\n                        <\/div>\r\n                        <div class=\"info-icono\">\r\n                            <h3>ESG-Berichte<\/h3>\r\n                            <p>J\u00e4hrliche Ver\u00f6ffentlichung des ESG-Berichts der Gruppe, in dem wir unsere Ziele, Herausforderungen und Ergebnisse darlegen.<\/p>\r\n                            <p class=\"boton\"><a href=\"https:\/\/cunext.com\/de\/nachhaltigkeit\/esg-berichte\/\">mehr sehen<\/a><\/p>\r\n                        <\/div>\r\n                        <div style=\"clear: both;\"><\/div>\r\n                    <\/div>\r\n                            <\/div>\r\n            <\/div>\r\n<\/section>","protected":false},"excerpt":{"rendered":"<p>UNSERE GESCH\u00c4FTSZIELE IN VERBINDUNG MIT UNSEREM ENGAGEMENT F\u00dcR DIE UMWELT Das Hauptziel der Nachhaltigkeit besteht darin, die Bed\u00fcrfnisse der Gegenwart zu befriedigen, ohne k\u00fcnftige Generationen&#8230;<\/p>\n","protected":false},"author":6,"featured_media":4620,"parent":0,"menu_order":0,"comment_status":"closed","ping_status":"closed","template":"","meta":{"_acf_changed":false,"footnotes":""},"class_list":["post-4613","page","type-page","status-publish","has-post-thumbnail","hentry"],"acf":[],"yoast_head":"<!-- This site is optimized with the Yoast SEO plugin v27.4 - https:\/\/yoast.com\/product\/yoast-seo-wordpress\/ -->\n<title>Nachhaltigkeit - Cunext<\/title>\n<meta name=\"description\" content=\"Die CUNEXT GROUP hat sich auf die Verarbeitung von Kupfer und Aluminium in h\u00f6chster Qualit\u00e4t spezialisiert und setzt dabei auf kontinuierliche Innovation und Entwicklung.\" \/>\n<meta name=\"robots\" content=\"index, follow, max-snippet:-1, max-image-preview:large, max-video-preview:-1\" \/>\n<link rel=\"canonical\" href=\"https:\/\/cunext.com\/de\/nachhaltigkeit\/\" \/>\n<meta property=\"og:locale\" content=\"de_DE\" \/>\n<meta property=\"og:type\" content=\"article\" \/>\n<meta property=\"og:title\" content=\"Nachhaltigkeit - Cunext\" \/>\n<meta property=\"og:description\" content=\"Die CUNEXT GROUP hat sich auf die Verarbeitung von Kupfer und Aluminium in h\u00f6chster Qualit\u00e4t spezialisiert und setzt dabei auf kontinuierliche Innovation und Entwicklung.\" \/>\n<meta property=\"og:url\" content=\"https:\/\/cunext.com\/de\/nachhaltigkeit\/\" \/>\n<meta property=\"og:site_name\" content=\"Cunext\" \/>\n<meta property=\"article:modified_time\" content=\"2024-04-10T07:12:06+00:00\" \/>\n<meta property=\"og:image\" content=\"https:\/\/cunext.com\/wp-content\/uploads\/2020\/01\/aluminum-audio-close-up-design-373632-scaled.jpg\" \/>\n\t<meta property=\"og:image:width\" content=\"1600\" \/>\n\t<meta property=\"og:image:height\" content=\"1067\" \/>\n\t<meta property=\"og:image:type\" content=\"image\/jpeg\" \/>\n<meta name=\"twitter:card\" content=\"summary_large_image\" \/>\n<meta name=\"twitter:label1\" content=\"Gesch\u00e4tzte Lesezeit\" \/>\n\t<meta name=\"twitter:data1\" content=\"1\u00a0Minute\" \/>\n<script type=\"application\/ld+json\" class=\"yoast-schema-graph\">{\"@context\":\"https:\\\/\\\/schema.org\",\"@graph\":[{\"@type\":\"WebPage\",\"@id\":\"https:\\\/\\\/cunext.com\\\/de\\\/nachhaltigkeit\\\/\",\"url\":\"https:\\\/\\\/cunext.com\\\/de\\\/nachhaltigkeit\\\/\",\"name\":\"Nachhaltigkeit - Cunext\",\"isPartOf\":{\"@id\":\"https:\\\/\\\/cunext.com\\\/de\\\/#website\"},\"primaryImageOfPage\":{\"@id\":\"https:\\\/\\\/cunext.com\\\/de\\\/nachhaltigkeit\\\/#primaryimage\"},\"image\":{\"@id\":\"https:\\\/\\\/cunext.com\\\/de\\\/nachhaltigkeit\\\/#primaryimage\"},\"thumbnailUrl\":\"https:\\\/\\\/cunext.com\\\/wp-content\\\/uploads\\\/2020\\\/01\\\/aluminum-audio-close-up-design-373632-scaled.jpg\",\"datePublished\":\"2024-04-08T11:13:55+00:00\",\"dateModified\":\"2024-04-10T07:12:06+00:00\",\"description\":\"Die CUNEXT GROUP hat sich auf die Verarbeitung von Kupfer und Aluminium in h\u00f6chster Qualit\u00e4t spezialisiert und setzt dabei auf kontinuierliche Innovation und Entwicklung.\",\"breadcrumb\":{\"@id\":\"https:\\\/\\\/cunext.com\\\/de\\\/nachhaltigkeit\\\/#breadcrumb\"},\"inLanguage\":\"de\",\"potentialAction\":[{\"@type\":\"ReadAction\",\"target\":[\"https:\\\/\\\/cunext.com\\\/de\\\/nachhaltigkeit\\\/\"]}]},{\"@type\":\"ImageObject\",\"inLanguage\":\"de\",\"@id\":\"https:\\\/\\\/cunext.com\\\/de\\\/nachhaltigkeit\\\/#primaryimage\",\"url\":\"https:\\\/\\\/cunext.com\\\/wp-content\\\/uploads\\\/2020\\\/01\\\/aluminum-audio-close-up-design-373632-scaled.jpg\",\"contentUrl\":\"https:\\\/\\\/cunext.com\\\/wp-content\\\/uploads\\\/2020\\\/01\\\/aluminum-audio-close-up-design-373632-scaled.jpg\",\"width\":1600,\"height\":1067},{\"@type\":\"BreadcrumbList\",\"@id\":\"https:\\\/\\\/cunext.com\\\/de\\\/nachhaltigkeit\\\/#breadcrumb\",\"itemListElement\":[{\"@type\":\"ListItem\",\"position\":1,\"name\":\"Portada\",\"item\":\"https:\\\/\\\/cunext.com\\\/de\\\/\"},{\"@type\":\"ListItem\",\"position\":2,\"name\":\"Nachhaltigkeit\"}]},{\"@type\":\"WebSite\",\"@id\":\"https:\\\/\\\/cunext.com\\\/de\\\/#website\",\"url\":\"https:\\\/\\\/cunext.com\\\/de\\\/\",\"name\":\"Cunext\",\"description\":\"Transformaci\u00f3n de cobre y aluminio\",\"publisher\":{\"@id\":\"https:\\\/\\\/cunext.com\\\/de\\\/#organization\"},\"potentialAction\":[{\"@type\":\"SearchAction\",\"target\":{\"@type\":\"EntryPoint\",\"urlTemplate\":\"https:\\\/\\\/cunext.com\\\/de\\\/?s={search_term_string}\"},\"query-input\":{\"@type\":\"PropertyValueSpecification\",\"valueRequired\":true,\"valueName\":\"search_term_string\"}}],\"inLanguage\":\"de\"},{\"@type\":\"Organization\",\"@id\":\"https:\\\/\\\/cunext.com\\\/de\\\/#organization\",\"name\":\"Cunext Group\",\"url\":\"https:\\\/\\\/cunext.com\\\/de\\\/\",\"logo\":{\"@type\":\"ImageObject\",\"inLanguage\":\"de\",\"@id\":\"https:\\\/\\\/cunext.com\\\/de\\\/#\\\/schema\\\/logo\\\/image\\\/\",\"url\":\"https:\\\/\\\/cunext.com\\\/wp-content\\\/uploads\\\/2020\\\/04\\\/logo-cunext.png\",\"contentUrl\":\"https:\\\/\\\/cunext.com\\\/wp-content\\\/uploads\\\/2020\\\/04\\\/logo-cunext.png\",\"width\":229,\"height\":57,\"caption\":\"Cunext Group\"},\"image\":{\"@id\":\"https:\\\/\\\/cunext.com\\\/de\\\/#\\\/schema\\\/logo\\\/image\\\/\"},\"sameAs\":[\"https:\\\/\\\/www.linkedin.com\\\/company\\\/cunext-copper-industries-sl\\\/\"]}]}<\/script>\n<!-- \/ Yoast SEO plugin. -->","yoast_head_json":{"title":"Nachhaltigkeit - Cunext","description":"Die CUNEXT GROUP hat sich auf die Verarbeitung von Kupfer und Aluminium in h\u00f6chster Qualit\u00e4t spezialisiert und setzt dabei auf kontinuierliche Innovation und Entwicklung.","robots":{"index":"index","follow":"follow","max-snippet":"max-snippet:-1","max-image-preview":"max-image-preview:large","max-video-preview":"max-video-preview:-1"},"canonical":"https:\/\/cunext.com\/de\/nachhaltigkeit\/","og_locale":"de_DE","og_type":"article","og_title":"Nachhaltigkeit - Cunext","og_description":"Die CUNEXT GROUP hat sich auf die Verarbeitung von Kupfer und Aluminium in h\u00f6chster Qualit\u00e4t spezialisiert und setzt dabei auf kontinuierliche Innovation und Entwicklung.","og_url":"https:\/\/cunext.com\/de\/nachhaltigkeit\/","og_site_name":"Cunext","article_modified_time":"2024-04-10T07:12:06+00:00","og_image":[{"width":1600,"height":1067,"url":"https:\/\/cunext.com\/wp-content\/uploads\/2020\/01\/aluminum-audio-close-up-design-373632-scaled.jpg","type":"image\/jpeg"}],"twitter_card":"summary_large_image","twitter_misc":{"Gesch\u00e4tzte Lesezeit":"1\u00a0Minute"},"schema":{"@context":"https:\/\/schema.org","@graph":[{"@type":"WebPage","@id":"https:\/\/cunext.com\/de\/nachhaltigkeit\/","url":"https:\/\/cunext.com\/de\/nachhaltigkeit\/","name":"Nachhaltigkeit - Cunext","isPartOf":{"@id":"https:\/\/cunext.com\/de\/#website"},"primaryImageOfPage":{"@id":"https:\/\/cunext.com\/de\/nachhaltigkeit\/#primaryimage"},"image":{"@id":"https:\/\/cunext.com\/de\/nachhaltigkeit\/#primaryimage"},"thumbnailUrl":"https:\/\/cunext.com\/wp-content\/uploads\/2020\/01\/aluminum-audio-close-up-design-373632-scaled.jpg","datePublished":"2024-04-08T11:13:55+00:00","dateModified":"2024-04-10T07:12:06+00:00","description":"Die CUNEXT GROUP hat sich auf die Verarbeitung von Kupfer und Aluminium in h\u00f6chster Qualit\u00e4t spezialisiert und setzt dabei auf kontinuierliche Innovation und Entwicklung.","breadcrumb":{"@id":"https:\/\/cunext.com\/de\/nachhaltigkeit\/#breadcrumb"},"inLanguage":"de","potentialAction":[{"@type":"ReadAction","target":["https:\/\/cunext.com\/de\/nachhaltigkeit\/"]}]},{"@type":"ImageObject","inLanguage":"de","@id":"https:\/\/cunext.com\/de\/nachhaltigkeit\/#primaryimage","url":"https:\/\/cunext.com\/wp-content\/uploads\/2020\/01\/aluminum-audio-close-up-design-373632-scaled.jpg","contentUrl":"https:\/\/cunext.com\/wp-content\/uploads\/2020\/01\/aluminum-audio-close-up-design-373632-scaled.jpg","width":1600,"height":1067},{"@type":"BreadcrumbList","@id":"https:\/\/cunext.com\/de\/nachhaltigkeit\/#breadcrumb","itemListElement":[{"@type":"ListItem","position":1,"name":"Portada","item":"https:\/\/cunext.com\/de\/"},{"@type":"ListItem","position":2,"name":"Nachhaltigkeit"}]},{"@type":"WebSite","@id":"https:\/\/cunext.com\/de\/#website","url":"https:\/\/cunext.com\/de\/","name":"Cunext","description":"Transformaci\u00f3n de cobre y aluminio","publisher":{"@id":"https:\/\/cunext.com\/de\/#organization"},"potentialAction":[{"@type":"SearchAction","target":{"@type":"EntryPoint","urlTemplate":"https:\/\/cunext.com\/de\/?s={search_term_string}"},"query-input":{"@type":"PropertyValueSpecification","valueRequired":true,"valueName":"search_term_string"}}],"inLanguage":"de"},{"@type":"Organization","@id":"https:\/\/cunext.com\/de\/#organization","name":"Cunext Group","url":"https:\/\/cunext.com\/de\/","logo":{"@type":"ImageObject","inLanguage":"de","@id":"https:\/\/cunext.com\/de\/#\/schema\/logo\/image\/","url":"https:\/\/cunext.com\/wp-content\/uploads\/2020\/04\/logo-cunext.png","contentUrl":"https:\/\/cunext.com\/wp-content\/uploads\/2020\/04\/logo-cunext.png","width":229,"height":57,"caption":"Cunext Group"},"image":{"@id":"https:\/\/cunext.com\/de\/#\/schema\/logo\/image\/"},"sameAs":["https:\/\/www.linkedin.com\/company\/cunext-copper-industries-sl\/"]}]}},"_links":{"self":[{"href":"https:\/\/cunext.com\/de\/wp-json\/wp\/v2\/pages\/4613","targetHints":{"allow":["GET"]}}],"collection":[{"href":"https:\/\/cunext.com\/de\/wp-json\/wp\/v2\/pages"}],"about":[{"href":"https:\/\/cunext.com\/de\/wp-json\/wp\/v2\/types\/page"}],"author":[{"embeddable":true,"href":"https:\/\/cunext.com\/de\/wp-json\/wp\/v2\/users\/6"}],"replies":[{"embeddable":true,"href":"https:\/\/cunext.com\/de\/wp-json\/wp\/v2\/comments?post=4613"}],"version-history":[{"count":3,"href":"https:\/\/cunext.com\/de\/wp-json\/wp\/v2\/pages\/4613\/revisions"}],"predecessor-version":[{"id":4789,"href":"https:\/\/cunext.com\/de\/wp-json\/wp\/v2\/pages\/4613\/revisions\/4789"}],"wp:featuredmedia":[{"embeddable":true,"href":"https:\/\/cunext.com\/de\/wp-json\/wp\/v2\/media\/4620"}],"wp:attachment":[{"href":"https:\/\/cunext.com\/de\/wp-json\/wp\/v2\/media?parent=4613"}],"curies":[{"name":"wp","href":"https:\/\/api.w.org\/{rel}","templated":true}]}}