{"id":4602,"date":"2024-04-08T11:55:18","date_gmt":"2024-04-08T10:55:18","guid":{"rendered":"https:\/\/cunext.com\/qualitat-aenor-iso\/"},"modified":"2025-12-03T13:58:55","modified_gmt":"2025-12-03T12:58:55","slug":"qualitat-aenor-iso","status":"publish","type":"page","link":"https:\/\/cunext.com\/de\/zertifikate\/qualitat-aenor-iso\/","title":{"rendered":"Qualit\u00e4t AENOR\/ISO"},"content":{"rendered":"&#13;\r\n<h2 class=\"wp-block-heading\">Jedes St\u00fcck von Cunext ist einzigartig.<\/h2>&#13;\r\n<hr class=\"wp-block-separator has-text-color has-background is-style-default\" style=\"background-color: #a15d42; color: #a15d42;\" \/>&#13;\r\n<p>Die Qualit\u00e4t unserer Produkte ist unser gr\u00f6\u00dftes Engagement f\u00fcr unsere Kunden. Wir fordern Disziplin, Intuition und Flei\u00df, aber auch sorgf\u00e4ltige Auswahl. Denn wir wissen: Die Arbeit mit dem besten Kupfer bedeutet, seine besten Eigenschaften zu nutzen. Dank eines effizienten Produktionssystems behandeln wir jedes unserer St\u00fccke als Unikat.<\/p>&#13;\r\n&#13;\r\n<p>Ein Prozess, bei dem die maximale Leistung aus Kupfer, das in verschiedenen Anwendungen in unserem t\u00e4glichen Leben pr\u00e4sent ist, herausgeholt wird, tr\u00e4gt zur Weiterentwicklung neuer Technologien, der Kommunikation und der Energie\u00fcbertragung bei \u2013 ein Synonym f\u00fcr Fortschritt. Daher tr\u00e4gt die Arbeit der Cunext Group auch zur Gestaltung der Zukunft f\u00fcr alle bei.<\/p>&#13;\r\n&#13;\r\n<p>Unsere Prozesse und Produkte sind wie folgt zertifiziert:<\/p>&#13;\r\n\r\n<div class=\"wp-block-spacer\" style=\"height: 28px;\" aria-hidden=\"true\">\u00a0<\/div>\r\n&#13;\r\n<ul class=\"listado-certificados wp-block-list\">&#13;\r\n<li>&#13;\r\n<figure><a href=\"https:\/\/cunext.com\/wp-content\/uploads\/2025\/12\/ISO-9001.pdf\" target=\"_blank\" rel=\"noreferrer noopener\"><img loading=\"lazy\" decoding=\"async\" class=\"alignnone wp-image-2613\" style=\"width: 140px;\" src=\"https:\/\/cunext.com\/wp-content\/uploads\/2021\/03\/CunextGroup_Aenor9001_ER01281994.jpg\" alt=\"Cunext Group. Certificado Aenor ER01281994\" width=\"631\" height=\"662\"\/><\/a><\/figure>&#13;\r\n<\/li>&#13;\r\n<li>&#13;\r\n<figure><a href=\"https:\/\/cunext.com\/wp-content\/uploads\/2023\/06\/CE042MARCAN000971_ES_2023-06-27-CUNEXT.pdf\" target=\"_blank\" rel=\"noopener noreferrer\"><img decoding=\"async\" class=\"wp-image-1179\" style=\"width: 140px;\" title=\"Certificado AENOR cables el&#xE9;ctricos\" src=\"https:\/\/cunext.com\/wp-content\/uploads\/2021\/03\/CunextGroup_AenorProducto_042000971-1.jpg\" alt=\"Certificado AENOR cables el&#xE9;ctricos\" data-id=\"516\" data-full-url=\"https:\/\/cunext.com\/wp-content\/uploads\/2020\/03\/Cunext_Calidad_042000971.png\" data-link=\"https:\/\/cunext.com\/?attachment_id=1179\"\/><\/a><\/figure>&#13;\r\n<\/li>&#13;\r\n<li>&#13;\r\n<figure><a href=\"https:\/\/cunext.com\/wp-content\/uploads\/2022\/12\/CunextGroup_CEA30MARCAN000033_ES_IN_2022-12-12.pdf\" target=\"_blank\" rel=\"noopener noreferrer\"><img decoding=\"async\" class=\"wp-image-1199\" style=\"width: 140px;\" title=\"Certificado AENOR cables el&#xE9;ctricos\" src=\"https:\/\/cunext.com\/wp-content\/uploads\/2021\/03\/CunextGroup_AenorProducto_A30000033.jpg\" alt=\"Certificado AENOR cables el&#xE9;ctricos\" data-id=\"516\" data-full-url=\"https:\/\/cunext.com\/wp-content\/uploads\/2020\/03\/Cunext_Calidad_A30000033.png\" data-link=\"https:\/\/cunext.com\/?attachment_id=1199\"\/><\/a><\/figure>&#13;\r\n<\/li>&#13;\r\n<li>&#13;\r\n<figure><a href=\"https:\/\/cunext.com\/wp-content\/uploads\/2021\/07\/Cunext-Group_075000003_2021-07-21-ECN-CABLE.pdf\" target=\"_blank\" rel=\"noreferrer noopener\"><img decoding=\"async\" class=\"wp-image-1183\" style=\"width: 140px;\" title=\"Certificado AENOR conductores desnudos\" src=\"https:\/\/cunext.com\/wp-content\/uploads\/2021\/03\/CunextGroup_AenorProducto_075000003.jpg\" alt=\"Certificado AENOR conductores desnudos\" data-id=\"516\" data-full-url=\"https:\/\/cunext.com\/wp-content\/uploads\/2020\/03\/Cunext_Calidad_075000003.png\" data-link=\"https:\/\/cunext.com\/?attachment_id=1183\"\/><\/a><\/figure>&#13;\r\n<\/li>&#13;\r\n<\/ul>&#13;\r\n<ul class=\"listado-certificados\">&#13;\r\n<li>&#13;\r\n<figure><a href=\"https:\/\/cunext.com\/wp-content\/uploads\/2021\/07\/Cunext-Group_075000004_2021-07-21-ECN-CABLE.pdf\" target=\"_blank\" rel=\"noreferrer noopener\"><img decoding=\"async\" class=\"wp-image-1187\" style=\"width: 140px;\" title=\"Certificado AENOR conductores desnudos\" src=\"https:\/\/cunext.com\/wp-content\/uploads\/2021\/03\/CunextGroup_AenorProducto_075000004.jpg\" alt=\"Certificado AENOR conductores desnudos\" data-id=\"516\" data-full-url=\"hhttps:\/\/cunext.com\/wp-content\/uploads\/2020\/03\/Cunext_Calidad_075000004.png\" data-link=\"https:\/\/cunext.com\/?attachment_id=1187\"\/><\/a><\/figure>&#13;\r\n<\/li>&#13;\r\n<li>&#13;\r\n<figure><a href=\"https:\/\/cunext.com\/wp-content\/uploads\/2023\/11\/CE075MARCAN000210_ES_2023-11-22-ECN.pdf\" target=\"_blank\" rel=\"noopener noreferrer\"><img loading=\"lazy\" decoding=\"async\" class=\"alignnone wp-image-1191\" style=\"width: 140px;\" title=\"Certificado AENOR conductores desnudos\" src=\"https:\/\/cunext.com\/wp-content\/uploads\/2021\/03\/CunextGroup_AenorProducto_075000210.jpg\" alt=\"Certificado AENOR conductores desnudos\" width=\"905\" height=\"1283\" data-id=\"516\" data-full-url=\"https:\/\/cunext.com\/wp-content\/uploads\/2020\/03\/Cunext_Calidad_075000210.png\" data-link=\"https:\/\/cunext.com\/?attachment_id=1191\"\/><\/a><\/figure>&#13;\r\n<\/li>&#13;\r\n<li>&#13;\r\n<figure><a href=\"https:\/\/cunext.com\/wp-content\/uploads\/2023\/11\/CE075MARCAN000211_ES_2023-11-22-ECN.pdf\" target=\"_blank\" rel=\"noopener noreferrer\"><img loading=\"lazy\" decoding=\"async\" class=\"alignnone wp-image-1195\" style=\"width: 140px;\" title=\"Certificado AENOR conductores desnudos\" src=\"https:\/\/cunext.com\/wp-content\/uploads\/2021\/03\/CunextGroup_AenorProducto_075000211.jpg\" alt=\"Certificado AENOR conductores desnudos\" width=\"905\" height=\"1283\" data-id=\"516\" data-full-url=\"https:\/\/cunext.com\/wp-content\/uploads\/2020\/03\/Cunext_Calidad_075000211.png\" data-link=\"https:\/\/cunext.com\/?attachment_id=1195\"\/><\/a><\/figure>&#13;\r\n<\/li>&#13;\r\n<li>&#13;\r\n<figure><a href=\"https:\/\/cunext.com\/wp-content\/uploads\/2025\/09\/ISO-9001-Certificado-ER-0878-2003_ES.pdf\" target=\"_blank\" rel=\"noreferrer noopener\"><img decoding=\"async\" class=\"wp-image-2616\" style=\"width: 140px;\" src=\"https:\/\/cunext.com\/wp-content\/uploads\/2021\/03\/CunextGroup_Aenor9001_ER08782003.jpg\" alt=\"Cunext Group. Certificado Aenor\"\/><\/a><\/figure>&#13;\r\n<\/li>&#13;\r\n<\/ul>&#13;\r\n&#13;\r\n<ul class=\"listado-certificados cetren wp-block-list\">&#13;\r\n<li>&#13;\r\n<figure><a href=\"https:\/\/cunext.com\/wp-content\/uploads\/2020\/01\/ECN-Cables-AL-028-2017-CETREN_es.pdf\" target=\"_blank\" rel=\"noopener noreferrer\"><img decoding=\"async\" class=\"wp-image-504\" title=\"Certificado Cetren - Cables de aluminio\" src=\"https:\/\/cunext.com\/wp-content\/uploads\/2020\/07\/Cunext_CETREN_0282017.png\" alt=\"Certificado Cetren - Cables de aluminio\" data-id=\"504\" data-full-url=\"https:\/\/cunext.com\/wp-content\/uploads\/2020\/06\/Cunext_Centren_0282017.png\" data-link=\"https:\/\/cunext.com\/?attachment_id=504\"\/><\/a><\/figure>&#13;\r\n<\/li>&#13;\r\n<li>&#13;\r\n<figure><a href=\"https:\/\/cunext.com\/wp-content\/uploads\/2020\/06\/Cunext_Certificado_Cetren_017-2019.pdf\" target=\"_blank\" rel=\"noopener noreferrer\"><img decoding=\"async\" class=\"wp-image-504\" title=\"Certificado Cetren - Cables de aluminio\" src=\"https:\/\/cunext.com\/wp-content\/uploads\/2020\/07\/Cunext_CETREN_0172019.png\" alt=\"Certificado Cetren - Cables de aluminio\" data-id=\"504\" data-full-url=\"https:\/\/cunext.com\/wp-content\/uploads\/2020\/06\/Cunext_Centren_0172019.png\" data-link=\"https:\/\/cunext.com\/?attachment_id=504\"\/><\/a><\/figure>&#13;\r\n<\/li>&#13;\r\n<\/ul>&#13;\r\n","protected":false},"excerpt":{"rendered":"<p>&#13; Jedes St\u00fcck von Cunext ist einzigartig. &#13; &#13; Die Qualit\u00e4t unserer Produkte ist unser gr\u00f6\u00dftes Engagement f\u00fcr unsere Kunden. Wir fordern Disziplin, Intuition und&#8230;<\/p>\n","protected":false},"author":6,"featured_media":4606,"parent":4628,"menu_order":0,"comment_status":"closed","ping_status":"closed","template":"","meta":{"_acf_changed":false,"footnotes":""},"class_list":["post-4602","page","type-page","status-publish","has-post-thumbnail","hentry"],"acf":[],"yoast_head":"<!-- This site is optimized with the Yoast SEO plugin v27.4 - https:\/\/yoast.com\/product\/yoast-seo-wordpress\/ -->\n<title>Qualit\u00e4t AENOR\/ISO - Cunext<\/title>\n<meta name=\"description\" content=\"Die CUNEXT GROUP hat sich auf die Verarbeitung von Kupfer und Aluminium in h\u00f6chster Qualit\u00e4t spezialisiert und setzt dabei auf kontinuierliche Innovation und Entwicklung.\" \/>\n<meta name=\"robots\" content=\"index, follow, max-snippet:-1, max-image-preview:large, max-video-preview:-1\" \/>\n<link rel=\"canonical\" href=\"https:\/\/cunext.com\/de\/zertifikate\/qualitat-aenor-iso\/\" \/>\n<meta property=\"og:locale\" content=\"de_DE\" \/>\n<meta property=\"og:type\" content=\"article\" \/>\n<meta property=\"og:title\" content=\"Qualit\u00e4t AENOR\/ISO - Cunext\" \/>\n<meta property=\"og:description\" content=\"Die CUNEXT GROUP hat sich auf die Verarbeitung von Kupfer und Aluminium in h\u00f6chster Qualit\u00e4t spezialisiert und setzt dabei auf kontinuierliche Innovation und Entwicklung.\" \/>\n<meta property=\"og:url\" content=\"https:\/\/cunext.com\/de\/zertifikate\/qualitat-aenor-iso\/\" \/>\n<meta property=\"og:site_name\" content=\"Cunext\" \/>\n<meta property=\"article:modified_time\" content=\"2025-12-03T12:58:55+00:00\" \/>\n<meta property=\"og:image\" content=\"https:\/\/cunext.com\/wp-content\/uploads\/2020\/04\/cabecera_calidad.jpg\" \/>\n\t<meta property=\"og:image:width\" content=\"1600\" \/>\n\t<meta property=\"og:image:height\" content=\"378\" \/>\n\t<meta property=\"og:image:type\" content=\"image\/jpeg\" \/>\n<meta name=\"twitter:card\" content=\"summary_large_image\" \/>\n<meta name=\"twitter:label1\" content=\"Gesch\u00e4tzte Lesezeit\" \/>\n\t<meta name=\"twitter:data1\" content=\"3\u00a0Minuten\" \/>\n<script type=\"application\/ld+json\" class=\"yoast-schema-graph\">{\"@context\":\"https:\\\/\\\/schema.org\",\"@graph\":[{\"@type\":\"WebPage\",\"@id\":\"https:\\\/\\\/cunext.com\\\/de\\\/zertifikate\\\/qualitat-aenor-iso\\\/\",\"url\":\"https:\\\/\\\/cunext.com\\\/de\\\/zertifikate\\\/qualitat-aenor-iso\\\/\",\"name\":\"Qualit\u00e4t AENOR\\\/ISO - Cunext\",\"isPartOf\":{\"@id\":\"https:\\\/\\\/cunext.com\\\/de\\\/#website\"},\"primaryImageOfPage\":{\"@id\":\"https:\\\/\\\/cunext.com\\\/de\\\/zertifikate\\\/qualitat-aenor-iso\\\/#primaryimage\"},\"image\":{\"@id\":\"https:\\\/\\\/cunext.com\\\/de\\\/zertifikate\\\/qualitat-aenor-iso\\\/#primaryimage\"},\"thumbnailUrl\":\"https:\\\/\\\/cunext.com\\\/wp-content\\\/uploads\\\/2020\\\/04\\\/cabecera_calidad.jpg\",\"datePublished\":\"2024-04-08T10:55:18+00:00\",\"dateModified\":\"2025-12-03T12:58:55+00:00\",\"description\":\"Die CUNEXT GROUP hat sich auf die Verarbeitung von Kupfer und Aluminium in h\u00f6chster Qualit\u00e4t spezialisiert und setzt dabei auf kontinuierliche Innovation und Entwicklung.\",\"breadcrumb\":{\"@id\":\"https:\\\/\\\/cunext.com\\\/de\\\/zertifikate\\\/qualitat-aenor-iso\\\/#breadcrumb\"},\"inLanguage\":\"de\",\"potentialAction\":[{\"@type\":\"ReadAction\",\"target\":[\"https:\\\/\\\/cunext.com\\\/de\\\/zertifikate\\\/qualitat-aenor-iso\\\/\"]}]},{\"@type\":\"ImageObject\",\"inLanguage\":\"de\",\"@id\":\"https:\\\/\\\/cunext.com\\\/de\\\/zertifikate\\\/qualitat-aenor-iso\\\/#primaryimage\",\"url\":\"https:\\\/\\\/cunext.com\\\/wp-content\\\/uploads\\\/2020\\\/04\\\/cabecera_calidad.jpg\",\"contentUrl\":\"https:\\\/\\\/cunext.com\\\/wp-content\\\/uploads\\\/2020\\\/04\\\/cabecera_calidad.jpg\",\"width\":1600,\"height\":378},{\"@type\":\"BreadcrumbList\",\"@id\":\"https:\\\/\\\/cunext.com\\\/de\\\/zertifikate\\\/qualitat-aenor-iso\\\/#breadcrumb\",\"itemListElement\":[{\"@type\":\"ListItem\",\"position\":1,\"name\":\"Portada\",\"item\":\"https:\\\/\\\/cunext.com\\\/de\\\/\"},{\"@type\":\"ListItem\",\"position\":2,\"name\":\"Zertifikate\",\"item\":\"https:\\\/\\\/cunext.com\\\/de\\\/zertifikate\\\/\"},{\"@type\":\"ListItem\",\"position\":3,\"name\":\"Qualit\u00e4t AENOR\\\/ISO\"}]},{\"@type\":\"WebSite\",\"@id\":\"https:\\\/\\\/cunext.com\\\/de\\\/#website\",\"url\":\"https:\\\/\\\/cunext.com\\\/de\\\/\",\"name\":\"Cunext\",\"description\":\"Transformaci\u00f3n de cobre y aluminio\",\"publisher\":{\"@id\":\"https:\\\/\\\/cunext.com\\\/de\\\/#organization\"},\"potentialAction\":[{\"@type\":\"SearchAction\",\"target\":{\"@type\":\"EntryPoint\",\"urlTemplate\":\"https:\\\/\\\/cunext.com\\\/de\\\/?s={search_term_string}\"},\"query-input\":{\"@type\":\"PropertyValueSpecification\",\"valueRequired\":true,\"valueName\":\"search_term_string\"}}],\"inLanguage\":\"de\"},{\"@type\":\"Organization\",\"@id\":\"https:\\\/\\\/cunext.com\\\/de\\\/#organization\",\"name\":\"Cunext Group\",\"url\":\"https:\\\/\\\/cunext.com\\\/de\\\/\",\"logo\":{\"@type\":\"ImageObject\",\"inLanguage\":\"de\",\"@id\":\"https:\\\/\\\/cunext.com\\\/de\\\/#\\\/schema\\\/logo\\\/image\\\/\",\"url\":\"https:\\\/\\\/cunext.com\\\/wp-content\\\/uploads\\\/2020\\\/04\\\/logo-cunext.png\",\"contentUrl\":\"https:\\\/\\\/cunext.com\\\/wp-content\\\/uploads\\\/2020\\\/04\\\/logo-cunext.png\",\"width\":229,\"height\":57,\"caption\":\"Cunext Group\"},\"image\":{\"@id\":\"https:\\\/\\\/cunext.com\\\/de\\\/#\\\/schema\\\/logo\\\/image\\\/\"},\"sameAs\":[\"https:\\\/\\\/www.linkedin.com\\\/company\\\/cunext-copper-industries-sl\\\/\"]}]}<\/script>\n<!-- \/ Yoast SEO plugin. -->","yoast_head_json":{"title":"Qualit\u00e4t AENOR\/ISO - Cunext","description":"Die CUNEXT GROUP hat sich auf die Verarbeitung von Kupfer und Aluminium in h\u00f6chster Qualit\u00e4t spezialisiert und setzt dabei auf kontinuierliche Innovation und Entwicklung.","robots":{"index":"index","follow":"follow","max-snippet":"max-snippet:-1","max-image-preview":"max-image-preview:large","max-video-preview":"max-video-preview:-1"},"canonical":"https:\/\/cunext.com\/de\/zertifikate\/qualitat-aenor-iso\/","og_locale":"de_DE","og_type":"article","og_title":"Qualit\u00e4t AENOR\/ISO - Cunext","og_description":"Die CUNEXT GROUP hat sich auf die Verarbeitung von Kupfer und Aluminium in h\u00f6chster Qualit\u00e4t spezialisiert und setzt dabei auf kontinuierliche Innovation und Entwicklung.","og_url":"https:\/\/cunext.com\/de\/zertifikate\/qualitat-aenor-iso\/","og_site_name":"Cunext","article_modified_time":"2025-12-03T12:58:55+00:00","og_image":[{"width":1600,"height":378,"url":"https:\/\/cunext.com\/wp-content\/uploads\/2020\/04\/cabecera_calidad.jpg","type":"image\/jpeg"}],"twitter_card":"summary_large_image","twitter_misc":{"Gesch\u00e4tzte Lesezeit":"3\u00a0Minuten"},"schema":{"@context":"https:\/\/schema.org","@graph":[{"@type":"WebPage","@id":"https:\/\/cunext.com\/de\/zertifikate\/qualitat-aenor-iso\/","url":"https:\/\/cunext.com\/de\/zertifikate\/qualitat-aenor-iso\/","name":"Qualit\u00e4t AENOR\/ISO - Cunext","isPartOf":{"@id":"https:\/\/cunext.com\/de\/#website"},"primaryImageOfPage":{"@id":"https:\/\/cunext.com\/de\/zertifikate\/qualitat-aenor-iso\/#primaryimage"},"image":{"@id":"https:\/\/cunext.com\/de\/zertifikate\/qualitat-aenor-iso\/#primaryimage"},"thumbnailUrl":"https:\/\/cunext.com\/wp-content\/uploads\/2020\/04\/cabecera_calidad.jpg","datePublished":"2024-04-08T10:55:18+00:00","dateModified":"2025-12-03T12:58:55+00:00","description":"Die CUNEXT GROUP hat sich auf die Verarbeitung von Kupfer und Aluminium in h\u00f6chster Qualit\u00e4t spezialisiert und setzt dabei auf kontinuierliche Innovation und Entwicklung.","breadcrumb":{"@id":"https:\/\/cunext.com\/de\/zertifikate\/qualitat-aenor-iso\/#breadcrumb"},"inLanguage":"de","potentialAction":[{"@type":"ReadAction","target":["https:\/\/cunext.com\/de\/zertifikate\/qualitat-aenor-iso\/"]}]},{"@type":"ImageObject","inLanguage":"de","@id":"https:\/\/cunext.com\/de\/zertifikate\/qualitat-aenor-iso\/#primaryimage","url":"https:\/\/cunext.com\/wp-content\/uploads\/2020\/04\/cabecera_calidad.jpg","contentUrl":"https:\/\/cunext.com\/wp-content\/uploads\/2020\/04\/cabecera_calidad.jpg","width":1600,"height":378},{"@type":"BreadcrumbList","@id":"https:\/\/cunext.com\/de\/zertifikate\/qualitat-aenor-iso\/#breadcrumb","itemListElement":[{"@type":"ListItem","position":1,"name":"Portada","item":"https:\/\/cunext.com\/de\/"},{"@type":"ListItem","position":2,"name":"Zertifikate","item":"https:\/\/cunext.com\/de\/zertifikate\/"},{"@type":"ListItem","position":3,"name":"Qualit\u00e4t AENOR\/ISO"}]},{"@type":"WebSite","@id":"https:\/\/cunext.com\/de\/#website","url":"https:\/\/cunext.com\/de\/","name":"Cunext","description":"Transformaci\u00f3n de cobre y aluminio","publisher":{"@id":"https:\/\/cunext.com\/de\/#organization"},"potentialAction":[{"@type":"SearchAction","target":{"@type":"EntryPoint","urlTemplate":"https:\/\/cunext.com\/de\/?s={search_term_string}"},"query-input":{"@type":"PropertyValueSpecification","valueRequired":true,"valueName":"search_term_string"}}],"inLanguage":"de"},{"@type":"Organization","@id":"https:\/\/cunext.com\/de\/#organization","name":"Cunext Group","url":"https:\/\/cunext.com\/de\/","logo":{"@type":"ImageObject","inLanguage":"de","@id":"https:\/\/cunext.com\/de\/#\/schema\/logo\/image\/","url":"https:\/\/cunext.com\/wp-content\/uploads\/2020\/04\/logo-cunext.png","contentUrl":"https:\/\/cunext.com\/wp-content\/uploads\/2020\/04\/logo-cunext.png","width":229,"height":57,"caption":"Cunext Group"},"image":{"@id":"https:\/\/cunext.com\/de\/#\/schema\/logo\/image\/"},"sameAs":["https:\/\/www.linkedin.com\/company\/cunext-copper-industries-sl\/"]}]}},"_links":{"self":[{"href":"https:\/\/cunext.com\/de\/wp-json\/wp\/v2\/pages\/4602","targetHints":{"allow":["GET"]}}],"collection":[{"href":"https:\/\/cunext.com\/de\/wp-json\/wp\/v2\/pages"}],"about":[{"href":"https:\/\/cunext.com\/de\/wp-json\/wp\/v2\/types\/page"}],"author":[{"embeddable":true,"href":"https:\/\/cunext.com\/de\/wp-json\/wp\/v2\/users\/6"}],"replies":[{"embeddable":true,"href":"https:\/\/cunext.com\/de\/wp-json\/wp\/v2\/comments?post=4602"}],"version-history":[{"count":7,"href":"https:\/\/cunext.com\/de\/wp-json\/wp\/v2\/pages\/4602\/revisions"}],"predecessor-version":[{"id":6045,"href":"https:\/\/cunext.com\/de\/wp-json\/wp\/v2\/pages\/4602\/revisions\/6045"}],"up":[{"embeddable":true,"href":"https:\/\/cunext.com\/de\/wp-json\/wp\/v2\/pages\/4628"}],"wp:featuredmedia":[{"embeddable":true,"href":"https:\/\/cunext.com\/de\/wp-json\/wp\/v2\/media\/4606"}],"wp:attachment":[{"href":"https:\/\/cunext.com\/de\/wp-json\/wp\/v2\/media?parent=4602"}],"curies":[{"name":"wp","href":"https:\/\/api.w.org\/{rel}","templated":true}]}}