{"id":4598,"date":"2024-04-08T11:51:17","date_gmt":"2024-04-08T10:51:17","guid":{"rendered":"https:\/\/cunext.com\/arbeitssicherheit\/"},"modified":"2025-12-03T14:09:13","modified_gmt":"2025-12-03T13:09:13","slug":"arbeitssicherheit","status":"publish","type":"page","link":"https:\/\/cunext.com\/de\/zertifikate\/arbeitssicherheit\/","title":{"rendered":"Arbeitssicherheit"},"content":{"rendered":"\n<h2 class=\"wp-block-heading\">Wir garantieren die Sicherheit der bei Cunext arbeitenden Mitarbeiter.<\/h2>\n\n\n\n<hr class=\"wp-block-separator has-text-color has-css-opacity has-background is-style-default\" style=\"background-color:#a15d42;color:#a15d42\"\/>\n\n\n\n<p>Wir stellen sicher, dass wir durch Strategien, Verfahren und Kontrollen in der gesamten Organisation bew\u00e4hrte Verfahren zum Schutz am Arbeitsplatz umsetzen.<\/p>\n\n\n\n<p>Diese kontinuierliche Verbesserungsarbeit erm\u00f6glicht es uns, sicherere Arbeitsbedingungen f\u00fcr eines unserer wertvollsten G\u00fcter, unsere Mitarbeiter, zu schaffen.<\/p>\n\n\n\n<div class=\"wp-block-spacer\" style=\"height: 33px;\" aria-hidden=\"true\">\u00a0<\/div>\n\n\n\n<div class=\"wp-block-columns is-layout-flex wp-container-core-columns-is-layout-28f84493 wp-block-columns-is-layout-flex\">\n<div class=\"wp-block-column is-layout-flow wp-block-column-is-layout-flow\">\n<div class=\"wp-block-image\">\n<figure class=\"alignright size-large\"><a href=\"https:\/\/cunext.com\/wp-content\/uploads\/2025\/12\/ISO-45001.pdf\" target=\"_blank\" rel=\"noopener noreferrer\"><img loading=\"lazy\" decoding=\"async\" class=\"alignnone wp-image-606\" title=\"Certificado AENOR del Sistema de Gesti\u00f3n Seguridad y Salud en el Trabajo\" src=\"https:\/\/cunext.com\/wp-content\/uploads\/2021\/03\/CunextGroup_Aenor45001_SST01292006.jpg\" alt=\"Certificado AENOR del Sistema de Gesti\u00f3n Seguridad y Salud en el Trabajo\" width=\"200\" height=\"210\"\/><\/a><\/figure>\n<\/div>\n<\/div>\n\n\n\n<div class=\"wp-block-column is-layout-flow wp-block-column-is-layout-flow\">\n<div class=\"wp-block-image\">\n<figure class=\"alignleft size-large\"><a href=\"https:\/\/cunext.com\/wp-content\/uploads\/2025\/03\/IQNetES-SST-0047-2022_2025-03-11.pdf\" target=\"_blank\" rel=\"noopener noreferrer\"><img decoding=\"async\" class=\"wp-image-606\" title=\"Certificado AENOR del Sistema de Gesti\u00f3n Seguridad y Salud en el Trabajo\" src=\"https:\/\/cunext.com\/wp-content\/uploads\/2022\/04\/CunextGroup_Aenor45001_SST00472022.jpg\" alt=\"Certificado AENOR del Sistema de Gesti\u00f3n Seguridad y Salud en el Trabajo\"\/><\/a><\/figure>\n<\/div>\n<\/div>\n<\/div>\n","protected":false},"excerpt":{"rendered":"<p>Wir garantieren die Sicherheit der bei Cunext arbeitenden Mitarbeiter. Wir stellen sicher, dass wir durch Strategien, Verfahren und Kontrollen in der gesamten Organisation bew\u00e4hrte Verfahren&#8230;<\/p>\n","protected":false},"author":6,"featured_media":4600,"parent":4628,"menu_order":0,"comment_status":"closed","ping_status":"closed","template":"","meta":{"_acf_changed":false,"footnotes":""},"class_list":["post-4598","page","type-page","status-publish","has-post-thumbnail","hentry"],"acf":[],"yoast_head":"<!-- This site is optimized with the Yoast SEO plugin v27.5 - https:\/\/yoast.com\/product\/yoast-seo-wordpress\/ -->\n<title>Arbeitssicherheit - Cunext<\/title>\n<meta name=\"description\" content=\"Die CUNEXT GROUP hat sich auf die Verarbeitung von Kupfer und Aluminium in h\u00f6chster Qualit\u00e4t spezialisiert und setzt dabei auf kontinuierliche Innovation und Entwicklung.\" \/>\n<meta name=\"robots\" content=\"index, follow, max-snippet:-1, max-image-preview:large, max-video-preview:-1\" \/>\n<link rel=\"canonical\" href=\"https:\/\/cunext.com\/de\/zertifikate\/arbeitssicherheit\/\" \/>\n<meta property=\"og:locale\" content=\"de_DE\" \/>\n<meta property=\"og:type\" content=\"article\" \/>\n<meta property=\"og:title\" content=\"Arbeitssicherheit - Cunext\" \/>\n<meta property=\"og:description\" content=\"Die CUNEXT GROUP hat sich auf die Verarbeitung von Kupfer und Aluminium in h\u00f6chster Qualit\u00e4t spezialisiert und setzt dabei auf kontinuierliche Innovation und Entwicklung.\" \/>\n<meta property=\"og:url\" content=\"https:\/\/cunext.com\/de\/zertifikate\/arbeitssicherheit\/\" \/>\n<meta property=\"og:site_name\" content=\"Cunext\" \/>\n<meta property=\"article:modified_time\" content=\"2025-12-03T13:09:13+00:00\" \/>\n<meta property=\"og:image\" content=\"https:\/\/cunext.com\/wp-content\/uploads\/2020\/04\/cabecera_laboral.jpg\" \/>\n\t<meta property=\"og:image:width\" content=\"1600\" \/>\n\t<meta property=\"og:image:height\" content=\"378\" \/>\n\t<meta property=\"og:image:type\" content=\"image\/jpeg\" \/>\n<meta name=\"twitter:card\" content=\"summary_large_image\" \/>\n<meta name=\"twitter:label1\" content=\"Gesch\u00e4tzte Lesezeit\" \/>\n\t<meta name=\"twitter:data1\" content=\"1\u00a0Minute\" \/>\n<script type=\"application\/ld+json\" class=\"yoast-schema-graph\">{\"@context\":\"https:\\\/\\\/schema.org\",\"@graph\":[{\"@type\":\"WebPage\",\"@id\":\"https:\\\/\\\/cunext.com\\\/de\\\/zertifikate\\\/arbeitssicherheit\\\/\",\"url\":\"https:\\\/\\\/cunext.com\\\/de\\\/zertifikate\\\/arbeitssicherheit\\\/\",\"name\":\"Arbeitssicherheit - Cunext\",\"isPartOf\":{\"@id\":\"https:\\\/\\\/cunext.com\\\/de\\\/#website\"},\"primaryImageOfPage\":{\"@id\":\"https:\\\/\\\/cunext.com\\\/de\\\/zertifikate\\\/arbeitssicherheit\\\/#primaryimage\"},\"image\":{\"@id\":\"https:\\\/\\\/cunext.com\\\/de\\\/zertifikate\\\/arbeitssicherheit\\\/#primaryimage\"},\"thumbnailUrl\":\"https:\\\/\\\/cunext.com\\\/wp-content\\\/uploads\\\/2020\\\/04\\\/cabecera_laboral.jpg\",\"datePublished\":\"2024-04-08T10:51:17+00:00\",\"dateModified\":\"2025-12-03T13:09:13+00:00\",\"description\":\"Die CUNEXT GROUP hat sich auf die Verarbeitung von Kupfer und Aluminium in h\u00f6chster Qualit\u00e4t spezialisiert und setzt dabei auf kontinuierliche Innovation und Entwicklung.\",\"breadcrumb\":{\"@id\":\"https:\\\/\\\/cunext.com\\\/de\\\/zertifikate\\\/arbeitssicherheit\\\/#breadcrumb\"},\"inLanguage\":\"de\",\"potentialAction\":[{\"@type\":\"ReadAction\",\"target\":[\"https:\\\/\\\/cunext.com\\\/de\\\/zertifikate\\\/arbeitssicherheit\\\/\"]}]},{\"@type\":\"ImageObject\",\"inLanguage\":\"de\",\"@id\":\"https:\\\/\\\/cunext.com\\\/de\\\/zertifikate\\\/arbeitssicherheit\\\/#primaryimage\",\"url\":\"https:\\\/\\\/cunext.com\\\/wp-content\\\/uploads\\\/2020\\\/04\\\/cabecera_laboral.jpg\",\"contentUrl\":\"https:\\\/\\\/cunext.com\\\/wp-content\\\/uploads\\\/2020\\\/04\\\/cabecera_laboral.jpg\",\"width\":1600,\"height\":378},{\"@type\":\"BreadcrumbList\",\"@id\":\"https:\\\/\\\/cunext.com\\\/de\\\/zertifikate\\\/arbeitssicherheit\\\/#breadcrumb\",\"itemListElement\":[{\"@type\":\"ListItem\",\"position\":1,\"name\":\"Portada\",\"item\":\"https:\\\/\\\/cunext.com\\\/de\\\/\"},{\"@type\":\"ListItem\",\"position\":2,\"name\":\"Zertifikate\",\"item\":\"https:\\\/\\\/cunext.com\\\/de\\\/zertifikate\\\/\"},{\"@type\":\"ListItem\",\"position\":3,\"name\":\"Arbeitssicherheit\"}]},{\"@type\":\"WebSite\",\"@id\":\"https:\\\/\\\/cunext.com\\\/de\\\/#website\",\"url\":\"https:\\\/\\\/cunext.com\\\/de\\\/\",\"name\":\"Cunext\",\"description\":\"Transformaci\u00f3n de cobre y aluminio\",\"publisher\":{\"@id\":\"https:\\\/\\\/cunext.com\\\/de\\\/#organization\"},\"potentialAction\":[{\"@type\":\"SearchAction\",\"target\":{\"@type\":\"EntryPoint\",\"urlTemplate\":\"https:\\\/\\\/cunext.com\\\/de\\\/?s={search_term_string}\"},\"query-input\":{\"@type\":\"PropertyValueSpecification\",\"valueRequired\":true,\"valueName\":\"search_term_string\"}}],\"inLanguage\":\"de\"},{\"@type\":\"Organization\",\"@id\":\"https:\\\/\\\/cunext.com\\\/de\\\/#organization\",\"name\":\"Cunext Group\",\"url\":\"https:\\\/\\\/cunext.com\\\/de\\\/\",\"logo\":{\"@type\":\"ImageObject\",\"inLanguage\":\"de\",\"@id\":\"https:\\\/\\\/cunext.com\\\/de\\\/#\\\/schema\\\/logo\\\/image\\\/\",\"url\":\"https:\\\/\\\/cunext.com\\\/wp-content\\\/uploads\\\/2020\\\/04\\\/logo-cunext.png\",\"contentUrl\":\"https:\\\/\\\/cunext.com\\\/wp-content\\\/uploads\\\/2020\\\/04\\\/logo-cunext.png\",\"width\":229,\"height\":57,\"caption\":\"Cunext Group\"},\"image\":{\"@id\":\"https:\\\/\\\/cunext.com\\\/de\\\/#\\\/schema\\\/logo\\\/image\\\/\"},\"sameAs\":[\"https:\\\/\\\/www.linkedin.com\\\/company\\\/cunext-copper-industries-sl\\\/\"]}]}<\/script>\n<!-- \/ Yoast SEO plugin. -->","yoast_head_json":{"title":"Arbeitssicherheit - Cunext","description":"Die CUNEXT GROUP hat sich auf die Verarbeitung von Kupfer und Aluminium in h\u00f6chster Qualit\u00e4t spezialisiert und setzt dabei auf kontinuierliche Innovation und Entwicklung.","robots":{"index":"index","follow":"follow","max-snippet":"max-snippet:-1","max-image-preview":"max-image-preview:large","max-video-preview":"max-video-preview:-1"},"canonical":"https:\/\/cunext.com\/de\/zertifikate\/arbeitssicherheit\/","og_locale":"de_DE","og_type":"article","og_title":"Arbeitssicherheit - Cunext","og_description":"Die CUNEXT GROUP hat sich auf die Verarbeitung von Kupfer und Aluminium in h\u00f6chster Qualit\u00e4t spezialisiert und setzt dabei auf kontinuierliche Innovation und Entwicklung.","og_url":"https:\/\/cunext.com\/de\/zertifikate\/arbeitssicherheit\/","og_site_name":"Cunext","article_modified_time":"2025-12-03T13:09:13+00:00","og_image":[{"width":1600,"height":378,"url":"https:\/\/cunext.com\/wp-content\/uploads\/2020\/04\/cabecera_laboral.jpg","type":"image\/jpeg"}],"twitter_card":"summary_large_image","twitter_misc":{"Gesch\u00e4tzte Lesezeit":"1\u00a0Minute"},"schema":{"@context":"https:\/\/schema.org","@graph":[{"@type":"WebPage","@id":"https:\/\/cunext.com\/de\/zertifikate\/arbeitssicherheit\/","url":"https:\/\/cunext.com\/de\/zertifikate\/arbeitssicherheit\/","name":"Arbeitssicherheit - Cunext","isPartOf":{"@id":"https:\/\/cunext.com\/de\/#website"},"primaryImageOfPage":{"@id":"https:\/\/cunext.com\/de\/zertifikate\/arbeitssicherheit\/#primaryimage"},"image":{"@id":"https:\/\/cunext.com\/de\/zertifikate\/arbeitssicherheit\/#primaryimage"},"thumbnailUrl":"https:\/\/cunext.com\/wp-content\/uploads\/2020\/04\/cabecera_laboral.jpg","datePublished":"2024-04-08T10:51:17+00:00","dateModified":"2025-12-03T13:09:13+00:00","description":"Die CUNEXT GROUP hat sich auf die Verarbeitung von Kupfer und Aluminium in h\u00f6chster Qualit\u00e4t spezialisiert und setzt dabei auf kontinuierliche Innovation und Entwicklung.","breadcrumb":{"@id":"https:\/\/cunext.com\/de\/zertifikate\/arbeitssicherheit\/#breadcrumb"},"inLanguage":"de","potentialAction":[{"@type":"ReadAction","target":["https:\/\/cunext.com\/de\/zertifikate\/arbeitssicherheit\/"]}]},{"@type":"ImageObject","inLanguage":"de","@id":"https:\/\/cunext.com\/de\/zertifikate\/arbeitssicherheit\/#primaryimage","url":"https:\/\/cunext.com\/wp-content\/uploads\/2020\/04\/cabecera_laboral.jpg","contentUrl":"https:\/\/cunext.com\/wp-content\/uploads\/2020\/04\/cabecera_laboral.jpg","width":1600,"height":378},{"@type":"BreadcrumbList","@id":"https:\/\/cunext.com\/de\/zertifikate\/arbeitssicherheit\/#breadcrumb","itemListElement":[{"@type":"ListItem","position":1,"name":"Portada","item":"https:\/\/cunext.com\/de\/"},{"@type":"ListItem","position":2,"name":"Zertifikate","item":"https:\/\/cunext.com\/de\/zertifikate\/"},{"@type":"ListItem","position":3,"name":"Arbeitssicherheit"}]},{"@type":"WebSite","@id":"https:\/\/cunext.com\/de\/#website","url":"https:\/\/cunext.com\/de\/","name":"Cunext","description":"Transformaci\u00f3n de cobre y aluminio","publisher":{"@id":"https:\/\/cunext.com\/de\/#organization"},"potentialAction":[{"@type":"SearchAction","target":{"@type":"EntryPoint","urlTemplate":"https:\/\/cunext.com\/de\/?s={search_term_string}"},"query-input":{"@type":"PropertyValueSpecification","valueRequired":true,"valueName":"search_term_string"}}],"inLanguage":"de"},{"@type":"Organization","@id":"https:\/\/cunext.com\/de\/#organization","name":"Cunext Group","url":"https:\/\/cunext.com\/de\/","logo":{"@type":"ImageObject","inLanguage":"de","@id":"https:\/\/cunext.com\/de\/#\/schema\/logo\/image\/","url":"https:\/\/cunext.com\/wp-content\/uploads\/2020\/04\/logo-cunext.png","contentUrl":"https:\/\/cunext.com\/wp-content\/uploads\/2020\/04\/logo-cunext.png","width":229,"height":57,"caption":"Cunext Group"},"image":{"@id":"https:\/\/cunext.com\/de\/#\/schema\/logo\/image\/"},"sameAs":["https:\/\/www.linkedin.com\/company\/cunext-copper-industries-sl\/"]}]}},"_links":{"self":[{"href":"https:\/\/cunext.com\/de\/wp-json\/wp\/v2\/pages\/4598","targetHints":{"allow":["GET"]}}],"collection":[{"href":"https:\/\/cunext.com\/de\/wp-json\/wp\/v2\/pages"}],"about":[{"href":"https:\/\/cunext.com\/de\/wp-json\/wp\/v2\/types\/page"}],"author":[{"embeddable":true,"href":"https:\/\/cunext.com\/de\/wp-json\/wp\/v2\/users\/6"}],"replies":[{"embeddable":true,"href":"https:\/\/cunext.com\/de\/wp-json\/wp\/v2\/comments?post=4598"}],"version-history":[{"count":8,"href":"https:\/\/cunext.com\/de\/wp-json\/wp\/v2\/pages\/4598\/revisions"}],"predecessor-version":[{"id":6050,"href":"https:\/\/cunext.com\/de\/wp-json\/wp\/v2\/pages\/4598\/revisions\/6050"}],"up":[{"embeddable":true,"href":"https:\/\/cunext.com\/de\/wp-json\/wp\/v2\/pages\/4628"}],"wp:featuredmedia":[{"embeddable":true,"href":"https:\/\/cunext.com\/de\/wp-json\/wp\/v2\/media\/4600"}],"wp:attachment":[{"href":"https:\/\/cunext.com\/de\/wp-json\/wp\/v2\/media?parent=4598"}],"curies":[{"name":"wp","href":"https:\/\/api.w.org\/{rel}","templated":true}]}}