{"id":4571,"date":"2024-04-08T11:37:03","date_gmt":"2024-04-08T10:37:03","guid":{"rendered":"https:\/\/cunext.com\/geschichte\/"},"modified":"2024-04-09T16:25:14","modified_gmt":"2024-04-09T15:25:14","slug":"geschichte","status":"publish","type":"page","link":"https:\/\/cunext.com\/de\/cunext-group\/geschichte\/","title":{"rendered":"Geschichte"},"content":{"rendered":"\r\n<h2 class=\"wp-block-heading\">\u00dcber 100 Jahre f\u00fchrend in der Kupfer- und Aluminiumindustrie.<\/h2>\r\n\r\n\r\n\r\n<hr class=\"wp-block-separator has-text-color has-background ancho-limitado-plus\" style=\"background-color:#a15d42;color:#a15d42\"\/>\r\n\r\n\r\n\r\n<div style=\"height:30px\" aria-hidden=\"true\" class=\"wp-block-spacer\"><\/div>\r\n\r\n\r\n\r\n<p class=\"ancho-limitado-plus\">Seit der Gr\u00fcndung der Sociedad Espa\u00f1ola de Construcciones Electromec\u00e1nicas &#8211; SECEM im Jahr 1917 hat sich Cunext haupts\u00e4chlich auf die Verarbeitung von Kupfer konzentriert und 2015 die Aluminiumbehandlung eingef\u00fchrt, um weiter voranzukommen und sich im Bereich der L\u00f6sungen f\u00fcr die \u00dcbertragung von Energie, Daten und Signalen zu festigen.<\/p>\r\n\r\n\r\n\r\n<p class=\"ancho-limitado-plus\">Auf diese Weise ist die Cunext Group mit ihren Produkten in Branchen wie Automobil, Telekommunikation, Energie, Eisenbahn, Bau und anderen vertreten.<\/p>\r\n\r\n\r\n\r\n<div style=\"height:50px\" aria-hidden=\"true\" class=\"wp-block-spacer\"><\/div>\r\n\r\n\r\n<section class=\"timeline\">\n    <div class=\"historia\">\n            <span id=\"fecha-prev\" class=\"fa fa-angle-up\"><\/span>\n\t\t<span id=\"fecha-next\" class=\"fa fa-angle-down\"><\/span>\n        <div class=\"navegacion-fechas\">\n                            <div class=\"pagination-fecha\" valor=\"0\"><span class=\"punto-fecha\"><\/span>1917<\/div>\n                            <div class=\"pagination-fecha\" valor=\"1\"><span class=\"punto-fecha\"><\/span>1978<\/div>\n                            <div class=\"pagination-fecha\" valor=\"2\"><span class=\"punto-fecha\"><\/span>1990<\/div>\n                            <div class=\"pagination-fecha\" valor=\"3\"><span class=\"punto-fecha\"><\/span>1993<\/div>\n                            <div class=\"pagination-fecha\" valor=\"4\"><span class=\"punto-fecha\"><\/span>2005<\/div>\n                            <div class=\"pagination-fecha\" valor=\"5\"><span class=\"punto-fecha\"><\/span>2009<\/div>\n                            <div class=\"pagination-fecha\" valor=\"6\"><span class=\"punto-fecha\"><\/span>2013<\/div>\n                            <div class=\"pagination-fecha\" valor=\"7\"><span class=\"punto-fecha\"><\/span>2015<\/div>\n                            <div class=\"pagination-fecha\" valor=\"8\"><span class=\"punto-fecha\"><\/span>2017<\/div>\n                            <div class=\"pagination-fecha\" valor=\"9\"><span class=\"punto-fecha\"><\/span>2018<\/div>\n                    <\/div>\n                <div class=\"conjunto-fechas\">\n            <div class=\"fechas owl-carousel owl-theme\">\n                                    <div class=\"fecha\" style=\"background-image: url(https:\/\/cunext.com\/wp-content\/uploads\/2020\/02\/1917_InicioHistoriaCunext.jpg);\">\n                        <div class=\"informacion-historia\">\n                            <span class=\"timeline-fecha\">1917<\/span>\n                            <h4 class=\"timeline-title\">Beginn unserer Geschichte<\/h4>\n                            <p class=\"timeline-texto\">Gr\u00fcndung der Spanischen Gesellschaft f\u00fcr Elektromechanische Konstruktionen.<\/p>                        <\/div>\n                    <\/div>\n                                    <div class=\"fecha\" style=\"background-image: url(https:\/\/cunext.com\/wp-content\/uploads\/2020\/02\/1978_Constituci\u00f3nIbercobre.jpg);\">\n                        <div class=\"informacion-historia\">\n                            <span class=\"timeline-fecha\">1978<\/span>\n                            <h4 class=\"timeline-title\">Gr\u00fcndung von Ibercobre<\/h4>\n                            <p class=\"timeline-texto\">Zusammenschluss von Pradera Hermanos, Sociedad Industrial Asturiana, S.A. und Earle zur Gr\u00fcndung von Ib\u00e9rica del Cobre<\/p>                        <\/div>\n                    <\/div>\n                                    <div class=\"fecha\" style=\"background-image: url(https:\/\/cunext.com\/wp-content\/uploads\/2020\/02\/1990_Metalcable.jpg);\">\n                        <div class=\"informacion-historia\">\n                            <span class=\"timeline-fecha\">1990<\/span>\n                            <h4 class=\"timeline-title\">Metalcable<\/h4>\n                                                    <\/div>\n                    <\/div>\n                                    <div class=\"fecha\" style=\"background-image: url(https:\/\/cunext.com\/wp-content\/uploads\/2020\/02\/1993_FreeportMCMoran.jpg);\">\n                        <div class=\"informacion-historia\">\n                            <span class=\"timeline-fecha\">1993<\/span>\n                            <h4 class=\"timeline-title\">Freeport McMoran Copper &amp; Gold\/Atlantic Copper<\/h4>\n                                                    <\/div>\n                    <\/div>\n                                    <div class=\"fecha\" style=\"background-image: url(https:\/\/cunext.com\/wp-content\/uploads\/2020\/02\/2005_NaceCunextCopperIndustries.jpg);\">\n                        <div class=\"informacion-historia\">\n                            <span class=\"timeline-fecha\">2005<\/span>\n                            <h4 class=\"timeline-title\">Gr\u00fcndung von Cunext Copper Industries<\/h4>\n                            <p class=\"timeline-texto\">Modernisierung der Unternehmensprozesse<\/p>                        <\/div>\n                    <\/div>\n                                    <div class=\"fecha\" style=\"background-image: url(https:\/\/cunext.com\/wp-content\/uploads\/2020\/02\/2009_CunextGroup.jpg);\">\n                        <div class=\"informacion-historia\">\n                            <span class=\"timeline-fecha\">2009<\/span>\n                            <h4 class=\"timeline-title\">Organisation unter dem Namen Cunext Group<\/h4>\n                            <p class=\"timeline-texto\">Beitritt von Estacor und Gr\u00fcndung von Cablexur. Verzinnung wird dem Produktionsprozess hinzugef\u00fcgt.<\/p>                        <\/div>\n                    <\/div>\n                                    <div class=\"fecha\" style=\"background-image: url(https:\/\/cunext.com\/wp-content\/uploads\/2020\/02\/2013_NaceAsturcopper.jpg);\">\n                        <div class=\"informacion-historia\">\n                            <span class=\"timeline-fecha\">2013<\/span>\n                            <h4 class=\"timeline-title\">Asturcopper tritt der Gruppe bei<\/h4>\n                            <p class=\"timeline-texto\">Erh\u00f6hung der Produktion in der Drahtzieherei.<\/p>                        <\/div>\n                    <\/div>\n                                    <div class=\"fecha\" style=\"background-image: url(https:\/\/cunext.com\/wp-content\/uploads\/2020\/02\/2015_AluminioencarteraCunext.jpg);\">\n                        <div class=\"informacion-historia\">\n                            <span class=\"timeline-fecha\">2015<\/span>\n                            <h4 class=\"timeline-title\">Hinzuf\u00fcgen von Aluminium zum Produktportfolio von Cunext<\/h4>\n                            <p class=\"timeline-texto\">Geburt von Transformados Cunext Copper, ECN Trefiler\u00eda, ECN Colada de Aluminio und ECN<\/p>                        <\/div>\n                    <\/div>\n                                    <div class=\"fecha\" style=\"background-image: url(https:\/\/cunext.com\/wp-content\/uploads\/2020\/02\/2017_NaceCombisa.jpg);\">\n                        <div class=\"informacion-historia\">\n                            <span class=\"timeline-fecha\">2017<\/span>\n                            <h4 class=\"timeline-title\">Beitritt von Transformados Combisa zur Gruppe<\/h4>\n                                                    <\/div>\n                    <\/div>\n                                    <div class=\"fecha\" style=\"background-image: url(https:\/\/cunext.com\/wp-content\/uploads\/2020\/02\/2018_Incorporaci\u00f3nGrupoTravactec.jpg);\">\n                        <div class=\"informacion-historia\">\n                            <span class=\"timeline-fecha\">2018<\/span>\n                            <h4 class=\"timeline-title\">Beitritt von Travartec zur Gruppe<\/h4>\n                            <p class=\"timeline-texto\">Markter\u00f6ffnung in Italien<\/p>                        <\/div>\n                    <\/div>\n                            <\/div>\n        <\/div>\n        <\/div>\n<\/section>","protected":false},"excerpt":{"rendered":"<p>\u00dcber 100 Jahre f\u00fchrend in der Kupfer- und Aluminiumindustrie. Seit der Gr\u00fcndung der Sociedad Espa\u00f1ola de Construcciones Electromec\u00e1nicas &#8211; SECEM im Jahr 1917 hat sich&#8230;<\/p>\n","protected":false},"author":6,"featured_media":4584,"parent":4635,"menu_order":0,"comment_status":"closed","ping_status":"closed","template":"","meta":{"_acf_changed":false,"footnotes":""},"class_list":["post-4571","page","type-page","status-publish","has-post-thumbnail","hentry"],"acf":[],"yoast_head":"<!-- This site is optimized with the Yoast SEO plugin v27.5 - https:\/\/yoast.com\/product\/yoast-seo-wordpress\/ -->\n<title>Geschichte - Cunext<\/title>\n<meta name=\"description\" content=\"Die CUNEXT GROUP hat sich auf die Verarbeitung von Kupfer und Aluminium in h\u00f6chster Qualit\u00e4t spezialisiert und setzt dabei auf kontinuierliche Innovation und Entwicklung.\" \/>\n<meta name=\"robots\" content=\"index, follow, max-snippet:-1, max-image-preview:large, max-video-preview:-1\" \/>\n<link rel=\"canonical\" href=\"https:\/\/cunext.com\/de\/cunext-group\/geschichte\/\" \/>\n<meta property=\"og:locale\" content=\"de_DE\" \/>\n<meta property=\"og:type\" content=\"article\" \/>\n<meta property=\"og:title\" content=\"Geschichte - Cunext\" \/>\n<meta property=\"og:description\" content=\"Die CUNEXT GROUP hat sich auf die Verarbeitung von Kupfer und Aluminium in h\u00f6chster Qualit\u00e4t spezialisiert und setzt dabei auf kontinuierliche Innovation und Entwicklung.\" \/>\n<meta property=\"og:url\" content=\"https:\/\/cunext.com\/de\/cunext-group\/geschichte\/\" \/>\n<meta property=\"og:site_name\" content=\"Cunext\" \/>\n<meta property=\"article:modified_time\" content=\"2024-04-09T15:25:14+00:00\" \/>\n<meta property=\"og:image\" content=\"https:\/\/cunext.com\/wp-content\/uploads\/2020\/04\/cabecera-historia.jpg\" \/>\n\t<meta property=\"og:image:width\" content=\"1600\" \/>\n\t<meta property=\"og:image:height\" content=\"378\" \/>\n\t<meta property=\"og:image:type\" content=\"image\/jpeg\" \/>\n<meta name=\"twitter:card\" content=\"summary_large_image\" \/>\n<script type=\"application\/ld+json\" class=\"yoast-schema-graph\">{\"@context\":\"https:\\\/\\\/schema.org\",\"@graph\":[{\"@type\":\"WebPage\",\"@id\":\"https:\\\/\\\/cunext.com\\\/de\\\/cunext-group\\\/geschichte\\\/\",\"url\":\"https:\\\/\\\/cunext.com\\\/de\\\/cunext-group\\\/geschichte\\\/\",\"name\":\"Geschichte - Cunext\",\"isPartOf\":{\"@id\":\"https:\\\/\\\/cunext.com\\\/de\\\/#website\"},\"primaryImageOfPage\":{\"@id\":\"https:\\\/\\\/cunext.com\\\/de\\\/cunext-group\\\/geschichte\\\/#primaryimage\"},\"image\":{\"@id\":\"https:\\\/\\\/cunext.com\\\/de\\\/cunext-group\\\/geschichte\\\/#primaryimage\"},\"thumbnailUrl\":\"https:\\\/\\\/cunext.com\\\/wp-content\\\/uploads\\\/2020\\\/04\\\/cabecera-historia.jpg\",\"datePublished\":\"2024-04-08T10:37:03+00:00\",\"dateModified\":\"2024-04-09T15:25:14+00:00\",\"description\":\"Die CUNEXT GROUP hat sich auf die Verarbeitung von Kupfer und Aluminium in h\u00f6chster Qualit\u00e4t spezialisiert und setzt dabei auf kontinuierliche Innovation und Entwicklung.\",\"breadcrumb\":{\"@id\":\"https:\\\/\\\/cunext.com\\\/de\\\/cunext-group\\\/geschichte\\\/#breadcrumb\"},\"inLanguage\":\"de\",\"potentialAction\":[{\"@type\":\"ReadAction\",\"target\":[\"https:\\\/\\\/cunext.com\\\/de\\\/cunext-group\\\/geschichte\\\/\"]}]},{\"@type\":\"ImageObject\",\"inLanguage\":\"de\",\"@id\":\"https:\\\/\\\/cunext.com\\\/de\\\/cunext-group\\\/geschichte\\\/#primaryimage\",\"url\":\"https:\\\/\\\/cunext.com\\\/wp-content\\\/uploads\\\/2020\\\/04\\\/cabecera-historia.jpg\",\"contentUrl\":\"https:\\\/\\\/cunext.com\\\/wp-content\\\/uploads\\\/2020\\\/04\\\/cabecera-historia.jpg\",\"width\":1600,\"height\":378},{\"@type\":\"BreadcrumbList\",\"@id\":\"https:\\\/\\\/cunext.com\\\/de\\\/cunext-group\\\/geschichte\\\/#breadcrumb\",\"itemListElement\":[{\"@type\":\"ListItem\",\"position\":1,\"name\":\"Portada\",\"item\":\"https:\\\/\\\/cunext.com\\\/de\\\/\"},{\"@type\":\"ListItem\",\"position\":2,\"name\":\"Cunext Group\",\"item\":\"https:\\\/\\\/cunext.com\\\/de\\\/cunext-group\\\/\"},{\"@type\":\"ListItem\",\"position\":3,\"name\":\"Geschichte\"}]},{\"@type\":\"WebSite\",\"@id\":\"https:\\\/\\\/cunext.com\\\/de\\\/#website\",\"url\":\"https:\\\/\\\/cunext.com\\\/de\\\/\",\"name\":\"Cunext\",\"description\":\"Transformaci\u00f3n de cobre y aluminio\",\"publisher\":{\"@id\":\"https:\\\/\\\/cunext.com\\\/de\\\/#organization\"},\"potentialAction\":[{\"@type\":\"SearchAction\",\"target\":{\"@type\":\"EntryPoint\",\"urlTemplate\":\"https:\\\/\\\/cunext.com\\\/de\\\/?s={search_term_string}\"},\"query-input\":{\"@type\":\"PropertyValueSpecification\",\"valueRequired\":true,\"valueName\":\"search_term_string\"}}],\"inLanguage\":\"de\"},{\"@type\":\"Organization\",\"@id\":\"https:\\\/\\\/cunext.com\\\/de\\\/#organization\",\"name\":\"Cunext Group\",\"url\":\"https:\\\/\\\/cunext.com\\\/de\\\/\",\"logo\":{\"@type\":\"ImageObject\",\"inLanguage\":\"de\",\"@id\":\"https:\\\/\\\/cunext.com\\\/de\\\/#\\\/schema\\\/logo\\\/image\\\/\",\"url\":\"https:\\\/\\\/cunext.com\\\/wp-content\\\/uploads\\\/2020\\\/04\\\/logo-cunext.png\",\"contentUrl\":\"https:\\\/\\\/cunext.com\\\/wp-content\\\/uploads\\\/2020\\\/04\\\/logo-cunext.png\",\"width\":229,\"height\":57,\"caption\":\"Cunext Group\"},\"image\":{\"@id\":\"https:\\\/\\\/cunext.com\\\/de\\\/#\\\/schema\\\/logo\\\/image\\\/\"},\"sameAs\":[\"https:\\\/\\\/www.linkedin.com\\\/company\\\/cunext-copper-industries-sl\\\/\"]}]}<\/script>\n<!-- \/ Yoast SEO plugin. -->","yoast_head_json":{"title":"Geschichte - Cunext","description":"Die CUNEXT GROUP hat sich auf die Verarbeitung von Kupfer und Aluminium in h\u00f6chster Qualit\u00e4t spezialisiert und setzt dabei auf kontinuierliche Innovation und Entwicklung.","robots":{"index":"index","follow":"follow","max-snippet":"max-snippet:-1","max-image-preview":"max-image-preview:large","max-video-preview":"max-video-preview:-1"},"canonical":"https:\/\/cunext.com\/de\/cunext-group\/geschichte\/","og_locale":"de_DE","og_type":"article","og_title":"Geschichte - Cunext","og_description":"Die CUNEXT GROUP hat sich auf die Verarbeitung von Kupfer und Aluminium in h\u00f6chster Qualit\u00e4t spezialisiert und setzt dabei auf kontinuierliche Innovation und Entwicklung.","og_url":"https:\/\/cunext.com\/de\/cunext-group\/geschichte\/","og_site_name":"Cunext","article_modified_time":"2024-04-09T15:25:14+00:00","og_image":[{"width":1600,"height":378,"url":"https:\/\/cunext.com\/wp-content\/uploads\/2020\/04\/cabecera-historia.jpg","type":"image\/jpeg"}],"twitter_card":"summary_large_image","schema":{"@context":"https:\/\/schema.org","@graph":[{"@type":"WebPage","@id":"https:\/\/cunext.com\/de\/cunext-group\/geschichte\/","url":"https:\/\/cunext.com\/de\/cunext-group\/geschichte\/","name":"Geschichte - Cunext","isPartOf":{"@id":"https:\/\/cunext.com\/de\/#website"},"primaryImageOfPage":{"@id":"https:\/\/cunext.com\/de\/cunext-group\/geschichte\/#primaryimage"},"image":{"@id":"https:\/\/cunext.com\/de\/cunext-group\/geschichte\/#primaryimage"},"thumbnailUrl":"https:\/\/cunext.com\/wp-content\/uploads\/2020\/04\/cabecera-historia.jpg","datePublished":"2024-04-08T10:37:03+00:00","dateModified":"2024-04-09T15:25:14+00:00","description":"Die CUNEXT GROUP hat sich auf die Verarbeitung von Kupfer und Aluminium in h\u00f6chster Qualit\u00e4t spezialisiert und setzt dabei auf kontinuierliche Innovation und Entwicklung.","breadcrumb":{"@id":"https:\/\/cunext.com\/de\/cunext-group\/geschichte\/#breadcrumb"},"inLanguage":"de","potentialAction":[{"@type":"ReadAction","target":["https:\/\/cunext.com\/de\/cunext-group\/geschichte\/"]}]},{"@type":"ImageObject","inLanguage":"de","@id":"https:\/\/cunext.com\/de\/cunext-group\/geschichte\/#primaryimage","url":"https:\/\/cunext.com\/wp-content\/uploads\/2020\/04\/cabecera-historia.jpg","contentUrl":"https:\/\/cunext.com\/wp-content\/uploads\/2020\/04\/cabecera-historia.jpg","width":1600,"height":378},{"@type":"BreadcrumbList","@id":"https:\/\/cunext.com\/de\/cunext-group\/geschichte\/#breadcrumb","itemListElement":[{"@type":"ListItem","position":1,"name":"Portada","item":"https:\/\/cunext.com\/de\/"},{"@type":"ListItem","position":2,"name":"Cunext Group","item":"https:\/\/cunext.com\/de\/cunext-group\/"},{"@type":"ListItem","position":3,"name":"Geschichte"}]},{"@type":"WebSite","@id":"https:\/\/cunext.com\/de\/#website","url":"https:\/\/cunext.com\/de\/","name":"Cunext","description":"Transformaci\u00f3n de cobre y aluminio","publisher":{"@id":"https:\/\/cunext.com\/de\/#organization"},"potentialAction":[{"@type":"SearchAction","target":{"@type":"EntryPoint","urlTemplate":"https:\/\/cunext.com\/de\/?s={search_term_string}"},"query-input":{"@type":"PropertyValueSpecification","valueRequired":true,"valueName":"search_term_string"}}],"inLanguage":"de"},{"@type":"Organization","@id":"https:\/\/cunext.com\/de\/#organization","name":"Cunext Group","url":"https:\/\/cunext.com\/de\/","logo":{"@type":"ImageObject","inLanguage":"de","@id":"https:\/\/cunext.com\/de\/#\/schema\/logo\/image\/","url":"https:\/\/cunext.com\/wp-content\/uploads\/2020\/04\/logo-cunext.png","contentUrl":"https:\/\/cunext.com\/wp-content\/uploads\/2020\/04\/logo-cunext.png","width":229,"height":57,"caption":"Cunext Group"},"image":{"@id":"https:\/\/cunext.com\/de\/#\/schema\/logo\/image\/"},"sameAs":["https:\/\/www.linkedin.com\/company\/cunext-copper-industries-sl\/"]}]}},"_links":{"self":[{"href":"https:\/\/cunext.com\/de\/wp-json\/wp\/v2\/pages\/4571","targetHints":{"allow":["GET"]}}],"collection":[{"href":"https:\/\/cunext.com\/de\/wp-json\/wp\/v2\/pages"}],"about":[{"href":"https:\/\/cunext.com\/de\/wp-json\/wp\/v2\/types\/page"}],"author":[{"embeddable":true,"href":"https:\/\/cunext.com\/de\/wp-json\/wp\/v2\/users\/6"}],"replies":[{"embeddable":true,"href":"https:\/\/cunext.com\/de\/wp-json\/wp\/v2\/comments?post=4571"}],"version-history":[{"count":2,"href":"https:\/\/cunext.com\/de\/wp-json\/wp\/v2\/pages\/4571\/revisions"}],"predecessor-version":[{"id":4726,"href":"https:\/\/cunext.com\/de\/wp-json\/wp\/v2\/pages\/4571\/revisions\/4726"}],"up":[{"embeddable":true,"href":"https:\/\/cunext.com\/de\/wp-json\/wp\/v2\/pages\/4635"}],"wp:featuredmedia":[{"embeddable":true,"href":"https:\/\/cunext.com\/de\/wp-json\/wp\/v2\/media\/4584"}],"wp:attachment":[{"href":"https:\/\/cunext.com\/de\/wp-json\/wp\/v2\/media?parent=4571"}],"curies":[{"name":"wp","href":"https:\/\/api.w.org\/{rel}","templated":true}]}}