{"id":4569,"date":"2024-04-08T11:29:55","date_gmt":"2024-04-08T10:29:55","guid":{"rendered":"https:\/\/cunext.com\/ethischer-verhaltenskodex-und-verhaltenskodex\/"},"modified":"2024-04-10T07:47:29","modified_gmt":"2024-04-10T06:47:29","slug":"ethischer-verhaltenskodex-und-verhaltenskodex","status":"publish","type":"page","link":"https:\/\/cunext.com\/de\/nachhaltigkeit\/ethischer-verhaltenskodex-und-verhaltenskodex\/","title":{"rendered":"Ethischer Verhaltenskodex und Verhaltenskodex"},"content":{"rendered":"\n<h2 class=\"wp-block-heading\">Unternehmenswerte der Cunext-Gruppe<\/h2>\n\n\n\n<hr class=\"wp-block-separator has-text-color has-css-opacity has-background is-style-default\" style=\"background-color:#a15d42;color:#a15d42\"\/>\n\n\n\n<div style=\"height:20px\" aria-hidden=\"true\" class=\"wp-block-spacer\"><\/div>\n\n\n\n<p>Der Cunext-Verhaltenskodex ist ein Dokument, das die Handlungen und Arbeitsbeziehungen von Mitarbeitern, Managern und Gesch\u00e4ftsf\u00fchrern mit Kunden, Kollegen, Wettbewerbern, Verwaltungsorganen und den Medien sowie mit anderen Personen oder Institutionen, mit denen die Cunext-Gruppe in Kontakt steht, regelt.<\/p>\n\n\n\n<p>Wir sind uns dar\u00fcber im Klaren, dass Ehrlichkeit, Integrit\u00e4t und gutes Urteilsverm\u00f6gen f\u00fcr den Ruf und den Erfolg unserer Organisation von grundlegender Bedeutung sind.<\/p>\n\n\n\n<div style=\"height:55px\" aria-hidden=\"true\" class=\"wp-block-spacer\"><\/div>\n\n\n\n<div class=\"wp-block-button\"><a class=\"wp-block-button__link has-background wp-element-button\" href=\"https:\/\/cunext.com\/wp-content\/uploads\/2024\/04\/Cunext-Group-Codigo-Etico-20221205_-DE.pdf\" style=\"background-color:#a15d42\" target=\"_blank\" rel=\"noopener noreferrer\">Download Verhaltenskodex<\/a><\/div>\n\n\n\n<p><\/p>\n","protected":false},"excerpt":{"rendered":"<p>Unternehmenswerte der Cunext-Gruppe Der Cunext-Verhaltenskodex ist ein Dokument, das die Handlungen und Arbeitsbeziehungen von Mitarbeitern, Managern und Gesch\u00e4ftsf\u00fchrern mit Kunden, Kollegen, Wettbewerbern, Verwaltungsorganen und den&#8230;<\/p>\n","protected":false},"author":6,"featured_media":4570,"parent":4613,"menu_order":0,"comment_status":"closed","ping_status":"closed","template":"","meta":{"_acf_changed":false,"footnotes":""},"class_list":["post-4569","page","type-page","status-publish","has-post-thumbnail","hentry"],"acf":[],"yoast_head":"<!-- This site is optimized with the Yoast SEO plugin v27.4 - https:\/\/yoast.com\/product\/yoast-seo-wordpress\/ -->\n<title>Ethischer Verhaltenskodex und Verhaltenskodex - Cunext<\/title>\n<meta name=\"description\" content=\"Die CUNEXT GROUP hat sich auf die Verarbeitung von Kupfer und Aluminium in h\u00f6chster Qualit\u00e4t spezialisiert und setzt dabei auf kontinuierliche Innovation und Entwicklung.\" \/>\n<meta name=\"robots\" content=\"index, follow, max-snippet:-1, max-image-preview:large, max-video-preview:-1\" \/>\n<link rel=\"canonical\" href=\"https:\/\/cunext.com\/de\/nachhaltigkeit\/ethischer-verhaltenskodex-und-verhaltenskodex\/\" \/>\n<meta property=\"og:locale\" content=\"de_DE\" \/>\n<meta property=\"og:type\" content=\"article\" \/>\n<meta property=\"og:title\" content=\"Ethischer Verhaltenskodex und Verhaltenskodex - Cunext\" \/>\n<meta property=\"og:description\" content=\"Die CUNEXT GROUP hat sich auf die Verarbeitung von Kupfer und Aluminium in h\u00f6chster Qualit\u00e4t spezialisiert und setzt dabei auf kontinuierliche Innovation und Entwicklung.\" \/>\n<meta property=\"og:url\" content=\"https:\/\/cunext.com\/de\/nachhaltigkeit\/ethischer-verhaltenskodex-und-verhaltenskodex\/\" \/>\n<meta property=\"og:site_name\" content=\"Cunext\" \/>\n<meta property=\"article:modified_time\" content=\"2024-04-10T06:47:29+00:00\" \/>\n<meta property=\"og:image\" content=\"https:\/\/cunext.com\/wp-content\/uploads\/2020\/04\/cabecera-codigo-etico.jpg\" \/>\n\t<meta property=\"og:image:width\" content=\"1600\" \/>\n\t<meta property=\"og:image:height\" content=\"378\" \/>\n\t<meta property=\"og:image:type\" content=\"image\/jpeg\" \/>\n<meta name=\"twitter:card\" content=\"summary_large_image\" \/>\n<meta name=\"twitter:label1\" content=\"Gesch\u00e4tzte Lesezeit\" \/>\n\t<meta name=\"twitter:data1\" content=\"1\u00a0Minute\" \/>\n<script type=\"application\/ld+json\" class=\"yoast-schema-graph\">{\"@context\":\"https:\\\/\\\/schema.org\",\"@graph\":[{\"@type\":\"WebPage\",\"@id\":\"https:\\\/\\\/cunext.com\\\/de\\\/nachhaltigkeit\\\/ethischer-verhaltenskodex-und-verhaltenskodex\\\/\",\"url\":\"https:\\\/\\\/cunext.com\\\/de\\\/nachhaltigkeit\\\/ethischer-verhaltenskodex-und-verhaltenskodex\\\/\",\"name\":\"Ethischer Verhaltenskodex und Verhaltenskodex - Cunext\",\"isPartOf\":{\"@id\":\"https:\\\/\\\/cunext.com\\\/de\\\/#website\"},\"primaryImageOfPage\":{\"@id\":\"https:\\\/\\\/cunext.com\\\/de\\\/nachhaltigkeit\\\/ethischer-verhaltenskodex-und-verhaltenskodex\\\/#primaryimage\"},\"image\":{\"@id\":\"https:\\\/\\\/cunext.com\\\/de\\\/nachhaltigkeit\\\/ethischer-verhaltenskodex-und-verhaltenskodex\\\/#primaryimage\"},\"thumbnailUrl\":\"https:\\\/\\\/cunext.com\\\/wp-content\\\/uploads\\\/2020\\\/04\\\/cabecera-codigo-etico.jpg\",\"datePublished\":\"2024-04-08T10:29:55+00:00\",\"dateModified\":\"2024-04-10T06:47:29+00:00\",\"description\":\"Die CUNEXT GROUP hat sich auf die Verarbeitung von Kupfer und Aluminium in h\u00f6chster Qualit\u00e4t spezialisiert und setzt dabei auf kontinuierliche Innovation und Entwicklung.\",\"breadcrumb\":{\"@id\":\"https:\\\/\\\/cunext.com\\\/de\\\/nachhaltigkeit\\\/ethischer-verhaltenskodex-und-verhaltenskodex\\\/#breadcrumb\"},\"inLanguage\":\"de\",\"potentialAction\":[{\"@type\":\"ReadAction\",\"target\":[\"https:\\\/\\\/cunext.com\\\/de\\\/nachhaltigkeit\\\/ethischer-verhaltenskodex-und-verhaltenskodex\\\/\"]}]},{\"@type\":\"ImageObject\",\"inLanguage\":\"de\",\"@id\":\"https:\\\/\\\/cunext.com\\\/de\\\/nachhaltigkeit\\\/ethischer-verhaltenskodex-und-verhaltenskodex\\\/#primaryimage\",\"url\":\"https:\\\/\\\/cunext.com\\\/wp-content\\\/uploads\\\/2020\\\/04\\\/cabecera-codigo-etico.jpg\",\"contentUrl\":\"https:\\\/\\\/cunext.com\\\/wp-content\\\/uploads\\\/2020\\\/04\\\/cabecera-codigo-etico.jpg\",\"width\":1600,\"height\":378},{\"@type\":\"BreadcrumbList\",\"@id\":\"https:\\\/\\\/cunext.com\\\/de\\\/nachhaltigkeit\\\/ethischer-verhaltenskodex-und-verhaltenskodex\\\/#breadcrumb\",\"itemListElement\":[{\"@type\":\"ListItem\",\"position\":1,\"name\":\"Portada\",\"item\":\"https:\\\/\\\/cunext.com\\\/de\\\/\"},{\"@type\":\"ListItem\",\"position\":2,\"name\":\"Nachhaltigkeit\",\"item\":\"https:\\\/\\\/cunext.com\\\/de\\\/nachhaltigkeit\\\/\"},{\"@type\":\"ListItem\",\"position\":3,\"name\":\"Ethischer Verhaltenskodex und Verhaltenskodex\"}]},{\"@type\":\"WebSite\",\"@id\":\"https:\\\/\\\/cunext.com\\\/de\\\/#website\",\"url\":\"https:\\\/\\\/cunext.com\\\/de\\\/\",\"name\":\"Cunext\",\"description\":\"Transformaci\u00f3n de cobre y aluminio\",\"publisher\":{\"@id\":\"https:\\\/\\\/cunext.com\\\/de\\\/#organization\"},\"potentialAction\":[{\"@type\":\"SearchAction\",\"target\":{\"@type\":\"EntryPoint\",\"urlTemplate\":\"https:\\\/\\\/cunext.com\\\/de\\\/?s={search_term_string}\"},\"query-input\":{\"@type\":\"PropertyValueSpecification\",\"valueRequired\":true,\"valueName\":\"search_term_string\"}}],\"inLanguage\":\"de\"},{\"@type\":\"Organization\",\"@id\":\"https:\\\/\\\/cunext.com\\\/de\\\/#organization\",\"name\":\"Cunext Group\",\"url\":\"https:\\\/\\\/cunext.com\\\/de\\\/\",\"logo\":{\"@type\":\"ImageObject\",\"inLanguage\":\"de\",\"@id\":\"https:\\\/\\\/cunext.com\\\/de\\\/#\\\/schema\\\/logo\\\/image\\\/\",\"url\":\"https:\\\/\\\/cunext.com\\\/wp-content\\\/uploads\\\/2020\\\/04\\\/logo-cunext.png\",\"contentUrl\":\"https:\\\/\\\/cunext.com\\\/wp-content\\\/uploads\\\/2020\\\/04\\\/logo-cunext.png\",\"width\":229,\"height\":57,\"caption\":\"Cunext Group\"},\"image\":{\"@id\":\"https:\\\/\\\/cunext.com\\\/de\\\/#\\\/schema\\\/logo\\\/image\\\/\"},\"sameAs\":[\"https:\\\/\\\/www.linkedin.com\\\/company\\\/cunext-copper-industries-sl\\\/\"]}]}<\/script>\n<!-- \/ Yoast SEO plugin. -->","yoast_head_json":{"title":"Ethischer Verhaltenskodex und Verhaltenskodex - Cunext","description":"Die CUNEXT GROUP hat sich auf die Verarbeitung von Kupfer und Aluminium in h\u00f6chster Qualit\u00e4t spezialisiert und setzt dabei auf kontinuierliche Innovation und Entwicklung.","robots":{"index":"index","follow":"follow","max-snippet":"max-snippet:-1","max-image-preview":"max-image-preview:large","max-video-preview":"max-video-preview:-1"},"canonical":"https:\/\/cunext.com\/de\/nachhaltigkeit\/ethischer-verhaltenskodex-und-verhaltenskodex\/","og_locale":"de_DE","og_type":"article","og_title":"Ethischer Verhaltenskodex und Verhaltenskodex - Cunext","og_description":"Die CUNEXT GROUP hat sich auf die Verarbeitung von Kupfer und Aluminium in h\u00f6chster Qualit\u00e4t spezialisiert und setzt dabei auf kontinuierliche Innovation und Entwicklung.","og_url":"https:\/\/cunext.com\/de\/nachhaltigkeit\/ethischer-verhaltenskodex-und-verhaltenskodex\/","og_site_name":"Cunext","article_modified_time":"2024-04-10T06:47:29+00:00","og_image":[{"width":1600,"height":378,"url":"https:\/\/cunext.com\/wp-content\/uploads\/2020\/04\/cabecera-codigo-etico.jpg","type":"image\/jpeg"}],"twitter_card":"summary_large_image","twitter_misc":{"Gesch\u00e4tzte Lesezeit":"1\u00a0Minute"},"schema":{"@context":"https:\/\/schema.org","@graph":[{"@type":"WebPage","@id":"https:\/\/cunext.com\/de\/nachhaltigkeit\/ethischer-verhaltenskodex-und-verhaltenskodex\/","url":"https:\/\/cunext.com\/de\/nachhaltigkeit\/ethischer-verhaltenskodex-und-verhaltenskodex\/","name":"Ethischer Verhaltenskodex und Verhaltenskodex - Cunext","isPartOf":{"@id":"https:\/\/cunext.com\/de\/#website"},"primaryImageOfPage":{"@id":"https:\/\/cunext.com\/de\/nachhaltigkeit\/ethischer-verhaltenskodex-und-verhaltenskodex\/#primaryimage"},"image":{"@id":"https:\/\/cunext.com\/de\/nachhaltigkeit\/ethischer-verhaltenskodex-und-verhaltenskodex\/#primaryimage"},"thumbnailUrl":"https:\/\/cunext.com\/wp-content\/uploads\/2020\/04\/cabecera-codigo-etico.jpg","datePublished":"2024-04-08T10:29:55+00:00","dateModified":"2024-04-10T06:47:29+00:00","description":"Die CUNEXT GROUP hat sich auf die Verarbeitung von Kupfer und Aluminium in h\u00f6chster Qualit\u00e4t spezialisiert und setzt dabei auf kontinuierliche Innovation und Entwicklung.","breadcrumb":{"@id":"https:\/\/cunext.com\/de\/nachhaltigkeit\/ethischer-verhaltenskodex-und-verhaltenskodex\/#breadcrumb"},"inLanguage":"de","potentialAction":[{"@type":"ReadAction","target":["https:\/\/cunext.com\/de\/nachhaltigkeit\/ethischer-verhaltenskodex-und-verhaltenskodex\/"]}]},{"@type":"ImageObject","inLanguage":"de","@id":"https:\/\/cunext.com\/de\/nachhaltigkeit\/ethischer-verhaltenskodex-und-verhaltenskodex\/#primaryimage","url":"https:\/\/cunext.com\/wp-content\/uploads\/2020\/04\/cabecera-codigo-etico.jpg","contentUrl":"https:\/\/cunext.com\/wp-content\/uploads\/2020\/04\/cabecera-codigo-etico.jpg","width":1600,"height":378},{"@type":"BreadcrumbList","@id":"https:\/\/cunext.com\/de\/nachhaltigkeit\/ethischer-verhaltenskodex-und-verhaltenskodex\/#breadcrumb","itemListElement":[{"@type":"ListItem","position":1,"name":"Portada","item":"https:\/\/cunext.com\/de\/"},{"@type":"ListItem","position":2,"name":"Nachhaltigkeit","item":"https:\/\/cunext.com\/de\/nachhaltigkeit\/"},{"@type":"ListItem","position":3,"name":"Ethischer Verhaltenskodex und Verhaltenskodex"}]},{"@type":"WebSite","@id":"https:\/\/cunext.com\/de\/#website","url":"https:\/\/cunext.com\/de\/","name":"Cunext","description":"Transformaci\u00f3n de cobre y aluminio","publisher":{"@id":"https:\/\/cunext.com\/de\/#organization"},"potentialAction":[{"@type":"SearchAction","target":{"@type":"EntryPoint","urlTemplate":"https:\/\/cunext.com\/de\/?s={search_term_string}"},"query-input":{"@type":"PropertyValueSpecification","valueRequired":true,"valueName":"search_term_string"}}],"inLanguage":"de"},{"@type":"Organization","@id":"https:\/\/cunext.com\/de\/#organization","name":"Cunext Group","url":"https:\/\/cunext.com\/de\/","logo":{"@type":"ImageObject","inLanguage":"de","@id":"https:\/\/cunext.com\/de\/#\/schema\/logo\/image\/","url":"https:\/\/cunext.com\/wp-content\/uploads\/2020\/04\/logo-cunext.png","contentUrl":"https:\/\/cunext.com\/wp-content\/uploads\/2020\/04\/logo-cunext.png","width":229,"height":57,"caption":"Cunext Group"},"image":{"@id":"https:\/\/cunext.com\/de\/#\/schema\/logo\/image\/"},"sameAs":["https:\/\/www.linkedin.com\/company\/cunext-copper-industries-sl\/"]}]}},"_links":{"self":[{"href":"https:\/\/cunext.com\/de\/wp-json\/wp\/v2\/pages\/4569","targetHints":{"allow":["GET"]}}],"collection":[{"href":"https:\/\/cunext.com\/de\/wp-json\/wp\/v2\/pages"}],"about":[{"href":"https:\/\/cunext.com\/de\/wp-json\/wp\/v2\/types\/page"}],"author":[{"embeddable":true,"href":"https:\/\/cunext.com\/de\/wp-json\/wp\/v2\/users\/6"}],"replies":[{"embeddable":true,"href":"https:\/\/cunext.com\/de\/wp-json\/wp\/v2\/comments?post=4569"}],"version-history":[{"count":6,"href":"https:\/\/cunext.com\/de\/wp-json\/wp\/v2\/pages\/4569\/revisions"}],"predecessor-version":[{"id":4784,"href":"https:\/\/cunext.com\/de\/wp-json\/wp\/v2\/pages\/4569\/revisions\/4784"}],"up":[{"embeddable":true,"href":"https:\/\/cunext.com\/de\/wp-json\/wp\/v2\/pages\/4613"}],"wp:featuredmedia":[{"embeddable":true,"href":"https:\/\/cunext.com\/de\/wp-json\/wp\/v2\/media\/4570"}],"wp:attachment":[{"href":"https:\/\/cunext.com\/de\/wp-json\/wp\/v2\/media?parent=4569"}],"curies":[{"name":"wp","href":"https:\/\/api.w.org\/{rel}","templated":true}]}}