{"id":4566,"date":"2024-04-08T11:23:29","date_gmt":"2024-04-08T10:23:29","guid":{"rendered":"https:\/\/cunext.com\/richtlinie-fur-die-kommunikation-von-verstosen-und-anfragen\/"},"modified":"2024-04-10T07:45:24","modified_gmt":"2024-04-10T06:45:24","slug":"richtlinie-fur-die-kommunikation-von-verstosen-und-anfragen","status":"publish","type":"page","link":"https:\/\/cunext.com\/de\/nachhaltigkeit\/richtlinie-fur-die-kommunikation-von-verstosen-und-anfragen\/","title":{"rendered":"Richtlinie f\u00fcr die Kommunikation von Verst\u00f6\u00dfen und Anfragen"},"content":{"rendered":"\n<h2 class=\"wp-block-heading\">Die Politik zur Kommunikation von Verst\u00f6\u00dfen und Anfragen.<\/h2>\n\n\n\n<hr class=\"wp-block-separator has-text-color has-css-opacity has-background is-style-default\" style=\"background-color:#a15d42;color:#a15d42\"\/>\n\n\n\n<div style=\"height:25px\" aria-hidden=\"true\" class=\"wp-block-spacer\"><\/div>\n\n\n\n<p><p>Die Cunext-Gruppe ver\u00f6ffentlicht die vorliegende Politik zur Kommunikation von Verst\u00f6\u00dfen und Anfragen, um den Betrieb des internen Informationssystems und des ethischen Kanals von Cunext als Mechanismus zur Meldung, Kenntnisnahme, Untersuchung, Bearbeitung und L\u00f6sung von Verst\u00f6\u00dfen zu regulieren sowie Anfragen oder Zweifel zur Interpretation des Ethik- und Verhaltenskodexes und anderer interner Vorschriften zu erhalten und zu bearbeiten.<\/p>\n<p>Diese Politik legt auch die Grunds\u00e4tze und Garantien f\u00fcr das Handeln der Cunext-Gruppe in Bezug auf die Meldung von Verst\u00f6\u00dfen fest und zielt insbesondere darauf ab, den Melder des Versto\u00dfes und die betroffene Person zu sch\u00fctzen.<\/p><\/p>\n\n\n\n<div class=\"wp-block-button\"><a class=\"wp-block-button__link has-background wp-element-button\" href=\"https:\/\/cunext.com\/wp-content\/uploads\/2024\/04\/ES_Politica-de-Comunicacion-de-Infracciones-y-Consultas_05_2023_-DE.pdf\" style=\"background-color:#a15d42\" target=\"_blank\" rel=\"noopener noreferrer\"> Richtlinie zur Kommunikation herunterladen <\/a><\/div>\n\n\n\n<div style=\"height:50px\" aria-hidden=\"true\" class=\"wp-block-spacer\"><\/div>\n","protected":false},"excerpt":{"rendered":"<p>Die Politik zur Kommunikation von Verst\u00f6\u00dfen und Anfragen. Die Cunext-Gruppe ver\u00f6ffentlicht die vorliegende Politik zur Kommunikation von Verst\u00f6\u00dfen und Anfragen, um den Betrieb des internen&#8230;<\/p>\n","protected":false},"author":6,"featured_media":4567,"parent":4613,"menu_order":0,"comment_status":"closed","ping_status":"closed","template":"","meta":{"_acf_changed":false,"footnotes":""},"class_list":["post-4566","page","type-page","status-publish","has-post-thumbnail","hentry"],"acf":[],"yoast_head":"<!-- This site is optimized with the Yoast SEO plugin v27.5 - https:\/\/yoast.com\/product\/yoast-seo-wordpress\/ -->\n<title>Richtlinie f\u00fcr die Kommunikation von Verst\u00f6\u00dfen und Anfragen - Cunext<\/title>\n<meta name=\"description\" content=\"Die CUNEXT GROUP hat sich auf die Verarbeitung von Kupfer und Aluminium in h\u00f6chster Qualit\u00e4t spezialisiert und setzt dabei auf kontinuierliche Innovation und Entwicklung.\" \/>\n<meta name=\"robots\" content=\"index, follow, max-snippet:-1, max-image-preview:large, max-video-preview:-1\" \/>\n<link rel=\"canonical\" href=\"https:\/\/cunext.com\/de\/nachhaltigkeit\/richtlinie-fur-die-kommunikation-von-verstosen-und-anfragen\/\" \/>\n<meta property=\"og:locale\" content=\"de_DE\" \/>\n<meta property=\"og:type\" content=\"article\" \/>\n<meta property=\"og:title\" content=\"Richtlinie f\u00fcr die Kommunikation von Verst\u00f6\u00dfen und Anfragen - Cunext\" \/>\n<meta property=\"og:description\" content=\"Die CUNEXT GROUP hat sich auf die Verarbeitung von Kupfer und Aluminium in h\u00f6chster Qualit\u00e4t spezialisiert und setzt dabei auf kontinuierliche Innovation und Entwicklung.\" \/>\n<meta property=\"og:url\" content=\"https:\/\/cunext.com\/de\/nachhaltigkeit\/richtlinie-fur-die-kommunikation-von-verstosen-und-anfragen\/\" \/>\n<meta property=\"og:site_name\" content=\"Cunext\" \/>\n<meta property=\"article:modified_time\" content=\"2024-04-10T06:45:24+00:00\" \/>\n<meta property=\"og:image\" content=\"https:\/\/cunext.com\/wp-content\/uploads\/2023\/05\/banner-Politica-Comunicacion.jpg\" \/>\n\t<meta property=\"og:image:width\" content=\"1905\" \/>\n\t<meta property=\"og:image:height\" content=\"450\" \/>\n\t<meta property=\"og:image:type\" content=\"image\/jpeg\" \/>\n<meta name=\"twitter:card\" content=\"summary_large_image\" \/>\n<meta name=\"twitter:label1\" content=\"Gesch\u00e4tzte Lesezeit\" \/>\n\t<meta name=\"twitter:data1\" content=\"1\u00a0Minute\" \/>\n<script type=\"application\/ld+json\" class=\"yoast-schema-graph\">{\"@context\":\"https:\\\/\\\/schema.org\",\"@graph\":[{\"@type\":\"WebPage\",\"@id\":\"https:\\\/\\\/cunext.com\\\/de\\\/nachhaltigkeit\\\/richtlinie-fur-die-kommunikation-von-verstosen-und-anfragen\\\/\",\"url\":\"https:\\\/\\\/cunext.com\\\/de\\\/nachhaltigkeit\\\/richtlinie-fur-die-kommunikation-von-verstosen-und-anfragen\\\/\",\"name\":\"Richtlinie f\u00fcr die Kommunikation von Verst\u00f6\u00dfen und Anfragen - Cunext\",\"isPartOf\":{\"@id\":\"https:\\\/\\\/cunext.com\\\/de\\\/#website\"},\"primaryImageOfPage\":{\"@id\":\"https:\\\/\\\/cunext.com\\\/de\\\/nachhaltigkeit\\\/richtlinie-fur-die-kommunikation-von-verstosen-und-anfragen\\\/#primaryimage\"},\"image\":{\"@id\":\"https:\\\/\\\/cunext.com\\\/de\\\/nachhaltigkeit\\\/richtlinie-fur-die-kommunikation-von-verstosen-und-anfragen\\\/#primaryimage\"},\"thumbnailUrl\":\"https:\\\/\\\/cunext.com\\\/wp-content\\\/uploads\\\/2023\\\/05\\\/banner-Politica-Comunicacion.jpg\",\"datePublished\":\"2024-04-08T10:23:29+00:00\",\"dateModified\":\"2024-04-10T06:45:24+00:00\",\"description\":\"Die CUNEXT GROUP hat sich auf die Verarbeitung von Kupfer und Aluminium in h\u00f6chster Qualit\u00e4t spezialisiert und setzt dabei auf kontinuierliche Innovation und Entwicklung.\",\"breadcrumb\":{\"@id\":\"https:\\\/\\\/cunext.com\\\/de\\\/nachhaltigkeit\\\/richtlinie-fur-die-kommunikation-von-verstosen-und-anfragen\\\/#breadcrumb\"},\"inLanguage\":\"de\",\"potentialAction\":[{\"@type\":\"ReadAction\",\"target\":[\"https:\\\/\\\/cunext.com\\\/de\\\/nachhaltigkeit\\\/richtlinie-fur-die-kommunikation-von-verstosen-und-anfragen\\\/\"]}]},{\"@type\":\"ImageObject\",\"inLanguage\":\"de\",\"@id\":\"https:\\\/\\\/cunext.com\\\/de\\\/nachhaltigkeit\\\/richtlinie-fur-die-kommunikation-von-verstosen-und-anfragen\\\/#primaryimage\",\"url\":\"https:\\\/\\\/cunext.com\\\/wp-content\\\/uploads\\\/2023\\\/05\\\/banner-Politica-Comunicacion.jpg\",\"contentUrl\":\"https:\\\/\\\/cunext.com\\\/wp-content\\\/uploads\\\/2023\\\/05\\\/banner-Politica-Comunicacion.jpg\",\"width\":1905,\"height\":450},{\"@type\":\"BreadcrumbList\",\"@id\":\"https:\\\/\\\/cunext.com\\\/de\\\/nachhaltigkeit\\\/richtlinie-fur-die-kommunikation-von-verstosen-und-anfragen\\\/#breadcrumb\",\"itemListElement\":[{\"@type\":\"ListItem\",\"position\":1,\"name\":\"Portada\",\"item\":\"https:\\\/\\\/cunext.com\\\/de\\\/\"},{\"@type\":\"ListItem\",\"position\":2,\"name\":\"Nachhaltigkeit\",\"item\":\"https:\\\/\\\/cunext.com\\\/de\\\/nachhaltigkeit\\\/\"},{\"@type\":\"ListItem\",\"position\":3,\"name\":\"Richtlinie f\u00fcr die Kommunikation von Verst\u00f6\u00dfen und Anfragen\"}]},{\"@type\":\"WebSite\",\"@id\":\"https:\\\/\\\/cunext.com\\\/de\\\/#website\",\"url\":\"https:\\\/\\\/cunext.com\\\/de\\\/\",\"name\":\"Cunext\",\"description\":\"Transformaci\u00f3n de cobre y aluminio\",\"publisher\":{\"@id\":\"https:\\\/\\\/cunext.com\\\/de\\\/#organization\"},\"potentialAction\":[{\"@type\":\"SearchAction\",\"target\":{\"@type\":\"EntryPoint\",\"urlTemplate\":\"https:\\\/\\\/cunext.com\\\/de\\\/?s={search_term_string}\"},\"query-input\":{\"@type\":\"PropertyValueSpecification\",\"valueRequired\":true,\"valueName\":\"search_term_string\"}}],\"inLanguage\":\"de\"},{\"@type\":\"Organization\",\"@id\":\"https:\\\/\\\/cunext.com\\\/de\\\/#organization\",\"name\":\"Cunext Group\",\"url\":\"https:\\\/\\\/cunext.com\\\/de\\\/\",\"logo\":{\"@type\":\"ImageObject\",\"inLanguage\":\"de\",\"@id\":\"https:\\\/\\\/cunext.com\\\/de\\\/#\\\/schema\\\/logo\\\/image\\\/\",\"url\":\"https:\\\/\\\/cunext.com\\\/wp-content\\\/uploads\\\/2020\\\/04\\\/logo-cunext.png\",\"contentUrl\":\"https:\\\/\\\/cunext.com\\\/wp-content\\\/uploads\\\/2020\\\/04\\\/logo-cunext.png\",\"width\":229,\"height\":57,\"caption\":\"Cunext Group\"},\"image\":{\"@id\":\"https:\\\/\\\/cunext.com\\\/de\\\/#\\\/schema\\\/logo\\\/image\\\/\"},\"sameAs\":[\"https:\\\/\\\/www.linkedin.com\\\/company\\\/cunext-copper-industries-sl\\\/\"]}]}<\/script>\n<!-- \/ Yoast SEO plugin. -->","yoast_head_json":{"title":"Richtlinie f\u00fcr die Kommunikation von Verst\u00f6\u00dfen und Anfragen - Cunext","description":"Die CUNEXT GROUP hat sich auf die Verarbeitung von Kupfer und Aluminium in h\u00f6chster Qualit\u00e4t spezialisiert und setzt dabei auf kontinuierliche Innovation und Entwicklung.","robots":{"index":"index","follow":"follow","max-snippet":"max-snippet:-1","max-image-preview":"max-image-preview:large","max-video-preview":"max-video-preview:-1"},"canonical":"https:\/\/cunext.com\/de\/nachhaltigkeit\/richtlinie-fur-die-kommunikation-von-verstosen-und-anfragen\/","og_locale":"de_DE","og_type":"article","og_title":"Richtlinie f\u00fcr die Kommunikation von Verst\u00f6\u00dfen und Anfragen - Cunext","og_description":"Die CUNEXT GROUP hat sich auf die Verarbeitung von Kupfer und Aluminium in h\u00f6chster Qualit\u00e4t spezialisiert und setzt dabei auf kontinuierliche Innovation und Entwicklung.","og_url":"https:\/\/cunext.com\/de\/nachhaltigkeit\/richtlinie-fur-die-kommunikation-von-verstosen-und-anfragen\/","og_site_name":"Cunext","article_modified_time":"2024-04-10T06:45:24+00:00","og_image":[{"width":1905,"height":450,"url":"https:\/\/cunext.com\/wp-content\/uploads\/2023\/05\/banner-Politica-Comunicacion.jpg","type":"image\/jpeg"}],"twitter_card":"summary_large_image","twitter_misc":{"Gesch\u00e4tzte Lesezeit":"1\u00a0Minute"},"schema":{"@context":"https:\/\/schema.org","@graph":[{"@type":"WebPage","@id":"https:\/\/cunext.com\/de\/nachhaltigkeit\/richtlinie-fur-die-kommunikation-von-verstosen-und-anfragen\/","url":"https:\/\/cunext.com\/de\/nachhaltigkeit\/richtlinie-fur-die-kommunikation-von-verstosen-und-anfragen\/","name":"Richtlinie f\u00fcr die Kommunikation von Verst\u00f6\u00dfen und Anfragen - Cunext","isPartOf":{"@id":"https:\/\/cunext.com\/de\/#website"},"primaryImageOfPage":{"@id":"https:\/\/cunext.com\/de\/nachhaltigkeit\/richtlinie-fur-die-kommunikation-von-verstosen-und-anfragen\/#primaryimage"},"image":{"@id":"https:\/\/cunext.com\/de\/nachhaltigkeit\/richtlinie-fur-die-kommunikation-von-verstosen-und-anfragen\/#primaryimage"},"thumbnailUrl":"https:\/\/cunext.com\/wp-content\/uploads\/2023\/05\/banner-Politica-Comunicacion.jpg","datePublished":"2024-04-08T10:23:29+00:00","dateModified":"2024-04-10T06:45:24+00:00","description":"Die CUNEXT GROUP hat sich auf die Verarbeitung von Kupfer und Aluminium in h\u00f6chster Qualit\u00e4t spezialisiert und setzt dabei auf kontinuierliche Innovation und Entwicklung.","breadcrumb":{"@id":"https:\/\/cunext.com\/de\/nachhaltigkeit\/richtlinie-fur-die-kommunikation-von-verstosen-und-anfragen\/#breadcrumb"},"inLanguage":"de","potentialAction":[{"@type":"ReadAction","target":["https:\/\/cunext.com\/de\/nachhaltigkeit\/richtlinie-fur-die-kommunikation-von-verstosen-und-anfragen\/"]}]},{"@type":"ImageObject","inLanguage":"de","@id":"https:\/\/cunext.com\/de\/nachhaltigkeit\/richtlinie-fur-die-kommunikation-von-verstosen-und-anfragen\/#primaryimage","url":"https:\/\/cunext.com\/wp-content\/uploads\/2023\/05\/banner-Politica-Comunicacion.jpg","contentUrl":"https:\/\/cunext.com\/wp-content\/uploads\/2023\/05\/banner-Politica-Comunicacion.jpg","width":1905,"height":450},{"@type":"BreadcrumbList","@id":"https:\/\/cunext.com\/de\/nachhaltigkeit\/richtlinie-fur-die-kommunikation-von-verstosen-und-anfragen\/#breadcrumb","itemListElement":[{"@type":"ListItem","position":1,"name":"Portada","item":"https:\/\/cunext.com\/de\/"},{"@type":"ListItem","position":2,"name":"Nachhaltigkeit","item":"https:\/\/cunext.com\/de\/nachhaltigkeit\/"},{"@type":"ListItem","position":3,"name":"Richtlinie f\u00fcr die Kommunikation von Verst\u00f6\u00dfen und Anfragen"}]},{"@type":"WebSite","@id":"https:\/\/cunext.com\/de\/#website","url":"https:\/\/cunext.com\/de\/","name":"Cunext","description":"Transformaci\u00f3n de cobre y aluminio","publisher":{"@id":"https:\/\/cunext.com\/de\/#organization"},"potentialAction":[{"@type":"SearchAction","target":{"@type":"EntryPoint","urlTemplate":"https:\/\/cunext.com\/de\/?s={search_term_string}"},"query-input":{"@type":"PropertyValueSpecification","valueRequired":true,"valueName":"search_term_string"}}],"inLanguage":"de"},{"@type":"Organization","@id":"https:\/\/cunext.com\/de\/#organization","name":"Cunext Group","url":"https:\/\/cunext.com\/de\/","logo":{"@type":"ImageObject","inLanguage":"de","@id":"https:\/\/cunext.com\/de\/#\/schema\/logo\/image\/","url":"https:\/\/cunext.com\/wp-content\/uploads\/2020\/04\/logo-cunext.png","contentUrl":"https:\/\/cunext.com\/wp-content\/uploads\/2020\/04\/logo-cunext.png","width":229,"height":57,"caption":"Cunext Group"},"image":{"@id":"https:\/\/cunext.com\/de\/#\/schema\/logo\/image\/"},"sameAs":["https:\/\/www.linkedin.com\/company\/cunext-copper-industries-sl\/"]}]}},"_links":{"self":[{"href":"https:\/\/cunext.com\/de\/wp-json\/wp\/v2\/pages\/4566","targetHints":{"allow":["GET"]}}],"collection":[{"href":"https:\/\/cunext.com\/de\/wp-json\/wp\/v2\/pages"}],"about":[{"href":"https:\/\/cunext.com\/de\/wp-json\/wp\/v2\/types\/page"}],"author":[{"embeddable":true,"href":"https:\/\/cunext.com\/de\/wp-json\/wp\/v2\/users\/6"}],"replies":[{"embeddable":true,"href":"https:\/\/cunext.com\/de\/wp-json\/wp\/v2\/comments?post=4566"}],"version-history":[{"count":2,"href":"https:\/\/cunext.com\/de\/wp-json\/wp\/v2\/pages\/4566\/revisions"}],"predecessor-version":[{"id":4783,"href":"https:\/\/cunext.com\/de\/wp-json\/wp\/v2\/pages\/4566\/revisions\/4783"}],"up":[{"embeddable":true,"href":"https:\/\/cunext.com\/de\/wp-json\/wp\/v2\/pages\/4613"}],"wp:featuredmedia":[{"embeddable":true,"href":"https:\/\/cunext.com\/de\/wp-json\/wp\/v2\/media\/4567"}],"wp:attachment":[{"href":"https:\/\/cunext.com\/de\/wp-json\/wp\/v2\/media?parent=4566"}],"curies":[{"name":"wp","href":"https:\/\/api.w.org\/{rel}","templated":true}]}}