{"id":4563,"date":"2024-04-08T11:19:18","date_gmt":"2024-04-08T10:19:18","guid":{"rendered":"https:\/\/cunext.com\/ethikkontaktstelle\/"},"modified":"2024-04-09T13:38:21","modified_gmt":"2024-04-09T12:38:21","slug":"ethikkontaktstelle","status":"publish","type":"page","link":"https:\/\/cunext.com\/de\/nachhaltigkeit\/ethikkontaktstelle\/","title":{"rendered":"Ethikkontaktstelle"},"content":{"rendered":"\r\n<h2 class=\"wp-block-heading\"><strong>KANAL ZUR MELDUNG VON VERST\u00d6\u00dfEN UND ANFRAGEN ZUM ETHIK- UND VERHALTENSKODEX.<\/strong><\/h2>\r\n\r\n\r\n<hr class=\"wp-block-separator has-text-color has-background is-style-default\" style=\"background-color: #a15d42; color: #a15d42;\" \/>\r\n\r\n\r\n<div class=\"wp-block-spacer\" style=\"height: 25px;\" aria-hidden=\"true\">\u00a0<\/div>\r\n\r\n\r\n\r\n<ul class=\"wp-block-list\">\r\n<li><span style=\"font-weight: 400;\">Die Cunext-Gruppe stellt interessierten Parteien einen Kanal zur Meldung von Verst\u00f6\u00dfen gegen den Ethik- und Verhaltenskodex sowie gegen interne Vorschriften sowie gegen jede Handlung oder Verhalten, die diesen widersprechen, zur Verf\u00fcgung. Dar\u00fcber hinaus k\u00f6nnen auch Verst\u00f6\u00dfe gegen nationale oder europ\u00e4ische Vorschriften sowie Handlungen oder Unterlassungen, die als schwere oder sehr schwere straf- oder verwaltungsrechtliche Verst\u00f6\u00dfe betrachtet werden k\u00f6nnten, gemeldet werden.<\/span><br \/><br \/><span style=\"font-weight: 400;\">Die Meldung von Verst\u00f6\u00dfen ist weit gefasst, das hei\u00dft, neben tats\u00e4chlich begangenen Verst\u00f6\u00dfen k\u00f6nnen auch begr\u00fcndete Verdachtsmomente und potenzielle Verst\u00f6\u00dfe gemeldet werden, von denen anzunehmen ist, dass sie auftreten werden.<\/span><br \/><br \/><span style=\"font-weight: 400;\">Meldungen zu rein arbeitsrechtlichen und personalpolitischen Fragen, die keine F\u00e4lle von Arbeitsplatzmobbing darstellen, m\u00fcssen \u00fcber die \u00fcblichen Kan\u00e4le jeder der Unternehmen, die die Cunext-Gruppe bilden, abgewickelt werden.<\/span><\/li>\r\n<\/ul>\r\n\r\n\r\n\r\n<ul class=\"wp-block-list\">\r\n<li><span style=\"font-weight: 400;\">Die Cunext-Gruppe garantiert die <span style=\"text-decoration: underline;\"><strong>Vertraulichkeit<\/strong><\/span> der Identit\u00e4t der Person, die die Meldung erstattet, sowie der von ihr betroffenen Personen in allen Phasen des Untersuchungs- und Sanktionsprozesses f\u00fcr den Versto\u00df. Die Identit\u00e4t der meldenden Person darf nur offengelegt werden, wenn eine gesetzliche Verpflichtung besteht, dies einer Justiz- oder Verwaltungsbeh\u00f6rde zu melden, oder wenn es unbedingt erforderlich ist, diese Informationen mit externen Beratern und anderen Dienstleistern der Cunext-Gruppe zu teilen, um den Betrieb des Ethikkanals sicherzustellen. Letztere m\u00fcssen dasselbe Vertraulichkeitsniveau wie intern angewendet aufweisen.<\/span><br \/><br \/><span style=\"font-weight: 400;\"><span style=\"text-decoration: underline;\"><strong>Anonyme Meldungen<\/strong><\/span> sind ebenfalls erlaubt und werden auf dieselbe Weise behandelt, wobei zu beachten ist, dass der Informant \u00fcber den Stand seiner Meldung oder den Ausgang der Untersuchung nicht informiert werden kann<\/span><br \/><br \/><span style=\"font-weight: 400;\">Die Cunext-Gruppe wird alle Meldungen mit absoluter Neutralit\u00e4t und ohne jegliche Vorurteile behandeln und keinerlei <span style=\"text-decoration: underline;\"><strong>Repressalien<\/strong><\/span> gegen Personen dulden, die den Ethikkanal in gutem Glauben nutzen.<\/span><\/li>\r\n<\/ul>\r\n\r\n\r\n\r\n<p><span style=\"font-weight: 400;\">Wenn Sie eine Meldung \u00fcber den Ethikkanal der Cunext-Gruppe machen m\u00f6chten, folgen Sie bitte diesem Link:<\/span>\u00a0<a style=\"text-decoration: underline; color: #a15d42;\" href=\"https:\/\/cunext.integrityline.com\/\" target=\"_blank\" rel=\"noopener\">cunext.integrityline.com <\/a><\/p>\r\n\r\n\r\n\r\n<div class=\"wp-block-spacer\" style=\"height: 50px;\" aria-hidden=\"true\">\u00a0<\/div>\r\n\r\n\r\n<!--[formulario-denuncia]-->","protected":false},"excerpt":{"rendered":"<p>KANAL ZUR MELDUNG VON VERST\u00d6\u00dfEN UND ANFRAGEN ZUM ETHIK- UND VERHALTENSKODEX. Die Cunext-Gruppe stellt interessierten Parteien einen Kanal zur Meldung von Verst\u00f6\u00dfen gegen den Ethik-&#8230;<\/p>\n","protected":false},"author":6,"featured_media":4564,"parent":4613,"menu_order":0,"comment_status":"closed","ping_status":"closed","template":"","meta":{"_acf_changed":false,"footnotes":""},"class_list":["post-4563","page","type-page","status-publish","has-post-thumbnail","hentry"],"acf":[],"yoast_head":"<!-- This site is optimized with the Yoast SEO plugin v27.4 - https:\/\/yoast.com\/product\/yoast-seo-wordpress\/ -->\n<title>Ethikkontaktstelle - Cunext<\/title>\n<meta name=\"description\" content=\"Die CUNEXT GROUP hat sich auf die Verarbeitung von Kupfer und Aluminium in h\u00f6chster Qualit\u00e4t spezialisiert und setzt dabei auf kontinuierliche Innovation und Entwicklung.\" \/>\n<meta name=\"robots\" content=\"index, follow, max-snippet:-1, max-image-preview:large, max-video-preview:-1\" \/>\n<link rel=\"canonical\" href=\"https:\/\/cunext.com\/de\/nachhaltigkeit\/ethikkontaktstelle\/\" \/>\n<meta property=\"og:locale\" content=\"de_DE\" \/>\n<meta property=\"og:type\" content=\"article\" \/>\n<meta property=\"og:title\" content=\"Ethikkontaktstelle - Cunext\" \/>\n<meta property=\"og:description\" content=\"Die CUNEXT GROUP hat sich auf die Verarbeitung von Kupfer und Aluminium in h\u00f6chster Qualit\u00e4t spezialisiert und setzt dabei auf kontinuierliche Innovation und Entwicklung.\" \/>\n<meta property=\"og:url\" content=\"https:\/\/cunext.com\/de\/nachhaltigkeit\/ethikkontaktstelle\/\" \/>\n<meta property=\"og:site_name\" content=\"Cunext\" \/>\n<meta property=\"article:modified_time\" content=\"2024-04-09T12:38:21+00:00\" \/>\n<meta property=\"og:image\" content=\"https:\/\/cunext.com\/wp-content\/uploads\/2020\/04\/cabecera-denuncuas.jpg\" \/>\n\t<meta property=\"og:image:width\" content=\"1600\" \/>\n\t<meta property=\"og:image:height\" content=\"378\" \/>\n\t<meta property=\"og:image:type\" content=\"image\/jpeg\" \/>\n<meta name=\"twitter:card\" content=\"summary_large_image\" \/>\n<meta name=\"twitter:label1\" content=\"Gesch\u00e4tzte Lesezeit\" \/>\n\t<meta name=\"twitter:data1\" content=\"2\u00a0Minuten\" \/>\n<script type=\"application\/ld+json\" class=\"yoast-schema-graph\">{\"@context\":\"https:\\\/\\\/schema.org\",\"@graph\":[{\"@type\":\"WebPage\",\"@id\":\"https:\\\/\\\/cunext.com\\\/de\\\/nachhaltigkeit\\\/ethikkontaktstelle\\\/\",\"url\":\"https:\\\/\\\/cunext.com\\\/de\\\/nachhaltigkeit\\\/ethikkontaktstelle\\\/\",\"name\":\"Ethikkontaktstelle - Cunext\",\"isPartOf\":{\"@id\":\"https:\\\/\\\/cunext.com\\\/de\\\/#website\"},\"primaryImageOfPage\":{\"@id\":\"https:\\\/\\\/cunext.com\\\/de\\\/nachhaltigkeit\\\/ethikkontaktstelle\\\/#primaryimage\"},\"image\":{\"@id\":\"https:\\\/\\\/cunext.com\\\/de\\\/nachhaltigkeit\\\/ethikkontaktstelle\\\/#primaryimage\"},\"thumbnailUrl\":\"https:\\\/\\\/cunext.com\\\/wp-content\\\/uploads\\\/2020\\\/04\\\/cabecera-denuncuas.jpg\",\"datePublished\":\"2024-04-08T10:19:18+00:00\",\"dateModified\":\"2024-04-09T12:38:21+00:00\",\"description\":\"Die CUNEXT GROUP hat sich auf die Verarbeitung von Kupfer und Aluminium in h\u00f6chster Qualit\u00e4t spezialisiert und setzt dabei auf kontinuierliche Innovation und Entwicklung.\",\"breadcrumb\":{\"@id\":\"https:\\\/\\\/cunext.com\\\/de\\\/nachhaltigkeit\\\/ethikkontaktstelle\\\/#breadcrumb\"},\"inLanguage\":\"de\",\"potentialAction\":[{\"@type\":\"ReadAction\",\"target\":[\"https:\\\/\\\/cunext.com\\\/de\\\/nachhaltigkeit\\\/ethikkontaktstelle\\\/\"]}]},{\"@type\":\"ImageObject\",\"inLanguage\":\"de\",\"@id\":\"https:\\\/\\\/cunext.com\\\/de\\\/nachhaltigkeit\\\/ethikkontaktstelle\\\/#primaryimage\",\"url\":\"https:\\\/\\\/cunext.com\\\/wp-content\\\/uploads\\\/2020\\\/04\\\/cabecera-denuncuas.jpg\",\"contentUrl\":\"https:\\\/\\\/cunext.com\\\/wp-content\\\/uploads\\\/2020\\\/04\\\/cabecera-denuncuas.jpg\",\"width\":1600,\"height\":378},{\"@type\":\"BreadcrumbList\",\"@id\":\"https:\\\/\\\/cunext.com\\\/de\\\/nachhaltigkeit\\\/ethikkontaktstelle\\\/#breadcrumb\",\"itemListElement\":[{\"@type\":\"ListItem\",\"position\":1,\"name\":\"Portada\",\"item\":\"https:\\\/\\\/cunext.com\\\/de\\\/\"},{\"@type\":\"ListItem\",\"position\":2,\"name\":\"Nachhaltigkeit\",\"item\":\"https:\\\/\\\/cunext.com\\\/de\\\/nachhaltigkeit\\\/\"},{\"@type\":\"ListItem\",\"position\":3,\"name\":\"Ethikkontaktstelle\"}]},{\"@type\":\"WebSite\",\"@id\":\"https:\\\/\\\/cunext.com\\\/de\\\/#website\",\"url\":\"https:\\\/\\\/cunext.com\\\/de\\\/\",\"name\":\"Cunext\",\"description\":\"Transformaci\u00f3n de cobre y aluminio\",\"publisher\":{\"@id\":\"https:\\\/\\\/cunext.com\\\/de\\\/#organization\"},\"potentialAction\":[{\"@type\":\"SearchAction\",\"target\":{\"@type\":\"EntryPoint\",\"urlTemplate\":\"https:\\\/\\\/cunext.com\\\/de\\\/?s={search_term_string}\"},\"query-input\":{\"@type\":\"PropertyValueSpecification\",\"valueRequired\":true,\"valueName\":\"search_term_string\"}}],\"inLanguage\":\"de\"},{\"@type\":\"Organization\",\"@id\":\"https:\\\/\\\/cunext.com\\\/de\\\/#organization\",\"name\":\"Cunext Group\",\"url\":\"https:\\\/\\\/cunext.com\\\/de\\\/\",\"logo\":{\"@type\":\"ImageObject\",\"inLanguage\":\"de\",\"@id\":\"https:\\\/\\\/cunext.com\\\/de\\\/#\\\/schema\\\/logo\\\/image\\\/\",\"url\":\"https:\\\/\\\/cunext.com\\\/wp-content\\\/uploads\\\/2020\\\/04\\\/logo-cunext.png\",\"contentUrl\":\"https:\\\/\\\/cunext.com\\\/wp-content\\\/uploads\\\/2020\\\/04\\\/logo-cunext.png\",\"width\":229,\"height\":57,\"caption\":\"Cunext Group\"},\"image\":{\"@id\":\"https:\\\/\\\/cunext.com\\\/de\\\/#\\\/schema\\\/logo\\\/image\\\/\"},\"sameAs\":[\"https:\\\/\\\/www.linkedin.com\\\/company\\\/cunext-copper-industries-sl\\\/\"]}]}<\/script>\n<!-- \/ Yoast SEO plugin. -->","yoast_head_json":{"title":"Ethikkontaktstelle - Cunext","description":"Die CUNEXT GROUP hat sich auf die Verarbeitung von Kupfer und Aluminium in h\u00f6chster Qualit\u00e4t spezialisiert und setzt dabei auf kontinuierliche Innovation und Entwicklung.","robots":{"index":"index","follow":"follow","max-snippet":"max-snippet:-1","max-image-preview":"max-image-preview:large","max-video-preview":"max-video-preview:-1"},"canonical":"https:\/\/cunext.com\/de\/nachhaltigkeit\/ethikkontaktstelle\/","og_locale":"de_DE","og_type":"article","og_title":"Ethikkontaktstelle - Cunext","og_description":"Die CUNEXT GROUP hat sich auf die Verarbeitung von Kupfer und Aluminium in h\u00f6chster Qualit\u00e4t spezialisiert und setzt dabei auf kontinuierliche Innovation und Entwicklung.","og_url":"https:\/\/cunext.com\/de\/nachhaltigkeit\/ethikkontaktstelle\/","og_site_name":"Cunext","article_modified_time":"2024-04-09T12:38:21+00:00","og_image":[{"width":1600,"height":378,"url":"https:\/\/cunext.com\/wp-content\/uploads\/2020\/04\/cabecera-denuncuas.jpg","type":"image\/jpeg"}],"twitter_card":"summary_large_image","twitter_misc":{"Gesch\u00e4tzte Lesezeit":"2\u00a0Minuten"},"schema":{"@context":"https:\/\/schema.org","@graph":[{"@type":"WebPage","@id":"https:\/\/cunext.com\/de\/nachhaltigkeit\/ethikkontaktstelle\/","url":"https:\/\/cunext.com\/de\/nachhaltigkeit\/ethikkontaktstelle\/","name":"Ethikkontaktstelle - Cunext","isPartOf":{"@id":"https:\/\/cunext.com\/de\/#website"},"primaryImageOfPage":{"@id":"https:\/\/cunext.com\/de\/nachhaltigkeit\/ethikkontaktstelle\/#primaryimage"},"image":{"@id":"https:\/\/cunext.com\/de\/nachhaltigkeit\/ethikkontaktstelle\/#primaryimage"},"thumbnailUrl":"https:\/\/cunext.com\/wp-content\/uploads\/2020\/04\/cabecera-denuncuas.jpg","datePublished":"2024-04-08T10:19:18+00:00","dateModified":"2024-04-09T12:38:21+00:00","description":"Die CUNEXT GROUP hat sich auf die Verarbeitung von Kupfer und Aluminium in h\u00f6chster Qualit\u00e4t spezialisiert und setzt dabei auf kontinuierliche Innovation und Entwicklung.","breadcrumb":{"@id":"https:\/\/cunext.com\/de\/nachhaltigkeit\/ethikkontaktstelle\/#breadcrumb"},"inLanguage":"de","potentialAction":[{"@type":"ReadAction","target":["https:\/\/cunext.com\/de\/nachhaltigkeit\/ethikkontaktstelle\/"]}]},{"@type":"ImageObject","inLanguage":"de","@id":"https:\/\/cunext.com\/de\/nachhaltigkeit\/ethikkontaktstelle\/#primaryimage","url":"https:\/\/cunext.com\/wp-content\/uploads\/2020\/04\/cabecera-denuncuas.jpg","contentUrl":"https:\/\/cunext.com\/wp-content\/uploads\/2020\/04\/cabecera-denuncuas.jpg","width":1600,"height":378},{"@type":"BreadcrumbList","@id":"https:\/\/cunext.com\/de\/nachhaltigkeit\/ethikkontaktstelle\/#breadcrumb","itemListElement":[{"@type":"ListItem","position":1,"name":"Portada","item":"https:\/\/cunext.com\/de\/"},{"@type":"ListItem","position":2,"name":"Nachhaltigkeit","item":"https:\/\/cunext.com\/de\/nachhaltigkeit\/"},{"@type":"ListItem","position":3,"name":"Ethikkontaktstelle"}]},{"@type":"WebSite","@id":"https:\/\/cunext.com\/de\/#website","url":"https:\/\/cunext.com\/de\/","name":"Cunext","description":"Transformaci\u00f3n de cobre y aluminio","publisher":{"@id":"https:\/\/cunext.com\/de\/#organization"},"potentialAction":[{"@type":"SearchAction","target":{"@type":"EntryPoint","urlTemplate":"https:\/\/cunext.com\/de\/?s={search_term_string}"},"query-input":{"@type":"PropertyValueSpecification","valueRequired":true,"valueName":"search_term_string"}}],"inLanguage":"de"},{"@type":"Organization","@id":"https:\/\/cunext.com\/de\/#organization","name":"Cunext Group","url":"https:\/\/cunext.com\/de\/","logo":{"@type":"ImageObject","inLanguage":"de","@id":"https:\/\/cunext.com\/de\/#\/schema\/logo\/image\/","url":"https:\/\/cunext.com\/wp-content\/uploads\/2020\/04\/logo-cunext.png","contentUrl":"https:\/\/cunext.com\/wp-content\/uploads\/2020\/04\/logo-cunext.png","width":229,"height":57,"caption":"Cunext Group"},"image":{"@id":"https:\/\/cunext.com\/de\/#\/schema\/logo\/image\/"},"sameAs":["https:\/\/www.linkedin.com\/company\/cunext-copper-industries-sl\/"]}]}},"_links":{"self":[{"href":"https:\/\/cunext.com\/de\/wp-json\/wp\/v2\/pages\/4563","targetHints":{"allow":["GET"]}}],"collection":[{"href":"https:\/\/cunext.com\/de\/wp-json\/wp\/v2\/pages"}],"about":[{"href":"https:\/\/cunext.com\/de\/wp-json\/wp\/v2\/types\/page"}],"author":[{"embeddable":true,"href":"https:\/\/cunext.com\/de\/wp-json\/wp\/v2\/users\/6"}],"replies":[{"embeddable":true,"href":"https:\/\/cunext.com\/de\/wp-json\/wp\/v2\/comments?post=4563"}],"version-history":[{"count":8,"href":"https:\/\/cunext.com\/de\/wp-json\/wp\/v2\/pages\/4563\/revisions"}],"predecessor-version":[{"id":4713,"href":"https:\/\/cunext.com\/de\/wp-json\/wp\/v2\/pages\/4563\/revisions\/4713"}],"up":[{"embeddable":true,"href":"https:\/\/cunext.com\/de\/wp-json\/wp\/v2\/pages\/4613"}],"wp:featuredmedia":[{"embeddable":true,"href":"https:\/\/cunext.com\/de\/wp-json\/wp\/v2\/media\/4564"}],"wp:attachment":[{"href":"https:\/\/cunext.com\/de\/wp-json\/wp\/v2\/media?parent=4563"}],"curies":[{"name":"wp","href":"https:\/\/api.w.org\/{rel}","templated":true}]}}