{"id":4541,"date":"2024-04-08T11:13:31","date_gmt":"2024-04-08T10:13:31","guid":{"rendered":"https:\/\/cunext.com\/esg-berichte\/"},"modified":"2025-09-29T08:36:50","modified_gmt":"2025-09-29T07:36:50","slug":"esg-berichte","status":"publish","type":"page","link":"https:\/\/cunext.com\/de\/nachhaltigkeit\/esg-berichte\/","title":{"rendered":"ESG-Berichte"},"content":{"rendered":"\n<div class=\"wp-block-columns fullWidthRsc is-layout-flex wp-container-core-columns-is-layout-28f84493 wp-block-columns-is-layout-flex\">\n<div class=\"wp-block-column fullWidthRsc is-layout-flow wp-block-column-is-layout-flow\" style=\"flex-basis:1100px\">\n<h2 class=\"wp-block-heading\"><strong>UNTERNEHMENSWEIT SOZIALE VERANTWORTUNG DER CUNEXT-GRUPPE<\/strong><\/h2>\n\n\n\n<p><strong>Durch die ESG-Berichte zeigen wir unser Engagement f\u00fcr Nachhaltigkeit, <\/strong>&nbsp;indem wir allen Interessengruppen klare und standardisierte Informationen \u00fcber unsere Aktivit\u00e4ten als Organisation aus verschiedenen Blickwinkeln liefern: Corporate Governance, Wirtschaft, Soziales und Umwelt.<\/p>\n\n\n\n<p>Sie k\u00f6nnen die neuesten Nachhaltigkeitsberichte unten einsehen:<\/p>\n<\/div>\n\n\n\n<div class=\"wp-block-column hideColumn is-layout-flow wp-block-column-is-layout-flow\"><\/div>\n<\/div>\n\n\n\n<div class=\"wp-block-columns is-layout-flex wp-container-core-columns-is-layout-28f84493 wp-block-columns-is-layout-flex\">\n<div class=\"wp-block-column is-layout-flow wp-block-column-is-layout-flow\" style=\"flex-basis:20%\"><div class=\"wp-block-image\">\n<figure class=\"aligncenter size-full is-resized\"><img loading=\"lazy\" decoding=\"async\" width=\"400\" height=\"400\" src=\"https:\/\/cunext.com\/wp-content\/uploads\/2025\/07\/Cunext-Group_Memoria-Sostenibilidad-EINF-2024.jpg\" alt=\"\" class=\"wp-image-5642\" style=\"width:300px\" srcset=\"https:\/\/cunext.com\/wp-content\/uploads\/2025\/07\/Cunext-Group_Memoria-Sostenibilidad-EINF-2024.jpg 400w, https:\/\/cunext.com\/wp-content\/uploads\/2025\/07\/Cunext-Group_Memoria-Sostenibilidad-EINF-2024-300x300.jpg 300w, https:\/\/cunext.com\/wp-content\/uploads\/2025\/07\/Cunext-Group_Memoria-Sostenibilidad-EINF-2024-150x150.jpg 150w\" sizes=\"auto, (max-width: 400px) 100vw, 400px\" \/><\/figure><\/div>\n\n\n<p class=\"has-text-align-center\">Bericht EINF 2024<\/p>\n<\/div>\n\n\n\n<div class=\"wp-block-column is-layout-flow wp-block-column-is-layout-flow\" style=\"flex-basis:20%\"><div class=\"wp-block-image\">\n<figure class=\"aligncenter size-full is-resized\"><a href=\"https:\/\/cunext.com\/wp-content\/uploads\/2024\/09\/CUNEXT_EINF_en-GB.pdf\"><img loading=\"lazy\" decoding=\"async\" width=\"400\" height=\"400\" src=\"https:\/\/cunext.com\/wp-content\/uploads\/2024\/09\/Cunext-Group_Memoria-Sostenibilidad-EINF-2023.jpg\" alt=\"\" class=\"wp-image-5207\" style=\"width:300px\" srcset=\"https:\/\/cunext.com\/wp-content\/uploads\/2024\/09\/Cunext-Group_Memoria-Sostenibilidad-EINF-2023.jpg 400w, https:\/\/cunext.com\/wp-content\/uploads\/2024\/09\/Cunext-Group_Memoria-Sostenibilidad-EINF-2023-300x300.jpg 300w, https:\/\/cunext.com\/wp-content\/uploads\/2024\/09\/Cunext-Group_Memoria-Sostenibilidad-EINF-2023-150x150.jpg 150w\" sizes=\"auto, (max-width: 400px) 100vw, 400px\" \/><\/a><\/figure><\/div>\n\n\n<p class=\"has-text-align-center\">Bericht EINF 2023<\/p>\n<\/div>\n\n\n\n<div class=\"wp-block-column is-layout-flow wp-block-column-is-layout-flow\" style=\"flex-basis:20%\">\n<div class=\"wp-block-column is-layout-flow wp-block-column-is-layout-flow\"><div class=\"wp-block-image is-resized\">\n<figure class=\"aligncenter size-full\"><a href=\"https:\/\/cunext.com\/wp-content\/uploads\/2025\/07\/EINF-2022-English.pdf\" target=\"_blank\" rel=\"noopener\"><img decoding=\"async\" src=\"https:\/\/cunext.com\/wp-content\/uploads\/2023\/07\/Cunext-Group_Memoria-Sostenibilidad-EINF-2022-ES.jpg\" alt=\"\" class=\"wp-image-3568\" style=\"width:300px\"\/><\/a><\/figure><\/div>\n\n\n<p class=\"has-text-align-center\"><span style=\"font-weight: 400;\">Bericht<\/span> EINF 2022<\/p>\n<\/div>\n<\/div>\n\n\n\n<div class=\"wp-block-column is-layout-flow wp-block-column-is-layout-flow\"><div class=\"wp-block-image is-resized\">\n<figure class=\"aligncenter size-full\"><a href=\"https:\/\/cunext.com\/wp-content\/uploads\/2022\/07\/Cunext-Group-Memoria-Sostenibilidad-EINF-2021-1.pdf\" target=\"_blank\" rel=\"noopener\"><img decoding=\"async\" src=\"https:\/\/cunext.com\/wp-content\/uploads\/2022\/07\/Cunext-Group_Memoria-Sostenibilidad-EINF-2021-ES.jpg\" alt=\"\" class=\"wp-image-3568\" style=\"width:300px\"\/><\/a><\/figure><\/div>\n\n\n<p class=\"has-text-align-center\"><span style=\"font-weight: 400;\">Bericht<\/span> EINF 2021<\/p>\n<\/div>\n\n\n\n<div class=\"wp-block-column is-layout-flow wp-block-column-is-layout-flow\"><div class=\"wp-block-image is-resized\">\n<figure class=\"aligncenter size-full\"><a href=\"https:\/\/cunext.com\/wp-content\/uploads\/2022\/02\/Cunext-Group-Memoria-Sostenibilidad-2019-2020-1.pdf\" target=\"_blank\" rel=\"noopener\"><img loading=\"lazy\" decoding=\"async\" width=\"400\" height=\"400\" src=\"https:\/\/cunext.com\/wp-content\/uploads\/2022\/02\/Cunext-Group-Memoria-de-Sostenibilidad-2019-2020.png\" alt=\"\" class=\"wp-image-3568\" style=\"width:300px\" srcset=\"https:\/\/cunext.com\/wp-content\/uploads\/2022\/02\/Cunext-Group-Memoria-de-Sostenibilidad-2019-2020.png 400w, https:\/\/cunext.com\/wp-content\/uploads\/2022\/02\/Cunext-Group-Memoria-de-Sostenibilidad-2019-2020-300x300.png 300w, https:\/\/cunext.com\/wp-content\/uploads\/2022\/02\/Cunext-Group-Memoria-de-Sostenibilidad-2019-2020-150x150.png 150w\" sizes=\"auto, (max-width: 400px) 100vw, 400px\" \/><\/a><\/figure><\/div>\n\n\n<p class=\"has-text-align-center\"><span style=\"font-weight: 400;\">Bericht<\/span> 2019 &#8211; 2020<\/p>\n<\/div>\n<\/div>\n\n\n\n<div class=\"wp-block-columns is-layout-flex wp-container-core-columns-is-layout-28f84493 wp-block-columns-is-layout-flex\">\n<div class=\"wp-block-column is-layout-flow wp-block-column-is-layout-flow\"><div class=\"wp-block-image is-resized\">\n<figure class=\"aligncenter size-full\"><a href=\"https:\/\/cunext.com\/wp-content\/uploads\/2021\/10\/Cunext-Group_MemoriaRSC2017_2018.pdf\" target=\"_blank\" rel=\"noopener\"><img loading=\"lazy\" decoding=\"async\" width=\"400\" height=\"400\" src=\"https:\/\/cunext.com\/wp-content\/uploads\/2021\/08\/Cunext-Group_Memoria-RSC-2018.png\" alt=\"\" class=\"wp-image-3365\" style=\"width:300px\" srcset=\"https:\/\/cunext.com\/wp-content\/uploads\/2021\/08\/Cunext-Group_Memoria-RSC-2018.png 400w, https:\/\/cunext.com\/wp-content\/uploads\/2021\/08\/Cunext-Group_Memoria-RSC-2018-300x300.png 300w, https:\/\/cunext.com\/wp-content\/uploads\/2021\/08\/Cunext-Group_Memoria-RSC-2018-150x150.png 150w\" sizes=\"auto, (max-width: 400px) 100vw, 400px\" \/><\/a><\/figure><\/div>\n\n\n<p class=\"has-text-align-center\"><span style=\"font-weight: 400;\">Bericht<\/span> 2017 &#8211; 2018<\/p>\n<\/div>\n\n\n\n<div class=\"wp-block-column is-layout-flow wp-block-column-is-layout-flow\"><div class=\"wp-block-image is-resized\">\n<figure class=\"aligncenter size-full\"><a href=\"https:\/\/cunext.com\/wp-content\/uploads\/2021\/08\/Cunext-Group_MemoriaRSC2016.pdf\" target=\"_blank\" rel=\"noopener\"><img loading=\"lazy\" decoding=\"async\" width=\"400\" height=\"400\" src=\"https:\/\/cunext.com\/wp-content\/uploads\/2021\/08\/Cunext-Group_Memoria-RSC-2016.png\" alt=\"\" class=\"wp-image-3373\" style=\"width:300px\" srcset=\"https:\/\/cunext.com\/wp-content\/uploads\/2021\/08\/Cunext-Group_Memoria-RSC-2016.png 400w, https:\/\/cunext.com\/wp-content\/uploads\/2021\/08\/Cunext-Group_Memoria-RSC-2016-300x300.png 300w, https:\/\/cunext.com\/wp-content\/uploads\/2021\/08\/Cunext-Group_Memoria-RSC-2016-150x150.png 150w\" sizes=\"auto, (max-width: 400px) 100vw, 400px\" \/><\/a><\/figure><\/div>\n\n\n<p class=\"has-text-align-center\"><span style=\"font-weight: 400;\">Bericht<\/span> 2016<\/p>\n<\/div>\n\n\n\n<div class=\"wp-block-column is-layout-flow wp-block-column-is-layout-flow\"><div class=\"wp-block-image is-resized\">\n<figure class=\"aligncenter size-full\"><a href=\"https:\/\/cunext.com\/wp-content\/uploads\/2021\/08\/Cunext-Group_MemoriaRSC2015.pdf\" target=\"_blank\" rel=\"noopener\"><img loading=\"lazy\" decoding=\"async\" width=\"400\" height=\"400\" src=\"https:\/\/cunext.com\/wp-content\/uploads\/2021\/08\/Cunext-Group_Memoria-RSC-2015.png\" alt=\"\" class=\"wp-image-3369\" style=\"width:300px\" srcset=\"https:\/\/cunext.com\/wp-content\/uploads\/2021\/08\/Cunext-Group_Memoria-RSC-2015.png 400w, https:\/\/cunext.com\/wp-content\/uploads\/2021\/08\/Cunext-Group_Memoria-RSC-2015-300x300.png 300w, https:\/\/cunext.com\/wp-content\/uploads\/2021\/08\/Cunext-Group_Memoria-RSC-2015-150x150.png 150w\" sizes=\"auto, (max-width: 400px) 100vw, 400px\" \/><\/a><\/figure><\/div>\n\n\n<p class=\"has-text-align-center\"><span style=\"font-weight: 400;\">Bericht<\/span> 2015<\/p>\n<\/div>\n\n\n\n<div class=\"wp-block-column is-layout-flow wp-block-column-is-layout-flow\" style=\"flex-basis:20%\"><\/div>\n\n\n\n<div class=\"wp-block-column is-layout-flow wp-block-column-is-layout-flow\" style=\"flex-basis:20%\"><\/div>\n<\/div>\n\n\n<p>&nbsp;<\/p>\n<p><!-- \/wp:post-content --><\/p>","protected":false},"excerpt":{"rendered":"<p>UNTERNEHMENSWEIT SOZIALE VERANTWORTUNG DER CUNEXT-GRUPPE Durch die ESG-Berichte zeigen wir unser Engagement f\u00fcr Nachhaltigkeit, &nbsp;indem wir allen Interessengruppen klare und standardisierte Informationen \u00fcber unsere Aktivit\u00e4ten&#8230;<\/p>\n","protected":false},"author":6,"featured_media":4545,"parent":4613,"menu_order":0,"comment_status":"closed","ping_status":"closed","template":"","meta":{"_acf_changed":false,"footnotes":""},"class_list":["post-4541","page","type-page","status-publish","has-post-thumbnail","hentry"],"acf":[],"yoast_head":"<!-- This site is optimized with the Yoast SEO plugin v27.5 - https:\/\/yoast.com\/product\/yoast-seo-wordpress\/ -->\n<title>ESG-Berichte - Cunext<\/title>\n<meta name=\"description\" content=\"Die CUNEXT GROUP hat sich auf die Verarbeitung von Kupfer und Aluminium in h\u00f6chster Qualit\u00e4t spezialisiert und setzt dabei auf kontinuierliche Innovation und Entwicklung.\" \/>\n<meta name=\"robots\" content=\"index, follow, max-snippet:-1, max-image-preview:large, max-video-preview:-1\" \/>\n<link rel=\"canonical\" href=\"https:\/\/cunext.com\/de\/nachhaltigkeit\/esg-berichte\/\" \/>\n<meta property=\"og:locale\" content=\"de_DE\" \/>\n<meta property=\"og:type\" content=\"article\" \/>\n<meta property=\"og:title\" content=\"ESG-Berichte - Cunext\" \/>\n<meta property=\"og:description\" content=\"Die CUNEXT GROUP hat sich auf die Verarbeitung von Kupfer und Aluminium in h\u00f6chster Qualit\u00e4t spezialisiert und setzt dabei auf kontinuierliche Innovation und Entwicklung.\" \/>\n<meta property=\"og:url\" content=\"https:\/\/cunext.com\/de\/nachhaltigkeit\/esg-berichte\/\" \/>\n<meta property=\"og:site_name\" content=\"Cunext\" \/>\n<meta property=\"article:modified_time\" content=\"2025-09-29T07:36:50+00:00\" \/>\n<meta property=\"og:image\" content=\"https:\/\/cunext.com\/wp-content\/uploads\/2021\/08\/Cunext-Group_Memorias-Sostenibilidad.jpg\" \/>\n\t<meta property=\"og:image:width\" content=\"1920\" \/>\n\t<meta property=\"og:image:height\" content=\"704\" \/>\n\t<meta property=\"og:image:type\" content=\"image\/jpeg\" \/>\n<meta name=\"twitter:card\" content=\"summary_large_image\" \/>\n<meta name=\"twitter:label1\" content=\"Gesch\u00e4tzte Lesezeit\" \/>\n\t<meta name=\"twitter:data1\" content=\"3\u00a0Minuten\" \/>\n<script type=\"application\/ld+json\" class=\"yoast-schema-graph\">{\"@context\":\"https:\\\/\\\/schema.org\",\"@graph\":[{\"@type\":\"WebPage\",\"@id\":\"https:\\\/\\\/cunext.com\\\/de\\\/nachhaltigkeit\\\/esg-berichte\\\/\",\"url\":\"https:\\\/\\\/cunext.com\\\/de\\\/nachhaltigkeit\\\/esg-berichte\\\/\",\"name\":\"ESG-Berichte - Cunext\",\"isPartOf\":{\"@id\":\"https:\\\/\\\/cunext.com\\\/de\\\/#website\"},\"primaryImageOfPage\":{\"@id\":\"https:\\\/\\\/cunext.com\\\/de\\\/nachhaltigkeit\\\/esg-berichte\\\/#primaryimage\"},\"image\":{\"@id\":\"https:\\\/\\\/cunext.com\\\/de\\\/nachhaltigkeit\\\/esg-berichte\\\/#primaryimage\"},\"thumbnailUrl\":\"https:\\\/\\\/cunext.com\\\/wp-content\\\/uploads\\\/2021\\\/08\\\/Cunext-Group_Memorias-Sostenibilidad.jpg\",\"datePublished\":\"2024-04-08T10:13:31+00:00\",\"dateModified\":\"2025-09-29T07:36:50+00:00\",\"description\":\"Die CUNEXT GROUP hat sich auf die Verarbeitung von Kupfer und Aluminium in h\u00f6chster Qualit\u00e4t spezialisiert und setzt dabei auf kontinuierliche Innovation und Entwicklung.\",\"breadcrumb\":{\"@id\":\"https:\\\/\\\/cunext.com\\\/de\\\/nachhaltigkeit\\\/esg-berichte\\\/#breadcrumb\"},\"inLanguage\":\"de\",\"potentialAction\":[{\"@type\":\"ReadAction\",\"target\":[\"https:\\\/\\\/cunext.com\\\/de\\\/nachhaltigkeit\\\/esg-berichte\\\/\"]}]},{\"@type\":\"ImageObject\",\"inLanguage\":\"de\",\"@id\":\"https:\\\/\\\/cunext.com\\\/de\\\/nachhaltigkeit\\\/esg-berichte\\\/#primaryimage\",\"url\":\"https:\\\/\\\/cunext.com\\\/wp-content\\\/uploads\\\/2021\\\/08\\\/Cunext-Group_Memorias-Sostenibilidad.jpg\",\"contentUrl\":\"https:\\\/\\\/cunext.com\\\/wp-content\\\/uploads\\\/2021\\\/08\\\/Cunext-Group_Memorias-Sostenibilidad.jpg\",\"width\":1920,\"height\":704},{\"@type\":\"BreadcrumbList\",\"@id\":\"https:\\\/\\\/cunext.com\\\/de\\\/nachhaltigkeit\\\/esg-berichte\\\/#breadcrumb\",\"itemListElement\":[{\"@type\":\"ListItem\",\"position\":1,\"name\":\"Portada\",\"item\":\"https:\\\/\\\/cunext.com\\\/de\\\/\"},{\"@type\":\"ListItem\",\"position\":2,\"name\":\"Nachhaltigkeit\",\"item\":\"https:\\\/\\\/cunext.com\\\/de\\\/nachhaltigkeit\\\/\"},{\"@type\":\"ListItem\",\"position\":3,\"name\":\"ESG-Berichte\"}]},{\"@type\":\"WebSite\",\"@id\":\"https:\\\/\\\/cunext.com\\\/de\\\/#website\",\"url\":\"https:\\\/\\\/cunext.com\\\/de\\\/\",\"name\":\"Cunext\",\"description\":\"Transformaci\u00f3n de cobre y aluminio\",\"publisher\":{\"@id\":\"https:\\\/\\\/cunext.com\\\/de\\\/#organization\"},\"potentialAction\":[{\"@type\":\"SearchAction\",\"target\":{\"@type\":\"EntryPoint\",\"urlTemplate\":\"https:\\\/\\\/cunext.com\\\/de\\\/?s={search_term_string}\"},\"query-input\":{\"@type\":\"PropertyValueSpecification\",\"valueRequired\":true,\"valueName\":\"search_term_string\"}}],\"inLanguage\":\"de\"},{\"@type\":\"Organization\",\"@id\":\"https:\\\/\\\/cunext.com\\\/de\\\/#organization\",\"name\":\"Cunext Group\",\"url\":\"https:\\\/\\\/cunext.com\\\/de\\\/\",\"logo\":{\"@type\":\"ImageObject\",\"inLanguage\":\"de\",\"@id\":\"https:\\\/\\\/cunext.com\\\/de\\\/#\\\/schema\\\/logo\\\/image\\\/\",\"url\":\"https:\\\/\\\/cunext.com\\\/wp-content\\\/uploads\\\/2020\\\/04\\\/logo-cunext.png\",\"contentUrl\":\"https:\\\/\\\/cunext.com\\\/wp-content\\\/uploads\\\/2020\\\/04\\\/logo-cunext.png\",\"width\":229,\"height\":57,\"caption\":\"Cunext Group\"},\"image\":{\"@id\":\"https:\\\/\\\/cunext.com\\\/de\\\/#\\\/schema\\\/logo\\\/image\\\/\"},\"sameAs\":[\"https:\\\/\\\/www.linkedin.com\\\/company\\\/cunext-copper-industries-sl\\\/\"]}]}<\/script>\n<!-- \/ Yoast SEO plugin. -->","yoast_head_json":{"title":"ESG-Berichte - Cunext","description":"Die CUNEXT GROUP hat sich auf die Verarbeitung von Kupfer und Aluminium in h\u00f6chster Qualit\u00e4t spezialisiert und setzt dabei auf kontinuierliche Innovation und Entwicklung.","robots":{"index":"index","follow":"follow","max-snippet":"max-snippet:-1","max-image-preview":"max-image-preview:large","max-video-preview":"max-video-preview:-1"},"canonical":"https:\/\/cunext.com\/de\/nachhaltigkeit\/esg-berichte\/","og_locale":"de_DE","og_type":"article","og_title":"ESG-Berichte - Cunext","og_description":"Die CUNEXT GROUP hat sich auf die Verarbeitung von Kupfer und Aluminium in h\u00f6chster Qualit\u00e4t spezialisiert und setzt dabei auf kontinuierliche Innovation und Entwicklung.","og_url":"https:\/\/cunext.com\/de\/nachhaltigkeit\/esg-berichte\/","og_site_name":"Cunext","article_modified_time":"2025-09-29T07:36:50+00:00","og_image":[{"width":1920,"height":704,"url":"https:\/\/cunext.com\/wp-content\/uploads\/2021\/08\/Cunext-Group_Memorias-Sostenibilidad.jpg","type":"image\/jpeg"}],"twitter_card":"summary_large_image","twitter_misc":{"Gesch\u00e4tzte Lesezeit":"3\u00a0Minuten"},"schema":{"@context":"https:\/\/schema.org","@graph":[{"@type":"WebPage","@id":"https:\/\/cunext.com\/de\/nachhaltigkeit\/esg-berichte\/","url":"https:\/\/cunext.com\/de\/nachhaltigkeit\/esg-berichte\/","name":"ESG-Berichte - Cunext","isPartOf":{"@id":"https:\/\/cunext.com\/de\/#website"},"primaryImageOfPage":{"@id":"https:\/\/cunext.com\/de\/nachhaltigkeit\/esg-berichte\/#primaryimage"},"image":{"@id":"https:\/\/cunext.com\/de\/nachhaltigkeit\/esg-berichte\/#primaryimage"},"thumbnailUrl":"https:\/\/cunext.com\/wp-content\/uploads\/2021\/08\/Cunext-Group_Memorias-Sostenibilidad.jpg","datePublished":"2024-04-08T10:13:31+00:00","dateModified":"2025-09-29T07:36:50+00:00","description":"Die CUNEXT GROUP hat sich auf die Verarbeitung von Kupfer und Aluminium in h\u00f6chster Qualit\u00e4t spezialisiert und setzt dabei auf kontinuierliche Innovation und Entwicklung.","breadcrumb":{"@id":"https:\/\/cunext.com\/de\/nachhaltigkeit\/esg-berichte\/#breadcrumb"},"inLanguage":"de","potentialAction":[{"@type":"ReadAction","target":["https:\/\/cunext.com\/de\/nachhaltigkeit\/esg-berichte\/"]}]},{"@type":"ImageObject","inLanguage":"de","@id":"https:\/\/cunext.com\/de\/nachhaltigkeit\/esg-berichte\/#primaryimage","url":"https:\/\/cunext.com\/wp-content\/uploads\/2021\/08\/Cunext-Group_Memorias-Sostenibilidad.jpg","contentUrl":"https:\/\/cunext.com\/wp-content\/uploads\/2021\/08\/Cunext-Group_Memorias-Sostenibilidad.jpg","width":1920,"height":704},{"@type":"BreadcrumbList","@id":"https:\/\/cunext.com\/de\/nachhaltigkeit\/esg-berichte\/#breadcrumb","itemListElement":[{"@type":"ListItem","position":1,"name":"Portada","item":"https:\/\/cunext.com\/de\/"},{"@type":"ListItem","position":2,"name":"Nachhaltigkeit","item":"https:\/\/cunext.com\/de\/nachhaltigkeit\/"},{"@type":"ListItem","position":3,"name":"ESG-Berichte"}]},{"@type":"WebSite","@id":"https:\/\/cunext.com\/de\/#website","url":"https:\/\/cunext.com\/de\/","name":"Cunext","description":"Transformaci\u00f3n de cobre y aluminio","publisher":{"@id":"https:\/\/cunext.com\/de\/#organization"},"potentialAction":[{"@type":"SearchAction","target":{"@type":"EntryPoint","urlTemplate":"https:\/\/cunext.com\/de\/?s={search_term_string}"},"query-input":{"@type":"PropertyValueSpecification","valueRequired":true,"valueName":"search_term_string"}}],"inLanguage":"de"},{"@type":"Organization","@id":"https:\/\/cunext.com\/de\/#organization","name":"Cunext Group","url":"https:\/\/cunext.com\/de\/","logo":{"@type":"ImageObject","inLanguage":"de","@id":"https:\/\/cunext.com\/de\/#\/schema\/logo\/image\/","url":"https:\/\/cunext.com\/wp-content\/uploads\/2020\/04\/logo-cunext.png","contentUrl":"https:\/\/cunext.com\/wp-content\/uploads\/2020\/04\/logo-cunext.png","width":229,"height":57,"caption":"Cunext Group"},"image":{"@id":"https:\/\/cunext.com\/de\/#\/schema\/logo\/image\/"},"sameAs":["https:\/\/www.linkedin.com\/company\/cunext-copper-industries-sl\/"]}]}},"_links":{"self":[{"href":"https:\/\/cunext.com\/de\/wp-json\/wp\/v2\/pages\/4541","targetHints":{"allow":["GET"]}}],"collection":[{"href":"https:\/\/cunext.com\/de\/wp-json\/wp\/v2\/pages"}],"about":[{"href":"https:\/\/cunext.com\/de\/wp-json\/wp\/v2\/types\/page"}],"author":[{"embeddable":true,"href":"https:\/\/cunext.com\/de\/wp-json\/wp\/v2\/users\/6"}],"replies":[{"embeddable":true,"href":"https:\/\/cunext.com\/de\/wp-json\/wp\/v2\/comments?post=4541"}],"version-history":[{"count":9,"href":"https:\/\/cunext.com\/de\/wp-json\/wp\/v2\/pages\/4541\/revisions"}],"predecessor-version":[{"id":5867,"href":"https:\/\/cunext.com\/de\/wp-json\/wp\/v2\/pages\/4541\/revisions\/5867"}],"up":[{"embeddable":true,"href":"https:\/\/cunext.com\/de\/wp-json\/wp\/v2\/pages\/4613"}],"wp:featuredmedia":[{"embeddable":true,"href":"https:\/\/cunext.com\/de\/wp-json\/wp\/v2\/media\/4545"}],"wp:attachment":[{"href":"https:\/\/cunext.com\/de\/wp-json\/wp\/v2\/media?parent=4541"}],"curies":[{"name":"wp","href":"https:\/\/api.w.org\/{rel}","templated":true}]}}