{"id":4521,"date":"2024-04-08T10:33:56","date_gmt":"2024-04-08T09:33:56","guid":{"rendered":"https:\/\/cunext.com\/zugelassener-wirtschaftlicher-beteiligter\/"},"modified":"2024-04-09T16:27:24","modified_gmt":"2024-04-09T15:27:24","slug":"zugelassener-wirtschaftlicher-beteiligter","status":"publish","type":"page","link":"https:\/\/cunext.com\/de\/zertifikate\/zugelassener-wirtschaftlicher-beteiligter\/","title":{"rendered":"Zugelassener Wirtschaftlicher Beteiligter"},"content":{"rendered":"\r\n<h2 class=\"wp-block-heading\"> Cunext Group. CUNEXT GROUP. ZUGELASSENER WIRTSCHAFTLICHER BETEILIGTER &#8211; OEA <\/h2>\r\n\r\n\r\n\r\n<hr class=\"wp-block-separator has-text-color has-background is-style-default\" style=\"background-color:#a15d42;color:#a15d42\">\r\n\r\n\r\n\r\n<p>Die Sicherheit im internationalen Handel ist ein strategischer Faktor f\u00fcr Cunext. Ziel ist es, strenge und effektive Ma\u00dfnahmen f\u00fcr die Behandlung von Waren anzuwenden und gleichzeitig ihren Transit zu erleichtern. <\/p>\r\n\r\n\r\n\r\n<p>Als Antwort auf die Notwendigkeit, Sicherheit und Handelsfreundlichkeit in Einklang zu bringen, wurde die Figur des Zugelassenen Wirtschaftlichen Beteiligten &#8211; OEA eingef\u00fchrt, ein international anerkanntes Qualit\u00e4tssiegel, das bescheinigt, dass die Rolle des Unternehmens in der internationalen Lieferkette sicherer ist und dass seine Kontrollen und Verfahren den Zollvorschriften entsprechen.<\/p>\r\n\r\n\r\n\r\n<p>Die Erlangung dieses Zertifikats qualifiziert die Cunext-Gruppe als sicheren und vertrauensw\u00fcrdigen <strong>internationalen<\/strong> Betreiber und best\u00e4tigt, dass die Rolle des Unternehmens in der internationalen Lieferkette sicherer ist und dass seine Kontrollen und Verfahren den Zollvorschriften entsprechen.<\/p>\r\n\r\n\r\n\r\n<div style=\"height:44px\" aria-hidden=\"true\" class=\"wp-block-spacer\"><\/div>\r\n\r\n\r\n\r\n<div class=\"wp-block-image\"><figure class=\"aligncenter size-large\"><img loading=\"lazy\" decoding=\"async\" width=\"300\" height=\"192\" src=\"https:\/\/cunext.com\/wp-content\/uploads\/2020\/01\/aeo-300x192-1.jpg\" alt=\"Zertifikat f\u00fcr einen zugelassenen Wirtschaftsbeteiligten\" class=\"wp-image-566\"><\/figure><\/div>\r\n","protected":false},"excerpt":{"rendered":"<p>Cunext Group. CUNEXT GROUP. ZUGELASSENER WIRTSCHAFTLICHER BETEILIGTER &#8211; OEA Die Sicherheit im internationalen Handel ist ein strategischer Faktor f\u00fcr Cunext. Ziel ist es, strenge und&#8230;<\/p>\n","protected":false},"author":6,"featured_media":4523,"parent":4628,"menu_order":0,"comment_status":"closed","ping_status":"closed","template":"","meta":{"_acf_changed":false,"footnotes":""},"class_list":["post-4521","page","type-page","status-publish","has-post-thumbnail","hentry"],"acf":[],"yoast_head":"<!-- This site is optimized with the Yoast SEO plugin v27.5 - https:\/\/yoast.com\/product\/yoast-seo-wordpress\/ -->\n<title>Zugelassener Wirtschaftlicher Beteiligter - Cunext<\/title>\n<meta name=\"description\" content=\"Die CUNEXT GROUP hat sich auf die Verarbeitung von Kupfer und Aluminium in h\u00f6chster Qualit\u00e4t spezialisiert und setzt dabei auf kontinuierliche Innovation und Entwicklung.\" \/>\n<meta name=\"robots\" content=\"index, follow, max-snippet:-1, max-image-preview:large, max-video-preview:-1\" \/>\n<link rel=\"canonical\" href=\"https:\/\/cunext.com\/de\/zertifikate\/zugelassener-wirtschaftlicher-beteiligter\/\" \/>\n<meta property=\"og:locale\" content=\"de_DE\" \/>\n<meta property=\"og:type\" content=\"article\" \/>\n<meta property=\"og:title\" content=\"Zugelassener Wirtschaftlicher Beteiligter - Cunext\" \/>\n<meta property=\"og:description\" content=\"Die CUNEXT GROUP hat sich auf die Verarbeitung von Kupfer und Aluminium in h\u00f6chster Qualit\u00e4t spezialisiert und setzt dabei auf kontinuierliche Innovation und Entwicklung.\" \/>\n<meta property=\"og:url\" content=\"https:\/\/cunext.com\/de\/zertifikate\/zugelassener-wirtschaftlicher-beteiligter\/\" \/>\n<meta property=\"og:site_name\" content=\"Cunext\" \/>\n<meta property=\"article:modified_time\" content=\"2024-04-09T15:27:24+00:00\" \/>\n<meta property=\"og:image\" content=\"https:\/\/cunext.com\/wp-content\/uploads\/2020\/04\/cabecera_oea.jpg\" \/>\n\t<meta property=\"og:image:width\" content=\"1600\" \/>\n\t<meta property=\"og:image:height\" content=\"378\" \/>\n\t<meta property=\"og:image:type\" content=\"image\/jpeg\" \/>\n<meta name=\"twitter:card\" content=\"summary_large_image\" \/>\n<meta name=\"twitter:label1\" content=\"Gesch\u00e4tzte Lesezeit\" \/>\n\t<meta name=\"twitter:data1\" content=\"1\u00a0Minute\" \/>\n<script type=\"application\/ld+json\" class=\"yoast-schema-graph\">{\"@context\":\"https:\\\/\\\/schema.org\",\"@graph\":[{\"@type\":\"WebPage\",\"@id\":\"https:\\\/\\\/cunext.com\\\/de\\\/zertifikate\\\/zugelassener-wirtschaftlicher-beteiligter\\\/\",\"url\":\"https:\\\/\\\/cunext.com\\\/de\\\/zertifikate\\\/zugelassener-wirtschaftlicher-beteiligter\\\/\",\"name\":\"Zugelassener Wirtschaftlicher Beteiligter - Cunext\",\"isPartOf\":{\"@id\":\"https:\\\/\\\/cunext.com\\\/de\\\/#website\"},\"primaryImageOfPage\":{\"@id\":\"https:\\\/\\\/cunext.com\\\/de\\\/zertifikate\\\/zugelassener-wirtschaftlicher-beteiligter\\\/#primaryimage\"},\"image\":{\"@id\":\"https:\\\/\\\/cunext.com\\\/de\\\/zertifikate\\\/zugelassener-wirtschaftlicher-beteiligter\\\/#primaryimage\"},\"thumbnailUrl\":\"https:\\\/\\\/cunext.com\\\/wp-content\\\/uploads\\\/2020\\\/04\\\/cabecera_oea.jpg\",\"datePublished\":\"2024-04-08T09:33:56+00:00\",\"dateModified\":\"2024-04-09T15:27:24+00:00\",\"description\":\"Die CUNEXT GROUP hat sich auf die Verarbeitung von Kupfer und Aluminium in h\u00f6chster Qualit\u00e4t spezialisiert und setzt dabei auf kontinuierliche Innovation und Entwicklung.\",\"breadcrumb\":{\"@id\":\"https:\\\/\\\/cunext.com\\\/de\\\/zertifikate\\\/zugelassener-wirtschaftlicher-beteiligter\\\/#breadcrumb\"},\"inLanguage\":\"de\",\"potentialAction\":[{\"@type\":\"ReadAction\",\"target\":[\"https:\\\/\\\/cunext.com\\\/de\\\/zertifikate\\\/zugelassener-wirtschaftlicher-beteiligter\\\/\"]}]},{\"@type\":\"ImageObject\",\"inLanguage\":\"de\",\"@id\":\"https:\\\/\\\/cunext.com\\\/de\\\/zertifikate\\\/zugelassener-wirtschaftlicher-beteiligter\\\/#primaryimage\",\"url\":\"https:\\\/\\\/cunext.com\\\/wp-content\\\/uploads\\\/2020\\\/04\\\/cabecera_oea.jpg\",\"contentUrl\":\"https:\\\/\\\/cunext.com\\\/wp-content\\\/uploads\\\/2020\\\/04\\\/cabecera_oea.jpg\",\"width\":1600,\"height\":378},{\"@type\":\"BreadcrumbList\",\"@id\":\"https:\\\/\\\/cunext.com\\\/de\\\/zertifikate\\\/zugelassener-wirtschaftlicher-beteiligter\\\/#breadcrumb\",\"itemListElement\":[{\"@type\":\"ListItem\",\"position\":1,\"name\":\"Portada\",\"item\":\"https:\\\/\\\/cunext.com\\\/de\\\/\"},{\"@type\":\"ListItem\",\"position\":2,\"name\":\"Zertifikate\",\"item\":\"https:\\\/\\\/cunext.com\\\/de\\\/zertifikate\\\/\"},{\"@type\":\"ListItem\",\"position\":3,\"name\":\"Zugelassener Wirtschaftlicher Beteiligter\"}]},{\"@type\":\"WebSite\",\"@id\":\"https:\\\/\\\/cunext.com\\\/de\\\/#website\",\"url\":\"https:\\\/\\\/cunext.com\\\/de\\\/\",\"name\":\"Cunext\",\"description\":\"Transformaci\u00f3n de cobre y aluminio\",\"publisher\":{\"@id\":\"https:\\\/\\\/cunext.com\\\/de\\\/#organization\"},\"potentialAction\":[{\"@type\":\"SearchAction\",\"target\":{\"@type\":\"EntryPoint\",\"urlTemplate\":\"https:\\\/\\\/cunext.com\\\/de\\\/?s={search_term_string}\"},\"query-input\":{\"@type\":\"PropertyValueSpecification\",\"valueRequired\":true,\"valueName\":\"search_term_string\"}}],\"inLanguage\":\"de\"},{\"@type\":\"Organization\",\"@id\":\"https:\\\/\\\/cunext.com\\\/de\\\/#organization\",\"name\":\"Cunext Group\",\"url\":\"https:\\\/\\\/cunext.com\\\/de\\\/\",\"logo\":{\"@type\":\"ImageObject\",\"inLanguage\":\"de\",\"@id\":\"https:\\\/\\\/cunext.com\\\/de\\\/#\\\/schema\\\/logo\\\/image\\\/\",\"url\":\"https:\\\/\\\/cunext.com\\\/wp-content\\\/uploads\\\/2020\\\/04\\\/logo-cunext.png\",\"contentUrl\":\"https:\\\/\\\/cunext.com\\\/wp-content\\\/uploads\\\/2020\\\/04\\\/logo-cunext.png\",\"width\":229,\"height\":57,\"caption\":\"Cunext Group\"},\"image\":{\"@id\":\"https:\\\/\\\/cunext.com\\\/de\\\/#\\\/schema\\\/logo\\\/image\\\/\"},\"sameAs\":[\"https:\\\/\\\/www.linkedin.com\\\/company\\\/cunext-copper-industries-sl\\\/\"]}]}<\/script>\n<!-- \/ Yoast SEO plugin. -->","yoast_head_json":{"title":"Zugelassener Wirtschaftlicher Beteiligter - Cunext","description":"Die CUNEXT GROUP hat sich auf die Verarbeitung von Kupfer und Aluminium in h\u00f6chster Qualit\u00e4t spezialisiert und setzt dabei auf kontinuierliche Innovation und Entwicklung.","robots":{"index":"index","follow":"follow","max-snippet":"max-snippet:-1","max-image-preview":"max-image-preview:large","max-video-preview":"max-video-preview:-1"},"canonical":"https:\/\/cunext.com\/de\/zertifikate\/zugelassener-wirtschaftlicher-beteiligter\/","og_locale":"de_DE","og_type":"article","og_title":"Zugelassener Wirtschaftlicher Beteiligter - Cunext","og_description":"Die CUNEXT GROUP hat sich auf die Verarbeitung von Kupfer und Aluminium in h\u00f6chster Qualit\u00e4t spezialisiert und setzt dabei auf kontinuierliche Innovation und Entwicklung.","og_url":"https:\/\/cunext.com\/de\/zertifikate\/zugelassener-wirtschaftlicher-beteiligter\/","og_site_name":"Cunext","article_modified_time":"2024-04-09T15:27:24+00:00","og_image":[{"width":1600,"height":378,"url":"https:\/\/cunext.com\/wp-content\/uploads\/2020\/04\/cabecera_oea.jpg","type":"image\/jpeg"}],"twitter_card":"summary_large_image","twitter_misc":{"Gesch\u00e4tzte Lesezeit":"1\u00a0Minute"},"schema":{"@context":"https:\/\/schema.org","@graph":[{"@type":"WebPage","@id":"https:\/\/cunext.com\/de\/zertifikate\/zugelassener-wirtschaftlicher-beteiligter\/","url":"https:\/\/cunext.com\/de\/zertifikate\/zugelassener-wirtschaftlicher-beteiligter\/","name":"Zugelassener Wirtschaftlicher Beteiligter - Cunext","isPartOf":{"@id":"https:\/\/cunext.com\/de\/#website"},"primaryImageOfPage":{"@id":"https:\/\/cunext.com\/de\/zertifikate\/zugelassener-wirtschaftlicher-beteiligter\/#primaryimage"},"image":{"@id":"https:\/\/cunext.com\/de\/zertifikate\/zugelassener-wirtschaftlicher-beteiligter\/#primaryimage"},"thumbnailUrl":"https:\/\/cunext.com\/wp-content\/uploads\/2020\/04\/cabecera_oea.jpg","datePublished":"2024-04-08T09:33:56+00:00","dateModified":"2024-04-09T15:27:24+00:00","description":"Die CUNEXT GROUP hat sich auf die Verarbeitung von Kupfer und Aluminium in h\u00f6chster Qualit\u00e4t spezialisiert und setzt dabei auf kontinuierliche Innovation und Entwicklung.","breadcrumb":{"@id":"https:\/\/cunext.com\/de\/zertifikate\/zugelassener-wirtschaftlicher-beteiligter\/#breadcrumb"},"inLanguage":"de","potentialAction":[{"@type":"ReadAction","target":["https:\/\/cunext.com\/de\/zertifikate\/zugelassener-wirtschaftlicher-beteiligter\/"]}]},{"@type":"ImageObject","inLanguage":"de","@id":"https:\/\/cunext.com\/de\/zertifikate\/zugelassener-wirtschaftlicher-beteiligter\/#primaryimage","url":"https:\/\/cunext.com\/wp-content\/uploads\/2020\/04\/cabecera_oea.jpg","contentUrl":"https:\/\/cunext.com\/wp-content\/uploads\/2020\/04\/cabecera_oea.jpg","width":1600,"height":378},{"@type":"BreadcrumbList","@id":"https:\/\/cunext.com\/de\/zertifikate\/zugelassener-wirtschaftlicher-beteiligter\/#breadcrumb","itemListElement":[{"@type":"ListItem","position":1,"name":"Portada","item":"https:\/\/cunext.com\/de\/"},{"@type":"ListItem","position":2,"name":"Zertifikate","item":"https:\/\/cunext.com\/de\/zertifikate\/"},{"@type":"ListItem","position":3,"name":"Zugelassener Wirtschaftlicher Beteiligter"}]},{"@type":"WebSite","@id":"https:\/\/cunext.com\/de\/#website","url":"https:\/\/cunext.com\/de\/","name":"Cunext","description":"Transformaci\u00f3n de cobre y aluminio","publisher":{"@id":"https:\/\/cunext.com\/de\/#organization"},"potentialAction":[{"@type":"SearchAction","target":{"@type":"EntryPoint","urlTemplate":"https:\/\/cunext.com\/de\/?s={search_term_string}"},"query-input":{"@type":"PropertyValueSpecification","valueRequired":true,"valueName":"search_term_string"}}],"inLanguage":"de"},{"@type":"Organization","@id":"https:\/\/cunext.com\/de\/#organization","name":"Cunext Group","url":"https:\/\/cunext.com\/de\/","logo":{"@type":"ImageObject","inLanguage":"de","@id":"https:\/\/cunext.com\/de\/#\/schema\/logo\/image\/","url":"https:\/\/cunext.com\/wp-content\/uploads\/2020\/04\/logo-cunext.png","contentUrl":"https:\/\/cunext.com\/wp-content\/uploads\/2020\/04\/logo-cunext.png","width":229,"height":57,"caption":"Cunext Group"},"image":{"@id":"https:\/\/cunext.com\/de\/#\/schema\/logo\/image\/"},"sameAs":["https:\/\/www.linkedin.com\/company\/cunext-copper-industries-sl\/"]}]}},"_links":{"self":[{"href":"https:\/\/cunext.com\/de\/wp-json\/wp\/v2\/pages\/4521","targetHints":{"allow":["GET"]}}],"collection":[{"href":"https:\/\/cunext.com\/de\/wp-json\/wp\/v2\/pages"}],"about":[{"href":"https:\/\/cunext.com\/de\/wp-json\/wp\/v2\/types\/page"}],"author":[{"embeddable":true,"href":"https:\/\/cunext.com\/de\/wp-json\/wp\/v2\/users\/6"}],"replies":[{"embeddable":true,"href":"https:\/\/cunext.com\/de\/wp-json\/wp\/v2\/comments?post=4521"}],"version-history":[{"count":2,"href":"https:\/\/cunext.com\/de\/wp-json\/wp\/v2\/pages\/4521\/revisions"}],"predecessor-version":[{"id":4733,"href":"https:\/\/cunext.com\/de\/wp-json\/wp\/v2\/pages\/4521\/revisions\/4733"}],"up":[{"embeddable":true,"href":"https:\/\/cunext.com\/de\/wp-json\/wp\/v2\/pages\/4628"}],"wp:featuredmedia":[{"embeddable":true,"href":"https:\/\/cunext.com\/de\/wp-json\/wp\/v2\/media\/4523"}],"wp:attachment":[{"href":"https:\/\/cunext.com\/de\/wp-json\/wp\/v2\/media?parent=4521"}],"curies":[{"name":"wp","href":"https:\/\/api.w.org\/{rel}","templated":true}]}}